{"id":1124775,"date":"2017-11-18T00:00:00","date_gmt":"2017-11-17T23:00:00","guid":{"rendered":"https:\/\/www.foodie.nl\/winkelmand\/"},"modified":"2025-04-14T17:32:11","modified_gmt":"2025-04-14T15:32:11","slug":"cart","status":"publish","type":"page","link":"https:\/\/www.foodie.nl\/fr\/cart\/","title":{"rendered":"Votre Panier"},"content":{"rendered":"<div class=\"gb-container gb-container-d6d5261e\">\n\n\n<\/div>\n\n<div class=\"gb-container gb-container-a9eb8a88 px-fd-checkout-guarantee-box\">\n<div class=\"gb-container gb-container-2b71f4ac gb-container-full-width-container\">\n<div class=\"gb-container gb-container-3ce5fc8f gb-container-full-width-container-content\">\n<div class=\"gb-container gb-container-cc3e90b5\">\n<div class=\"gb-container gb-container-e273b56e\">\n<div class=\"gb-container gb-container-f317b678\">\n\n<h3 class=\"wp-block-heading\">Pourquoi commander chez Foodie ?<\/h3>\n\n\n\n<p class=\"gb-headline gb-headline-5c3448b9 gb-headline-text\"><strong>Garantie de remboursement \u00e0 100%<\/strong><br>Si vous n&rsquo;\u00eates pas satisfait d&rsquo;un produit ou de ses performances dans les 60 jours, nous vous rembourserons int\u00e9gralement, m\u00eame si le compl\u00e9ment a d\u00e9j\u00e0 \u00e9t\u00e9 utilis\u00e9.<br><br><strong>81 496+ commandes envoy\u00e9es<\/strong><br>Nous avons autant de clients satisfaits que de commandes exp\u00e9di\u00e9es. Faites-en l&rsquo;exp\u00e9rience en passant votre commande. <\/p>\n\n<\/div>\n\n<div class=\"gb-container gb-container-3bef51b7\">\n\n<figure class=\"gb-block-image gb-block-image-2083c662\"><img decoding=\"async\" class=\"gb-image gb-image-2083c662\" src=\"https:\/\/www.foodie.nl\/app\/uploads\/2018\/09\/badges2.png\"\/><\/figure>\n\n\n\n<figure class=\"gb-block-image gb-block-image-5b442399\"><img decoding=\"async\" width=\"410\" height=\"113\" class=\"gb-image gb-image-5b442399\" src=\"https:\/\/www.foodie.nl\/app\/uploads\/Screenshot-2020-12-09-at-17.16.19.png\" alt=\"\" title=\"betalingsmethoden\" srcset=\"https:\/\/www.foodie.nl\/app\/uploads\/Screenshot-2020-12-09-at-17.16.19.png 410w, https:\/\/www.foodie.nl\/app\/uploads\/Screenshot-2020-12-09-at-17.16.19-300x83.png 300w\" sizes=\"(max-width: 410px) 100vw, 410px\" \/><\/figure>\n\n<\/div>\n<\/div>\n\n<div class=\"gb-container gb-container-9cc6160a\">\n\n<!-- TrustBox widget - Micro Star -->\n<div class=\"trustpilot-widget\" data-locale=\"fr-FR\" data-template-id=\"5419b732fbfb950b10de65e5\" data-businessunit-id=\"56cc304a0000ff000589475d\" data-style-height=\"24px\" data-style-width=\"100%\" data-theme=\"light\">\n  <a href=\"https:\/\/nl.trustpilot.com\/review\/foodie.nl\" target=\"_blank\" rel=\"noopener\">Trustpilot<\/a>\n<\/div>\n<!-- End TrustBox widget -->\n\n<\/div>\n<\/div>\n<\/div>\n<\/div>\n<\/div>","protected":false},"excerpt":{"rendered":"","protected":false},"author":1,"featured_media":0,"parent":0,"menu_order":0,"comment_status":"closed","ping_status":"open","template":"","meta":{"_acf_changed":false,"om_disable_all_campaigns":false,"footnotes":""},"class_list":["post-1124775","page","type-page","status-publish"],"acf":[],"yoast_head":"<!-- This site is optimized with the Yoast SEO plugin v27.4 - https:\/\/yoast.com\/product\/yoast-seo-wordpress\/ -->\n<title>Votre Panier - Foodie<\/title>\n<meta name=\"robots\" content=\"index, follow, max-snippet:-1, max-image-preview:large, max-video-preview:-1\" \/>\n<link rel=\"canonical\" href=\"https:\/\/www.foodie.nl\/fr\/cart\/\" \/>\n<meta property=\"og:locale\" content=\"fr_FR\" \/>\n<meta property=\"og:type\" content=\"article\" \/>\n<meta property=\"og:title\" content=\"Votre Panier - Foodie\" \/>\n<meta property=\"og:url\" content=\"https:\/\/www.foodie.nl\/fr\/cart\/\" \/>\n<meta property=\"og:site_name\" content=\"Foodie\" \/>\n<meta property=\"article:modified_time\" content=\"2025-04-14T15:32:11+00:00\" \/>\n<meta name=\"twitter:card\" content=\"summary_large_image\" \/>\n<meta name=\"twitter:label1\" content=\"Dur\u00e9e de lecture estim\u00e9e\" \/>\n\t<meta name=\"twitter:data1\" content=\"1 minute\" \/>\n<script type=\"application\/ld+json\" class=\"yoast-schema-graph\">{\"@context\":\"https:\\\/\\\/schema.org\",\"@graph\":[{\"@type\":\"WebPage\",\"@id\":\"https:\\\/\\\/www.foodie.nl\\\/fr\\\/cart\\\/\",\"url\":\"https:\\\/\\\/www.foodie.nl\\\/fr\\\/cart\\\/\",\"name\":\"Votre Panier - Foodie\",\"isPartOf\":{\"@id\":\"https:\\\/\\\/www.foodie.nl\\\/fr\\\/#website\"},\"datePublished\":\"2017-11-17T23:00:00+00:00\",\"dateModified\":\"2025-04-14T15:32:11+00:00\",\"breadcrumb\":{\"@id\":\"https:\\\/\\\/www.foodie.nl\\\/fr\\\/cart\\\/#breadcrumb\"},\"inLanguage\":\"fr-FR\",\"potentialAction\":[{\"@type\":\"ReadAction\",\"target\":[\"https:\\\/\\\/www.foodie.nl\\\/fr\\\/cart\\\/\"]}]},{\"@type\":\"BreadcrumbList\",\"@id\":\"https:\\\/\\\/www.foodie.nl\\\/fr\\\/cart\\\/#breadcrumb\",\"itemListElement\":[{\"@type\":\"ListItem\",\"position\":1,\"name\":\"Home\",\"item\":\"https:\\\/\\\/www.foodie.nl\\\/fr\\\/\"},{\"@type\":\"ListItem\",\"position\":2,\"name\":\"Votre Panier\"}]},{\"@type\":\"WebSite\",\"@id\":\"https:\\\/\\\/www.foodie.nl\\\/fr\\\/#website\",\"url\":\"https:\\\/\\\/www.foodie.nl\\\/fr\\\/\",\"name\":\"Foodie\",\"description\":\"Elke Hap Telt\",\"publisher\":{\"@id\":\"https:\\\/\\\/www.foodie.nl\\\/fr\\\/#organization\"},\"potentialAction\":[{\"@type\":\"SearchAction\",\"target\":{\"@type\":\"EntryPoint\",\"urlTemplate\":\"https:\\\/\\\/www.foodie.nl\\\/fr\\\/?s={search_term_string}\"},\"query-input\":{\"@type\":\"PropertyValueSpecification\",\"valueRequired\":true,\"valueName\":\"search_term_string\"}}],\"inLanguage\":\"fr-FR\"},{\"@type\":\"Organization\",\"@id\":\"https:\\\/\\\/www.foodie.nl\\\/fr\\\/#organization\",\"name\":\"Foodie\",\"url\":\"https:\\\/\\\/www.foodie.nl\\\/fr\\\/\",\"logo\":{\"@type\":\"ImageObject\",\"inLanguage\":\"fr-FR\",\"@id\":\"https:\\\/\\\/www.foodie.nl\\\/fr\\\/#\\\/schema\\\/logo\\\/image\\\/\",\"url\":\"https:\\\/\\\/www.foodie.nl\\\/app\\\/uploads\\\/2025\\\/01\\\/logo-foodie-wide@2x.png\",\"contentUrl\":\"https:\\\/\\\/www.foodie.nl\\\/app\\\/uploads\\\/2025\\\/01\\\/logo-foodie-wide@2x.png\",\"width\":236,\"height\":128,\"caption\":\"Foodie\"},\"image\":{\"@id\":\"https:\\\/\\\/www.foodie.nl\\\/fr\\\/#\\\/schema\\\/logo\\\/image\\\/\"}}]}<\/script>\n<!-- \/ Yoast SEO plugin. -->","yoast_head_json":{"title":"Votre Panier - Foodie","robots":{"index":"index","follow":"follow","max-snippet":"max-snippet:-1","max-image-preview":"max-image-preview:large","max-video-preview":"max-video-preview:-1"},"canonical":"https:\/\/www.foodie.nl\/fr\/cart\/","og_locale":"fr_FR","og_type":"article","og_title":"Votre Panier - Foodie","og_url":"https:\/\/www.foodie.nl\/fr\/cart\/","og_site_name":"Foodie","article_modified_time":"2025-04-14T15:32:11+00:00","twitter_card":"summary_large_image","twitter_misc":{"Dur\u00e9e de lecture estim\u00e9e":"1 minute"},"schema":{"@context":"https:\/\/schema.org","@graph":[{"@type":"WebPage","@id":"https:\/\/www.foodie.nl\/fr\/cart\/","url":"https:\/\/www.foodie.nl\/fr\/cart\/","name":"Votre Panier - Foodie","isPartOf":{"@id":"https:\/\/www.foodie.nl\/fr\/#website"},"datePublished":"2017-11-17T23:00:00+00:00","dateModified":"2025-04-14T15:32:11+00:00","breadcrumb":{"@id":"https:\/\/www.foodie.nl\/fr\/cart\/#breadcrumb"},"inLanguage":"fr-FR","potentialAction":[{"@type":"ReadAction","target":["https:\/\/www.foodie.nl\/fr\/cart\/"]}]},{"@type":"BreadcrumbList","@id":"https:\/\/www.foodie.nl\/fr\/cart\/#breadcrumb","itemListElement":[{"@type":"ListItem","position":1,"name":"Home","item":"https:\/\/www.foodie.nl\/fr\/"},{"@type":"ListItem","position":2,"name":"Votre Panier"}]},{"@type":"WebSite","@id":"https:\/\/www.foodie.nl\/fr\/#website","url":"https:\/\/www.foodie.nl\/fr\/","name":"Foodie","description":"Elke Hap Telt","publisher":{"@id":"https:\/\/www.foodie.nl\/fr\/#organization"},"potentialAction":[{"@type":"SearchAction","target":{"@type":"EntryPoint","urlTemplate":"https:\/\/www.foodie.nl\/fr\/?s={search_term_string}"},"query-input":{"@type":"PropertyValueSpecification","valueRequired":true,"valueName":"search_term_string"}}],"inLanguage":"fr-FR"},{"@type":"Organization","@id":"https:\/\/www.foodie.nl\/fr\/#organization","name":"Foodie","url":"https:\/\/www.foodie.nl\/fr\/","logo":{"@type":"ImageObject","inLanguage":"fr-FR","@id":"https:\/\/www.foodie.nl\/fr\/#\/schema\/logo\/image\/","url":"https:\/\/www.foodie.nl\/app\/uploads\/2025\/01\/logo-foodie-wide@2x.png","contentUrl":"https:\/\/www.foodie.nl\/app\/uploads\/2025\/01\/logo-foodie-wide@2x.png","width":236,"height":128,"caption":"Foodie"},"image":{"@id":"https:\/\/www.foodie.nl\/fr\/#\/schema\/logo\/image\/"}}]}},"_links":{"self":[{"href":"https:\/\/www.foodie.nl\/fr\/wp-json\/wp\/v2\/pages\/1124775","targetHints":{"allow":["GET"]}}],"collection":[{"href":"https:\/\/www.foodie.nl\/fr\/wp-json\/wp\/v2\/pages"}],"about":[{"href":"https:\/\/www.foodie.nl\/fr\/wp-json\/wp\/v2\/types\/page"}],"author":[{"embeddable":true,"href":"https:\/\/www.foodie.nl\/fr\/wp-json\/wp\/v2\/users\/1"}],"replies":[{"embeddable":true,"href":"https:\/\/www.foodie.nl\/fr\/wp-json\/wp\/v2\/comments?post=1124775"}],"version-history":[{"count":2,"href":"https:\/\/www.foodie.nl\/fr\/wp-json\/wp\/v2\/pages\/1124775\/revisions"}],"predecessor-version":[{"id":1148457,"href":"https:\/\/www.foodie.nl\/fr\/wp-json\/wp\/v2\/pages\/1124775\/revisions\/1148457"}],"wp:attachment":[{"href":"https:\/\/www.foodie.nl\/fr\/wp-json\/wp\/v2\/media?parent=1124775"}],"curies":[{"name":"wp","href":"https:\/\/api.w.org\/{rel}","templated":true}]}}