{"id":1130245,"date":"2023-01-17T16:51:15","date_gmt":"2023-01-17T15:51:15","guid":{"rendered":"https:\/\/www.foodie.nl\/coeur-et-vaisseaux-sanguins\/"},"modified":"2025-08-22T16:29:30","modified_gmt":"2025-08-22T14:29:30","slug":"coeur-et-vaisseaux-sanguins","status":"publish","type":"page","link":"https:\/\/www.foodie.nl\/fr\/besoins-de-sante\/coeur-et-vaisseaux-sanguins\/","title":{"rendered":"Coeur et vaisseaux sanguins"},"content":{"rendered":"<div class=\"gb-container gb-container-79645e14 px-fd-container-position\">\n<div class=\"gb-container gb-container-c41ca6f4 px-fd-image-position\"><\/div>\n\n<div class=\"gb-container gb-container-3acdfa3b\">\n<div class=\"gb-container gb-container-aeab2b04 gb-container-full-width-container-content\">\n<div class=\"gb-container gb-container-73215247\">\n\n<h2 class=\"gb-headline gb-headline-a85e246e gb-headline-text\">C\u0153ur et vaisseaux sanguins<\/h2>\n\n\n\n<p class=\"has-medium-font-size\" style=\"font-style:normal;font-weight:600\">Les maladies cardiovasculaires font partie des affections les plus courantes en Europe. Prendre soin de son c\u0153ur et de ses vaisseaux sanguins n&rsquo;est donc pas un luxe superflu.<\/p>\n\n\n\n<p style=\"font-style:normal;font-weight:500\">Il existe plusieurs fa\u00e7ons de soutenir la sant\u00e9 cardiovasculaire. Vous pouvez le faire en vous abstenant de manger ou en consommant certains aliments. Il est \u00e9galement extr\u00eamement important de rester en mouvement.  <\/p>\n\n\n\n<p style=\"font-style:normal;font-weight:500\">Un c\u0153ur mis \u00e0 contribution lors d&rsquo;une activit\u00e9 physique est logiquement plus fort. L&rsquo;activit\u00e9 physique s&rsquo;est \u00e9galement r\u00e9v\u00e9l\u00e9e b\u00e9n\u00e9fique pour la tension art\u00e9rielle. <\/p>\n\n<\/div>\n<\/div>\n<\/div>\n<\/div>\n\n<div class=\"gb-container gb-container-e723cd3e gb-container-full-width-container\">\n<div class=\"gb-container gb-container-1fe60ec5 gb-container-full-width-container-content\">\n<div class=\"gb-container gb-container-87498b45\">\n\n<figure class=\"gb-block-image gb-block-image-5cc0f1b7\"><img decoding=\"async\" width=\"150\" height=\"150\" class=\"gb-image gb-image-5cc0f1b7\" src=\"https:\/\/www.foodie.nl\/app\/uploads\/\/Hart-en-bloedvaten-150x150.png\" alt=\"\" title=\"Coeur et vaisseaux sanguins\" srcset=\"https:\/\/www.foodie.nl\/app\/uploads\/Hart-en-bloedvaten-150x150.png 150w, https:\/\/www.foodie.nl\/app\/uploads\/Hart-en-bloedvaten.png 300w, https:\/\/www.foodie.nl\/app\/uploads\/Hart-en-bloedvaten-100x100.png 100w\" sizes=\"(max-width: 150px) 100vw, 150px\" \/><\/figure>\n\n<\/div>\n\n<div class=\"gb-container gb-container-ab06424e\">\n\n<h1 class=\"wp-block-heading has-text-align-center\"><br>Suppl\u00e9ments pour votre c\u0153ur et <br>vos vaisseaux sanguins<\/h1>\n\n<\/div>\n<\/div>\n<\/div>\n\n<div class=\"gb-container gb-container-f492e1af gb-container-full-width-container\">\n<div class=\"gb-container gb-container-a73c4d4b gb-container-full-width-container-content\"><\/div>\n<\/div>\n\n<div class=\"gb-container gb-container-10408376 gb-container-full-width-container\">\n<div class=\"gb-container gb-container-ca396bed gb-container-full-width-container-content\">\n<div class=\"gb-grid-wrapper gb-grid-wrapper-4b8f4847\">\n<div class=\"gb-grid-column gb-grid-column-eec578d7\"><div class=\"gb-container gb-container-eec578d7\">\n<div class=\"gb-container gb-container-10136db5 px-fd-single-product-transition\"><a class=\"gb-container-link\" href=\"https:\/\/www.foodie.nl\/fr\/product-categorie\/vitamine-k2-boost\/\"><\/a>\n\n<figure class=\"gb-block-image gb-block-image-8b4cde15\"><img decoding=\"async\" width=\"2400\" height=\"2400\" class=\"gb-image gb-image-8b4cde15\" src=\"https:\/\/www.foodie.nl\/app\/uploads\/2025\/07\/Vitamine-K2-Boost-1-pack.png\" alt=\"\" title=\"Vitamine K2 Boost 1-pack\" srcset=\"https:\/\/www.foodie.nl\/app\/uploads\/2025\/07\/Vitamine-K2-Boost-1-pack.png 2400w, https:\/\/www.foodie.nl\/app\/uploads\/2025\/07\/Vitamine-K2-Boost-1-pack-300x300.png 300w, https:\/\/www.foodie.nl\/app\/uploads\/2025\/07\/Vitamine-K2-Boost-1-pack-1024x1024.png 1024w, https:\/\/www.foodie.nl\/app\/uploads\/2025\/07\/Vitamine-K2-Boost-1-pack-150x150.png 150w, https:\/\/www.foodie.nl\/app\/uploads\/2025\/07\/Vitamine-K2-Boost-1-pack-768x768.png 768w, https:\/\/www.foodie.nl\/app\/uploads\/2025\/07\/Vitamine-K2-Boost-1-pack-1536x1536.png 1536w, https:\/\/www.foodie.nl\/app\/uploads\/2025\/07\/Vitamine-K2-Boost-1-pack-2048x2048.png 2048w, https:\/\/www.foodie.nl\/app\/uploads\/2025\/07\/Vitamine-K2-Boost-1-pack-510x510.png 510w, https:\/\/www.foodie.nl\/app\/uploads\/2025\/07\/Vitamine-K2-Boost-1-pack-100x100.png 100w\" sizes=\"(max-width: 2400px) 100vw, 2400px\" \/><\/figure>\n\n<\/div>\n\n<div class=\"gb-container gb-container-04231e21\">\n\n<h3 class=\"gb-headline gb-headline-8dd6dd62 gb-headline-text\">Vitamine K2 Boost<\/h3>\n\n\n\n<p>Vitamine K2 Boost contient la forme la mieux absorb\u00e9e de la vitamine K2 (MK-7).<\/p>\n\n\n\n<p>Il contribue donc \u00e0 la coagulation du sang et veille \u00e9galement \u00e0 ce que le calcium parvienne aux bons endroits dans l&rsquo;organisme. Il contribue \u00e0 la min\u00e9ralisation du calcium dans les os plut\u00f4t que dans les tissus mous, tels que les vaisseaux sanguins. <\/p>\n\n\n\n<p>Vitamin K2 Boost contient \u00e9galement de l&rsquo;extrait de luzerne(alfalfa), qui a un effet vitalisant. Il contribue en outre \u00e0 la sant\u00e9 de la peau et des cheveux*.<\/p>\n\n\n\n<a class=\"gb-button gb-button-e9d266ff gb-button-primary-button\" href=\"https:\/\/www.foodie.nl\/fr\/product-categorie\/vitamine-k2-boost\/\"><span class=\"gb-button-text\">Plus d&rsquo;informations<\/span><span class=\"gb-icon\"><svg xmlns=\"http:\/\/www.w3.org\/2000\/svg\" viewBox=\"0 0 512 512\" height=\"1em\"><path d=\"M505 273c9.4-9.4 9.4-24.6 0-33.9L369 103c-9.4-9.4-24.6-9.4-33.9 0s-9.4 24.6 0 33.9l95 95L24 232c-13.3 0-24 10.7-24 24s10.7 24 24 24l406.1 0-95 95c-9.4 9.4-9.4 24.6 0 33.9s24.6 9.4 33.9 0L505 273z\"><\/path><\/svg><\/span><\/a>\n\n<\/div>\n<\/div><\/div>\n\n<div class=\"gb-grid-column gb-grid-column-f83f5e9b\"><div class=\"gb-container gb-container-f83f5e9b\">\n<div class=\"gb-container gb-container-8618e61f px-fd-single-product-transition\"><a class=\"gb-container-link\" href=\"https:\/\/www.foodie.nl\/fr\/product-categorie\/vitamine-c-boost\/\"><\/a>\n\n<figure class=\"gb-block-image gb-block-image-dd3c4714\"><img decoding=\"async\" width=\"800\" height=\"800\" class=\"gb-image gb-image-dd3c4714\" src=\"https:\/\/www.foodie.nl\/app\/uploads\/2024\/09\/Franse-producten-22.png\" alt=\"\" title=\"Franse producten (22)\" srcset=\"https:\/\/www.foodie.nl\/app\/uploads\/2024\/09\/Franse-producten-22.png 800w, https:\/\/www.foodie.nl\/app\/uploads\/2024\/09\/Franse-producten-22-300x300.png 300w, https:\/\/www.foodie.nl\/app\/uploads\/2024\/09\/Franse-producten-22-150x150.png 150w, https:\/\/www.foodie.nl\/app\/uploads\/2024\/09\/Franse-producten-22-768x768.png 768w, https:\/\/www.foodie.nl\/app\/uploads\/2024\/09\/Franse-producten-22-510x510.png 510w, https:\/\/www.foodie.nl\/app\/uploads\/2024\/09\/Franse-producten-22-100x100.png 100w\" sizes=\"(max-width: 800px) 100vw, 800px\" \/><\/figure>\n\n<\/div>\n\n<div class=\"gb-container gb-container-ae57d153\">\n\n<h3 class=\"gb-headline gb-headline-0189c4b1 gb-headline-text\">Vitamine C Boost<\/h3>\n\n\n\n<p>La vitamine C est une vitamine essentielle \u00e0 la production de collag\u00e8ne.<\/p>\n\n\n\n<p>Le collag\u00e8ne est la prot\u00e9ine de votre corps qui donne de la force aux tissus. Et donc aussi vos vaisseaux sanguins. <\/p>\n\n\n\n<p>En outre, en tant qu&rsquo;antioxydant, la vitamine C prot\u00e8ge les cellules de votre corps contre les influences ext\u00e9rieures n\u00e9fastes.<\/p>\n\n\n\n<p>Vitamine C Boost contient la forme brevet\u00e9e PureWay-C\u2122.<\/p>\n\n\n\n<a class=\"gb-button gb-button-89a69b65 gb-button-primary-button\" href=\"https:\/\/www.foodie.nl\/fr\/product-categorie\/vitamine-c-boost\/\"><span class=\"gb-button-text\">Plus d&rsquo;informations<\/span><span class=\"gb-icon\"><svg xmlns=\"http:\/\/www.w3.org\/2000\/svg\" viewBox=\"0 0 512 512\" height=\"1em\"><path d=\"M505 273c9.4-9.4 9.4-24.6 0-33.9L369 103c-9.4-9.4-24.6-9.4-33.9 0s-9.4 24.6 0 33.9l95 95L24 232c-13.3 0-24 10.7-24 24s10.7 24 24 24l406.1 0-95 95c-9.4 9.4-9.4 24.6 0 33.9s24.6 9.4 33.9 0L505 273z\"><\/path><\/svg><\/span><\/a>\n\n<\/div>\n<\/div><\/div>\n\n<div class=\"gb-grid-column gb-grid-column-4196c9ea\"><div class=\"gb-container gb-container-4196c9ea\">\n<div class=\"gb-container gb-container-20f3af07 px-fd-single-product-transition\"><a class=\"gb-container-link\" href=\"https:\/\/www.foodie.nl\/fr\/product-categorie\/100-pure-krill-oil\/\"><\/a>\n\n<figure class=\"gb-block-image gb-block-image-76807ea8\"><img decoding=\"async\" width=\"2400\" height=\"2400\" class=\"gb-image gb-image-76807ea8\" src=\"https:\/\/www.foodie.nl\/app\/uploads\/2025\/07\/100-Pure-Krill-Oil-1-pack.png\" alt=\"\" title=\"100% Pure Krill Oil 1-pack\" srcset=\"https:\/\/www.foodie.nl\/app\/uploads\/2025\/07\/100-Pure-Krill-Oil-1-pack.png 2400w, https:\/\/www.foodie.nl\/app\/uploads\/2025\/07\/100-Pure-Krill-Oil-1-pack-300x300.png 300w, https:\/\/www.foodie.nl\/app\/uploads\/2025\/07\/100-Pure-Krill-Oil-1-pack-1024x1024.png 1024w, https:\/\/www.foodie.nl\/app\/uploads\/2025\/07\/100-Pure-Krill-Oil-1-pack-150x150.png 150w, https:\/\/www.foodie.nl\/app\/uploads\/2025\/07\/100-Pure-Krill-Oil-1-pack-768x768.png 768w, https:\/\/www.foodie.nl\/app\/uploads\/2025\/07\/100-Pure-Krill-Oil-1-pack-1536x1536.png 1536w, https:\/\/www.foodie.nl\/app\/uploads\/2025\/07\/100-Pure-Krill-Oil-1-pack-2048x2048.png 2048w, https:\/\/www.foodie.nl\/app\/uploads\/2025\/07\/100-Pure-Krill-Oil-1-pack-510x510.png 510w, https:\/\/www.foodie.nl\/app\/uploads\/2025\/07\/100-Pure-Krill-Oil-1-pack-100x100.png 100w\" sizes=\"(max-width: 2400px) 100vw, 2400px\" \/><\/figure>\n\n<\/div>\n\n<div class=\"gb-container gb-container-74e7b28b\">\n\n<h3 class=\"gb-headline gb-headline-a77e0d89 gb-headline-text\">100% Pure Krill Oil<\/h3>\n\n\n\n<p>Les acides gras om\u00e9ga-3 contenus dans le 100% Pure Krill Oil sont bons pour le c\u0153ur et contribuent de mani\u00e8re b\u00e9n\u00e9fique \u00e0 la fonction cardiaque.<\/p>\n\n\n\n<p>L&rsquo;huile de krill vous apporte ces acides gras qui constituent les \u00e9l\u00e9ments de base du cerveau et garantissent la sant\u00e9 c\u00e9r\u00e9brale**.<\/p>\n\n\n\n<p>L&rsquo;huile de krill contient \u00e9galement de la choline, qui est importante pour la sant\u00e9 du foie.<\/p>\n\n\n\n<a class=\"gb-button gb-button-60ad32e4 gb-button-primary-button\" href=\"https:\/\/www.foodie.nl\/fr\/product-categorie\/100-pure-krill-oil\/\"><span class=\"gb-button-text\">Plus d&rsquo;informations<\/span><span class=\"gb-icon\"><svg xmlns=\"http:\/\/www.w3.org\/2000\/svg\" viewBox=\"0 0 512 512\" height=\"1em\"><path d=\"M505 273c9.4-9.4 9.4-24.6 0-33.9L369 103c-9.4-9.4-24.6-9.4-33.9 0s-9.4 24.6 0 33.9l95 95L24 232c-13.3 0-24 10.7-24 24s10.7 24 24 24l406.1 0-95 95c-9.4 9.4-9.4 24.6 0 33.9s24.6 9.4 33.9 0L505 273z\"><\/path><\/svg><\/span><\/a>\n\n<\/div>\n<\/div><\/div>\n\n<div class=\"gb-grid-column gb-grid-column-cb12a7aa\"><div class=\"gb-container gb-container-cb12a7aa\">\n<div class=\"gb-container gb-container-fbe8ffcc px-fd-single-product-transition\"><a class=\"gb-container-link\" href=\"https:\/\/www.foodie.nl\/fr\/product-categorie\/curcuma-boost\/\"><\/a>\n\n<figure class=\"gb-block-image gb-block-image-22d20438\"><img decoding=\"async\" width=\"800\" height=\"800\" class=\"gb-image gb-image-22d20438\" src=\"https:\/\/www.foodie.nl\/app\/uploads\/2024\/09\/Franse-producten-14.png\" alt=\"\" title=\"Franse producten (14)\" srcset=\"https:\/\/www.foodie.nl\/app\/uploads\/2024\/09\/Franse-producten-14.png 800w, https:\/\/www.foodie.nl\/app\/uploads\/2024\/09\/Franse-producten-14-300x300.png 300w, https:\/\/www.foodie.nl\/app\/uploads\/2024\/09\/Franse-producten-14-150x150.png 150w, https:\/\/www.foodie.nl\/app\/uploads\/2024\/09\/Franse-producten-14-768x768.png 768w, https:\/\/www.foodie.nl\/app\/uploads\/2024\/09\/Franse-producten-14-510x510.png 510w, https:\/\/www.foodie.nl\/app\/uploads\/2024\/09\/Franse-producten-14-100x100.png 100w\" sizes=\"(max-width: 800px) 100vw, 800px\" \/><\/figure>\n\n<\/div>\n\n<div class=\"gb-container gb-container-1dd27984\">\n\n<h3 class=\"gb-headline gb-headline-b304bbe7 gb-headline-text\">Curcuma Boost<\/h3>\n\n\n\n<p>Le curcuma est utilis\u00e9 dans la m\u00e9decine ayurv\u00e9dique depuis des si\u00e8cles pour diverses applications.<\/p>\n\n\n\n<p>L&rsquo;herbe est un antioxydant bon pour le c\u0153ur et les vaisseaux sanguins*.<\/p>\n\n\n\n<p>La formule Curcuma Boost contient de l&rsquo;extrait de gingembre en plus du curcuma, qui est \u00e9galement un antioxydant. Il est \u00e9galement bon pour la sant\u00e9 cardiovasculaire.<\/p>\n\n\n\n<p>Curcuma Boost contient aussi la Bioperine\u00ae brevet\u00e9e qui garantit que l&rsquo;extrait de curcuma est mieux absorb\u00e9 par l&rsquo;organisme.<\/p>\n\n\n\n<a class=\"gb-button gb-button-5badafdd gb-button-primary-button\" href=\"https:\/\/www.foodie.nl\/fr\/product-categorie\/curcuma-boost\/\"><span class=\"gb-button-text\">Plus d&rsquo;informations<\/span><span class=\"gb-icon\"><svg xmlns=\"http:\/\/www.w3.org\/2000\/svg\" viewBox=\"0 0 512 512\" height=\"1em\"><path d=\"M505 273c9.4-9.4 9.4-24.6 0-33.9L369 103c-9.4-9.4-24.6-9.4-33.9 0s-9.4 24.6 0 33.9l95 95L24 232c-13.3 0-24 10.7-24 24s10.7 24 24 24l406.1 0-95 95c-9.4 9.4-9.4 24.6 0 33.9s24.6 9.4 33.9 0L505 273z\"><\/path><\/svg><\/span><\/a>\n\n<\/div>\n<\/div><\/div>\n<\/div>\n<\/div>\n<\/div>\n\n<div class=\"gb-container gb-container-1783cbf2 gb-container-full-width-container\">\n<div class=\"gb-container gb-container-8735f7b5 gb-container-full-width-container-content\">\n\n<p class=\"has-text-align-center has-small-font-size\"><em>*Ces all\u00e9gations de sant\u00e9, fond\u00e9es sur des ingr\u00e9dients v\u00e9g\u00e9taux, sont actuellement examin\u00e9es par l&rsquo;EFSA.<\/em><br><em><em>**Cet effet b\u00e9n\u00e9fique est obtenu avec un apport quotidien de 250 mg de DHA.<\/em><\/em><\/p>\n\n<\/div>\n<\/div>","protected":false},"excerpt":{"rendered":"<p>C\u0153ur et vaisseaux sanguins Les maladies cardiovasculaires font partie des affections les plus courantes en Europe. Prendre soin de son c\u0153ur et de ses vaisseaux sanguins n&rsquo;est donc pas un &#8230; <\/p>\n<p class=\"read-more-container\"><a title=\"Coeur et vaisseaux sanguins\" class=\"read-more button\" href=\"https:\/\/www.foodie.nl\/fr\/besoins-de-sante\/coeur-et-vaisseaux-sanguins\/#more-1130245\" aria-label=\"En savoir plus sur Coeur et vaisseaux sanguins\">Read more<\/a><\/p>\n","protected":false},"author":8822,"featured_media":0,"parent":1135537,"menu_order":0,"comment_status":"closed","ping_status":"closed","template":"","meta":{"_acf_changed":false,"om_disable_all_campaigns":false,"footnotes":""},"class_list":["post-1130245","page","type-page","status-publish"],"acf":[],"yoast_head":"<!-- This site is optimized with the Yoast SEO plugin v27.4 - https:\/\/yoast.com\/product\/yoast-seo-wordpress\/ -->\n<title>Coeur et vaisseaux sanguins - Foodie<\/title>\n<meta name=\"description\" content=\"C\u0153ur et vaisseaux sanguins Les maladies cardiovasculaires font partie des affections les plus courantes en Europe. Prendre soin de son c\u0153ur et de ses\" \/>\n<meta name=\"robots\" content=\"index, follow, max-snippet:-1, max-image-preview:large, max-video-preview:-1\" \/>\n<link rel=\"canonical\" href=\"https:\/\/www.foodie.nl\/fr\/besoins-de-sante\/coeur-et-vaisseaux-sanguins\/\" \/>\n<meta property=\"og:locale\" content=\"fr_FR\" \/>\n<meta property=\"og:type\" content=\"article\" \/>\n<meta property=\"og:title\" content=\"Coeur et vaisseaux sanguins - Foodie\" \/>\n<meta property=\"og:description\" content=\"C\u0153ur et vaisseaux sanguins Les maladies cardiovasculaires font partie des affections les plus courantes en Europe. Prendre soin de son c\u0153ur et de ses\" \/>\n<meta property=\"og:url\" content=\"https:\/\/www.foodie.nl\/fr\/besoins-de-sante\/coeur-et-vaisseaux-sanguins\/\" \/>\n<meta property=\"og:site_name\" content=\"Foodie\" \/>\n<meta property=\"article:modified_time\" content=\"2025-08-22T14:29:30+00:00\" \/>\n<meta property=\"og:image\" content=\"https:\/\/www.foodie.nl\/app\/uploads\/\/Hart-en-bloedvaten-150x150.png\" \/>\n<meta name=\"twitter:card\" content=\"summary_large_image\" \/>\n<meta name=\"twitter:label1\" content=\"Dur\u00e9e de lecture estim\u00e9e\" \/>\n\t<meta name=\"twitter:data1\" content=\"4 minutes\" \/>\n<script type=\"application\/ld+json\" class=\"yoast-schema-graph\">{\"@context\":\"https:\\\/\\\/schema.org\",\"@graph\":[{\"@type\":\"WebPage\",\"@id\":\"https:\\\/\\\/www.foodie.nl\\\/fr\\\/besoins-de-sante\\\/coeur-et-vaisseaux-sanguins\\\/\",\"url\":\"https:\\\/\\\/www.foodie.nl\\\/fr\\\/besoins-de-sante\\\/coeur-et-vaisseaux-sanguins\\\/\",\"name\":\"Coeur et vaisseaux sanguins - Foodie\",\"isPartOf\":{\"@id\":\"https:\\\/\\\/www.foodie.nl\\\/fr\\\/#website\"},\"primaryImageOfPage\":{\"@id\":\"https:\\\/\\\/www.foodie.nl\\\/fr\\\/besoins-de-sante\\\/coeur-et-vaisseaux-sanguins\\\/#primaryimage\"},\"image\":{\"@id\":\"https:\\\/\\\/www.foodie.nl\\\/fr\\\/besoins-de-sante\\\/coeur-et-vaisseaux-sanguins\\\/#primaryimage\"},\"thumbnailUrl\":\"https:\\\/\\\/www.foodie.nl\\\/app\\\/uploads\\\/\\\/Hart-en-bloedvaten-150x150.png\",\"datePublished\":\"2023-01-17T15:51:15+00:00\",\"dateModified\":\"2025-08-22T14:29:30+00:00\",\"description\":\"C\u0153ur et vaisseaux sanguins Les maladies cardiovasculaires font partie des affections les plus courantes en Europe. Prendre soin de son c\u0153ur et de ses\",\"breadcrumb\":{\"@id\":\"https:\\\/\\\/www.foodie.nl\\\/fr\\\/besoins-de-sante\\\/coeur-et-vaisseaux-sanguins\\\/#breadcrumb\"},\"inLanguage\":\"fr-FR\",\"potentialAction\":[{\"@type\":\"ReadAction\",\"target\":[\"https:\\\/\\\/www.foodie.nl\\\/fr\\\/besoins-de-sante\\\/coeur-et-vaisseaux-sanguins\\\/\"]}]},{\"@type\":\"ImageObject\",\"inLanguage\":\"fr-FR\",\"@id\":\"https:\\\/\\\/www.foodie.nl\\\/fr\\\/besoins-de-sante\\\/coeur-et-vaisseaux-sanguins\\\/#primaryimage\",\"url\":\"https:\\\/\\\/www.foodie.nl\\\/app\\\/uploads\\\/\\\/Hart-en-bloedvaten-150x150.png\",\"contentUrl\":\"https:\\\/\\\/www.foodie.nl\\\/app\\\/uploads\\\/\\\/Hart-en-bloedvaten-150x150.png\"},{\"@type\":\"BreadcrumbList\",\"@id\":\"https:\\\/\\\/www.foodie.nl\\\/fr\\\/besoins-de-sante\\\/coeur-et-vaisseaux-sanguins\\\/#breadcrumb\",\"itemListElement\":[{\"@type\":\"ListItem\",\"position\":1,\"name\":\"Home\",\"item\":\"https:\\\/\\\/www.foodie.nl\\\/fr\\\/\"},{\"@type\":\"ListItem\",\"position\":2,\"name\":\"Nos conseils sant\u00e9\",\"item\":\"https:\\\/\\\/www.foodie.nl\\\/fr\\\/besoins-de-sante\\\/\"},{\"@type\":\"ListItem\",\"position\":3,\"name\":\"Coeur et vaisseaux sanguins\"}]},{\"@type\":\"WebSite\",\"@id\":\"https:\\\/\\\/www.foodie.nl\\\/fr\\\/#website\",\"url\":\"https:\\\/\\\/www.foodie.nl\\\/fr\\\/\",\"name\":\"Foodie\",\"description\":\"Elke Hap Telt\",\"publisher\":{\"@id\":\"https:\\\/\\\/www.foodie.nl\\\/fr\\\/#organization\"},\"potentialAction\":[{\"@type\":\"SearchAction\",\"target\":{\"@type\":\"EntryPoint\",\"urlTemplate\":\"https:\\\/\\\/www.foodie.nl\\\/fr\\\/?s={search_term_string}\"},\"query-input\":{\"@type\":\"PropertyValueSpecification\",\"valueRequired\":true,\"valueName\":\"search_term_string\"}}],\"inLanguage\":\"fr-FR\"},{\"@type\":\"Organization\",\"@id\":\"https:\\\/\\\/www.foodie.nl\\\/fr\\\/#organization\",\"name\":\"Foodie\",\"url\":\"https:\\\/\\\/www.foodie.nl\\\/fr\\\/\",\"logo\":{\"@type\":\"ImageObject\",\"inLanguage\":\"fr-FR\",\"@id\":\"https:\\\/\\\/www.foodie.nl\\\/fr\\\/#\\\/schema\\\/logo\\\/image\\\/\",\"url\":\"https:\\\/\\\/www.foodie.nl\\\/app\\\/uploads\\\/2025\\\/01\\\/logo-foodie-wide@2x.png\",\"contentUrl\":\"https:\\\/\\\/www.foodie.nl\\\/app\\\/uploads\\\/2025\\\/01\\\/logo-foodie-wide@2x.png\",\"width\":236,\"height\":128,\"caption\":\"Foodie\"},\"image\":{\"@id\":\"https:\\\/\\\/www.foodie.nl\\\/fr\\\/#\\\/schema\\\/logo\\\/image\\\/\"}}]}<\/script>\n<!-- \/ Yoast SEO plugin. -->","yoast_head_json":{"title":"Coeur et vaisseaux sanguins - Foodie","description":"C\u0153ur et vaisseaux sanguins Les maladies cardiovasculaires font partie des affections les plus courantes en Europe. Prendre soin de son c\u0153ur et de ses","robots":{"index":"index","follow":"follow","max-snippet":"max-snippet:-1","max-image-preview":"max-image-preview:large","max-video-preview":"max-video-preview:-1"},"canonical":"https:\/\/www.foodie.nl\/fr\/besoins-de-sante\/coeur-et-vaisseaux-sanguins\/","og_locale":"fr_FR","og_type":"article","og_title":"Coeur et vaisseaux sanguins - Foodie","og_description":"C\u0153ur et vaisseaux sanguins Les maladies cardiovasculaires font partie des affections les plus courantes en Europe. Prendre soin de son c\u0153ur et de ses","og_url":"https:\/\/www.foodie.nl\/fr\/besoins-de-sante\/coeur-et-vaisseaux-sanguins\/","og_site_name":"Foodie","article_modified_time":"2025-08-22T14:29:30+00:00","og_image":[{"url":"https:\/\/www.foodie.nl\/app\/uploads\/\/Hart-en-bloedvaten-150x150.png","type":"","width":"","height":""}],"twitter_card":"summary_large_image","twitter_misc":{"Dur\u00e9e de lecture estim\u00e9e":"4 minutes"},"schema":{"@context":"https:\/\/schema.org","@graph":[{"@type":"WebPage","@id":"https:\/\/www.foodie.nl\/fr\/besoins-de-sante\/coeur-et-vaisseaux-sanguins\/","url":"https:\/\/www.foodie.nl\/fr\/besoins-de-sante\/coeur-et-vaisseaux-sanguins\/","name":"Coeur et vaisseaux sanguins - Foodie","isPartOf":{"@id":"https:\/\/www.foodie.nl\/fr\/#website"},"primaryImageOfPage":{"@id":"https:\/\/www.foodie.nl\/fr\/besoins-de-sante\/coeur-et-vaisseaux-sanguins\/#primaryimage"},"image":{"@id":"https:\/\/www.foodie.nl\/fr\/besoins-de-sante\/coeur-et-vaisseaux-sanguins\/#primaryimage"},"thumbnailUrl":"https:\/\/www.foodie.nl\/app\/uploads\/\/Hart-en-bloedvaten-150x150.png","datePublished":"2023-01-17T15:51:15+00:00","dateModified":"2025-08-22T14:29:30+00:00","description":"C\u0153ur et vaisseaux sanguins Les maladies cardiovasculaires font partie des affections les plus courantes en Europe. Prendre soin de son c\u0153ur et de ses","breadcrumb":{"@id":"https:\/\/www.foodie.nl\/fr\/besoins-de-sante\/coeur-et-vaisseaux-sanguins\/#breadcrumb"},"inLanguage":"fr-FR","potentialAction":[{"@type":"ReadAction","target":["https:\/\/www.foodie.nl\/fr\/besoins-de-sante\/coeur-et-vaisseaux-sanguins\/"]}]},{"@type":"ImageObject","inLanguage":"fr-FR","@id":"https:\/\/www.foodie.nl\/fr\/besoins-de-sante\/coeur-et-vaisseaux-sanguins\/#primaryimage","url":"https:\/\/www.foodie.nl\/app\/uploads\/\/Hart-en-bloedvaten-150x150.png","contentUrl":"https:\/\/www.foodie.nl\/app\/uploads\/\/Hart-en-bloedvaten-150x150.png"},{"@type":"BreadcrumbList","@id":"https:\/\/www.foodie.nl\/fr\/besoins-de-sante\/coeur-et-vaisseaux-sanguins\/#breadcrumb","itemListElement":[{"@type":"ListItem","position":1,"name":"Home","item":"https:\/\/www.foodie.nl\/fr\/"},{"@type":"ListItem","position":2,"name":"Nos conseils sant\u00e9","item":"https:\/\/www.foodie.nl\/fr\/besoins-de-sante\/"},{"@type":"ListItem","position":3,"name":"Coeur et vaisseaux sanguins"}]},{"@type":"WebSite","@id":"https:\/\/www.foodie.nl\/fr\/#website","url":"https:\/\/www.foodie.nl\/fr\/","name":"Foodie","description":"Elke Hap Telt","publisher":{"@id":"https:\/\/www.foodie.nl\/fr\/#organization"},"potentialAction":[{"@type":"SearchAction","target":{"@type":"EntryPoint","urlTemplate":"https:\/\/www.foodie.nl\/fr\/?s={search_term_string}"},"query-input":{"@type":"PropertyValueSpecification","valueRequired":true,"valueName":"search_term_string"}}],"inLanguage":"fr-FR"},{"@type":"Organization","@id":"https:\/\/www.foodie.nl\/fr\/#organization","name":"Foodie","url":"https:\/\/www.foodie.nl\/fr\/","logo":{"@type":"ImageObject","inLanguage":"fr-FR","@id":"https:\/\/www.foodie.nl\/fr\/#\/schema\/logo\/image\/","url":"https:\/\/www.foodie.nl\/app\/uploads\/2025\/01\/logo-foodie-wide@2x.png","contentUrl":"https:\/\/www.foodie.nl\/app\/uploads\/2025\/01\/logo-foodie-wide@2x.png","width":236,"height":128,"caption":"Foodie"},"image":{"@id":"https:\/\/www.foodie.nl\/fr\/#\/schema\/logo\/image\/"}}]}},"_links":{"self":[{"href":"https:\/\/www.foodie.nl\/fr\/wp-json\/wp\/v2\/pages\/1130245","targetHints":{"allow":["GET"]}}],"collection":[{"href":"https:\/\/www.foodie.nl\/fr\/wp-json\/wp\/v2\/pages"}],"about":[{"href":"https:\/\/www.foodie.nl\/fr\/wp-json\/wp\/v2\/types\/page"}],"author":[{"embeddable":true,"href":"https:\/\/www.foodie.nl\/fr\/wp-json\/wp\/v2\/users\/8822"}],"replies":[{"embeddable":true,"href":"https:\/\/www.foodie.nl\/fr\/wp-json\/wp\/v2\/comments?post=1130245"}],"version-history":[{"count":10,"href":"https:\/\/www.foodie.nl\/fr\/wp-json\/wp\/v2\/pages\/1130245\/revisions"}],"predecessor-version":[{"id":1170338,"href":"https:\/\/www.foodie.nl\/fr\/wp-json\/wp\/v2\/pages\/1130245\/revisions\/1170338"}],"up":[{"embeddable":true,"href":"https:\/\/www.foodie.nl\/fr\/wp-json\/wp\/v2\/pages\/1135537"}],"wp:attachment":[{"href":"https:\/\/www.foodie.nl\/fr\/wp-json\/wp\/v2\/media?parent=1130245"}],"curies":[{"name":"wp","href":"https:\/\/api.w.org\/{rel}","templated":true}]}}