{"id":1130249,"date":"2023-01-17T13:25:28","date_gmt":"2023-01-17T12:25:28","guid":{"rendered":"https:\/\/www.foodie.nl\/geheugen\/"},"modified":"2025-08-22T16:39:11","modified_gmt":"2025-08-22T14:39:11","slug":"memoire-et-concentration","status":"publish","type":"page","link":"https:\/\/www.foodie.nl\/fr\/besoins-de-sante\/memoire-et-concentration\/","title":{"rendered":"M\u00e9moire et concentration"},"content":{"rendered":"<div class=\"gb-container gb-container-79645e14 px-fd-container-position\">\n<div class=\"gb-container gb-container-c41ca6f4 px-fd-image-position\"><\/div>\n\n<div class=\"gb-container gb-container-3acdfa3b\">\n<div class=\"gb-container gb-container-aeab2b04 gb-container-full-width-container-content\">\n<div class=\"gb-container gb-container-73215247\">\n\n<h2 class=\"gb-headline gb-headline-a85e246e gb-headline-text\">M\u00e9moire et concentration<\/h2>\n\n\n\n<p class=\"has-medium-font-size\" style=\"font-style:normal;font-weight:600\">Une bonne interaction entre les cellules nerveuses est cruciale pour la m\u00e9moire et la capacit\u00e9 de concentration.<\/p>\n\n\n\n<p style=\"font-style:normal;font-weight:500\">Pour permettre une bonne communication entre vos cellules c\u00e9r\u00e9brales et nerveuses, il est important que votre corps dispose des bons nutriments et des mat\u00e9riaux n\u00e9cessaires \u00e0 ces cellules.<\/p>\n\n\n\n<p style=\"font-style:normal;font-weight:500\">En outre, il est important de stimuler la production de cellules nerveuses et c\u00e9r\u00e9brales gr\u00e2ce \u00e0 des d\u00e9fis mentaux et \u00e0 l&rsquo;apprentissage de nouvelles comp\u00e9tences.<\/p>\n\n<\/div>\n<\/div>\n<\/div>\n<\/div>\n\n<div class=\"gb-container gb-container-e723cd3e gb-container-full-width-container\">\n<div class=\"gb-container gb-container-1fe60ec5 gb-container-full-width-container-content\">\n<div class=\"gb-container gb-container-87498b45\">\n\n<figure class=\"gb-block-image gb-block-image-5cc0f1b7\"><img decoding=\"async\" width=\"150\" height=\"150\" class=\"gb-image gb-image-5cc0f1b7\" src=\"https:\/\/www.foodie.nl\/app\/uploads\/\/Geheugen-150x150.png\" alt=\"\" title=\"Geheugen\" srcset=\"https:\/\/www.foodie.nl\/app\/uploads\/Geheugen-150x150.png 150w, https:\/\/www.foodie.nl\/app\/uploads\/Geheugen.png 300w, https:\/\/www.foodie.nl\/app\/uploads\/Geheugen-100x100.png 100w\" sizes=\"(max-width: 150px) 100vw, 150px\" \/><\/figure>\n\n<\/div>\n\n<div class=\"gb-container gb-container-ab06424e\">\n\n<h1 class=\"wp-block-heading has-text-align-center\">Compl\u00e9ments pour votre M\u00e9moire et votre Capacit\u00e9 de Concentration<\/h1>\n\n<\/div>\n<\/div>\n<\/div>\n\n<div class=\"gb-container gb-container-3158ed73 gb-container-full-width-container\">\n<div class=\"gb-container gb-container-8452bb9c gb-container-full-width-container-content\"><\/div>\n<\/div>\n\n<div class=\"gb-container gb-container-10408376 gb-container-full-width-container\">\n<div class=\"gb-container gb-container-ca396bed gb-container-full-width-container-content\">\n<div class=\"gb-grid-wrapper gb-grid-wrapper-4b8f4847\">\n<div class=\"gb-grid-column gb-grid-column-eec578d7\"><div class=\"gb-container gb-container-eec578d7\">\n<div class=\"gb-container gb-container-10136db5 px-fd-single-product-transition\"><a class=\"gb-container-link\" href=\"https:\/\/www.foodie.nl\/fr\/product-categorie\/magnesium-boost\/\"><\/a>\n\n<figure class=\"gb-block-image gb-block-image-8b4cde15\"><img decoding=\"async\" width=\"2400\" height=\"2400\" class=\"gb-image gb-image-8b4cde15\" src=\"https:\/\/www.foodie.nl\/app\/uploads\/2025\/06\/Magnesium-Boost-1-pack.png\" alt=\"\" title=\"Magnesium Boost 1-pack\" srcset=\"https:\/\/www.foodie.nl\/app\/uploads\/2025\/06\/Magnesium-Boost-1-pack.png 2400w, https:\/\/www.foodie.nl\/app\/uploads\/2025\/06\/Magnesium-Boost-1-pack-300x300.png 300w, https:\/\/www.foodie.nl\/app\/uploads\/2025\/06\/Magnesium-Boost-1-pack-1024x1024.png 1024w, https:\/\/www.foodie.nl\/app\/uploads\/2025\/06\/Magnesium-Boost-1-pack-150x150.png 150w, https:\/\/www.foodie.nl\/app\/uploads\/2025\/06\/Magnesium-Boost-1-pack-768x768.png 768w, https:\/\/www.foodie.nl\/app\/uploads\/2025\/06\/Magnesium-Boost-1-pack-1536x1536.png 1536w, https:\/\/www.foodie.nl\/app\/uploads\/2025\/06\/Magnesium-Boost-1-pack-2048x2048.png 2048w, https:\/\/www.foodie.nl\/app\/uploads\/2025\/06\/Magnesium-Boost-1-pack-510x510.png 510w, https:\/\/www.foodie.nl\/app\/uploads\/2025\/06\/Magnesium-Boost-1-pack-100x100.png 100w\" sizes=\"(max-width: 2400px) 100vw, 2400px\" \/><\/figure>\n\n<\/div>\n\n<div class=\"gb-container gb-container-04231e21\">\n\n<h3 class=\"gb-headline gb-headline-8dd6dd62 gb-headline-text\">Magn\u00e9sium Boost<\/h3>\n\n\n\n<p>Le magn\u00e9sium est un min\u00e9ral important qui aide \u00e0 maintenir un esprit clair et une bonne m\u00e9moire. Il contribue \u00e9galement \u00e0 la capacit\u00e9 de concentration.<\/p>\n\n\n\n<p>Magn\u00e9sium Boost contient 3 types de magn\u00e9sium, compl\u00e9t\u00e9s par le Absorb complex qui contient diverses vitamines B, de la vitamine D3 et de la taurine pour soutenir l&rsquo;action du magn\u00e9sium.<\/p>\n\n\n\n<a class=\"gb-button gb-button-e9d266ff gb-button-primary-button\" href=\"https:\/\/www.foodie.nl\/fr\/product-categorie\/magnesium-boost\/\"><span class=\"gb-button-text\">Plus d&rsquo;informations<\/span><span class=\"gb-icon\"><svg xmlns=\"http:\/\/www.w3.org\/2000\/svg\" viewBox=\"0 0 512 512\" height=\"1em\"><path d=\"M505 273c9.4-9.4 9.4-24.6 0-33.9L369 103c-9.4-9.4-24.6-9.4-33.9 0s-9.4 24.6 0 33.9l95 95L24 232c-13.3 0-24 10.7-24 24s10.7 24 24 24l406.1 0-95 95c-9.4 9.4-9.4 24.6 0 33.9s24.6 9.4 33.9 0L505 273z\"><\/path><\/svg><\/span><\/a>\n\n<\/div>\n<\/div><\/div>\n\n<div class=\"gb-grid-column gb-grid-column-f83f5e9b\"><div class=\"gb-container gb-container-f83f5e9b\">\n<div class=\"gb-container gb-container-8618e61f px-fd-single-product-transition\"><a class=\"gb-container-link\" href=\"https:\/\/www.foodie.nl\/fr\/product-categorie\/ultimate-ashwagandha\/\"><\/a>\n\n<figure class=\"gb-block-image gb-block-image-dd3c4714\"><img decoding=\"async\" class=\"gb-image gb-image-dd3c4714\" src=\"https:\/\/www.foodie.nl\/app\/uploads\/2025\/02\/34.png\" alt=\"\" title=\"1 sachet d'Ultimate Ashwagandha\"\/><\/figure>\n\n<\/div>\n\n<div class=\"gb-container gb-container-ae57d153\">\n\n<h3 class=\"gb-headline gb-headline-0189c4b1 gb-headline-text\">Ultimate Ashwagandha<\/h3>\n\n\n\n<p>Ultimate Ashwagandha avec extrait de Tulsi (Basilic sacr\u00e9)&nbsp;contient divers nutriments et adaptog\u00e8nes qui t\u2019aident \u00e0 \u00eatre r\u00e9sistant au stress.<\/p>\n\n\n\n<p>Ultimate Ashwagandha est formul\u00e9 pour vous aider \u00e0 vous d\u00e9tendre, gr\u00e2ce \u00e0 la pr\u00e9sence de l&rsquo;extrait brevet\u00e9 KSM-66\u00ae, de l&rsquo;extrait de Tulsi* et de la biotine.<\/p>\n\n\n\n<a class=\"gb-button gb-button-89a69b65 gb-button-primary-button\" href=\"https:\/\/www.foodie.nl\/fr\/product-categorie\/ultimate-ashwagandha\/\"><span class=\"gb-button-text\">Plus d&rsquo;informations<\/span><span class=\"gb-icon\"><svg xmlns=\"http:\/\/www.w3.org\/2000\/svg\" viewBox=\"0 0 512 512\" height=\"1em\"><path d=\"M505 273c9.4-9.4 9.4-24.6 0-33.9L369 103c-9.4-9.4-24.6-9.4-33.9 0s-9.4 24.6 0 33.9l95 95L24 232c-13.3 0-24 10.7-24 24s10.7 24 24 24l406.1 0-95 95c-9.4 9.4-9.4 24.6 0 33.9s24.6 9.4 33.9 0L505 273z\"><\/path><\/svg><\/span><\/a>\n\n<\/div>\n<\/div><\/div>\n\n<div class=\"gb-grid-column gb-grid-column-4196c9ea\"><div class=\"gb-container gb-container-4196c9ea\">\n<div class=\"gb-container gb-container-20f3af07 px-fd-single-product-transition\"><a class=\"gb-container-link\" href=\"https:\/\/www.foodie.nl\/fr\/product-categorie\/100-pure-krill-oil\/\"><\/a>\n\n<figure class=\"gb-block-image gb-block-image-76807ea8\"><img decoding=\"async\" width=\"2400\" height=\"2400\" class=\"gb-image gb-image-76807ea8\" src=\"https:\/\/www.foodie.nl\/app\/uploads\/2025\/07\/100-Pure-Krill-Oil-1-pack.png\" alt=\"\" title=\"100% Pure Krill Oil 1-pack\" srcset=\"https:\/\/www.foodie.nl\/app\/uploads\/2025\/07\/100-Pure-Krill-Oil-1-pack.png 2400w, https:\/\/www.foodie.nl\/app\/uploads\/2025\/07\/100-Pure-Krill-Oil-1-pack-300x300.png 300w, https:\/\/www.foodie.nl\/app\/uploads\/2025\/07\/100-Pure-Krill-Oil-1-pack-1024x1024.png 1024w, https:\/\/www.foodie.nl\/app\/uploads\/2025\/07\/100-Pure-Krill-Oil-1-pack-150x150.png 150w, https:\/\/www.foodie.nl\/app\/uploads\/2025\/07\/100-Pure-Krill-Oil-1-pack-768x768.png 768w, https:\/\/www.foodie.nl\/app\/uploads\/2025\/07\/100-Pure-Krill-Oil-1-pack-1536x1536.png 1536w, https:\/\/www.foodie.nl\/app\/uploads\/2025\/07\/100-Pure-Krill-Oil-1-pack-2048x2048.png 2048w, https:\/\/www.foodie.nl\/app\/uploads\/2025\/07\/100-Pure-Krill-Oil-1-pack-510x510.png 510w, https:\/\/www.foodie.nl\/app\/uploads\/2025\/07\/100-Pure-Krill-Oil-1-pack-100x100.png 100w\" sizes=\"(max-width: 2400px) 100vw, 2400px\" \/><\/figure>\n\n<\/div>\n\n<div class=\"gb-container gb-container-74e7b28b\">\n\n<h3 class=\"gb-headline gb-headline-a77e0d89 gb-headline-text\">100% Pure Krill Oil <\/h3>\n\n\n\n<p>Saviez-vous qu&rsquo;environ 30 % de votre cerveau est compos\u00e9 d&rsquo;acides gras om\u00e9ga-3 ?<\/p>\n\n\n\n<p>L&rsquo;huile de krill vous apporte ces acides gras qui constituent les \u00e9l\u00e9ments de base du cerveau et garantissent la sant\u00e9 c\u00e9r\u00e9brale.<\/p>\n\n\n\n<p>L&rsquo;huile de krill contient \u00e9galement de la choline, qui est importante pour la sant\u00e9 du foie.<\/p>\n\n\n\n<a class=\"gb-button gb-button-60ad32e4 gb-button-primary-button\" href=\"https:\/\/www.foodie.nl\/fr\/product-categorie\/100-pure-krill-oil\/\"><span class=\"gb-button-text\">Plus d&rsquo;informations<\/span><span class=\"gb-icon\"><svg xmlns=\"http:\/\/www.w3.org\/2000\/svg\" viewBox=\"0 0 512 512\" height=\"1em\"><path d=\"M505 273c9.4-9.4 9.4-24.6 0-33.9L369 103c-9.4-9.4-24.6-9.4-33.9 0s-9.4 24.6 0 33.9l95 95L24 232c-13.3 0-24 10.7-24 24s10.7 24 24 24l406.1 0-95 95c-9.4 9.4-9.4 24.6 0 33.9s24.6 9.4 33.9 0L505 273z\"><\/path><\/svg><\/span><\/a>\n\n<\/div>\n<\/div><\/div>\n<\/div>\n<\/div>\n<\/div>\n\n<div class=\"gb-container gb-container-1783cbf2 gb-container-full-width-container\">\n<div class=\"gb-container gb-container-8735f7b5 gb-container-full-width-container-content\">\n\n<p class=\"has-text-align-center has-small-font-size\"><em>*Ces all\u00e9gations de sant\u00e9, fond\u00e9es sur des ingr\u00e9dients v\u00e9g\u00e9taux, sont actuellement examin\u00e9es par l&rsquo;EFSA.<\/em><br><em><em>**Cet effet b\u00e9n\u00e9fique est obtenu avec un apport quotidien de 250 mg de DHA.<\/em><\/em><\/p>\n\n<\/div>\n<\/div>","protected":false},"excerpt":{"rendered":"<p>M\u00e9moire et concentration Une bonne interaction entre les cellules nerveuses est cruciale pour la m\u00e9moire et la capacit\u00e9 de concentration. Pour permettre une bonne communication entre vos cellules c\u00e9r\u00e9brales et &#8230; <\/p>\n<p class=\"read-more-container\"><a title=\"M\u00e9moire et concentration\" class=\"read-more button\" href=\"https:\/\/www.foodie.nl\/fr\/besoins-de-sante\/memoire-et-concentration\/#more-1130249\" aria-label=\"En savoir plus sur M\u00e9moire et concentration\">Read more<\/a><\/p>\n","protected":false},"author":8822,"featured_media":0,"parent":1135537,"menu_order":0,"comment_status":"closed","ping_status":"closed","template":"","meta":{"_acf_changed":false,"om_disable_all_campaigns":false,"footnotes":""},"class_list":["post-1130249","page","type-page","status-publish"],"acf":[],"yoast_head":"<!-- This site is optimized with the Yoast SEO plugin v27.2 - https:\/\/yoast.com\/product\/yoast-seo-wordpress\/ -->\n<title>M\u00e9moire et concentration - Foodie<\/title>\n<meta name=\"description\" content=\"M\u00e9moire et concentration Une bonne interaction entre les cellules nerveuses est cruciale pour la m\u00e9moire et la capacit\u00e9 de concentration. Pour permettre\" \/>\n<meta name=\"robots\" content=\"index, follow, max-snippet:-1, max-image-preview:large, max-video-preview:-1\" \/>\n<link rel=\"canonical\" href=\"https:\/\/www.foodie.nl\/fr\/besoins-de-sante\/memoire-et-concentration\/\" \/>\n<meta property=\"og:locale\" content=\"fr_FR\" \/>\n<meta property=\"og:type\" content=\"article\" \/>\n<meta property=\"og:title\" content=\"M\u00e9moire et concentration - Foodie\" \/>\n<meta property=\"og:description\" content=\"M\u00e9moire et concentration Une bonne interaction entre les cellules nerveuses est cruciale pour la m\u00e9moire et la capacit\u00e9 de concentration. Pour permettre\" \/>\n<meta property=\"og:url\" content=\"https:\/\/www.foodie.nl\/fr\/besoins-de-sante\/memoire-et-concentration\/\" \/>\n<meta property=\"og:site_name\" content=\"Foodie\" \/>\n<meta property=\"article:modified_time\" content=\"2025-08-22T14:39:11+00:00\" \/>\n<meta property=\"og:image\" content=\"https:\/\/www.foodie.nl\/app\/uploads\/\/Geheugen-150x150.png\" \/>\n<meta name=\"twitter:card\" content=\"summary_large_image\" \/>\n<meta name=\"twitter:label1\" content=\"Dur\u00e9e de lecture estim\u00e9e\" \/>\n\t<meta name=\"twitter:data1\" content=\"3 minutes\" \/>\n<script type=\"application\/ld+json\" class=\"yoast-schema-graph\">{\"@context\":\"https:\/\/schema.org\",\"@graph\":[{\"@type\":\"WebPage\",\"@id\":\"https:\/\/www.foodie.nl\/fr\/besoins-de-sante\/memoire-et-concentration\/\",\"url\":\"https:\/\/www.foodie.nl\/fr\/besoins-de-sante\/memoire-et-concentration\/\",\"name\":\"M\u00e9moire et concentration - Foodie\",\"isPartOf\":{\"@id\":\"https:\/\/www.foodie.nl\/fr\/#website\"},\"primaryImageOfPage\":{\"@id\":\"https:\/\/www.foodie.nl\/fr\/besoins-de-sante\/memoire-et-concentration\/#primaryimage\"},\"image\":{\"@id\":\"https:\/\/www.foodie.nl\/fr\/besoins-de-sante\/memoire-et-concentration\/#primaryimage\"},\"thumbnailUrl\":\"https:\/\/www.foodie.nl\/app\/uploads\/\/Geheugen-150x150.png\",\"datePublished\":\"2023-01-17T12:25:28+00:00\",\"dateModified\":\"2025-08-22T14:39:11+00:00\",\"description\":\"M\u00e9moire et concentration Une bonne interaction entre les cellules nerveuses est cruciale pour la m\u00e9moire et la capacit\u00e9 de concentration. Pour permettre\",\"breadcrumb\":{\"@id\":\"https:\/\/www.foodie.nl\/fr\/besoins-de-sante\/memoire-et-concentration\/#breadcrumb\"},\"inLanguage\":\"fr-FR\",\"potentialAction\":[{\"@type\":\"ReadAction\",\"target\":[\"https:\/\/www.foodie.nl\/fr\/besoins-de-sante\/memoire-et-concentration\/\"]}]},{\"@type\":\"ImageObject\",\"inLanguage\":\"fr-FR\",\"@id\":\"https:\/\/www.foodie.nl\/fr\/besoins-de-sante\/memoire-et-concentration\/#primaryimage\",\"url\":\"https:\/\/www.foodie.nl\/app\/uploads\/\/Geheugen-150x150.png\",\"contentUrl\":\"https:\/\/www.foodie.nl\/app\/uploads\/\/Geheugen-150x150.png\"},{\"@type\":\"BreadcrumbList\",\"@id\":\"https:\/\/www.foodie.nl\/fr\/besoins-de-sante\/memoire-et-concentration\/#breadcrumb\",\"itemListElement\":[{\"@type\":\"ListItem\",\"position\":1,\"name\":\"Home\",\"item\":\"https:\/\/www.foodie.nl\/fr\/\"},{\"@type\":\"ListItem\",\"position\":2,\"name\":\"Nos conseils sant\u00e9\",\"item\":\"https:\/\/www.foodie.nl\/fr\/besoins-de-sante\/\"},{\"@type\":\"ListItem\",\"position\":3,\"name\":\"M\u00e9moire et concentration\"}]},{\"@type\":\"WebSite\",\"@id\":\"https:\/\/www.foodie.nl\/fr\/#website\",\"url\":\"https:\/\/www.foodie.nl\/fr\/\",\"name\":\"Foodie\",\"description\":\"Elke Hap Telt\",\"publisher\":{\"@id\":\"https:\/\/www.foodie.nl\/fr\/#organization\"},\"potentialAction\":[{\"@type\":\"SearchAction\",\"target\":{\"@type\":\"EntryPoint\",\"urlTemplate\":\"https:\/\/www.foodie.nl\/fr\/?s={search_term_string}\"},\"query-input\":{\"@type\":\"PropertyValueSpecification\",\"valueRequired\":true,\"valueName\":\"search_term_string\"}}],\"inLanguage\":\"fr-FR\"},{\"@type\":\"Organization\",\"@id\":\"https:\/\/www.foodie.nl\/fr\/#organization\",\"name\":\"Foodie\",\"url\":\"https:\/\/www.foodie.nl\/fr\/\",\"logo\":{\"@type\":\"ImageObject\",\"inLanguage\":\"fr-FR\",\"@id\":\"https:\/\/www.foodie.nl\/fr\/#\/schema\/logo\/image\/\",\"url\":\"https:\/\/www.foodie.nl\/app\/uploads\/2025\/01\/logo-foodie-wide@2x.png\",\"contentUrl\":\"https:\/\/www.foodie.nl\/app\/uploads\/2025\/01\/logo-foodie-wide@2x.png\",\"width\":236,\"height\":128,\"caption\":\"Foodie\"},\"image\":{\"@id\":\"https:\/\/www.foodie.nl\/fr\/#\/schema\/logo\/image\/\"}}]}<\/script>\n<!-- \/ Yoast SEO plugin. -->","yoast_head_json":{"title":"M\u00e9moire et concentration - Foodie","description":"M\u00e9moire et concentration Une bonne interaction entre les cellules nerveuses est cruciale pour la m\u00e9moire et la capacit\u00e9 de concentration. Pour permettre","robots":{"index":"index","follow":"follow","max-snippet":"max-snippet:-1","max-image-preview":"max-image-preview:large","max-video-preview":"max-video-preview:-1"},"canonical":"https:\/\/www.foodie.nl\/fr\/besoins-de-sante\/memoire-et-concentration\/","og_locale":"fr_FR","og_type":"article","og_title":"M\u00e9moire et concentration - Foodie","og_description":"M\u00e9moire et concentration Une bonne interaction entre les cellules nerveuses est cruciale pour la m\u00e9moire et la capacit\u00e9 de concentration. Pour permettre","og_url":"https:\/\/www.foodie.nl\/fr\/besoins-de-sante\/memoire-et-concentration\/","og_site_name":"Foodie","article_modified_time":"2025-08-22T14:39:11+00:00","og_image":[{"url":"https:\/\/www.foodie.nl\/app\/uploads\/\/Geheugen-150x150.png","type":"","width":"","height":""}],"twitter_card":"summary_large_image","twitter_misc":{"Dur\u00e9e de lecture estim\u00e9e":"3 minutes"},"schema":{"@context":"https:\/\/schema.org","@graph":[{"@type":"WebPage","@id":"https:\/\/www.foodie.nl\/fr\/besoins-de-sante\/memoire-et-concentration\/","url":"https:\/\/www.foodie.nl\/fr\/besoins-de-sante\/memoire-et-concentration\/","name":"M\u00e9moire et concentration - Foodie","isPartOf":{"@id":"https:\/\/www.foodie.nl\/fr\/#website"},"primaryImageOfPage":{"@id":"https:\/\/www.foodie.nl\/fr\/besoins-de-sante\/memoire-et-concentration\/#primaryimage"},"image":{"@id":"https:\/\/www.foodie.nl\/fr\/besoins-de-sante\/memoire-et-concentration\/#primaryimage"},"thumbnailUrl":"https:\/\/www.foodie.nl\/app\/uploads\/\/Geheugen-150x150.png","datePublished":"2023-01-17T12:25:28+00:00","dateModified":"2025-08-22T14:39:11+00:00","description":"M\u00e9moire et concentration Une bonne interaction entre les cellules nerveuses est cruciale pour la m\u00e9moire et la capacit\u00e9 de concentration. Pour permettre","breadcrumb":{"@id":"https:\/\/www.foodie.nl\/fr\/besoins-de-sante\/memoire-et-concentration\/#breadcrumb"},"inLanguage":"fr-FR","potentialAction":[{"@type":"ReadAction","target":["https:\/\/www.foodie.nl\/fr\/besoins-de-sante\/memoire-et-concentration\/"]}]},{"@type":"ImageObject","inLanguage":"fr-FR","@id":"https:\/\/www.foodie.nl\/fr\/besoins-de-sante\/memoire-et-concentration\/#primaryimage","url":"https:\/\/www.foodie.nl\/app\/uploads\/\/Geheugen-150x150.png","contentUrl":"https:\/\/www.foodie.nl\/app\/uploads\/\/Geheugen-150x150.png"},{"@type":"BreadcrumbList","@id":"https:\/\/www.foodie.nl\/fr\/besoins-de-sante\/memoire-et-concentration\/#breadcrumb","itemListElement":[{"@type":"ListItem","position":1,"name":"Home","item":"https:\/\/www.foodie.nl\/fr\/"},{"@type":"ListItem","position":2,"name":"Nos conseils sant\u00e9","item":"https:\/\/www.foodie.nl\/fr\/besoins-de-sante\/"},{"@type":"ListItem","position":3,"name":"M\u00e9moire et concentration"}]},{"@type":"WebSite","@id":"https:\/\/www.foodie.nl\/fr\/#website","url":"https:\/\/www.foodie.nl\/fr\/","name":"Foodie","description":"Elke Hap Telt","publisher":{"@id":"https:\/\/www.foodie.nl\/fr\/#organization"},"potentialAction":[{"@type":"SearchAction","target":{"@type":"EntryPoint","urlTemplate":"https:\/\/www.foodie.nl\/fr\/?s={search_term_string}"},"query-input":{"@type":"PropertyValueSpecification","valueRequired":true,"valueName":"search_term_string"}}],"inLanguage":"fr-FR"},{"@type":"Organization","@id":"https:\/\/www.foodie.nl\/fr\/#organization","name":"Foodie","url":"https:\/\/www.foodie.nl\/fr\/","logo":{"@type":"ImageObject","inLanguage":"fr-FR","@id":"https:\/\/www.foodie.nl\/fr\/#\/schema\/logo\/image\/","url":"https:\/\/www.foodie.nl\/app\/uploads\/2025\/01\/logo-foodie-wide@2x.png","contentUrl":"https:\/\/www.foodie.nl\/app\/uploads\/2025\/01\/logo-foodie-wide@2x.png","width":236,"height":128,"caption":"Foodie"},"image":{"@id":"https:\/\/www.foodie.nl\/fr\/#\/schema\/logo\/image\/"}}]}},"_links":{"self":[{"href":"https:\/\/www.foodie.nl\/fr\/wp-json\/wp\/v2\/pages\/1130249","targetHints":{"allow":["GET"]}}],"collection":[{"href":"https:\/\/www.foodie.nl\/fr\/wp-json\/wp\/v2\/pages"}],"about":[{"href":"https:\/\/www.foodie.nl\/fr\/wp-json\/wp\/v2\/types\/page"}],"author":[{"embeddable":true,"href":"https:\/\/www.foodie.nl\/fr\/wp-json\/wp\/v2\/users\/8822"}],"replies":[{"embeddable":true,"href":"https:\/\/www.foodie.nl\/fr\/wp-json\/wp\/v2\/comments?post=1130249"}],"version-history":[{"count":14,"href":"https:\/\/www.foodie.nl\/fr\/wp-json\/wp\/v2\/pages\/1130249\/revisions"}],"predecessor-version":[{"id":1170349,"href":"https:\/\/www.foodie.nl\/fr\/wp-json\/wp\/v2\/pages\/1130249\/revisions\/1170349"}],"up":[{"embeddable":true,"href":"https:\/\/www.foodie.nl\/fr\/wp-json\/wp\/v2\/pages\/1135537"}],"wp:attachment":[{"href":"https:\/\/www.foodie.nl\/fr\/wp-json\/wp\/v2\/media?parent=1130249"}],"curies":[{"name":"wp","href":"https:\/\/api.w.org\/{rel}","templated":true}]}}