{"id":1130266,"date":"2023-01-18T14:12:54","date_gmt":"2023-01-18T13:12:54","guid":{"rendered":"https:\/\/www.foodie.nl\/huid-haar-nagels\/"},"modified":"2025-08-22T16:47:26","modified_gmt":"2025-08-22T14:47:26","slug":"peau-cheveux-ongles","status":"publish","type":"page","link":"https:\/\/www.foodie.nl\/fr\/besoins-de-sante\/peau-cheveux-ongles\/","title":{"rendered":"Peau, Cheveux et Ongles"},"content":{"rendered":"<div class=\"gb-container gb-container-79645e14 px-fd-container-position\">\n<div class=\"gb-container gb-container-c41ca6f4 px-fd-image-position\"><\/div>\n\n<div class=\"gb-container gb-container-3acdfa3b\">\n<div class=\"gb-container gb-container-aeab2b04 gb-container-full-width-container-content\">\n<div class=\"gb-container gb-container-73215247\">\n\n<h2 class=\"gb-headline gb-headline-a85e246e gb-headline-text\">Pr\u00e9servez votre apparence jeune avec les bons nutriments<\/h2>\n\n\n\n<p class=\"has-medium-font-size\" style=\"font-style:normal;font-weight:600\">Au fur et \u00e0 mesure que vous vieillissez, le soutien de la peau, des cheveux et des ongles devient de plus en plus important.<\/p>\n\n\n\n<p style=\"font-style:normal;font-weight:500\">\u00c0 partir de l&rsquo;\u00e2ge d&rsquo;environ 25 ans, la capacit\u00e9 naturelle de votre corps \u00e0 produire du collag\u00e8ne diminue. Cela se traduit par les signes typiques du vieillissement, tels que les rides, l&rsquo;amincissement des cheveux et les ongles fragiles.<\/p>\n\n\n\n<p>Pour ralentir ce processus et conserver plus longtemps une apparence jeune, il est donc important de soutenir au mieux la production naturelle de collag\u00e8ne.<\/p>\n\n\n\n<p style=\"font-style:normal;font-weight:500\">Heureusement, il existe divers compl\u00e9ments qui peuvent vous aider dans ce domaine<\/p>\n\n<\/div>\n<\/div>\n<\/div>\n<\/div>\n\n<div class=\"gb-container gb-container-e723cd3e gb-container-full-width-container\">\n<div class=\"gb-container gb-container-1fe60ec5 gb-container-full-width-container-content\">\n<div class=\"gb-container gb-container-87498b45\">\n\n<figure class=\"gb-block-image gb-block-image-5cc0f1b7\"><img decoding=\"async\" width=\"150\" height=\"150\" class=\"gb-image gb-image-5cc0f1b7\" src=\"https:\/\/www.foodie.nl\/app\/uploads\/\/Huid-haar-nagels-150x150.png\" alt=\"\" title=\"Huid haar nagels\" srcset=\"https:\/\/www.foodie.nl\/app\/uploads\/Huid-haar-nagels-150x150.png 150w, https:\/\/www.foodie.nl\/app\/uploads\/Huid-haar-nagels.png 300w, https:\/\/www.foodie.nl\/app\/uploads\/Huid-haar-nagels-100x100.png 100w\" sizes=\"(max-width: 150px) 100vw, 150px\" \/><\/figure>\n\n<\/div>\n\n<div class=\"gb-container gb-container-ab06424e\">\n\n<h1 class=\"wp-block-heading has-text-align-center\">Des compl\u00e9ments qui aident \u00e0 pr\u00e9server la jeunesse de votre peau, de vos cheveux et de vos ongles.<\/h1>\n\n<\/div>\n<\/div>\n<\/div>\n\n<div class=\"gb-container gb-container-14134488 gb-container-full-width-container\">\n<div class=\"gb-container gb-container-f9db3425 gb-container-full-width-container-content\"><\/div>\n<\/div>\n\n<div class=\"gb-container gb-container-10408376 gb-container-full-width-container\">\n<div class=\"gb-container gb-container-ca396bed gb-container-full-width-container-content\">\n<div class=\"gb-grid-wrapper gb-grid-wrapper-4b8f4847\">\n<div class=\"gb-grid-column gb-grid-column-eec578d7\"><div class=\"gb-container gb-container-eec578d7\">\n<div class=\"gb-container gb-container-10136db5 px-fd-single-product-transition\"><a class=\"gb-container-link\" href=\"https:\/\/www.foodie.nl\/fr\/product-categorie\/collagene-boost\/\"><\/a>\n\n<figure class=\"gb-block-image gb-block-image-8b4cde15\"><img decoding=\"async\" width=\"2400\" height=\"2400\" class=\"gb-image gb-image-8b4cde15\" src=\"https:\/\/www.foodie.nl\/app\/uploads\/2025\/05\/Collagen-Boost-1-pack.png\" alt=\"\" title=\"Collagen Boost 1-pack\" srcset=\"https:\/\/www.foodie.nl\/app\/uploads\/2025\/05\/Collagen-Boost-1-pack.png 2400w, https:\/\/www.foodie.nl\/app\/uploads\/2025\/05\/Collagen-Boost-1-pack-300x300.png 300w, https:\/\/www.foodie.nl\/app\/uploads\/2025\/05\/Collagen-Boost-1-pack-1024x1024.png 1024w, https:\/\/www.foodie.nl\/app\/uploads\/2025\/05\/Collagen-Boost-1-pack-150x150.png 150w, https:\/\/www.foodie.nl\/app\/uploads\/2025\/05\/Collagen-Boost-1-pack-768x768.png 768w, https:\/\/www.foodie.nl\/app\/uploads\/2025\/05\/Collagen-Boost-1-pack-1536x1536.png 1536w, https:\/\/www.foodie.nl\/app\/uploads\/2025\/05\/Collagen-Boost-1-pack-2048x2048.png 2048w, https:\/\/www.foodie.nl\/app\/uploads\/2025\/05\/Collagen-Boost-1-pack-510x510.png 510w, https:\/\/www.foodie.nl\/app\/uploads\/2025\/05\/Collagen-Boost-1-pack-100x100.png 100w\" sizes=\"(max-width: 2400px) 100vw, 2400px\" \/><\/figure>\n\n<\/div>\n\n<div class=\"gb-container gb-container-04231e21\">\n\n<h3 class=\"gb-headline gb-headline-8dd6dd62 gb-headline-text\">Collagen Boost<\/h3>\n\n\n\n<p>Collagen Boost est une poudre de collag\u00e8ne qui fournit \u00e0 votre corps des prot\u00e9ines de collag\u00e8ne.<\/p>\n\n\n\n<p>Les prot\u00e9ines sont les \u00e9l\u00e9ments constitutifs d&rsquo;un corps fort et solide, et les prot\u00e9ines pr\u00e9sentes dans Collagen Boost contribuent, par exemple, \u00e0 des tissus musculaires solides.<\/p>\n\n\n\n<p>De plus, gr\u00e2ce \u00e0 l&rsquo;ajout d&rsquo;extrait d&rsquo;ac\u00e9rola, Collagen Boost offre \u00e9galement un soutien prouv\u00e9 \u00e0 la production naturelle de collag\u00e8ne par le corps. L&rsquo;extrait d&rsquo;ac\u00e9rola est une source 100 % naturelle de vitamine C.<\/p>\n\n\n\n<p>Gr\u00e2ce \u00e0 cet ajout, Collagen Boost soutient la production de collag\u00e8ne dans la peau, les cheveux et les ongles. De plus, de l&rsquo;acide hyaluronique et de la biotine ont \u00e9t\u00e9 ajout\u00e9s pour faire de Collagen Boost le produit anti-\u00e2ge ultime.<\/p>\n\n\n\n<p>Ainsi, vous conservez une apparence jeune plus longtemps.<\/p>\n\n\n\n<a class=\"gb-button gb-button-e9d266ff gb-button-primary-button\" href=\"https:\/\/www.foodie.nl\/fr\/product-categorie\/collagene-boost\/\"><span class=\"gb-button-text\">Plus d&rsquo;informations<\/span><span class=\"gb-icon\"><svg xmlns=\"http:\/\/www.w3.org\/2000\/svg\" viewBox=\"0 0 512 512\" height=\"1em\"><path d=\"M505 273c9.4-9.4 9.4-24.6 0-33.9L369 103c-9.4-9.4-24.6-9.4-33.9 0s-9.4 24.6 0 33.9l95 95L24 232c-13.3 0-24 10.7-24 24s10.7 24 24 24l406.1 0-95 95c-9.4 9.4-9.4 24.6 0 33.9s24.6 9.4 33.9 0L505 273z\"><\/path><\/svg><\/span><\/a>\n\n<\/div>\n<\/div><\/div>\n\n<div class=\"gb-grid-column gb-grid-column-4196c9ea\"><div class=\"gb-container gb-container-4196c9ea\">\n<div class=\"gb-container gb-container-20f3af07 px-fd-single-product-transition\"><a class=\"gb-container-link\" href=\"https:\/\/www.foodie.nl\/fr\/product-categorie\/100-pure-krill-oil\/\"><\/a>\n\n<figure class=\"gb-block-image gb-block-image-76807ea8\"><img decoding=\"async\" width=\"2400\" height=\"2400\" class=\"gb-image gb-image-76807ea8\" src=\"https:\/\/www.foodie.nl\/app\/uploads\/2025\/07\/100-Pure-Krill-Oil-1-pack.png\" alt=\"\" title=\"100% Pure Krill Oil 1-pack\" srcset=\"https:\/\/www.foodie.nl\/app\/uploads\/2025\/07\/100-Pure-Krill-Oil-1-pack.png 2400w, https:\/\/www.foodie.nl\/app\/uploads\/2025\/07\/100-Pure-Krill-Oil-1-pack-300x300.png 300w, https:\/\/www.foodie.nl\/app\/uploads\/2025\/07\/100-Pure-Krill-Oil-1-pack-1024x1024.png 1024w, https:\/\/www.foodie.nl\/app\/uploads\/2025\/07\/100-Pure-Krill-Oil-1-pack-150x150.png 150w, https:\/\/www.foodie.nl\/app\/uploads\/2025\/07\/100-Pure-Krill-Oil-1-pack-768x768.png 768w, https:\/\/www.foodie.nl\/app\/uploads\/2025\/07\/100-Pure-Krill-Oil-1-pack-1536x1536.png 1536w, https:\/\/www.foodie.nl\/app\/uploads\/2025\/07\/100-Pure-Krill-Oil-1-pack-2048x2048.png 2048w, https:\/\/www.foodie.nl\/app\/uploads\/2025\/07\/100-Pure-Krill-Oil-1-pack-510x510.png 510w, https:\/\/www.foodie.nl\/app\/uploads\/2025\/07\/100-Pure-Krill-Oil-1-pack-100x100.png 100w\" sizes=\"(max-width: 2400px) 100vw, 2400px\" \/><\/figure>\n\n<\/div>\n\n<div class=\"gb-container gb-container-74e7b28b\">\n\n<h3 class=\"gb-headline gb-headline-a77e0d89 gb-headline-text\">100% Pure Krill Oil <\/h3>\n\n\n\n<p>L&rsquo;huile de krill est une source d&rsquo;acides gras om\u00e9ga-3, d&rsquo;astaxanthine, de phospholipides et de choline.<\/p>\n\n\n\n<p>Ces nutriments contribuent \u00e0 l&rsquo;hydratation de la peau. Ils aident la peau \u00e0 rester douce et souple.<\/p>\n\n\n\n<p>Mais ce n&rsquo;est pas tout. 100% Pure Krill Oil aide \u00e9galement \u00e0 pr\u00e9server l&rsquo;\u00e9lasticit\u00e9 de la peau.<\/p>\n\n\n\n<a class=\"gb-button gb-button-60ad32e4 gb-button-primary-button\" href=\"https:\/\/www.foodie.nl\/fr\/product-categorie\/100-pure-krill-oil\/\"><span class=\"gb-button-text\">Plus d&rsquo;informations<\/span><span class=\"gb-icon\"><svg xmlns=\"http:\/\/www.w3.org\/2000\/svg\" viewBox=\"0 0 512 512\" height=\"1em\"><path d=\"M505 273c9.4-9.4 9.4-24.6 0-33.9L369 103c-9.4-9.4-24.6-9.4-33.9 0s-9.4 24.6 0 33.9l95 95L24 232c-13.3 0-24 10.7-24 24s10.7 24 24 24l406.1 0-95 95c-9.4 9.4-9.4 24.6 0 33.9s24.6 9.4 33.9 0L505 273z\"><\/path><\/svg><\/span><\/a>\n\n<\/div>\n<\/div><\/div>\n\n<div class=\"gb-grid-column gb-grid-column-cb12a7aa\"><div class=\"gb-container gb-container-cb12a7aa\">\n<div class=\"gb-container gb-container-fbe8ffcc px-fd-single-product-transition\"><a class=\"gb-container-link\" href=\"https:\/\/www.foodie.nl\/fr\/product-categorie\/ultimate-probiotics\/\"><\/a>\n\n<figure class=\"gb-block-image gb-block-image-22d20438\"><img decoding=\"async\" width=\"2400\" height=\"2400\" class=\"gb-image gb-image-22d20438\" src=\"https:\/\/www.foodie.nl\/app\/uploads\/2018\/03\/Ultimate-Probiotics-1-pack.png\" alt=\"\" title=\"Ultimate Probiotics 1-pack\" srcset=\"https:\/\/www.foodie.nl\/app\/uploads\/2018\/03\/Ultimate-Probiotics-1-pack.png 2400w, https:\/\/www.foodie.nl\/app\/uploads\/2018\/03\/Ultimate-Probiotics-1-pack-300x300.png 300w, https:\/\/www.foodie.nl\/app\/uploads\/2018\/03\/Ultimate-Probiotics-1-pack-1024x1024.png 1024w, https:\/\/www.foodie.nl\/app\/uploads\/2018\/03\/Ultimate-Probiotics-1-pack-150x150.png 150w, https:\/\/www.foodie.nl\/app\/uploads\/2018\/03\/Ultimate-Probiotics-1-pack-768x768.png 768w, https:\/\/www.foodie.nl\/app\/uploads\/2018\/03\/Ultimate-Probiotics-1-pack-1536x1536.png 1536w, https:\/\/www.foodie.nl\/app\/uploads\/2018\/03\/Ultimate-Probiotics-1-pack-2048x2048.png 2048w, https:\/\/www.foodie.nl\/app\/uploads\/2018\/03\/Ultimate-Probiotics-1-pack-510x510.png 510w, https:\/\/www.foodie.nl\/app\/uploads\/2018\/03\/Ultimate-Probiotics-1-pack-100x100.png 100w\" sizes=\"(max-width: 2400px) 100vw, 2400px\" \/><\/figure>\n\n<\/div>\n\n<div class=\"gb-container gb-container-1dd27984\">\n\n<h3 class=\"gb-headline gb-headline-b304bbe7 gb-headline-text\">Ultimate Probiotics<\/h3>\n\n\n\n<p>De nombreux probl\u00e8mes de peau trouvent leur origine dans les intestins.<\/p>\n\n\n\n<p>Lorsque les intestins ne fonctionnent pas correctement ou que la flore intestinale est d\u00e9s\u00e9quilibr\u00e9e, cela peut se manifester par des probl\u00e8mes de peau.<\/p>\n\n\n\n<p>Ultimate Probiotics contient 30 milliards d&rsquo;organismes probiotiques qui aident la flore intestinale \u00e0 maintenir une diversit\u00e9 et une composition appropri\u00e9es.<\/p>\n\n\n\n<p>Pour cela, Ultimate Probiotics est dot\u00e9 des souches probiotiques sporul\u00e9es brevet\u00e9es Bacillus subtilis DE111\u00ae et Bacillus Coagulans Lactospore\u00ae.<\/p>\n\n\n\n<a class=\"gb-button gb-button-5badafdd gb-button-primary-button\" href=\"https:\/\/www.foodie.nl\/fr\/product-categorie\/ultimate-probiotics\/\"><span class=\"gb-button-text\">Plus d&rsquo;informations<\/span><span class=\"gb-icon\"><svg xmlns=\"http:\/\/www.w3.org\/2000\/svg\" viewBox=\"0 0 512 512\" height=\"1em\"><path d=\"M505 273c9.4-9.4 9.4-24.6 0-33.9L369 103c-9.4-9.4-24.6-9.4-33.9 0s-9.4 24.6 0 33.9l95 95L24 232c-13.3 0-24 10.7-24 24s10.7 24 24 24l406.1 0-95 95c-9.4 9.4-9.4 24.6 0 33.9s24.6 9.4 33.9 0L505 273z\"><\/path><\/svg><\/span><\/a>\n\n<\/div>\n<\/div><\/div>\n\n<div class=\"gb-grid-column gb-grid-column-f83f5e9b\"><div class=\"gb-container gb-container-f83f5e9b\">\n<div class=\"gb-container gb-container-8618e61f px-fd-single-product-transition\"><a class=\"gb-container-link\" href=\"https:\/\/www.foodie.nl\/fr\/product-categorie\/vitamine-c-boost\/\"><\/a>\n\n<figure class=\"gb-block-image gb-block-image-dd3c4714\"><img decoding=\"async\" class=\"gb-image gb-image-dd3c4714\" src=\"https:\/\/www.foodie.nl\/app\/uploads\/2025\/02\/49.png\" alt=\"\" title=\"1 sachet de Vitamine C Boost\"\/><\/figure>\n\n<\/div>\n\n<div class=\"gb-container gb-container-ae57d153\">\n\n<h3 class=\"gb-headline gb-headline-0189c4b1 gb-headline-text\">Vitamine C Boost<\/h3>\n\n\n\n<p>Vitamine C Boost contient la forme brevet\u00e9e PureWay-C\u2122.<\/p>\n\n\n\n<p>C&rsquo;est l&rsquo;une des formes de vitamine C les mieux absorb\u00e9es, qui est retenue plus longtemps par le corps. Cela est d\u00fb au fait que la mol\u00e9cule de vitamine C est li\u00e9e \u00e0 une particule de graisse.<\/p>\n\n\n\n<p>La vitamine C est un antioxydant qui prot\u00e8ge les cellules contre l&rsquo;oxydation. Elle aide \u00e9galement \u00e0 la production de collag\u00e8ne.<\/p>\n\n\n\n<p>Cela est important pour maintenir une peau ferme et jeune.<\/p>\n\n\n\n<a class=\"gb-button gb-button-89a69b65 gb-button-primary-button\" href=\"https:\/\/www.foodie.nl\/fr\/product-categorie\/vitamine-c-boost\/\"><span class=\"gb-button-text\">Plus d&rsquo;informations<\/span><span class=\"gb-icon\"><svg xmlns=\"http:\/\/www.w3.org\/2000\/svg\" viewBox=\"0 0 512 512\" height=\"1em\"><path d=\"M505 273c9.4-9.4 9.4-24.6 0-33.9L369 103c-9.4-9.4-24.6-9.4-33.9 0s-9.4 24.6 0 33.9l95 95L24 232c-13.3 0-24 10.7-24 24s10.7 24 24 24l406.1 0-95 95c-9.4 9.4-9.4 24.6 0 33.9s24.6 9.4 33.9 0L505 273z\"><\/path><\/svg><\/span><\/a>\n\n<\/div>\n<\/div><\/div>\n<\/div>\n<\/div>\n<\/div>\n\n<div class=\"gb-container gb-container-1783cbf2 gb-container-full-width-container\">\n<div class=\"gb-container gb-container-8735f7b5 gb-container-full-width-container-content\">\n\n<p class=\"has-text-align-center has-small-font-size\"><em>*Ces all\u00e9gations de sant\u00e9, fond\u00e9es sur des ingr\u00e9dients v\u00e9g\u00e9taux, sont actuellement examin\u00e9es par l&rsquo;EFSA.<\/em><\/p>\n\n<\/div>\n<\/div>","protected":false},"excerpt":{"rendered":"<p>Pr\u00e9servez votre apparence jeune avec les bons nutriments Au fur et \u00e0 mesure que vous vieillissez, le soutien de la peau, des cheveux et des ongles devient de plus en &#8230; <\/p>\n<p class=\"read-more-container\"><a title=\"Peau, Cheveux et Ongles\" class=\"read-more button\" href=\"https:\/\/www.foodie.nl\/fr\/besoins-de-sante\/peau-cheveux-ongles\/#more-1130266\" aria-label=\"En savoir plus sur Peau, Cheveux et Ongles\">Read more<\/a><\/p>\n","protected":false},"author":8822,"featured_media":0,"parent":1135537,"menu_order":0,"comment_status":"closed","ping_status":"closed","template":"","meta":{"_acf_changed":false,"om_disable_all_campaigns":false,"footnotes":""},"class_list":["post-1130266","page","type-page","status-publish"],"acf":[],"yoast_head":"<!-- This site is optimized with the Yoast SEO plugin v27.2 - https:\/\/yoast.com\/product\/yoast-seo-wordpress\/ -->\n<title>Peau, Cheveux et Ongles - Foodie<\/title>\n<meta name=\"description\" content=\"Pr\u00e9servez votre apparence jeune avec les bons nutriments Au fur et \u00e0 mesure que vous vieillissez, le soutien de la peau, des cheveux et des ongles devient\" \/>\n<meta name=\"robots\" content=\"index, follow, max-snippet:-1, max-image-preview:large, max-video-preview:-1\" \/>\n<link rel=\"canonical\" href=\"https:\/\/www.foodie.nl\/fr\/besoins-de-sante\/peau-cheveux-ongles\/\" \/>\n<meta property=\"og:locale\" content=\"fr_FR\" \/>\n<meta property=\"og:type\" content=\"article\" \/>\n<meta property=\"og:title\" content=\"Peau, Cheveux et Ongles - Foodie\" \/>\n<meta property=\"og:description\" content=\"Pr\u00e9servez votre apparence jeune avec les bons nutriments Au fur et \u00e0 mesure que vous vieillissez, le soutien de la peau, des cheveux et des ongles devient\" \/>\n<meta property=\"og:url\" content=\"https:\/\/www.foodie.nl\/fr\/besoins-de-sante\/peau-cheveux-ongles\/\" \/>\n<meta property=\"og:site_name\" content=\"Foodie\" \/>\n<meta property=\"article:modified_time\" content=\"2025-08-22T14:47:26+00:00\" \/>\n<meta property=\"og:image\" content=\"https:\/\/www.foodie.nl\/app\/uploads\/\/Huid-haar-nagels-150x150.png\" \/>\n<meta name=\"twitter:card\" content=\"summary_large_image\" \/>\n<meta name=\"twitter:label1\" content=\"Dur\u00e9e de lecture estim\u00e9e\" \/>\n\t<meta name=\"twitter:data1\" content=\"4 minutes\" \/>\n<script type=\"application\/ld+json\" class=\"yoast-schema-graph\">{\"@context\":\"https:\/\/schema.org\",\"@graph\":[{\"@type\":\"WebPage\",\"@id\":\"https:\/\/www.foodie.nl\/fr\/besoins-de-sante\/peau-cheveux-ongles\/\",\"url\":\"https:\/\/www.foodie.nl\/fr\/besoins-de-sante\/peau-cheveux-ongles\/\",\"name\":\"Peau, Cheveux et Ongles - Foodie\",\"isPartOf\":{\"@id\":\"https:\/\/www.foodie.nl\/fr\/#website\"},\"primaryImageOfPage\":{\"@id\":\"https:\/\/www.foodie.nl\/fr\/besoins-de-sante\/peau-cheveux-ongles\/#primaryimage\"},\"image\":{\"@id\":\"https:\/\/www.foodie.nl\/fr\/besoins-de-sante\/peau-cheveux-ongles\/#primaryimage\"},\"thumbnailUrl\":\"https:\/\/www.foodie.nl\/app\/uploads\/\/Huid-haar-nagels-150x150.png\",\"datePublished\":\"2023-01-18T13:12:54+00:00\",\"dateModified\":\"2025-08-22T14:47:26+00:00\",\"description\":\"Pr\u00e9servez votre apparence jeune avec les bons nutriments Au fur et \u00e0 mesure que vous vieillissez, le soutien de la peau, des cheveux et des ongles devient\",\"breadcrumb\":{\"@id\":\"https:\/\/www.foodie.nl\/fr\/besoins-de-sante\/peau-cheveux-ongles\/#breadcrumb\"},\"inLanguage\":\"fr-FR\",\"potentialAction\":[{\"@type\":\"ReadAction\",\"target\":[\"https:\/\/www.foodie.nl\/fr\/besoins-de-sante\/peau-cheveux-ongles\/\"]}]},{\"@type\":\"ImageObject\",\"inLanguage\":\"fr-FR\",\"@id\":\"https:\/\/www.foodie.nl\/fr\/besoins-de-sante\/peau-cheveux-ongles\/#primaryimage\",\"url\":\"https:\/\/www.foodie.nl\/app\/uploads\/\/Huid-haar-nagels-150x150.png\",\"contentUrl\":\"https:\/\/www.foodie.nl\/app\/uploads\/\/Huid-haar-nagels-150x150.png\"},{\"@type\":\"BreadcrumbList\",\"@id\":\"https:\/\/www.foodie.nl\/fr\/besoins-de-sante\/peau-cheveux-ongles\/#breadcrumb\",\"itemListElement\":[{\"@type\":\"ListItem\",\"position\":1,\"name\":\"Home\",\"item\":\"https:\/\/www.foodie.nl\/fr\/\"},{\"@type\":\"ListItem\",\"position\":2,\"name\":\"Nos conseils sant\u00e9\",\"item\":\"https:\/\/www.foodie.nl\/fr\/besoins-de-sante\/\"},{\"@type\":\"ListItem\",\"position\":3,\"name\":\"Peau, Cheveux et Ongles\"}]},{\"@type\":\"WebSite\",\"@id\":\"https:\/\/www.foodie.nl\/fr\/#website\",\"url\":\"https:\/\/www.foodie.nl\/fr\/\",\"name\":\"Foodie\",\"description\":\"Elke Hap Telt\",\"publisher\":{\"@id\":\"https:\/\/www.foodie.nl\/fr\/#organization\"},\"potentialAction\":[{\"@type\":\"SearchAction\",\"target\":{\"@type\":\"EntryPoint\",\"urlTemplate\":\"https:\/\/www.foodie.nl\/fr\/?s={search_term_string}\"},\"query-input\":{\"@type\":\"PropertyValueSpecification\",\"valueRequired\":true,\"valueName\":\"search_term_string\"}}],\"inLanguage\":\"fr-FR\"},{\"@type\":\"Organization\",\"@id\":\"https:\/\/www.foodie.nl\/fr\/#organization\",\"name\":\"Foodie\",\"url\":\"https:\/\/www.foodie.nl\/fr\/\",\"logo\":{\"@type\":\"ImageObject\",\"inLanguage\":\"fr-FR\",\"@id\":\"https:\/\/www.foodie.nl\/fr\/#\/schema\/logo\/image\/\",\"url\":\"https:\/\/www.foodie.nl\/app\/uploads\/2025\/01\/logo-foodie-wide@2x.png\",\"contentUrl\":\"https:\/\/www.foodie.nl\/app\/uploads\/2025\/01\/logo-foodie-wide@2x.png\",\"width\":236,\"height\":128,\"caption\":\"Foodie\"},\"image\":{\"@id\":\"https:\/\/www.foodie.nl\/fr\/#\/schema\/logo\/image\/\"}}]}<\/script>\n<!-- \/ Yoast SEO plugin. -->","yoast_head_json":{"title":"Peau, Cheveux et Ongles - Foodie","description":"Pr\u00e9servez votre apparence jeune avec les bons nutriments Au fur et \u00e0 mesure que vous vieillissez, le soutien de la peau, des cheveux et des ongles devient","robots":{"index":"index","follow":"follow","max-snippet":"max-snippet:-1","max-image-preview":"max-image-preview:large","max-video-preview":"max-video-preview:-1"},"canonical":"https:\/\/www.foodie.nl\/fr\/besoins-de-sante\/peau-cheveux-ongles\/","og_locale":"fr_FR","og_type":"article","og_title":"Peau, Cheveux et Ongles - Foodie","og_description":"Pr\u00e9servez votre apparence jeune avec les bons nutriments Au fur et \u00e0 mesure que vous vieillissez, le soutien de la peau, des cheveux et des ongles devient","og_url":"https:\/\/www.foodie.nl\/fr\/besoins-de-sante\/peau-cheveux-ongles\/","og_site_name":"Foodie","article_modified_time":"2025-08-22T14:47:26+00:00","og_image":[{"url":"https:\/\/www.foodie.nl\/app\/uploads\/\/Huid-haar-nagels-150x150.png","type":"","width":"","height":""}],"twitter_card":"summary_large_image","twitter_misc":{"Dur\u00e9e de lecture estim\u00e9e":"4 minutes"},"schema":{"@context":"https:\/\/schema.org","@graph":[{"@type":"WebPage","@id":"https:\/\/www.foodie.nl\/fr\/besoins-de-sante\/peau-cheveux-ongles\/","url":"https:\/\/www.foodie.nl\/fr\/besoins-de-sante\/peau-cheveux-ongles\/","name":"Peau, Cheveux et Ongles - Foodie","isPartOf":{"@id":"https:\/\/www.foodie.nl\/fr\/#website"},"primaryImageOfPage":{"@id":"https:\/\/www.foodie.nl\/fr\/besoins-de-sante\/peau-cheveux-ongles\/#primaryimage"},"image":{"@id":"https:\/\/www.foodie.nl\/fr\/besoins-de-sante\/peau-cheveux-ongles\/#primaryimage"},"thumbnailUrl":"https:\/\/www.foodie.nl\/app\/uploads\/\/Huid-haar-nagels-150x150.png","datePublished":"2023-01-18T13:12:54+00:00","dateModified":"2025-08-22T14:47:26+00:00","description":"Pr\u00e9servez votre apparence jeune avec les bons nutriments Au fur et \u00e0 mesure que vous vieillissez, le soutien de la peau, des cheveux et des ongles devient","breadcrumb":{"@id":"https:\/\/www.foodie.nl\/fr\/besoins-de-sante\/peau-cheveux-ongles\/#breadcrumb"},"inLanguage":"fr-FR","potentialAction":[{"@type":"ReadAction","target":["https:\/\/www.foodie.nl\/fr\/besoins-de-sante\/peau-cheveux-ongles\/"]}]},{"@type":"ImageObject","inLanguage":"fr-FR","@id":"https:\/\/www.foodie.nl\/fr\/besoins-de-sante\/peau-cheveux-ongles\/#primaryimage","url":"https:\/\/www.foodie.nl\/app\/uploads\/\/Huid-haar-nagels-150x150.png","contentUrl":"https:\/\/www.foodie.nl\/app\/uploads\/\/Huid-haar-nagels-150x150.png"},{"@type":"BreadcrumbList","@id":"https:\/\/www.foodie.nl\/fr\/besoins-de-sante\/peau-cheveux-ongles\/#breadcrumb","itemListElement":[{"@type":"ListItem","position":1,"name":"Home","item":"https:\/\/www.foodie.nl\/fr\/"},{"@type":"ListItem","position":2,"name":"Nos conseils sant\u00e9","item":"https:\/\/www.foodie.nl\/fr\/besoins-de-sante\/"},{"@type":"ListItem","position":3,"name":"Peau, Cheveux et Ongles"}]},{"@type":"WebSite","@id":"https:\/\/www.foodie.nl\/fr\/#website","url":"https:\/\/www.foodie.nl\/fr\/","name":"Foodie","description":"Elke Hap Telt","publisher":{"@id":"https:\/\/www.foodie.nl\/fr\/#organization"},"potentialAction":[{"@type":"SearchAction","target":{"@type":"EntryPoint","urlTemplate":"https:\/\/www.foodie.nl\/fr\/?s={search_term_string}"},"query-input":{"@type":"PropertyValueSpecification","valueRequired":true,"valueName":"search_term_string"}}],"inLanguage":"fr-FR"},{"@type":"Organization","@id":"https:\/\/www.foodie.nl\/fr\/#organization","name":"Foodie","url":"https:\/\/www.foodie.nl\/fr\/","logo":{"@type":"ImageObject","inLanguage":"fr-FR","@id":"https:\/\/www.foodie.nl\/fr\/#\/schema\/logo\/image\/","url":"https:\/\/www.foodie.nl\/app\/uploads\/2025\/01\/logo-foodie-wide@2x.png","contentUrl":"https:\/\/www.foodie.nl\/app\/uploads\/2025\/01\/logo-foodie-wide@2x.png","width":236,"height":128,"caption":"Foodie"},"image":{"@id":"https:\/\/www.foodie.nl\/fr\/#\/schema\/logo\/image\/"}}]}},"_links":{"self":[{"href":"https:\/\/www.foodie.nl\/fr\/wp-json\/wp\/v2\/pages\/1130266","targetHints":{"allow":["GET"]}}],"collection":[{"href":"https:\/\/www.foodie.nl\/fr\/wp-json\/wp\/v2\/pages"}],"about":[{"href":"https:\/\/www.foodie.nl\/fr\/wp-json\/wp\/v2\/types\/page"}],"author":[{"embeddable":true,"href":"https:\/\/www.foodie.nl\/fr\/wp-json\/wp\/v2\/users\/8822"}],"replies":[{"embeddable":true,"href":"https:\/\/www.foodie.nl\/fr\/wp-json\/wp\/v2\/comments?post=1130266"}],"version-history":[{"count":9,"href":"https:\/\/www.foodie.nl\/fr\/wp-json\/wp\/v2\/pages\/1130266\/revisions"}],"predecessor-version":[{"id":1170353,"href":"https:\/\/www.foodie.nl\/fr\/wp-json\/wp\/v2\/pages\/1130266\/revisions\/1170353"}],"up":[{"embeddable":true,"href":"https:\/\/www.foodie.nl\/fr\/wp-json\/wp\/v2\/pages\/1135537"}],"wp:attachment":[{"href":"https:\/\/www.foodie.nl\/fr\/wp-json\/wp\/v2\/media?parent=1130266"}],"curies":[{"name":"wp","href":"https:\/\/api.w.org\/{rel}","templated":true}]}}