{"id":1130287,"date":"2023-01-19T12:18:05","date_gmt":"2023-01-19T11:18:05","guid":{"rendered":"https:\/\/www.foodie.nl\/onrustige-spieren\/"},"modified":"2025-08-22T16:37:25","modified_gmt":"2025-08-22T14:37:25","slug":"jambes-agitees","status":"publish","type":"page","link":"https:\/\/www.foodie.nl\/fr\/besoins-de-sante\/jambes-agitees\/","title":{"rendered":"Muscles agit\u00e9s"},"content":{"rendered":"<div class=\"gb-container gb-container-79645e14 px-fd-container-position\">\n<div class=\"gb-container gb-container-c41ca6f4 px-fd-image-position\"><\/div>\n\n<div class=\"gb-container gb-container-3acdfa3b\">\n<div class=\"gb-container gb-container-aeab2b04 gb-container-full-width-container-content\">\n<div class=\"gb-container gb-container-73215247\">\n\n<h2 class=\"gb-headline gb-headline-a85e246e gb-headline-text\">Jambes agit\u00e9es<\/h2>\n\n\n\n<p class=\"has-medium-font-size\" style=\"font-style:normal;font-weight:600\">Ne laissez pas les crampes et les jambes agit\u00e9es <br>perturber votre sommeil.<\/p>\n\n\n\n<p style=\"font-style:normal;font-weight:500\">Lorsque vous \u00eates r\u00e9veill\u00e9 la nuit par des crampes nocturnes, cela peut \u00eatre d\u00fb \u00e0 une hydratation insuffisante de votre corps. Lorsque l&rsquo;\u00e9quilibre hydrique dans le corps n&rsquo;est pas correct, les muscles peuvent se contracter et provoquer des crampes.<\/p>\n\n\n\n<p>La suppl\u00e9mentation en sels et min\u00e9raux est une mani\u00e8re efficace de pr\u00e9venir cela. Par exemple, le magn\u00e9sium joue un r\u00f4le dans l&rsquo;\u00e9quilibre des \u00e9lectrolytes dans le corps. De plus, des min\u00e9raux tels que le potassium et le calcium sont impliqu\u00e9s dans la fonction musculaire.<\/p>\n\n\n\n<p style=\"font-style:normal;font-weight:500\">Assurez-vous donc de boire suffisamment et de consommer suffisamment de min\u00e9raux.<\/p>\n\n<\/div>\n<\/div>\n<\/div>\n<\/div>\n\n<div class=\"gb-container gb-container-e723cd3e gb-container-full-width-container\">\n<div class=\"gb-container gb-container-1fe60ec5 gb-container-full-width-container-content\">\n<div class=\"gb-container gb-container-87498b45\">\n\n<figure class=\"gb-block-image gb-block-image-5cc0f1b7\"><img decoding=\"async\" width=\"150\" height=\"150\" class=\"gb-image gb-image-5cc0f1b7\" src=\"https:\/\/www.foodie.nl\/app\/uploads\/\/Onrustige-spieren-150x150.png\" alt=\"\" title=\"Onrustige spieren\" srcset=\"https:\/\/www.foodie.nl\/app\/uploads\/Onrustige-spieren-150x150.png 150w, https:\/\/www.foodie.nl\/app\/uploads\/Onrustige-spieren.png 300w, https:\/\/www.foodie.nl\/app\/uploads\/Onrustige-spieren-100x100.png 100w\" sizes=\"(max-width: 150px) 100vw, 150px\" \/><\/figure>\n\n<\/div>\n\n<div class=\"gb-container gb-container-ab06424e\">\n\n<h1 class=\"wp-block-heading has-text-align-center\">Compl\u00e9ments pour soutenir une <br>bonne fonction musculaire<\/h1>\n\n<\/div>\n<\/div>\n<\/div>\n\n<div class=\"gb-container gb-container-0f6cff81 gb-container-full-width-container\">\n<div class=\"gb-container gb-container-5d92f860 gb-container-full-width-container-content\"><\/div>\n<\/div>\n\n<div class=\"gb-container gb-container-10408376 gb-container-full-width-container\">\n<div class=\"gb-container gb-container-ca396bed gb-container-full-width-container-content\">\n<div class=\"gb-grid-wrapper gb-grid-wrapper-4b8f4847\">\n<div class=\"gb-grid-column gb-grid-column-eec578d7\"><div class=\"gb-container gb-container-eec578d7\">\n<div class=\"gb-container gb-container-10136db5 px-fd-single-product-transition\"><a class=\"gb-container-link\" href=\"https:\/\/www.foodie.nl\/fr\/product-categorie\/ultimate-electrolytes\/\"><\/a>\n\n<figure class=\"gb-block-image gb-block-image-8b4cde15\"><img decoding=\"async\" width=\"2400\" height=\"2400\" class=\"gb-image gb-image-8b4cde15\" src=\"https:\/\/www.foodie.nl\/app\/uploads\/2025\/04\/Ultimate-Electrolytes-Citroen-1-pack.png\" alt=\"\" title=\"Ultimate Electrolytes Citroen 1-pack\" srcset=\"https:\/\/www.foodie.nl\/app\/uploads\/2025\/04\/Ultimate-Electrolytes-Citroen-1-pack.png 2400w, https:\/\/www.foodie.nl\/app\/uploads\/2025\/04\/Ultimate-Electrolytes-Citroen-1-pack-300x300.png 300w, https:\/\/www.foodie.nl\/app\/uploads\/2025\/04\/Ultimate-Electrolytes-Citroen-1-pack-1024x1024.png 1024w, https:\/\/www.foodie.nl\/app\/uploads\/2025\/04\/Ultimate-Electrolytes-Citroen-1-pack-150x150.png 150w, https:\/\/www.foodie.nl\/app\/uploads\/2025\/04\/Ultimate-Electrolytes-Citroen-1-pack-768x768.png 768w, https:\/\/www.foodie.nl\/app\/uploads\/2025\/04\/Ultimate-Electrolytes-Citroen-1-pack-1536x1536.png 1536w, https:\/\/www.foodie.nl\/app\/uploads\/2025\/04\/Ultimate-Electrolytes-Citroen-1-pack-2048x2048.png 2048w, https:\/\/www.foodie.nl\/app\/uploads\/2025\/04\/Ultimate-Electrolytes-Citroen-1-pack-510x510.png 510w, https:\/\/www.foodie.nl\/app\/uploads\/2025\/04\/Ultimate-Electrolytes-Citroen-1-pack-100x100.png 100w\" sizes=\"(max-width: 2400px) 100vw, 2400px\" \/><\/figure>\n\n<\/div>\n\n<div class=\"gb-container gb-container-04231e21\">\n\n<h3 class=\"gb-headline gb-headline-8dd6dd62 gb-headline-text\">Ultimate Electrolytes<\/h3>\n\n\n\n<p>Les \u00e9lectrolytes permettent une bonne conduction des signaux dans les nerfs.<\/p>\n\n\n\n<p>En effet, gr\u00e2ce \u00e0 cette conduction correcte, les muscles savent se contracter et se d\u00e9tendre.<\/p>\n\n\n\n<p>Une bonne hydratation avec du sel marin celtique et des min\u00e9raux comme le calcium, le potassium et le magn\u00e9sium soutient la fonction musculaire et la relaxation des muscles.<\/p>\n\n\n\n<p>Ces min\u00e9raux, tels que le calcium, le potassium et le magn\u00e9sium, sont impliqu\u00e9s dans ce processus.<\/p>\n\n\n\n<p>Vous retrouverez ces trois min\u00e9raux dans l&rsquo;Ultimate Electrolytes de Foodie.<\/p>\n\n\n\n<p>Il vous suffit d&rsquo;une seule dose pour pr\u00e9parer une boisson \u00e9lectrolytique d\u00e9salt\u00e9rante qui vous aide \u00e0 combattre les muscles agit\u00e9s.<\/p>\n\n\n\n<a class=\"gb-button gb-button-e9d266ff gb-button-primary-button\" href=\"https:\/\/www.foodie.nl\/fr\/product-categorie\/ultimate-electrolytes\/\"><span class=\"gb-button-text\">Plus d&rsquo;informations<\/span><span class=\"gb-icon\"><svg xmlns=\"http:\/\/www.w3.org\/2000\/svg\" viewBox=\"0 0 512 512\" height=\"1em\"><path d=\"M505 273c9.4-9.4 9.4-24.6 0-33.9L369 103c-9.4-9.4-24.6-9.4-33.9 0s-9.4 24.6 0 33.9l95 95L24 232c-13.3 0-24 10.7-24 24s10.7 24 24 24l406.1 0-95 95c-9.4 9.4-9.4 24.6 0 33.9s24.6 9.4 33.9 0L505 273z\"><\/path><\/svg><\/span><\/a>\n\n<\/div>\n<\/div><\/div>\n\n<div class=\"gb-grid-column gb-grid-column-f83f5e9b\"><div class=\"gb-container gb-container-f83f5e9b\">\n<div class=\"gb-container gb-container-8618e61f px-fd-single-product-transition\"><a class=\"gb-container-link\" href=\"https:\/\/www.foodie.nl\/fr\/product-categorie\/magnesium-boost\/\"><\/a>\n\n<figure class=\"gb-block-image gb-block-image-dd3c4714\"><img decoding=\"async\" width=\"800\" height=\"800\" class=\"gb-image gb-image-dd3c4714\" src=\"https:\/\/www.foodie.nl\/app\/uploads\/1-zakje-Magnesium.png\" alt=\"\" title=\"1 sachet de Magn\u00e9sium Boost\" srcset=\"https:\/\/www.foodie.nl\/app\/uploads\/1-zakje-Magnesium.png 800w, https:\/\/www.foodie.nl\/app\/uploads\/1-zakje-Magnesium-300x300.png 300w, https:\/\/www.foodie.nl\/app\/uploads\/1-zakje-Magnesium-150x150.png 150w, https:\/\/www.foodie.nl\/app\/uploads\/1-zakje-Magnesium-768x768.png 768w, https:\/\/www.foodie.nl\/app\/uploads\/1-zakje-Magnesium-510x510.png 510w, https:\/\/www.foodie.nl\/app\/uploads\/1-zakje-Magnesium-100x100.png 100w\" sizes=\"(max-width: 800px) 100vw, 800px\" \/><\/figure>\n\n<\/div>\n\n<div class=\"gb-container gb-container-ae57d153\">\n\n<h3 class=\"gb-headline gb-headline-0189c4b1 gb-headline-text\">Magn\u00e9sium Boost<\/h3>\n\n\n\n<p>Le magn\u00e9sium est le min\u00e9ral apaisant par excellence.<\/p>\n\n\n\n<p>Il aide les muscles \u00e0 se d\u00e9tendre et contribue \u00e9galement \u00e0 la r\u00e9sistance au stress. Il est donc \u00e9galement un excellent compl\u00e9ment pour la relaxation mentale.<\/p>\n\n\n\n<p>Magnesium Boost contient pas moins de 3 formes de magn\u00e9sium : bisglycinate de magn\u00e9sium, malate de magn\u00e9sium et citrate de magn\u00e9sium. Ce sont des formes organiques de magn\u00e9sium qui sont bien absorb\u00e9es par le corps.<\/p>\n\n\n\n<a class=\"gb-button gb-button-89a69b65 gb-button-primary-button\" href=\"https:\/\/www.foodie.nl\/fr\/product-categorie\/magnesium-boost\/\"><span class=\"gb-button-text\">Plus d&rsquo;informations<\/span><span class=\"gb-icon\"><svg xmlns=\"http:\/\/www.w3.org\/2000\/svg\" viewBox=\"0 0 512 512\" height=\"1em\"><path d=\"M505 273c9.4-9.4 9.4-24.6 0-33.9L369 103c-9.4-9.4-24.6-9.4-33.9 0s-9.4 24.6 0 33.9l95 95L24 232c-13.3 0-24 10.7-24 24s10.7 24 24 24l406.1 0-95 95c-9.4 9.4-9.4 24.6 0 33.9s24.6 9.4 33.9 0L505 273z\"><\/path><\/svg><\/span><\/a>\n\n<\/div>\n<\/div><\/div>\n<\/div>\n<\/div>\n<\/div>","protected":false},"excerpt":{"rendered":"<p>Jambes agit\u00e9es Ne laissez pas les crampes et les jambes agit\u00e9es perturber votre sommeil. Lorsque vous \u00eates r\u00e9veill\u00e9 la nuit par des crampes nocturnes, cela peut \u00eatre d\u00fb \u00e0 une &#8230; <\/p>\n<p class=\"read-more-container\"><a title=\"Muscles agit\u00e9s\" class=\"read-more button\" href=\"https:\/\/www.foodie.nl\/fr\/besoins-de-sante\/jambes-agitees\/#more-1130287\" aria-label=\"En savoir plus sur Muscles agit\u00e9s\">Read more<\/a><\/p>\n","protected":false},"author":8822,"featured_media":0,"parent":1135537,"menu_order":0,"comment_status":"closed","ping_status":"closed","template":"","meta":{"_acf_changed":false,"om_disable_all_campaigns":false,"footnotes":""},"class_list":["post-1130287","page","type-page","status-publish"],"acf":[],"yoast_head":"<!-- This site is optimized with the Yoast SEO plugin v27.2 - https:\/\/yoast.com\/product\/yoast-seo-wordpress\/ -->\n<title>Muscles agit\u00e9s - Foodie<\/title>\n<meta name=\"description\" content=\"Jambes agit\u00e9es Ne laissez pas les crampes et les jambes agit\u00e9es perturber votre sommeil. Lorsque vous \u00eates r\u00e9veill\u00e9 la nuit par des crampes nocturnes,\" \/>\n<meta name=\"robots\" content=\"index, follow, max-snippet:-1, max-image-preview:large, max-video-preview:-1\" \/>\n<link rel=\"canonical\" href=\"https:\/\/www.foodie.nl\/fr\/besoins-de-sante\/jambes-agitees\/\" \/>\n<meta property=\"og:locale\" content=\"fr_FR\" \/>\n<meta property=\"og:type\" content=\"article\" \/>\n<meta property=\"og:title\" content=\"Muscles agit\u00e9s - Foodie\" \/>\n<meta property=\"og:description\" content=\"Jambes agit\u00e9es Ne laissez pas les crampes et les jambes agit\u00e9es perturber votre sommeil. Lorsque vous \u00eates r\u00e9veill\u00e9 la nuit par des crampes nocturnes,\" \/>\n<meta property=\"og:url\" content=\"https:\/\/www.foodie.nl\/fr\/besoins-de-sante\/jambes-agitees\/\" \/>\n<meta property=\"og:site_name\" content=\"Foodie\" \/>\n<meta property=\"article:modified_time\" content=\"2025-08-22T14:37:25+00:00\" \/>\n<meta property=\"og:image\" content=\"https:\/\/www.foodie.nl\/app\/uploads\/\/Onrustige-spieren-150x150.png\" \/>\n<meta name=\"twitter:card\" content=\"summary_large_image\" \/>\n<meta name=\"twitter:label1\" content=\"Dur\u00e9e de lecture estim\u00e9e\" \/>\n\t<meta name=\"twitter:data1\" content=\"3 minutes\" \/>\n<script type=\"application\/ld+json\" class=\"yoast-schema-graph\">{\"@context\":\"https:\/\/schema.org\",\"@graph\":[{\"@type\":\"WebPage\",\"@id\":\"https:\/\/www.foodie.nl\/fr\/besoins-de-sante\/jambes-agitees\/\",\"url\":\"https:\/\/www.foodie.nl\/fr\/besoins-de-sante\/jambes-agitees\/\",\"name\":\"Muscles agit\u00e9s - Foodie\",\"isPartOf\":{\"@id\":\"https:\/\/www.foodie.nl\/fr\/#website\"},\"primaryImageOfPage\":{\"@id\":\"https:\/\/www.foodie.nl\/fr\/besoins-de-sante\/jambes-agitees\/#primaryimage\"},\"image\":{\"@id\":\"https:\/\/www.foodie.nl\/fr\/besoins-de-sante\/jambes-agitees\/#primaryimage\"},\"thumbnailUrl\":\"https:\/\/www.foodie.nl\/app\/uploads\/\/Onrustige-spieren-150x150.png\",\"datePublished\":\"2023-01-19T11:18:05+00:00\",\"dateModified\":\"2025-08-22T14:37:25+00:00\",\"description\":\"Jambes agit\u00e9es Ne laissez pas les crampes et les jambes agit\u00e9es perturber votre sommeil. Lorsque vous \u00eates r\u00e9veill\u00e9 la nuit par des crampes nocturnes,\",\"breadcrumb\":{\"@id\":\"https:\/\/www.foodie.nl\/fr\/besoins-de-sante\/jambes-agitees\/#breadcrumb\"},\"inLanguage\":\"fr-FR\",\"potentialAction\":[{\"@type\":\"ReadAction\",\"target\":[\"https:\/\/www.foodie.nl\/fr\/besoins-de-sante\/jambes-agitees\/\"]}]},{\"@type\":\"ImageObject\",\"inLanguage\":\"fr-FR\",\"@id\":\"https:\/\/www.foodie.nl\/fr\/besoins-de-sante\/jambes-agitees\/#primaryimage\",\"url\":\"https:\/\/www.foodie.nl\/app\/uploads\/\/Onrustige-spieren-150x150.png\",\"contentUrl\":\"https:\/\/www.foodie.nl\/app\/uploads\/\/Onrustige-spieren-150x150.png\"},{\"@type\":\"BreadcrumbList\",\"@id\":\"https:\/\/www.foodie.nl\/fr\/besoins-de-sante\/jambes-agitees\/#breadcrumb\",\"itemListElement\":[{\"@type\":\"ListItem\",\"position\":1,\"name\":\"Home\",\"item\":\"https:\/\/www.foodie.nl\/fr\/\"},{\"@type\":\"ListItem\",\"position\":2,\"name\":\"Nos conseils sant\u00e9\",\"item\":\"https:\/\/www.foodie.nl\/fr\/besoins-de-sante\/\"},{\"@type\":\"ListItem\",\"position\":3,\"name\":\"Muscles agit\u00e9s\"}]},{\"@type\":\"WebSite\",\"@id\":\"https:\/\/www.foodie.nl\/fr\/#website\",\"url\":\"https:\/\/www.foodie.nl\/fr\/\",\"name\":\"Foodie\",\"description\":\"Elke Hap Telt\",\"publisher\":{\"@id\":\"https:\/\/www.foodie.nl\/fr\/#organization\"},\"potentialAction\":[{\"@type\":\"SearchAction\",\"target\":{\"@type\":\"EntryPoint\",\"urlTemplate\":\"https:\/\/www.foodie.nl\/fr\/?s={search_term_string}\"},\"query-input\":{\"@type\":\"PropertyValueSpecification\",\"valueRequired\":true,\"valueName\":\"search_term_string\"}}],\"inLanguage\":\"fr-FR\"},{\"@type\":\"Organization\",\"@id\":\"https:\/\/www.foodie.nl\/fr\/#organization\",\"name\":\"Foodie\",\"url\":\"https:\/\/www.foodie.nl\/fr\/\",\"logo\":{\"@type\":\"ImageObject\",\"inLanguage\":\"fr-FR\",\"@id\":\"https:\/\/www.foodie.nl\/fr\/#\/schema\/logo\/image\/\",\"url\":\"https:\/\/www.foodie.nl\/app\/uploads\/2025\/01\/logo-foodie-wide@2x.png\",\"contentUrl\":\"https:\/\/www.foodie.nl\/app\/uploads\/2025\/01\/logo-foodie-wide@2x.png\",\"width\":236,\"height\":128,\"caption\":\"Foodie\"},\"image\":{\"@id\":\"https:\/\/www.foodie.nl\/fr\/#\/schema\/logo\/image\/\"}}]}<\/script>\n<!-- \/ Yoast SEO plugin. -->","yoast_head_json":{"title":"Muscles agit\u00e9s - Foodie","description":"Jambes agit\u00e9es Ne laissez pas les crampes et les jambes agit\u00e9es perturber votre sommeil. Lorsque vous \u00eates r\u00e9veill\u00e9 la nuit par des crampes nocturnes,","robots":{"index":"index","follow":"follow","max-snippet":"max-snippet:-1","max-image-preview":"max-image-preview:large","max-video-preview":"max-video-preview:-1"},"canonical":"https:\/\/www.foodie.nl\/fr\/besoins-de-sante\/jambes-agitees\/","og_locale":"fr_FR","og_type":"article","og_title":"Muscles agit\u00e9s - Foodie","og_description":"Jambes agit\u00e9es Ne laissez pas les crampes et les jambes agit\u00e9es perturber votre sommeil. Lorsque vous \u00eates r\u00e9veill\u00e9 la nuit par des crampes nocturnes,","og_url":"https:\/\/www.foodie.nl\/fr\/besoins-de-sante\/jambes-agitees\/","og_site_name":"Foodie","article_modified_time":"2025-08-22T14:37:25+00:00","og_image":[{"url":"https:\/\/www.foodie.nl\/app\/uploads\/\/Onrustige-spieren-150x150.png","type":"","width":"","height":""}],"twitter_card":"summary_large_image","twitter_misc":{"Dur\u00e9e de lecture estim\u00e9e":"3 minutes"},"schema":{"@context":"https:\/\/schema.org","@graph":[{"@type":"WebPage","@id":"https:\/\/www.foodie.nl\/fr\/besoins-de-sante\/jambes-agitees\/","url":"https:\/\/www.foodie.nl\/fr\/besoins-de-sante\/jambes-agitees\/","name":"Muscles agit\u00e9s - Foodie","isPartOf":{"@id":"https:\/\/www.foodie.nl\/fr\/#website"},"primaryImageOfPage":{"@id":"https:\/\/www.foodie.nl\/fr\/besoins-de-sante\/jambes-agitees\/#primaryimage"},"image":{"@id":"https:\/\/www.foodie.nl\/fr\/besoins-de-sante\/jambes-agitees\/#primaryimage"},"thumbnailUrl":"https:\/\/www.foodie.nl\/app\/uploads\/\/Onrustige-spieren-150x150.png","datePublished":"2023-01-19T11:18:05+00:00","dateModified":"2025-08-22T14:37:25+00:00","description":"Jambes agit\u00e9es Ne laissez pas les crampes et les jambes agit\u00e9es perturber votre sommeil. Lorsque vous \u00eates r\u00e9veill\u00e9 la nuit par des crampes nocturnes,","breadcrumb":{"@id":"https:\/\/www.foodie.nl\/fr\/besoins-de-sante\/jambes-agitees\/#breadcrumb"},"inLanguage":"fr-FR","potentialAction":[{"@type":"ReadAction","target":["https:\/\/www.foodie.nl\/fr\/besoins-de-sante\/jambes-agitees\/"]}]},{"@type":"ImageObject","inLanguage":"fr-FR","@id":"https:\/\/www.foodie.nl\/fr\/besoins-de-sante\/jambes-agitees\/#primaryimage","url":"https:\/\/www.foodie.nl\/app\/uploads\/\/Onrustige-spieren-150x150.png","contentUrl":"https:\/\/www.foodie.nl\/app\/uploads\/\/Onrustige-spieren-150x150.png"},{"@type":"BreadcrumbList","@id":"https:\/\/www.foodie.nl\/fr\/besoins-de-sante\/jambes-agitees\/#breadcrumb","itemListElement":[{"@type":"ListItem","position":1,"name":"Home","item":"https:\/\/www.foodie.nl\/fr\/"},{"@type":"ListItem","position":2,"name":"Nos conseils sant\u00e9","item":"https:\/\/www.foodie.nl\/fr\/besoins-de-sante\/"},{"@type":"ListItem","position":3,"name":"Muscles agit\u00e9s"}]},{"@type":"WebSite","@id":"https:\/\/www.foodie.nl\/fr\/#website","url":"https:\/\/www.foodie.nl\/fr\/","name":"Foodie","description":"Elke Hap Telt","publisher":{"@id":"https:\/\/www.foodie.nl\/fr\/#organization"},"potentialAction":[{"@type":"SearchAction","target":{"@type":"EntryPoint","urlTemplate":"https:\/\/www.foodie.nl\/fr\/?s={search_term_string}"},"query-input":{"@type":"PropertyValueSpecification","valueRequired":true,"valueName":"search_term_string"}}],"inLanguage":"fr-FR"},{"@type":"Organization","@id":"https:\/\/www.foodie.nl\/fr\/#organization","name":"Foodie","url":"https:\/\/www.foodie.nl\/fr\/","logo":{"@type":"ImageObject","inLanguage":"fr-FR","@id":"https:\/\/www.foodie.nl\/fr\/#\/schema\/logo\/image\/","url":"https:\/\/www.foodie.nl\/app\/uploads\/2025\/01\/logo-foodie-wide@2x.png","contentUrl":"https:\/\/www.foodie.nl\/app\/uploads\/2025\/01\/logo-foodie-wide@2x.png","width":236,"height":128,"caption":"Foodie"},"image":{"@id":"https:\/\/www.foodie.nl\/fr\/#\/schema\/logo\/image\/"}}]}},"_links":{"self":[{"href":"https:\/\/www.foodie.nl\/fr\/wp-json\/wp\/v2\/pages\/1130287","targetHints":{"allow":["GET"]}}],"collection":[{"href":"https:\/\/www.foodie.nl\/fr\/wp-json\/wp\/v2\/pages"}],"about":[{"href":"https:\/\/www.foodie.nl\/fr\/wp-json\/wp\/v2\/types\/page"}],"author":[{"embeddable":true,"href":"https:\/\/www.foodie.nl\/fr\/wp-json\/wp\/v2\/users\/8822"}],"replies":[{"embeddable":true,"href":"https:\/\/www.foodie.nl\/fr\/wp-json\/wp\/v2\/comments?post=1130287"}],"version-history":[{"count":11,"href":"https:\/\/www.foodie.nl\/fr\/wp-json\/wp\/v2\/pages\/1130287\/revisions"}],"predecessor-version":[{"id":1170346,"href":"https:\/\/www.foodie.nl\/fr\/wp-json\/wp\/v2\/pages\/1130287\/revisions\/1170346"}],"up":[{"embeddable":true,"href":"https:\/\/www.foodie.nl\/fr\/wp-json\/wp\/v2\/pages\/1135537"}],"wp:attachment":[{"href":"https:\/\/www.foodie.nl\/fr\/wp-json\/wp\/v2\/media?parent=1130287"}],"curies":[{"name":"wp","href":"https:\/\/api.w.org\/{rel}","templated":true}]}}