{"id":1130289,"date":"2023-01-19T17:44:02","date_gmt":"2023-01-19T16:44:02","guid":{"rendered":"https:\/\/www.foodie.nl\/plaintes-transitoires\/"},"modified":"2025-08-22T16:53:31","modified_gmt":"2025-08-22T14:53:31","slug":"plaintes-transitoires","status":"publish","type":"page","link":"https:\/\/www.foodie.nl\/fr\/besoins-de-sante\/plaintes-transitoires\/","title":{"rendered":"Sympt\u00f4mes de la m\u00e9nopause"},"content":{"rendered":"<div class=\"gb-container gb-container-79645e14 px-fd-container-position\">\n<div class=\"gb-container gb-container-c41ca6f4 px-fd-image-position\"><\/div>\n\n<div class=\"gb-container gb-container-3acdfa3b\">\n<div class=\"gb-container gb-container-aeab2b04 gb-container-full-width-container-content\">\n<div class=\"gb-container gb-container-73215247\">\n\n<h2 class=\"gb-headline gb-headline-a85e246e gb-headline-text\">Sympt\u00f4mes de la m\u00e9nopause<\/h2>\n\n\n\n<p class=\"has-medium-font-size\" style=\"font-style:normal;font-weight:600\">\u00c0 la m\u00e9nopause, le changement des niveaux d&rsquo;hormones peut affecter votre humeur.<\/p>\n\n\n\n<p style=\"font-style:normal;font-weight:500\">La modification des taux d&rsquo;hormones au cours de la m\u00e9nopause affecte divers processus dans le corps. La m\u00e9nopause peut avoir un impact non seulement sur l&rsquo;humeur, mais aussi sur la densit\u00e9 osseuse, par exemple. <\/p>\n\n<\/div>\n<\/div>\n<\/div>\n<\/div>\n\n<div class=\"gb-container gb-container-e723cd3e gb-container-full-width-container\">\n<div class=\"gb-container gb-container-1fe60ec5 gb-container-full-width-container-content\">\n<div class=\"gb-container gb-container-87498b45\">\n\n<figure class=\"gb-block-image gb-block-image-5cc0f1b7\"><img decoding=\"async\" width=\"150\" height=\"150\" class=\"gb-image gb-image-5cc0f1b7\" src=\"https:\/\/www.foodie.nl\/app\/uploads\/\/Overgangsklachten-150x150.png\" alt=\"\" title=\"Plaintes transitoires\" srcset=\"https:\/\/www.foodie.nl\/app\/uploads\/Overgangsklachten-150x150.png 150w, https:\/\/www.foodie.nl\/app\/uploads\/Overgangsklachten.png 300w, https:\/\/www.foodie.nl\/app\/uploads\/Overgangsklachten-100x100.png 100w\" sizes=\"(max-width: 150px) 100vw, 150px\" \/><\/figure>\n\n<\/div>\n\n<div class=\"gb-container gb-container-ab06424e\">\n\n<h1 class=\"wp-block-heading has-text-align-center\"><br>Suppl\u00e9ments Sympt\u00f4mes de la m\u00e9nopause<\/h1>\n\n<\/div>\n<\/div>\n<\/div>\n\n<div class=\"gb-container gb-container-ef2a2488 gb-container-full-width-container\">\n<div class=\"gb-container gb-container-a9dd16ec gb-container-full-width-container-content\"><\/div>\n<\/div>\n\n<div class=\"gb-container gb-container-10408376 gb-container-full-width-container\">\n<div class=\"gb-container gb-container-ca396bed gb-container-full-width-container-content\">\n<div class=\"gb-grid-wrapper gb-grid-wrapper-4b8f4847\">\n<div class=\"gb-grid-column gb-grid-column-eec578d7\"><div class=\"gb-container gb-container-eec578d7\">\n<div class=\"gb-container gb-container-10136db5 px-fd-single-product-transition\"><a class=\"gb-container-link\" href=\"https:\/\/www.foodie.nl\/fr\/product-categorie\/ultimate-ashwagandha\/\"><\/a>\n\n<figure class=\"gb-block-image gb-block-image-8b4cde15\"><img decoding=\"async\" width=\"800\" height=\"800\" class=\"gb-image gb-image-8b4cde15\" src=\"https:\/\/www.foodie.nl\/app\/uploads\/2024\/09\/Franse-producten-17.png\" alt=\"\" title=\"Franse producten (17)\" srcset=\"https:\/\/www.foodie.nl\/app\/uploads\/2024\/09\/Franse-producten-17.png 800w, https:\/\/www.foodie.nl\/app\/uploads\/2024\/09\/Franse-producten-17-300x300.png 300w, https:\/\/www.foodie.nl\/app\/uploads\/2024\/09\/Franse-producten-17-150x150.png 150w, https:\/\/www.foodie.nl\/app\/uploads\/2024\/09\/Franse-producten-17-768x768.png 768w, https:\/\/www.foodie.nl\/app\/uploads\/2024\/09\/Franse-producten-17-510x510.png 510w, https:\/\/www.foodie.nl\/app\/uploads\/2024\/09\/Franse-producten-17-100x100.png 100w\" sizes=\"(max-width: 800px) 100vw, 800px\" \/><\/figure>\n\n<\/div>\n\n<div class=\"gb-container gb-container-04231e21\">\n\n<h3 class=\"gb-headline gb-headline-8dd6dd62 gb-headline-text\">Ultimate Ashwagandha<\/h3>\n\n\n\n<p>L&rsquo;ashwagandha est connue comme la plante la plus apaisante de la m\u00e9decine ayurv\u00e9dique.  <\/p>\n\n\n\n<p>Ultimate Ashwagandha contient le KSM-66\u00ae brevet\u00e9, l&rsquo;un des extraits d&rsquo;ashwagandha les plus puissants au monde, avec la plus haute concentration en substances actives.<\/p>\n\n\n\n<p>Cet extrait aide \u00e0 r\u00e9duire le stress et les sentiments d&rsquo;agitation. Il soutient \u00e9galement la libido chez les hommes et les femmes.*<\/p>\n\n\n\n<p>Ultimate Ashwagandha est \u00e9galement enrichi en biotine (vitamine B8), qui soutient la r\u00e9sistance au stress, et en extrait de Tulsi (basilic sacr\u00e9), utilis\u00e9 pour maintenir une vitalit\u00e9 saine. Il offre \u00e9galement un soutien en p\u00e9riode de tension et de stress.*<\/p>\n\n\n\n<a class=\"gb-button gb-button-e9d266ff gb-button-primary-button\" href=\"https:\/\/www.foodie.nl\/fr\/product-categorie\/ultimate-ashwagandha\/\"><span class=\"gb-button-text\">Plus d&rsquo;informations<\/span><span class=\"gb-icon\"><svg xmlns=\"http:\/\/www.w3.org\/2000\/svg\" viewBox=\"0 0 512 512\" height=\"1em\"><path d=\"M505 273c9.4-9.4 9.4-24.6 0-33.9L369 103c-9.4-9.4-24.6-9.4-33.9 0s-9.4 24.6 0 33.9l95 95L24 232c-13.3 0-24 10.7-24 24s10.7 24 24 24l406.1 0-95 95c-9.4 9.4-9.4 24.6 0 33.9s24.6 9.4 33.9 0L505 273z\"><\/path><\/svg><\/span><\/a>\n\n<\/div>\n<\/div><\/div>\n\n<div class=\"gb-grid-column gb-grid-column-cb12a7aa\"><div class=\"gb-container gb-container-cb12a7aa\">\n<div class=\"gb-container gb-container-fbe8ffcc px-fd-single-product-transition\"><a class=\"gb-container-link\" href=\"https:\/\/www.foodie.nl\/fr\/product-categorie\/magnesium-boost\/\"><\/a>\n\n<figure class=\"gb-block-image gb-block-image-22d20438\"><img decoding=\"async\" width=\"2400\" height=\"2400\" class=\"gb-image gb-image-22d20438\" src=\"https:\/\/www.foodie.nl\/app\/uploads\/2025\/06\/Magnesium-Boost-1-pack.png\" alt=\"\" title=\"Magnesium Boost 1-pack\" srcset=\"https:\/\/www.foodie.nl\/app\/uploads\/2025\/06\/Magnesium-Boost-1-pack.png 2400w, https:\/\/www.foodie.nl\/app\/uploads\/2025\/06\/Magnesium-Boost-1-pack-300x300.png 300w, https:\/\/www.foodie.nl\/app\/uploads\/2025\/06\/Magnesium-Boost-1-pack-1024x1024.png 1024w, https:\/\/www.foodie.nl\/app\/uploads\/2025\/06\/Magnesium-Boost-1-pack-150x150.png 150w, https:\/\/www.foodie.nl\/app\/uploads\/2025\/06\/Magnesium-Boost-1-pack-768x768.png 768w, https:\/\/www.foodie.nl\/app\/uploads\/2025\/06\/Magnesium-Boost-1-pack-1536x1536.png 1536w, https:\/\/www.foodie.nl\/app\/uploads\/2025\/06\/Magnesium-Boost-1-pack-2048x2048.png 2048w, https:\/\/www.foodie.nl\/app\/uploads\/2025\/06\/Magnesium-Boost-1-pack-510x510.png 510w, https:\/\/www.foodie.nl\/app\/uploads\/2025\/06\/Magnesium-Boost-1-pack-100x100.png 100w\" sizes=\"(max-width: 2400px) 100vw, 2400px\" \/><\/figure>\n\n<\/div>\n\n<div class=\"gb-container gb-container-1dd27984\">\n\n<h3 class=\"gb-headline gb-headline-b304bbe7 gb-headline-text\">Magn\u00e9sium Boost<\/h3>\n\n\n\n<p>Le magn\u00e9sium est le min\u00e9ral apaisant par excellence.<\/p>\n\n\n\n<p>Dans votre corps, le magn\u00e9sium est impliqu\u00e9 dans plus de 600 r\u00e9actions biochimiques, dont certaines ont un effet relaxant.<\/p>\n\n\n\n<p>Il participe \u00e0 la d\u00e9tente des muscles et contribue \u00e0 la r\u00e9sistance au stress. Cela s&rsquo;explique par le fait que le magn\u00e9sium est impliqu\u00e9 dans la r\u00e9gulation de certains neurotransmetteurs dans le cerveau.<\/p>\n\n\n\n<p>Magn\u00e9sium Boost contient, en plus de 3 formes diff\u00e9rentes de magn\u00e9sium, de la vitamine B6, de la vitamine B12 et de l&rsquo;acide folique actif (Quatrefolic\u00ae). Ces vitamines contribuent \u00e0 l&rsquo;\u00e9nergie mentale et aident \u00e0 r\u00e9duire la sensibilit\u00e9 au stress.<\/p>\n\n\n\n<a class=\"gb-button gb-button-5badafdd gb-button-primary-button\" href=\"https:\/\/www.foodie.nl\/fr\/product-categorie\/magnesium-boost\/\"><span class=\"gb-button-text\">Plus d&rsquo;informations<\/span><span class=\"gb-icon\"><svg xmlns=\"http:\/\/www.w3.org\/2000\/svg\" viewBox=\"0 0 512 512\" height=\"1em\"><path d=\"M505 273c9.4-9.4 9.4-24.6 0-33.9L369 103c-9.4-9.4-24.6-9.4-33.9 0s-9.4 24.6 0 33.9l95 95L24 232c-13.3 0-24 10.7-24 24s10.7 24 24 24l406.1 0-95 95c-9.4 9.4-9.4 24.6 0 33.9s24.6 9.4 33.9 0L505 273z\"><\/path><\/svg><\/span><\/a>\n\n<\/div>\n<\/div><\/div>\n\n<div class=\"gb-grid-column gb-grid-column-4196c9ea\"><div class=\"gb-container gb-container-4196c9ea\">\n<div class=\"gb-container gb-container-20f3af07 px-fd-single-product-transition\"><a class=\"gb-container-link\" href=\"https:\/\/www.foodie.nl\/fr\/product-categorie\/yummie-greens\/\"><\/a>\n\n<figure class=\"gb-block-image gb-block-image-76807ea8\"><img decoding=\"async\" width=\"800\" height=\"800\" class=\"gb-image gb-image-76807ea8\" src=\"https:\/\/www.foodie.nl\/app\/uploads\/2024\/09\/Franse-producten-28.png\" alt=\"\" title=\"Franse producten (28)\" srcset=\"https:\/\/www.foodie.nl\/app\/uploads\/2024\/09\/Franse-producten-28.png 800w, https:\/\/www.foodie.nl\/app\/uploads\/2024\/09\/Franse-producten-28-300x300.png 300w, https:\/\/www.foodie.nl\/app\/uploads\/2024\/09\/Franse-producten-28-150x150.png 150w, https:\/\/www.foodie.nl\/app\/uploads\/2024\/09\/Franse-producten-28-768x768.png 768w, https:\/\/www.foodie.nl\/app\/uploads\/2024\/09\/Franse-producten-28-510x510.png 510w, https:\/\/www.foodie.nl\/app\/uploads\/2024\/09\/Franse-producten-28-100x100.png 100w\" sizes=\"(max-width: 800px) 100vw, 800px\" \/><\/figure>\n\n<\/div>\n\n<div class=\"gb-container gb-container-74e7b28b\">\n\n<h3 class=\"gb-headline gb-headline-a77e0d89 gb-headline-text\">Yummie Greens<\/h3>\n\n\n\n<p>Yummie Greens est la poudre de greens la plus savoureuse \u00e0 base de poudre d&rsquo;eau de coco biologique.<\/p>\n\n\n\n<p>Il contient divers super-foods et herbes tels que l&rsquo;herbe de bl\u00e9, la chlorelle, la spiruline et l&rsquo;extrait d&rsquo;acorela.<\/p>\n\n\n\n<p>La spiruline aide \u00e0 lutter contre la fatigue et soutient le syst\u00e8me immunitaire*.<\/p>\n\n\n\n<p>L&rsquo;extrait d&rsquo;ac\u00e9rola est une forme 100 % naturelle de vitamine C qui aide \u00e0 maintenir la r\u00e9silience mentale.<\/p>\n\n\n\n<p>Les autres super-foods contenus dans Yummie Greens sont le matcha, la citronnelle, le moringa et l&rsquo;extrait de betterave rouge.<\/p>\n\n\n\n<a class=\"gb-button gb-button-60ad32e4 gb-button-primary-button\" href=\"https:\/\/www.foodie.nl\/fr\/product-categorie\/yummie-greens\/\"><span class=\"gb-button-text\">Plus d&rsquo;informations<\/span><span class=\"gb-icon\"><svg xmlns=\"http:\/\/www.w3.org\/2000\/svg\" viewBox=\"0 0 512 512\" height=\"1em\"><path d=\"M505 273c9.4-9.4 9.4-24.6 0-33.9L369 103c-9.4-9.4-24.6-9.4-33.9 0s-9.4 24.6 0 33.9l95 95L24 232c-13.3 0-24 10.7-24 24s10.7 24 24 24l406.1 0-95 95c-9.4 9.4-9.4 24.6 0 33.9s24.6 9.4 33.9 0L505 273z\"><\/path><\/svg><\/span><\/a>\n\n<\/div>\n<\/div><\/div>\n\n<div class=\"gb-grid-column gb-grid-column-f83f5e9b\"><div class=\"gb-container gb-container-f83f5e9b\">\n<div class=\"gb-container gb-container-8618e61f px-fd-single-product-transition\"><a class=\"gb-container-link\" href=\"https:\/\/www.foodie.nl\/fr\/product-categorie\/vitamine-c-boost\/\"><\/a>\n\n<figure class=\"gb-block-image gb-block-image-dd3c4714\"><img decoding=\"async\" width=\"800\" height=\"800\" class=\"gb-image gb-image-dd3c4714\" src=\"https:\/\/www.foodie.nl\/app\/uploads\/2024\/09\/Franse-producten-22.png\" alt=\"\" title=\"Franse producten (22)\" srcset=\"https:\/\/www.foodie.nl\/app\/uploads\/2024\/09\/Franse-producten-22.png 800w, https:\/\/www.foodie.nl\/app\/uploads\/2024\/09\/Franse-producten-22-300x300.png 300w, https:\/\/www.foodie.nl\/app\/uploads\/2024\/09\/Franse-producten-22-150x150.png 150w, https:\/\/www.foodie.nl\/app\/uploads\/2024\/09\/Franse-producten-22-768x768.png 768w, https:\/\/www.foodie.nl\/app\/uploads\/2024\/09\/Franse-producten-22-510x510.png 510w, https:\/\/www.foodie.nl\/app\/uploads\/2024\/09\/Franse-producten-22-100x100.png 100w\" sizes=\"(max-width: 800px) 100vw, 800px\" \/><\/figure>\n\n<\/div>\n\n<div class=\"gb-container gb-container-ae57d153\">\n\n<h3 class=\"gb-headline gb-headline-0189c4b1 gb-headline-text\">Vitamine C Boost<\/h3>\n\n\n\n<p>Vitamine C Boost contient la forme brevet\u00e9e PureWay-C\u2122.<\/p>\n\n\n\n<p>C&rsquo;est l&rsquo;une des formes de vitamine C les mieux absorb\u00e9es, qui est retenue plus longtemps par le corps. Cela est d\u00fb au fait que la mol\u00e9cule de vitamine C est li\u00e9e \u00e0 une particule de graisse.<\/p>\n\n\n\n<p>La Vitamine C Boost contribue \u00e0 la clart\u00e9 de l&rsquo;esprit et participe \u00e0 la lib\u00e9ration de l&rsquo;\u00e9nergie contenue dans les aliments. Elle soutient l&rsquo;\u00e9nergie naturelle de l&rsquo;organisme et aide ainsi \u00e0 lutter contre la l\u00e9thargie.<\/p>\n\n\n\n<a class=\"gb-button gb-button-89a69b65 gb-button-primary-button\" href=\"https:\/\/www.foodie.nl\/fr\/product-categorie\/vitamine-c-boost\/\"><span class=\"gb-button-text\">Plus d&rsquo;informations<\/span><span class=\"gb-icon\"><svg xmlns=\"http:\/\/www.w3.org\/2000\/svg\" viewBox=\"0 0 512 512\" height=\"1em\"><path d=\"M505 273c9.4-9.4 9.4-24.6 0-33.9L369 103c-9.4-9.4-24.6-9.4-33.9 0s-9.4 24.6 0 33.9l95 95L24 232c-13.3 0-24 10.7-24 24s10.7 24 24 24l406.1 0-95 95c-9.4 9.4-9.4 24.6 0 33.9s24.6 9.4 33.9 0L505 273z\"><\/path><\/svg><\/span><\/a>\n\n<\/div>\n<\/div><\/div>\n<\/div>\n<\/div>\n<\/div>\n\n<div class=\"gb-container gb-container-1783cbf2 gb-container-full-width-container\">\n<div class=\"gb-container gb-container-8735f7b5 gb-container-full-width-container-content\">\n\n<p class=\"has-text-align-center has-small-font-size\"><em>*Ces all\u00e9gations de sant\u00e9, fond\u00e9es sur des ingr\u00e9dients v\u00e9g\u00e9taux, sont actuellement examin\u00e9es par l&rsquo;EFSA.<\/em><\/p>\n\n<\/div>\n<\/div>","protected":false},"excerpt":{"rendered":"<p>Sympt\u00f4mes de la m\u00e9nopause \u00c0 la m\u00e9nopause, le changement des niveaux d&rsquo;hormones peut affecter votre humeur. La modification des taux d&rsquo;hormones au cours de la m\u00e9nopause affecte divers processus dans &#8230; <\/p>\n<p class=\"read-more-container\"><a title=\"Sympt\u00f4mes de la m\u00e9nopause\" class=\"read-more button\" href=\"https:\/\/www.foodie.nl\/fr\/besoins-de-sante\/plaintes-transitoires\/#more-1130289\" aria-label=\"En savoir plus sur Sympt\u00f4mes de la m\u00e9nopause\">Read more<\/a><\/p>\n","protected":false},"author":8822,"featured_media":0,"parent":1135537,"menu_order":0,"comment_status":"closed","ping_status":"closed","template":"","meta":{"_acf_changed":false,"om_disable_all_campaigns":false,"footnotes":""},"class_list":["post-1130289","page","type-page","status-publish"],"acf":[],"yoast_head":"<!-- This site is optimized with the Yoast SEO plugin v27.2 - https:\/\/yoast.com\/product\/yoast-seo-wordpress\/ -->\n<title>Sympt\u00f4mes de la m\u00e9nopause - Foodie<\/title>\n<meta name=\"description\" content=\"Sympt\u00f4mes de la m\u00e9nopause \u00c0 la m\u00e9nopause, le changement des niveaux d&#039;hormones peut affecter votre humeur. La modification des taux d&#039;hormones au cours de\" \/>\n<meta name=\"robots\" content=\"index, follow, max-snippet:-1, max-image-preview:large, max-video-preview:-1\" \/>\n<link rel=\"canonical\" href=\"https:\/\/www.foodie.nl\/fr\/besoins-de-sante\/plaintes-transitoires\/\" \/>\n<meta property=\"og:locale\" content=\"fr_FR\" \/>\n<meta property=\"og:type\" content=\"article\" \/>\n<meta property=\"og:title\" content=\"Sympt\u00f4mes de la m\u00e9nopause - Foodie\" \/>\n<meta property=\"og:description\" content=\"Sympt\u00f4mes de la m\u00e9nopause \u00c0 la m\u00e9nopause, le changement des niveaux d&#039;hormones peut affecter votre humeur. La modification des taux d&#039;hormones au cours de\" \/>\n<meta property=\"og:url\" content=\"https:\/\/www.foodie.nl\/fr\/besoins-de-sante\/plaintes-transitoires\/\" \/>\n<meta property=\"og:site_name\" content=\"Foodie\" \/>\n<meta property=\"article:modified_time\" content=\"2025-08-22T14:53:31+00:00\" \/>\n<meta property=\"og:image\" content=\"https:\/\/www.foodie.nl\/app\/uploads\/\/Overgangsklachten-150x150.png\" \/>\n<meta name=\"twitter:card\" content=\"summary_large_image\" \/>\n<meta name=\"twitter:label1\" content=\"Dur\u00e9e de lecture estim\u00e9e\" \/>\n\t<meta name=\"twitter:data1\" content=\"4 minutes\" \/>\n<script type=\"application\/ld+json\" class=\"yoast-schema-graph\">{\"@context\":\"https:\/\/schema.org\",\"@graph\":[{\"@type\":\"WebPage\",\"@id\":\"https:\/\/www.foodie.nl\/fr\/besoins-de-sante\/plaintes-transitoires\/\",\"url\":\"https:\/\/www.foodie.nl\/fr\/besoins-de-sante\/plaintes-transitoires\/\",\"name\":\"Sympt\u00f4mes de la m\u00e9nopause - Foodie\",\"isPartOf\":{\"@id\":\"https:\/\/www.foodie.nl\/fr\/#website\"},\"primaryImageOfPage\":{\"@id\":\"https:\/\/www.foodie.nl\/fr\/besoins-de-sante\/plaintes-transitoires\/#primaryimage\"},\"image\":{\"@id\":\"https:\/\/www.foodie.nl\/fr\/besoins-de-sante\/plaintes-transitoires\/#primaryimage\"},\"thumbnailUrl\":\"https:\/\/www.foodie.nl\/app\/uploads\/\/Overgangsklachten-150x150.png\",\"datePublished\":\"2023-01-19T16:44:02+00:00\",\"dateModified\":\"2025-08-22T14:53:31+00:00\",\"description\":\"Sympt\u00f4mes de la m\u00e9nopause \u00c0 la m\u00e9nopause, le changement des niveaux d'hormones peut affecter votre humeur. La modification des taux d'hormones au cours de\",\"breadcrumb\":{\"@id\":\"https:\/\/www.foodie.nl\/fr\/besoins-de-sante\/plaintes-transitoires\/#breadcrumb\"},\"inLanguage\":\"fr-FR\",\"potentialAction\":[{\"@type\":\"ReadAction\",\"target\":[\"https:\/\/www.foodie.nl\/fr\/besoins-de-sante\/plaintes-transitoires\/\"]}]},{\"@type\":\"ImageObject\",\"inLanguage\":\"fr-FR\",\"@id\":\"https:\/\/www.foodie.nl\/fr\/besoins-de-sante\/plaintes-transitoires\/#primaryimage\",\"url\":\"https:\/\/www.foodie.nl\/app\/uploads\/\/Overgangsklachten-150x150.png\",\"contentUrl\":\"https:\/\/www.foodie.nl\/app\/uploads\/\/Overgangsklachten-150x150.png\"},{\"@type\":\"BreadcrumbList\",\"@id\":\"https:\/\/www.foodie.nl\/fr\/besoins-de-sante\/plaintes-transitoires\/#breadcrumb\",\"itemListElement\":[{\"@type\":\"ListItem\",\"position\":1,\"name\":\"Home\",\"item\":\"https:\/\/www.foodie.nl\/fr\/\"},{\"@type\":\"ListItem\",\"position\":2,\"name\":\"Nos conseils sant\u00e9\",\"item\":\"https:\/\/www.foodie.nl\/fr\/besoins-de-sante\/\"},{\"@type\":\"ListItem\",\"position\":3,\"name\":\"Sympt\u00f4mes de la m\u00e9nopause\"}]},{\"@type\":\"WebSite\",\"@id\":\"https:\/\/www.foodie.nl\/fr\/#website\",\"url\":\"https:\/\/www.foodie.nl\/fr\/\",\"name\":\"Foodie\",\"description\":\"Elke Hap Telt\",\"publisher\":{\"@id\":\"https:\/\/www.foodie.nl\/fr\/#organization\"},\"potentialAction\":[{\"@type\":\"SearchAction\",\"target\":{\"@type\":\"EntryPoint\",\"urlTemplate\":\"https:\/\/www.foodie.nl\/fr\/?s={search_term_string}\"},\"query-input\":{\"@type\":\"PropertyValueSpecification\",\"valueRequired\":true,\"valueName\":\"search_term_string\"}}],\"inLanguage\":\"fr-FR\"},{\"@type\":\"Organization\",\"@id\":\"https:\/\/www.foodie.nl\/fr\/#organization\",\"name\":\"Foodie\",\"url\":\"https:\/\/www.foodie.nl\/fr\/\",\"logo\":{\"@type\":\"ImageObject\",\"inLanguage\":\"fr-FR\",\"@id\":\"https:\/\/www.foodie.nl\/fr\/#\/schema\/logo\/image\/\",\"url\":\"https:\/\/www.foodie.nl\/app\/uploads\/2025\/01\/logo-foodie-wide@2x.png\",\"contentUrl\":\"https:\/\/www.foodie.nl\/app\/uploads\/2025\/01\/logo-foodie-wide@2x.png\",\"width\":236,\"height\":128,\"caption\":\"Foodie\"},\"image\":{\"@id\":\"https:\/\/www.foodie.nl\/fr\/#\/schema\/logo\/image\/\"}}]}<\/script>\n<!-- \/ Yoast SEO plugin. -->","yoast_head_json":{"title":"Sympt\u00f4mes de la m\u00e9nopause - Foodie","description":"Sympt\u00f4mes de la m\u00e9nopause \u00c0 la m\u00e9nopause, le changement des niveaux d'hormones peut affecter votre humeur. La modification des taux d'hormones au cours de","robots":{"index":"index","follow":"follow","max-snippet":"max-snippet:-1","max-image-preview":"max-image-preview:large","max-video-preview":"max-video-preview:-1"},"canonical":"https:\/\/www.foodie.nl\/fr\/besoins-de-sante\/plaintes-transitoires\/","og_locale":"fr_FR","og_type":"article","og_title":"Sympt\u00f4mes de la m\u00e9nopause - Foodie","og_description":"Sympt\u00f4mes de la m\u00e9nopause \u00c0 la m\u00e9nopause, le changement des niveaux d'hormones peut affecter votre humeur. La modification des taux d'hormones au cours de","og_url":"https:\/\/www.foodie.nl\/fr\/besoins-de-sante\/plaintes-transitoires\/","og_site_name":"Foodie","article_modified_time":"2025-08-22T14:53:31+00:00","og_image":[{"url":"https:\/\/www.foodie.nl\/app\/uploads\/\/Overgangsklachten-150x150.png","type":"","width":"","height":""}],"twitter_card":"summary_large_image","twitter_misc":{"Dur\u00e9e de lecture estim\u00e9e":"4 minutes"},"schema":{"@context":"https:\/\/schema.org","@graph":[{"@type":"WebPage","@id":"https:\/\/www.foodie.nl\/fr\/besoins-de-sante\/plaintes-transitoires\/","url":"https:\/\/www.foodie.nl\/fr\/besoins-de-sante\/plaintes-transitoires\/","name":"Sympt\u00f4mes de la m\u00e9nopause - Foodie","isPartOf":{"@id":"https:\/\/www.foodie.nl\/fr\/#website"},"primaryImageOfPage":{"@id":"https:\/\/www.foodie.nl\/fr\/besoins-de-sante\/plaintes-transitoires\/#primaryimage"},"image":{"@id":"https:\/\/www.foodie.nl\/fr\/besoins-de-sante\/plaintes-transitoires\/#primaryimage"},"thumbnailUrl":"https:\/\/www.foodie.nl\/app\/uploads\/\/Overgangsklachten-150x150.png","datePublished":"2023-01-19T16:44:02+00:00","dateModified":"2025-08-22T14:53:31+00:00","description":"Sympt\u00f4mes de la m\u00e9nopause \u00c0 la m\u00e9nopause, le changement des niveaux d'hormones peut affecter votre humeur. La modification des taux d'hormones au cours de","breadcrumb":{"@id":"https:\/\/www.foodie.nl\/fr\/besoins-de-sante\/plaintes-transitoires\/#breadcrumb"},"inLanguage":"fr-FR","potentialAction":[{"@type":"ReadAction","target":["https:\/\/www.foodie.nl\/fr\/besoins-de-sante\/plaintes-transitoires\/"]}]},{"@type":"ImageObject","inLanguage":"fr-FR","@id":"https:\/\/www.foodie.nl\/fr\/besoins-de-sante\/plaintes-transitoires\/#primaryimage","url":"https:\/\/www.foodie.nl\/app\/uploads\/\/Overgangsklachten-150x150.png","contentUrl":"https:\/\/www.foodie.nl\/app\/uploads\/\/Overgangsklachten-150x150.png"},{"@type":"BreadcrumbList","@id":"https:\/\/www.foodie.nl\/fr\/besoins-de-sante\/plaintes-transitoires\/#breadcrumb","itemListElement":[{"@type":"ListItem","position":1,"name":"Home","item":"https:\/\/www.foodie.nl\/fr\/"},{"@type":"ListItem","position":2,"name":"Nos conseils sant\u00e9","item":"https:\/\/www.foodie.nl\/fr\/besoins-de-sante\/"},{"@type":"ListItem","position":3,"name":"Sympt\u00f4mes de la m\u00e9nopause"}]},{"@type":"WebSite","@id":"https:\/\/www.foodie.nl\/fr\/#website","url":"https:\/\/www.foodie.nl\/fr\/","name":"Foodie","description":"Elke Hap Telt","publisher":{"@id":"https:\/\/www.foodie.nl\/fr\/#organization"},"potentialAction":[{"@type":"SearchAction","target":{"@type":"EntryPoint","urlTemplate":"https:\/\/www.foodie.nl\/fr\/?s={search_term_string}"},"query-input":{"@type":"PropertyValueSpecification","valueRequired":true,"valueName":"search_term_string"}}],"inLanguage":"fr-FR"},{"@type":"Organization","@id":"https:\/\/www.foodie.nl\/fr\/#organization","name":"Foodie","url":"https:\/\/www.foodie.nl\/fr\/","logo":{"@type":"ImageObject","inLanguage":"fr-FR","@id":"https:\/\/www.foodie.nl\/fr\/#\/schema\/logo\/image\/","url":"https:\/\/www.foodie.nl\/app\/uploads\/2025\/01\/logo-foodie-wide@2x.png","contentUrl":"https:\/\/www.foodie.nl\/app\/uploads\/2025\/01\/logo-foodie-wide@2x.png","width":236,"height":128,"caption":"Foodie"},"image":{"@id":"https:\/\/www.foodie.nl\/fr\/#\/schema\/logo\/image\/"}}]}},"_links":{"self":[{"href":"https:\/\/www.foodie.nl\/fr\/wp-json\/wp\/v2\/pages\/1130289","targetHints":{"allow":["GET"]}}],"collection":[{"href":"https:\/\/www.foodie.nl\/fr\/wp-json\/wp\/v2\/pages"}],"about":[{"href":"https:\/\/www.foodie.nl\/fr\/wp-json\/wp\/v2\/types\/page"}],"author":[{"embeddable":true,"href":"https:\/\/www.foodie.nl\/fr\/wp-json\/wp\/v2\/users\/8822"}],"replies":[{"embeddable":true,"href":"https:\/\/www.foodie.nl\/fr\/wp-json\/wp\/v2\/comments?post=1130289"}],"version-history":[{"count":10,"href":"https:\/\/www.foodie.nl\/fr\/wp-json\/wp\/v2\/pages\/1130289\/revisions"}],"predecessor-version":[{"id":1170359,"href":"https:\/\/www.foodie.nl\/fr\/wp-json\/wp\/v2\/pages\/1130289\/revisions\/1170359"}],"up":[{"embeddable":true,"href":"https:\/\/www.foodie.nl\/fr\/wp-json\/wp\/v2\/pages\/1135537"}],"wp:attachment":[{"href":"https:\/\/www.foodie.nl\/fr\/wp-json\/wp\/v2\/media?parent=1130289"}],"curies":[{"name":"wp","href":"https:\/\/api.w.org\/{rel}","templated":true}]}}