{"id":1130293,"date":"2023-01-19T12:13:54","date_gmt":"2023-01-19T11:13:54","guid":{"rendered":"https:\/\/www.foodie.nl\/spierkracht\/"},"modified":"2025-08-22T16:34:17","modified_gmt":"2025-08-22T14:34:17","slug":"force-musculaire","status":"publish","type":"page","link":"https:\/\/www.foodie.nl\/fr\/besoins-de-sante\/force-musculaire\/","title":{"rendered":"Force musculaire"},"content":{"rendered":"<div class=\"gb-container gb-container-79645e14 px-fd-container-position\">\n<div class=\"gb-container gb-container-c41ca6f4 px-fd-image-position\"><\/div>\n\n<div class=\"gb-container gb-container-3acdfa3b\">\n<div class=\"gb-container gb-container-aeab2b04 gb-container-full-width-container-content\">\n<div class=\"gb-container gb-container-73215247\">\n\n<h2 class=\"gb-headline gb-headline-a85e246e gb-headline-text\">Force musculaire<\/h2>\n\n\n\n<p class=\"has-medium-font-size\" style=\"font-style:normal;font-weight:600\">Un corps sain est un corps fort.<\/p>\n\n\n\n<p style=\"font-style:normal;font-weight:500\">Des \u00e9tudes ont montr\u00e9 que le maintien de la masse musculaire est une condition importante pour une vie longue et en bonne sant\u00e9. Il est donc essentiel de stimuler et de soutenir votre corps dans ce domaine.<\/p>\n\n\n\n<p style=\"font-style:normal;font-weight:500\">Les stimulations proviennent \u00e9videmment de l&rsquo;exercice physique. Soulever des objets lourds, \u00e0 la salle de sport, \u00e0 la maison ou peut-\u00eatre m\u00eame au travail. Le soutien provient d&rsquo;une alimentation ad\u00e9quate et de compl\u00e9ments alimentaires adapt\u00e9s.<\/p>\n\n<\/div>\n<\/div>\n<\/div>\n<\/div>\n\n<div class=\"gb-container gb-container-e723cd3e gb-container-full-width-container\">\n<div class=\"gb-container gb-container-1fe60ec5 gb-container-full-width-container-content\">\n<div class=\"gb-container gb-container-87498b45\">\n\n<figure class=\"gb-block-image gb-block-image-5cc0f1b7\"><img decoding=\"async\" width=\"150\" height=\"150\" class=\"gb-image gb-image-5cc0f1b7\" src=\"https:\/\/www.foodie.nl\/app\/uploads\/\/Spierkracht-150x150.png\" alt=\"\" title=\"Spierkracht\" srcset=\"https:\/\/www.foodie.nl\/app\/uploads\/Spierkracht-150x150.png 150w, https:\/\/www.foodie.nl\/app\/uploads\/Spierkracht.png 300w, https:\/\/www.foodie.nl\/app\/uploads\/Spierkracht-100x100.png 100w\" sizes=\"(max-width: 150px) 100vw, 150px\" \/><\/figure>\n\n<\/div>\n\n<div class=\"gb-container gb-container-ab06424e\">\n\n<h1 class=\"wp-block-heading has-text-align-center\">Compl\u00e9ments pour d\u00e9velopper et <br>maintenir des muscles forts<\/h1>\n\n<\/div>\n<\/div>\n<\/div>\n\n<div class=\"gb-container gb-container-bf7f0efe gb-container-full-width-container\">\n<div class=\"gb-container gb-container-5eb36b01 gb-container-full-width-container-content\"><\/div>\n<\/div>\n\n<div class=\"gb-container gb-container-10408376 gb-container-full-width-container\">\n<div class=\"gb-container gb-container-ca396bed gb-container-full-width-container-content\">\n<div class=\"gb-grid-wrapper gb-grid-wrapper-4b8f4847\">\n<div class=\"gb-grid-column gb-grid-column-eec578d7\"><div class=\"gb-container gb-container-eec578d7\">\n<div class=\"gb-container gb-container-10136db5 px-fd-single-product-transition\"><a class=\"gb-container-link\" href=\"https:\/\/www.foodie.nl\/fr\/product-categorie\/collagene-os-et-articulations\/\"><\/a>\n\n<figure class=\"gb-block-image gb-block-image-8b4cde15\"><img decoding=\"async\" width=\"2400\" height=\"2400\" class=\"gb-image gb-image-8b4cde15\" src=\"https:\/\/www.foodie.nl\/app\/uploads\/2025\/07\/Collagen-Bone-Joints-1-pack.png\" alt=\"\" title=\"Collagen Bone &amp; Joints 1-pack\" srcset=\"https:\/\/www.foodie.nl\/app\/uploads\/2025\/07\/Collagen-Bone-Joints-1-pack.png 2400w, https:\/\/www.foodie.nl\/app\/uploads\/2025\/07\/Collagen-Bone-Joints-1-pack-300x300.png 300w, https:\/\/www.foodie.nl\/app\/uploads\/2025\/07\/Collagen-Bone-Joints-1-pack-1024x1024.png 1024w, https:\/\/www.foodie.nl\/app\/uploads\/2025\/07\/Collagen-Bone-Joints-1-pack-150x150.png 150w, https:\/\/www.foodie.nl\/app\/uploads\/2025\/07\/Collagen-Bone-Joints-1-pack-768x768.png 768w, https:\/\/www.foodie.nl\/app\/uploads\/2025\/07\/Collagen-Bone-Joints-1-pack-1536x1536.png 1536w, https:\/\/www.foodie.nl\/app\/uploads\/2025\/07\/Collagen-Bone-Joints-1-pack-2048x2048.png 2048w, https:\/\/www.foodie.nl\/app\/uploads\/2025\/07\/Collagen-Bone-Joints-1-pack-510x510.png 510w, https:\/\/www.foodie.nl\/app\/uploads\/2025\/07\/Collagen-Bone-Joints-1-pack-100x100.png 100w\" sizes=\"(max-width: 2400px) 100vw, 2400px\" \/><\/figure>\n\n<\/div>\n\n<div class=\"gb-container gb-container-04231e21\">\n\n<h3 class=\"gb-headline gb-headline-8dd6dd62 gb-headline-text\">Collagen Bone &amp; Joints <\/h3>\n\n\n\n<p>Le collag\u00e8ne est la principale prot\u00e9ine de votre corps qui procure de la solidit\u00e9.<\/p>\n\n\n\n<p>Il apporte de la solidit\u00e9 \u00e0 vos os, articulations, tendons et muscles.<\/p>\n\n\n\n<p>Collagen Bone &amp; Joints est formul\u00e9 pour soutenir non seulement des os solides, mais aussi des articulations souples. De plus, les prot\u00e9ines contenues dans Collagen Bone &amp; Joints soutiennent la croissance de la masse musculaire.<\/p>\n\n\n\n<p>Collagen Bone &amp; Joints contient \u00e9galement divers min\u00e9raux et vitamines qui soutiennent la fonction musculaire, comme le calcium et la vitamine D3.<\/p>\n\n\n\n<a class=\"gb-button gb-button-e9d266ff gb-button-primary-button\" href=\"https:\/\/www.foodie.nl\/fr\/product-categorie\/collagene-os-et-articulations\/\"><span class=\"gb-button-text\">Plus d&rsquo;informations<\/span><span class=\"gb-icon\"><svg xmlns=\"http:\/\/www.w3.org\/2000\/svg\" viewBox=\"0 0 512 512\" height=\"1em\"><path d=\"M505 273c9.4-9.4 9.4-24.6 0-33.9L369 103c-9.4-9.4-24.6-9.4-33.9 0s-9.4 24.6 0 33.9l95 95L24 232c-13.3 0-24 10.7-24 24s10.7 24 24 24l406.1 0-95 95c-9.4 9.4-9.4 24.6 0 33.9s24.6 9.4 33.9 0L505 273z\"><\/path><\/svg><\/span><\/a>\n\n<\/div>\n<\/div><\/div>\n\n<div class=\"gb-grid-column gb-grid-column-4196c9ea\"><div class=\"gb-container gb-container-4196c9ea\">\n<div class=\"gb-container gb-container-20f3af07 px-fd-single-product-transition\"><a class=\"gb-container-link\" href=\"https:\/\/www.foodie.nl\/fr\/product-categorie\/vitamine-d3-boost\/\"><\/a>\n\n<figure class=\"gb-block-image gb-block-image-76807ea8\"><img decoding=\"async\" width=\"2400\" height=\"2400\" class=\"gb-image gb-image-76807ea8\" src=\"https:\/\/www.foodie.nl\/app\/uploads\/2020\/10\/Vitamine-D3-Boost-1-pack.png\" alt=\"\" title=\"Vitamine D3 Boost 1-pack\" srcset=\"https:\/\/www.foodie.nl\/app\/uploads\/2020\/10\/Vitamine-D3-Boost-1-pack.png 2400w, https:\/\/www.foodie.nl\/app\/uploads\/2020\/10\/Vitamine-D3-Boost-1-pack-300x300.png 300w, https:\/\/www.foodie.nl\/app\/uploads\/2020\/10\/Vitamine-D3-Boost-1-pack-1024x1024.png 1024w, https:\/\/www.foodie.nl\/app\/uploads\/2020\/10\/Vitamine-D3-Boost-1-pack-150x150.png 150w, https:\/\/www.foodie.nl\/app\/uploads\/2020\/10\/Vitamine-D3-Boost-1-pack-768x768.png 768w, https:\/\/www.foodie.nl\/app\/uploads\/2020\/10\/Vitamine-D3-Boost-1-pack-1536x1536.png 1536w, https:\/\/www.foodie.nl\/app\/uploads\/2020\/10\/Vitamine-D3-Boost-1-pack-2048x2048.png 2048w, https:\/\/www.foodie.nl\/app\/uploads\/2020\/10\/Vitamine-D3-Boost-1-pack-510x510.png 510w, https:\/\/www.foodie.nl\/app\/uploads\/2020\/10\/Vitamine-D3-Boost-1-pack-100x100.png 100w\" sizes=\"(max-width: 2400px) 100vw, 2400px\" \/><\/figure>\n\n<\/div>\n\n<div class=\"gb-container gb-container-74e7b28b\">\n\n<h3 class=\"gb-headline gb-headline-a77e0d89 gb-headline-text\">Vitamine D3 Boost<\/h3>\n\n\n\n<p>La vitamine D est une vitamine indispensable pour le corps pour plusieurs raisons.<\/p>\n\n\n\n<p>Elle contribue au bon fonctionnement du syst\u00e8me immunitaire et \u00e0 la formation des os, mais elle est \u00e9galement impliqu\u00e9e dans la fonction musculaire.<\/p>\n\n\n\n<p>Vitamine D3 Boost contient pas moins de 3000 UI de la forme de vitamine D la mieux absorb\u00e9e, \u00e0 savoir la vitamine D3 (chol\u00e9calcif\u00e9rol).<\/p>\n\n\n\n<a class=\"gb-button gb-button-60ad32e4 gb-button-primary-button\" href=\"https:\/\/www.foodie.nl\/fr\/product-categorie\/vitamine-d3-boost\/\"><span class=\"gb-button-text\">Plus d&rsquo;informations<\/span><span class=\"gb-icon\"><svg xmlns=\"http:\/\/www.w3.org\/2000\/svg\" viewBox=\"0 0 512 512\" height=\"1em\"><path d=\"M505 273c9.4-9.4 9.4-24.6 0-33.9L369 103c-9.4-9.4-24.6-9.4-33.9 0s-9.4 24.6 0 33.9l95 95L24 232c-13.3 0-24 10.7-24 24s10.7 24 24 24l406.1 0-95 95c-9.4 9.4-9.4 24.6 0 33.9s24.6 9.4 33.9 0L505 273z\"><\/path><\/svg><\/span><\/a>\n\n<\/div>\n<\/div><\/div>\n\n<div class=\"gb-grid-column gb-grid-column-d0d7a833\"><div class=\"gb-container gb-container-d0d7a833\">\n<div class=\"gb-container gb-container-bbc1a579 px-fd-single-product-transition\"><a class=\"gb-container-link\" href=\"https:\/\/www.foodie.nl\/fr\/product-categorie\/ultimate-electrolytes\/\"><\/a>\n\n<figure class=\"gb-block-image gb-block-image-a0ceb161\"><img decoding=\"async\" width=\"2400\" height=\"2400\" class=\"gb-image gb-image-a0ceb161\" src=\"https:\/\/www.foodie.nl\/app\/uploads\/2025\/04\/Ultimate-Electrolytes-Citroen-1-pack.png\" alt=\"\" title=\"Ultimate Electrolytes Citroen 1-pack\" srcset=\"https:\/\/www.foodie.nl\/app\/uploads\/2025\/04\/Ultimate-Electrolytes-Citroen-1-pack.png 2400w, https:\/\/www.foodie.nl\/app\/uploads\/2025\/04\/Ultimate-Electrolytes-Citroen-1-pack-300x300.png 300w, https:\/\/www.foodie.nl\/app\/uploads\/2025\/04\/Ultimate-Electrolytes-Citroen-1-pack-1024x1024.png 1024w, https:\/\/www.foodie.nl\/app\/uploads\/2025\/04\/Ultimate-Electrolytes-Citroen-1-pack-150x150.png 150w, https:\/\/www.foodie.nl\/app\/uploads\/2025\/04\/Ultimate-Electrolytes-Citroen-1-pack-768x768.png 768w, https:\/\/www.foodie.nl\/app\/uploads\/2025\/04\/Ultimate-Electrolytes-Citroen-1-pack-1536x1536.png 1536w, https:\/\/www.foodie.nl\/app\/uploads\/2025\/04\/Ultimate-Electrolytes-Citroen-1-pack-2048x2048.png 2048w, https:\/\/www.foodie.nl\/app\/uploads\/2025\/04\/Ultimate-Electrolytes-Citroen-1-pack-510x510.png 510w, https:\/\/www.foodie.nl\/app\/uploads\/2025\/04\/Ultimate-Electrolytes-Citroen-1-pack-100x100.png 100w\" sizes=\"(max-width: 2400px) 100vw, 2400px\" \/><\/figure>\n\n<\/div>\n\n<div class=\"gb-container gb-container-51edafa4\">\n\n<h3 class=\"gb-headline gb-headline-b0ad7ece gb-headline-text\">Ultimate Electrolytes<\/h3>\n\n\n\n<p>Les \u00e9lectrolytes permettent une bonne conduction des signaux dans les nerfs.<\/p>\n\n\n\n<p>Cela est logiquement tr\u00e8s important pour le fonctionnement de vos muscles. Gr\u00e2ce \u00e0 une conduction correcte, les muscles savent se contracter et se d\u00e9tendre.<\/p>\n\n\n\n<p>Des min\u00e9raux comme le calcium, le potassium et le magn\u00e9sium sont impliqu\u00e9s dans ce processus.<\/p>\n\n\n\n<p>Vous trouverez ces trois min\u00e9raux dans Ultimate Electrolytes de Foodie.<\/p>\n\n\n\n<p>Il vous suffit d&rsquo;une seule dose pour pr\u00e9parer une boisson \u00e9lectrolytique d\u00e9salt\u00e9rante qui vous aide \u00e0 donner le meilleur de vous-m\u00eame tout au long de la journ\u00e9e ou pendant votre entra\u00eenement.<\/p>\n\n\n\n<a class=\"gb-button gb-button-c36e4b78 gb-button-primary-button\" href=\"https:\/\/www.foodie.nl\/fr\/product-categorie\/ultimate-electrolytes\/\"><span class=\"gb-button-text\">Plus d&rsquo;informations<\/span><span class=\"gb-icon\"><svg xmlns=\"http:\/\/www.w3.org\/2000\/svg\" viewBox=\"0 0 512 512\" height=\"1em\"><path d=\"M505 273c9.4-9.4 9.4-24.6 0-33.9L369 103c-9.4-9.4-24.6-9.4-33.9 0s-9.4 24.6 0 33.9l95 95L24 232c-13.3 0-24 10.7-24 24s10.7 24 24 24l406.1 0-95 95c-9.4 9.4-9.4 24.6 0 33.9s24.6 9.4 33.9 0L505 273z\"><\/path><\/svg><\/span><\/a>\n\n<\/div>\n<\/div><\/div>\n\n<div class=\"gb-grid-column gb-grid-column-cb12a7aa\"><div class=\"gb-container gb-container-cb12a7aa\">\n<div class=\"gb-container gb-container-fbe8ffcc px-fd-single-product-transition\"><a class=\"gb-container-link\" href=\"https:\/\/www.foodie.nl\/fr\/product-categorie\/magnesium-boost\/\"><\/a>\n\n<figure class=\"gb-block-image gb-block-image-22d20438\"><img decoding=\"async\" width=\"2400\" height=\"2400\" class=\"gb-image gb-image-22d20438\" src=\"https:\/\/www.foodie.nl\/app\/uploads\/2025\/06\/Magnesium-Boost-1-pack.png\" alt=\"\" title=\"Magnesium Boost 1-pack\" srcset=\"https:\/\/www.foodie.nl\/app\/uploads\/2025\/06\/Magnesium-Boost-1-pack.png 2400w, https:\/\/www.foodie.nl\/app\/uploads\/2025\/06\/Magnesium-Boost-1-pack-300x300.png 300w, https:\/\/www.foodie.nl\/app\/uploads\/2025\/06\/Magnesium-Boost-1-pack-1024x1024.png 1024w, https:\/\/www.foodie.nl\/app\/uploads\/2025\/06\/Magnesium-Boost-1-pack-150x150.png 150w, https:\/\/www.foodie.nl\/app\/uploads\/2025\/06\/Magnesium-Boost-1-pack-768x768.png 768w, https:\/\/www.foodie.nl\/app\/uploads\/2025\/06\/Magnesium-Boost-1-pack-1536x1536.png 1536w, https:\/\/www.foodie.nl\/app\/uploads\/2025\/06\/Magnesium-Boost-1-pack-2048x2048.png 2048w, https:\/\/www.foodie.nl\/app\/uploads\/2025\/06\/Magnesium-Boost-1-pack-510x510.png 510w, https:\/\/www.foodie.nl\/app\/uploads\/2025\/06\/Magnesium-Boost-1-pack-100x100.png 100w\" sizes=\"(max-width: 2400px) 100vw, 2400px\" \/><\/figure>\n\n<\/div>\n\n<div class=\"gb-container gb-container-1dd27984\">\n\n<h3 class=\"gb-headline gb-headline-b304bbe7 gb-headline-text\">Magn\u00e9sium Boost<\/h3>\n\n\n\n<p>Le magn\u00e9sium est un min\u00e9ral important pour le fonctionnement des muscles.<\/p>\n\n\n\n<p>De plus, il joue un r\u00f4le dans la gestion de l&rsquo;\u00e9nergie.<\/p>\n\n\n\n<p>Magn\u00e9sium Boost contient \u00e9galement de la vitamine B6, de la B12 et de l&rsquo;acide folique actif, qui sont tous trois importants pour l&rsquo;\u00e9nergie physique et mentale.<\/p>\n\n\n\n<a class=\"gb-button gb-button-5badafdd gb-button-primary-button\" href=\"https:\/\/www.foodie.nl\/fr\/product-categorie\/magnesium-boost\/\"><span class=\"gb-button-text\">Plus d&rsquo;informations<\/span><span class=\"gb-icon\"><svg xmlns=\"http:\/\/www.w3.org\/2000\/svg\" viewBox=\"0 0 512 512\" height=\"1em\"><path d=\"M505 273c9.4-9.4 9.4-24.6 0-33.9L369 103c-9.4-9.4-24.6-9.4-33.9 0s-9.4 24.6 0 33.9l95 95L24 232c-13.3 0-24 10.7-24 24s10.7 24 24 24l406.1 0-95 95c-9.4 9.4-9.4 24.6 0 33.9s24.6 9.4 33.9 0L505 273z\"><\/path><\/svg><\/span><\/a>\n\n<\/div>\n<\/div><\/div>\n\n<div class=\"gb-grid-column gb-grid-column-f83f5e9b\"><div class=\"gb-container gb-container-f83f5e9b\">\n<div class=\"gb-container gb-container-8618e61f px-fd-single-product-transition\"><a class=\"gb-container-link\" href=\"https:\/\/www.foodie.nl\/fr\/product-categorie\/ultimate-ashwagandha\/\"><\/a>\n\n<figure class=\"gb-block-image gb-block-image-dd3c4714\"><img decoding=\"async\" class=\"gb-image gb-image-dd3c4714\" src=\"https:\/\/www.foodie.nl\/app\/uploads\/2025\/02\/34.png\" alt=\"\" title=\"1 sachet d'Ultimate Ashwagandha\"\/><\/figure>\n\n<\/div>\n\n<div class=\"gb-container gb-container-ae57d153\">\n\n<h3 class=\"gb-headline gb-headline-0189c4b1 gb-headline-text\">Ultimate Ashwagandha<\/h3>\n\n\n\n<p>L&rsquo;Ashwagandha est connu comme un booster naturel de testost\u00e9rone.<\/p>\n\n\n\n<p>Une \u00e9tude men\u00e9e avec le KSM-66\u00ae a montr\u00e9 que cet extrait brevet\u00e9 d&rsquo;ashwagandha pourrait contribuer \u00e0 maintenir de bons niveaux de testost\u00e9rone et pourrait \u00e9galement soutenir une libido saine.* <\/p>\n\n\n\n<a class=\"gb-button gb-button-89a69b65 gb-button-primary-button\" href=\"https:\/\/www.foodie.nl\/fr\/product-categorie\/ultimate-ashwagandha\/\"><span class=\"gb-button-text\">Plus d&rsquo;informations<\/span><span class=\"gb-icon\"><svg xmlns=\"http:\/\/www.w3.org\/2000\/svg\" viewBox=\"0 0 512 512\" height=\"1em\"><path d=\"M505 273c9.4-9.4 9.4-24.6 0-33.9L369 103c-9.4-9.4-24.6-9.4-33.9 0s-9.4 24.6 0 33.9l95 95L24 232c-13.3 0-24 10.7-24 24s10.7 24 24 24l406.1 0-95 95c-9.4 9.4-9.4 24.6 0 33.9s24.6 9.4 33.9 0L505 273z\"><\/path><\/svg><\/span><\/a>\n\n<\/div>\n<\/div><\/div>\n<\/div>\n<\/div>\n<\/div>\n\n<div class=\"gb-container gb-container-1783cbf2 gb-container-full-width-container\">\n<div class=\"gb-container gb-container-8735f7b5 gb-container-full-width-container-content\">\n\n<p class=\"has-text-align-center has-small-font-size\"><em>*Ces all\u00e9gations de sant\u00e9, fond\u00e9es sur des ingr\u00e9dients v\u00e9g\u00e9taux, sont actuellement examin\u00e9es par l&rsquo;EFSA.<\/em><\/p>\n\n<\/div>\n<\/div>","protected":false},"excerpt":{"rendered":"<p>Force musculaire Un corps sain est un corps fort. Des \u00e9tudes ont montr\u00e9 que le maintien de la masse musculaire est une condition importante pour une vie longue et en &#8230; <\/p>\n<p class=\"read-more-container\"><a title=\"Force musculaire\" class=\"read-more button\" href=\"https:\/\/www.foodie.nl\/fr\/besoins-de-sante\/force-musculaire\/#more-1130293\" aria-label=\"En savoir plus sur Force musculaire\">Read more<\/a><\/p>\n","protected":false},"author":8822,"featured_media":0,"parent":1135537,"menu_order":0,"comment_status":"closed","ping_status":"closed","template":"","meta":{"_acf_changed":false,"om_disable_all_campaigns":false,"footnotes":""},"class_list":["post-1130293","page","type-page","status-publish"],"acf":[],"yoast_head":"<!-- This site is optimized with the Yoast SEO plugin v27.4 - https:\/\/yoast.com\/product\/yoast-seo-wordpress\/ -->\n<title>Force musculaire - Foodie<\/title>\n<meta name=\"description\" content=\"Force musculaire Un corps sain est un corps fort. Des \u00e9tudes ont montr\u00e9 que le maintien de la masse musculaire est une condition importante pour une vie\" \/>\n<meta name=\"robots\" content=\"index, follow, max-snippet:-1, max-image-preview:large, max-video-preview:-1\" \/>\n<link rel=\"canonical\" href=\"https:\/\/www.foodie.nl\/fr\/besoins-de-sante\/force-musculaire\/\" \/>\n<meta property=\"og:locale\" content=\"fr_FR\" \/>\n<meta property=\"og:type\" content=\"article\" \/>\n<meta property=\"og:title\" content=\"Force musculaire - Foodie\" \/>\n<meta property=\"og:description\" content=\"Force musculaire Un corps sain est un corps fort. Des \u00e9tudes ont montr\u00e9 que le maintien de la masse musculaire est une condition importante pour une vie\" \/>\n<meta property=\"og:url\" content=\"https:\/\/www.foodie.nl\/fr\/besoins-de-sante\/force-musculaire\/\" \/>\n<meta property=\"og:site_name\" content=\"Foodie\" \/>\n<meta property=\"article:modified_time\" content=\"2025-08-22T14:34:17+00:00\" \/>\n<meta property=\"og:image\" content=\"https:\/\/www.foodie.nl\/app\/uploads\/\/Spierkracht-150x150.png\" \/>\n<meta name=\"twitter:card\" content=\"summary_large_image\" \/>\n<meta name=\"twitter:label1\" content=\"Dur\u00e9e de lecture estim\u00e9e\" \/>\n\t<meta name=\"twitter:data1\" content=\"4 minutes\" \/>\n<script type=\"application\/ld+json\" class=\"yoast-schema-graph\">{\"@context\":\"https:\\\/\\\/schema.org\",\"@graph\":[{\"@type\":\"WebPage\",\"@id\":\"https:\\\/\\\/www.foodie.nl\\\/fr\\\/besoins-de-sante\\\/force-musculaire\\\/\",\"url\":\"https:\\\/\\\/www.foodie.nl\\\/fr\\\/besoins-de-sante\\\/force-musculaire\\\/\",\"name\":\"Force musculaire - Foodie\",\"isPartOf\":{\"@id\":\"https:\\\/\\\/www.foodie.nl\\\/fr\\\/#website\"},\"primaryImageOfPage\":{\"@id\":\"https:\\\/\\\/www.foodie.nl\\\/fr\\\/besoins-de-sante\\\/force-musculaire\\\/#primaryimage\"},\"image\":{\"@id\":\"https:\\\/\\\/www.foodie.nl\\\/fr\\\/besoins-de-sante\\\/force-musculaire\\\/#primaryimage\"},\"thumbnailUrl\":\"https:\\\/\\\/www.foodie.nl\\\/app\\\/uploads\\\/\\\/Spierkracht-150x150.png\",\"datePublished\":\"2023-01-19T11:13:54+00:00\",\"dateModified\":\"2025-08-22T14:34:17+00:00\",\"description\":\"Force musculaire Un corps sain est un corps fort. Des \u00e9tudes ont montr\u00e9 que le maintien de la masse musculaire est une condition importante pour une vie\",\"breadcrumb\":{\"@id\":\"https:\\\/\\\/www.foodie.nl\\\/fr\\\/besoins-de-sante\\\/force-musculaire\\\/#breadcrumb\"},\"inLanguage\":\"fr-FR\",\"potentialAction\":[{\"@type\":\"ReadAction\",\"target\":[\"https:\\\/\\\/www.foodie.nl\\\/fr\\\/besoins-de-sante\\\/force-musculaire\\\/\"]}]},{\"@type\":\"ImageObject\",\"inLanguage\":\"fr-FR\",\"@id\":\"https:\\\/\\\/www.foodie.nl\\\/fr\\\/besoins-de-sante\\\/force-musculaire\\\/#primaryimage\",\"url\":\"https:\\\/\\\/www.foodie.nl\\\/app\\\/uploads\\\/\\\/Spierkracht-150x150.png\",\"contentUrl\":\"https:\\\/\\\/www.foodie.nl\\\/app\\\/uploads\\\/\\\/Spierkracht-150x150.png\"},{\"@type\":\"BreadcrumbList\",\"@id\":\"https:\\\/\\\/www.foodie.nl\\\/fr\\\/besoins-de-sante\\\/force-musculaire\\\/#breadcrumb\",\"itemListElement\":[{\"@type\":\"ListItem\",\"position\":1,\"name\":\"Home\",\"item\":\"https:\\\/\\\/www.foodie.nl\\\/fr\\\/\"},{\"@type\":\"ListItem\",\"position\":2,\"name\":\"Nos conseils sant\u00e9\",\"item\":\"https:\\\/\\\/www.foodie.nl\\\/fr\\\/besoins-de-sante\\\/\"},{\"@type\":\"ListItem\",\"position\":3,\"name\":\"Force musculaire\"}]},{\"@type\":\"WebSite\",\"@id\":\"https:\\\/\\\/www.foodie.nl\\\/fr\\\/#website\",\"url\":\"https:\\\/\\\/www.foodie.nl\\\/fr\\\/\",\"name\":\"Foodie\",\"description\":\"Elke Hap Telt\",\"publisher\":{\"@id\":\"https:\\\/\\\/www.foodie.nl\\\/fr\\\/#organization\"},\"potentialAction\":[{\"@type\":\"SearchAction\",\"target\":{\"@type\":\"EntryPoint\",\"urlTemplate\":\"https:\\\/\\\/www.foodie.nl\\\/fr\\\/?s={search_term_string}\"},\"query-input\":{\"@type\":\"PropertyValueSpecification\",\"valueRequired\":true,\"valueName\":\"search_term_string\"}}],\"inLanguage\":\"fr-FR\"},{\"@type\":\"Organization\",\"@id\":\"https:\\\/\\\/www.foodie.nl\\\/fr\\\/#organization\",\"name\":\"Foodie\",\"url\":\"https:\\\/\\\/www.foodie.nl\\\/fr\\\/\",\"logo\":{\"@type\":\"ImageObject\",\"inLanguage\":\"fr-FR\",\"@id\":\"https:\\\/\\\/www.foodie.nl\\\/fr\\\/#\\\/schema\\\/logo\\\/image\\\/\",\"url\":\"https:\\\/\\\/www.foodie.nl\\\/app\\\/uploads\\\/2025\\\/01\\\/logo-foodie-wide@2x.png\",\"contentUrl\":\"https:\\\/\\\/www.foodie.nl\\\/app\\\/uploads\\\/2025\\\/01\\\/logo-foodie-wide@2x.png\",\"width\":236,\"height\":128,\"caption\":\"Foodie\"},\"image\":{\"@id\":\"https:\\\/\\\/www.foodie.nl\\\/fr\\\/#\\\/schema\\\/logo\\\/image\\\/\"}}]}<\/script>\n<!-- \/ Yoast SEO plugin. -->","yoast_head_json":{"title":"Force musculaire - Foodie","description":"Force musculaire Un corps sain est un corps fort. Des \u00e9tudes ont montr\u00e9 que le maintien de la masse musculaire est une condition importante pour une vie","robots":{"index":"index","follow":"follow","max-snippet":"max-snippet:-1","max-image-preview":"max-image-preview:large","max-video-preview":"max-video-preview:-1"},"canonical":"https:\/\/www.foodie.nl\/fr\/besoins-de-sante\/force-musculaire\/","og_locale":"fr_FR","og_type":"article","og_title":"Force musculaire - Foodie","og_description":"Force musculaire Un corps sain est un corps fort. Des \u00e9tudes ont montr\u00e9 que le maintien de la masse musculaire est une condition importante pour une vie","og_url":"https:\/\/www.foodie.nl\/fr\/besoins-de-sante\/force-musculaire\/","og_site_name":"Foodie","article_modified_time":"2025-08-22T14:34:17+00:00","og_image":[{"url":"https:\/\/www.foodie.nl\/app\/uploads\/\/Spierkracht-150x150.png","type":"","width":"","height":""}],"twitter_card":"summary_large_image","twitter_misc":{"Dur\u00e9e de lecture estim\u00e9e":"4 minutes"},"schema":{"@context":"https:\/\/schema.org","@graph":[{"@type":"WebPage","@id":"https:\/\/www.foodie.nl\/fr\/besoins-de-sante\/force-musculaire\/","url":"https:\/\/www.foodie.nl\/fr\/besoins-de-sante\/force-musculaire\/","name":"Force musculaire - Foodie","isPartOf":{"@id":"https:\/\/www.foodie.nl\/fr\/#website"},"primaryImageOfPage":{"@id":"https:\/\/www.foodie.nl\/fr\/besoins-de-sante\/force-musculaire\/#primaryimage"},"image":{"@id":"https:\/\/www.foodie.nl\/fr\/besoins-de-sante\/force-musculaire\/#primaryimage"},"thumbnailUrl":"https:\/\/www.foodie.nl\/app\/uploads\/\/Spierkracht-150x150.png","datePublished":"2023-01-19T11:13:54+00:00","dateModified":"2025-08-22T14:34:17+00:00","description":"Force musculaire Un corps sain est un corps fort. Des \u00e9tudes ont montr\u00e9 que le maintien de la masse musculaire est une condition importante pour une vie","breadcrumb":{"@id":"https:\/\/www.foodie.nl\/fr\/besoins-de-sante\/force-musculaire\/#breadcrumb"},"inLanguage":"fr-FR","potentialAction":[{"@type":"ReadAction","target":["https:\/\/www.foodie.nl\/fr\/besoins-de-sante\/force-musculaire\/"]}]},{"@type":"ImageObject","inLanguage":"fr-FR","@id":"https:\/\/www.foodie.nl\/fr\/besoins-de-sante\/force-musculaire\/#primaryimage","url":"https:\/\/www.foodie.nl\/app\/uploads\/\/Spierkracht-150x150.png","contentUrl":"https:\/\/www.foodie.nl\/app\/uploads\/\/Spierkracht-150x150.png"},{"@type":"BreadcrumbList","@id":"https:\/\/www.foodie.nl\/fr\/besoins-de-sante\/force-musculaire\/#breadcrumb","itemListElement":[{"@type":"ListItem","position":1,"name":"Home","item":"https:\/\/www.foodie.nl\/fr\/"},{"@type":"ListItem","position":2,"name":"Nos conseils sant\u00e9","item":"https:\/\/www.foodie.nl\/fr\/besoins-de-sante\/"},{"@type":"ListItem","position":3,"name":"Force musculaire"}]},{"@type":"WebSite","@id":"https:\/\/www.foodie.nl\/fr\/#website","url":"https:\/\/www.foodie.nl\/fr\/","name":"Foodie","description":"Elke Hap Telt","publisher":{"@id":"https:\/\/www.foodie.nl\/fr\/#organization"},"potentialAction":[{"@type":"SearchAction","target":{"@type":"EntryPoint","urlTemplate":"https:\/\/www.foodie.nl\/fr\/?s={search_term_string}"},"query-input":{"@type":"PropertyValueSpecification","valueRequired":true,"valueName":"search_term_string"}}],"inLanguage":"fr-FR"},{"@type":"Organization","@id":"https:\/\/www.foodie.nl\/fr\/#organization","name":"Foodie","url":"https:\/\/www.foodie.nl\/fr\/","logo":{"@type":"ImageObject","inLanguage":"fr-FR","@id":"https:\/\/www.foodie.nl\/fr\/#\/schema\/logo\/image\/","url":"https:\/\/www.foodie.nl\/app\/uploads\/2025\/01\/logo-foodie-wide@2x.png","contentUrl":"https:\/\/www.foodie.nl\/app\/uploads\/2025\/01\/logo-foodie-wide@2x.png","width":236,"height":128,"caption":"Foodie"},"image":{"@id":"https:\/\/www.foodie.nl\/fr\/#\/schema\/logo\/image\/"}}]}},"_links":{"self":[{"href":"https:\/\/www.foodie.nl\/fr\/wp-json\/wp\/v2\/pages\/1130293","targetHints":{"allow":["GET"]}}],"collection":[{"href":"https:\/\/www.foodie.nl\/fr\/wp-json\/wp\/v2\/pages"}],"about":[{"href":"https:\/\/www.foodie.nl\/fr\/wp-json\/wp\/v2\/types\/page"}],"author":[{"embeddable":true,"href":"https:\/\/www.foodie.nl\/fr\/wp-json\/wp\/v2\/users\/8822"}],"replies":[{"embeddable":true,"href":"https:\/\/www.foodie.nl\/fr\/wp-json\/wp\/v2\/comments?post=1130293"}],"version-history":[{"count":10,"href":"https:\/\/www.foodie.nl\/fr\/wp-json\/wp\/v2\/pages\/1130293\/revisions"}],"predecessor-version":[{"id":1170343,"href":"https:\/\/www.foodie.nl\/fr\/wp-json\/wp\/v2\/pages\/1130293\/revisions\/1170343"}],"up":[{"embeddable":true,"href":"https:\/\/www.foodie.nl\/fr\/wp-json\/wp\/v2\/pages\/1135537"}],"wp:attachment":[{"href":"https:\/\/www.foodie.nl\/fr\/wp-json\/wp\/v2\/media?parent=1130293"}],"curies":[{"name":"wp","href":"https:\/\/api.w.org\/{rel}","templated":true}]}}