{"id":1130295,"date":"2023-01-19T13:17:11","date_gmt":"2023-01-19T12:17:11","guid":{"rendered":"https:\/\/www.foodie.nl\/weerstand\/"},"modified":"2025-08-22T16:35:30","modified_gmt":"2025-08-22T14:35:30","slug":"immunite","status":"publish","type":"page","link":"https:\/\/www.foodie.nl\/fr\/besoins-de-sante\/immunite\/","title":{"rendered":"Immunit\u00e9"},"content":{"rendered":"<div class=\"gb-container gb-container-79645e14 px-fd-container-position\">\n<div class=\"gb-container gb-container-c41ca6f4 px-fd-image-position\"><\/div>\n\n<div class=\"gb-container gb-container-3acdfa3b\">\n<div class=\"gb-container gb-container-aeab2b04 gb-container-full-width-container-content\">\n<div class=\"gb-container gb-container-73215247\">\n\n<h2 class=\"gb-headline gb-headline-a85e246e gb-headline-text\">Soutenez votre immunit\u00e9.<\/h2>\n\n\n\n<p class=\"has-medium-font-size\" style=\"font-style:normal;font-weight:600\">Un syst\u00e8me immunitaire bien fonctionnel et r\u00e9sistant vous aide \u00e0 mieux r\u00e9sister aux virus et autres agents pathog\u00e8nes.<\/p>\n\n\n\n<p style=\"font-style:normal;font-weight:500\">Pour maintenir un bon syst\u00e8me immunitaire, il est important que votre corps dispose de suffisamment d&rsquo;antioxydants et de vitamines qui contribuent \u00e0 votre r\u00e9sistance. De plus, il est essentiel de veiller \u00e0 une bonne nuit de sommeil et \u00e0 faire suffisamment d&rsquo;exercice.<\/p>\n\n<\/div>\n<\/div>\n<\/div>\n<\/div>\n\n<div class=\"gb-container gb-container-e723cd3e gb-container-full-width-container\">\n<div class=\"gb-container gb-container-1fe60ec5 gb-container-full-width-container-content\">\n<div class=\"gb-container gb-container-87498b45\">\n\n<figure class=\"gb-block-image gb-block-image-5cc0f1b7\"><img decoding=\"async\" width=\"150\" height=\"150\" class=\"gb-image gb-image-5cc0f1b7\" src=\"https:\/\/www.foodie.nl\/app\/uploads\/\/Immuniteit-150x150.png\" alt=\"\" title=\"Immuniteit\" srcset=\"https:\/\/www.foodie.nl\/app\/uploads\/Immuniteit-150x150.png 150w, https:\/\/www.foodie.nl\/app\/uploads\/Immuniteit.png 300w, https:\/\/www.foodie.nl\/app\/uploads\/Immuniteit-100x100.png 100w\" sizes=\"(max-width: 150px) 100vw, 150px\" \/><\/figure>\n\n<\/div>\n\n<div class=\"gb-container gb-container-ab06424e\">\n\n<h1 class=\"wp-block-heading has-text-align-center\">Compl\u00e9ments pour soutenir votre immunit\u00e9<\/h1>\n\n<\/div>\n<\/div>\n<\/div>\n\n<div class=\"gb-container gb-container-be5aeb70 gb-container-full-width-container\"><\/div>\n\n<div class=\"gb-container gb-container-10408376 gb-container-full-width-container\">\n<div class=\"gb-container gb-container-ca396bed gb-container-full-width-container-content\">\n<div class=\"gb-grid-wrapper gb-grid-wrapper-4b8f4847\">\n<div class=\"gb-grid-column gb-grid-column-f83f5e9b\"><div class=\"gb-container gb-container-f83f5e9b\">\n<div class=\"gb-container gb-container-8618e61f px-fd-single-product-transition\"><a class=\"gb-container-link\" href=\"https:\/\/www.foodie.nl\/fr\/product-categorie\/vitamine-c-boost\/\"><\/a>\n\n<figure class=\"gb-block-image gb-block-image-dd3c4714\"><img decoding=\"async\" width=\"800\" height=\"800\" class=\"gb-image gb-image-dd3c4714\" src=\"https:\/\/www.foodie.nl\/app\/uploads\/2024\/09\/Franse-producten-22.png\" alt=\"\" title=\"Franse producten (22)\" srcset=\"https:\/\/www.foodie.nl\/app\/uploads\/2024\/09\/Franse-producten-22.png 800w, https:\/\/www.foodie.nl\/app\/uploads\/2024\/09\/Franse-producten-22-300x300.png 300w, https:\/\/www.foodie.nl\/app\/uploads\/2024\/09\/Franse-producten-22-150x150.png 150w, https:\/\/www.foodie.nl\/app\/uploads\/2024\/09\/Franse-producten-22-768x768.png 768w, https:\/\/www.foodie.nl\/app\/uploads\/2024\/09\/Franse-producten-22-510x510.png 510w, https:\/\/www.foodie.nl\/app\/uploads\/2024\/09\/Franse-producten-22-100x100.png 100w\" sizes=\"(max-width: 800px) 100vw, 800px\" \/><\/figure>\n\n<\/div>\n\n<div class=\"gb-container gb-container-ae57d153\">\n\n<h3 class=\"gb-headline gb-headline-0189c4b1 gb-headline-text\">Vitamine C Boost<\/h3>\n\n\n\n<p>Vitamine C Boost contient la forme brevet\u00e9e PureWay-C\u2122.<\/p>\n\n\n\n<p>C&rsquo;est l&rsquo;une des formes de vitamine C les mieux absorb\u00e9es, qui est retenue plus longtemps par le corps. Cela est d\u00fb au fait que la mol\u00e9cule de vitamine C est li\u00e9e \u00e0 une particule de graisse.<\/p>\n\n\n\n<p>Vitamine C Boost contribue au syst\u00e8me immunitaire, o\u00f9 elle est notamment impliqu\u00e9e dans la production de globules blancs.<\/p>\n\n\n\n<a class=\"gb-button gb-button-89a69b65 gb-button-primary-button\" href=\"https:\/\/www.foodie.nl\/fr\/product-categorie\/vitamine-c-boost\/\"><span class=\"gb-button-text\">Plus d&rsquo;informations<\/span><span class=\"gb-icon\"><svg xmlns=\"http:\/\/www.w3.org\/2000\/svg\" viewBox=\"0 0 512 512\" height=\"1em\"><path d=\"M505 273c9.4-9.4 9.4-24.6 0-33.9L369 103c-9.4-9.4-24.6-9.4-33.9 0s-9.4 24.6 0 33.9l95 95L24 232c-13.3 0-24 10.7-24 24s10.7 24 24 24l406.1 0-95 95c-9.4 9.4-9.4 24.6 0 33.9s24.6 9.4 33.9 0L505 273z\"><\/path><\/svg><\/span><\/a>\n\n<\/div>\n<\/div><\/div>\n\n<div class=\"gb-grid-column gb-grid-column-4196c9ea\"><div class=\"gb-container gb-container-4196c9ea\">\n<div class=\"gb-container gb-container-20f3af07 px-fd-single-product-transition\"><a class=\"gb-container-link\" href=\"https:\/\/www.foodie.nl\/fr\/product-categorie\/vitamine-d3-boost\/\"><\/a>\n\n<figure class=\"gb-block-image gb-block-image-76807ea8\"><img decoding=\"async\" width=\"2400\" height=\"2400\" class=\"gb-image gb-image-76807ea8\" src=\"https:\/\/www.foodie.nl\/app\/uploads\/2020\/10\/Vitamine-D3-Boost-1-pack.png\" alt=\"\" title=\"Vitamine D3 Boost 1-pack\" srcset=\"https:\/\/www.foodie.nl\/app\/uploads\/2020\/10\/Vitamine-D3-Boost-1-pack.png 2400w, https:\/\/www.foodie.nl\/app\/uploads\/2020\/10\/Vitamine-D3-Boost-1-pack-300x300.png 300w, https:\/\/www.foodie.nl\/app\/uploads\/2020\/10\/Vitamine-D3-Boost-1-pack-1024x1024.png 1024w, https:\/\/www.foodie.nl\/app\/uploads\/2020\/10\/Vitamine-D3-Boost-1-pack-150x150.png 150w, https:\/\/www.foodie.nl\/app\/uploads\/2020\/10\/Vitamine-D3-Boost-1-pack-768x768.png 768w, https:\/\/www.foodie.nl\/app\/uploads\/2020\/10\/Vitamine-D3-Boost-1-pack-1536x1536.png 1536w, https:\/\/www.foodie.nl\/app\/uploads\/2020\/10\/Vitamine-D3-Boost-1-pack-2048x2048.png 2048w, https:\/\/www.foodie.nl\/app\/uploads\/2020\/10\/Vitamine-D3-Boost-1-pack-510x510.png 510w, https:\/\/www.foodie.nl\/app\/uploads\/2020\/10\/Vitamine-D3-Boost-1-pack-100x100.png 100w\" sizes=\"(max-width: 2400px) 100vw, 2400px\" \/><\/figure>\n\n<\/div>\n\n<div class=\"gb-container gb-container-74e7b28b\">\n\n<h3 class=\"gb-headline gb-headline-a77e0d89 gb-headline-text\">Vitamine D3 Boost<\/h3>\n\n\n\n<p>La vitamine D3 est \u00e9troitement impliqu\u00e9e dans le fonctionnement du syst\u00e8me immunitaire.<\/p>\n\n\n\n<p>Des \u00e9tudes montrent qu&rsquo;une carence en vitamine D peut conduire \u00e0 un syst\u00e8me immunitaire plus faible.<\/p>\n\n\n\n<p>Il est donc important de s&rsquo;assurer que vous en obtenez suffisamment, soit par votre alimentation, soit par la synth\u00e8se via l&rsquo;exposition au soleil.<\/p>\n\n\n\n<a class=\"gb-button gb-button-60ad32e4 gb-button-primary-button\" href=\"https:\/\/www.foodie.nl\/fr\/product-categorie\/vitamine-d3-boost\/\"><span class=\"gb-button-text\">Plus d&rsquo;informations<\/span><span class=\"gb-icon\"><svg xmlns=\"http:\/\/www.w3.org\/2000\/svg\" viewBox=\"0 0 512 512\" height=\"1em\"><path d=\"M505 273c9.4-9.4 9.4-24.6 0-33.9L369 103c-9.4-9.4-24.6-9.4-33.9 0s-9.4 24.6 0 33.9l95 95L24 232c-13.3 0-24 10.7-24 24s10.7 24 24 24l406.1 0-95 95c-9.4 9.4-9.4 24.6 0 33.9s24.6 9.4 33.9 0L505 273z\"><\/path><\/svg><\/span><\/a>\n\n<\/div>\n<\/div><\/div>\n\n<div class=\"gb-grid-column gb-grid-column-eec578d7\"><div class=\"gb-container gb-container-eec578d7\">\n<div class=\"gb-container gb-container-10136db5 px-fd-single-product-transition\"><a class=\"gb-container-link\" href=\"https:\/\/www.foodie.nl\/fr\/product-categorie\/yummie-greens\/\"><\/a>\n\n<figure class=\"gb-block-image gb-block-image-8b4cde15\"><img decoding=\"async\" width=\"800\" height=\"800\" class=\"gb-image gb-image-8b4cde15\" src=\"https:\/\/www.foodie.nl\/app\/uploads\/2024\/09\/Franse-producten-28.png\" alt=\"\" title=\"Franse producten (28)\" srcset=\"https:\/\/www.foodie.nl\/app\/uploads\/2024\/09\/Franse-producten-28.png 800w, https:\/\/www.foodie.nl\/app\/uploads\/2024\/09\/Franse-producten-28-300x300.png 300w, https:\/\/www.foodie.nl\/app\/uploads\/2024\/09\/Franse-producten-28-150x150.png 150w, https:\/\/www.foodie.nl\/app\/uploads\/2024\/09\/Franse-producten-28-768x768.png 768w, https:\/\/www.foodie.nl\/app\/uploads\/2024\/09\/Franse-producten-28-510x510.png 510w, https:\/\/www.foodie.nl\/app\/uploads\/2024\/09\/Franse-producten-28-100x100.png 100w\" sizes=\"(max-width: 800px) 100vw, 800px\" \/><\/figure>\n\n<\/div>\n\n<div class=\"gb-container gb-container-04231e21\">\n\n<h3 class=\"gb-headline gb-headline-8dd6dd62 gb-headline-text\">Yummie Greens<\/h3>\n\n\n\n<p>Yummie Greens est la poudre de greens la plus savoureuse \u00e0 base de poudre d&rsquo;eau de coco biologique.<\/p>\n\n\n\n<p>Il contient divers super-foods et herbes, tels que l&rsquo;herbe de bl\u00e9, la chlorella, la spiruline et l&rsquo;extrait d&rsquo;ac\u00e9rola.<\/p>\n\n\n\n<p>La spiruline aide \u00e0 lutter contre la fatigue et soutient le syst\u00e8me immunitaire*.<\/p>\n\n\n\n<p>L&rsquo;extrait d&rsquo;ac\u00e9rola est une forme 100 % naturelle de vitamine C qui aide \u00e0 maintenir la r\u00e9silience mentale.<\/p>\n\n\n\n<p>Les autres super-foods contenus dans Yummie Greens sont le matcha, la citronnelle, le moringa et l&rsquo;extrait de betterave rouge.<\/p>\n\n\n\n<a class=\"gb-button gb-button-e9d266ff gb-button-primary-button\" href=\"https:\/\/www.foodie.nl\/fr\/product-categorie\/yummie-greens\/\"><span class=\"gb-button-text\">Plus d&rsquo;informations<\/span><span class=\"gb-icon\"><svg xmlns=\"http:\/\/www.w3.org\/2000\/svg\" viewBox=\"0 0 512 512\" height=\"1em\"><path d=\"M505 273c9.4-9.4 9.4-24.6 0-33.9L369 103c-9.4-9.4-24.6-9.4-33.9 0s-9.4 24.6 0 33.9l95 95L24 232c-13.3 0-24 10.7-24 24s10.7 24 24 24l406.1 0-95 95c-9.4 9.4-9.4 24.6 0 33.9s24.6 9.4 33.9 0L505 273z\"><\/path><\/svg><\/span><\/a>\n\n<\/div>\n<\/div><\/div>\n\n<div class=\"gb-grid-column gb-grid-column-cb12a7aa\"><div class=\"gb-container gb-container-cb12a7aa\">\n<div class=\"gb-container gb-container-fbe8ffcc px-fd-single-product-transition\"><a class=\"gb-container-link\" href=\"https:\/\/www.foodie.nl\/fr\/product-categorie\/curcuma-boost\/\"><\/a>\n\n<figure class=\"gb-block-image gb-block-image-22d20438\"><img decoding=\"async\" width=\"800\" height=\"800\" class=\"gb-image gb-image-22d20438\" src=\"https:\/\/www.foodie.nl\/app\/uploads\/2024\/09\/Franse-producten-14.png\" alt=\"\" title=\"Franse producten (14)\" srcset=\"https:\/\/www.foodie.nl\/app\/uploads\/2024\/09\/Franse-producten-14.png 800w, https:\/\/www.foodie.nl\/app\/uploads\/2024\/09\/Franse-producten-14-300x300.png 300w, https:\/\/www.foodie.nl\/app\/uploads\/2024\/09\/Franse-producten-14-150x150.png 150w, https:\/\/www.foodie.nl\/app\/uploads\/2024\/09\/Franse-producten-14-768x768.png 768w, https:\/\/www.foodie.nl\/app\/uploads\/2024\/09\/Franse-producten-14-510x510.png 510w, https:\/\/www.foodie.nl\/app\/uploads\/2024\/09\/Franse-producten-14-100x100.png 100w\" sizes=\"(max-width: 800px) 100vw, 800px\" \/><\/figure>\n\n<\/div>\n\n<div class=\"gb-container gb-container-1dd27984\">\n\n<h3 class=\"gb-headline gb-headline-b304bbe7 gb-headline-text\">Curcuma Boost<\/h3>\n\n\n\n<p>Le curcuma est connu comme un soutien ayurv\u00e9dique du syst\u00e8me immunitaire.*<\/p>\n\n\n\n<p>Ce qui est int\u00e9ressant avec Curcuma Boost, c&rsquo;est qu&rsquo;il ne contient pas seulement du curcuma, mais aussi de l&rsquo;extrait de gingembre.<\/p>\n\n\n\n<p>Le gingembre est \u00e9galement un soutien naturel de l&rsquo;immunit\u00e9.*<\/p>\n\n\n\n<a class=\"gb-button gb-button-5badafdd gb-button-primary-button\" href=\"https:\/\/www.foodie.nl\/fr\/product-categorie\/curcuma-boost\/\"><span class=\"gb-button-text\">Plus d&rsquo;informations<\/span><span class=\"gb-icon\"><svg xmlns=\"http:\/\/www.w3.org\/2000\/svg\" viewBox=\"0 0 512 512\" height=\"1em\"><path d=\"M505 273c9.4-9.4 9.4-24.6 0-33.9L369 103c-9.4-9.4-24.6-9.4-33.9 0s-9.4 24.6 0 33.9l95 95L24 232c-13.3 0-24 10.7-24 24s10.7 24 24 24l406.1 0-95 95c-9.4 9.4-9.4 24.6 0 33.9s24.6 9.4 33.9 0L505 273z\"><\/path><\/svg><\/span><\/a>\n\n<\/div>\n<\/div><\/div>\n\n<div class=\"gb-grid-column gb-grid-column-aafc1e51\"><div class=\"gb-container gb-container-aafc1e51\">\n<div class=\"gb-container gb-container-e7ea957e px-fd-single-product-transition\"><a class=\"gb-container-link\" href=\"https:\/\/www.foodie.nl\/fr\/product-categorie\/ultimate-probiotics\/\"><\/a>\n\n<figure class=\"gb-block-image gb-block-image-27953b1f\"><img decoding=\"async\" width=\"2400\" height=\"2400\" class=\"gb-image gb-image-27953b1f\" src=\"https:\/\/www.foodie.nl\/app\/uploads\/2018\/03\/Ultimate-Probiotics-1-pack.png\" alt=\"\" title=\"Ultimate Probiotics 1-pack\" srcset=\"https:\/\/www.foodie.nl\/app\/uploads\/2018\/03\/Ultimate-Probiotics-1-pack.png 2400w, https:\/\/www.foodie.nl\/app\/uploads\/2018\/03\/Ultimate-Probiotics-1-pack-300x300.png 300w, https:\/\/www.foodie.nl\/app\/uploads\/2018\/03\/Ultimate-Probiotics-1-pack-1024x1024.png 1024w, https:\/\/www.foodie.nl\/app\/uploads\/2018\/03\/Ultimate-Probiotics-1-pack-150x150.png 150w, https:\/\/www.foodie.nl\/app\/uploads\/2018\/03\/Ultimate-Probiotics-1-pack-768x768.png 768w, https:\/\/www.foodie.nl\/app\/uploads\/2018\/03\/Ultimate-Probiotics-1-pack-1536x1536.png 1536w, https:\/\/www.foodie.nl\/app\/uploads\/2018\/03\/Ultimate-Probiotics-1-pack-2048x2048.png 2048w, https:\/\/www.foodie.nl\/app\/uploads\/2018\/03\/Ultimate-Probiotics-1-pack-510x510.png 510w, https:\/\/www.foodie.nl\/app\/uploads\/2018\/03\/Ultimate-Probiotics-1-pack-100x100.png 100w\" sizes=\"(max-width: 2400px) 100vw, 2400px\" \/><\/figure>\n\n<\/div>\n\n<div class=\"gb-container gb-container-77fe41d7\">\n\n<h3 class=\"gb-headline gb-headline-2dcb8338 gb-headline-text\">Ultimate Probiotics<\/h3>\n\n\n\n<p>Saviez-vous qu&rsquo;environ 70 \u00e0 80% de votre syst\u00e8me immunitaire est form\u00e9 dans l&rsquo;intestin? <\/p>\n\n\n\n<p>Vos intestins agissent comme une barri\u00e8re contre de nombreux agents pathog\u00e8nes, et votre syst\u00e8me immunitaire d\u00e9pend \u00e9galement de vos intestins pour s&rsquo;adapter \u00e0 ces derniers.<\/p>\n\n\n\n<p>Ultimate Probiotics vous aide \u00e0 maintenir un \u00e9quilibre sain de votre flore intestinale gr\u00e2ce \u00e0 30 milliards de bact\u00e9ries probiotiques qui atteignent vos intestins vivantes. <\/p>\n\n\n\n<a class=\"gb-button gb-button-40be96cd gb-button-primary-button\" href=\"https:\/\/www.foodie.nl\/fr\/product-categorie\/ultimate-probiotics\/\"><span class=\"gb-button-text\">Plus d&rsquo;informations<\/span><span class=\"gb-icon\"><svg xmlns=\"http:\/\/www.w3.org\/2000\/svg\" viewBox=\"0 0 512 512\" height=\"1em\"><path d=\"M505 273c9.4-9.4 9.4-24.6 0-33.9L369 103c-9.4-9.4-24.6-9.4-33.9 0s-9.4 24.6 0 33.9l95 95L24 232c-13.3 0-24 10.7-24 24s10.7 24 24 24l406.1 0-95 95c-9.4 9.4-9.4 24.6 0 33.9s24.6 9.4 33.9 0L505 273z\"><\/path><\/svg><\/span><\/a>\n\n<\/div>\n<\/div><\/div>\n<\/div>\n<\/div>\n<\/div>\n\n<div class=\"gb-container gb-container-1783cbf2 gb-container-full-width-container\">\n<div class=\"gb-container gb-container-8735f7b5 gb-container-full-width-container-content\">\n\n<p class=\"has-text-align-center has-small-font-size\"><em>*Ces all\u00e9gations de sant\u00e9, fond\u00e9es sur des ingr\u00e9dients v\u00e9g\u00e9taux, sont actuellement examin\u00e9es par l&rsquo;EFSA.<\/em><br><em><em>**Cet effet b\u00e9n\u00e9fique est obtenu avec un apport quotidien de 250 mg de DHA.<\/em><\/em><\/p>\n\n<\/div>\n<\/div>","protected":false},"excerpt":{"rendered":"<p>Soutenez votre immunit\u00e9. Un syst\u00e8me immunitaire bien fonctionnel et r\u00e9sistant vous aide \u00e0 mieux r\u00e9sister aux virus et autres agents pathog\u00e8nes. Pour maintenir un bon syst\u00e8me immunitaire, il est important &#8230; <\/p>\n<p class=\"read-more-container\"><a title=\"Immunit\u00e9\" class=\"read-more button\" href=\"https:\/\/www.foodie.nl\/fr\/besoins-de-sante\/immunite\/#more-1130295\" aria-label=\"En savoir plus sur Immunit\u00e9\">Read more<\/a><\/p>\n","protected":false},"author":8822,"featured_media":0,"parent":1135537,"menu_order":0,"comment_status":"closed","ping_status":"closed","template":"","meta":{"_acf_changed":false,"om_disable_all_campaigns":false,"footnotes":""},"class_list":["post-1130295","page","type-page","status-publish"],"acf":[],"yoast_head":"<!-- This site is optimized with the Yoast SEO plugin v27.4 - https:\/\/yoast.com\/product\/yoast-seo-wordpress\/ -->\n<title>Immunit\u00e9 - Foodie<\/title>\n<meta name=\"description\" content=\"Soutenez votre immunit\u00e9. Un syst\u00e8me immunitaire bien fonctionnel et r\u00e9sistant vous aide \u00e0 mieux r\u00e9sister aux virus et autres agents pathog\u00e8nes. Pour\" \/>\n<meta name=\"robots\" content=\"index, follow, max-snippet:-1, max-image-preview:large, max-video-preview:-1\" \/>\n<link rel=\"canonical\" href=\"https:\/\/www.foodie.nl\/fr\/besoins-de-sante\/immunite\/\" \/>\n<meta property=\"og:locale\" content=\"fr_FR\" \/>\n<meta property=\"og:type\" content=\"article\" \/>\n<meta property=\"og:title\" content=\"Immunit\u00e9 - Foodie\" \/>\n<meta property=\"og:description\" content=\"Soutenez votre immunit\u00e9. Un syst\u00e8me immunitaire bien fonctionnel et r\u00e9sistant vous aide \u00e0 mieux r\u00e9sister aux virus et autres agents pathog\u00e8nes. Pour\" \/>\n<meta property=\"og:url\" content=\"https:\/\/www.foodie.nl\/fr\/besoins-de-sante\/immunite\/\" \/>\n<meta property=\"og:site_name\" content=\"Foodie\" \/>\n<meta property=\"article:modified_time\" content=\"2025-08-22T14:35:30+00:00\" \/>\n<meta property=\"og:image\" content=\"https:\/\/www.foodie.nl\/app\/uploads\/\/Immuniteit-150x150.png\" \/>\n<meta name=\"twitter:card\" content=\"summary_large_image\" \/>\n<meta name=\"twitter:label1\" content=\"Dur\u00e9e de lecture estim\u00e9e\" \/>\n\t<meta name=\"twitter:data1\" content=\"4 minutes\" \/>\n<script type=\"application\/ld+json\" class=\"yoast-schema-graph\">{\"@context\":\"https:\\\/\\\/schema.org\",\"@graph\":[{\"@type\":\"WebPage\",\"@id\":\"https:\\\/\\\/www.foodie.nl\\\/fr\\\/besoins-de-sante\\\/immunite\\\/\",\"url\":\"https:\\\/\\\/www.foodie.nl\\\/fr\\\/besoins-de-sante\\\/immunite\\\/\",\"name\":\"Immunit\u00e9 - Foodie\",\"isPartOf\":{\"@id\":\"https:\\\/\\\/www.foodie.nl\\\/fr\\\/#website\"},\"primaryImageOfPage\":{\"@id\":\"https:\\\/\\\/www.foodie.nl\\\/fr\\\/besoins-de-sante\\\/immunite\\\/#primaryimage\"},\"image\":{\"@id\":\"https:\\\/\\\/www.foodie.nl\\\/fr\\\/besoins-de-sante\\\/immunite\\\/#primaryimage\"},\"thumbnailUrl\":\"https:\\\/\\\/www.foodie.nl\\\/app\\\/uploads\\\/\\\/Immuniteit-150x150.png\",\"datePublished\":\"2023-01-19T12:17:11+00:00\",\"dateModified\":\"2025-08-22T14:35:30+00:00\",\"description\":\"Soutenez votre immunit\u00e9. Un syst\u00e8me immunitaire bien fonctionnel et r\u00e9sistant vous aide \u00e0 mieux r\u00e9sister aux virus et autres agents pathog\u00e8nes. Pour\",\"breadcrumb\":{\"@id\":\"https:\\\/\\\/www.foodie.nl\\\/fr\\\/besoins-de-sante\\\/immunite\\\/#breadcrumb\"},\"inLanguage\":\"fr-FR\",\"potentialAction\":[{\"@type\":\"ReadAction\",\"target\":[\"https:\\\/\\\/www.foodie.nl\\\/fr\\\/besoins-de-sante\\\/immunite\\\/\"]}]},{\"@type\":\"ImageObject\",\"inLanguage\":\"fr-FR\",\"@id\":\"https:\\\/\\\/www.foodie.nl\\\/fr\\\/besoins-de-sante\\\/immunite\\\/#primaryimage\",\"url\":\"https:\\\/\\\/www.foodie.nl\\\/app\\\/uploads\\\/\\\/Immuniteit-150x150.png\",\"contentUrl\":\"https:\\\/\\\/www.foodie.nl\\\/app\\\/uploads\\\/\\\/Immuniteit-150x150.png\"},{\"@type\":\"BreadcrumbList\",\"@id\":\"https:\\\/\\\/www.foodie.nl\\\/fr\\\/besoins-de-sante\\\/immunite\\\/#breadcrumb\",\"itemListElement\":[{\"@type\":\"ListItem\",\"position\":1,\"name\":\"Home\",\"item\":\"https:\\\/\\\/www.foodie.nl\\\/fr\\\/\"},{\"@type\":\"ListItem\",\"position\":2,\"name\":\"Nos conseils sant\u00e9\",\"item\":\"https:\\\/\\\/www.foodie.nl\\\/fr\\\/besoins-de-sante\\\/\"},{\"@type\":\"ListItem\",\"position\":3,\"name\":\"Immunit\u00e9\"}]},{\"@type\":\"WebSite\",\"@id\":\"https:\\\/\\\/www.foodie.nl\\\/fr\\\/#website\",\"url\":\"https:\\\/\\\/www.foodie.nl\\\/fr\\\/\",\"name\":\"Foodie\",\"description\":\"Elke Hap Telt\",\"publisher\":{\"@id\":\"https:\\\/\\\/www.foodie.nl\\\/fr\\\/#organization\"},\"potentialAction\":[{\"@type\":\"SearchAction\",\"target\":{\"@type\":\"EntryPoint\",\"urlTemplate\":\"https:\\\/\\\/www.foodie.nl\\\/fr\\\/?s={search_term_string}\"},\"query-input\":{\"@type\":\"PropertyValueSpecification\",\"valueRequired\":true,\"valueName\":\"search_term_string\"}}],\"inLanguage\":\"fr-FR\"},{\"@type\":\"Organization\",\"@id\":\"https:\\\/\\\/www.foodie.nl\\\/fr\\\/#organization\",\"name\":\"Foodie\",\"url\":\"https:\\\/\\\/www.foodie.nl\\\/fr\\\/\",\"logo\":{\"@type\":\"ImageObject\",\"inLanguage\":\"fr-FR\",\"@id\":\"https:\\\/\\\/www.foodie.nl\\\/fr\\\/#\\\/schema\\\/logo\\\/image\\\/\",\"url\":\"https:\\\/\\\/www.foodie.nl\\\/app\\\/uploads\\\/2025\\\/01\\\/logo-foodie-wide@2x.png\",\"contentUrl\":\"https:\\\/\\\/www.foodie.nl\\\/app\\\/uploads\\\/2025\\\/01\\\/logo-foodie-wide@2x.png\",\"width\":236,\"height\":128,\"caption\":\"Foodie\"},\"image\":{\"@id\":\"https:\\\/\\\/www.foodie.nl\\\/fr\\\/#\\\/schema\\\/logo\\\/image\\\/\"}}]}<\/script>\n<!-- \/ Yoast SEO plugin. -->","yoast_head_json":{"title":"Immunit\u00e9 - Foodie","description":"Soutenez votre immunit\u00e9. Un syst\u00e8me immunitaire bien fonctionnel et r\u00e9sistant vous aide \u00e0 mieux r\u00e9sister aux virus et autres agents pathog\u00e8nes. Pour","robots":{"index":"index","follow":"follow","max-snippet":"max-snippet:-1","max-image-preview":"max-image-preview:large","max-video-preview":"max-video-preview:-1"},"canonical":"https:\/\/www.foodie.nl\/fr\/besoins-de-sante\/immunite\/","og_locale":"fr_FR","og_type":"article","og_title":"Immunit\u00e9 - Foodie","og_description":"Soutenez votre immunit\u00e9. Un syst\u00e8me immunitaire bien fonctionnel et r\u00e9sistant vous aide \u00e0 mieux r\u00e9sister aux virus et autres agents pathog\u00e8nes. Pour","og_url":"https:\/\/www.foodie.nl\/fr\/besoins-de-sante\/immunite\/","og_site_name":"Foodie","article_modified_time":"2025-08-22T14:35:30+00:00","og_image":[{"url":"https:\/\/www.foodie.nl\/app\/uploads\/\/Immuniteit-150x150.png","type":"","width":"","height":""}],"twitter_card":"summary_large_image","twitter_misc":{"Dur\u00e9e de lecture estim\u00e9e":"4 minutes"},"schema":{"@context":"https:\/\/schema.org","@graph":[{"@type":"WebPage","@id":"https:\/\/www.foodie.nl\/fr\/besoins-de-sante\/immunite\/","url":"https:\/\/www.foodie.nl\/fr\/besoins-de-sante\/immunite\/","name":"Immunit\u00e9 - Foodie","isPartOf":{"@id":"https:\/\/www.foodie.nl\/fr\/#website"},"primaryImageOfPage":{"@id":"https:\/\/www.foodie.nl\/fr\/besoins-de-sante\/immunite\/#primaryimage"},"image":{"@id":"https:\/\/www.foodie.nl\/fr\/besoins-de-sante\/immunite\/#primaryimage"},"thumbnailUrl":"https:\/\/www.foodie.nl\/app\/uploads\/\/Immuniteit-150x150.png","datePublished":"2023-01-19T12:17:11+00:00","dateModified":"2025-08-22T14:35:30+00:00","description":"Soutenez votre immunit\u00e9. Un syst\u00e8me immunitaire bien fonctionnel et r\u00e9sistant vous aide \u00e0 mieux r\u00e9sister aux virus et autres agents pathog\u00e8nes. Pour","breadcrumb":{"@id":"https:\/\/www.foodie.nl\/fr\/besoins-de-sante\/immunite\/#breadcrumb"},"inLanguage":"fr-FR","potentialAction":[{"@type":"ReadAction","target":["https:\/\/www.foodie.nl\/fr\/besoins-de-sante\/immunite\/"]}]},{"@type":"ImageObject","inLanguage":"fr-FR","@id":"https:\/\/www.foodie.nl\/fr\/besoins-de-sante\/immunite\/#primaryimage","url":"https:\/\/www.foodie.nl\/app\/uploads\/\/Immuniteit-150x150.png","contentUrl":"https:\/\/www.foodie.nl\/app\/uploads\/\/Immuniteit-150x150.png"},{"@type":"BreadcrumbList","@id":"https:\/\/www.foodie.nl\/fr\/besoins-de-sante\/immunite\/#breadcrumb","itemListElement":[{"@type":"ListItem","position":1,"name":"Home","item":"https:\/\/www.foodie.nl\/fr\/"},{"@type":"ListItem","position":2,"name":"Nos conseils sant\u00e9","item":"https:\/\/www.foodie.nl\/fr\/besoins-de-sante\/"},{"@type":"ListItem","position":3,"name":"Immunit\u00e9"}]},{"@type":"WebSite","@id":"https:\/\/www.foodie.nl\/fr\/#website","url":"https:\/\/www.foodie.nl\/fr\/","name":"Foodie","description":"Elke Hap Telt","publisher":{"@id":"https:\/\/www.foodie.nl\/fr\/#organization"},"potentialAction":[{"@type":"SearchAction","target":{"@type":"EntryPoint","urlTemplate":"https:\/\/www.foodie.nl\/fr\/?s={search_term_string}"},"query-input":{"@type":"PropertyValueSpecification","valueRequired":true,"valueName":"search_term_string"}}],"inLanguage":"fr-FR"},{"@type":"Organization","@id":"https:\/\/www.foodie.nl\/fr\/#organization","name":"Foodie","url":"https:\/\/www.foodie.nl\/fr\/","logo":{"@type":"ImageObject","inLanguage":"fr-FR","@id":"https:\/\/www.foodie.nl\/fr\/#\/schema\/logo\/image\/","url":"https:\/\/www.foodie.nl\/app\/uploads\/2025\/01\/logo-foodie-wide@2x.png","contentUrl":"https:\/\/www.foodie.nl\/app\/uploads\/2025\/01\/logo-foodie-wide@2x.png","width":236,"height":128,"caption":"Foodie"},"image":{"@id":"https:\/\/www.foodie.nl\/fr\/#\/schema\/logo\/image\/"}}]}},"_links":{"self":[{"href":"https:\/\/www.foodie.nl\/fr\/wp-json\/wp\/v2\/pages\/1130295","targetHints":{"allow":["GET"]}}],"collection":[{"href":"https:\/\/www.foodie.nl\/fr\/wp-json\/wp\/v2\/pages"}],"about":[{"href":"https:\/\/www.foodie.nl\/fr\/wp-json\/wp\/v2\/types\/page"}],"author":[{"embeddable":true,"href":"https:\/\/www.foodie.nl\/fr\/wp-json\/wp\/v2\/users\/8822"}],"replies":[{"embeddable":true,"href":"https:\/\/www.foodie.nl\/fr\/wp-json\/wp\/v2\/comments?post=1130295"}],"version-history":[{"count":14,"href":"https:\/\/www.foodie.nl\/fr\/wp-json\/wp\/v2\/pages\/1130295\/revisions"}],"predecessor-version":[{"id":1170344,"href":"https:\/\/www.foodie.nl\/fr\/wp-json\/wp\/v2\/pages\/1130295\/revisions\/1170344"}],"up":[{"embeddable":true,"href":"https:\/\/www.foodie.nl\/fr\/wp-json\/wp\/v2\/pages\/1135537"}],"wp:attachment":[{"href":"https:\/\/www.foodie.nl\/fr\/wp-json\/wp\/v2\/media?parent=1130295"}],"curies":[{"name":"wp","href":"https:\/\/api.w.org\/{rel}","templated":true}]}}