{"id":1146322,"date":"2023-01-18T10:02:10","date_gmt":"2023-01-18T09:02:10","guid":{"rendered":"https:\/\/www.foodie.nl\/besoins-de-sante\/afvallen\/"},"modified":"2025-05-09T14:42:12","modified_gmt":"2025-05-09T12:42:12","slug":"perdre-du-poids","status":"publish","type":"page","link":"https:\/\/www.foodie.nl\/fr\/besoins-de-sante\/perdre-du-poids\/","title":{"rendered":"Perdre du poids"},"content":{"rendered":"<div class=\"gb-container gb-container-79645e14 px-fd-container-position\">\n<div class=\"gb-container gb-container-c41ca6f4 px-fd-image-position\"><\/div>\n\n<div class=\"gb-container gb-container-3acdfa3b\">\n<div class=\"gb-container gb-container-aeab2b04 gb-container-full-width-container-content\">\n<div class=\"gb-container gb-container-73215247\">\n\n<h2 class=\"gb-headline gb-headline-a85e246e gb-headline-text\">Perdre du poids peut \u00eatre plus facile<\/h2>\n\n\n\n<p class=\"has-medium-font-size\" style=\"font-style:normal;font-weight:600\">Perdre du poids, ce n&rsquo;est pas seulement perdre de la graisse. En fin de compte, il s&rsquo;agit aussi de ne pas reprendre les kilos perdus.   <\/p>\n\n\n\n<p style=\"font-style:normal;font-weight:500\">Un mode de vie sain, avec une alimentation appropri\u00e9e et de l&rsquo;exercice, est le facteur le plus important pour atteindre et maintenir un poids de forme.<\/p>\n\n\n\n<p style=\"font-style:normal;font-weight:500\">En outre, avec le soutien ad\u00e9quat de suppl\u00e9ments, vous pouvez vous assurer que vous avez moins envie de sucreries, que vous \u00eates rassasi\u00e9 plus longtemps et que vous \u00eates tout simplement plus \u00e9nergique.  <\/p>\n\n<\/div>\n<\/div>\n<\/div>\n<\/div>\n\n<div class=\"gb-container gb-container-e723cd3e gb-container-full-width-container\">\n<div class=\"gb-container gb-container-1fe60ec5 gb-container-full-width-container-content\">\n<div class=\"gb-container gb-container-87498b45\">\n\n<figure class=\"gb-block-image gb-block-image-5cc0f1b7\"><img decoding=\"async\" width=\"150\" height=\"150\" class=\"gb-image gb-image-5cc0f1b7\" src=\"https:\/\/www.foodie.nl\/app\/uploads\/\/Afvallen-150x150.png\" alt=\"\" title=\"Afvallen\" srcset=\"https:\/\/www.foodie.nl\/app\/uploads\/Afvallen-150x150.png 150w, https:\/\/www.foodie.nl\/app\/uploads\/Afvallen.png 300w, https:\/\/www.foodie.nl\/app\/uploads\/Afvallen-100x100.png 100w\" sizes=\"(max-width: 150px) 100vw, 150px\" \/><\/figure>\n\n<\/div>\n\n<div class=\"gb-container gb-container-ab06424e\">\n\n<h1 class=\"wp-block-heading has-text-align-center\"><br>Suppl\u00e9ments pour atteindre et maintenir un poids sain<\/h1>\n\n<\/div>\n<\/div>\n<\/div>\n\n<div class=\"gb-container gb-container-10408376 gb-container-full-width-container\">\n<div class=\"gb-container gb-container-ca396bed gb-container-full-width-container-content\">\n<div class=\"gb-grid-wrapper gb-grid-wrapper-4b8f4847\">\n<div class=\"gb-grid-column gb-grid-column-eec578d7\"><div class=\"gb-container gb-container-eec578d7\">\n<div class=\"gb-container gb-container-10136db5 px-fd-single-product-transition\"><a class=\"gb-container-link\" href=\"https:\/\/www.foodie.nl\/fr\/product-categorie\/ultimate-mct-powder\/\"><\/a>\n\n<figure class=\"gb-block-image gb-block-image-8b4cde15\"><img decoding=\"async\" width=\"800\" height=\"800\" class=\"gb-image gb-image-8b4cde15\" src=\"https:\/\/www.foodie.nl\/app\/uploads\/2024\/09\/Franse-producten-30.png\" alt=\"\" title=\"Franse producten (30)\" srcset=\"https:\/\/www.foodie.nl\/app\/uploads\/2024\/09\/Franse-producten-30.png 800w, https:\/\/www.foodie.nl\/app\/uploads\/2024\/09\/Franse-producten-30-300x300.png 300w, https:\/\/www.foodie.nl\/app\/uploads\/2024\/09\/Franse-producten-30-150x150.png 150w, https:\/\/www.foodie.nl\/app\/uploads\/2024\/09\/Franse-producten-30-768x768.png 768w, https:\/\/www.foodie.nl\/app\/uploads\/2024\/09\/Franse-producten-30-510x510.png 510w, https:\/\/www.foodie.nl\/app\/uploads\/2024\/09\/Franse-producten-30-100x100.png 100w\" sizes=\"(max-width: 800px) 100vw, 800px\" \/><\/figure>\n\n<\/div>\n\n<div class=\"gb-container gb-container-04231e21\">\n\n<h3 class=\"gb-headline gb-headline-8dd6dd62 gb-headline-text\">Ultimate MCT Powder<\/h3>\n\n\n\n<p>Ultimate MCT Powder contient des acides gras<em>(triglyc\u00e9rides \u00e0 cha\u00eene moyenne) <\/em>qui peuvent \u00eatre efficacement convertis en c\u00e9tones par le foie.<\/p>\n\n\n\n<p>Ils fournissent de l&rsquo;\u00e9nergie tout en maintenant votre taux de sucre et d&rsquo;insuline stable.<\/p>\n\n\n\n<p>Cela en fait le compl\u00e9ment id\u00e9al d&rsquo;un r\u00e9gime pauvre en glucides ou c\u00e9tog\u00e8ne.<\/p>\n\n\n\n<p>En outre, Ultimate MCT Powder contient des fibres d&rsquo;acacia qui agissent comme des pr\u00e9biotiques et soutiennent la flore intestinale.<\/p>\n\n\n\n<a class=\"gb-button gb-button-e9d266ff gb-button-primary-button\" href=\"https:\/\/www.foodie.nl\/fr\/product-categorie\/ultimate-mct-powder\/\"><span class=\"gb-button-text\">Plus d&rsquo;informations<\/span><span class=\"gb-icon\"><svg xmlns=\"http:\/\/www.w3.org\/2000\/svg\" viewBox=\"0 0 512 512\" height=\"1em\"><path d=\"M505 273c9.4-9.4 9.4-24.6 0-33.9L369 103c-9.4-9.4-24.6-9.4-33.9 0s-9.4 24.6 0 33.9l95 95L24 232c-13.3 0-24 10.7-24 24s10.7 24 24 24l406.1 0-95 95c-9.4 9.4-9.4 24.6 0 33.9s24.6 9.4 33.9 0L505 273z\"><\/path><\/svg><\/span><\/a>\n\n<\/div>\n<\/div><\/div>\n\n<div class=\"gb-grid-column gb-grid-column-4196c9ea\"><div class=\"gb-container gb-container-4196c9ea\">\n<div class=\"gb-container gb-container-20f3af07 px-fd-single-product-transition\"><a class=\"gb-container-link\" href=\"https:\/\/www.foodie.nl\/fr\/product-categorie\/ultimate-probiotics\/\"><\/a>\n\n<figure class=\"gb-block-image gb-block-image-76807ea8\"><img decoding=\"async\" width=\"2400\" height=\"2400\" class=\"gb-image gb-image-76807ea8\" src=\"https:\/\/www.foodie.nl\/app\/uploads\/2018\/03\/Ultimate-Probiotics-1-pack.png\" alt=\"\" title=\"Ultimate Probiotics 1-pack\" srcset=\"https:\/\/www.foodie.nl\/app\/uploads\/2018\/03\/Ultimate-Probiotics-1-pack.png 2400w, https:\/\/www.foodie.nl\/app\/uploads\/2018\/03\/Ultimate-Probiotics-1-pack-300x300.png 300w, https:\/\/www.foodie.nl\/app\/uploads\/2018\/03\/Ultimate-Probiotics-1-pack-1024x1024.png 1024w, https:\/\/www.foodie.nl\/app\/uploads\/2018\/03\/Ultimate-Probiotics-1-pack-150x150.png 150w, https:\/\/www.foodie.nl\/app\/uploads\/2018\/03\/Ultimate-Probiotics-1-pack-768x768.png 768w, https:\/\/www.foodie.nl\/app\/uploads\/2018\/03\/Ultimate-Probiotics-1-pack-1536x1536.png 1536w, https:\/\/www.foodie.nl\/app\/uploads\/2018\/03\/Ultimate-Probiotics-1-pack-2048x2048.png 2048w, https:\/\/www.foodie.nl\/app\/uploads\/2018\/03\/Ultimate-Probiotics-1-pack-510x510.png 510w, https:\/\/www.foodie.nl\/app\/uploads\/2018\/03\/Ultimate-Probiotics-1-pack-100x100.png 100w\" sizes=\"(max-width: 2400px) 100vw, 2400px\" \/><\/figure>\n\n<\/div>\n\n<div class=\"gb-container gb-container-74e7b28b\">\n\n<h3 class=\"gb-headline gb-headline-a77e0d89 gb-headline-text\">Ultimate Probiotics<\/h3>\n\n\n\n<p>Plusieurs hormones sont produites dans l&rsquo;intestin et influencent la sati\u00e9t\u00e9 et la sensation de faim.<\/p>\n\n\n\n<p>De plus, une bonne digestion des aliments et l&rsquo;absorption des nutriments sont importantes pour avoir de l&rsquo;\u00e9nergie, m\u00eame si vous essayez de perdre du poids.<\/p>\n\n\n\n<p>Vous pouvez favoriser une flore intestinale saine en prenant un suppl\u00e9ment de probiotiques \u00e0 haute dose comme Ultimate Probiotics.  <\/p>\n\n\n\n<p>Il contient 30 milliards d&rsquo;organismes probiotiques, y compris les souches planifi\u00e9es DE111\u00ae et Lactospore\u00ae.  <\/p>\n\n\n\n<a class=\"gb-button gb-button-60ad32e4 gb-button-primary-button\" href=\"https:\/\/www.foodie.nl\/fr\/product-categorie\/ultimate-probiotics\/\"><span class=\"gb-button-text\">Plus d&rsquo;informations<\/span><span class=\"gb-icon\"><svg xmlns=\"http:\/\/www.w3.org\/2000\/svg\" viewBox=\"0 0 512 512\" height=\"1em\"><path d=\"M505 273c9.4-9.4 9.4-24.6 0-33.9L369 103c-9.4-9.4-24.6-9.4-33.9 0s-9.4 24.6 0 33.9l95 95L24 232c-13.3 0-24 10.7-24 24s10.7 24 24 24l406.1 0-95 95c-9.4 9.4-9.4 24.6 0 33.9s24.6 9.4 33.9 0L505 273z\"><\/path><\/svg><\/span><\/a>\n\n<\/div>\n<\/div><\/div>\n\n<div class=\"gb-grid-column gb-grid-column-f83f5e9b\"><div class=\"gb-container gb-container-f83f5e9b\">\n<div class=\"gb-container gb-container-8618e61f px-fd-single-product-transition\"><a class=\"gb-container-link\" href=\"https:\/\/www.foodie.nl\/fr\/product-categorie\/yummie-greens\/\"><\/a>\n\n<figure class=\"gb-block-image gb-block-image-dd3c4714\"><img decoding=\"async\" width=\"800\" height=\"800\" class=\"gb-image gb-image-dd3c4714\" src=\"https:\/\/www.foodie.nl\/app\/uploads\/2024\/09\/Franse-producten-28.png\" alt=\"\" title=\"Franse producten (28)\" srcset=\"https:\/\/www.foodie.nl\/app\/uploads\/2024\/09\/Franse-producten-28.png 800w, https:\/\/www.foodie.nl\/app\/uploads\/2024\/09\/Franse-producten-28-300x300.png 300w, https:\/\/www.foodie.nl\/app\/uploads\/2024\/09\/Franse-producten-28-150x150.png 150w, https:\/\/www.foodie.nl\/app\/uploads\/2024\/09\/Franse-producten-28-768x768.png 768w, https:\/\/www.foodie.nl\/app\/uploads\/2024\/09\/Franse-producten-28-510x510.png 510w, https:\/\/www.foodie.nl\/app\/uploads\/2024\/09\/Franse-producten-28-100x100.png 100w\" sizes=\"(max-width: 800px) 100vw, 800px\" \/><\/figure>\n\n<\/div>\n\n<div class=\"gb-container gb-container-ae57d153\">\n\n<h3 class=\"gb-headline gb-headline-0189c4b1 gb-headline-text\">Yummie Greens<\/h3>\n\n\n\n<p>Yummie Greens est la poudre de verdure la plus savoureuse \u00e0 base de poudre d&rsquo;eau de coco biologique.<\/p>\n\n\n\n<p>Gr\u00e2ce \u00e0 son go\u00fbt d\u00e9licieux, Yummie Greens est le moyen id\u00e9al pour freiner les envies de sucreries. Si vous avez envie de vous sucrer le bec sans ing\u00e9rer de sucres, Yummie Greens est votre meilleur compagnon !   <\/p>\n\n\n\n<p>Il contient divers super-aliments et herbes tels que l&rsquo;herbe de bl\u00e9, la chlorelle, la spiruline et l&rsquo;extrait d&rsquo;acorela.  <\/p>\n\n\n\n<p>La spiruline aide \u00e0 lutter contre la fatigue et soutient le syst\u00e8me immunitaire*.<\/p>\n\n\n\n<p>Acerola-extract is een 100% natuurlijke vorm van vitamine C die helpt om de geestelijke veerkracht op peil te houden.<\/p>\n\n\n\n<p>Les autres super-aliments contenus dans Yummie Greens sont le matcha, la citronnelle, le moringa et l&rsquo;extrait de betterave rouge.<\/p>\n\n\n\n<a class=\"gb-button gb-button-89a69b65 gb-button-primary-button\" href=\"https:\/\/www.foodie.nl\/fr\/product-categorie\/yummie-greens\/\"><span class=\"gb-button-text\">Plus d&rsquo;informations<\/span><span class=\"gb-icon\"><svg xmlns=\"http:\/\/www.w3.org\/2000\/svg\" viewBox=\"0 0 512 512\" height=\"1em\"><path d=\"M505 273c9.4-9.4 9.4-24.6 0-33.9L369 103c-9.4-9.4-24.6-9.4-33.9 0s-9.4 24.6 0 33.9l95 95L24 232c-13.3 0-24 10.7-24 24s10.7 24 24 24l406.1 0-95 95c-9.4 9.4-9.4 24.6 0 33.9s24.6 9.4 33.9 0L505 273z\"><\/path><\/svg><\/span><\/a>\n\n<\/div>\n<\/div><\/div>\n\n<div class=\"gb-grid-column gb-grid-column-cb12a7aa\"><div class=\"gb-container gb-container-cb12a7aa\">\n<div class=\"gb-container gb-container-fbe8ffcc px-fd-single-product-transition\"><a class=\"gb-container-link\" href=\"https:\/\/www.foodie.nl\/fr\/product-categorie\/ultimate-electrolytes\/\"><\/a>\n\n<figure class=\"gb-block-image gb-block-image-22d20438\"><img decoding=\"async\" width=\"2400\" height=\"2400\" class=\"gb-image gb-image-22d20438\" src=\"https:\/\/www.foodie.nl\/app\/uploads\/2025\/04\/Ultimate-Electrolytes-Citroen-1-pack.png\" alt=\"\" title=\"Ultimate Electrolytes Citroen 1-pack\" srcset=\"https:\/\/www.foodie.nl\/app\/uploads\/2025\/04\/Ultimate-Electrolytes-Citroen-1-pack.png 2400w, https:\/\/www.foodie.nl\/app\/uploads\/2025\/04\/Ultimate-Electrolytes-Citroen-1-pack-300x300.png 300w, https:\/\/www.foodie.nl\/app\/uploads\/2025\/04\/Ultimate-Electrolytes-Citroen-1-pack-1024x1024.png 1024w, https:\/\/www.foodie.nl\/app\/uploads\/2025\/04\/Ultimate-Electrolytes-Citroen-1-pack-150x150.png 150w, https:\/\/www.foodie.nl\/app\/uploads\/2025\/04\/Ultimate-Electrolytes-Citroen-1-pack-768x768.png 768w, https:\/\/www.foodie.nl\/app\/uploads\/2025\/04\/Ultimate-Electrolytes-Citroen-1-pack-1536x1536.png 1536w, https:\/\/www.foodie.nl\/app\/uploads\/2025\/04\/Ultimate-Electrolytes-Citroen-1-pack-2048x2048.png 2048w, https:\/\/www.foodie.nl\/app\/uploads\/2025\/04\/Ultimate-Electrolytes-Citroen-1-pack-510x510.png 510w, https:\/\/www.foodie.nl\/app\/uploads\/2025\/04\/Ultimate-Electrolytes-Citroen-1-pack-100x100.png 100w\" sizes=\"(max-width: 2400px) 100vw, 2400px\" \/><\/figure>\n\n<\/div>\n\n<div class=\"gb-container gb-container-1dd27984\">\n\n<h3 class=\"gb-headline gb-headline-b304bbe7 gb-headline-text\">Ultimate Electrolytes<\/h3>\n\n\n\n<p>Si vous essayez de perdre du poids et que vous voulez bander la graisse, il est conseill\u00e9 de bouger.<\/p>\n\n\n\n<p>La marche, le sport, la danse, la natation, etc.<\/p>\n\n\n\n<p>Pour maintenir au mieux une activit\u00e9 physique intensive, il est important que votre corps dispose de suffisamment d&rsquo;\u00e9lectrolytes, qui sont responsables du fonctionnement de vos muscles et de la fonction nerveuse.<\/p>\n\n\n\n<p>En restant bien hydrat\u00e9 avec Ultimate Electrolytes pour reconstituer vos \u00e9lectrolytes, vous favoriserez la fonction musculaire et r\u00e9duirez le risque de crampes.<\/p>\n\n\n\n<a class=\"gb-button gb-button-5badafdd gb-button-primary-button\" href=\"https:\/\/www.foodie.nl\/fr\/product-categorie\/ultimate-electrolytes\/\"><span class=\"gb-button-text\">Plus d&rsquo;informations<\/span><span class=\"gb-icon\"><svg xmlns=\"http:\/\/www.w3.org\/2000\/svg\" viewBox=\"0 0 512 512\" height=\"1em\"><path d=\"M505 273c9.4-9.4 9.4-24.6 0-33.9L369 103c-9.4-9.4-24.6-9.4-33.9 0s-9.4 24.6 0 33.9l95 95L24 232c-13.3 0-24 10.7-24 24s10.7 24 24 24l406.1 0-95 95c-9.4 9.4-9.4 24.6 0 33.9s24.6 9.4 33.9 0L505 273z\"><\/path><\/svg><\/span><\/a>\n\n<\/div>\n<\/div><\/div>\n<\/div>\n<\/div>\n<\/div>\n\n<div class=\"gb-container gb-container-1783cbf2 gb-container-full-width-container\">\n<div class=\"gb-container gb-container-8735f7b5 gb-container-full-width-container-content\">\n\n<p class=\"has-text-align-center has-small-font-size\"><em>*Ces all\u00e9gations de sant\u00e9, fond\u00e9es sur des ingr\u00e9dients v\u00e9g\u00e9taux, sont actuellement examin\u00e9es par l&rsquo;EFSA.<\/em><\/p>\n\n<\/div>\n<\/div>","protected":false},"excerpt":{"rendered":"<p>Perdre du poids peut \u00eatre plus facile Perdre du poids, ce n&rsquo;est pas seulement perdre de la graisse. En fin de compte, il s&rsquo;agit aussi de ne pas reprendre les &#8230; <\/p>\n<p class=\"read-more-container\"><a title=\"Perdre du poids\" class=\"read-more button\" href=\"https:\/\/www.foodie.nl\/fr\/besoins-de-sante\/perdre-du-poids\/#more-1146322\" aria-label=\"En savoir plus sur Perdre du poids\">Read more<\/a><\/p>\n","protected":false},"author":8822,"featured_media":0,"parent":1135537,"menu_order":0,"comment_status":"closed","ping_status":"closed","template":"","meta":{"_acf_changed":false,"om_disable_all_campaigns":false,"footnotes":""},"class_list":["post-1146322","page","type-page","status-publish"],"acf":[],"yoast_head":"<!-- This site is optimized with the Yoast SEO plugin v27.2 - https:\/\/yoast.com\/product\/yoast-seo-wordpress\/ -->\n<title>Perdre du poids - Foodie<\/title>\n<meta name=\"description\" content=\"Perdre du poids peut \u00eatre plus facile Perdre du poids, ce n&#039;est pas seulement perdre de la graisse. En fin de compte, il s&#039;agit aussi de ne pas reprendre\" \/>\n<meta name=\"robots\" content=\"index, follow, max-snippet:-1, max-image-preview:large, max-video-preview:-1\" \/>\n<link rel=\"canonical\" href=\"https:\/\/www.foodie.nl\/fr\/besoins-de-sante\/perdre-du-poids\/\" \/>\n<meta property=\"og:locale\" content=\"fr_FR\" \/>\n<meta property=\"og:type\" content=\"article\" \/>\n<meta property=\"og:title\" content=\"Perdre du poids - Foodie\" \/>\n<meta property=\"og:description\" content=\"Perdre du poids peut \u00eatre plus facile Perdre du poids, ce n&#039;est pas seulement perdre de la graisse. En fin de compte, il s&#039;agit aussi de ne pas reprendre\" \/>\n<meta property=\"og:url\" content=\"https:\/\/www.foodie.nl\/fr\/besoins-de-sante\/perdre-du-poids\/\" \/>\n<meta property=\"og:site_name\" content=\"Foodie\" \/>\n<meta property=\"article:modified_time\" content=\"2025-05-09T12:42:12+00:00\" \/>\n<meta property=\"og:image\" content=\"https:\/\/www.foodie.nl\/app\/uploads\/\/Afvallen-150x150.png\" \/>\n<meta name=\"twitter:card\" content=\"summary_large_image\" \/>\n<meta name=\"twitter:label1\" content=\"Dur\u00e9e de lecture estim\u00e9e\" \/>\n\t<meta name=\"twitter:data1\" content=\"4 minutes\" \/>\n<script type=\"application\/ld+json\" class=\"yoast-schema-graph\">{\"@context\":\"https:\/\/schema.org\",\"@graph\":[{\"@type\":\"WebPage\",\"@id\":\"https:\/\/www.foodie.nl\/fr\/besoins-de-sante\/perdre-du-poids\/\",\"url\":\"https:\/\/www.foodie.nl\/fr\/besoins-de-sante\/perdre-du-poids\/\",\"name\":\"Perdre du poids - Foodie\",\"isPartOf\":{\"@id\":\"https:\/\/www.foodie.nl\/fr\/#website\"},\"primaryImageOfPage\":{\"@id\":\"https:\/\/www.foodie.nl\/fr\/besoins-de-sante\/perdre-du-poids\/#primaryimage\"},\"image\":{\"@id\":\"https:\/\/www.foodie.nl\/fr\/besoins-de-sante\/perdre-du-poids\/#primaryimage\"},\"thumbnailUrl\":\"https:\/\/www.foodie.nl\/app\/uploads\/\/Afvallen-150x150.png\",\"datePublished\":\"2023-01-18T09:02:10+00:00\",\"dateModified\":\"2025-05-09T12:42:12+00:00\",\"description\":\"Perdre du poids peut \u00eatre plus facile Perdre du poids, ce n'est pas seulement perdre de la graisse. En fin de compte, il s'agit aussi de ne pas reprendre\",\"breadcrumb\":{\"@id\":\"https:\/\/www.foodie.nl\/fr\/besoins-de-sante\/perdre-du-poids\/#breadcrumb\"},\"inLanguage\":\"fr-FR\",\"potentialAction\":[{\"@type\":\"ReadAction\",\"target\":[\"https:\/\/www.foodie.nl\/fr\/besoins-de-sante\/perdre-du-poids\/\"]}]},{\"@type\":\"ImageObject\",\"inLanguage\":\"fr-FR\",\"@id\":\"https:\/\/www.foodie.nl\/fr\/besoins-de-sante\/perdre-du-poids\/#primaryimage\",\"url\":\"https:\/\/www.foodie.nl\/app\/uploads\/\/Afvallen-150x150.png\",\"contentUrl\":\"https:\/\/www.foodie.nl\/app\/uploads\/\/Afvallen-150x150.png\"},{\"@type\":\"BreadcrumbList\",\"@id\":\"https:\/\/www.foodie.nl\/fr\/besoins-de-sante\/perdre-du-poids\/#breadcrumb\",\"itemListElement\":[{\"@type\":\"ListItem\",\"position\":1,\"name\":\"Home\",\"item\":\"https:\/\/www.foodie.nl\/fr\/\"},{\"@type\":\"ListItem\",\"position\":2,\"name\":\"Nos conseils sant\u00e9\",\"item\":\"https:\/\/www.foodie.nl\/fr\/besoins-de-sante\/\"},{\"@type\":\"ListItem\",\"position\":3,\"name\":\"Perdre du poids\"}]},{\"@type\":\"WebSite\",\"@id\":\"https:\/\/www.foodie.nl\/fr\/#website\",\"url\":\"https:\/\/www.foodie.nl\/fr\/\",\"name\":\"Foodie\",\"description\":\"Elke Hap Telt\",\"publisher\":{\"@id\":\"https:\/\/www.foodie.nl\/fr\/#organization\"},\"potentialAction\":[{\"@type\":\"SearchAction\",\"target\":{\"@type\":\"EntryPoint\",\"urlTemplate\":\"https:\/\/www.foodie.nl\/fr\/?s={search_term_string}\"},\"query-input\":{\"@type\":\"PropertyValueSpecification\",\"valueRequired\":true,\"valueName\":\"search_term_string\"}}],\"inLanguage\":\"fr-FR\"},{\"@type\":\"Organization\",\"@id\":\"https:\/\/www.foodie.nl\/fr\/#organization\",\"name\":\"Foodie\",\"url\":\"https:\/\/www.foodie.nl\/fr\/\",\"logo\":{\"@type\":\"ImageObject\",\"inLanguage\":\"fr-FR\",\"@id\":\"https:\/\/www.foodie.nl\/fr\/#\/schema\/logo\/image\/\",\"url\":\"https:\/\/www.foodie.nl\/app\/uploads\/2025\/01\/logo-foodie-wide@2x.png\",\"contentUrl\":\"https:\/\/www.foodie.nl\/app\/uploads\/2025\/01\/logo-foodie-wide@2x.png\",\"width\":236,\"height\":128,\"caption\":\"Foodie\"},\"image\":{\"@id\":\"https:\/\/www.foodie.nl\/fr\/#\/schema\/logo\/image\/\"}}]}<\/script>\n<!-- \/ Yoast SEO plugin. -->","yoast_head_json":{"title":"Perdre du poids - Foodie","description":"Perdre du poids peut \u00eatre plus facile Perdre du poids, ce n'est pas seulement perdre de la graisse. En fin de compte, il s'agit aussi de ne pas reprendre","robots":{"index":"index","follow":"follow","max-snippet":"max-snippet:-1","max-image-preview":"max-image-preview:large","max-video-preview":"max-video-preview:-1"},"canonical":"https:\/\/www.foodie.nl\/fr\/besoins-de-sante\/perdre-du-poids\/","og_locale":"fr_FR","og_type":"article","og_title":"Perdre du poids - Foodie","og_description":"Perdre du poids peut \u00eatre plus facile Perdre du poids, ce n'est pas seulement perdre de la graisse. En fin de compte, il s'agit aussi de ne pas reprendre","og_url":"https:\/\/www.foodie.nl\/fr\/besoins-de-sante\/perdre-du-poids\/","og_site_name":"Foodie","article_modified_time":"2025-05-09T12:42:12+00:00","og_image":[{"url":"https:\/\/www.foodie.nl\/app\/uploads\/\/Afvallen-150x150.png","type":"","width":"","height":""}],"twitter_card":"summary_large_image","twitter_misc":{"Dur\u00e9e de lecture estim\u00e9e":"4 minutes"},"schema":{"@context":"https:\/\/schema.org","@graph":[{"@type":"WebPage","@id":"https:\/\/www.foodie.nl\/fr\/besoins-de-sante\/perdre-du-poids\/","url":"https:\/\/www.foodie.nl\/fr\/besoins-de-sante\/perdre-du-poids\/","name":"Perdre du poids - Foodie","isPartOf":{"@id":"https:\/\/www.foodie.nl\/fr\/#website"},"primaryImageOfPage":{"@id":"https:\/\/www.foodie.nl\/fr\/besoins-de-sante\/perdre-du-poids\/#primaryimage"},"image":{"@id":"https:\/\/www.foodie.nl\/fr\/besoins-de-sante\/perdre-du-poids\/#primaryimage"},"thumbnailUrl":"https:\/\/www.foodie.nl\/app\/uploads\/\/Afvallen-150x150.png","datePublished":"2023-01-18T09:02:10+00:00","dateModified":"2025-05-09T12:42:12+00:00","description":"Perdre du poids peut \u00eatre plus facile Perdre du poids, ce n'est pas seulement perdre de la graisse. En fin de compte, il s'agit aussi de ne pas reprendre","breadcrumb":{"@id":"https:\/\/www.foodie.nl\/fr\/besoins-de-sante\/perdre-du-poids\/#breadcrumb"},"inLanguage":"fr-FR","potentialAction":[{"@type":"ReadAction","target":["https:\/\/www.foodie.nl\/fr\/besoins-de-sante\/perdre-du-poids\/"]}]},{"@type":"ImageObject","inLanguage":"fr-FR","@id":"https:\/\/www.foodie.nl\/fr\/besoins-de-sante\/perdre-du-poids\/#primaryimage","url":"https:\/\/www.foodie.nl\/app\/uploads\/\/Afvallen-150x150.png","contentUrl":"https:\/\/www.foodie.nl\/app\/uploads\/\/Afvallen-150x150.png"},{"@type":"BreadcrumbList","@id":"https:\/\/www.foodie.nl\/fr\/besoins-de-sante\/perdre-du-poids\/#breadcrumb","itemListElement":[{"@type":"ListItem","position":1,"name":"Home","item":"https:\/\/www.foodie.nl\/fr\/"},{"@type":"ListItem","position":2,"name":"Nos conseils sant\u00e9","item":"https:\/\/www.foodie.nl\/fr\/besoins-de-sante\/"},{"@type":"ListItem","position":3,"name":"Perdre du poids"}]},{"@type":"WebSite","@id":"https:\/\/www.foodie.nl\/fr\/#website","url":"https:\/\/www.foodie.nl\/fr\/","name":"Foodie","description":"Elke Hap Telt","publisher":{"@id":"https:\/\/www.foodie.nl\/fr\/#organization"},"potentialAction":[{"@type":"SearchAction","target":{"@type":"EntryPoint","urlTemplate":"https:\/\/www.foodie.nl\/fr\/?s={search_term_string}"},"query-input":{"@type":"PropertyValueSpecification","valueRequired":true,"valueName":"search_term_string"}}],"inLanguage":"fr-FR"},{"@type":"Organization","@id":"https:\/\/www.foodie.nl\/fr\/#organization","name":"Foodie","url":"https:\/\/www.foodie.nl\/fr\/","logo":{"@type":"ImageObject","inLanguage":"fr-FR","@id":"https:\/\/www.foodie.nl\/fr\/#\/schema\/logo\/image\/","url":"https:\/\/www.foodie.nl\/app\/uploads\/2025\/01\/logo-foodie-wide@2x.png","contentUrl":"https:\/\/www.foodie.nl\/app\/uploads\/2025\/01\/logo-foodie-wide@2x.png","width":236,"height":128,"caption":"Foodie"},"image":{"@id":"https:\/\/www.foodie.nl\/fr\/#\/schema\/logo\/image\/"}}]}},"_links":{"self":[{"href":"https:\/\/www.foodie.nl\/fr\/wp-json\/wp\/v2\/pages\/1146322","targetHints":{"allow":["GET"]}}],"collection":[{"href":"https:\/\/www.foodie.nl\/fr\/wp-json\/wp\/v2\/pages"}],"about":[{"href":"https:\/\/www.foodie.nl\/fr\/wp-json\/wp\/v2\/types\/page"}],"author":[{"embeddable":true,"href":"https:\/\/www.foodie.nl\/fr\/wp-json\/wp\/v2\/users\/8822"}],"replies":[{"embeddable":true,"href":"https:\/\/www.foodie.nl\/fr\/wp-json\/wp\/v2\/comments?post=1146322"}],"version-history":[{"count":9,"href":"https:\/\/www.foodie.nl\/fr\/wp-json\/wp\/v2\/pages\/1146322\/revisions"}],"predecessor-version":[{"id":1157828,"href":"https:\/\/www.foodie.nl\/fr\/wp-json\/wp\/v2\/pages\/1146322\/revisions\/1157828"}],"up":[{"embeddable":true,"href":"https:\/\/www.foodie.nl\/fr\/wp-json\/wp\/v2\/pages\/1135537"}],"wp:attachment":[{"href":"https:\/\/www.foodie.nl\/fr\/wp-json\/wp\/v2\/media?parent=1146322"}],"curies":[{"name":"wp","href":"https:\/\/api.w.org\/{rel}","templated":true}]}}