{"id":1161381,"date":"2025-06-10T14:42:55","date_gmt":"2025-06-10T12:42:55","guid":{"rendered":"https:\/\/www.foodie.nl\/?page_id=1161381"},"modified":"2025-06-10T15:16:09","modified_gmt":"2025-06-10T13:16:09","slug":"magnesium-boost-facebook-1-pack","status":"publish","type":"page","link":"https:\/\/www.foodie.nl\/fr\/magnesium-boost-facebook-1-pack\/","title":{"rendered":"Magnesium Boost Facebook 1-pack"},"content":{"rendered":"<div class=\"gb-container gb-container-79645e14 px-fd-container-position\">\n<div class=\"gb-container gb-container-c41ca6f4 px-fd-image-position\">\n<div class=\"gb-container gb-container-67dc3ff4 gb-container-full-width-container-content\">\n\n<figure class=\"gb-block-image gb-block-image-f5d15446\"><img decoding=\"async\" width=\"1200\" height=\"1200\" class=\"gb-image gb-image-f5d15446\" src=\"https:\/\/www.foodie.nl\/app\/uploads\/2025\/06\/Facebook-aanbiedingen-31.png\" alt=\"\" title=\"Facebook aanbiedingen (31)\" srcset=\"https:\/\/www.foodie.nl\/app\/uploads\/2025\/06\/Facebook-aanbiedingen-31.png 1200w, https:\/\/www.foodie.nl\/app\/uploads\/2025\/06\/Facebook-aanbiedingen-31-300x300.png 300w, https:\/\/www.foodie.nl\/app\/uploads\/2025\/06\/Facebook-aanbiedingen-31-1024x1024.png 1024w, https:\/\/www.foodie.nl\/app\/uploads\/2025\/06\/Facebook-aanbiedingen-31-150x150.png 150w, https:\/\/www.foodie.nl\/app\/uploads\/2025\/06\/Facebook-aanbiedingen-31-768x768.png 768w, https:\/\/www.foodie.nl\/app\/uploads\/2025\/06\/Facebook-aanbiedingen-31-510x510.png 510w, https:\/\/www.foodie.nl\/app\/uploads\/2025\/06\/Facebook-aanbiedingen-31-100x100.png 100w\" sizes=\"(max-width: 1200px) 100vw, 1200px\" \/><\/figure>\n\n<\/div>\n<\/div>\n\n<div class=\"gb-container gb-container-3acdfa3b\">\n<div class=\"gb-container gb-container-aeab2b04 gb-container-full-width-container-content\">\n<div class=\"gb-container gb-container-73215247\">\n\n<h1 class=\"wp-block-heading\">Magnesium Boost 1-pack<\/h1>\n\n\n<div class=\"gb-container gb-container-acf95990\">\n\n<h4 class=\"wp-block-heading\"><strong>Le magn\u00e9sium le mieux absorb\u00e9 contre le stress, les crampes et les troubles du sommeil! <br>Ainsi, vous vous r\u00e9veillez repos\u00e9(e) et sans crampes.<\/strong><\/h4>\n\n\n\n<p>1 emballage = 60 capsules<br>Satisfait ou rembours\u00e9!<\/p>\n\n<\/div>\n<\/div>\n<\/div>\n<\/div>\n<\/div>\n\n<div class=\"gb-container gb-container-c588cf65 gb-container-full-width-container\">\n<div class=\"gb-container gb-container-00e695eb gb-container-full-width-container-content\">\n<div class=\"gb-container gb-container-afc19abe\">\n<div class=\"woocommerce\"><\/div>\n\n<\/div>\n\n<div class=\"gb-container gb-container-2f88a619\">\n<div class=\"gb-container gb-container-43381f50\">\n\n<h3 class=\"wp-block-heading\">Ce que vous recevez aujourd\u2019hui:<\/h3>\n\n\n\n<p style=\"font-style:normal;font-weight:600\">Je re\u00e7ois un emballage de Magnesium Boost livr\u00e9 \u00e0 domicile pour seulement 19,90\u20ac (prix conseill\u00e9 29,90\u20ac).<\/p>\n\n\n\n<p>Magnesium Boost contient trois types de magn\u00e9sium de haute qualit\u00e9.<\/p>\n\n\n\n<ul class=\"wp-block-list\">\n<li>Malate de Magnesium <\/li>\n\n\n\n<li>Citrate de Magnesium <\/li>\n\n\n\n<li>Bisglycinate de Magnesium <\/li>\n<\/ul>\n\n\n\n<p>Ces trois formes de magn\u00e9sium sont reconnues pour leur absorption efficace. Elles atteignent ainsi les bonnes parties de votre corps pour&#8230;<\/p>\n\n\n\n<p>&#8230; soutenir l\u2019\u00e9nergie mentale<\/p>\n\n\n\n<p>&#8230; favoriser la vitalit\u00e9 physique<\/p>\n\n\n\n<p>&#8230; renforcer la r\u00e9sistance au stress<\/p>\n\n\n\n<p>&#8230; aider activement la concentration<\/p>\n\n\n\n<p>J\u2019ai h\u00e2te de l\u2019exp\u00e9rimenter moi-m\u00eame.<\/p>\n\n<\/div>\n<\/div>\n<\/div>\n<\/div>\n\n<div class=\"gb-container gb-container-2b71f4ac gb-container-full-width-container\">\n<div class=\"gb-container gb-container-3ce5fc8f gb-container-full-width-container-content\">\n<div class=\"gb-container gb-container-cc3e90b5\">\n<div class=\"gb-container gb-container-e273b56e\">\n<div class=\"gb-container gb-container-f317b678\">\n\n<h3 class=\"wp-block-heading\">Pourquoi commander chez Foodie ?<\/h3>\n\n\n\n<p class=\"gb-headline gb-headline-5c3448b9 gb-headline-text\"><strong>Garantie de remboursement \u00e0 100%<\/strong><br>Si vous n&rsquo;\u00eates pas satisfait d&rsquo;un produit ou de ses performances dans les 60 jours, nous vous rembourserons int\u00e9gralement, m\u00eame si le compl\u00e9ment a d\u00e9j\u00e0 \u00e9t\u00e9 utilis\u00e9.<br><br><strong>81 496+ commandes envoy\u00e9es<\/strong><br>Nous avons autant de clients satisfaits que de commandes exp\u00e9di\u00e9es. Faites-en l&rsquo;exp\u00e9rience en passant votre commande. <\/p>\n\n<\/div>\n\n<div class=\"gb-container gb-container-3bef51b7\">\n\n<figure class=\"gb-block-image gb-block-image-2083c662\"><img decoding=\"async\" class=\"gb-image gb-image-2083c662\" src=\"https:\/\/www.foodie.nl\/app\/uploads\/2018\/09\/badges2.png\"\/><\/figure>\n\n\n\n<figure class=\"gb-block-image gb-block-image-5b442399\"><img decoding=\"async\" width=\"410\" height=\"113\" class=\"gb-image gb-image-5b442399\" src=\"https:\/\/www.foodie.nl\/app\/uploads\/Screenshot-2020-12-09-at-17.16.19.png\" alt=\"\" title=\"betalingsmethoden\" srcset=\"https:\/\/www.foodie.nl\/app\/uploads\/Screenshot-2020-12-09-at-17.16.19.png 410w, https:\/\/www.foodie.nl\/app\/uploads\/Screenshot-2020-12-09-at-17.16.19-300x83.png 300w\" sizes=\"(max-width: 410px) 100vw, 410px\" \/><\/figure>\n\n<\/div>\n<\/div>\n\n<div class=\"gb-container gb-container-9cc6160a\">\n\n<!-- TrustBox widget - Micro Star -->\n<div class=\"trustpilot-widget\" data-locale=\"fr-FR\" data-template-id=\"5419b732fbfb950b10de65e5\" data-businessunit-id=\"56cc304a0000ff000589475d\" data-style-height=\"24px\" data-style-width=\"100%\" data-theme=\"light\">\n  <a href=\"https:\/\/nl.trustpilot.com\/review\/foodie.nl\" target=\"_blank\" rel=\"noopener\">Trustpilot<\/a>\n<\/div>\n<!-- End TrustBox widget -->\n\n<\/div>\n<\/div>\n<\/div>\n<\/div>","protected":false},"excerpt":{"rendered":"<p>Magnesium Boost 1-pack Le magn\u00e9sium le mieux absorb\u00e9 contre le stress, les crampes et les troubles du sommeil! Ainsi, vous vous r\u00e9veillez repos\u00e9(e) et sans crampes. 1 emballage = 60 &#8230; <\/p>\n<p class=\"read-more-container\"><a title=\"Magnesium Boost Facebook 1-pack\" class=\"read-more button\" href=\"https:\/\/www.foodie.nl\/fr\/magnesium-boost-facebook-1-pack\/#more-1161381\" aria-label=\"En savoir plus sur Magnesium Boost Facebook 1-pack\">Read more<\/a><\/p>\n","protected":false},"author":44185,"featured_media":0,"parent":0,"menu_order":0,"comment_status":"closed","ping_status":"closed","template":"","meta":{"_acf_changed":false,"om_disable_all_campaigns":false,"footnotes":""},"class_list":["post-1161381","page","type-page","status-publish"],"acf":[],"yoast_head":"<!-- This site is optimized with the Yoast SEO plugin v27.4 - https:\/\/yoast.com\/product\/yoast-seo-wordpress\/ -->\n<title>Magnesium Boost Facebook 1-pack - Foodie<\/title>\n<meta name=\"description\" content=\"Magnesium Boost 1-pack Le magn\u00e9sium le mieux absorb\u00e9 contre le stress, les crampes et les troubles du sommeil! Ainsi, vous vous r\u00e9veillez repos\u00e9(e) et\" \/>\n<meta name=\"robots\" content=\"index, follow, max-snippet:-1, max-image-preview:large, max-video-preview:-1\" \/>\n<link rel=\"canonical\" href=\"https:\/\/www.foodie.nl\/fr\/magnesium-boost-facebook-1-pack\/\" \/>\n<meta property=\"og:locale\" content=\"fr_FR\" \/>\n<meta property=\"og:type\" content=\"article\" \/>\n<meta property=\"og:title\" content=\"Magnesium Boost Facebook 1-pack - Foodie\" \/>\n<meta property=\"og:description\" content=\"Magnesium Boost 1-pack Le magn\u00e9sium le mieux absorb\u00e9 contre le stress, les crampes et les troubles du sommeil! Ainsi, vous vous r\u00e9veillez repos\u00e9(e) et\" \/>\n<meta property=\"og:url\" content=\"https:\/\/www.foodie.nl\/fr\/magnesium-boost-facebook-1-pack\/\" \/>\n<meta property=\"og:site_name\" content=\"Foodie\" \/>\n<meta property=\"article:modified_time\" content=\"2025-06-10T13:16:09+00:00\" \/>\n<meta property=\"og:image\" content=\"https:\/\/www.foodie.nl\/app\/uploads\/2025\/06\/Facebook-aanbiedingen-31.png\" \/>\n<meta name=\"twitter:card\" content=\"summary_large_image\" \/>\n<meta name=\"twitter:label1\" content=\"Dur\u00e9e de lecture estim\u00e9e\" \/>\n\t<meta name=\"twitter:data1\" content=\"2 minutes\" \/>\n<script type=\"application\/ld+json\" class=\"yoast-schema-graph\">{\"@context\":\"https:\\\/\\\/schema.org\",\"@graph\":[{\"@type\":\"WebPage\",\"@id\":\"https:\\\/\\\/www.foodie.nl\\\/fr\\\/magnesium-boost-facebook-1-pack\\\/\",\"url\":\"https:\\\/\\\/www.foodie.nl\\\/fr\\\/magnesium-boost-facebook-1-pack\\\/\",\"name\":\"Magnesium Boost Facebook 1-pack - Foodie\",\"isPartOf\":{\"@id\":\"https:\\\/\\\/www.foodie.nl\\\/fr\\\/#website\"},\"primaryImageOfPage\":{\"@id\":\"https:\\\/\\\/www.foodie.nl\\\/fr\\\/magnesium-boost-facebook-1-pack\\\/#primaryimage\"},\"image\":{\"@id\":\"https:\\\/\\\/www.foodie.nl\\\/fr\\\/magnesium-boost-facebook-1-pack\\\/#primaryimage\"},\"thumbnailUrl\":\"https:\\\/\\\/www.foodie.nl\\\/app\\\/uploads\\\/2025\\\/06\\\/Facebook-aanbiedingen-31.png\",\"datePublished\":\"2025-06-10T12:42:55+00:00\",\"dateModified\":\"2025-06-10T13:16:09+00:00\",\"description\":\"Magnesium Boost 1-pack Le magn\u00e9sium le mieux absorb\u00e9 contre le stress, les crampes et les troubles du sommeil! Ainsi, vous vous r\u00e9veillez repos\u00e9(e) et\",\"breadcrumb\":{\"@id\":\"https:\\\/\\\/www.foodie.nl\\\/fr\\\/magnesium-boost-facebook-1-pack\\\/#breadcrumb\"},\"inLanguage\":\"fr-FR\",\"potentialAction\":[{\"@type\":\"ReadAction\",\"target\":[\"https:\\\/\\\/www.foodie.nl\\\/fr\\\/magnesium-boost-facebook-1-pack\\\/\"]}]},{\"@type\":\"ImageObject\",\"inLanguage\":\"fr-FR\",\"@id\":\"https:\\\/\\\/www.foodie.nl\\\/fr\\\/magnesium-boost-facebook-1-pack\\\/#primaryimage\",\"url\":\"https:\\\/\\\/www.foodie.nl\\\/app\\\/uploads\\\/2025\\\/06\\\/Facebook-aanbiedingen-31.png\",\"contentUrl\":\"https:\\\/\\\/www.foodie.nl\\\/app\\\/uploads\\\/2025\\\/06\\\/Facebook-aanbiedingen-31.png\"},{\"@type\":\"BreadcrumbList\",\"@id\":\"https:\\\/\\\/www.foodie.nl\\\/fr\\\/magnesium-boost-facebook-1-pack\\\/#breadcrumb\",\"itemListElement\":[{\"@type\":\"ListItem\",\"position\":1,\"name\":\"Home\",\"item\":\"https:\\\/\\\/www.foodie.nl\\\/fr\\\/\"},{\"@type\":\"ListItem\",\"position\":2,\"name\":\"Magnesium Boost Facebook 1-pack\"}]},{\"@type\":\"WebSite\",\"@id\":\"https:\\\/\\\/www.foodie.nl\\\/fr\\\/#website\",\"url\":\"https:\\\/\\\/www.foodie.nl\\\/fr\\\/\",\"name\":\"Foodie\",\"description\":\"Elke Hap Telt\",\"publisher\":{\"@id\":\"https:\\\/\\\/www.foodie.nl\\\/fr\\\/#organization\"},\"potentialAction\":[{\"@type\":\"SearchAction\",\"target\":{\"@type\":\"EntryPoint\",\"urlTemplate\":\"https:\\\/\\\/www.foodie.nl\\\/fr\\\/?s={search_term_string}\"},\"query-input\":{\"@type\":\"PropertyValueSpecification\",\"valueRequired\":true,\"valueName\":\"search_term_string\"}}],\"inLanguage\":\"fr-FR\"},{\"@type\":\"Organization\",\"@id\":\"https:\\\/\\\/www.foodie.nl\\\/fr\\\/#organization\",\"name\":\"Foodie\",\"url\":\"https:\\\/\\\/www.foodie.nl\\\/fr\\\/\",\"logo\":{\"@type\":\"ImageObject\",\"inLanguage\":\"fr-FR\",\"@id\":\"https:\\\/\\\/www.foodie.nl\\\/fr\\\/#\\\/schema\\\/logo\\\/image\\\/\",\"url\":\"https:\\\/\\\/www.foodie.nl\\\/app\\\/uploads\\\/2025\\\/01\\\/logo-foodie-wide@2x.png\",\"contentUrl\":\"https:\\\/\\\/www.foodie.nl\\\/app\\\/uploads\\\/2025\\\/01\\\/logo-foodie-wide@2x.png\",\"width\":236,\"height\":128,\"caption\":\"Foodie\"},\"image\":{\"@id\":\"https:\\\/\\\/www.foodie.nl\\\/fr\\\/#\\\/schema\\\/logo\\\/image\\\/\"}}]}<\/script>\n<!-- \/ Yoast SEO plugin. -->","yoast_head_json":{"title":"Magnesium Boost Facebook 1-pack - Foodie","description":"Magnesium Boost 1-pack Le magn\u00e9sium le mieux absorb\u00e9 contre le stress, les crampes et les troubles du sommeil! Ainsi, vous vous r\u00e9veillez repos\u00e9(e) et","robots":{"index":"index","follow":"follow","max-snippet":"max-snippet:-1","max-image-preview":"max-image-preview:large","max-video-preview":"max-video-preview:-1"},"canonical":"https:\/\/www.foodie.nl\/fr\/magnesium-boost-facebook-1-pack\/","og_locale":"fr_FR","og_type":"article","og_title":"Magnesium Boost Facebook 1-pack - Foodie","og_description":"Magnesium Boost 1-pack Le magn\u00e9sium le mieux absorb\u00e9 contre le stress, les crampes et les troubles du sommeil! Ainsi, vous vous r\u00e9veillez repos\u00e9(e) et","og_url":"https:\/\/www.foodie.nl\/fr\/magnesium-boost-facebook-1-pack\/","og_site_name":"Foodie","article_modified_time":"2025-06-10T13:16:09+00:00","og_image":[{"url":"https:\/\/www.foodie.nl\/app\/uploads\/2025\/06\/Facebook-aanbiedingen-31.png","type":"","width":"","height":""}],"twitter_card":"summary_large_image","twitter_misc":{"Dur\u00e9e de lecture estim\u00e9e":"2 minutes"},"schema":{"@context":"https:\/\/schema.org","@graph":[{"@type":"WebPage","@id":"https:\/\/www.foodie.nl\/fr\/magnesium-boost-facebook-1-pack\/","url":"https:\/\/www.foodie.nl\/fr\/magnesium-boost-facebook-1-pack\/","name":"Magnesium Boost Facebook 1-pack - Foodie","isPartOf":{"@id":"https:\/\/www.foodie.nl\/fr\/#website"},"primaryImageOfPage":{"@id":"https:\/\/www.foodie.nl\/fr\/magnesium-boost-facebook-1-pack\/#primaryimage"},"image":{"@id":"https:\/\/www.foodie.nl\/fr\/magnesium-boost-facebook-1-pack\/#primaryimage"},"thumbnailUrl":"https:\/\/www.foodie.nl\/app\/uploads\/2025\/06\/Facebook-aanbiedingen-31.png","datePublished":"2025-06-10T12:42:55+00:00","dateModified":"2025-06-10T13:16:09+00:00","description":"Magnesium Boost 1-pack Le magn\u00e9sium le mieux absorb\u00e9 contre le stress, les crampes et les troubles du sommeil! Ainsi, vous vous r\u00e9veillez repos\u00e9(e) et","breadcrumb":{"@id":"https:\/\/www.foodie.nl\/fr\/magnesium-boost-facebook-1-pack\/#breadcrumb"},"inLanguage":"fr-FR","potentialAction":[{"@type":"ReadAction","target":["https:\/\/www.foodie.nl\/fr\/magnesium-boost-facebook-1-pack\/"]}]},{"@type":"ImageObject","inLanguage":"fr-FR","@id":"https:\/\/www.foodie.nl\/fr\/magnesium-boost-facebook-1-pack\/#primaryimage","url":"https:\/\/www.foodie.nl\/app\/uploads\/2025\/06\/Facebook-aanbiedingen-31.png","contentUrl":"https:\/\/www.foodie.nl\/app\/uploads\/2025\/06\/Facebook-aanbiedingen-31.png"},{"@type":"BreadcrumbList","@id":"https:\/\/www.foodie.nl\/fr\/magnesium-boost-facebook-1-pack\/#breadcrumb","itemListElement":[{"@type":"ListItem","position":1,"name":"Home","item":"https:\/\/www.foodie.nl\/fr\/"},{"@type":"ListItem","position":2,"name":"Magnesium Boost Facebook 1-pack"}]},{"@type":"WebSite","@id":"https:\/\/www.foodie.nl\/fr\/#website","url":"https:\/\/www.foodie.nl\/fr\/","name":"Foodie","description":"Elke Hap Telt","publisher":{"@id":"https:\/\/www.foodie.nl\/fr\/#organization"},"potentialAction":[{"@type":"SearchAction","target":{"@type":"EntryPoint","urlTemplate":"https:\/\/www.foodie.nl\/fr\/?s={search_term_string}"},"query-input":{"@type":"PropertyValueSpecification","valueRequired":true,"valueName":"search_term_string"}}],"inLanguage":"fr-FR"},{"@type":"Organization","@id":"https:\/\/www.foodie.nl\/fr\/#organization","name":"Foodie","url":"https:\/\/www.foodie.nl\/fr\/","logo":{"@type":"ImageObject","inLanguage":"fr-FR","@id":"https:\/\/www.foodie.nl\/fr\/#\/schema\/logo\/image\/","url":"https:\/\/www.foodie.nl\/app\/uploads\/2025\/01\/logo-foodie-wide@2x.png","contentUrl":"https:\/\/www.foodie.nl\/app\/uploads\/2025\/01\/logo-foodie-wide@2x.png","width":236,"height":128,"caption":"Foodie"},"image":{"@id":"https:\/\/www.foodie.nl\/fr\/#\/schema\/logo\/image\/"}}]}},"_links":{"self":[{"href":"https:\/\/www.foodie.nl\/fr\/wp-json\/wp\/v2\/pages\/1161381","targetHints":{"allow":["GET"]}}],"collection":[{"href":"https:\/\/www.foodie.nl\/fr\/wp-json\/wp\/v2\/pages"}],"about":[{"href":"https:\/\/www.foodie.nl\/fr\/wp-json\/wp\/v2\/types\/page"}],"author":[{"embeddable":true,"href":"https:\/\/www.foodie.nl\/fr\/wp-json\/wp\/v2\/users\/44185"}],"replies":[{"embeddable":true,"href":"https:\/\/www.foodie.nl\/fr\/wp-json\/wp\/v2\/comments?post=1161381"}],"version-history":[{"count":4,"href":"https:\/\/www.foodie.nl\/fr\/wp-json\/wp\/v2\/pages\/1161381\/revisions"}],"predecessor-version":[{"id":1161503,"href":"https:\/\/www.foodie.nl\/fr\/wp-json\/wp\/v2\/pages\/1161381\/revisions\/1161503"}],"wp:attachment":[{"href":"https:\/\/www.foodie.nl\/fr\/wp-json\/wp\/v2\/media?parent=1161381"}],"curies":[{"name":"wp","href":"https:\/\/api.w.org\/{rel}","templated":true}]}}