{"id":1125053,"date":"2017-12-22T05:17:56","date_gmt":"2017-12-22T04:17:56","guid":{"rendered":"https:\/\/www.foodie.nl\/product\/6x-100-pure-krill-oil-60-gelules\/"},"modified":"2025-08-26T11:20:27","modified_gmt":"2025-08-26T09:20:27","slug":"6x-100-pure-krill-oil-60-gelules","status":"publish","type":"product","link":"https:\/\/www.foodie.nl\/fr\/produit\/6x-100-pure-krill-oil-60-gelules\/","title":{"rendered":"6x 100% Pure Krill Oil"},"content":{"rendered":"<p><strong>Valeur nutritionnelle moyenne par 2 g\u00e9lules:<\/strong><\/p>\n<ul>\n<li>Huile de krill: 1180 mg<\/li>\n<li>Phospholipides: 660 mg<\/li>\n<li>EPA: 178 mg<\/li>\n<li>DHA: 82 mg<\/li>\n<li>Choline: 82,6 mg<\/li>\n<li>Astaxanthine: 100 mcg<\/li>\n<\/ul>\n<p><strong>Ingr\u00e9dients:<\/strong>\u00a0huile de krill (crustac\u00e9s), g\u00e9latine de poisson, glyc\u00e9rol, sorbitol et eau.<\/p>\n<p><strong>Posologie:<\/strong>\u00a0Prenez 2 capsules par jour pendant un repas.<\/p>\n<p><strong>Conservation:<\/strong>\u00a0Conserver dans un endroit frais et sec, dans un emballage bien ferm\u00e9.<\/p>\n<p><strong>Allerg\u00e8nes:<\/strong>\u00a0Ce produit contient des crustac\u00e9s et du poisson.<\/p>\n<p><strong>Avertissement:<\/strong>\u00a0Ce produit n&rsquo;est pas un m\u00e9dicament et n&rsquo;est pas destin\u00e9 \u00e0 diagnostiquer, pr\u00e9venir, traiter ou gu\u00e9rir une maladie ou une affection. Un compl\u00e9ment alimentaire ne doit pas \u00eatre utilis\u00e9 comme substitut \u00e0 une alimentation vari\u00e9e. Ne pas d\u00e9passer la dose quotidienne recommand\u00e9e. Garder hors de port\u00e9e des enfants.<\/p>\n","protected":false},"excerpt":{"rendered":"<p><strong>100% Pure Krill Oil <\/strong>offre une source compl\u00e8te et avanc\u00e9e d&rsquo;acides gras om\u00e9ga-3, soutenue par des bienfaits suppl\u00e9mentaires de la choline et de l&rsquo;astaxanthine. Cela en fait un choix judicieux pour tous ceux qui souhaitent soutenir leur sant\u00e9 de mani\u00e8re naturelle, efficace et durable.<\/p>\n<p><strong>Un emballage de 100% Pure Krill OIl contient 60 capsules\u00a0<\/strong><\/p>\n","protected":false},"featured_media":1174502,"template":"","meta":{"_acf_changed":false,"om_disable_all_campaigns":false},"product_brand":[],"product_cat":[179,184,183,182,178],"product_tag":[],"class_list":{"0":"post-1125053","1":"product","2":"type-product","3":"status-publish","4":"has-post-thumbnail","6":"product_cat-100-pure-krill-oil","7":"product_cat-bestsellers-fr-2","8":"product_cat-complements-alimentaires","9":"product_cat-non-promo-fr","10":"product_cat-offre-reguliere","11":"sales-flash-overlay","12":"woocommerce-text-align-center","13":"woocommerce-image-align-center","14":"do-quantity-buttons","16":"first","17":"instock","18":"sale","19":"downloadable","20":"taxable","21":"shipping-taxable","22":"purchasable","23":"product-type-simple"},"acf":[],"yoast_head":"<!-- This site is optimized with the Yoast SEO plugin v27.4 - https:\/\/yoast.com\/product\/yoast-seo-wordpress\/ -->\n<title>6x 100% Pure Krill Oil - Foodie<\/title>\n<meta name=\"description\" content=\"100% Pure Krill Oil offre une source compl\u00e8te et avanc\u00e9e d&#039;acides gras om\u00e9ga-3, soutenue par des bienfaits suppl\u00e9mentaires de la choline et de l&#039;astaxanthine. Cela en fait un choix judicieux pour tous ceux qui souhaitent soutenir leur sant\u00e9 de mani\u00e8re naturelle, efficace et durable.  Un emballage de 100% Pure Krill OIl contient 60 capsules\u00a0\" \/>\n<meta name=\"robots\" content=\"index, follow, max-snippet:-1, max-image-preview:large, max-video-preview:-1\" \/>\n<link rel=\"canonical\" href=\"https:\/\/www.foodie.nl\/fr\/produit\/6x-100-pure-krill-oil-60-gelules\/\" \/>\n<meta property=\"og:locale\" content=\"fr_FR\" \/>\n<meta property=\"og:type\" content=\"article\" \/>\n<meta property=\"og:title\" content=\"6x 100% Pure Krill Oil - Foodie\" \/>\n<meta property=\"og:description\" content=\"100% Pure Krill Oil offre une source compl\u00e8te et avanc\u00e9e d&#039;acides gras om\u00e9ga-3, soutenue par des bienfaits suppl\u00e9mentaires de la choline et de l&#039;astaxanthine. Cela en fait un choix judicieux pour tous ceux qui souhaitent soutenir leur sant\u00e9 de mani\u00e8re naturelle, efficace et durable.  Un emballage de 100% Pure Krill OIl contient 60 capsules\u00a0\" \/>\n<meta property=\"og:url\" content=\"https:\/\/www.foodie.nl\/fr\/produit\/6x-100-pure-krill-oil-60-gelules\/\" \/>\n<meta property=\"og:site_name\" content=\"Foodie\" \/>\n<meta property=\"article:modified_time\" content=\"2025-08-26T09:20:27+00:00\" \/>\n<meta property=\"og:image\" content=\"https:\/\/www.foodie.nl\/app\/uploads\/2025\/07\/100-Pure-Krill-Oil-6-pack-1024x1024.png\" \/>\n\t<meta property=\"og:image:width\" content=\"1024\" \/>\n\t<meta property=\"og:image:height\" content=\"1024\" \/>\n\t<meta property=\"og:image:type\" content=\"image\/png\" \/>\n<meta name=\"twitter:card\" content=\"summary_large_image\" \/>\n<meta name=\"twitter:label1\" content=\"Dur\u00e9e de lecture estim\u00e9e\" \/>\n\t<meta name=\"twitter:data1\" content=\"1 minute\" \/>\n<script type=\"application\/ld+json\" class=\"yoast-schema-graph\">{\"@context\":\"https:\\\/\\\/schema.org\",\"@graph\":[{\"@type\":\"WebPage\",\"@id\":\"https:\\\/\\\/www.foodie.nl\\\/fr\\\/produit\\\/6x-100-pure-krill-oil-60-gelules\\\/\",\"url\":\"https:\\\/\\\/www.foodie.nl\\\/fr\\\/produit\\\/6x-100-pure-krill-oil-60-gelules\\\/\",\"name\":\"6x 100% Pure Krill Oil - Foodie\",\"isPartOf\":{\"@id\":\"https:\\\/\\\/www.foodie.nl\\\/fr\\\/#website\"},\"primaryImageOfPage\":{\"@id\":\"https:\\\/\\\/www.foodie.nl\\\/fr\\\/produit\\\/6x-100-pure-krill-oil-60-gelules\\\/#primaryimage\"},\"image\":{\"@id\":\"https:\\\/\\\/www.foodie.nl\\\/fr\\\/produit\\\/6x-100-pure-krill-oil-60-gelules\\\/#primaryimage\"},\"thumbnailUrl\":\"https:\\\/\\\/www.foodie.nl\\\/app\\\/uploads\\\/2025\\\/09\\\/Nederlandse-producten-40.png\",\"datePublished\":\"2017-12-22T04:17:56+00:00\",\"dateModified\":\"2025-08-26T09:20:27+00:00\",\"description\":\"100% Pure Krill Oil offre une source compl\u00e8te et avanc\u00e9e d'acides gras om\u00e9ga-3, soutenue par des bienfaits suppl\u00e9mentaires de la choline et de l'astaxanthine. Cela en fait un choix judicieux pour tous ceux qui souhaitent soutenir leur sant\u00e9 de mani\u00e8re naturelle, efficace et durable. Un emballage de 100% Pure Krill OIl contient 60 capsules\u00a0\",\"breadcrumb\":{\"@id\":\"https:\\\/\\\/www.foodie.nl\\\/fr\\\/produit\\\/6x-100-pure-krill-oil-60-gelules\\\/#breadcrumb\"},\"inLanguage\":\"fr-FR\",\"potentialAction\":[{\"@type\":\"ReadAction\",\"target\":[\"https:\\\/\\\/www.foodie.nl\\\/fr\\\/produit\\\/6x-100-pure-krill-oil-60-gelules\\\/\"]}]},{\"@type\":\"ImageObject\",\"inLanguage\":\"fr-FR\",\"@id\":\"https:\\\/\\\/www.foodie.nl\\\/fr\\\/produit\\\/6x-100-pure-krill-oil-60-gelules\\\/#primaryimage\",\"url\":\"https:\\\/\\\/www.foodie.nl\\\/app\\\/uploads\\\/2025\\\/09\\\/Nederlandse-producten-40.png\",\"contentUrl\":\"https:\\\/\\\/www.foodie.nl\\\/app\\\/uploads\\\/2025\\\/09\\\/Nederlandse-producten-40.png\",\"width\":800,\"height\":800},{\"@type\":\"BreadcrumbList\",\"@id\":\"https:\\\/\\\/www.foodie.nl\\\/fr\\\/produit\\\/6x-100-pure-krill-oil-60-gelules\\\/#breadcrumb\",\"itemListElement\":[{\"@type\":\"ListItem\",\"position\":1,\"name\":\"Home\",\"item\":\"https:\\\/\\\/www.foodie.nl\\\/fr\\\/\"},{\"@type\":\"ListItem\",\"position\":2,\"name\":\"Produits\",\"item\":\"https:\\\/\\\/www.foodie.nl\\\/fr\\\/shop\\\/\"},{\"@type\":\"ListItem\",\"position\":3,\"name\":\"6x 100% Pure Krill Oil\"}]},{\"@type\":\"WebSite\",\"@id\":\"https:\\\/\\\/www.foodie.nl\\\/fr\\\/#website\",\"url\":\"https:\\\/\\\/www.foodie.nl\\\/fr\\\/\",\"name\":\"Foodie\",\"description\":\"Elke Hap Telt\",\"publisher\":{\"@id\":\"https:\\\/\\\/www.foodie.nl\\\/fr\\\/#organization\"},\"potentialAction\":[{\"@type\":\"SearchAction\",\"target\":{\"@type\":\"EntryPoint\",\"urlTemplate\":\"https:\\\/\\\/www.foodie.nl\\\/fr\\\/?s={search_term_string}\"},\"query-input\":{\"@type\":\"PropertyValueSpecification\",\"valueRequired\":true,\"valueName\":\"search_term_string\"}}],\"inLanguage\":\"fr-FR\"},{\"@type\":\"Organization\",\"@id\":\"https:\\\/\\\/www.foodie.nl\\\/fr\\\/#organization\",\"name\":\"Foodie\",\"url\":\"https:\\\/\\\/www.foodie.nl\\\/fr\\\/\",\"logo\":{\"@type\":\"ImageObject\",\"inLanguage\":\"fr-FR\",\"@id\":\"https:\\\/\\\/www.foodie.nl\\\/fr\\\/#\\\/schema\\\/logo\\\/image\\\/\",\"url\":\"https:\\\/\\\/www.foodie.nl\\\/app\\\/uploads\\\/2025\\\/01\\\/logo-foodie-wide@2x.png\",\"contentUrl\":\"https:\\\/\\\/www.foodie.nl\\\/app\\\/uploads\\\/2025\\\/01\\\/logo-foodie-wide@2x.png\",\"width\":236,\"height\":128,\"caption\":\"Foodie\"},\"image\":{\"@id\":\"https:\\\/\\\/www.foodie.nl\\\/fr\\\/#\\\/schema\\\/logo\\\/image\\\/\"}}]}<\/script>\n<!-- \/ Yoast SEO plugin. -->","yoast_head_json":{"title":"6x 100% Pure Krill Oil - Foodie","description":"100% Pure Krill Oil offre une source compl\u00e8te et avanc\u00e9e d'acides gras om\u00e9ga-3, soutenue par des bienfaits suppl\u00e9mentaires de la choline et de l'astaxanthine. Cela en fait un choix judicieux pour tous ceux qui souhaitent soutenir leur sant\u00e9 de mani\u00e8re naturelle, efficace et durable.  Un emballage de 100% Pure Krill OIl contient 60 capsules\u00a0","robots":{"index":"index","follow":"follow","max-snippet":"max-snippet:-1","max-image-preview":"max-image-preview:large","max-video-preview":"max-video-preview:-1"},"canonical":"https:\/\/www.foodie.nl\/fr\/produit\/6x-100-pure-krill-oil-60-gelules\/","og_locale":"fr_FR","og_type":"article","og_title":"6x 100% Pure Krill Oil - Foodie","og_description":"100% Pure Krill Oil offre une source compl\u00e8te et avanc\u00e9e d'acides gras om\u00e9ga-3, soutenue par des bienfaits suppl\u00e9mentaires de la choline et de l'astaxanthine. Cela en fait un choix judicieux pour tous ceux qui souhaitent soutenir leur sant\u00e9 de mani\u00e8re naturelle, efficace et durable.  Un emballage de 100% Pure Krill OIl contient 60 capsules\u00a0","og_url":"https:\/\/www.foodie.nl\/fr\/produit\/6x-100-pure-krill-oil-60-gelules\/","og_site_name":"Foodie","article_modified_time":"2025-08-26T09:20:27+00:00","og_image":[{"width":1024,"height":1024,"url":"https:\/\/www.foodie.nl\/app\/uploads\/2025\/07\/100-Pure-Krill-Oil-6-pack-1024x1024.png","type":"image\/png"}],"twitter_card":"summary_large_image","twitter_misc":{"Dur\u00e9e de lecture estim\u00e9e":"1 minute"},"schema":{"@context":"https:\/\/schema.org","@graph":[{"@type":"WebPage","@id":"https:\/\/www.foodie.nl\/fr\/produit\/6x-100-pure-krill-oil-60-gelules\/","url":"https:\/\/www.foodie.nl\/fr\/produit\/6x-100-pure-krill-oil-60-gelules\/","name":"6x 100% Pure Krill Oil - Foodie","isPartOf":{"@id":"https:\/\/www.foodie.nl\/fr\/#website"},"primaryImageOfPage":{"@id":"https:\/\/www.foodie.nl\/fr\/produit\/6x-100-pure-krill-oil-60-gelules\/#primaryimage"},"image":{"@id":"https:\/\/www.foodie.nl\/fr\/produit\/6x-100-pure-krill-oil-60-gelules\/#primaryimage"},"thumbnailUrl":"https:\/\/www.foodie.nl\/app\/uploads\/2025\/09\/Nederlandse-producten-40.png","datePublished":"2017-12-22T04:17:56+00:00","dateModified":"2025-08-26T09:20:27+00:00","description":"100% Pure Krill Oil offre une source compl\u00e8te et avanc\u00e9e d'acides gras om\u00e9ga-3, soutenue par des bienfaits suppl\u00e9mentaires de la choline et de l'astaxanthine. Cela en fait un choix judicieux pour tous ceux qui souhaitent soutenir leur sant\u00e9 de mani\u00e8re naturelle, efficace et durable. Un emballage de 100% Pure Krill OIl contient 60 capsules\u00a0","breadcrumb":{"@id":"https:\/\/www.foodie.nl\/fr\/produit\/6x-100-pure-krill-oil-60-gelules\/#breadcrumb"},"inLanguage":"fr-FR","potentialAction":[{"@type":"ReadAction","target":["https:\/\/www.foodie.nl\/fr\/produit\/6x-100-pure-krill-oil-60-gelules\/"]}]},{"@type":"ImageObject","inLanguage":"fr-FR","@id":"https:\/\/www.foodie.nl\/fr\/produit\/6x-100-pure-krill-oil-60-gelules\/#primaryimage","url":"https:\/\/www.foodie.nl\/app\/uploads\/2025\/09\/Nederlandse-producten-40.png","contentUrl":"https:\/\/www.foodie.nl\/app\/uploads\/2025\/09\/Nederlandse-producten-40.png","width":800,"height":800},{"@type":"BreadcrumbList","@id":"https:\/\/www.foodie.nl\/fr\/produit\/6x-100-pure-krill-oil-60-gelules\/#breadcrumb","itemListElement":[{"@type":"ListItem","position":1,"name":"Home","item":"https:\/\/www.foodie.nl\/fr\/"},{"@type":"ListItem","position":2,"name":"Produits","item":"https:\/\/www.foodie.nl\/fr\/shop\/"},{"@type":"ListItem","position":3,"name":"6x 100% Pure Krill Oil"}]},{"@type":"WebSite","@id":"https:\/\/www.foodie.nl\/fr\/#website","url":"https:\/\/www.foodie.nl\/fr\/","name":"Foodie","description":"Elke Hap Telt","publisher":{"@id":"https:\/\/www.foodie.nl\/fr\/#organization"},"potentialAction":[{"@type":"SearchAction","target":{"@type":"EntryPoint","urlTemplate":"https:\/\/www.foodie.nl\/fr\/?s={search_term_string}"},"query-input":{"@type":"PropertyValueSpecification","valueRequired":true,"valueName":"search_term_string"}}],"inLanguage":"fr-FR"},{"@type":"Organization","@id":"https:\/\/www.foodie.nl\/fr\/#organization","name":"Foodie","url":"https:\/\/www.foodie.nl\/fr\/","logo":{"@type":"ImageObject","inLanguage":"fr-FR","@id":"https:\/\/www.foodie.nl\/fr\/#\/schema\/logo\/image\/","url":"https:\/\/www.foodie.nl\/app\/uploads\/2025\/01\/logo-foodie-wide@2x.png","contentUrl":"https:\/\/www.foodie.nl\/app\/uploads\/2025\/01\/logo-foodie-wide@2x.png","width":236,"height":128,"caption":"Foodie"},"image":{"@id":"https:\/\/www.foodie.nl\/fr\/#\/schema\/logo\/image\/"}}]}},"_links":{"self":[{"href":"https:\/\/www.foodie.nl\/fr\/wp-json\/wp\/v2\/product\/1125053","targetHints":{"allow":["GET"]}}],"collection":[{"href":"https:\/\/www.foodie.nl\/fr\/wp-json\/wp\/v2\/product"}],"about":[{"href":"https:\/\/www.foodie.nl\/fr\/wp-json\/wp\/v2\/types\/product"}],"wp:featuredmedia":[{"embeddable":true,"href":"https:\/\/www.foodie.nl\/fr\/wp-json\/wp\/v2\/media\/1174502"}],"wp:attachment":[{"href":"https:\/\/www.foodie.nl\/fr\/wp-json\/wp\/v2\/media?parent=1125053"}],"wp:term":[{"taxonomy":"product_brand","embeddable":true,"href":"https:\/\/www.foodie.nl\/fr\/wp-json\/wp\/v2\/product_brand?post=1125053"},{"taxonomy":"product_cat","embeddable":true,"href":"https:\/\/www.foodie.nl\/fr\/wp-json\/wp\/v2\/product_cat?post=1125053"},{"taxonomy":"product_tag","embeddable":true,"href":"https:\/\/www.foodie.nl\/fr\/wp-json\/wp\/v2\/product_tag?post=1125053"}],"curies":[{"name":"wp","href":"https:\/\/api.w.org\/{rel}","templated":true}]}}