{"id":1125275,"date":"2018-04-12T16:27:55","date_gmt":"2018-04-12T14:27:55","guid":{"rendered":"https:\/\/www.foodie.nl\/product\/collagene-boost-avec-acide-hyaluronique-et-biotine-300-g\/"},"modified":"2025-08-26T11:24:22","modified_gmt":"2025-08-26T09:24:22","slug":"collagene-boost-avec-acide-hyaluronique-et-biotine-300-g","status":"publish","type":"product","link":"https:\/\/www.foodie.nl\/fr\/produit\/collagene-boost-avec-acide-hyaluronique-et-biotine-300-g\/","title":{"rendered":"Collagen Boost"},"content":{"rendered":"<p><strong style=\"font-size: inherit; font-family: -apple-system, system-ui, BlinkMacSystemFont, 'Segoe UI', Helvetica, Arial, sans-serif, 'Apple Color Emoji', 'Segoe UI Emoji', 'Segoe UI Symbol';\">Valeur nutritionnelle moyenne par portion (10 g) :<\/strong><\/p>\n<ul>\n<li>\u00c9nergie: 147,7 kJ \/ 34,8 kcal<\/li>\n<li>Graisses: 0 g\n<ul>\n<li>dont satur\u00e9s: 0 g<\/li>\n<\/ul>\n<\/li>\n<li>Glucides: 0,1 g\n<ul>\n<li>dont sucres: 0 g<\/li>\n<\/ul>\n<\/li>\n<li>Fibres alimentaires: 0 g<\/li>\n<li>Prot\u00e9ines: 9,5 g\n<ul>\n<li>Collag\u00e8ne de type I et III: 9,5 g<\/li>\n<\/ul>\n<\/li>\n<li>Sel: 120 mg<\/li>\n<li>Vitamine C de l&rsquo;extrait d&rsquo;ac\u00e9rola: 80 mg (100% AJR)<\/li>\n<li>Acide hyaluronique: 150 mg<\/li>\n<li>Biotine: 300 mcg<\/li>\n<\/ul>\n<p><strong>Ingr\u00e9dients: <\/strong>Collag\u00e8ne bovin hydrolys\u00e9 de type I et III, acide hyaluronique, vitamine C (extrait d&rsquo;ac\u00e9rola), biotine et ar\u00f4me naturel.<\/p>\n<p><strong>Posologie:\u00a0<\/strong> Ajoutez chaque jour environ 10 grammes de Collagen Boost \u00e0 votre boisson chaude ou froide pr\u00e9f\u00e9r\u00e9e. Cela correspond \u00e0 une cuill\u00e8re doseuse (remplie jusqu&rsquo;\u00e0 la marque de 25 ml) par jour.<\/p>\n<p><strong>Conservation: <\/strong>Au frais et au sec dans un r\u00e9cipient bien ferm\u00e9.<\/p>\n<p><strong>Allerg\u00e8nes: <\/strong>Ce produit ne contient aucun allerg\u00e8ne.<\/p>\n<p><strong>Attention:<\/strong> Ce produit n&rsquo;est pas un m\u00e9dicament et n&rsquo;est pas destin\u00e9 \u00e0 diagnostiquer, pr\u00e9venir, traiter ou gu\u00e9rir une maladie ou un \u00e9tat. Un compl\u00e9ment alimentaire ne doit pas \u00eatre utilis\u00e9 pour remplacer un r\u00e9gime alimentaire vari\u00e9. Ne pas d\u00e9passer la dose journali\u00e8re recommand\u00e9e. Tenir hors de port\u00e9e des enfants.<\/p>\n","protected":false},"excerpt":{"rendered":"<p>Collagen Boost est sp\u00e9cialement con\u00e7u pour contrer les effets d&rsquo;une production de collag\u00e8ne en baisse. Gr\u00e2ce \u00e0 une combinaison de quatre ingr\u00e9dients scientifiques, le produit favorise une peau bien hydrat\u00e9e, des cheveux \u00e9clatants, de beaux ongles et des muscles fermes. Ces ingr\u00e9dients sont l&rsquo;hydrolysat de collag\u00e8ne, l&rsquo;extrait d&rsquo;ac\u00e9rola pour la vitamine C naturelle, l&rsquo;acide hyaluronique et la biotine. Gr\u00e2ce \u00e0 cette combinaison, Collag\u00e8ne Boost est reconnu comme le produit anti-\u00e2ge par excellence.<\/p>\n","protected":false},"featured_media":1157323,"template":"","meta":{"_acf_changed":false,"om_disable_all_campaigns":false},"product_brand":[],"product_cat":[186,182,178,180],"product_tag":[],"class_list":{"0":"post-1125275","1":"product","2":"type-product","3":"status-publish","4":"has-post-thumbnail","6":"product_cat-collagene-boost","7":"product_cat-non-promo-fr","8":"product_cat-offre-reguliere","9":"product_cat-tous-les-produits","10":"sales-flash-overlay","11":"woocommerce-text-align-center","12":"woocommerce-image-align-center","13":"do-quantity-buttons","15":"first","16":"instock","17":"downloadable","18":"taxable","19":"shipping-taxable","20":"purchasable","21":"product-type-simple"},"acf":[],"yoast_head":"<!-- This site is optimized with the Yoast SEO plugin v27.4 - https:\/\/yoast.com\/product\/yoast-seo-wordpress\/ -->\n<title>Collagen Boost - Foodie<\/title>\n<meta name=\"description\" content=\"Collagen Boost est sp\u00e9cialement con\u00e7u pour contrer les effets d&#039;une production de collag\u00e8ne en baisse. Gr\u00e2ce \u00e0 une combinaison de quatre ingr\u00e9dients scientifiques, le produit favorise une peau bien hydrat\u00e9e, des cheveux \u00e9clatants, de beaux ongles et des muscles fermes. Ces ingr\u00e9dients sont l&#039;hydrolysat de collag\u00e8ne, l&#039;extrait d&#039;ac\u00e9rola pour la vitamine C naturelle, l&#039;acide hyaluronique et la biotine. Gr\u00e2ce \u00e0 cette combinaison, Collag\u00e8ne Boost est reconnu comme le produit anti-\u00e2ge par excellence.\" \/>\n<meta name=\"robots\" content=\"index, follow, max-snippet:-1, max-image-preview:large, max-video-preview:-1\" \/>\n<link rel=\"canonical\" href=\"https:\/\/www.foodie.nl\/fr\/produit\/collagene-boost-avec-acide-hyaluronique-et-biotine-300-g\/\" \/>\n<meta property=\"og:locale\" content=\"fr_FR\" \/>\n<meta property=\"og:type\" content=\"article\" \/>\n<meta property=\"og:title\" content=\"Collagen Boost - Foodie\" \/>\n<meta property=\"og:description\" content=\"Collagen Boost est sp\u00e9cialement con\u00e7u pour contrer les effets d&#039;une production de collag\u00e8ne en baisse. Gr\u00e2ce \u00e0 une combinaison de quatre ingr\u00e9dients scientifiques, le produit favorise une peau bien hydrat\u00e9e, des cheveux \u00e9clatants, de beaux ongles et des muscles fermes. Ces ingr\u00e9dients sont l&#039;hydrolysat de collag\u00e8ne, l&#039;extrait d&#039;ac\u00e9rola pour la vitamine C naturelle, l&#039;acide hyaluronique et la biotine. Gr\u00e2ce \u00e0 cette combinaison, Collag\u00e8ne Boost est reconnu comme le produit anti-\u00e2ge par excellence.\" \/>\n<meta property=\"og:url\" content=\"https:\/\/www.foodie.nl\/fr\/produit\/collagene-boost-avec-acide-hyaluronique-et-biotine-300-g\/\" \/>\n<meta property=\"og:site_name\" content=\"Foodie\" \/>\n<meta property=\"article:modified_time\" content=\"2025-08-26T09:24:22+00:00\" \/>\n<meta property=\"og:image\" content=\"https:\/\/www.foodie.nl\/app\/uploads\/2025\/05\/Collagen-Boost-1-pack-1024x1024.png\" \/>\n\t<meta property=\"og:image:width\" content=\"1024\" \/>\n\t<meta property=\"og:image:height\" content=\"1024\" \/>\n\t<meta property=\"og:image:type\" content=\"image\/png\" \/>\n<meta name=\"twitter:card\" content=\"summary_large_image\" \/>\n<meta name=\"twitter:label1\" content=\"Dur\u00e9e de lecture estim\u00e9e\" \/>\n\t<meta name=\"twitter:data1\" content=\"2 minutes\" \/>\n<script type=\"application\/ld+json\" class=\"yoast-schema-graph\">{\"@context\":\"https:\\\/\\\/schema.org\",\"@graph\":[{\"@type\":\"WebPage\",\"@id\":\"https:\\\/\\\/www.foodie.nl\\\/fr\\\/produit\\\/collagene-boost-avec-acide-hyaluronique-et-biotine-300-g\\\/\",\"url\":\"https:\\\/\\\/www.foodie.nl\\\/fr\\\/produit\\\/collagene-boost-avec-acide-hyaluronique-et-biotine-300-g\\\/\",\"name\":\"Collagen Boost - Foodie\",\"isPartOf\":{\"@id\":\"https:\\\/\\\/www.foodie.nl\\\/fr\\\/#website\"},\"primaryImageOfPage\":{\"@id\":\"https:\\\/\\\/www.foodie.nl\\\/fr\\\/produit\\\/collagene-boost-avec-acide-hyaluronique-et-biotine-300-g\\\/#primaryimage\"},\"image\":{\"@id\":\"https:\\\/\\\/www.foodie.nl\\\/fr\\\/produit\\\/collagene-boost-avec-acide-hyaluronique-et-biotine-300-g\\\/#primaryimage\"},\"thumbnailUrl\":\"https:\\\/\\\/www.foodie.nl\\\/app\\\/uploads\\\/2025\\\/05\\\/Collagen-Boost-1-pack.png\",\"datePublished\":\"2018-04-12T14:27:55+00:00\",\"dateModified\":\"2025-08-26T09:24:22+00:00\",\"description\":\"Collagen Boost est sp\u00e9cialement con\u00e7u pour contrer les effets d'une production de collag\u00e8ne en baisse. Gr\u00e2ce \u00e0 une combinaison de quatre ingr\u00e9dients scientifiques, le produit favorise une peau bien hydrat\u00e9e, des cheveux \u00e9clatants, de beaux ongles et des muscles fermes. Ces ingr\u00e9dients sont l'hydrolysat de collag\u00e8ne, l'extrait d'ac\u00e9rola pour la vitamine C naturelle, l'acide hyaluronique et la biotine. Gr\u00e2ce \u00e0 cette combinaison, Collag\u00e8ne Boost est reconnu comme le produit anti-\u00e2ge par excellence.\",\"breadcrumb\":{\"@id\":\"https:\\\/\\\/www.foodie.nl\\\/fr\\\/produit\\\/collagene-boost-avec-acide-hyaluronique-et-biotine-300-g\\\/#breadcrumb\"},\"inLanguage\":\"fr-FR\",\"potentialAction\":[{\"@type\":\"ReadAction\",\"target\":[\"https:\\\/\\\/www.foodie.nl\\\/fr\\\/produit\\\/collagene-boost-avec-acide-hyaluronique-et-biotine-300-g\\\/\"]}]},{\"@type\":\"ImageObject\",\"inLanguage\":\"fr-FR\",\"@id\":\"https:\\\/\\\/www.foodie.nl\\\/fr\\\/produit\\\/collagene-boost-avec-acide-hyaluronique-et-biotine-300-g\\\/#primaryimage\",\"url\":\"https:\\\/\\\/www.foodie.nl\\\/app\\\/uploads\\\/2025\\\/05\\\/Collagen-Boost-1-pack.png\",\"contentUrl\":\"https:\\\/\\\/www.foodie.nl\\\/app\\\/uploads\\\/2025\\\/05\\\/Collagen-Boost-1-pack.png\",\"width\":2400,\"height\":2400},{\"@type\":\"BreadcrumbList\",\"@id\":\"https:\\\/\\\/www.foodie.nl\\\/fr\\\/produit\\\/collagene-boost-avec-acide-hyaluronique-et-biotine-300-g\\\/#breadcrumb\",\"itemListElement\":[{\"@type\":\"ListItem\",\"position\":1,\"name\":\"Home\",\"item\":\"https:\\\/\\\/www.foodie.nl\\\/fr\\\/\"},{\"@type\":\"ListItem\",\"position\":2,\"name\":\"Produits\",\"item\":\"https:\\\/\\\/www.foodie.nl\\\/fr\\\/shop\\\/\"},{\"@type\":\"ListItem\",\"position\":3,\"name\":\"Collagen Boost\"}]},{\"@type\":\"WebSite\",\"@id\":\"https:\\\/\\\/www.foodie.nl\\\/fr\\\/#website\",\"url\":\"https:\\\/\\\/www.foodie.nl\\\/fr\\\/\",\"name\":\"Foodie\",\"description\":\"Elke Hap Telt\",\"publisher\":{\"@id\":\"https:\\\/\\\/www.foodie.nl\\\/fr\\\/#organization\"},\"potentialAction\":[{\"@type\":\"SearchAction\",\"target\":{\"@type\":\"EntryPoint\",\"urlTemplate\":\"https:\\\/\\\/www.foodie.nl\\\/fr\\\/?s={search_term_string}\"},\"query-input\":{\"@type\":\"PropertyValueSpecification\",\"valueRequired\":true,\"valueName\":\"search_term_string\"}}],\"inLanguage\":\"fr-FR\"},{\"@type\":\"Organization\",\"@id\":\"https:\\\/\\\/www.foodie.nl\\\/fr\\\/#organization\",\"name\":\"Foodie\",\"url\":\"https:\\\/\\\/www.foodie.nl\\\/fr\\\/\",\"logo\":{\"@type\":\"ImageObject\",\"inLanguage\":\"fr-FR\",\"@id\":\"https:\\\/\\\/www.foodie.nl\\\/fr\\\/#\\\/schema\\\/logo\\\/image\\\/\",\"url\":\"https:\\\/\\\/www.foodie.nl\\\/app\\\/uploads\\\/2025\\\/01\\\/logo-foodie-wide@2x.png\",\"contentUrl\":\"https:\\\/\\\/www.foodie.nl\\\/app\\\/uploads\\\/2025\\\/01\\\/logo-foodie-wide@2x.png\",\"width\":236,\"height\":128,\"caption\":\"Foodie\"},\"image\":{\"@id\":\"https:\\\/\\\/www.foodie.nl\\\/fr\\\/#\\\/schema\\\/logo\\\/image\\\/\"}}]}<\/script>\n<!-- \/ Yoast SEO plugin. -->","yoast_head_json":{"title":"Collagen Boost - Foodie","description":"Collagen Boost est sp\u00e9cialement con\u00e7u pour contrer les effets d'une production de collag\u00e8ne en baisse. Gr\u00e2ce \u00e0 une combinaison de quatre ingr\u00e9dients scientifiques, le produit favorise une peau bien hydrat\u00e9e, des cheveux \u00e9clatants, de beaux ongles et des muscles fermes. Ces ingr\u00e9dients sont l'hydrolysat de collag\u00e8ne, l'extrait d'ac\u00e9rola pour la vitamine C naturelle, l'acide hyaluronique et la biotine. Gr\u00e2ce \u00e0 cette combinaison, Collag\u00e8ne Boost est reconnu comme le produit anti-\u00e2ge par excellence.","robots":{"index":"index","follow":"follow","max-snippet":"max-snippet:-1","max-image-preview":"max-image-preview:large","max-video-preview":"max-video-preview:-1"},"canonical":"https:\/\/www.foodie.nl\/fr\/produit\/collagene-boost-avec-acide-hyaluronique-et-biotine-300-g\/","og_locale":"fr_FR","og_type":"article","og_title":"Collagen Boost - Foodie","og_description":"Collagen Boost est sp\u00e9cialement con\u00e7u pour contrer les effets d'une production de collag\u00e8ne en baisse. Gr\u00e2ce \u00e0 une combinaison de quatre ingr\u00e9dients scientifiques, le produit favorise une peau bien hydrat\u00e9e, des cheveux \u00e9clatants, de beaux ongles et des muscles fermes. Ces ingr\u00e9dients sont l'hydrolysat de collag\u00e8ne, l'extrait d'ac\u00e9rola pour la vitamine C naturelle, l'acide hyaluronique et la biotine. Gr\u00e2ce \u00e0 cette combinaison, Collag\u00e8ne Boost est reconnu comme le produit anti-\u00e2ge par excellence.","og_url":"https:\/\/www.foodie.nl\/fr\/produit\/collagene-boost-avec-acide-hyaluronique-et-biotine-300-g\/","og_site_name":"Foodie","article_modified_time":"2025-08-26T09:24:22+00:00","og_image":[{"width":1024,"height":1024,"url":"https:\/\/www.foodie.nl\/app\/uploads\/2025\/05\/Collagen-Boost-1-pack-1024x1024.png","type":"image\/png"}],"twitter_card":"summary_large_image","twitter_misc":{"Dur\u00e9e de lecture estim\u00e9e":"2 minutes"},"schema":{"@context":"https:\/\/schema.org","@graph":[{"@type":"WebPage","@id":"https:\/\/www.foodie.nl\/fr\/produit\/collagene-boost-avec-acide-hyaluronique-et-biotine-300-g\/","url":"https:\/\/www.foodie.nl\/fr\/produit\/collagene-boost-avec-acide-hyaluronique-et-biotine-300-g\/","name":"Collagen Boost - Foodie","isPartOf":{"@id":"https:\/\/www.foodie.nl\/fr\/#website"},"primaryImageOfPage":{"@id":"https:\/\/www.foodie.nl\/fr\/produit\/collagene-boost-avec-acide-hyaluronique-et-biotine-300-g\/#primaryimage"},"image":{"@id":"https:\/\/www.foodie.nl\/fr\/produit\/collagene-boost-avec-acide-hyaluronique-et-biotine-300-g\/#primaryimage"},"thumbnailUrl":"https:\/\/www.foodie.nl\/app\/uploads\/2025\/05\/Collagen-Boost-1-pack.png","datePublished":"2018-04-12T14:27:55+00:00","dateModified":"2025-08-26T09:24:22+00:00","description":"Collagen Boost est sp\u00e9cialement con\u00e7u pour contrer les effets d'une production de collag\u00e8ne en baisse. Gr\u00e2ce \u00e0 une combinaison de quatre ingr\u00e9dients scientifiques, le produit favorise une peau bien hydrat\u00e9e, des cheveux \u00e9clatants, de beaux ongles et des muscles fermes. Ces ingr\u00e9dients sont l'hydrolysat de collag\u00e8ne, l'extrait d'ac\u00e9rola pour la vitamine C naturelle, l'acide hyaluronique et la biotine. Gr\u00e2ce \u00e0 cette combinaison, Collag\u00e8ne Boost est reconnu comme le produit anti-\u00e2ge par excellence.","breadcrumb":{"@id":"https:\/\/www.foodie.nl\/fr\/produit\/collagene-boost-avec-acide-hyaluronique-et-biotine-300-g\/#breadcrumb"},"inLanguage":"fr-FR","potentialAction":[{"@type":"ReadAction","target":["https:\/\/www.foodie.nl\/fr\/produit\/collagene-boost-avec-acide-hyaluronique-et-biotine-300-g\/"]}]},{"@type":"ImageObject","inLanguage":"fr-FR","@id":"https:\/\/www.foodie.nl\/fr\/produit\/collagene-boost-avec-acide-hyaluronique-et-biotine-300-g\/#primaryimage","url":"https:\/\/www.foodie.nl\/app\/uploads\/2025\/05\/Collagen-Boost-1-pack.png","contentUrl":"https:\/\/www.foodie.nl\/app\/uploads\/2025\/05\/Collagen-Boost-1-pack.png","width":2400,"height":2400},{"@type":"BreadcrumbList","@id":"https:\/\/www.foodie.nl\/fr\/produit\/collagene-boost-avec-acide-hyaluronique-et-biotine-300-g\/#breadcrumb","itemListElement":[{"@type":"ListItem","position":1,"name":"Home","item":"https:\/\/www.foodie.nl\/fr\/"},{"@type":"ListItem","position":2,"name":"Produits","item":"https:\/\/www.foodie.nl\/fr\/shop\/"},{"@type":"ListItem","position":3,"name":"Collagen Boost"}]},{"@type":"WebSite","@id":"https:\/\/www.foodie.nl\/fr\/#website","url":"https:\/\/www.foodie.nl\/fr\/","name":"Foodie","description":"Elke Hap Telt","publisher":{"@id":"https:\/\/www.foodie.nl\/fr\/#organization"},"potentialAction":[{"@type":"SearchAction","target":{"@type":"EntryPoint","urlTemplate":"https:\/\/www.foodie.nl\/fr\/?s={search_term_string}"},"query-input":{"@type":"PropertyValueSpecification","valueRequired":true,"valueName":"search_term_string"}}],"inLanguage":"fr-FR"},{"@type":"Organization","@id":"https:\/\/www.foodie.nl\/fr\/#organization","name":"Foodie","url":"https:\/\/www.foodie.nl\/fr\/","logo":{"@type":"ImageObject","inLanguage":"fr-FR","@id":"https:\/\/www.foodie.nl\/fr\/#\/schema\/logo\/image\/","url":"https:\/\/www.foodie.nl\/app\/uploads\/2025\/01\/logo-foodie-wide@2x.png","contentUrl":"https:\/\/www.foodie.nl\/app\/uploads\/2025\/01\/logo-foodie-wide@2x.png","width":236,"height":128,"caption":"Foodie"},"image":{"@id":"https:\/\/www.foodie.nl\/fr\/#\/schema\/logo\/image\/"}}]}},"_links":{"self":[{"href":"https:\/\/www.foodie.nl\/fr\/wp-json\/wp\/v2\/product\/1125275","targetHints":{"allow":["GET"]}}],"collection":[{"href":"https:\/\/www.foodie.nl\/fr\/wp-json\/wp\/v2\/product"}],"about":[{"href":"https:\/\/www.foodie.nl\/fr\/wp-json\/wp\/v2\/types\/product"}],"wp:featuredmedia":[{"embeddable":true,"href":"https:\/\/www.foodie.nl\/fr\/wp-json\/wp\/v2\/media\/1157323"}],"wp:attachment":[{"href":"https:\/\/www.foodie.nl\/fr\/wp-json\/wp\/v2\/media?parent=1125275"}],"wp:term":[{"taxonomy":"product_brand","embeddable":true,"href":"https:\/\/www.foodie.nl\/fr\/wp-json\/wp\/v2\/product_brand?post=1125275"},{"taxonomy":"product_cat","embeddable":true,"href":"https:\/\/www.foodie.nl\/fr\/wp-json\/wp\/v2\/product_cat?post=1125275"},{"taxonomy":"product_tag","embeddable":true,"href":"https:\/\/www.foodie.nl\/fr\/wp-json\/wp\/v2\/product_tag?post=1125275"}],"curies":[{"name":"wp","href":"https:\/\/api.w.org\/{rel}","templated":true}]}}