{"id":1125300,"date":"2019-06-05T16:02:13","date_gmt":"2019-06-05T14:02:13","guid":{"rendered":"https:\/\/www.foodie.nl\/product\/enzymes-digestives-spectre-complet-30-gelules\/"},"modified":"2026-01-15T13:56:37","modified_gmt":"2026-01-15T12:56:37","slug":"enzymes-digestives-spectre-complet-30-gelules","status":"publish","type":"product","link":"https:\/\/www.foodie.nl\/fr\/produit\/enzymes-digestives-spectre-complet-30-gelules\/","title":{"rendered":"Digestive Enzymes (full spectrum)"},"content":{"rendered":"<p><strong>Valeur nutritionnelle moyenne par capsule:<\/strong><\/p>\n<ul>\n<li>Prot\u00e9ase 1: 20 000 HUT<\/li>\n<li>Prot\u00e9ase 2: 4 000 HUT<\/li>\n<li>Aspergillopepsine: 100 SAPU<\/li>\n<li>Amylase: 5 000 DU<\/li>\n<li>Lipase: 1 250 FIP<\/li>\n<li>Cellulase: 500 CU<\/li>\n<li>Glucoamylase: 50 AGU<\/li>\n<li>Invertase: 200 SU<\/li>\n<li>Alpha-Galactosidase: 50 GaIU<\/li>\n<li>B\u00eata-glucanase: 65 BGU<\/li>\n<li>Pectinase: 16,9 PGU<\/li>\n<li>Xylanase: 250 XU<\/li>\n<li>Phytase: 10 FTU<\/li>\n<li>H\u00e9micellulase: 1 000 UHC<\/li>\n<li>Lactase: 500 ALU<\/li>\n<li>Brom\u00e9la\u00efne: 900 000 PU<\/li>\n<li>Papa\u00efne: 100 000 PU<\/li>\n<li>Peptidase: 160 DPPIV<\/li>\n<\/ul>\n<p><strong>Ingr\u00e9dients:<\/strong>\u00a0Toutes les enzymes digestives mentionn\u00e9es ci-dessus, maltodextrine, capsule v\u00e9g\u00e9tale (hypromellose, eau), acides gras \u00e0 cha\u00eene moyenne (MCT).<\/p>\n<p><strong>Posologie:<\/strong>\u00a0Prenez 1 capsule 15 minutes avant le repas.<\/p>\n<p><strong>Conservation:<\/strong>\u00a0Conserver dans un endroit frais et sec, dans un emballage bien ferm\u00e9.<\/p>\n<p><strong>Allerg\u00e8nes:<\/strong>\u00a0Ce produit contient des traces de lait, soja et bl\u00e9.<\/p>\n<p><strong>Avertissement:<\/strong>\u00a0Ce produit n&rsquo;est pas un m\u00e9dicament et n&rsquo;est pas destin\u00e9 \u00e0 diagnostiquer, pr\u00e9venir, traiter ou gu\u00e9rir une maladie ou une affection. Un compl\u00e9ment alimentaire ne doit pas \u00eatre utilis\u00e9 comme substitut \u00e0 une alimentation vari\u00e9e. Ne pas d\u00e9passer la dose quotidienne recommand\u00e9e. Garder hors de port\u00e9e des enfants.<\/p>\n","protected":false},"excerpt":{"rendered":"<p>Les enzymes digestives sont essentielles au bon fonctionnement de l&rsquo;intestin qui, comme vous le savez peut-\u00eatre, a un lien direct avec une sant\u00e9 optimale. Il est de notori\u00e9t\u00e9 publique qu&rsquo;une bonne sant\u00e9 commence dans l&rsquo;intestin. Et que vous n&rsquo;\u00eates pas ce que vous mangez, mais ce que votre corps peut absorber en nutriments.<\/p>\n<p>Full Spectrum Digestive Enzymes est un produit complet d&rsquo;enzymes digestives qui contient 18 enzymes (\u00e0 fortes doses) dans une capsule dont l&rsquo;organisme a besoin :<\/p>\n<ul>\n<li><strong>Aspergillopepsine<\/strong>: aide \u00e0 dig\u00e9rer le gluten<\/li>\n<li><strong>Peptidase<\/strong>: D\u00e9compose le gluten et la cas\u00e9ine en particules plus petites.<\/li>\n<li><strong>Alpha Galactosidase<\/strong>: aide \u00e0 dig\u00e9rer les haricots et autres l\u00e9gumes difficiles \u00e0 dig\u00e9rer<\/li>\n<li><strong>Amylase<\/strong>: aide \u00e0 dig\u00e9rer les hydrates de carbone<\/li>\n<li><strong>B\u00eata-glucanase<\/strong>: aide \u00e0 dig\u00e9rer les c\u00e9r\u00e9ales et les fibres.<\/li>\n<li><strong>Brom\u00e9la\u00efne<\/strong>: aide \u00e0 dig\u00e9rer les prot\u00e9ines<\/li>\n<li><strong>Cellulase<\/strong>: aide \u00e0 dig\u00e9rer les plantes et les fibres<\/li>\n<li><strong>Glucoamylase<\/strong>: aide \u00e0 dig\u00e9rer les glucides<\/li>\n<li><strong>H\u00e9micellulase<\/strong>: aide \u00e0 dig\u00e9rer les hydrates de carbone dans les aliments v\u00e9g\u00e9taux.<\/li>\n<li><strong>Invertase<\/strong>: aide \u00e0 dig\u00e9rer le sucre<\/li>\n<li><strong>Lactase<\/strong>: permet \u00e0 notre corps de dig\u00e9rer les sucres du lait provenant des produits laitiers.<\/li>\n<li><strong>Lipase<\/strong>: aide \u00e0 dig\u00e9rer les graisses<\/li>\n<li><strong>Pectinase<\/strong>: aide \u00e0 la digestion des fruits et l\u00e9gumes<\/li>\n<li><strong>Phytase<\/strong>: aide \u00e0 dig\u00e9rer l&rsquo;acide phytique pr\u00e9sent dans les fruits \u00e0 coque et les haricots.<\/li>\n<li><strong>Prot\u00e9ase 1 et 2<\/strong>: d\u00e9compose les prot\u00e9ines en peptides<\/li>\n<li><strong>Xylanase<\/strong>: aide \u00e0 dig\u00e9rer les fibres des aliments v\u00e9g\u00e9taux<\/li>\n<\/ul>\n<p><strong>Un emballage de Digestive Enzymes contient 30 capsules<\/strong><\/p>\n","protected":false},"featured_media":1191973,"template":"","meta":{"_acf_changed":false,"om_disable_all_campaigns":false},"product_brand":[],"product_cat":[181,184,183,188,182,178,180],"product_tag":[],"class_list":{"0":"post-1125300","1":"product","2":"type-product","3":"status-publish","4":"has-post-thumbnail","6":"product_cat-bestsellers-fr","7":"product_cat-bestsellers-fr-2","8":"product_cat-complements-alimentaires","9":"product_cat-digestive-enzymes","10":"product_cat-non-promo-fr","11":"product_cat-offre-reguliere","12":"product_cat-tous-les-produits","13":"sales-flash-overlay","14":"woocommerce-text-align-center","15":"woocommerce-image-align-center","16":"do-quantity-buttons","18":"first","19":"instock","20":"taxable","21":"shipping-taxable","22":"purchasable","23":"product-type-simple"},"acf":[],"yoast_head":"<!-- This site is optimized with the Yoast SEO plugin v27.4 - https:\/\/yoast.com\/product\/yoast-seo-wordpress\/ -->\n<title>Digestive Enzymes (full spectrum) - Foodie<\/title>\n<meta name=\"description\" content=\"Les enzymes digestives sont essentielles au bon fonctionnement de l&#039;intestin qui, comme vous le savez peut-\u00eatre, a un lien direct avec une sant\u00e9 optimale. Il est de notori\u00e9t\u00e9 publique qu&#039;une bonne sant\u00e9 commence dans l&#039;intestin. Et que vous n&#039;\u00eates pas ce que vous mangez, mais ce que votre corps peut absorber en nutriments.  Full Spectrum Digestive Enzymes est un produit complet d&#039;enzymes digestives qui contient 18 enzymes (\u00e0 fortes doses) dans une capsule dont l&#039;organisme a besoin :   Aspergillopepsine: aide \u00e0 dig\u00e9rer le gluten  Peptidase: D\u00e9compose le gluten et la cas\u00e9ine en particules plus petites.  Alpha Galactosidase: aide \u00e0 dig\u00e9rer les haricots et autres l\u00e9gumes difficiles \u00e0 dig\u00e9rer  Amylase: aide \u00e0 dig\u00e9rer les hydrates de carbone  B\u00eata-glucanase: aide \u00e0 dig\u00e9rer les c\u00e9r\u00e9ales et les fibres.  Brom\u00e9la\u00efne: aide \u00e0 dig\u00e9rer les prot\u00e9ines  Cellulase: aide \u00e0 dig\u00e9rer les plantes et les fibres  Glucoamylase: aide \u00e0 dig\u00e9rer les glucides  H\u00e9micellulase: aide \u00e0 dig\u00e9rer les hydrates de carbone dans les aliments v\u00e9g\u00e9taux.  Invertase: aide \u00e0 dig\u00e9rer le sucre  Lactase: permet \u00e0 notre corps de dig\u00e9rer les sucres du lait provenant des produits laitiers.  Lipase: aide \u00e0 dig\u00e9rer les graisses  Pectinase: aide \u00e0 la digestion des fruits et l\u00e9gumes  Phytase: aide \u00e0 dig\u00e9rer l&#039;acide phytique pr\u00e9sent dans les fruits \u00e0 coque et les haricots.  Prot\u00e9ase 1 et 2: d\u00e9compose les prot\u00e9ines en peptides  Xylanase: aide \u00e0 dig\u00e9rer les fibres des aliments v\u00e9g\u00e9taux  Un emballage de Digestive Enzymes contient 30 capsules\" \/>\n<meta name=\"robots\" content=\"index, follow, max-snippet:-1, max-image-preview:large, max-video-preview:-1\" \/>\n<link rel=\"canonical\" href=\"https:\/\/www.foodie.nl\/fr\/produit\/enzymes-digestives-spectre-complet-30-gelules\/\" \/>\n<meta property=\"og:locale\" content=\"fr_FR\" \/>\n<meta property=\"og:type\" content=\"article\" \/>\n<meta property=\"og:title\" content=\"Digestive Enzymes (full spectrum) - Foodie\" \/>\n<meta property=\"og:description\" content=\"Les enzymes digestives sont essentielles au bon fonctionnement de l&#039;intestin qui, comme vous le savez peut-\u00eatre, a un lien direct avec une sant\u00e9 optimale. Il est de notori\u00e9t\u00e9 publique qu&#039;une bonne sant\u00e9 commence dans l&#039;intestin. Et que vous n&#039;\u00eates pas ce que vous mangez, mais ce que votre corps peut absorber en nutriments.  Full Spectrum Digestive Enzymes est un produit complet d&#039;enzymes digestives qui contient 18 enzymes (\u00e0 fortes doses) dans une capsule dont l&#039;organisme a besoin :   Aspergillopepsine: aide \u00e0 dig\u00e9rer le gluten  Peptidase: D\u00e9compose le gluten et la cas\u00e9ine en particules plus petites.  Alpha Galactosidase: aide \u00e0 dig\u00e9rer les haricots et autres l\u00e9gumes difficiles \u00e0 dig\u00e9rer  Amylase: aide \u00e0 dig\u00e9rer les hydrates de carbone  B\u00eata-glucanase: aide \u00e0 dig\u00e9rer les c\u00e9r\u00e9ales et les fibres.  Brom\u00e9la\u00efne: aide \u00e0 dig\u00e9rer les prot\u00e9ines  Cellulase: aide \u00e0 dig\u00e9rer les plantes et les fibres  Glucoamylase: aide \u00e0 dig\u00e9rer les glucides  H\u00e9micellulase: aide \u00e0 dig\u00e9rer les hydrates de carbone dans les aliments v\u00e9g\u00e9taux.  Invertase: aide \u00e0 dig\u00e9rer le sucre  Lactase: permet \u00e0 notre corps de dig\u00e9rer les sucres du lait provenant des produits laitiers.  Lipase: aide \u00e0 dig\u00e9rer les graisses  Pectinase: aide \u00e0 la digestion des fruits et l\u00e9gumes  Phytase: aide \u00e0 dig\u00e9rer l&#039;acide phytique pr\u00e9sent dans les fruits \u00e0 coque et les haricots.  Prot\u00e9ase 1 et 2: d\u00e9compose les prot\u00e9ines en peptides  Xylanase: aide \u00e0 dig\u00e9rer les fibres des aliments v\u00e9g\u00e9taux  Un emballage de Digestive Enzymes contient 30 capsules\" \/>\n<meta property=\"og:url\" content=\"https:\/\/www.foodie.nl\/fr\/produit\/enzymes-digestives-spectre-complet-30-gelules\/\" \/>\n<meta property=\"og:site_name\" content=\"Foodie\" \/>\n<meta property=\"article:modified_time\" content=\"2026-01-15T12:56:37+00:00\" \/>\n<meta property=\"og:image\" content=\"https:\/\/www.foodie.nl\/app\/uploads\/2019\/06\/Digestive-Enzymes-1-pack.png\" \/>\n\t<meta property=\"og:image:width\" content=\"2400\" \/>\n\t<meta property=\"og:image:height\" content=\"2400\" \/>\n\t<meta property=\"og:image:type\" content=\"image\/png\" \/>\n<meta name=\"twitter:card\" content=\"summary_large_image\" \/>\n<meta name=\"twitter:label1\" content=\"Dur\u00e9e de lecture estim\u00e9e\" \/>\n\t<meta name=\"twitter:data1\" content=\"2 minutes\" \/>\n<script type=\"application\/ld+json\" class=\"yoast-schema-graph\">{\"@context\":\"https:\\\/\\\/schema.org\",\"@graph\":[{\"@type\":\"WebPage\",\"@id\":\"https:\\\/\\\/www.foodie.nl\\\/fr\\\/produit\\\/enzymes-digestives-spectre-complet-30-gelules\\\/\",\"url\":\"https:\\\/\\\/www.foodie.nl\\\/fr\\\/produit\\\/enzymes-digestives-spectre-complet-30-gelules\\\/\",\"name\":\"Digestive Enzymes (full spectrum) - Foodie\",\"isPartOf\":{\"@id\":\"https:\\\/\\\/www.foodie.nl\\\/fr\\\/#website\"},\"primaryImageOfPage\":{\"@id\":\"https:\\\/\\\/www.foodie.nl\\\/fr\\\/produit\\\/enzymes-digestives-spectre-complet-30-gelules\\\/#primaryimage\"},\"image\":{\"@id\":\"https:\\\/\\\/www.foodie.nl\\\/fr\\\/produit\\\/enzymes-digestives-spectre-complet-30-gelules\\\/#primaryimage\"},\"thumbnailUrl\":\"https:\\\/\\\/www.foodie.nl\\\/app\\\/uploads\\\/2026\\\/03\\\/Digestive-Enzymes-1-pack.png\",\"datePublished\":\"2019-06-05T14:02:13+00:00\",\"dateModified\":\"2026-01-15T12:56:37+00:00\",\"description\":\"Les enzymes digestives sont essentielles au bon fonctionnement de l'intestin qui, comme vous le savez peut-\u00eatre, a un lien direct avec une sant\u00e9 optimale. Il est de notori\u00e9t\u00e9 publique qu'une bonne sant\u00e9 commence dans l'intestin. Et que vous n'\u00eates pas ce que vous mangez, mais ce que votre corps peut absorber en nutriments. Full Spectrum Digestive Enzymes est un produit complet d'enzymes digestives qui contient 18 enzymes (\u00e0 fortes doses) dans une capsule dont l'organisme a besoin : Aspergillopepsine: aide \u00e0 dig\u00e9rer le gluten Peptidase: D\u00e9compose le gluten et la cas\u00e9ine en particules plus petites. Alpha Galactosidase: aide \u00e0 dig\u00e9rer les haricots et autres l\u00e9gumes difficiles \u00e0 dig\u00e9rer Amylase: aide \u00e0 dig\u00e9rer les hydrates de carbone B\u00eata-glucanase: aide \u00e0 dig\u00e9rer les c\u00e9r\u00e9ales et les fibres. Brom\u00e9la\u00efne: aide \u00e0 dig\u00e9rer les prot\u00e9ines Cellulase: aide \u00e0 dig\u00e9rer les plantes et les fibres Glucoamylase: aide \u00e0 dig\u00e9rer les glucides H\u00e9micellulase: aide \u00e0 dig\u00e9rer les hydrates de carbone dans les aliments v\u00e9g\u00e9taux. Invertase: aide \u00e0 dig\u00e9rer le sucre Lactase: permet \u00e0 notre corps de dig\u00e9rer les sucres du lait provenant des produits laitiers. Lipase: aide \u00e0 dig\u00e9rer les graisses Pectinase: aide \u00e0 la digestion des fruits et l\u00e9gumes Phytase: aide \u00e0 dig\u00e9rer l'acide phytique pr\u00e9sent dans les fruits \u00e0 coque et les haricots. Prot\u00e9ase 1 et 2: d\u00e9compose les prot\u00e9ines en peptides Xylanase: aide \u00e0 dig\u00e9rer les fibres des aliments v\u00e9g\u00e9taux Un emballage de Digestive Enzymes contient 30 capsules\",\"breadcrumb\":{\"@id\":\"https:\\\/\\\/www.foodie.nl\\\/fr\\\/produit\\\/enzymes-digestives-spectre-complet-30-gelules\\\/#breadcrumb\"},\"inLanguage\":\"fr-FR\",\"potentialAction\":[{\"@type\":\"ReadAction\",\"target\":[\"https:\\\/\\\/www.foodie.nl\\\/fr\\\/produit\\\/enzymes-digestives-spectre-complet-30-gelules\\\/\"]}]},{\"@type\":\"ImageObject\",\"inLanguage\":\"fr-FR\",\"@id\":\"https:\\\/\\\/www.foodie.nl\\\/fr\\\/produit\\\/enzymes-digestives-spectre-complet-30-gelules\\\/#primaryimage\",\"url\":\"https:\\\/\\\/www.foodie.nl\\\/app\\\/uploads\\\/2026\\\/03\\\/Digestive-Enzymes-1-pack.png\",\"contentUrl\":\"https:\\\/\\\/www.foodie.nl\\\/app\\\/uploads\\\/2026\\\/03\\\/Digestive-Enzymes-1-pack.png\",\"width\":1600,\"height\":1600},{\"@type\":\"BreadcrumbList\",\"@id\":\"https:\\\/\\\/www.foodie.nl\\\/fr\\\/produit\\\/enzymes-digestives-spectre-complet-30-gelules\\\/#breadcrumb\",\"itemListElement\":[{\"@type\":\"ListItem\",\"position\":1,\"name\":\"Home\",\"item\":\"https:\\\/\\\/www.foodie.nl\\\/fr\\\/\"},{\"@type\":\"ListItem\",\"position\":2,\"name\":\"Produits\",\"item\":\"https:\\\/\\\/www.foodie.nl\\\/fr\\\/shop\\\/\"},{\"@type\":\"ListItem\",\"position\":3,\"name\":\"Digestive Enzymes (full spectrum)\"}]},{\"@type\":\"WebSite\",\"@id\":\"https:\\\/\\\/www.foodie.nl\\\/fr\\\/#website\",\"url\":\"https:\\\/\\\/www.foodie.nl\\\/fr\\\/\",\"name\":\"Foodie\",\"description\":\"Elke Hap Telt\",\"publisher\":{\"@id\":\"https:\\\/\\\/www.foodie.nl\\\/fr\\\/#organization\"},\"potentialAction\":[{\"@type\":\"SearchAction\",\"target\":{\"@type\":\"EntryPoint\",\"urlTemplate\":\"https:\\\/\\\/www.foodie.nl\\\/fr\\\/?s={search_term_string}\"},\"query-input\":{\"@type\":\"PropertyValueSpecification\",\"valueRequired\":true,\"valueName\":\"search_term_string\"}}],\"inLanguage\":\"fr-FR\"},{\"@type\":\"Organization\",\"@id\":\"https:\\\/\\\/www.foodie.nl\\\/fr\\\/#organization\",\"name\":\"Foodie\",\"url\":\"https:\\\/\\\/www.foodie.nl\\\/fr\\\/\",\"logo\":{\"@type\":\"ImageObject\",\"inLanguage\":\"fr-FR\",\"@id\":\"https:\\\/\\\/www.foodie.nl\\\/fr\\\/#\\\/schema\\\/logo\\\/image\\\/\",\"url\":\"https:\\\/\\\/www.foodie.nl\\\/app\\\/uploads\\\/2025\\\/01\\\/logo-foodie-wide@2x.png\",\"contentUrl\":\"https:\\\/\\\/www.foodie.nl\\\/app\\\/uploads\\\/2025\\\/01\\\/logo-foodie-wide@2x.png\",\"width\":236,\"height\":128,\"caption\":\"Foodie\"},\"image\":{\"@id\":\"https:\\\/\\\/www.foodie.nl\\\/fr\\\/#\\\/schema\\\/logo\\\/image\\\/\"}}]}<\/script>\n<!-- \/ Yoast SEO plugin. -->","yoast_head_json":{"title":"Digestive Enzymes (full spectrum) - Foodie","description":"Les enzymes digestives sont essentielles au bon fonctionnement de l'intestin qui, comme vous le savez peut-\u00eatre, a un lien direct avec une sant\u00e9 optimale. Il est de notori\u00e9t\u00e9 publique qu'une bonne sant\u00e9 commence dans l'intestin. Et que vous n'\u00eates pas ce que vous mangez, mais ce que votre corps peut absorber en nutriments.  Full Spectrum Digestive Enzymes est un produit complet d'enzymes digestives qui contient 18 enzymes (\u00e0 fortes doses) dans une capsule dont l'organisme a besoin :   Aspergillopepsine: aide \u00e0 dig\u00e9rer le gluten  Peptidase: D\u00e9compose le gluten et la cas\u00e9ine en particules plus petites.  Alpha Galactosidase: aide \u00e0 dig\u00e9rer les haricots et autres l\u00e9gumes difficiles \u00e0 dig\u00e9rer  Amylase: aide \u00e0 dig\u00e9rer les hydrates de carbone  B\u00eata-glucanase: aide \u00e0 dig\u00e9rer les c\u00e9r\u00e9ales et les fibres.  Brom\u00e9la\u00efne: aide \u00e0 dig\u00e9rer les prot\u00e9ines  Cellulase: aide \u00e0 dig\u00e9rer les plantes et les fibres  Glucoamylase: aide \u00e0 dig\u00e9rer les glucides  H\u00e9micellulase: aide \u00e0 dig\u00e9rer les hydrates de carbone dans les aliments v\u00e9g\u00e9taux.  Invertase: aide \u00e0 dig\u00e9rer le sucre  Lactase: permet \u00e0 notre corps de dig\u00e9rer les sucres du lait provenant des produits laitiers.  Lipase: aide \u00e0 dig\u00e9rer les graisses  Pectinase: aide \u00e0 la digestion des fruits et l\u00e9gumes  Phytase: aide \u00e0 dig\u00e9rer l'acide phytique pr\u00e9sent dans les fruits \u00e0 coque et les haricots.  Prot\u00e9ase 1 et 2: d\u00e9compose les prot\u00e9ines en peptides  Xylanase: aide \u00e0 dig\u00e9rer les fibres des aliments v\u00e9g\u00e9taux  Un emballage de Digestive Enzymes contient 30 capsules","robots":{"index":"index","follow":"follow","max-snippet":"max-snippet:-1","max-image-preview":"max-image-preview:large","max-video-preview":"max-video-preview:-1"},"canonical":"https:\/\/www.foodie.nl\/fr\/produit\/enzymes-digestives-spectre-complet-30-gelules\/","og_locale":"fr_FR","og_type":"article","og_title":"Digestive Enzymes (full spectrum) - Foodie","og_description":"Les enzymes digestives sont essentielles au bon fonctionnement de l'intestin qui, comme vous le savez peut-\u00eatre, a un lien direct avec une sant\u00e9 optimale. Il est de notori\u00e9t\u00e9 publique qu'une bonne sant\u00e9 commence dans l'intestin. Et que vous n'\u00eates pas ce que vous mangez, mais ce que votre corps peut absorber en nutriments.  Full Spectrum Digestive Enzymes est un produit complet d'enzymes digestives qui contient 18 enzymes (\u00e0 fortes doses) dans une capsule dont l'organisme a besoin :   Aspergillopepsine: aide \u00e0 dig\u00e9rer le gluten  Peptidase: D\u00e9compose le gluten et la cas\u00e9ine en particules plus petites.  Alpha Galactosidase: aide \u00e0 dig\u00e9rer les haricots et autres l\u00e9gumes difficiles \u00e0 dig\u00e9rer  Amylase: aide \u00e0 dig\u00e9rer les hydrates de carbone  B\u00eata-glucanase: aide \u00e0 dig\u00e9rer les c\u00e9r\u00e9ales et les fibres.  Brom\u00e9la\u00efne: aide \u00e0 dig\u00e9rer les prot\u00e9ines  Cellulase: aide \u00e0 dig\u00e9rer les plantes et les fibres  Glucoamylase: aide \u00e0 dig\u00e9rer les glucides  H\u00e9micellulase: aide \u00e0 dig\u00e9rer les hydrates de carbone dans les aliments v\u00e9g\u00e9taux.  Invertase: aide \u00e0 dig\u00e9rer le sucre  Lactase: permet \u00e0 notre corps de dig\u00e9rer les sucres du lait provenant des produits laitiers.  Lipase: aide \u00e0 dig\u00e9rer les graisses  Pectinase: aide \u00e0 la digestion des fruits et l\u00e9gumes  Phytase: aide \u00e0 dig\u00e9rer l'acide phytique pr\u00e9sent dans les fruits \u00e0 coque et les haricots.  Prot\u00e9ase 1 et 2: d\u00e9compose les prot\u00e9ines en peptides  Xylanase: aide \u00e0 dig\u00e9rer les fibres des aliments v\u00e9g\u00e9taux  Un emballage de Digestive Enzymes contient 30 capsules","og_url":"https:\/\/www.foodie.nl\/fr\/produit\/enzymes-digestives-spectre-complet-30-gelules\/","og_site_name":"Foodie","article_modified_time":"2026-01-15T12:56:37+00:00","og_image":[{"width":2400,"height":2400,"url":"https:\/\/www.foodie.nl\/app\/uploads\/2019\/06\/Digestive-Enzymes-1-pack.png","type":"image\/png"}],"twitter_card":"summary_large_image","twitter_misc":{"Dur\u00e9e de lecture estim\u00e9e":"2 minutes"},"schema":{"@context":"https:\/\/schema.org","@graph":[{"@type":"WebPage","@id":"https:\/\/www.foodie.nl\/fr\/produit\/enzymes-digestives-spectre-complet-30-gelules\/","url":"https:\/\/www.foodie.nl\/fr\/produit\/enzymes-digestives-spectre-complet-30-gelules\/","name":"Digestive Enzymes (full spectrum) - Foodie","isPartOf":{"@id":"https:\/\/www.foodie.nl\/fr\/#website"},"primaryImageOfPage":{"@id":"https:\/\/www.foodie.nl\/fr\/produit\/enzymes-digestives-spectre-complet-30-gelules\/#primaryimage"},"image":{"@id":"https:\/\/www.foodie.nl\/fr\/produit\/enzymes-digestives-spectre-complet-30-gelules\/#primaryimage"},"thumbnailUrl":"https:\/\/www.foodie.nl\/app\/uploads\/2026\/03\/Digestive-Enzymes-1-pack.png","datePublished":"2019-06-05T14:02:13+00:00","dateModified":"2026-01-15T12:56:37+00:00","description":"Les enzymes digestives sont essentielles au bon fonctionnement de l'intestin qui, comme vous le savez peut-\u00eatre, a un lien direct avec une sant\u00e9 optimale. Il est de notori\u00e9t\u00e9 publique qu'une bonne sant\u00e9 commence dans l'intestin. Et que vous n'\u00eates pas ce que vous mangez, mais ce que votre corps peut absorber en nutriments. Full Spectrum Digestive Enzymes est un produit complet d'enzymes digestives qui contient 18 enzymes (\u00e0 fortes doses) dans une capsule dont l'organisme a besoin : Aspergillopepsine: aide \u00e0 dig\u00e9rer le gluten Peptidase: D\u00e9compose le gluten et la cas\u00e9ine en particules plus petites. Alpha Galactosidase: aide \u00e0 dig\u00e9rer les haricots et autres l\u00e9gumes difficiles \u00e0 dig\u00e9rer Amylase: aide \u00e0 dig\u00e9rer les hydrates de carbone B\u00eata-glucanase: aide \u00e0 dig\u00e9rer les c\u00e9r\u00e9ales et les fibres. Brom\u00e9la\u00efne: aide \u00e0 dig\u00e9rer les prot\u00e9ines Cellulase: aide \u00e0 dig\u00e9rer les plantes et les fibres Glucoamylase: aide \u00e0 dig\u00e9rer les glucides H\u00e9micellulase: aide \u00e0 dig\u00e9rer les hydrates de carbone dans les aliments v\u00e9g\u00e9taux. Invertase: aide \u00e0 dig\u00e9rer le sucre Lactase: permet \u00e0 notre corps de dig\u00e9rer les sucres du lait provenant des produits laitiers. Lipase: aide \u00e0 dig\u00e9rer les graisses Pectinase: aide \u00e0 la digestion des fruits et l\u00e9gumes Phytase: aide \u00e0 dig\u00e9rer l'acide phytique pr\u00e9sent dans les fruits \u00e0 coque et les haricots. Prot\u00e9ase 1 et 2: d\u00e9compose les prot\u00e9ines en peptides Xylanase: aide \u00e0 dig\u00e9rer les fibres des aliments v\u00e9g\u00e9taux Un emballage de Digestive Enzymes contient 30 capsules","breadcrumb":{"@id":"https:\/\/www.foodie.nl\/fr\/produit\/enzymes-digestives-spectre-complet-30-gelules\/#breadcrumb"},"inLanguage":"fr-FR","potentialAction":[{"@type":"ReadAction","target":["https:\/\/www.foodie.nl\/fr\/produit\/enzymes-digestives-spectre-complet-30-gelules\/"]}]},{"@type":"ImageObject","inLanguage":"fr-FR","@id":"https:\/\/www.foodie.nl\/fr\/produit\/enzymes-digestives-spectre-complet-30-gelules\/#primaryimage","url":"https:\/\/www.foodie.nl\/app\/uploads\/2026\/03\/Digestive-Enzymes-1-pack.png","contentUrl":"https:\/\/www.foodie.nl\/app\/uploads\/2026\/03\/Digestive-Enzymes-1-pack.png","width":1600,"height":1600},{"@type":"BreadcrumbList","@id":"https:\/\/www.foodie.nl\/fr\/produit\/enzymes-digestives-spectre-complet-30-gelules\/#breadcrumb","itemListElement":[{"@type":"ListItem","position":1,"name":"Home","item":"https:\/\/www.foodie.nl\/fr\/"},{"@type":"ListItem","position":2,"name":"Produits","item":"https:\/\/www.foodie.nl\/fr\/shop\/"},{"@type":"ListItem","position":3,"name":"Digestive Enzymes (full spectrum)"}]},{"@type":"WebSite","@id":"https:\/\/www.foodie.nl\/fr\/#website","url":"https:\/\/www.foodie.nl\/fr\/","name":"Foodie","description":"Elke Hap Telt","publisher":{"@id":"https:\/\/www.foodie.nl\/fr\/#organization"},"potentialAction":[{"@type":"SearchAction","target":{"@type":"EntryPoint","urlTemplate":"https:\/\/www.foodie.nl\/fr\/?s={search_term_string}"},"query-input":{"@type":"PropertyValueSpecification","valueRequired":true,"valueName":"search_term_string"}}],"inLanguage":"fr-FR"},{"@type":"Organization","@id":"https:\/\/www.foodie.nl\/fr\/#organization","name":"Foodie","url":"https:\/\/www.foodie.nl\/fr\/","logo":{"@type":"ImageObject","inLanguage":"fr-FR","@id":"https:\/\/www.foodie.nl\/fr\/#\/schema\/logo\/image\/","url":"https:\/\/www.foodie.nl\/app\/uploads\/2025\/01\/logo-foodie-wide@2x.png","contentUrl":"https:\/\/www.foodie.nl\/app\/uploads\/2025\/01\/logo-foodie-wide@2x.png","width":236,"height":128,"caption":"Foodie"},"image":{"@id":"https:\/\/www.foodie.nl\/fr\/#\/schema\/logo\/image\/"}}]}},"_links":{"self":[{"href":"https:\/\/www.foodie.nl\/fr\/wp-json\/wp\/v2\/product\/1125300","targetHints":{"allow":["GET"]}}],"collection":[{"href":"https:\/\/www.foodie.nl\/fr\/wp-json\/wp\/v2\/product"}],"about":[{"href":"https:\/\/www.foodie.nl\/fr\/wp-json\/wp\/v2\/types\/product"}],"wp:featuredmedia":[{"embeddable":true,"href":"https:\/\/www.foodie.nl\/fr\/wp-json\/wp\/v2\/media\/1191973"}],"wp:attachment":[{"href":"https:\/\/www.foodie.nl\/fr\/wp-json\/wp\/v2\/media?parent=1125300"}],"wp:term":[{"taxonomy":"product_brand","embeddable":true,"href":"https:\/\/www.foodie.nl\/fr\/wp-json\/wp\/v2\/product_brand?post=1125300"},{"taxonomy":"product_cat","embeddable":true,"href":"https:\/\/www.foodie.nl\/fr\/wp-json\/wp\/v2\/product_cat?post=1125300"},{"taxonomy":"product_tag","embeddable":true,"href":"https:\/\/www.foodie.nl\/fr\/wp-json\/wp\/v2\/product_tag?post=1125300"}],"curies":[{"name":"wp","href":"https:\/\/api.w.org\/{rel}","templated":true}]}}