{"id":1125339,"date":"2017-12-22T05:30:15","date_gmt":"2017-12-22T04:30:15","guid":{"rendered":"https:\/\/www.foodie.nl\/product\/6x-turmeric-boost-60-gelules\/"},"modified":"2026-02-01T18:00:02","modified_gmt":"2026-02-01T17:00:02","slug":"6x-turmeric-boost-60-gelules","status":"publish","type":"product","link":"https:\/\/www.foodie.nl\/fr\/produit\/6x-turmeric-boost-60-gelules\/","title":{"rendered":"6x Curcuma Boost"},"content":{"rendered":"<p><strong>Valeur nutritionnelle moyenne par g\u00e9lule :<\/strong><\/p>\n<ul>\n<li>Curcuma (curcuma longa) (racine) : 500 mg<\/li>\n<li>Extrait de levure : 100 mg<\/li>\n<li>Curcuma 95% curcimo\u00efdes : 50 mg<\/li>\n<li>BioP\u00e9rine : 5 mg<\/li>\n<\/ul>\n<p><strong>Ingr\u00e9dients:<\/strong>\u00a0racine de curcuma (Curcuma longa), extrait de gingembre, curcumine, extrait de poivre noir (Bioperine\u00ae), cellulose (capsule v\u00e9g\u00e9tale), st\u00e9arate de magn\u00e9sium (anti-agglom\u00e9rant).<\/p>\n<p><strong>Posologie:<\/strong>\u00a0Prenez 1 capsule deux fois par jour avant les repas.<\/p>\n<p><strong>Conservation:<\/strong>\u00a0Conserver dans un endroit frais et sec, dans un emballage bien ferm\u00e9.<\/p>\n<p><strong>Allerg\u00e8nes:<\/strong>\u00a0Ce produit ne contient pas d&rsquo;allerg\u00e8nes.<\/p>\n<p><strong>Avertissement:<\/strong>\u00a0Ce produit n&rsquo;est pas un m\u00e9dicament et n&rsquo;est pas destin\u00e9 \u00e0 diagnostiquer, pr\u00e9venir, traiter ou gu\u00e9rir une maladie ou une affection. Un compl\u00e9ment alimentaire ne doit pas \u00eatre utilis\u00e9 comme substitut \u00e0 une alimentation vari\u00e9e. Ne pas d\u00e9passer la dose quotidienne recommand\u00e9e. Garder hors de port\u00e9e des enfants.<\/p>\n","protected":false},"excerpt":{"rendered":"<p><strong>Le Curcuma Boost vous<\/strong>\u00a0offre une combinaison unique d&rsquo;ingr\u00e9dients naturels qui sont utilis\u00e9s depuis des si\u00e8cles pour leurs propri\u00e9t\u00e9s b\u00e9n\u00e9fiques pour la sant\u00e9. Avec 3 ingr\u00e9dients naturels, \u00e0 savoir l&rsquo;extrait de curcuma, l&rsquo;extrait de gingembre et la Bioperine\u00ae (un extrait de poivre noir), Curcuma Boost propose une solution tout-en-un pour favoriser un corps sain et un mode de vie actif.<\/p>\n<p>L&rsquo;effet synergique du curcuma, du gingembre et de la Bioperine\u00ae brevet\u00e9 rend cette formule particuli\u00e8rement efficace pour combattre les inflammations, le stress oxydatif et les probl\u00e8mes digestifs.<\/p>\n<p>La combinaison de ces trois ingr\u00e9dients aide non seulement \u00e0 r\u00e9duire la douleur et la raideur des articulations, mais soutient et am\u00e9liore \u00e9galement la r\u00e9sistance g\u00e9n\u00e9rale du corps.<\/p>\n","protected":false},"featured_media":1174495,"template":"","meta":{"_acf_changed":false,"om_disable_all_campaigns":false},"product_brand":[],"product_cat":[181,184,183,189,182,178],"product_tag":[],"class_list":{"0":"post-1125339","1":"product","2":"type-product","3":"status-publish","4":"has-post-thumbnail","6":"product_cat-bestsellers-fr","7":"product_cat-bestsellers-fr-2","8":"product_cat-complements-alimentaires","9":"product_cat-curcuma-boost","10":"product_cat-non-promo-fr","11":"product_cat-offre-reguliere","12":"sales-flash-overlay","13":"woocommerce-text-align-center","14":"woocommerce-image-align-center","15":"do-quantity-buttons","17":"first","18":"instock","19":"sale","20":"taxable","21":"shipping-taxable","22":"purchasable","23":"product-type-simple"},"acf":[],"yoast_head":"<!-- This site is optimized with the Yoast SEO plugin v27.4 - https:\/\/yoast.com\/product\/yoast-seo-wordpress\/ -->\n<title>6x Curcuma Boost - Foodie<\/title>\n<meta name=\"description\" content=\"Le Curcuma Boost vous\u00a0offre une combinaison unique d&#039;ingr\u00e9dients naturels qui sont utilis\u00e9s depuis des si\u00e8cles pour leurs propri\u00e9t\u00e9s b\u00e9n\u00e9fiques pour la sant\u00e9. Avec 3 ingr\u00e9dients naturels, \u00e0 savoir l&#039;extrait de curcuma, l&#039;extrait de gingembre et la Bioperine\u00ae (un extrait de poivre noir), Curcuma Boost propose une solution tout-en-un pour favoriser un corps sain et un mode de vie actif.  L&#039;effet synergique du curcuma, du gingembre et de la Bioperine\u00ae brevet\u00e9 rend cette formule particuli\u00e8rement efficace pour combattre les inflammations, le stress oxydatif et les probl\u00e8mes digestifs.  La combinaison de ces trois ingr\u00e9dients aide non seulement \u00e0 r\u00e9duire la douleur et la raideur des articulations, mais soutient et am\u00e9liore \u00e9galement la r\u00e9sistance g\u00e9n\u00e9rale du corps.\" \/>\n<meta name=\"robots\" content=\"index, follow, max-snippet:-1, max-image-preview:large, max-video-preview:-1\" \/>\n<link rel=\"canonical\" href=\"https:\/\/www.foodie.nl\/fr\/produit\/6x-turmeric-boost-60-gelules\/\" \/>\n<meta property=\"og:locale\" content=\"fr_FR\" \/>\n<meta property=\"og:type\" content=\"article\" \/>\n<meta property=\"og:title\" content=\"6x Curcuma Boost - Foodie\" \/>\n<meta property=\"og:description\" content=\"Le Curcuma Boost vous\u00a0offre une combinaison unique d&#039;ingr\u00e9dients naturels qui sont utilis\u00e9s depuis des si\u00e8cles pour leurs propri\u00e9t\u00e9s b\u00e9n\u00e9fiques pour la sant\u00e9. Avec 3 ingr\u00e9dients naturels, \u00e0 savoir l&#039;extrait de curcuma, l&#039;extrait de gingembre et la Bioperine\u00ae (un extrait de poivre noir), Curcuma Boost propose une solution tout-en-un pour favoriser un corps sain et un mode de vie actif.  L&#039;effet synergique du curcuma, du gingembre et de la Bioperine\u00ae brevet\u00e9 rend cette formule particuli\u00e8rement efficace pour combattre les inflammations, le stress oxydatif et les probl\u00e8mes digestifs.  La combinaison de ces trois ingr\u00e9dients aide non seulement \u00e0 r\u00e9duire la douleur et la raideur des articulations, mais soutient et am\u00e9liore \u00e9galement la r\u00e9sistance g\u00e9n\u00e9rale du corps.\" \/>\n<meta property=\"og:url\" content=\"https:\/\/www.foodie.nl\/fr\/produit\/6x-turmeric-boost-60-gelules\/\" \/>\n<meta property=\"og:site_name\" content=\"Foodie\" \/>\n<meta property=\"article:modified_time\" content=\"2026-02-01T17:00:02+00:00\" \/>\n<meta property=\"og:image\" content=\"https:\/\/www.foodie.nl\/app\/uploads\/2025\/07\/Kurkuma-Boost-6-pack-1024x1024.png\" \/>\n\t<meta property=\"og:image:width\" content=\"1024\" \/>\n\t<meta property=\"og:image:height\" content=\"1024\" \/>\n\t<meta property=\"og:image:type\" content=\"image\/png\" \/>\n<meta name=\"twitter:card\" content=\"summary_large_image\" \/>\n<meta name=\"twitter:label1\" content=\"Dur\u00e9e de lecture estim\u00e9e\" \/>\n\t<meta name=\"twitter:data1\" content=\"1 minute\" \/>\n<script type=\"application\/ld+json\" class=\"yoast-schema-graph\">{\"@context\":\"https:\\\/\\\/schema.org\",\"@graph\":[{\"@type\":\"WebPage\",\"@id\":\"https:\\\/\\\/www.foodie.nl\\\/fr\\\/produit\\\/6x-turmeric-boost-60-gelules\\\/\",\"url\":\"https:\\\/\\\/www.foodie.nl\\\/fr\\\/produit\\\/6x-turmeric-boost-60-gelules\\\/\",\"name\":\"6x Curcuma Boost - Foodie\",\"isPartOf\":{\"@id\":\"https:\\\/\\\/www.foodie.nl\\\/fr\\\/#website\"},\"primaryImageOfPage\":{\"@id\":\"https:\\\/\\\/www.foodie.nl\\\/fr\\\/produit\\\/6x-turmeric-boost-60-gelules\\\/#primaryimage\"},\"image\":{\"@id\":\"https:\\\/\\\/www.foodie.nl\\\/fr\\\/produit\\\/6x-turmeric-boost-60-gelules\\\/#primaryimage\"},\"thumbnailUrl\":\"https:\\\/\\\/www.foodie.nl\\\/app\\\/uploads\\\/2017\\\/12\\\/Nederlandse-producten-37.png\",\"datePublished\":\"2017-12-22T04:30:15+00:00\",\"dateModified\":\"2026-02-01T17:00:02+00:00\",\"description\":\"Le Curcuma Boost vous\u00a0offre une combinaison unique d'ingr\u00e9dients naturels qui sont utilis\u00e9s depuis des si\u00e8cles pour leurs propri\u00e9t\u00e9s b\u00e9n\u00e9fiques pour la sant\u00e9. Avec 3 ingr\u00e9dients naturels, \u00e0 savoir l'extrait de curcuma, l'extrait de gingembre et la Bioperine\u00ae (un extrait de poivre noir), Curcuma Boost propose une solution tout-en-un pour favoriser un corps sain et un mode de vie actif. L'effet synergique du curcuma, du gingembre et de la Bioperine\u00ae brevet\u00e9 rend cette formule particuli\u00e8rement efficace pour combattre les inflammations, le stress oxydatif et les probl\u00e8mes digestifs. La combinaison de ces trois ingr\u00e9dients aide non seulement \u00e0 r\u00e9duire la douleur et la raideur des articulations, mais soutient et am\u00e9liore \u00e9galement la r\u00e9sistance g\u00e9n\u00e9rale du corps.\",\"breadcrumb\":{\"@id\":\"https:\\\/\\\/www.foodie.nl\\\/fr\\\/produit\\\/6x-turmeric-boost-60-gelules\\\/#breadcrumb\"},\"inLanguage\":\"fr-FR\",\"potentialAction\":[{\"@type\":\"ReadAction\",\"target\":[\"https:\\\/\\\/www.foodie.nl\\\/fr\\\/produit\\\/6x-turmeric-boost-60-gelules\\\/\"]}]},{\"@type\":\"ImageObject\",\"inLanguage\":\"fr-FR\",\"@id\":\"https:\\\/\\\/www.foodie.nl\\\/fr\\\/produit\\\/6x-turmeric-boost-60-gelules\\\/#primaryimage\",\"url\":\"https:\\\/\\\/www.foodie.nl\\\/app\\\/uploads\\\/2017\\\/12\\\/Nederlandse-producten-37.png\",\"contentUrl\":\"https:\\\/\\\/www.foodie.nl\\\/app\\\/uploads\\\/2017\\\/12\\\/Nederlandse-producten-37.png\",\"width\":800,\"height\":800},{\"@type\":\"BreadcrumbList\",\"@id\":\"https:\\\/\\\/www.foodie.nl\\\/fr\\\/produit\\\/6x-turmeric-boost-60-gelules\\\/#breadcrumb\",\"itemListElement\":[{\"@type\":\"ListItem\",\"position\":1,\"name\":\"Home\",\"item\":\"https:\\\/\\\/www.foodie.nl\\\/fr\\\/\"},{\"@type\":\"ListItem\",\"position\":2,\"name\":\"Produits\",\"item\":\"https:\\\/\\\/www.foodie.nl\\\/fr\\\/shop\\\/\"},{\"@type\":\"ListItem\",\"position\":3,\"name\":\"6x Curcuma Boost\"}]},{\"@type\":\"WebSite\",\"@id\":\"https:\\\/\\\/www.foodie.nl\\\/fr\\\/#website\",\"url\":\"https:\\\/\\\/www.foodie.nl\\\/fr\\\/\",\"name\":\"Foodie\",\"description\":\"Elke Hap Telt\",\"publisher\":{\"@id\":\"https:\\\/\\\/www.foodie.nl\\\/fr\\\/#organization\"},\"potentialAction\":[{\"@type\":\"SearchAction\",\"target\":{\"@type\":\"EntryPoint\",\"urlTemplate\":\"https:\\\/\\\/www.foodie.nl\\\/fr\\\/?s={search_term_string}\"},\"query-input\":{\"@type\":\"PropertyValueSpecification\",\"valueRequired\":true,\"valueName\":\"search_term_string\"}}],\"inLanguage\":\"fr-FR\"},{\"@type\":\"Organization\",\"@id\":\"https:\\\/\\\/www.foodie.nl\\\/fr\\\/#organization\",\"name\":\"Foodie\",\"url\":\"https:\\\/\\\/www.foodie.nl\\\/fr\\\/\",\"logo\":{\"@type\":\"ImageObject\",\"inLanguage\":\"fr-FR\",\"@id\":\"https:\\\/\\\/www.foodie.nl\\\/fr\\\/#\\\/schema\\\/logo\\\/image\\\/\",\"url\":\"https:\\\/\\\/www.foodie.nl\\\/app\\\/uploads\\\/2025\\\/01\\\/logo-foodie-wide@2x.png\",\"contentUrl\":\"https:\\\/\\\/www.foodie.nl\\\/app\\\/uploads\\\/2025\\\/01\\\/logo-foodie-wide@2x.png\",\"width\":236,\"height\":128,\"caption\":\"Foodie\"},\"image\":{\"@id\":\"https:\\\/\\\/www.foodie.nl\\\/fr\\\/#\\\/schema\\\/logo\\\/image\\\/\"}}]}<\/script>\n<!-- \/ Yoast SEO plugin. -->","yoast_head_json":{"title":"6x Curcuma Boost - Foodie","description":"Le Curcuma Boost vous\u00a0offre une combinaison unique d'ingr\u00e9dients naturels qui sont utilis\u00e9s depuis des si\u00e8cles pour leurs propri\u00e9t\u00e9s b\u00e9n\u00e9fiques pour la sant\u00e9. Avec 3 ingr\u00e9dients naturels, \u00e0 savoir l'extrait de curcuma, l'extrait de gingembre et la Bioperine\u00ae (un extrait de poivre noir), Curcuma Boost propose une solution tout-en-un pour favoriser un corps sain et un mode de vie actif.  L'effet synergique du curcuma, du gingembre et de la Bioperine\u00ae brevet\u00e9 rend cette formule particuli\u00e8rement efficace pour combattre les inflammations, le stress oxydatif et les probl\u00e8mes digestifs.  La combinaison de ces trois ingr\u00e9dients aide non seulement \u00e0 r\u00e9duire la douleur et la raideur des articulations, mais soutient et am\u00e9liore \u00e9galement la r\u00e9sistance g\u00e9n\u00e9rale du corps.","robots":{"index":"index","follow":"follow","max-snippet":"max-snippet:-1","max-image-preview":"max-image-preview:large","max-video-preview":"max-video-preview:-1"},"canonical":"https:\/\/www.foodie.nl\/fr\/produit\/6x-turmeric-boost-60-gelules\/","og_locale":"fr_FR","og_type":"article","og_title":"6x Curcuma Boost - Foodie","og_description":"Le Curcuma Boost vous\u00a0offre une combinaison unique d'ingr\u00e9dients naturels qui sont utilis\u00e9s depuis des si\u00e8cles pour leurs propri\u00e9t\u00e9s b\u00e9n\u00e9fiques pour la sant\u00e9. Avec 3 ingr\u00e9dients naturels, \u00e0 savoir l'extrait de curcuma, l'extrait de gingembre et la Bioperine\u00ae (un extrait de poivre noir), Curcuma Boost propose une solution tout-en-un pour favoriser un corps sain et un mode de vie actif.  L'effet synergique du curcuma, du gingembre et de la Bioperine\u00ae brevet\u00e9 rend cette formule particuli\u00e8rement efficace pour combattre les inflammations, le stress oxydatif et les probl\u00e8mes digestifs.  La combinaison de ces trois ingr\u00e9dients aide non seulement \u00e0 r\u00e9duire la douleur et la raideur des articulations, mais soutient et am\u00e9liore \u00e9galement la r\u00e9sistance g\u00e9n\u00e9rale du corps.","og_url":"https:\/\/www.foodie.nl\/fr\/produit\/6x-turmeric-boost-60-gelules\/","og_site_name":"Foodie","article_modified_time":"2026-02-01T17:00:02+00:00","og_image":[{"width":1024,"height":1024,"url":"https:\/\/www.foodie.nl\/app\/uploads\/2025\/07\/Kurkuma-Boost-6-pack-1024x1024.png","type":"image\/png"}],"twitter_card":"summary_large_image","twitter_misc":{"Dur\u00e9e de lecture estim\u00e9e":"1 minute"},"schema":{"@context":"https:\/\/schema.org","@graph":[{"@type":"WebPage","@id":"https:\/\/www.foodie.nl\/fr\/produit\/6x-turmeric-boost-60-gelules\/","url":"https:\/\/www.foodie.nl\/fr\/produit\/6x-turmeric-boost-60-gelules\/","name":"6x Curcuma Boost - Foodie","isPartOf":{"@id":"https:\/\/www.foodie.nl\/fr\/#website"},"primaryImageOfPage":{"@id":"https:\/\/www.foodie.nl\/fr\/produit\/6x-turmeric-boost-60-gelules\/#primaryimage"},"image":{"@id":"https:\/\/www.foodie.nl\/fr\/produit\/6x-turmeric-boost-60-gelules\/#primaryimage"},"thumbnailUrl":"https:\/\/www.foodie.nl\/app\/uploads\/2017\/12\/Nederlandse-producten-37.png","datePublished":"2017-12-22T04:30:15+00:00","dateModified":"2026-02-01T17:00:02+00:00","description":"Le Curcuma Boost vous\u00a0offre une combinaison unique d'ingr\u00e9dients naturels qui sont utilis\u00e9s depuis des si\u00e8cles pour leurs propri\u00e9t\u00e9s b\u00e9n\u00e9fiques pour la sant\u00e9. Avec 3 ingr\u00e9dients naturels, \u00e0 savoir l'extrait de curcuma, l'extrait de gingembre et la Bioperine\u00ae (un extrait de poivre noir), Curcuma Boost propose une solution tout-en-un pour favoriser un corps sain et un mode de vie actif. L'effet synergique du curcuma, du gingembre et de la Bioperine\u00ae brevet\u00e9 rend cette formule particuli\u00e8rement efficace pour combattre les inflammations, le stress oxydatif et les probl\u00e8mes digestifs. La combinaison de ces trois ingr\u00e9dients aide non seulement \u00e0 r\u00e9duire la douleur et la raideur des articulations, mais soutient et am\u00e9liore \u00e9galement la r\u00e9sistance g\u00e9n\u00e9rale du corps.","breadcrumb":{"@id":"https:\/\/www.foodie.nl\/fr\/produit\/6x-turmeric-boost-60-gelules\/#breadcrumb"},"inLanguage":"fr-FR","potentialAction":[{"@type":"ReadAction","target":["https:\/\/www.foodie.nl\/fr\/produit\/6x-turmeric-boost-60-gelules\/"]}]},{"@type":"ImageObject","inLanguage":"fr-FR","@id":"https:\/\/www.foodie.nl\/fr\/produit\/6x-turmeric-boost-60-gelules\/#primaryimage","url":"https:\/\/www.foodie.nl\/app\/uploads\/2017\/12\/Nederlandse-producten-37.png","contentUrl":"https:\/\/www.foodie.nl\/app\/uploads\/2017\/12\/Nederlandse-producten-37.png","width":800,"height":800},{"@type":"BreadcrumbList","@id":"https:\/\/www.foodie.nl\/fr\/produit\/6x-turmeric-boost-60-gelules\/#breadcrumb","itemListElement":[{"@type":"ListItem","position":1,"name":"Home","item":"https:\/\/www.foodie.nl\/fr\/"},{"@type":"ListItem","position":2,"name":"Produits","item":"https:\/\/www.foodie.nl\/fr\/shop\/"},{"@type":"ListItem","position":3,"name":"6x Curcuma Boost"}]},{"@type":"WebSite","@id":"https:\/\/www.foodie.nl\/fr\/#website","url":"https:\/\/www.foodie.nl\/fr\/","name":"Foodie","description":"Elke Hap Telt","publisher":{"@id":"https:\/\/www.foodie.nl\/fr\/#organization"},"potentialAction":[{"@type":"SearchAction","target":{"@type":"EntryPoint","urlTemplate":"https:\/\/www.foodie.nl\/fr\/?s={search_term_string}"},"query-input":{"@type":"PropertyValueSpecification","valueRequired":true,"valueName":"search_term_string"}}],"inLanguage":"fr-FR"},{"@type":"Organization","@id":"https:\/\/www.foodie.nl\/fr\/#organization","name":"Foodie","url":"https:\/\/www.foodie.nl\/fr\/","logo":{"@type":"ImageObject","inLanguage":"fr-FR","@id":"https:\/\/www.foodie.nl\/fr\/#\/schema\/logo\/image\/","url":"https:\/\/www.foodie.nl\/app\/uploads\/2025\/01\/logo-foodie-wide@2x.png","contentUrl":"https:\/\/www.foodie.nl\/app\/uploads\/2025\/01\/logo-foodie-wide@2x.png","width":236,"height":128,"caption":"Foodie"},"image":{"@id":"https:\/\/www.foodie.nl\/fr\/#\/schema\/logo\/image\/"}}]}},"_links":{"self":[{"href":"https:\/\/www.foodie.nl\/fr\/wp-json\/wp\/v2\/product\/1125339","targetHints":{"allow":["GET"]}}],"collection":[{"href":"https:\/\/www.foodie.nl\/fr\/wp-json\/wp\/v2\/product"}],"about":[{"href":"https:\/\/www.foodie.nl\/fr\/wp-json\/wp\/v2\/types\/product"}],"wp:featuredmedia":[{"embeddable":true,"href":"https:\/\/www.foodie.nl\/fr\/wp-json\/wp\/v2\/media\/1174495"}],"wp:attachment":[{"href":"https:\/\/www.foodie.nl\/fr\/wp-json\/wp\/v2\/media?parent=1125339"}],"wp:term":[{"taxonomy":"product_brand","embeddable":true,"href":"https:\/\/www.foodie.nl\/fr\/wp-json\/wp\/v2\/product_brand?post=1125339"},{"taxonomy":"product_cat","embeddable":true,"href":"https:\/\/www.foodie.nl\/fr\/wp-json\/wp\/v2\/product_cat?post=1125339"},{"taxonomy":"product_tag","embeddable":true,"href":"https:\/\/www.foodie.nl\/fr\/wp-json\/wp\/v2\/product_tag?post=1125339"}],"curies":[{"name":"wp","href":"https:\/\/api.w.org\/{rel}","templated":true}]}}