{"id":1125345,"date":"2019-06-21T22:27:29","date_gmt":"2019-06-21T20:27:29","guid":{"rendered":"https:\/\/www.foodie.nl\/product\/6x-magnesium-boost-60-gelules\/"},"modified":"2025-08-26T11:30:25","modified_gmt":"2025-08-26T09:30:25","slug":"6x-magnesium-boost-60-gelules","status":"publish","type":"product","link":"https:\/\/www.foodie.nl\/fr\/produit\/6x-magnesium-boost-60-gelules\/","title":{"rendered":"6x Magnesium Boost"},"content":{"rendered":"<p><strong>Valeur nutritionnelle moyenne par 2 g\u00e9lules:<\/strong><\/p>\n<ul>\n<li><strong>Magn\u00e9sium total: 1030 mg<\/strong>\n<ul>\n<li>Bisglycinate de magn\u00e9sium: 455 mg (dont 50 mg de magn\u00e9sium \u00e9l\u00e9mentaire)<\/li>\n<li>Citrate de magn\u00e9sium: 333 mg (dont 50 mg de magn\u00e9sium \u00e9l\u00e9mentaire)<\/li>\n<li>Malate de magn\u00e9sium: 250 mg (dont 50 mg de magn\u00e9sium \u00e9l\u00e9mentaire)<\/li>\n<\/ul>\n<\/li>\n<li><strong>Absorb Complex:<\/strong>\n<ul>\n<li>Vitamine B6 (pyridoxal-5-5-phosphate): 1,4 mg (100% AJR)<\/li>\n<li>Vitamine B9 (5-MTHF Quatrefolic\u00ae): 200 mcg (100% AJR)<\/li>\n<li>Vitamine B12 (m\u00e9thylcobalamine): 2,5 mcg (100% AJR)<\/li>\n<li>Vitamine D3 (chol\u00e9calcif\u00e9rol): 300 UI (150% des AJR)<\/li>\n<li>Taurine: 150 mg<\/li>\n<\/ul>\n<\/li>\n<\/ul>\n<p><strong>Ingr\u00e9dients: <\/strong><span style=\"font-size: inherit; font-family: -apple-system, system-ui, BlinkMacSystemFont, 'Segoe UI', Helvetica, Arial, sans-serif, 'Apple Color Emoji', 'Segoe UI Emoji', 'Segoe UI Symbol';\">bisglycinate de magn\u00e9sium, citrate de magn\u00e9sium, malate de magn\u00e9sium, taurine, vitamine B6 (pyridoxal-5-phosphate), vitamine B9 (5-MTHF Quatrefolic\u00ae), vitamine B12 (m\u00e9thylcobalamine), vitamine D3 (chol\u00e9calcif\u00e9rol), acides gras li\u00e9s au calcium, leucine ferment\u00e9e vega 100%, concentr\u00e9 d\u2019amidon de riz, dioxyde de silicium (antiagglom\u00e9rant), HPMC (capsule).<\/span><\/p>\n<p><strong>Posologie:<\/strong>\u00a0Prenez 2 capsules par jour pendant un repas.<\/p>\n<p><strong>Conservation:<\/strong>\u00a0Conserver dans un endroit frais et sec dans un emballage bien ferm\u00e9.<\/p>\n<p><strong>Allerg\u00e8nes:<\/strong>\u00a0Ce produit ne contient pas d&rsquo;allerg\u00e8nes.<\/p>\n<p><strong>Avertissement:<\/strong>\u00a0Ce produit n&rsquo;est pas un m\u00e9dicament et n&rsquo;est pas destin\u00e9 \u00e0 diagnostiquer, pr\u00e9venir, traiter ou gu\u00e9rir une maladie ou une affection. Un compl\u00e9ment alimentaire ne doit pas \u00eatre utilis\u00e9 comme substitut \u00e0 une alimentation vari\u00e9e. Ne pas d\u00e9passer la dose quotidienne recommand\u00e9e. Garder hors de port\u00e9e des enfants.<\/p>\n","protected":false},"excerpt":{"rendered":"<p>Foodie a d\u00e9velopp\u00e9 le Magnesium Boost pour vous aider \u00e0 obtenir trois types de magn\u00e9sium en une seule g\u00e9lule: <strong>Citrate de magn\u00e9sium, Malate de magn\u00e9sium et Bisglycinate de magn\u00e9sium<\/strong>. Le magn\u00e9sium est un min\u00e9ral qui soutient de nombreux processus dans l&rsquo;organisme. Pensez au fonctionnement des muscles, du cerveau, du m\u00e9tabolisme \u00e9nerg\u00e9tique et \u00e0 la production et au maintien des os et des dents. Une suppl\u00e9mentation en magn\u00e9sium peut donc \u00eatre un moyen intelligent de maintenir une bonne concentration, de r\u00e9sister au stress et de conserver des muscles souples. Min\u00e9ral calmant par excellence, le magn\u00e9sium vous y aide.<\/p>\n<ul>\n<li>Aide \u00e0 r\u00e9duire la fatigue et l&rsquo;\u00e9puisement<\/li>\n<li>Contribue aux fonctions c\u00e9r\u00e9brales<\/li>\n<li>Contribue \u00e0 la solidit\u00e9 des os<\/li>\n<li>Joue un r\u00f4le dans le maintien de muscles souples et forts<\/li>\n<\/ul>\n<p>Mais ce n&rsquo;est pas tout!<br \/>\nMagnesium Boost contient \u00e9galement le complexe unique Absorb.<br \/>\nIl s&rsquo;agit d&rsquo;une composition de vitamines et d&rsquo;acides amin\u00e9s qui favorisent l&rsquo;absorption et la fonction du magn\u00e9sium.<br \/>\nCe complexe se compose de:<\/p>\n<ul>\n<li>Vitamine B6 (pyridoxal-5-phosphate)<\/li>\n<li>Vitamine B9 (acide folique)<\/li>\n<li>Vitamine B12 (m\u00e9thylcobalamine)<\/li>\n<li>Vitamine D3 (chol\u00e9calcif\u00e9rol)<\/li>\n<li>Taurine<\/li>\n<\/ul>\n<p>Vous \u00eates donc assur\u00e9 d&rsquo;une absorption et d&rsquo;une action optimales des meilleurs types de magn\u00e9sium. Et tout cela en 1 seule g\u00e9lule!<\/p>\n<p><strong>Un emballage de Magnesium Boost contient 60 capsules<\/strong><\/p>\n","protected":false},"featured_media":1185071,"template":"","meta":{"_acf_changed":false,"om_disable_all_campaigns":false},"product_brand":[],"product_cat":[183,190,182,178],"product_tag":[],"class_list":{"0":"post-1125345","1":"product","2":"type-product","3":"status-publish","4":"has-post-thumbnail","6":"product_cat-complements-alimentaires","7":"product_cat-magnesium-boost","8":"product_cat-non-promo-fr","9":"product_cat-offre-reguliere","10":"sales-flash-overlay","11":"woocommerce-text-align-center","12":"woocommerce-image-align-center","13":"do-quantity-buttons","15":"first","16":"instock","17":"sale","18":"taxable","19":"shipping-taxable","20":"purchasable","21":"product-type-simple"},"acf":[],"yoast_head":"<!-- This site is optimized with the Yoast SEO plugin v27.2 - https:\/\/yoast.com\/product\/yoast-seo-wordpress\/ -->\n<title>6x Magnesium Boost - Foodie<\/title>\n<meta name=\"description\" content=\"Foodie a d\u00e9velopp\u00e9 le Magnesium Boost pour vous aider \u00e0 obtenir trois types de magn\u00e9sium en une seule g\u00e9lule: Citrate de magn\u00e9sium, Malate de magn\u00e9sium et Bisglycinate de magn\u00e9sium. Le magn\u00e9sium est un min\u00e9ral qui soutient de nombreux processus dans l&#039;organisme. Pensez au fonctionnement des muscles, du cerveau, du m\u00e9tabolisme \u00e9nerg\u00e9tique et \u00e0 la production et au maintien des os et des dents. Une suppl\u00e9mentation en magn\u00e9sium peut donc \u00eatre un moyen intelligent de maintenir une bonne concentration, de r\u00e9sister au stress et de conserver des muscles souples. Min\u00e9ral calmant par excellence, le magn\u00e9sium vous y aide.   Aide \u00e0 r\u00e9duire la fatigue et l&#039;\u00e9puisement  Contribue aux fonctions c\u00e9r\u00e9brales  Contribue \u00e0 la solidit\u00e9 des os  Joue un r\u00f4le dans le maintien de muscles souples et forts  Mais ce n&#039;est pas tout! Magnesium Boost contient \u00e9galement le complexe unique Absorb. Il s&#039;agit d&#039;une composition de vitamines et d&#039;acides amin\u00e9s qui favorisent l&#039;absorption et la fonction du magn\u00e9sium. Ce complexe se compose de:   Vitamine B6 (pyridoxal-5-phosphate)  Vitamine B9 (acide folique)  Vitamine B12 (m\u00e9thylcobalamine)  Vitamine D3 (chol\u00e9calcif\u00e9rol)  Taurine  Vous \u00eates donc assur\u00e9 d&#039;une absorption et d&#039;une action optimales des meilleurs types de magn\u00e9sium. Et tout cela en 1 seule g\u00e9lule!  Un emballage de Magnesium Boost contient 60 capsules\" \/>\n<meta name=\"robots\" content=\"index, follow, max-snippet:-1, max-image-preview:large, max-video-preview:-1\" \/>\n<link rel=\"canonical\" href=\"https:\/\/www.foodie.nl\/fr\/produit\/6x-magnesium-boost-60-gelules\/\" \/>\n<meta property=\"og:locale\" content=\"fr_FR\" \/>\n<meta property=\"og:type\" content=\"article\" \/>\n<meta property=\"og:title\" content=\"6x Magnesium Boost - Foodie\" \/>\n<meta property=\"og:description\" content=\"Foodie a d\u00e9velopp\u00e9 le Magnesium Boost pour vous aider \u00e0 obtenir trois types de magn\u00e9sium en une seule g\u00e9lule: Citrate de magn\u00e9sium, Malate de magn\u00e9sium et Bisglycinate de magn\u00e9sium. Le magn\u00e9sium est un min\u00e9ral qui soutient de nombreux processus dans l&#039;organisme. Pensez au fonctionnement des muscles, du cerveau, du m\u00e9tabolisme \u00e9nerg\u00e9tique et \u00e0 la production et au maintien des os et des dents. Une suppl\u00e9mentation en magn\u00e9sium peut donc \u00eatre un moyen intelligent de maintenir une bonne concentration, de r\u00e9sister au stress et de conserver des muscles souples. Min\u00e9ral calmant par excellence, le magn\u00e9sium vous y aide.   Aide \u00e0 r\u00e9duire la fatigue et l&#039;\u00e9puisement  Contribue aux fonctions c\u00e9r\u00e9brales  Contribue \u00e0 la solidit\u00e9 des os  Joue un r\u00f4le dans le maintien de muscles souples et forts  Mais ce n&#039;est pas tout! Magnesium Boost contient \u00e9galement le complexe unique Absorb. Il s&#039;agit d&#039;une composition de vitamines et d&#039;acides amin\u00e9s qui favorisent l&#039;absorption et la fonction du magn\u00e9sium. Ce complexe se compose de:   Vitamine B6 (pyridoxal-5-phosphate)  Vitamine B9 (acide folique)  Vitamine B12 (m\u00e9thylcobalamine)  Vitamine D3 (chol\u00e9calcif\u00e9rol)  Taurine  Vous \u00eates donc assur\u00e9 d&#039;une absorption et d&#039;une action optimales des meilleurs types de magn\u00e9sium. Et tout cela en 1 seule g\u00e9lule!  Un emballage de Magnesium Boost contient 60 capsules\" \/>\n<meta property=\"og:url\" content=\"https:\/\/www.foodie.nl\/fr\/produit\/6x-magnesium-boost-60-gelules\/\" \/>\n<meta property=\"og:site_name\" content=\"Foodie\" \/>\n<meta property=\"article:modified_time\" content=\"2025-08-26T09:30:25+00:00\" \/>\n<meta property=\"og:image\" content=\"https:\/\/www.foodie.nl\/app\/uploads\/2026\/01\/Nederlandse-producten-66-1024x1024.png\" \/>\n\t<meta property=\"og:image:width\" content=\"1024\" \/>\n\t<meta property=\"og:image:height\" content=\"1024\" \/>\n\t<meta property=\"og:image:type\" content=\"image\/png\" \/>\n<meta name=\"twitter:card\" content=\"summary_large_image\" \/>\n<meta name=\"twitter:label1\" content=\"Dur\u00e9e de lecture estim\u00e9e\" \/>\n\t<meta name=\"twitter:data1\" content=\"2 minutes\" \/>\n<script type=\"application\/ld+json\" class=\"yoast-schema-graph\">{\"@context\":\"https:\/\/schema.org\",\"@graph\":[{\"@type\":\"WebPage\",\"@id\":\"https:\/\/www.foodie.nl\/fr\/produit\/6x-magnesium-boost-60-gelules\/\",\"url\":\"https:\/\/www.foodie.nl\/fr\/produit\/6x-magnesium-boost-60-gelules\/\",\"name\":\"6x Magnesium Boost - Foodie\",\"isPartOf\":{\"@id\":\"https:\/\/www.foodie.nl\/fr\/#website\"},\"primaryImageOfPage\":{\"@id\":\"https:\/\/www.foodie.nl\/fr\/produit\/6x-magnesium-boost-60-gelules\/#primaryimage\"},\"image\":{\"@id\":\"https:\/\/www.foodie.nl\/fr\/produit\/6x-magnesium-boost-60-gelules\/#primaryimage\"},\"thumbnailUrl\":\"https:\/\/www.foodie.nl\/app\/uploads\/2026\/01\/Nederlandse-producten-66.png\",\"datePublished\":\"2019-06-21T20:27:29+00:00\",\"dateModified\":\"2025-08-26T09:30:25+00:00\",\"description\":\"Foodie a d\u00e9velopp\u00e9 le Magnesium Boost pour vous aider \u00e0 obtenir trois types de magn\u00e9sium en une seule g\u00e9lule: Citrate de magn\u00e9sium, Malate de magn\u00e9sium et Bisglycinate de magn\u00e9sium. Le magn\u00e9sium est un min\u00e9ral qui soutient de nombreux processus dans l'organisme. Pensez au fonctionnement des muscles, du cerveau, du m\u00e9tabolisme \u00e9nerg\u00e9tique et \u00e0 la production et au maintien des os et des dents. Une suppl\u00e9mentation en magn\u00e9sium peut donc \u00eatre un moyen intelligent de maintenir une bonne concentration, de r\u00e9sister au stress et de conserver des muscles souples. Min\u00e9ral calmant par excellence, le magn\u00e9sium vous y aide. Aide \u00e0 r\u00e9duire la fatigue et l'\u00e9puisement Contribue aux fonctions c\u00e9r\u00e9brales Contribue \u00e0 la solidit\u00e9 des os Joue un r\u00f4le dans le maintien de muscles souples et forts Mais ce n'est pas tout! Magnesium Boost contient \u00e9galement le complexe unique Absorb. Il s'agit d'une composition de vitamines et d'acides amin\u00e9s qui favorisent l'absorption et la fonction du magn\u00e9sium. Ce complexe se compose de: Vitamine B6 (pyridoxal-5-phosphate) Vitamine B9 (acide folique) Vitamine B12 (m\u00e9thylcobalamine) Vitamine D3 (chol\u00e9calcif\u00e9rol) Taurine Vous \u00eates donc assur\u00e9 d'une absorption et d'une action optimales des meilleurs types de magn\u00e9sium. Et tout cela en 1 seule g\u00e9lule! Un emballage de Magnesium Boost contient 60 capsules\",\"breadcrumb\":{\"@id\":\"https:\/\/www.foodie.nl\/fr\/produit\/6x-magnesium-boost-60-gelules\/#breadcrumb\"},\"inLanguage\":\"fr-FR\",\"potentialAction\":[{\"@type\":\"ReadAction\",\"target\":[\"https:\/\/www.foodie.nl\/fr\/produit\/6x-magnesium-boost-60-gelules\/\"]}]},{\"@type\":\"ImageObject\",\"inLanguage\":\"fr-FR\",\"@id\":\"https:\/\/www.foodie.nl\/fr\/produit\/6x-magnesium-boost-60-gelules\/#primaryimage\",\"url\":\"https:\/\/www.foodie.nl\/app\/uploads\/2026\/01\/Nederlandse-producten-66.png\",\"contentUrl\":\"https:\/\/www.foodie.nl\/app\/uploads\/2026\/01\/Nederlandse-producten-66.png\",\"width\":2400,\"height\":2400},{\"@type\":\"BreadcrumbList\",\"@id\":\"https:\/\/www.foodie.nl\/fr\/produit\/6x-magnesium-boost-60-gelules\/#breadcrumb\",\"itemListElement\":[{\"@type\":\"ListItem\",\"position\":1,\"name\":\"Home\",\"item\":\"https:\/\/www.foodie.nl\/fr\/\"},{\"@type\":\"ListItem\",\"position\":2,\"name\":\"Produits\",\"item\":\"https:\/\/www.foodie.nl\/fr\/shop\/\"},{\"@type\":\"ListItem\",\"position\":3,\"name\":\"6x Magnesium Boost\"}]},{\"@type\":\"WebSite\",\"@id\":\"https:\/\/www.foodie.nl\/fr\/#website\",\"url\":\"https:\/\/www.foodie.nl\/fr\/\",\"name\":\"Foodie\",\"description\":\"Elke Hap Telt\",\"publisher\":{\"@id\":\"https:\/\/www.foodie.nl\/fr\/#organization\"},\"potentialAction\":[{\"@type\":\"SearchAction\",\"target\":{\"@type\":\"EntryPoint\",\"urlTemplate\":\"https:\/\/www.foodie.nl\/fr\/?s={search_term_string}\"},\"query-input\":{\"@type\":\"PropertyValueSpecification\",\"valueRequired\":true,\"valueName\":\"search_term_string\"}}],\"inLanguage\":\"fr-FR\"},{\"@type\":\"Organization\",\"@id\":\"https:\/\/www.foodie.nl\/fr\/#organization\",\"name\":\"Foodie\",\"url\":\"https:\/\/www.foodie.nl\/fr\/\",\"logo\":{\"@type\":\"ImageObject\",\"inLanguage\":\"fr-FR\",\"@id\":\"https:\/\/www.foodie.nl\/fr\/#\/schema\/logo\/image\/\",\"url\":\"https:\/\/www.foodie.nl\/app\/uploads\/2025\/01\/logo-foodie-wide@2x.png\",\"contentUrl\":\"https:\/\/www.foodie.nl\/app\/uploads\/2025\/01\/logo-foodie-wide@2x.png\",\"width\":236,\"height\":128,\"caption\":\"Foodie\"},\"image\":{\"@id\":\"https:\/\/www.foodie.nl\/fr\/#\/schema\/logo\/image\/\"}}]}<\/script>\n<!-- \/ Yoast SEO plugin. -->","yoast_head_json":{"title":"6x Magnesium Boost - Foodie","description":"Foodie a d\u00e9velopp\u00e9 le Magnesium Boost pour vous aider \u00e0 obtenir trois types de magn\u00e9sium en une seule g\u00e9lule: Citrate de magn\u00e9sium, Malate de magn\u00e9sium et Bisglycinate de magn\u00e9sium. Le magn\u00e9sium est un min\u00e9ral qui soutient de nombreux processus dans l'organisme. Pensez au fonctionnement des muscles, du cerveau, du m\u00e9tabolisme \u00e9nerg\u00e9tique et \u00e0 la production et au maintien des os et des dents. Une suppl\u00e9mentation en magn\u00e9sium peut donc \u00eatre un moyen intelligent de maintenir une bonne concentration, de r\u00e9sister au stress et de conserver des muscles souples. Min\u00e9ral calmant par excellence, le magn\u00e9sium vous y aide.   Aide \u00e0 r\u00e9duire la fatigue et l'\u00e9puisement  Contribue aux fonctions c\u00e9r\u00e9brales  Contribue \u00e0 la solidit\u00e9 des os  Joue un r\u00f4le dans le maintien de muscles souples et forts  Mais ce n'est pas tout! Magnesium Boost contient \u00e9galement le complexe unique Absorb. Il s'agit d'une composition de vitamines et d'acides amin\u00e9s qui favorisent l'absorption et la fonction du magn\u00e9sium. Ce complexe se compose de:   Vitamine B6 (pyridoxal-5-phosphate)  Vitamine B9 (acide folique)  Vitamine B12 (m\u00e9thylcobalamine)  Vitamine D3 (chol\u00e9calcif\u00e9rol)  Taurine  Vous \u00eates donc assur\u00e9 d'une absorption et d'une action optimales des meilleurs types de magn\u00e9sium. Et tout cela en 1 seule g\u00e9lule!  Un emballage de Magnesium Boost contient 60 capsules","robots":{"index":"index","follow":"follow","max-snippet":"max-snippet:-1","max-image-preview":"max-image-preview:large","max-video-preview":"max-video-preview:-1"},"canonical":"https:\/\/www.foodie.nl\/fr\/produit\/6x-magnesium-boost-60-gelules\/","og_locale":"fr_FR","og_type":"article","og_title":"6x Magnesium Boost - Foodie","og_description":"Foodie a d\u00e9velopp\u00e9 le Magnesium Boost pour vous aider \u00e0 obtenir trois types de magn\u00e9sium en une seule g\u00e9lule: Citrate de magn\u00e9sium, Malate de magn\u00e9sium et Bisglycinate de magn\u00e9sium. Le magn\u00e9sium est un min\u00e9ral qui soutient de nombreux processus dans l'organisme. Pensez au fonctionnement des muscles, du cerveau, du m\u00e9tabolisme \u00e9nerg\u00e9tique et \u00e0 la production et au maintien des os et des dents. Une suppl\u00e9mentation en magn\u00e9sium peut donc \u00eatre un moyen intelligent de maintenir une bonne concentration, de r\u00e9sister au stress et de conserver des muscles souples. Min\u00e9ral calmant par excellence, le magn\u00e9sium vous y aide.   Aide \u00e0 r\u00e9duire la fatigue et l'\u00e9puisement  Contribue aux fonctions c\u00e9r\u00e9brales  Contribue \u00e0 la solidit\u00e9 des os  Joue un r\u00f4le dans le maintien de muscles souples et forts  Mais ce n'est pas tout! Magnesium Boost contient \u00e9galement le complexe unique Absorb. Il s'agit d'une composition de vitamines et d'acides amin\u00e9s qui favorisent l'absorption et la fonction du magn\u00e9sium. Ce complexe se compose de:   Vitamine B6 (pyridoxal-5-phosphate)  Vitamine B9 (acide folique)  Vitamine B12 (m\u00e9thylcobalamine)  Vitamine D3 (chol\u00e9calcif\u00e9rol)  Taurine  Vous \u00eates donc assur\u00e9 d'une absorption et d'une action optimales des meilleurs types de magn\u00e9sium. Et tout cela en 1 seule g\u00e9lule!  Un emballage de Magnesium Boost contient 60 capsules","og_url":"https:\/\/www.foodie.nl\/fr\/produit\/6x-magnesium-boost-60-gelules\/","og_site_name":"Foodie","article_modified_time":"2025-08-26T09:30:25+00:00","og_image":[{"width":1024,"height":1024,"url":"https:\/\/www.foodie.nl\/app\/uploads\/2026\/01\/Nederlandse-producten-66-1024x1024.png","type":"image\/png"}],"twitter_card":"summary_large_image","twitter_misc":{"Dur\u00e9e de lecture estim\u00e9e":"2 minutes"},"schema":{"@context":"https:\/\/schema.org","@graph":[{"@type":"WebPage","@id":"https:\/\/www.foodie.nl\/fr\/produit\/6x-magnesium-boost-60-gelules\/","url":"https:\/\/www.foodie.nl\/fr\/produit\/6x-magnesium-boost-60-gelules\/","name":"6x Magnesium Boost - Foodie","isPartOf":{"@id":"https:\/\/www.foodie.nl\/fr\/#website"},"primaryImageOfPage":{"@id":"https:\/\/www.foodie.nl\/fr\/produit\/6x-magnesium-boost-60-gelules\/#primaryimage"},"image":{"@id":"https:\/\/www.foodie.nl\/fr\/produit\/6x-magnesium-boost-60-gelules\/#primaryimage"},"thumbnailUrl":"https:\/\/www.foodie.nl\/app\/uploads\/2026\/01\/Nederlandse-producten-66.png","datePublished":"2019-06-21T20:27:29+00:00","dateModified":"2025-08-26T09:30:25+00:00","description":"Foodie a d\u00e9velopp\u00e9 le Magnesium Boost pour vous aider \u00e0 obtenir trois types de magn\u00e9sium en une seule g\u00e9lule: Citrate de magn\u00e9sium, Malate de magn\u00e9sium et Bisglycinate de magn\u00e9sium. Le magn\u00e9sium est un min\u00e9ral qui soutient de nombreux processus dans l'organisme. Pensez au fonctionnement des muscles, du cerveau, du m\u00e9tabolisme \u00e9nerg\u00e9tique et \u00e0 la production et au maintien des os et des dents. Une suppl\u00e9mentation en magn\u00e9sium peut donc \u00eatre un moyen intelligent de maintenir une bonne concentration, de r\u00e9sister au stress et de conserver des muscles souples. Min\u00e9ral calmant par excellence, le magn\u00e9sium vous y aide. Aide \u00e0 r\u00e9duire la fatigue et l'\u00e9puisement Contribue aux fonctions c\u00e9r\u00e9brales Contribue \u00e0 la solidit\u00e9 des os Joue un r\u00f4le dans le maintien de muscles souples et forts Mais ce n'est pas tout! Magnesium Boost contient \u00e9galement le complexe unique Absorb. Il s'agit d'une composition de vitamines et d'acides amin\u00e9s qui favorisent l'absorption et la fonction du magn\u00e9sium. Ce complexe se compose de: Vitamine B6 (pyridoxal-5-phosphate) Vitamine B9 (acide folique) Vitamine B12 (m\u00e9thylcobalamine) Vitamine D3 (chol\u00e9calcif\u00e9rol) Taurine Vous \u00eates donc assur\u00e9 d'une absorption et d'une action optimales des meilleurs types de magn\u00e9sium. Et tout cela en 1 seule g\u00e9lule! Un emballage de Magnesium Boost contient 60 capsules","breadcrumb":{"@id":"https:\/\/www.foodie.nl\/fr\/produit\/6x-magnesium-boost-60-gelules\/#breadcrumb"},"inLanguage":"fr-FR","potentialAction":[{"@type":"ReadAction","target":["https:\/\/www.foodie.nl\/fr\/produit\/6x-magnesium-boost-60-gelules\/"]}]},{"@type":"ImageObject","inLanguage":"fr-FR","@id":"https:\/\/www.foodie.nl\/fr\/produit\/6x-magnesium-boost-60-gelules\/#primaryimage","url":"https:\/\/www.foodie.nl\/app\/uploads\/2026\/01\/Nederlandse-producten-66.png","contentUrl":"https:\/\/www.foodie.nl\/app\/uploads\/2026\/01\/Nederlandse-producten-66.png","width":2400,"height":2400},{"@type":"BreadcrumbList","@id":"https:\/\/www.foodie.nl\/fr\/produit\/6x-magnesium-boost-60-gelules\/#breadcrumb","itemListElement":[{"@type":"ListItem","position":1,"name":"Home","item":"https:\/\/www.foodie.nl\/fr\/"},{"@type":"ListItem","position":2,"name":"Produits","item":"https:\/\/www.foodie.nl\/fr\/shop\/"},{"@type":"ListItem","position":3,"name":"6x Magnesium Boost"}]},{"@type":"WebSite","@id":"https:\/\/www.foodie.nl\/fr\/#website","url":"https:\/\/www.foodie.nl\/fr\/","name":"Foodie","description":"Elke Hap Telt","publisher":{"@id":"https:\/\/www.foodie.nl\/fr\/#organization"},"potentialAction":[{"@type":"SearchAction","target":{"@type":"EntryPoint","urlTemplate":"https:\/\/www.foodie.nl\/fr\/?s={search_term_string}"},"query-input":{"@type":"PropertyValueSpecification","valueRequired":true,"valueName":"search_term_string"}}],"inLanguage":"fr-FR"},{"@type":"Organization","@id":"https:\/\/www.foodie.nl\/fr\/#organization","name":"Foodie","url":"https:\/\/www.foodie.nl\/fr\/","logo":{"@type":"ImageObject","inLanguage":"fr-FR","@id":"https:\/\/www.foodie.nl\/fr\/#\/schema\/logo\/image\/","url":"https:\/\/www.foodie.nl\/app\/uploads\/2025\/01\/logo-foodie-wide@2x.png","contentUrl":"https:\/\/www.foodie.nl\/app\/uploads\/2025\/01\/logo-foodie-wide@2x.png","width":236,"height":128,"caption":"Foodie"},"image":{"@id":"https:\/\/www.foodie.nl\/fr\/#\/schema\/logo\/image\/"}}]}},"_links":{"self":[{"href":"https:\/\/www.foodie.nl\/fr\/wp-json\/wp\/v2\/product\/1125345","targetHints":{"allow":["GET"]}}],"collection":[{"href":"https:\/\/www.foodie.nl\/fr\/wp-json\/wp\/v2\/product"}],"about":[{"href":"https:\/\/www.foodie.nl\/fr\/wp-json\/wp\/v2\/types\/product"}],"wp:featuredmedia":[{"embeddable":true,"href":"https:\/\/www.foodie.nl\/fr\/wp-json\/wp\/v2\/media\/1185071"}],"wp:attachment":[{"href":"https:\/\/www.foodie.nl\/fr\/wp-json\/wp\/v2\/media?parent=1125345"}],"wp:term":[{"taxonomy":"product_brand","embeddable":true,"href":"https:\/\/www.foodie.nl\/fr\/wp-json\/wp\/v2\/product_brand?post=1125345"},{"taxonomy":"product_cat","embeddable":true,"href":"https:\/\/www.foodie.nl\/fr\/wp-json\/wp\/v2\/product_cat?post=1125345"},{"taxonomy":"product_tag","embeddable":true,"href":"https:\/\/www.foodie.nl\/fr\/wp-json\/wp\/v2\/product_tag?post=1125345"}],"curies":[{"name":"wp","href":"https:\/\/api.w.org\/{rel}","templated":true}]}}