{"id":1125355,"date":"2021-01-05T17:21:45","date_gmt":"2021-01-05T16:21:45","guid":{"rendered":"https:\/\/www.foodie.nl\/product\/ultimate-detox-60-gelules\/"},"modified":"2025-08-26T13:46:10","modified_gmt":"2025-08-26T11:46:10","slug":"ultimate-detox-60-gelules","status":"publish","type":"product","link":"https:\/\/www.foodie.nl\/fr\/produit\/ultimate-detox-60-gelules\/","title":{"rendered":"Ultimate Detox"},"content":{"rendered":"<p><strong>Valeur nutritionnelle moyenne par 2 g\u00e9lules:<\/strong><\/p>\n<ul>\n<li>Extrait d&rsquo;artichaut (30:1): 250 mg<\/li>\n<li>Extrait de chardon-marie (silibinine 80 %): 250 mg<\/li>\n<li>Bitartrate de choline: 82,5 mg<\/li>\n<li>Zinc m\u00e9thionine: 30 mg<\/li>\n<li>Extrait de pissenlit (4:1): 100 mg<\/li>\n<li>Complexe C3 de curcumine: 50 mg<\/li>\n<li>Bisglycinate de cuivre: 20 mg<\/li>\n<\/ul>\n<p><strong>Ingr\u00e9dients : <\/strong>Extrait d&rsquo;artichaut, extrait de chardon-marie, bitartrate de choline, m\u00e9thionine de zinc, extrait de pissenlit, complexe de Curcumine C3, bisglycinate de cuivre, cellulose microcristalline (agent de charge), st\u00e9arate de magn\u00e9sium (agent anti-agglom\u00e9rant), dioxyde de silicium (agent anti-agglom\u00e9rant), HPMC (capsule).<\/p>\n<p><strong>Posologie:<\/strong> Prenez 2 g\u00e9lules par jour au moment du repas.<\/p>\n<p><strong>Conservation:<\/strong>\u00a0Conserver dans un endroit frais et sec, bien ferm\u00e9.<\/p>\n<p><strong>Allerg\u00e8nes:<\/strong>\u00a0Ce produit ne contient aucun allerg\u00e8ne.<\/p>\n<p><strong>Avertissement:<\/strong>\u00a0Ce produit n&rsquo;est pas un m\u00e9dicament et n&rsquo;est pas destin\u00e9 \u00e0 diagnostiquer, pr\u00e9venir, traiter ou gu\u00e9rir une maladie. Un compl\u00e9ment alimentaire ne doit pas \u00eatre utilis\u00e9 comme substitut \u00e0 une alimentation vari\u00e9e. Ne pas d\u00e9passer la dose quotidienne recommand\u00e9e. Tenir hors de port\u00e9e des enfants.<\/p>\n","protected":false},"excerpt":{"rendered":"<p data-start=\"52\" data-end=\"153\">Ultimate Detox contient un m\u00e9lange sp\u00e9cialement formul\u00e9 de 7 extraits puissants et de min\u00e9raux.<\/p>\n<p data-start=\"155\" data-end=\"365\">L\u2019extrait de chardon-Marie aide \u00e0 l\u2019\u00e9limination des toxines, tandis que les extraits de pissenlit et d\u2019artichaut sont traditionnellement utilis\u00e9s pour le bon fonctionnement du foie et de la v\u00e9sicule biliaire.<\/p>\n<p data-start=\"367\" data-end=\"468\">La curcumine soutient non seulement la sant\u00e9 du foie, mais favorise \u00e9galement une digestion saine.*<\/p>\n<p data-start=\"470\" data-end=\"748\">Gr\u00e2ce \u00e0 la choline, le m\u00e9tabolisme normal des graisses est favoris\u00e9. Le zinc et le cuivre renforcent l\u2019organisme contre le stress oxydatif, avec un soutien suppl\u00e9mentaire du zinc pour le syst\u00e8me immunitaire. Choisissez le meilleur soutien pour votre foie avec Ultimate Detox.*<\/p>\n<p data-start=\"750\" data-end=\"803\"><strong>Un emballage d\u2019Ultimate Detox contient 60 capsules<\/strong><\/p>\n","protected":false},"featured_media":1117987,"template":"","meta":{"_acf_changed":false,"om_disable_all_campaigns":false},"product_brand":[],"product_cat":[182,178,180,192],"product_tag":[],"class_list":{"0":"post-1125355","1":"product","2":"type-product","3":"status-publish","4":"has-post-thumbnail","6":"product_cat-non-promo-fr","7":"product_cat-offre-reguliere","8":"product_cat-tous-les-produits","9":"product_cat-ultimate-detox","10":"sales-flash-overlay","11":"woocommerce-text-align-center","12":"woocommerce-image-align-center","13":"do-quantity-buttons","15":"first","16":"instock","17":"taxable","18":"shipping-taxable","19":"purchasable","20":"product-type-simple"},"acf":[],"yoast_head":"<!-- This site is optimized with the Yoast SEO plugin v27.4 - https:\/\/yoast.com\/product\/yoast-seo-wordpress\/ -->\n<title>Ultimate Detox - Foodie<\/title>\n<meta name=\"description\" content=\"Ultimate Detox contient un m\u00e9lange sp\u00e9cialement formul\u00e9 de 7 extraits puissants et de min\u00e9raux. L\u2019extrait de chardon-Marie aide \u00e0 l\u2019\u00e9limination des toxines, tandis que les extraits de pissenlit et d\u2019artichaut sont traditionnellement utilis\u00e9s pour le bon fonctionnement du foie et de la v\u00e9sicule biliaire. La curcumine soutient non seulement la sant\u00e9 du foie, mais favorise \u00e9galement une digestion saine.* Gr\u00e2ce \u00e0 la choline, le m\u00e9tabolisme normal des graisses est favoris\u00e9. Le zinc et le cuivre renforcent l\u2019organisme contre le stress oxydatif, avec un soutien suppl\u00e9mentaire du zinc pour le syst\u00e8me immunitaire. Choisissez le meilleur soutien pour votre foie avec Ultimate Detox.* Un emballage d\u2019Ultimate Detox contient 60 capsules\" \/>\n<meta name=\"robots\" content=\"index, follow, max-snippet:-1, max-image-preview:large, max-video-preview:-1\" \/>\n<link rel=\"canonical\" href=\"https:\/\/www.foodie.nl\/fr\/produit\/ultimate-detox-60-gelules\/\" \/>\n<meta property=\"og:locale\" content=\"fr_FR\" \/>\n<meta property=\"og:type\" content=\"article\" \/>\n<meta property=\"og:title\" content=\"Ultimate Detox - Foodie\" \/>\n<meta property=\"og:description\" content=\"Ultimate Detox contient un m\u00e9lange sp\u00e9cialement formul\u00e9 de 7 extraits puissants et de min\u00e9raux. L\u2019extrait de chardon-Marie aide \u00e0 l\u2019\u00e9limination des toxines, tandis que les extraits de pissenlit et d\u2019artichaut sont traditionnellement utilis\u00e9s pour le bon fonctionnement du foie et de la v\u00e9sicule biliaire. La curcumine soutient non seulement la sant\u00e9 du foie, mais favorise \u00e9galement une digestion saine.* Gr\u00e2ce \u00e0 la choline, le m\u00e9tabolisme normal des graisses est favoris\u00e9. Le zinc et le cuivre renforcent l\u2019organisme contre le stress oxydatif, avec un soutien suppl\u00e9mentaire du zinc pour le syst\u00e8me immunitaire. Choisissez le meilleur soutien pour votre foie avec Ultimate Detox.* Un emballage d\u2019Ultimate Detox contient 60 capsules\" \/>\n<meta property=\"og:url\" content=\"https:\/\/www.foodie.nl\/fr\/produit\/ultimate-detox-60-gelules\/\" \/>\n<meta property=\"og:site_name\" content=\"Foodie\" \/>\n<meta property=\"article:modified_time\" content=\"2025-08-26T11:46:10+00:00\" \/>\n<meta property=\"og:image\" content=\"https:\/\/www.foodie.nl\/app\/uploads\/2025\/02\/37.png\" \/>\n\t<meta property=\"og:image:width\" content=\"800\" \/>\n\t<meta property=\"og:image:height\" content=\"800\" \/>\n\t<meta property=\"og:image:type\" content=\"image\/png\" \/>\n<meta name=\"twitter:card\" content=\"summary_large_image\" \/>\n<meta name=\"twitter:label1\" content=\"Dur\u00e9e de lecture estim\u00e9e\" \/>\n\t<meta name=\"twitter:data1\" content=\"1 minute\" \/>\n<script type=\"application\/ld+json\" class=\"yoast-schema-graph\">{\"@context\":\"https:\\\/\\\/schema.org\",\"@graph\":[{\"@type\":\"WebPage\",\"@id\":\"https:\\\/\\\/www.foodie.nl\\\/fr\\\/produit\\\/ultimate-detox-60-gelules\\\/\",\"url\":\"https:\\\/\\\/www.foodie.nl\\\/fr\\\/produit\\\/ultimate-detox-60-gelules\\\/\",\"name\":\"Ultimate Detox - Foodie\",\"isPartOf\":{\"@id\":\"https:\\\/\\\/www.foodie.nl\\\/fr\\\/#website\"},\"primaryImageOfPage\":{\"@id\":\"https:\\\/\\\/www.foodie.nl\\\/fr\\\/produit\\\/ultimate-detox-60-gelules\\\/#primaryimage\"},\"image\":{\"@id\":\"https:\\\/\\\/www.foodie.nl\\\/fr\\\/produit\\\/ultimate-detox-60-gelules\\\/#primaryimage\"},\"thumbnailUrl\":\"https:\\\/\\\/www.foodie.nl\\\/app\\\/uploads\\\/2025\\\/02\\\/37.png\",\"datePublished\":\"2021-01-05T16:21:45+00:00\",\"dateModified\":\"2025-08-26T11:46:10+00:00\",\"description\":\"Ultimate Detox contient un m\u00e9lange sp\u00e9cialement formul\u00e9 de 7 extraits puissants et de min\u00e9raux. L\u2019extrait de chardon-Marie aide \u00e0 l\u2019\u00e9limination des toxines, tandis que les extraits de pissenlit et d\u2019artichaut sont traditionnellement utilis\u00e9s pour le bon fonctionnement du foie et de la v\u00e9sicule biliaire. La curcumine soutient non seulement la sant\u00e9 du foie, mais favorise \u00e9galement une digestion saine.* Gr\u00e2ce \u00e0 la choline, le m\u00e9tabolisme normal des graisses est favoris\u00e9. Le zinc et le cuivre renforcent l\u2019organisme contre le stress oxydatif, avec un soutien suppl\u00e9mentaire du zinc pour le syst\u00e8me immunitaire. Choisissez le meilleur soutien pour votre foie avec Ultimate Detox.* Un emballage d\u2019Ultimate Detox contient 60 capsules\",\"breadcrumb\":{\"@id\":\"https:\\\/\\\/www.foodie.nl\\\/fr\\\/produit\\\/ultimate-detox-60-gelules\\\/#breadcrumb\"},\"inLanguage\":\"fr-FR\",\"potentialAction\":[{\"@type\":\"ReadAction\",\"target\":[\"https:\\\/\\\/www.foodie.nl\\\/fr\\\/produit\\\/ultimate-detox-60-gelules\\\/\"]}]},{\"@type\":\"ImageObject\",\"inLanguage\":\"fr-FR\",\"@id\":\"https:\\\/\\\/www.foodie.nl\\\/fr\\\/produit\\\/ultimate-detox-60-gelules\\\/#primaryimage\",\"url\":\"https:\\\/\\\/www.foodie.nl\\\/app\\\/uploads\\\/2025\\\/02\\\/37.png\",\"contentUrl\":\"https:\\\/\\\/www.foodie.nl\\\/app\\\/uploads\\\/2025\\\/02\\\/37.png\",\"width\":800,\"height\":800},{\"@type\":\"BreadcrumbList\",\"@id\":\"https:\\\/\\\/www.foodie.nl\\\/fr\\\/produit\\\/ultimate-detox-60-gelules\\\/#breadcrumb\",\"itemListElement\":[{\"@type\":\"ListItem\",\"position\":1,\"name\":\"Home\",\"item\":\"https:\\\/\\\/www.foodie.nl\\\/fr\\\/\"},{\"@type\":\"ListItem\",\"position\":2,\"name\":\"Produits\",\"item\":\"https:\\\/\\\/www.foodie.nl\\\/fr\\\/shop\\\/\"},{\"@type\":\"ListItem\",\"position\":3,\"name\":\"Ultimate Detox\"}]},{\"@type\":\"WebSite\",\"@id\":\"https:\\\/\\\/www.foodie.nl\\\/fr\\\/#website\",\"url\":\"https:\\\/\\\/www.foodie.nl\\\/fr\\\/\",\"name\":\"Foodie\",\"description\":\"Elke Hap Telt\",\"publisher\":{\"@id\":\"https:\\\/\\\/www.foodie.nl\\\/fr\\\/#organization\"},\"potentialAction\":[{\"@type\":\"SearchAction\",\"target\":{\"@type\":\"EntryPoint\",\"urlTemplate\":\"https:\\\/\\\/www.foodie.nl\\\/fr\\\/?s={search_term_string}\"},\"query-input\":{\"@type\":\"PropertyValueSpecification\",\"valueRequired\":true,\"valueName\":\"search_term_string\"}}],\"inLanguage\":\"fr-FR\"},{\"@type\":\"Organization\",\"@id\":\"https:\\\/\\\/www.foodie.nl\\\/fr\\\/#organization\",\"name\":\"Foodie\",\"url\":\"https:\\\/\\\/www.foodie.nl\\\/fr\\\/\",\"logo\":{\"@type\":\"ImageObject\",\"inLanguage\":\"fr-FR\",\"@id\":\"https:\\\/\\\/www.foodie.nl\\\/fr\\\/#\\\/schema\\\/logo\\\/image\\\/\",\"url\":\"https:\\\/\\\/www.foodie.nl\\\/app\\\/uploads\\\/2025\\\/01\\\/logo-foodie-wide@2x.png\",\"contentUrl\":\"https:\\\/\\\/www.foodie.nl\\\/app\\\/uploads\\\/2025\\\/01\\\/logo-foodie-wide@2x.png\",\"width\":236,\"height\":128,\"caption\":\"Foodie\"},\"image\":{\"@id\":\"https:\\\/\\\/www.foodie.nl\\\/fr\\\/#\\\/schema\\\/logo\\\/image\\\/\"}}]}<\/script>\n<!-- \/ Yoast SEO plugin. -->","yoast_head_json":{"title":"Ultimate Detox - Foodie","description":"Ultimate Detox contient un m\u00e9lange sp\u00e9cialement formul\u00e9 de 7 extraits puissants et de min\u00e9raux. L\u2019extrait de chardon-Marie aide \u00e0 l\u2019\u00e9limination des toxines, tandis que les extraits de pissenlit et d\u2019artichaut sont traditionnellement utilis\u00e9s pour le bon fonctionnement du foie et de la v\u00e9sicule biliaire. La curcumine soutient non seulement la sant\u00e9 du foie, mais favorise \u00e9galement une digestion saine.* Gr\u00e2ce \u00e0 la choline, le m\u00e9tabolisme normal des graisses est favoris\u00e9. Le zinc et le cuivre renforcent l\u2019organisme contre le stress oxydatif, avec un soutien suppl\u00e9mentaire du zinc pour le syst\u00e8me immunitaire. Choisissez le meilleur soutien pour votre foie avec Ultimate Detox.* Un emballage d\u2019Ultimate Detox contient 60 capsules","robots":{"index":"index","follow":"follow","max-snippet":"max-snippet:-1","max-image-preview":"max-image-preview:large","max-video-preview":"max-video-preview:-1"},"canonical":"https:\/\/www.foodie.nl\/fr\/produit\/ultimate-detox-60-gelules\/","og_locale":"fr_FR","og_type":"article","og_title":"Ultimate Detox - Foodie","og_description":"Ultimate Detox contient un m\u00e9lange sp\u00e9cialement formul\u00e9 de 7 extraits puissants et de min\u00e9raux. L\u2019extrait de chardon-Marie aide \u00e0 l\u2019\u00e9limination des toxines, tandis que les extraits de pissenlit et d\u2019artichaut sont traditionnellement utilis\u00e9s pour le bon fonctionnement du foie et de la v\u00e9sicule biliaire. La curcumine soutient non seulement la sant\u00e9 du foie, mais favorise \u00e9galement une digestion saine.* Gr\u00e2ce \u00e0 la choline, le m\u00e9tabolisme normal des graisses est favoris\u00e9. Le zinc et le cuivre renforcent l\u2019organisme contre le stress oxydatif, avec un soutien suppl\u00e9mentaire du zinc pour le syst\u00e8me immunitaire. Choisissez le meilleur soutien pour votre foie avec Ultimate Detox.* Un emballage d\u2019Ultimate Detox contient 60 capsules","og_url":"https:\/\/www.foodie.nl\/fr\/produit\/ultimate-detox-60-gelules\/","og_site_name":"Foodie","article_modified_time":"2025-08-26T11:46:10+00:00","og_image":[{"width":800,"height":800,"url":"https:\/\/www.foodie.nl\/app\/uploads\/2025\/02\/37.png","type":"image\/png"}],"twitter_card":"summary_large_image","twitter_misc":{"Dur\u00e9e de lecture estim\u00e9e":"1 minute"},"schema":{"@context":"https:\/\/schema.org","@graph":[{"@type":"WebPage","@id":"https:\/\/www.foodie.nl\/fr\/produit\/ultimate-detox-60-gelules\/","url":"https:\/\/www.foodie.nl\/fr\/produit\/ultimate-detox-60-gelules\/","name":"Ultimate Detox - Foodie","isPartOf":{"@id":"https:\/\/www.foodie.nl\/fr\/#website"},"primaryImageOfPage":{"@id":"https:\/\/www.foodie.nl\/fr\/produit\/ultimate-detox-60-gelules\/#primaryimage"},"image":{"@id":"https:\/\/www.foodie.nl\/fr\/produit\/ultimate-detox-60-gelules\/#primaryimage"},"thumbnailUrl":"https:\/\/www.foodie.nl\/app\/uploads\/2025\/02\/37.png","datePublished":"2021-01-05T16:21:45+00:00","dateModified":"2025-08-26T11:46:10+00:00","description":"Ultimate Detox contient un m\u00e9lange sp\u00e9cialement formul\u00e9 de 7 extraits puissants et de min\u00e9raux. L\u2019extrait de chardon-Marie aide \u00e0 l\u2019\u00e9limination des toxines, tandis que les extraits de pissenlit et d\u2019artichaut sont traditionnellement utilis\u00e9s pour le bon fonctionnement du foie et de la v\u00e9sicule biliaire. La curcumine soutient non seulement la sant\u00e9 du foie, mais favorise \u00e9galement une digestion saine.* Gr\u00e2ce \u00e0 la choline, le m\u00e9tabolisme normal des graisses est favoris\u00e9. Le zinc et le cuivre renforcent l\u2019organisme contre le stress oxydatif, avec un soutien suppl\u00e9mentaire du zinc pour le syst\u00e8me immunitaire. Choisissez le meilleur soutien pour votre foie avec Ultimate Detox.* Un emballage d\u2019Ultimate Detox contient 60 capsules","breadcrumb":{"@id":"https:\/\/www.foodie.nl\/fr\/produit\/ultimate-detox-60-gelules\/#breadcrumb"},"inLanguage":"fr-FR","potentialAction":[{"@type":"ReadAction","target":["https:\/\/www.foodie.nl\/fr\/produit\/ultimate-detox-60-gelules\/"]}]},{"@type":"ImageObject","inLanguage":"fr-FR","@id":"https:\/\/www.foodie.nl\/fr\/produit\/ultimate-detox-60-gelules\/#primaryimage","url":"https:\/\/www.foodie.nl\/app\/uploads\/2025\/02\/37.png","contentUrl":"https:\/\/www.foodie.nl\/app\/uploads\/2025\/02\/37.png","width":800,"height":800},{"@type":"BreadcrumbList","@id":"https:\/\/www.foodie.nl\/fr\/produit\/ultimate-detox-60-gelules\/#breadcrumb","itemListElement":[{"@type":"ListItem","position":1,"name":"Home","item":"https:\/\/www.foodie.nl\/fr\/"},{"@type":"ListItem","position":2,"name":"Produits","item":"https:\/\/www.foodie.nl\/fr\/shop\/"},{"@type":"ListItem","position":3,"name":"Ultimate Detox"}]},{"@type":"WebSite","@id":"https:\/\/www.foodie.nl\/fr\/#website","url":"https:\/\/www.foodie.nl\/fr\/","name":"Foodie","description":"Elke Hap Telt","publisher":{"@id":"https:\/\/www.foodie.nl\/fr\/#organization"},"potentialAction":[{"@type":"SearchAction","target":{"@type":"EntryPoint","urlTemplate":"https:\/\/www.foodie.nl\/fr\/?s={search_term_string}"},"query-input":{"@type":"PropertyValueSpecification","valueRequired":true,"valueName":"search_term_string"}}],"inLanguage":"fr-FR"},{"@type":"Organization","@id":"https:\/\/www.foodie.nl\/fr\/#organization","name":"Foodie","url":"https:\/\/www.foodie.nl\/fr\/","logo":{"@type":"ImageObject","inLanguage":"fr-FR","@id":"https:\/\/www.foodie.nl\/fr\/#\/schema\/logo\/image\/","url":"https:\/\/www.foodie.nl\/app\/uploads\/2025\/01\/logo-foodie-wide@2x.png","contentUrl":"https:\/\/www.foodie.nl\/app\/uploads\/2025\/01\/logo-foodie-wide@2x.png","width":236,"height":128,"caption":"Foodie"},"image":{"@id":"https:\/\/www.foodie.nl\/fr\/#\/schema\/logo\/image\/"}}]}},"_links":{"self":[{"href":"https:\/\/www.foodie.nl\/fr\/wp-json\/wp\/v2\/product\/1125355","targetHints":{"allow":["GET"]}}],"collection":[{"href":"https:\/\/www.foodie.nl\/fr\/wp-json\/wp\/v2\/product"}],"about":[{"href":"https:\/\/www.foodie.nl\/fr\/wp-json\/wp\/v2\/types\/product"}],"wp:featuredmedia":[{"embeddable":true,"href":"https:\/\/www.foodie.nl\/fr\/wp-json\/wp\/v2\/media\/1117987"}],"wp:attachment":[{"href":"https:\/\/www.foodie.nl\/fr\/wp-json\/wp\/v2\/media?parent=1125355"}],"wp:term":[{"taxonomy":"product_brand","embeddable":true,"href":"https:\/\/www.foodie.nl\/fr\/wp-json\/wp\/v2\/product_brand?post=1125355"},{"taxonomy":"product_cat","embeddable":true,"href":"https:\/\/www.foodie.nl\/fr\/wp-json\/wp\/v2\/product_cat?post=1125355"},{"taxonomy":"product_tag","embeddable":true,"href":"https:\/\/www.foodie.nl\/fr\/wp-json\/wp\/v2\/product_tag?post=1125355"}],"curies":[{"name":"wp","href":"https:\/\/api.w.org\/{rel}","templated":true}]}}