{"id":1125383,"date":"2017-12-22T05:38:08","date_gmt":"2017-12-22T04:38:08","guid":{"rendered":"https:\/\/www.foodie.nl\/product\/6x-ultimate-probiotics\/"},"modified":"2025-08-26T11:59:16","modified_gmt":"2025-08-26T09:59:16","slug":"6x-ultimate-probiotics","status":"publish","type":"product","link":"https:\/\/www.foodie.nl\/fr\/produit\/6x-ultimate-probiotics\/","title":{"rendered":"6x Ultimate Probiotics"},"content":{"rendered":"<p><strong>Valeur nutritionnelle moyenne par g\u00e9lule:<\/strong><\/p>\n<ul>\n<li>Bacillus Subtilus DE111\u00ae: 36 milliard <em>d&rsquo;organismes viables (CFU)<\/em><\/li>\n<li>Bacillus Coagulans Lactospore\u00ae: 1,3 milliard <em>d&rsquo;organismes viables (CFU)<\/em><\/li>\n<li>Lactobacillus Acidophilus A14: 250 millions <em>d&rsquo;organismes viables (CFU)<\/em><\/li>\n<li>Bifidobacterium Lactis BL04: 250 millions <em>d&rsquo;organismes viables (CFU)<\/em><\/li>\n<li>Bifidobacterium Longum BL05: 250 millions <em>d&rsquo;organismes viables (CFU)<\/em><\/li>\n<li>Lactobacillus Rhamnosus LR32: 250 millions <em>d&rsquo;organismes viables (CFU)<\/em><\/li>\n<li>Lactobacillus Salivarius LS33: 250 millions <em>d&rsquo;organismes viables (CFU)<\/em><\/li>\n<li>Lactobacillus Casei LC11: 250 millions <em>d&rsquo;organismes viables (CFU)<\/em><\/li>\n<li>Bifidobacterium Breve BB03: 250 millions <em>d&rsquo;organismes viables (CFU)<\/em><\/li>\n<li>Lactobacillus Plantarum LP115: 250 millions <em>d&rsquo;organismes viables (CFU)<\/em><\/li>\n<\/ul>\n<p>*<em>39,3 milliards d&rsquo;organismes viables (CFU) au moment de la production<\/em><strong>:<\/strong> Cellulose (DRCaps\u00ae), dextrine de riz et triglyc\u00e9rides \u00e0 cha\u00eene moyenne (TCM).<\/p>\n<p><strong>Ingr\u00e9dients<\/strong>: toutes les souches probiotiques mentionn\u00e9es ci-dessus, cellulose (DRCaps\u00ae), dextrine de riz, TCM (triglyc\u00e9rides \u00e0 cha\u00eene moyenne).<\/p>\n<p><strong>Posologie<\/strong>: Prenez 1 capsule par jour pendant un repas.<\/p>\n<p><strong>Conservation<\/strong>: Conserver dans un endroit frais et sec, dans un emballage bien ferm\u00e9.<\/p>\n<p><strong>Allerg\u00e8nes<\/strong>: Ce produit ne contient pas d&rsquo;allerg\u00e8nes.<\/p>\n<p><strong>Avertissment<\/strong>: Ce produit n&rsquo;est pas un m\u00e9dicament et n&rsquo;est pas destin\u00e9 \u00e0 diagnostiquer, pr\u00e9venir, traiter ou gu\u00e9rir une maladie ou une affection. Un compl\u00e9ment alimentaire ne doit pas \u00eatre utilis\u00e9 comme substitut \u00e0 une alimentation vari\u00e9e. Ne pas d\u00e9passer la dose quotidienne recommand\u00e9e. Garder hors de port\u00e9e des enfants.<\/p>\n","protected":false},"excerpt":{"rendered":"<p><strong>Ultimate Probiotics<\/strong> est une formule probiotique puissante avec 10 souches probiotiques sp\u00e9cialement s\u00e9lectionn\u00e9es pour vous aider \u00e0 maintenir une flore intestinale saine. Ces 10 souches uniques, dont le B. subtilis DE111\u00ae brevet\u00e9 et le B. coagulans Lactospore\u00ae brevet\u00e9, sont r\u00e9unies dans une formule que vous pouvez prendre quotidiennement gr\u00e2ce \u00e0 une capsule brevet\u00e9e et facile \u00e0 avaler (DRCaps\u00ae).<\/p>\n<p>Les probiotiques sont des micro-organismes vivants qui, lorsqu&rsquo;ils sont consomm\u00e9s en quantit\u00e9s suffisantes, ont des effets b\u00e9n\u00e9fiques sur votre sant\u00e9. Ils jouent un r\u00f4le crucial dans le soutien d&rsquo;une flore intestinale saine, essentielle \u00e0 un syst\u00e8me immunitaire performant et \u00e0 une digestion efficace.<\/p>\n<p>Les probiotiques aident \u00e0 maintenir l&rsquo;\u00e9quilibre entre les bonnes et les mauvaises bact\u00e9ries dans l&rsquo;intestin, ce qui est essentiel pour pr\u00e9venir les troubles gastro-intestinaux tels que la diarrh\u00e9e et le syndrome du c\u00f4lon irritable. De plus, ils peuvent aider \u00e0 r\u00e9duire l&rsquo;inflammation et \u00e0 renforcer la r\u00e9ponse immunitaire contre les infections.<\/p>\n<p>Des recherches scientifiques montrent \u00e9galement que les probiotiques peuvent jouer un r\u00f4le positif dans la gestion des allergies et des probl\u00e8mes de peau tels que l&rsquo;ecz\u00e9ma. Leurs avantages polyvalents font des probiotiques un ajout pr\u00e9cieux \u00e0 une alimentation saine.<\/p>\n","protected":false},"featured_media":1184192,"template":"","meta":{"_acf_changed":false,"om_disable_all_campaigns":false},"product_brand":[],"product_cat":[181,184,183,182,178,196],"product_tag":[],"class_list":{"0":"post-1125383","1":"product","2":"type-product","3":"status-publish","4":"has-post-thumbnail","6":"product_cat-bestsellers-fr","7":"product_cat-bestsellers-fr-2","8":"product_cat-complements-alimentaires","9":"product_cat-non-promo-fr","10":"product_cat-offre-reguliere","11":"product_cat-ultimate-probiotics","12":"sales-flash-overlay","13":"woocommerce-text-align-center","14":"woocommerce-image-align-center","15":"do-quantity-buttons","17":"first","18":"instock","19":"sale","20":"taxable","21":"shipping-taxable","22":"purchasable","23":"product-type-simple"},"acf":[],"yoast_head":"<!-- This site is optimized with the Yoast SEO plugin v27.2 - https:\/\/yoast.com\/product\/yoast-seo-wordpress\/ -->\n<title>6x Ultimate Probiotics - Foodie<\/title>\n<meta name=\"description\" content=\"Ultimate Probiotics est une formule probiotique puissante avec 10 souches probiotiques sp\u00e9cialement s\u00e9lectionn\u00e9es pour vous aider \u00e0 maintenir une flore intestinale saine. Ces 10 souches uniques, dont le B. subtilis DE111\u00ae brevet\u00e9 et le B. coagulans Lactospore\u00ae brevet\u00e9, sont r\u00e9unies dans une formule que vous pouvez prendre quotidiennement gr\u00e2ce \u00e0 une capsule brevet\u00e9e et facile \u00e0 avaler (DRCaps\u00ae).  Les probiotiques sont des micro-organismes vivants qui, lorsqu&#039;ils sont consomm\u00e9s en quantit\u00e9s suffisantes, ont des effets b\u00e9n\u00e9fiques sur votre sant\u00e9. Ils jouent un r\u00f4le crucial dans le soutien d&#039;une flore intestinale saine, essentielle \u00e0 un syst\u00e8me immunitaire performant et \u00e0 une digestion efficace.  Les probiotiques aident \u00e0 maintenir l&#039;\u00e9quilibre entre les bonnes et les mauvaises bact\u00e9ries dans l&#039;intestin, ce qui est essentiel pour pr\u00e9venir les troubles gastro-intestinaux tels que la diarrh\u00e9e et le syndrome du c\u00f4lon irritable. De plus, ils peuvent aider \u00e0 r\u00e9duire l&#039;inflammation et \u00e0 renforcer la r\u00e9ponse immunitaire contre les infections.  Des recherches scientifiques montrent \u00e9galement que les probiotiques peuvent jouer un r\u00f4le positif dans la gestion des allergies et des probl\u00e8mes de peau tels que l&#039;ecz\u00e9ma. Leurs avantages polyvalents font des probiotiques un ajout pr\u00e9cieux \u00e0 une alimentation saine.\" \/>\n<meta name=\"robots\" content=\"index, follow, max-snippet:-1, max-image-preview:large, max-video-preview:-1\" \/>\n<link rel=\"canonical\" href=\"https:\/\/www.foodie.nl\/fr\/produit\/6x-ultimate-probiotics\/\" \/>\n<meta property=\"og:locale\" content=\"fr_FR\" \/>\n<meta property=\"og:type\" content=\"article\" \/>\n<meta property=\"og:title\" content=\"6x Ultimate Probiotics - Foodie\" \/>\n<meta property=\"og:description\" content=\"Ultimate Probiotics est une formule probiotique puissante avec 10 souches probiotiques sp\u00e9cialement s\u00e9lectionn\u00e9es pour vous aider \u00e0 maintenir une flore intestinale saine. Ces 10 souches uniques, dont le B. subtilis DE111\u00ae brevet\u00e9 et le B. coagulans Lactospore\u00ae brevet\u00e9, sont r\u00e9unies dans une formule que vous pouvez prendre quotidiennement gr\u00e2ce \u00e0 une capsule brevet\u00e9e et facile \u00e0 avaler (DRCaps\u00ae).  Les probiotiques sont des micro-organismes vivants qui, lorsqu&#039;ils sont consomm\u00e9s en quantit\u00e9s suffisantes, ont des effets b\u00e9n\u00e9fiques sur votre sant\u00e9. Ils jouent un r\u00f4le crucial dans le soutien d&#039;une flore intestinale saine, essentielle \u00e0 un syst\u00e8me immunitaire performant et \u00e0 une digestion efficace.  Les probiotiques aident \u00e0 maintenir l&#039;\u00e9quilibre entre les bonnes et les mauvaises bact\u00e9ries dans l&#039;intestin, ce qui est essentiel pour pr\u00e9venir les troubles gastro-intestinaux tels que la diarrh\u00e9e et le syndrome du c\u00f4lon irritable. De plus, ils peuvent aider \u00e0 r\u00e9duire l&#039;inflammation et \u00e0 renforcer la r\u00e9ponse immunitaire contre les infections.  Des recherches scientifiques montrent \u00e9galement que les probiotiques peuvent jouer un r\u00f4le positif dans la gestion des allergies et des probl\u00e8mes de peau tels que l&#039;ecz\u00e9ma. Leurs avantages polyvalents font des probiotiques un ajout pr\u00e9cieux \u00e0 une alimentation saine.\" \/>\n<meta property=\"og:url\" content=\"https:\/\/www.foodie.nl\/fr\/produit\/6x-ultimate-probiotics\/\" \/>\n<meta property=\"og:site_name\" content=\"Foodie\" \/>\n<meta property=\"article:modified_time\" content=\"2025-08-26T09:59:16+00:00\" \/>\n<meta property=\"og:image\" content=\"https:\/\/www.foodie.nl\/app\/uploads\/2026\/01\/Ultimate-Probiotics-6-pack-1024x1024.png\" \/>\n\t<meta property=\"og:image:width\" content=\"1024\" \/>\n\t<meta property=\"og:image:height\" content=\"1024\" \/>\n\t<meta property=\"og:image:type\" content=\"image\/png\" \/>\n<meta name=\"twitter:card\" content=\"summary_large_image\" \/>\n<meta name=\"twitter:label1\" content=\"Dur\u00e9e de lecture estim\u00e9e\" \/>\n\t<meta name=\"twitter:data1\" content=\"2 minutes\" \/>\n<script type=\"application\/ld+json\" class=\"yoast-schema-graph\">{\"@context\":\"https:\/\/schema.org\",\"@graph\":[{\"@type\":\"WebPage\",\"@id\":\"https:\/\/www.foodie.nl\/fr\/produit\/6x-ultimate-probiotics\/\",\"url\":\"https:\/\/www.foodie.nl\/fr\/produit\/6x-ultimate-probiotics\/\",\"name\":\"6x Ultimate Probiotics - Foodie\",\"isPartOf\":{\"@id\":\"https:\/\/www.foodie.nl\/fr\/#website\"},\"primaryImageOfPage\":{\"@id\":\"https:\/\/www.foodie.nl\/fr\/produit\/6x-ultimate-probiotics\/#primaryimage\"},\"image\":{\"@id\":\"https:\/\/www.foodie.nl\/fr\/produit\/6x-ultimate-probiotics\/#primaryimage\"},\"thumbnailUrl\":\"https:\/\/www.foodie.nl\/app\/uploads\/2026\/01\/Ultimate-Probiotics-6-pack.png\",\"datePublished\":\"2017-12-22T04:38:08+00:00\",\"dateModified\":\"2025-08-26T09:59:16+00:00\",\"description\":\"Ultimate Probiotics est une formule probiotique puissante avec 10 souches probiotiques sp\u00e9cialement s\u00e9lectionn\u00e9es pour vous aider \u00e0 maintenir une flore intestinale saine. Ces 10 souches uniques, dont le B. subtilis DE111\u00ae brevet\u00e9 et le B. coagulans Lactospore\u00ae brevet\u00e9, sont r\u00e9unies dans une formule que vous pouvez prendre quotidiennement gr\u00e2ce \u00e0 une capsule brevet\u00e9e et facile \u00e0 avaler (DRCaps\u00ae). Les probiotiques sont des micro-organismes vivants qui, lorsqu'ils sont consomm\u00e9s en quantit\u00e9s suffisantes, ont des effets b\u00e9n\u00e9fiques sur votre sant\u00e9. Ils jouent un r\u00f4le crucial dans le soutien d'une flore intestinale saine, essentielle \u00e0 un syst\u00e8me immunitaire performant et \u00e0 une digestion efficace. Les probiotiques aident \u00e0 maintenir l'\u00e9quilibre entre les bonnes et les mauvaises bact\u00e9ries dans l'intestin, ce qui est essentiel pour pr\u00e9venir les troubles gastro-intestinaux tels que la diarrh\u00e9e et le syndrome du c\u00f4lon irritable. De plus, ils peuvent aider \u00e0 r\u00e9duire l'inflammation et \u00e0 renforcer la r\u00e9ponse immunitaire contre les infections. Des recherches scientifiques montrent \u00e9galement que les probiotiques peuvent jouer un r\u00f4le positif dans la gestion des allergies et des probl\u00e8mes de peau tels que l'ecz\u00e9ma. Leurs avantages polyvalents font des probiotiques un ajout pr\u00e9cieux \u00e0 une alimentation saine.\",\"breadcrumb\":{\"@id\":\"https:\/\/www.foodie.nl\/fr\/produit\/6x-ultimate-probiotics\/#breadcrumb\"},\"inLanguage\":\"fr-FR\",\"potentialAction\":[{\"@type\":\"ReadAction\",\"target\":[\"https:\/\/www.foodie.nl\/fr\/produit\/6x-ultimate-probiotics\/\"]}]},{\"@type\":\"ImageObject\",\"inLanguage\":\"fr-FR\",\"@id\":\"https:\/\/www.foodie.nl\/fr\/produit\/6x-ultimate-probiotics\/#primaryimage\",\"url\":\"https:\/\/www.foodie.nl\/app\/uploads\/2026\/01\/Ultimate-Probiotics-6-pack.png\",\"contentUrl\":\"https:\/\/www.foodie.nl\/app\/uploads\/2026\/01\/Ultimate-Probiotics-6-pack.png\",\"width\":2500,\"height\":2500},{\"@type\":\"BreadcrumbList\",\"@id\":\"https:\/\/www.foodie.nl\/fr\/produit\/6x-ultimate-probiotics\/#breadcrumb\",\"itemListElement\":[{\"@type\":\"ListItem\",\"position\":1,\"name\":\"Home\",\"item\":\"https:\/\/www.foodie.nl\/fr\/\"},{\"@type\":\"ListItem\",\"position\":2,\"name\":\"Produits\",\"item\":\"https:\/\/www.foodie.nl\/fr\/shop\/\"},{\"@type\":\"ListItem\",\"position\":3,\"name\":\"6x Ultimate Probiotics\"}]},{\"@type\":\"WebSite\",\"@id\":\"https:\/\/www.foodie.nl\/fr\/#website\",\"url\":\"https:\/\/www.foodie.nl\/fr\/\",\"name\":\"Foodie\",\"description\":\"Elke Hap Telt\",\"publisher\":{\"@id\":\"https:\/\/www.foodie.nl\/fr\/#organization\"},\"potentialAction\":[{\"@type\":\"SearchAction\",\"target\":{\"@type\":\"EntryPoint\",\"urlTemplate\":\"https:\/\/www.foodie.nl\/fr\/?s={search_term_string}\"},\"query-input\":{\"@type\":\"PropertyValueSpecification\",\"valueRequired\":true,\"valueName\":\"search_term_string\"}}],\"inLanguage\":\"fr-FR\"},{\"@type\":\"Organization\",\"@id\":\"https:\/\/www.foodie.nl\/fr\/#organization\",\"name\":\"Foodie\",\"url\":\"https:\/\/www.foodie.nl\/fr\/\",\"logo\":{\"@type\":\"ImageObject\",\"inLanguage\":\"fr-FR\",\"@id\":\"https:\/\/www.foodie.nl\/fr\/#\/schema\/logo\/image\/\",\"url\":\"https:\/\/www.foodie.nl\/app\/uploads\/2025\/01\/logo-foodie-wide@2x.png\",\"contentUrl\":\"https:\/\/www.foodie.nl\/app\/uploads\/2025\/01\/logo-foodie-wide@2x.png\",\"width\":236,\"height\":128,\"caption\":\"Foodie\"},\"image\":{\"@id\":\"https:\/\/www.foodie.nl\/fr\/#\/schema\/logo\/image\/\"}}]}<\/script>\n<!-- \/ Yoast SEO plugin. -->","yoast_head_json":{"title":"6x Ultimate Probiotics - Foodie","description":"Ultimate Probiotics est une formule probiotique puissante avec 10 souches probiotiques sp\u00e9cialement s\u00e9lectionn\u00e9es pour vous aider \u00e0 maintenir une flore intestinale saine. Ces 10 souches uniques, dont le B. subtilis DE111\u00ae brevet\u00e9 et le B. coagulans Lactospore\u00ae brevet\u00e9, sont r\u00e9unies dans une formule que vous pouvez prendre quotidiennement gr\u00e2ce \u00e0 une capsule brevet\u00e9e et facile \u00e0 avaler (DRCaps\u00ae).  Les probiotiques sont des micro-organismes vivants qui, lorsqu'ils sont consomm\u00e9s en quantit\u00e9s suffisantes, ont des effets b\u00e9n\u00e9fiques sur votre sant\u00e9. Ils jouent un r\u00f4le crucial dans le soutien d'une flore intestinale saine, essentielle \u00e0 un syst\u00e8me immunitaire performant et \u00e0 une digestion efficace.  Les probiotiques aident \u00e0 maintenir l'\u00e9quilibre entre les bonnes et les mauvaises bact\u00e9ries dans l'intestin, ce qui est essentiel pour pr\u00e9venir les troubles gastro-intestinaux tels que la diarrh\u00e9e et le syndrome du c\u00f4lon irritable. De plus, ils peuvent aider \u00e0 r\u00e9duire l'inflammation et \u00e0 renforcer la r\u00e9ponse immunitaire contre les infections.  Des recherches scientifiques montrent \u00e9galement que les probiotiques peuvent jouer un r\u00f4le positif dans la gestion des allergies et des probl\u00e8mes de peau tels que l'ecz\u00e9ma. Leurs avantages polyvalents font des probiotiques un ajout pr\u00e9cieux \u00e0 une alimentation saine.","robots":{"index":"index","follow":"follow","max-snippet":"max-snippet:-1","max-image-preview":"max-image-preview:large","max-video-preview":"max-video-preview:-1"},"canonical":"https:\/\/www.foodie.nl\/fr\/produit\/6x-ultimate-probiotics\/","og_locale":"fr_FR","og_type":"article","og_title":"6x Ultimate Probiotics - Foodie","og_description":"Ultimate Probiotics est une formule probiotique puissante avec 10 souches probiotiques sp\u00e9cialement s\u00e9lectionn\u00e9es pour vous aider \u00e0 maintenir une flore intestinale saine. Ces 10 souches uniques, dont le B. subtilis DE111\u00ae brevet\u00e9 et le B. coagulans Lactospore\u00ae brevet\u00e9, sont r\u00e9unies dans une formule que vous pouvez prendre quotidiennement gr\u00e2ce \u00e0 une capsule brevet\u00e9e et facile \u00e0 avaler (DRCaps\u00ae).  Les probiotiques sont des micro-organismes vivants qui, lorsqu'ils sont consomm\u00e9s en quantit\u00e9s suffisantes, ont des effets b\u00e9n\u00e9fiques sur votre sant\u00e9. Ils jouent un r\u00f4le crucial dans le soutien d'une flore intestinale saine, essentielle \u00e0 un syst\u00e8me immunitaire performant et \u00e0 une digestion efficace.  Les probiotiques aident \u00e0 maintenir l'\u00e9quilibre entre les bonnes et les mauvaises bact\u00e9ries dans l'intestin, ce qui est essentiel pour pr\u00e9venir les troubles gastro-intestinaux tels que la diarrh\u00e9e et le syndrome du c\u00f4lon irritable. De plus, ils peuvent aider \u00e0 r\u00e9duire l'inflammation et \u00e0 renforcer la r\u00e9ponse immunitaire contre les infections.  Des recherches scientifiques montrent \u00e9galement que les probiotiques peuvent jouer un r\u00f4le positif dans la gestion des allergies et des probl\u00e8mes de peau tels que l'ecz\u00e9ma. Leurs avantages polyvalents font des probiotiques un ajout pr\u00e9cieux \u00e0 une alimentation saine.","og_url":"https:\/\/www.foodie.nl\/fr\/produit\/6x-ultimate-probiotics\/","og_site_name":"Foodie","article_modified_time":"2025-08-26T09:59:16+00:00","og_image":[{"width":1024,"height":1024,"url":"https:\/\/www.foodie.nl\/app\/uploads\/2026\/01\/Ultimate-Probiotics-6-pack-1024x1024.png","type":"image\/png"}],"twitter_card":"summary_large_image","twitter_misc":{"Dur\u00e9e de lecture estim\u00e9e":"2 minutes"},"schema":{"@context":"https:\/\/schema.org","@graph":[{"@type":"WebPage","@id":"https:\/\/www.foodie.nl\/fr\/produit\/6x-ultimate-probiotics\/","url":"https:\/\/www.foodie.nl\/fr\/produit\/6x-ultimate-probiotics\/","name":"6x Ultimate Probiotics - Foodie","isPartOf":{"@id":"https:\/\/www.foodie.nl\/fr\/#website"},"primaryImageOfPage":{"@id":"https:\/\/www.foodie.nl\/fr\/produit\/6x-ultimate-probiotics\/#primaryimage"},"image":{"@id":"https:\/\/www.foodie.nl\/fr\/produit\/6x-ultimate-probiotics\/#primaryimage"},"thumbnailUrl":"https:\/\/www.foodie.nl\/app\/uploads\/2026\/01\/Ultimate-Probiotics-6-pack.png","datePublished":"2017-12-22T04:38:08+00:00","dateModified":"2025-08-26T09:59:16+00:00","description":"Ultimate Probiotics est une formule probiotique puissante avec 10 souches probiotiques sp\u00e9cialement s\u00e9lectionn\u00e9es pour vous aider \u00e0 maintenir une flore intestinale saine. Ces 10 souches uniques, dont le B. subtilis DE111\u00ae brevet\u00e9 et le B. coagulans Lactospore\u00ae brevet\u00e9, sont r\u00e9unies dans une formule que vous pouvez prendre quotidiennement gr\u00e2ce \u00e0 une capsule brevet\u00e9e et facile \u00e0 avaler (DRCaps\u00ae). Les probiotiques sont des micro-organismes vivants qui, lorsqu'ils sont consomm\u00e9s en quantit\u00e9s suffisantes, ont des effets b\u00e9n\u00e9fiques sur votre sant\u00e9. Ils jouent un r\u00f4le crucial dans le soutien d'une flore intestinale saine, essentielle \u00e0 un syst\u00e8me immunitaire performant et \u00e0 une digestion efficace. Les probiotiques aident \u00e0 maintenir l'\u00e9quilibre entre les bonnes et les mauvaises bact\u00e9ries dans l'intestin, ce qui est essentiel pour pr\u00e9venir les troubles gastro-intestinaux tels que la diarrh\u00e9e et le syndrome du c\u00f4lon irritable. De plus, ils peuvent aider \u00e0 r\u00e9duire l'inflammation et \u00e0 renforcer la r\u00e9ponse immunitaire contre les infections. Des recherches scientifiques montrent \u00e9galement que les probiotiques peuvent jouer un r\u00f4le positif dans la gestion des allergies et des probl\u00e8mes de peau tels que l'ecz\u00e9ma. Leurs avantages polyvalents font des probiotiques un ajout pr\u00e9cieux \u00e0 une alimentation saine.","breadcrumb":{"@id":"https:\/\/www.foodie.nl\/fr\/produit\/6x-ultimate-probiotics\/#breadcrumb"},"inLanguage":"fr-FR","potentialAction":[{"@type":"ReadAction","target":["https:\/\/www.foodie.nl\/fr\/produit\/6x-ultimate-probiotics\/"]}]},{"@type":"ImageObject","inLanguage":"fr-FR","@id":"https:\/\/www.foodie.nl\/fr\/produit\/6x-ultimate-probiotics\/#primaryimage","url":"https:\/\/www.foodie.nl\/app\/uploads\/2026\/01\/Ultimate-Probiotics-6-pack.png","contentUrl":"https:\/\/www.foodie.nl\/app\/uploads\/2026\/01\/Ultimate-Probiotics-6-pack.png","width":2500,"height":2500},{"@type":"BreadcrumbList","@id":"https:\/\/www.foodie.nl\/fr\/produit\/6x-ultimate-probiotics\/#breadcrumb","itemListElement":[{"@type":"ListItem","position":1,"name":"Home","item":"https:\/\/www.foodie.nl\/fr\/"},{"@type":"ListItem","position":2,"name":"Produits","item":"https:\/\/www.foodie.nl\/fr\/shop\/"},{"@type":"ListItem","position":3,"name":"6x Ultimate Probiotics"}]},{"@type":"WebSite","@id":"https:\/\/www.foodie.nl\/fr\/#website","url":"https:\/\/www.foodie.nl\/fr\/","name":"Foodie","description":"Elke Hap Telt","publisher":{"@id":"https:\/\/www.foodie.nl\/fr\/#organization"},"potentialAction":[{"@type":"SearchAction","target":{"@type":"EntryPoint","urlTemplate":"https:\/\/www.foodie.nl\/fr\/?s={search_term_string}"},"query-input":{"@type":"PropertyValueSpecification","valueRequired":true,"valueName":"search_term_string"}}],"inLanguage":"fr-FR"},{"@type":"Organization","@id":"https:\/\/www.foodie.nl\/fr\/#organization","name":"Foodie","url":"https:\/\/www.foodie.nl\/fr\/","logo":{"@type":"ImageObject","inLanguage":"fr-FR","@id":"https:\/\/www.foodie.nl\/fr\/#\/schema\/logo\/image\/","url":"https:\/\/www.foodie.nl\/app\/uploads\/2025\/01\/logo-foodie-wide@2x.png","contentUrl":"https:\/\/www.foodie.nl\/app\/uploads\/2025\/01\/logo-foodie-wide@2x.png","width":236,"height":128,"caption":"Foodie"},"image":{"@id":"https:\/\/www.foodie.nl\/fr\/#\/schema\/logo\/image\/"}}]}},"_links":{"self":[{"href":"https:\/\/www.foodie.nl\/fr\/wp-json\/wp\/v2\/product\/1125383","targetHints":{"allow":["GET"]}}],"collection":[{"href":"https:\/\/www.foodie.nl\/fr\/wp-json\/wp\/v2\/product"}],"about":[{"href":"https:\/\/www.foodie.nl\/fr\/wp-json\/wp\/v2\/types\/product"}],"wp:featuredmedia":[{"embeddable":true,"href":"https:\/\/www.foodie.nl\/fr\/wp-json\/wp\/v2\/media\/1184192"}],"wp:attachment":[{"href":"https:\/\/www.foodie.nl\/fr\/wp-json\/wp\/v2\/media?parent=1125383"}],"wp:term":[{"taxonomy":"product_brand","embeddable":true,"href":"https:\/\/www.foodie.nl\/fr\/wp-json\/wp\/v2\/product_brand?post=1125383"},{"taxonomy":"product_cat","embeddable":true,"href":"https:\/\/www.foodie.nl\/fr\/wp-json\/wp\/v2\/product_cat?post=1125383"},{"taxonomy":"product_tag","embeddable":true,"href":"https:\/\/www.foodie.nl\/fr\/wp-json\/wp\/v2\/product_tag?post=1125383"}],"curies":[{"name":"wp","href":"https:\/\/api.w.org\/{rel}","templated":true}]}}