{"id":1125389,"date":"2024-05-03T13:06:50","date_gmt":"2024-05-03T11:06:50","guid":{"rendered":"https:\/\/www.foodie.nl\/product\/3x-complexe-de-vitamine-b-60-gelules\/"},"modified":"2025-08-26T13:39:38","modified_gmt":"2025-08-26T11:39:38","slug":"3x-complexe-de-vitamine-b-60-gelules","status":"publish","type":"product","link":"https:\/\/www.foodie.nl\/fr\/produit\/3x-complexe-de-vitamine-b-60-gelules\/","title":{"rendered":"3x Vitamine B Complex"},"content":{"rendered":"<p><strong>Valeur nutritionnelle moyenne par g\u00e9lule :<\/strong><\/p>\n<ul>\n<li>Thiamine HCl (B1) : 50 mg<\/li>\n<li>Riboflavine-5&prime;-phosphate (B2) : 30 mg<\/li>\n<li>Nicotinamide (B3) : 50 mg<\/li>\n<li>Acide pantoth\u00e9nique (B5) : 100 mg<\/li>\n<li>Pyridoxal-5-phosphate (B6) : 10 mg<\/li>\n<li>Biotine (B8) : 500 mcg<\/li>\n<li>5-MTHF Quatrefolic\u00ae (B9) : 250 mcg<\/li>\n<li>M\u00e9thylcobalamine (B12) : 250 mcg<\/li>\n<li>Choline (bitartrate) : 100 mg<\/li>\n<li>L-Taurine : 50 mg<\/li>\n<li>Inositol : 50 mg<\/li>\n<li>PABA (acide para-aminobenzo\u00efque) : 50 mg<\/li>\n<\/ul>\n<p><strong>Ingr\u00e9dients:<\/strong>\u00a0Toutes les vitamines B mentionn\u00e9es ci-dessus, choline (bitartrate), L-taurine, inositol, PABA (acide para-aminobenzo\u00efque), agents anti-agglom\u00e9rants (st\u00e9arate de magn\u00e9sium, dioxyde de silicium), agent de charge (cellulose microcristalline E460i) et capsule HPMC 00 transparente.<\/p>\n<p><strong>Posologie:<\/strong>\u00a0Prenez 1 capsule par jour le matin avec le petit d\u00e9jeuner ou le d\u00e9jeuner.<\/p>\n<p><strong>Conservation:<\/strong>\u00a0Conserver dans un endroit frais et sec, bien ferm\u00e9.<\/p>\n<p><strong>Allerg\u00e8nes:<\/strong>\u00a0Ce produit ne contient aucun allerg\u00e8ne.<\/p>\n<p><strong>Avertissement:<\/strong>\u00a0Ce produit n&rsquo;est pas un m\u00e9dicament et n&rsquo;est pas destin\u00e9 \u00e0 diagnostiquer, pr\u00e9venir, traiter ou gu\u00e9rir une maladie. Un compl\u00e9ment alimentaire ne doit pas \u00eatre utilis\u00e9 comme substitut \u00e0 une alimentation vari\u00e9e. Ne pas d\u00e9passer la dose quotidienne recommand\u00e9e. Tenir hors de port\u00e9e des enfants.<\/p>\n","protected":false},"excerpt":{"rendered":"<p><strong>Vitamine B Complex<\/strong> vous offre une combinaison compl\u00e8te de toutes les huit vitamines B essentielles, compl\u00e9t\u00e9e par de la choline, de l&rsquo;inositol, du PABA et de la L-taurine pour soutenir l&rsquo;efficacit\u00e9 des vitamines B.<\/p>\n<p>Il contient les formes actives des vitamines B2, B6, B9 et B12 pour une absorption optimale sans conversion suppl\u00e9mentaire par le corps. Les capsules v\u00e9g\u00e9taliennes sont hautement dos\u00e9es pour une synergie efficace et contiennent le Quatrefolic\u00ae, une forme brevet\u00e9e de folate avec une excellente biodisponibilit\u00e9, importante pour la grossesse, la sant\u00e9 cardiaque et la sant\u00e9 mentale<\/p>\n<p>Ensemble, ces ingr\u00e9dients renforcent l&rsquo;efficacit\u00e9 des autres et offrent une approche compl\u00e8te pour soutenir la production d&rsquo;\u00e9nergie, la fonction c\u00e9r\u00e9brale et la vitalit\u00e9 g\u00e9n\u00e9rale.<\/p>\n<p><strong>Un emballage de de Vitamine B Complex contient 60 capsules<\/strong><\/p>\n","protected":false},"featured_media":1118678,"template":"","meta":{"_acf_changed":false,"om_disable_all_campaigns":false},"product_brand":[],"product_cat":[178,197],"product_tag":[],"class_list":{"0":"post-1125389","1":"product","2":"type-product","3":"status-publish","4":"has-post-thumbnail","6":"product_cat-offre-reguliere","7":"product_cat-vtamine-b-complex","8":"sales-flash-overlay","9":"woocommerce-text-align-center","10":"woocommerce-image-align-center","11":"do-quantity-buttons","13":"first","14":"instock","15":"sale","16":"taxable","17":"shipping-taxable","18":"purchasable","19":"product-type-simple"},"acf":[],"yoast_head":"<!-- This site is optimized with the Yoast SEO plugin v27.2 - https:\/\/yoast.com\/product\/yoast-seo-wordpress\/ -->\n<title>3x Vitamine B Complex - Foodie<\/title>\n<meta name=\"description\" content=\"Vitamine B Complex vous offre une combinaison compl\u00e8te de toutes les huit vitamines B essentielles, compl\u00e9t\u00e9e par de la choline, de l&#039;inositol, du PABA et de la L-taurine pour soutenir l&#039;efficacit\u00e9 des vitamines B.  Il contient les formes actives des vitamines B2, B6, B9 et B12 pour une absorption optimale sans conversion suppl\u00e9mentaire par le corps. Les capsules v\u00e9g\u00e9taliennes sont hautement dos\u00e9es pour une synergie efficace et contiennent le Quatrefolic\u00ae, une forme brevet\u00e9e de folate avec une excellente biodisponibilit\u00e9, importante pour la grossesse, la sant\u00e9 cardiaque et la sant\u00e9 mentale  Ensemble, ces ingr\u00e9dients renforcent l&#039;efficacit\u00e9 des autres et offrent une approche compl\u00e8te pour soutenir la production d&#039;\u00e9nergie, la fonction c\u00e9r\u00e9brale et la vitalit\u00e9 g\u00e9n\u00e9rale.  Un emballage de de Vitamine B Complex contient 60 capsules\" \/>\n<meta name=\"robots\" content=\"index, follow, max-snippet:-1, max-image-preview:large, max-video-preview:-1\" \/>\n<link rel=\"canonical\" href=\"https:\/\/www.foodie.nl\/fr\/produit\/3x-complexe-de-vitamine-b-60-gelules\/\" \/>\n<meta property=\"og:locale\" content=\"fr_FR\" \/>\n<meta property=\"og:type\" content=\"article\" \/>\n<meta property=\"og:title\" content=\"3x Vitamine B Complex - Foodie\" \/>\n<meta property=\"og:description\" content=\"Vitamine B Complex vous offre une combinaison compl\u00e8te de toutes les huit vitamines B essentielles, compl\u00e9t\u00e9e par de la choline, de l&#039;inositol, du PABA et de la L-taurine pour soutenir l&#039;efficacit\u00e9 des vitamines B.  Il contient les formes actives des vitamines B2, B6, B9 et B12 pour une absorption optimale sans conversion suppl\u00e9mentaire par le corps. Les capsules v\u00e9g\u00e9taliennes sont hautement dos\u00e9es pour une synergie efficace et contiennent le Quatrefolic\u00ae, une forme brevet\u00e9e de folate avec une excellente biodisponibilit\u00e9, importante pour la grossesse, la sant\u00e9 cardiaque et la sant\u00e9 mentale  Ensemble, ces ingr\u00e9dients renforcent l&#039;efficacit\u00e9 des autres et offrent une approche compl\u00e8te pour soutenir la production d&#039;\u00e9nergie, la fonction c\u00e9r\u00e9brale et la vitalit\u00e9 g\u00e9n\u00e9rale.  Un emballage de de Vitamine B Complex contient 60 capsules\" \/>\n<meta property=\"og:url\" content=\"https:\/\/www.foodie.nl\/fr\/produit\/3x-complexe-de-vitamine-b-60-gelules\/\" \/>\n<meta property=\"og:site_name\" content=\"Foodie\" \/>\n<meta property=\"article:modified_time\" content=\"2025-08-26T11:39:38+00:00\" \/>\n<meta property=\"og:image\" content=\"https:\/\/www.foodie.nl\/app\/uploads\/2025\/02\/44.png\" \/>\n\t<meta property=\"og:image:width\" content=\"800\" \/>\n\t<meta property=\"og:image:height\" content=\"800\" \/>\n\t<meta property=\"og:image:type\" content=\"image\/png\" \/>\n<meta name=\"twitter:card\" content=\"summary_large_image\" \/>\n<meta name=\"twitter:label1\" content=\"Dur\u00e9e de lecture estim\u00e9e\" \/>\n\t<meta name=\"twitter:data1\" content=\"2 minutes\" \/>\n<script type=\"application\/ld+json\" class=\"yoast-schema-graph\">{\"@context\":\"https:\/\/schema.org\",\"@graph\":[{\"@type\":\"WebPage\",\"@id\":\"https:\/\/www.foodie.nl\/fr\/produit\/3x-complexe-de-vitamine-b-60-gelules\/\",\"url\":\"https:\/\/www.foodie.nl\/fr\/produit\/3x-complexe-de-vitamine-b-60-gelules\/\",\"name\":\"3x Vitamine B Complex - Foodie\",\"isPartOf\":{\"@id\":\"https:\/\/www.foodie.nl\/fr\/#website\"},\"primaryImageOfPage\":{\"@id\":\"https:\/\/www.foodie.nl\/fr\/produit\/3x-complexe-de-vitamine-b-60-gelules\/#primaryimage\"},\"image\":{\"@id\":\"https:\/\/www.foodie.nl\/fr\/produit\/3x-complexe-de-vitamine-b-60-gelules\/#primaryimage\"},\"thumbnailUrl\":\"https:\/\/www.foodie.nl\/app\/uploads\/2025\/02\/44.png\",\"datePublished\":\"2024-05-03T11:06:50+00:00\",\"dateModified\":\"2025-08-26T11:39:38+00:00\",\"description\":\"Vitamine B Complex vous offre une combinaison compl\u00e8te de toutes les huit vitamines B essentielles, compl\u00e9t\u00e9e par de la choline, de l'inositol, du PABA et de la L-taurine pour soutenir l'efficacit\u00e9 des vitamines B. Il contient les formes actives des vitamines B2, B6, B9 et B12 pour une absorption optimale sans conversion suppl\u00e9mentaire par le corps. Les capsules v\u00e9g\u00e9taliennes sont hautement dos\u00e9es pour une synergie efficace et contiennent le Quatrefolic\u00ae, une forme brevet\u00e9e de folate avec une excellente biodisponibilit\u00e9, importante pour la grossesse, la sant\u00e9 cardiaque et la sant\u00e9 mentale Ensemble, ces ingr\u00e9dients renforcent l'efficacit\u00e9 des autres et offrent une approche compl\u00e8te pour soutenir la production d'\u00e9nergie, la fonction c\u00e9r\u00e9brale et la vitalit\u00e9 g\u00e9n\u00e9rale. Un emballage de de Vitamine B Complex contient 60 capsules\",\"breadcrumb\":{\"@id\":\"https:\/\/www.foodie.nl\/fr\/produit\/3x-complexe-de-vitamine-b-60-gelules\/#breadcrumb\"},\"inLanguage\":\"fr-FR\",\"potentialAction\":[{\"@type\":\"ReadAction\",\"target\":[\"https:\/\/www.foodie.nl\/fr\/produit\/3x-complexe-de-vitamine-b-60-gelules\/\"]}]},{\"@type\":\"ImageObject\",\"inLanguage\":\"fr-FR\",\"@id\":\"https:\/\/www.foodie.nl\/fr\/produit\/3x-complexe-de-vitamine-b-60-gelules\/#primaryimage\",\"url\":\"https:\/\/www.foodie.nl\/app\/uploads\/2025\/02\/44.png\",\"contentUrl\":\"https:\/\/www.foodie.nl\/app\/uploads\/2025\/02\/44.png\",\"width\":800,\"height\":800},{\"@type\":\"BreadcrumbList\",\"@id\":\"https:\/\/www.foodie.nl\/fr\/produit\/3x-complexe-de-vitamine-b-60-gelules\/#breadcrumb\",\"itemListElement\":[{\"@type\":\"ListItem\",\"position\":1,\"name\":\"Home\",\"item\":\"https:\/\/www.foodie.nl\/fr\/\"},{\"@type\":\"ListItem\",\"position\":2,\"name\":\"Produits\",\"item\":\"https:\/\/www.foodie.nl\/fr\/shop\/\"},{\"@type\":\"ListItem\",\"position\":3,\"name\":\"3x Vitamine B Complex\"}]},{\"@type\":\"WebSite\",\"@id\":\"https:\/\/www.foodie.nl\/fr\/#website\",\"url\":\"https:\/\/www.foodie.nl\/fr\/\",\"name\":\"Foodie\",\"description\":\"Elke Hap Telt\",\"publisher\":{\"@id\":\"https:\/\/www.foodie.nl\/fr\/#organization\"},\"potentialAction\":[{\"@type\":\"SearchAction\",\"target\":{\"@type\":\"EntryPoint\",\"urlTemplate\":\"https:\/\/www.foodie.nl\/fr\/?s={search_term_string}\"},\"query-input\":{\"@type\":\"PropertyValueSpecification\",\"valueRequired\":true,\"valueName\":\"search_term_string\"}}],\"inLanguage\":\"fr-FR\"},{\"@type\":\"Organization\",\"@id\":\"https:\/\/www.foodie.nl\/fr\/#organization\",\"name\":\"Foodie\",\"url\":\"https:\/\/www.foodie.nl\/fr\/\",\"logo\":{\"@type\":\"ImageObject\",\"inLanguage\":\"fr-FR\",\"@id\":\"https:\/\/www.foodie.nl\/fr\/#\/schema\/logo\/image\/\",\"url\":\"https:\/\/www.foodie.nl\/app\/uploads\/2025\/01\/logo-foodie-wide@2x.png\",\"contentUrl\":\"https:\/\/www.foodie.nl\/app\/uploads\/2025\/01\/logo-foodie-wide@2x.png\",\"width\":236,\"height\":128,\"caption\":\"Foodie\"},\"image\":{\"@id\":\"https:\/\/www.foodie.nl\/fr\/#\/schema\/logo\/image\/\"}}]}<\/script>\n<!-- \/ Yoast SEO plugin. -->","yoast_head_json":{"title":"3x Vitamine B Complex - Foodie","description":"Vitamine B Complex vous offre une combinaison compl\u00e8te de toutes les huit vitamines B essentielles, compl\u00e9t\u00e9e par de la choline, de l'inositol, du PABA et de la L-taurine pour soutenir l'efficacit\u00e9 des vitamines B.  Il contient les formes actives des vitamines B2, B6, B9 et B12 pour une absorption optimale sans conversion suppl\u00e9mentaire par le corps. Les capsules v\u00e9g\u00e9taliennes sont hautement dos\u00e9es pour une synergie efficace et contiennent le Quatrefolic\u00ae, une forme brevet\u00e9e de folate avec une excellente biodisponibilit\u00e9, importante pour la grossesse, la sant\u00e9 cardiaque et la sant\u00e9 mentale  Ensemble, ces ingr\u00e9dients renforcent l'efficacit\u00e9 des autres et offrent une approche compl\u00e8te pour soutenir la production d'\u00e9nergie, la fonction c\u00e9r\u00e9brale et la vitalit\u00e9 g\u00e9n\u00e9rale.  Un emballage de de Vitamine B Complex contient 60 capsules","robots":{"index":"index","follow":"follow","max-snippet":"max-snippet:-1","max-image-preview":"max-image-preview:large","max-video-preview":"max-video-preview:-1"},"canonical":"https:\/\/www.foodie.nl\/fr\/produit\/3x-complexe-de-vitamine-b-60-gelules\/","og_locale":"fr_FR","og_type":"article","og_title":"3x Vitamine B Complex - Foodie","og_description":"Vitamine B Complex vous offre une combinaison compl\u00e8te de toutes les huit vitamines B essentielles, compl\u00e9t\u00e9e par de la choline, de l'inositol, du PABA et de la L-taurine pour soutenir l'efficacit\u00e9 des vitamines B.  Il contient les formes actives des vitamines B2, B6, B9 et B12 pour une absorption optimale sans conversion suppl\u00e9mentaire par le corps. Les capsules v\u00e9g\u00e9taliennes sont hautement dos\u00e9es pour une synergie efficace et contiennent le Quatrefolic\u00ae, une forme brevet\u00e9e de folate avec une excellente biodisponibilit\u00e9, importante pour la grossesse, la sant\u00e9 cardiaque et la sant\u00e9 mentale  Ensemble, ces ingr\u00e9dients renforcent l'efficacit\u00e9 des autres et offrent une approche compl\u00e8te pour soutenir la production d'\u00e9nergie, la fonction c\u00e9r\u00e9brale et la vitalit\u00e9 g\u00e9n\u00e9rale.  Un emballage de de Vitamine B Complex contient 60 capsules","og_url":"https:\/\/www.foodie.nl\/fr\/produit\/3x-complexe-de-vitamine-b-60-gelules\/","og_site_name":"Foodie","article_modified_time":"2025-08-26T11:39:38+00:00","og_image":[{"width":800,"height":800,"url":"https:\/\/www.foodie.nl\/app\/uploads\/2025\/02\/44.png","type":"image\/png"}],"twitter_card":"summary_large_image","twitter_misc":{"Dur\u00e9e de lecture estim\u00e9e":"2 minutes"},"schema":{"@context":"https:\/\/schema.org","@graph":[{"@type":"WebPage","@id":"https:\/\/www.foodie.nl\/fr\/produit\/3x-complexe-de-vitamine-b-60-gelules\/","url":"https:\/\/www.foodie.nl\/fr\/produit\/3x-complexe-de-vitamine-b-60-gelules\/","name":"3x Vitamine B Complex - Foodie","isPartOf":{"@id":"https:\/\/www.foodie.nl\/fr\/#website"},"primaryImageOfPage":{"@id":"https:\/\/www.foodie.nl\/fr\/produit\/3x-complexe-de-vitamine-b-60-gelules\/#primaryimage"},"image":{"@id":"https:\/\/www.foodie.nl\/fr\/produit\/3x-complexe-de-vitamine-b-60-gelules\/#primaryimage"},"thumbnailUrl":"https:\/\/www.foodie.nl\/app\/uploads\/2025\/02\/44.png","datePublished":"2024-05-03T11:06:50+00:00","dateModified":"2025-08-26T11:39:38+00:00","description":"Vitamine B Complex vous offre une combinaison compl\u00e8te de toutes les huit vitamines B essentielles, compl\u00e9t\u00e9e par de la choline, de l'inositol, du PABA et de la L-taurine pour soutenir l'efficacit\u00e9 des vitamines B. Il contient les formes actives des vitamines B2, B6, B9 et B12 pour une absorption optimale sans conversion suppl\u00e9mentaire par le corps. Les capsules v\u00e9g\u00e9taliennes sont hautement dos\u00e9es pour une synergie efficace et contiennent le Quatrefolic\u00ae, une forme brevet\u00e9e de folate avec une excellente biodisponibilit\u00e9, importante pour la grossesse, la sant\u00e9 cardiaque et la sant\u00e9 mentale Ensemble, ces ingr\u00e9dients renforcent l'efficacit\u00e9 des autres et offrent une approche compl\u00e8te pour soutenir la production d'\u00e9nergie, la fonction c\u00e9r\u00e9brale et la vitalit\u00e9 g\u00e9n\u00e9rale. Un emballage de de Vitamine B Complex contient 60 capsules","breadcrumb":{"@id":"https:\/\/www.foodie.nl\/fr\/produit\/3x-complexe-de-vitamine-b-60-gelules\/#breadcrumb"},"inLanguage":"fr-FR","potentialAction":[{"@type":"ReadAction","target":["https:\/\/www.foodie.nl\/fr\/produit\/3x-complexe-de-vitamine-b-60-gelules\/"]}]},{"@type":"ImageObject","inLanguage":"fr-FR","@id":"https:\/\/www.foodie.nl\/fr\/produit\/3x-complexe-de-vitamine-b-60-gelules\/#primaryimage","url":"https:\/\/www.foodie.nl\/app\/uploads\/2025\/02\/44.png","contentUrl":"https:\/\/www.foodie.nl\/app\/uploads\/2025\/02\/44.png","width":800,"height":800},{"@type":"BreadcrumbList","@id":"https:\/\/www.foodie.nl\/fr\/produit\/3x-complexe-de-vitamine-b-60-gelules\/#breadcrumb","itemListElement":[{"@type":"ListItem","position":1,"name":"Home","item":"https:\/\/www.foodie.nl\/fr\/"},{"@type":"ListItem","position":2,"name":"Produits","item":"https:\/\/www.foodie.nl\/fr\/shop\/"},{"@type":"ListItem","position":3,"name":"3x Vitamine B Complex"}]},{"@type":"WebSite","@id":"https:\/\/www.foodie.nl\/fr\/#website","url":"https:\/\/www.foodie.nl\/fr\/","name":"Foodie","description":"Elke Hap Telt","publisher":{"@id":"https:\/\/www.foodie.nl\/fr\/#organization"},"potentialAction":[{"@type":"SearchAction","target":{"@type":"EntryPoint","urlTemplate":"https:\/\/www.foodie.nl\/fr\/?s={search_term_string}"},"query-input":{"@type":"PropertyValueSpecification","valueRequired":true,"valueName":"search_term_string"}}],"inLanguage":"fr-FR"},{"@type":"Organization","@id":"https:\/\/www.foodie.nl\/fr\/#organization","name":"Foodie","url":"https:\/\/www.foodie.nl\/fr\/","logo":{"@type":"ImageObject","inLanguage":"fr-FR","@id":"https:\/\/www.foodie.nl\/fr\/#\/schema\/logo\/image\/","url":"https:\/\/www.foodie.nl\/app\/uploads\/2025\/01\/logo-foodie-wide@2x.png","contentUrl":"https:\/\/www.foodie.nl\/app\/uploads\/2025\/01\/logo-foodie-wide@2x.png","width":236,"height":128,"caption":"Foodie"},"image":{"@id":"https:\/\/www.foodie.nl\/fr\/#\/schema\/logo\/image\/"}}]}},"_links":{"self":[{"href":"https:\/\/www.foodie.nl\/fr\/wp-json\/wp\/v2\/product\/1125389","targetHints":{"allow":["GET"]}}],"collection":[{"href":"https:\/\/www.foodie.nl\/fr\/wp-json\/wp\/v2\/product"}],"about":[{"href":"https:\/\/www.foodie.nl\/fr\/wp-json\/wp\/v2\/types\/product"}],"wp:featuredmedia":[{"embeddable":true,"href":"https:\/\/www.foodie.nl\/fr\/wp-json\/wp\/v2\/media\/1118678"}],"wp:attachment":[{"href":"https:\/\/www.foodie.nl\/fr\/wp-json\/wp\/v2\/media?parent=1125389"}],"wp:term":[{"taxonomy":"product_brand","embeddable":true,"href":"https:\/\/www.foodie.nl\/fr\/wp-json\/wp\/v2\/product_brand?post=1125389"},{"taxonomy":"product_cat","embeddable":true,"href":"https:\/\/www.foodie.nl\/fr\/wp-json\/wp\/v2\/product_cat?post=1125389"},{"taxonomy":"product_tag","embeddable":true,"href":"https:\/\/www.foodie.nl\/fr\/wp-json\/wp\/v2\/product_tag?post=1125389"}],"curies":[{"name":"wp","href":"https:\/\/api.w.org\/{rel}","templated":true}]}}