{"id":1125462,"date":"2021-09-27T06:09:02","date_gmt":"2021-09-27T04:09:02","guid":{"rendered":"https:\/\/www.foodie.nl\/product\/3x-vitamine-c-boost-60-gelules\/"},"modified":"2025-08-26T13:34:34","modified_gmt":"2025-08-26T11:34:34","slug":"3x-vitamine-c-boost-60-gelules","status":"publish","type":"product","link":"https:\/\/www.foodie.nl\/fr\/produit\/3x-vitamine-c-boost-60-gelules\/","title":{"rendered":"3x Vitamine C Boost"},"content":{"rendered":"<p><strong>Valeur nutritionnelle moyenne par g\u00e9lule:<\/strong><\/p>\n<ul>\n<li>Vitamine C (Pureway-C\u2122): 500 mg<\/li>\n<\/ul>\n<p><strong>Ingr\u00e9dients:<\/strong>\u00a0Granul\u00e9 de vitamine C Pureway-C\u00ae, cellulose microcristalline (agent de charge), st\u00e9arate de magn\u00e9sium (agent anti-agglom\u00e9rant), dioxyde de silicium (agent anti-agglom\u00e9rant), HPMC (capsule).<\/p>\n<p><strong>Posologie:<\/strong>\u00a0Prenez 1 \u00e0 2 capsules par jour pendant un repas.<\/p>\n<p><strong>Conservation:<\/strong>\u00a0Conserver dans un endroit frais et sec, dans un emballage bien ferm\u00e9.<\/p>\n<p><strong>Allerg\u00e8nes:<\/strong>\u00a0Ce produit ne contient pas d&rsquo;allerg\u00e8nes.<\/p>\n<p><strong>Avertissement:<\/strong>\u00a0Ce produit n&rsquo;est pas un m\u00e9dicament et n&rsquo;est pas destin\u00e9 \u00e0 diagnostiquer, pr\u00e9venir, traiter ou gu\u00e9rir une maladie ou une affection. Un compl\u00e9ment alimentaire ne doit pas \u00eatre utilis\u00e9 comme substitut \u00e0 une alimentation vari\u00e9e. Ne pas d\u00e9passer la dose quotidienne recommand\u00e9e. Garder hors de port\u00e9e des enfants.<\/p>\n<p><strong>\u00a0<\/strong><\/p>\n","protected":false},"excerpt":{"rendered":"<p data-start=\"52\" data-end=\"423\">Vitamine C Boost avec PureWay-C\u2122 est une forme sp\u00e9ciale de vitamine C qui est mieux absorb\u00e9e et retenue par l\u2019organisme. Cela gr\u00e2ce \u00e0 la formule brevet\u00e9e qui associe la vitamine C \u00e0 des m\u00e9tabolites lipidiques, favorisant ainsi une absorption optimale. Par capsule de Vitamine C Boost, vous b\u00e9n\u00e9ficiez de pas moins de 500 mg de cette forme PureWay-C\u2122 de vitamine C!<\/p>\n<p data-start=\"425\" data-end=\"481\"><strong>Un emballage de Vitamine C Boost contient 60 capsules<\/strong><\/p>\n","protected":false},"featured_media":1184216,"template":"","meta":{"_acf_changed":false,"om_disable_all_campaigns":false},"product_brand":[],"product_cat":[181,178,198],"product_tag":[],"class_list":{"0":"post-1125462","1":"product","2":"type-product","3":"status-publish","4":"has-post-thumbnail","6":"product_cat-bestsellers-fr","7":"product_cat-offre-reguliere","8":"product_cat-vitamine-c-boost","9":"sales-flash-overlay","10":"woocommerce-text-align-center","11":"woocommerce-image-align-center","12":"do-quantity-buttons","14":"first","15":"instock","16":"sale","17":"taxable","18":"shipping-taxable","19":"purchasable","20":"product-type-simple"},"acf":[],"yoast_head":"<!-- This site is optimized with the Yoast SEO plugin v27.2 - https:\/\/yoast.com\/product\/yoast-seo-wordpress\/ -->\n<title>3x Vitamine C Boost - Foodie<\/title>\n<meta name=\"description\" content=\"Vitamine C Boost avec PureWay-C\u2122 est une forme sp\u00e9ciale de vitamine C qui est mieux absorb\u00e9e et retenue par l\u2019organisme. Cela gr\u00e2ce \u00e0 la formule brevet\u00e9e qui associe la vitamine C \u00e0 des m\u00e9tabolites lipidiques, favorisant ainsi une absorption optimale. Par capsule de Vitamine C Boost, vous b\u00e9n\u00e9ficiez de pas moins de 500 mg de cette forme PureWay-C\u2122 de vitamine C! Un emballage de Vitamine C Boost contient 60 capsules\" \/>\n<meta name=\"robots\" content=\"index, follow, max-snippet:-1, max-image-preview:large, max-video-preview:-1\" \/>\n<link rel=\"canonical\" href=\"https:\/\/www.foodie.nl\/fr\/produit\/3x-vitamine-c-boost-60-gelules\/\" \/>\n<meta property=\"og:locale\" content=\"fr_FR\" \/>\n<meta property=\"og:type\" content=\"article\" \/>\n<meta property=\"og:title\" content=\"3x Vitamine C Boost - Foodie\" \/>\n<meta property=\"og:description\" content=\"Vitamine C Boost avec PureWay-C\u2122 est une forme sp\u00e9ciale de vitamine C qui est mieux absorb\u00e9e et retenue par l\u2019organisme. Cela gr\u00e2ce \u00e0 la formule brevet\u00e9e qui associe la vitamine C \u00e0 des m\u00e9tabolites lipidiques, favorisant ainsi une absorption optimale. Par capsule de Vitamine C Boost, vous b\u00e9n\u00e9ficiez de pas moins de 500 mg de cette forme PureWay-C\u2122 de vitamine C! Un emballage de Vitamine C Boost contient 60 capsules\" \/>\n<meta property=\"og:url\" content=\"https:\/\/www.foodie.nl\/fr\/produit\/3x-vitamine-c-boost-60-gelules\/\" \/>\n<meta property=\"og:site_name\" content=\"Foodie\" \/>\n<meta property=\"article:modified_time\" content=\"2025-08-26T11:34:34+00:00\" \/>\n<meta property=\"og:image\" content=\"https:\/\/www.foodie.nl\/app\/uploads\/2026\/01\/Nederlandse-producten-62-1024x1024.png\" \/>\n\t<meta property=\"og:image:width\" content=\"1024\" \/>\n\t<meta property=\"og:image:height\" content=\"1024\" \/>\n\t<meta property=\"og:image:type\" content=\"image\/png\" \/>\n<meta name=\"twitter:card\" content=\"summary_large_image\" \/>\n<meta name=\"twitter:label1\" content=\"Dur\u00e9e de lecture estim\u00e9e\" \/>\n\t<meta name=\"twitter:data1\" content=\"1 minute\" \/>\n<script type=\"application\/ld+json\" class=\"yoast-schema-graph\">{\"@context\":\"https:\/\/schema.org\",\"@graph\":[{\"@type\":\"WebPage\",\"@id\":\"https:\/\/www.foodie.nl\/fr\/produit\/3x-vitamine-c-boost-60-gelules\/\",\"url\":\"https:\/\/www.foodie.nl\/fr\/produit\/3x-vitamine-c-boost-60-gelules\/\",\"name\":\"3x Vitamine C Boost - Foodie\",\"isPartOf\":{\"@id\":\"https:\/\/www.foodie.nl\/fr\/#website\"},\"primaryImageOfPage\":{\"@id\":\"https:\/\/www.foodie.nl\/fr\/produit\/3x-vitamine-c-boost-60-gelules\/#primaryimage\"},\"image\":{\"@id\":\"https:\/\/www.foodie.nl\/fr\/produit\/3x-vitamine-c-boost-60-gelules\/#primaryimage\"},\"thumbnailUrl\":\"https:\/\/www.foodie.nl\/app\/uploads\/2026\/01\/Nederlandse-producten-62.png\",\"datePublished\":\"2021-09-27T04:09:02+00:00\",\"dateModified\":\"2025-08-26T11:34:34+00:00\",\"description\":\"Vitamine C Boost avec PureWay-C\u2122 est une forme sp\u00e9ciale de vitamine C qui est mieux absorb\u00e9e et retenue par l\u2019organisme. Cela gr\u00e2ce \u00e0 la formule brevet\u00e9e qui associe la vitamine C \u00e0 des m\u00e9tabolites lipidiques, favorisant ainsi une absorption optimale. Par capsule de Vitamine C Boost, vous b\u00e9n\u00e9ficiez de pas moins de 500 mg de cette forme PureWay-C\u2122 de vitamine C! Un emballage de Vitamine C Boost contient 60 capsules\",\"breadcrumb\":{\"@id\":\"https:\/\/www.foodie.nl\/fr\/produit\/3x-vitamine-c-boost-60-gelules\/#breadcrumb\"},\"inLanguage\":\"fr-FR\",\"potentialAction\":[{\"@type\":\"ReadAction\",\"target\":[\"https:\/\/www.foodie.nl\/fr\/produit\/3x-vitamine-c-boost-60-gelules\/\"]}]},{\"@type\":\"ImageObject\",\"inLanguage\":\"fr-FR\",\"@id\":\"https:\/\/www.foodie.nl\/fr\/produit\/3x-vitamine-c-boost-60-gelules\/#primaryimage\",\"url\":\"https:\/\/www.foodie.nl\/app\/uploads\/2026\/01\/Nederlandse-producten-62.png\",\"contentUrl\":\"https:\/\/www.foodie.nl\/app\/uploads\/2026\/01\/Nederlandse-producten-62.png\",\"width\":2500,\"height\":2500},{\"@type\":\"BreadcrumbList\",\"@id\":\"https:\/\/www.foodie.nl\/fr\/produit\/3x-vitamine-c-boost-60-gelules\/#breadcrumb\",\"itemListElement\":[{\"@type\":\"ListItem\",\"position\":1,\"name\":\"Home\",\"item\":\"https:\/\/www.foodie.nl\/fr\/\"},{\"@type\":\"ListItem\",\"position\":2,\"name\":\"Produits\",\"item\":\"https:\/\/www.foodie.nl\/fr\/shop\/\"},{\"@type\":\"ListItem\",\"position\":3,\"name\":\"3x Vitamine C Boost\"}]},{\"@type\":\"WebSite\",\"@id\":\"https:\/\/www.foodie.nl\/fr\/#website\",\"url\":\"https:\/\/www.foodie.nl\/fr\/\",\"name\":\"Foodie\",\"description\":\"Elke Hap Telt\",\"publisher\":{\"@id\":\"https:\/\/www.foodie.nl\/fr\/#organization\"},\"potentialAction\":[{\"@type\":\"SearchAction\",\"target\":{\"@type\":\"EntryPoint\",\"urlTemplate\":\"https:\/\/www.foodie.nl\/fr\/?s={search_term_string}\"},\"query-input\":{\"@type\":\"PropertyValueSpecification\",\"valueRequired\":true,\"valueName\":\"search_term_string\"}}],\"inLanguage\":\"fr-FR\"},{\"@type\":\"Organization\",\"@id\":\"https:\/\/www.foodie.nl\/fr\/#organization\",\"name\":\"Foodie\",\"url\":\"https:\/\/www.foodie.nl\/fr\/\",\"logo\":{\"@type\":\"ImageObject\",\"inLanguage\":\"fr-FR\",\"@id\":\"https:\/\/www.foodie.nl\/fr\/#\/schema\/logo\/image\/\",\"url\":\"https:\/\/www.foodie.nl\/app\/uploads\/2025\/01\/logo-foodie-wide@2x.png\",\"contentUrl\":\"https:\/\/www.foodie.nl\/app\/uploads\/2025\/01\/logo-foodie-wide@2x.png\",\"width\":236,\"height\":128,\"caption\":\"Foodie\"},\"image\":{\"@id\":\"https:\/\/www.foodie.nl\/fr\/#\/schema\/logo\/image\/\"}}]}<\/script>\n<!-- \/ Yoast SEO plugin. -->","yoast_head_json":{"title":"3x Vitamine C Boost - Foodie","description":"Vitamine C Boost avec PureWay-C\u2122 est une forme sp\u00e9ciale de vitamine C qui est mieux absorb\u00e9e et retenue par l\u2019organisme. Cela gr\u00e2ce \u00e0 la formule brevet\u00e9e qui associe la vitamine C \u00e0 des m\u00e9tabolites lipidiques, favorisant ainsi une absorption optimale. Par capsule de Vitamine C Boost, vous b\u00e9n\u00e9ficiez de pas moins de 500 mg de cette forme PureWay-C\u2122 de vitamine C! Un emballage de Vitamine C Boost contient 60 capsules","robots":{"index":"index","follow":"follow","max-snippet":"max-snippet:-1","max-image-preview":"max-image-preview:large","max-video-preview":"max-video-preview:-1"},"canonical":"https:\/\/www.foodie.nl\/fr\/produit\/3x-vitamine-c-boost-60-gelules\/","og_locale":"fr_FR","og_type":"article","og_title":"3x Vitamine C Boost - Foodie","og_description":"Vitamine C Boost avec PureWay-C\u2122 est une forme sp\u00e9ciale de vitamine C qui est mieux absorb\u00e9e et retenue par l\u2019organisme. Cela gr\u00e2ce \u00e0 la formule brevet\u00e9e qui associe la vitamine C \u00e0 des m\u00e9tabolites lipidiques, favorisant ainsi une absorption optimale. Par capsule de Vitamine C Boost, vous b\u00e9n\u00e9ficiez de pas moins de 500 mg de cette forme PureWay-C\u2122 de vitamine C! Un emballage de Vitamine C Boost contient 60 capsules","og_url":"https:\/\/www.foodie.nl\/fr\/produit\/3x-vitamine-c-boost-60-gelules\/","og_site_name":"Foodie","article_modified_time":"2025-08-26T11:34:34+00:00","og_image":[{"width":1024,"height":1024,"url":"https:\/\/www.foodie.nl\/app\/uploads\/2026\/01\/Nederlandse-producten-62-1024x1024.png","type":"image\/png"}],"twitter_card":"summary_large_image","twitter_misc":{"Dur\u00e9e de lecture estim\u00e9e":"1 minute"},"schema":{"@context":"https:\/\/schema.org","@graph":[{"@type":"WebPage","@id":"https:\/\/www.foodie.nl\/fr\/produit\/3x-vitamine-c-boost-60-gelules\/","url":"https:\/\/www.foodie.nl\/fr\/produit\/3x-vitamine-c-boost-60-gelules\/","name":"3x Vitamine C Boost - Foodie","isPartOf":{"@id":"https:\/\/www.foodie.nl\/fr\/#website"},"primaryImageOfPage":{"@id":"https:\/\/www.foodie.nl\/fr\/produit\/3x-vitamine-c-boost-60-gelules\/#primaryimage"},"image":{"@id":"https:\/\/www.foodie.nl\/fr\/produit\/3x-vitamine-c-boost-60-gelules\/#primaryimage"},"thumbnailUrl":"https:\/\/www.foodie.nl\/app\/uploads\/2026\/01\/Nederlandse-producten-62.png","datePublished":"2021-09-27T04:09:02+00:00","dateModified":"2025-08-26T11:34:34+00:00","description":"Vitamine C Boost avec PureWay-C\u2122 est une forme sp\u00e9ciale de vitamine C qui est mieux absorb\u00e9e et retenue par l\u2019organisme. Cela gr\u00e2ce \u00e0 la formule brevet\u00e9e qui associe la vitamine C \u00e0 des m\u00e9tabolites lipidiques, favorisant ainsi une absorption optimale. Par capsule de Vitamine C Boost, vous b\u00e9n\u00e9ficiez de pas moins de 500 mg de cette forme PureWay-C\u2122 de vitamine C! Un emballage de Vitamine C Boost contient 60 capsules","breadcrumb":{"@id":"https:\/\/www.foodie.nl\/fr\/produit\/3x-vitamine-c-boost-60-gelules\/#breadcrumb"},"inLanguage":"fr-FR","potentialAction":[{"@type":"ReadAction","target":["https:\/\/www.foodie.nl\/fr\/produit\/3x-vitamine-c-boost-60-gelules\/"]}]},{"@type":"ImageObject","inLanguage":"fr-FR","@id":"https:\/\/www.foodie.nl\/fr\/produit\/3x-vitamine-c-boost-60-gelules\/#primaryimage","url":"https:\/\/www.foodie.nl\/app\/uploads\/2026\/01\/Nederlandse-producten-62.png","contentUrl":"https:\/\/www.foodie.nl\/app\/uploads\/2026\/01\/Nederlandse-producten-62.png","width":2500,"height":2500},{"@type":"BreadcrumbList","@id":"https:\/\/www.foodie.nl\/fr\/produit\/3x-vitamine-c-boost-60-gelules\/#breadcrumb","itemListElement":[{"@type":"ListItem","position":1,"name":"Home","item":"https:\/\/www.foodie.nl\/fr\/"},{"@type":"ListItem","position":2,"name":"Produits","item":"https:\/\/www.foodie.nl\/fr\/shop\/"},{"@type":"ListItem","position":3,"name":"3x Vitamine C Boost"}]},{"@type":"WebSite","@id":"https:\/\/www.foodie.nl\/fr\/#website","url":"https:\/\/www.foodie.nl\/fr\/","name":"Foodie","description":"Elke Hap Telt","publisher":{"@id":"https:\/\/www.foodie.nl\/fr\/#organization"},"potentialAction":[{"@type":"SearchAction","target":{"@type":"EntryPoint","urlTemplate":"https:\/\/www.foodie.nl\/fr\/?s={search_term_string}"},"query-input":{"@type":"PropertyValueSpecification","valueRequired":true,"valueName":"search_term_string"}}],"inLanguage":"fr-FR"},{"@type":"Organization","@id":"https:\/\/www.foodie.nl\/fr\/#organization","name":"Foodie","url":"https:\/\/www.foodie.nl\/fr\/","logo":{"@type":"ImageObject","inLanguage":"fr-FR","@id":"https:\/\/www.foodie.nl\/fr\/#\/schema\/logo\/image\/","url":"https:\/\/www.foodie.nl\/app\/uploads\/2025\/01\/logo-foodie-wide@2x.png","contentUrl":"https:\/\/www.foodie.nl\/app\/uploads\/2025\/01\/logo-foodie-wide@2x.png","width":236,"height":128,"caption":"Foodie"},"image":{"@id":"https:\/\/www.foodie.nl\/fr\/#\/schema\/logo\/image\/"}}]}},"_links":{"self":[{"href":"https:\/\/www.foodie.nl\/fr\/wp-json\/wp\/v2\/product\/1125462","targetHints":{"allow":["GET"]}}],"collection":[{"href":"https:\/\/www.foodie.nl\/fr\/wp-json\/wp\/v2\/product"}],"about":[{"href":"https:\/\/www.foodie.nl\/fr\/wp-json\/wp\/v2\/types\/product"}],"wp:featuredmedia":[{"embeddable":true,"href":"https:\/\/www.foodie.nl\/fr\/wp-json\/wp\/v2\/media\/1184216"}],"wp:attachment":[{"href":"https:\/\/www.foodie.nl\/fr\/wp-json\/wp\/v2\/media?parent=1125462"}],"wp:term":[{"taxonomy":"product_brand","embeddable":true,"href":"https:\/\/www.foodie.nl\/fr\/wp-json\/wp\/v2\/product_brand?post=1125462"},{"taxonomy":"product_cat","embeddable":true,"href":"https:\/\/www.foodie.nl\/fr\/wp-json\/wp\/v2\/product_cat?post=1125462"},{"taxonomy":"product_tag","embeddable":true,"href":"https:\/\/www.foodie.nl\/fr\/wp-json\/wp\/v2\/product_tag?post=1125462"}],"curies":[{"name":"wp","href":"https:\/\/api.w.org\/{rel}","templated":true}]}}