{"id":1125490,"date":"2017-12-22T05:06:30","date_gmt":"2017-12-22T04:06:30","guid":{"rendered":"https:\/\/www.foodie.nl\/product\/3x-yummie-greens-300-grammes\/"},"modified":"2025-08-26T12:06:31","modified_gmt":"2025-08-26T10:06:31","slug":"3x-yummie-greens-300-grammes","status":"publish","type":"product","link":"https:\/\/www.foodie.nl\/fr\/produit\/3x-yummie-greens-300-grammes\/","title":{"rendered":"3x Yummie Greens"},"content":{"rendered":"<p><strong>Valeur nutritionnelle moyenne par mesure (9 g) :<\/strong><\/p>\n<ul>\n<li>\u00c9nergie : 123 kJ \/ 29 kcal<\/li>\n<li>Mati\u00e8res grasses : 0,10 g\n<ul>\n<li>dont satur\u00e9s : 0 g<\/li>\n<\/ul>\n<\/li>\n<li>Glucides : 4,5 g\n<ul>\n<li>dont sucres : 2,4 g<\/li>\n<\/ul>\n<\/li>\n<li>Fibres alimentaires : 1,3 g<\/li>\n<li>Prot\u00e9ines : 1,3 g<\/li>\n<li>Sel : 0,05 g<\/li>\n<li>Zinc m\u00e9thionine : 10,5 mg<\/li>\n<li>Bisglycinate de cuivre : 0,5 mg<\/li>\n<li>Vitamine C : 80 mg<\/li>\n<\/ul>\n<p><strong>Ingr\u00e9dients:<\/strong>\u00a0poudre d&rsquo;eau de coco*, poudre d&rsquo;herbe de bl\u00e9*, poudre de prot\u00e9ine de riz*, poudre de banane*, poudre d&rsquo;ac\u00e9rola, poudre de moringa*, poudre de spiruline*, poudre d&rsquo;ashwagandha*, poudre de chlorella*, poudre de matcha*, poudre de st\u00e9via*, m\u00e9thionine de zinc, poudre de citronnelle, poudre de menthe poivr\u00e9e, poudre de betterave rouge*, poudre de curcuma* et bisglycinate de cuivre. (*d&rsquo;origine biologique)<\/p>\n<p><strong>Posologie:<\/strong>\u00a0m\u00e9langez environ 9 grammes de Yummie Greens dans votre boisson froide pr\u00e9f\u00e9r\u00e9e, comme de l&rsquo;eau, de l&rsquo;eau de coco, du lait d&rsquo;amande ou un smoothie. Ceci correspond \u00e0 une mesure pleine par jour.<\/p>\n<p><strong>Conservation:<\/strong>\u00a0conserver au frais et au sec.<\/p>\n<p><strong>Allerg\u00e8nes:<\/strong>\u00a0ce produit ne contient aucun allerg\u00e8ne.<\/p>\n<p><strong>Avertissement:<\/strong>\u00a0ce produit n\u2019est pas un m\u00e9dicament et n\u2019est pas destin\u00e9 \u00e0 diagnostiquer, pr\u00e9venir, traiter ou gu\u00e9rir une maladie ou une affection. Un compl\u00e9ment alimentaire ne doit pas \u00eatre utilis\u00e9 en remplacement d\u2019une alimentation vari\u00e9e. Ne pas d\u00e9passer la dose journali\u00e8re recommand\u00e9e. Conserver hors de port\u00e9e des enfants.<\/p>\n","protected":false},"excerpt":{"rendered":"<p><strong>Yummie Greens<\/strong> est une poudre de greens savoureuse qui vous apporte votre portion quotidienne de superaliments sans l&rsquo;arri\u00e8re-go\u00fbt amer souvent associ\u00e9 \u00e0 d&rsquo;autres poudres de greens. Avec un m\u00e9lange soigneusement \u00e9labor\u00e9 de 13 ingr\u00e9dients puissants, dont l&rsquo;herbe de bl\u00e9, la chlorella, la spiruline, le matcha, le moringa et l&rsquo;ac\u00e9rola, Yummie Greens fournit \u00e0 votre corps des vitamines, des min\u00e9raux et des antioxydants essentiels.<br \/>\nLe secret r\u00e9side dans la base de poudre d&rsquo;eau de coco, qui offre non seulement un go\u00fbt frais et sucr\u00e9, mais aussi une hydratation et un boost d&rsquo;\u00e9nergie naturelle. Yummie Greens est parfait pour tous ceux qui recherchent une mani\u00e8re rapide, nutritive et d\u00e9licieuse de soutenir leur corps.<\/p>\n","protected":false},"featured_media":1126031,"template":"","meta":{"_acf_changed":false,"om_disable_all_campaigns":false},"product_brand":[],"product_cat":[184,181,183,182,178,201],"product_tag":[],"class_list":{"0":"post-1125490","1":"product","2":"type-product","3":"status-publish","4":"has-post-thumbnail","6":"product_cat-bestsellers-fr-2","7":"product_cat-bestsellers-fr","8":"product_cat-complements-alimentaires","9":"product_cat-non-promo-fr","10":"product_cat-offre-reguliere","11":"product_cat-yummie-greens","12":"sales-flash-overlay","13":"woocommerce-text-align-center","14":"woocommerce-image-align-center","15":"do-quantity-buttons","17":"first","18":"instock","19":"sale","20":"downloadable","21":"taxable","22":"shipping-taxable","23":"purchasable","24":"product-type-simple"},"acf":[],"yoast_head":"<!-- This site is optimized with the Yoast SEO plugin v27.2 - https:\/\/yoast.com\/product\/yoast-seo-wordpress\/ -->\n<title>3x Yummie Greens - Foodie<\/title>\n<meta name=\"description\" content=\"Yummie Greens est une poudre de greens savoureuse qui vous apporte votre portion quotidienne de superaliments sans l&#039;arri\u00e8re-go\u00fbt amer souvent associ\u00e9 \u00e0 d&#039;autres poudres de greens. Avec un m\u00e9lange soigneusement \u00e9labor\u00e9 de 13 ingr\u00e9dients puissants, dont l&#039;herbe de bl\u00e9, la chlorella, la spiruline, le matcha, le moringa et l&#039;ac\u00e9rola, Yummie Greens fournit \u00e0 votre corps des vitamines, des min\u00e9raux et des antioxydants essentiels. Le secret r\u00e9side dans la base de poudre d&#039;eau de coco, qui offre non seulement un go\u00fbt frais et sucr\u00e9, mais aussi une hydratation et un boost d&#039;\u00e9nergie naturelle. Yummie Greens est parfait pour tous ceux qui recherchent une mani\u00e8re rapide, nutritive et d\u00e9licieuse de soutenir leur corps.\" \/>\n<meta name=\"robots\" content=\"index, follow, max-snippet:-1, max-image-preview:large, max-video-preview:-1\" \/>\n<link rel=\"canonical\" href=\"https:\/\/www.foodie.nl\/fr\/produit\/3x-yummie-greens-300-grammes\/\" \/>\n<meta property=\"og:locale\" content=\"fr_FR\" \/>\n<meta property=\"og:type\" content=\"article\" \/>\n<meta property=\"og:title\" content=\"3x Yummie Greens - Foodie\" \/>\n<meta property=\"og:description\" content=\"Yummie Greens est une poudre de greens savoureuse qui vous apporte votre portion quotidienne de superaliments sans l&#039;arri\u00e8re-go\u00fbt amer souvent associ\u00e9 \u00e0 d&#039;autres poudres de greens. Avec un m\u00e9lange soigneusement \u00e9labor\u00e9 de 13 ingr\u00e9dients puissants, dont l&#039;herbe de bl\u00e9, la chlorella, la spiruline, le matcha, le moringa et l&#039;ac\u00e9rola, Yummie Greens fournit \u00e0 votre corps des vitamines, des min\u00e9raux et des antioxydants essentiels. Le secret r\u00e9side dans la base de poudre d&#039;eau de coco, qui offre non seulement un go\u00fbt frais et sucr\u00e9, mais aussi une hydratation et un boost d&#039;\u00e9nergie naturelle. Yummie Greens est parfait pour tous ceux qui recherchent une mani\u00e8re rapide, nutritive et d\u00e9licieuse de soutenir leur corps.\" \/>\n<meta property=\"og:url\" content=\"https:\/\/www.foodie.nl\/fr\/produit\/3x-yummie-greens-300-grammes\/\" \/>\n<meta property=\"og:site_name\" content=\"Foodie\" \/>\n<meta property=\"article:modified_time\" content=\"2025-08-26T10:06:31+00:00\" \/>\n<meta property=\"og:image\" content=\"https:\/\/www.foodie.nl\/app\/uploads\/2025\/02\/14.png\" \/>\n\t<meta property=\"og:image:width\" content=\"800\" \/>\n\t<meta property=\"og:image:height\" content=\"800\" \/>\n\t<meta property=\"og:image:type\" content=\"image\/png\" \/>\n<meta name=\"twitter:card\" content=\"summary_large_image\" \/>\n<meta name=\"twitter:label1\" content=\"Dur\u00e9e de lecture estim\u00e9e\" \/>\n\t<meta name=\"twitter:data1\" content=\"2 minutes\" \/>\n<script type=\"application\/ld+json\" class=\"yoast-schema-graph\">{\"@context\":\"https:\/\/schema.org\",\"@graph\":[{\"@type\":\"WebPage\",\"@id\":\"https:\/\/www.foodie.nl\/fr\/produit\/3x-yummie-greens-300-grammes\/\",\"url\":\"https:\/\/www.foodie.nl\/fr\/produit\/3x-yummie-greens-300-grammes\/\",\"name\":\"3x Yummie Greens - Foodie\",\"isPartOf\":{\"@id\":\"https:\/\/www.foodie.nl\/fr\/#website\"},\"primaryImageOfPage\":{\"@id\":\"https:\/\/www.foodie.nl\/fr\/produit\/3x-yummie-greens-300-grammes\/#primaryimage\"},\"image\":{\"@id\":\"https:\/\/www.foodie.nl\/fr\/produit\/3x-yummie-greens-300-grammes\/#primaryimage\"},\"thumbnailUrl\":\"https:\/\/www.foodie.nl\/app\/uploads\/2025\/02\/14.png\",\"datePublished\":\"2017-12-22T04:06:30+00:00\",\"dateModified\":\"2025-08-26T10:06:31+00:00\",\"description\":\"Yummie Greens est une poudre de greens savoureuse qui vous apporte votre portion quotidienne de superaliments sans l'arri\u00e8re-go\u00fbt amer souvent associ\u00e9 \u00e0 d'autres poudres de greens. Avec un m\u00e9lange soigneusement \u00e9labor\u00e9 de 13 ingr\u00e9dients puissants, dont l'herbe de bl\u00e9, la chlorella, la spiruline, le matcha, le moringa et l'ac\u00e9rola, Yummie Greens fournit \u00e0 votre corps des vitamines, des min\u00e9raux et des antioxydants essentiels. Le secret r\u00e9side dans la base de poudre d'eau de coco, qui offre non seulement un go\u00fbt frais et sucr\u00e9, mais aussi une hydratation et un boost d'\u00e9nergie naturelle. Yummie Greens est parfait pour tous ceux qui recherchent une mani\u00e8re rapide, nutritive et d\u00e9licieuse de soutenir leur corps.\",\"breadcrumb\":{\"@id\":\"https:\/\/www.foodie.nl\/fr\/produit\/3x-yummie-greens-300-grammes\/#breadcrumb\"},\"inLanguage\":\"fr-FR\",\"potentialAction\":[{\"@type\":\"ReadAction\",\"target\":[\"https:\/\/www.foodie.nl\/fr\/produit\/3x-yummie-greens-300-grammes\/\"]}]},{\"@type\":\"ImageObject\",\"inLanguage\":\"fr-FR\",\"@id\":\"https:\/\/www.foodie.nl\/fr\/produit\/3x-yummie-greens-300-grammes\/#primaryimage\",\"url\":\"https:\/\/www.foodie.nl\/app\/uploads\/2025\/02\/14.png\",\"contentUrl\":\"https:\/\/www.foodie.nl\/app\/uploads\/2025\/02\/14.png\",\"width\":800,\"height\":800},{\"@type\":\"BreadcrumbList\",\"@id\":\"https:\/\/www.foodie.nl\/fr\/produit\/3x-yummie-greens-300-grammes\/#breadcrumb\",\"itemListElement\":[{\"@type\":\"ListItem\",\"position\":1,\"name\":\"Home\",\"item\":\"https:\/\/www.foodie.nl\/fr\/\"},{\"@type\":\"ListItem\",\"position\":2,\"name\":\"Produits\",\"item\":\"https:\/\/www.foodie.nl\/fr\/shop\/\"},{\"@type\":\"ListItem\",\"position\":3,\"name\":\"3x Yummie Greens\"}]},{\"@type\":\"WebSite\",\"@id\":\"https:\/\/www.foodie.nl\/fr\/#website\",\"url\":\"https:\/\/www.foodie.nl\/fr\/\",\"name\":\"Foodie\",\"description\":\"Elke Hap Telt\",\"publisher\":{\"@id\":\"https:\/\/www.foodie.nl\/fr\/#organization\"},\"potentialAction\":[{\"@type\":\"SearchAction\",\"target\":{\"@type\":\"EntryPoint\",\"urlTemplate\":\"https:\/\/www.foodie.nl\/fr\/?s={search_term_string}\"},\"query-input\":{\"@type\":\"PropertyValueSpecification\",\"valueRequired\":true,\"valueName\":\"search_term_string\"}}],\"inLanguage\":\"fr-FR\"},{\"@type\":\"Organization\",\"@id\":\"https:\/\/www.foodie.nl\/fr\/#organization\",\"name\":\"Foodie\",\"url\":\"https:\/\/www.foodie.nl\/fr\/\",\"logo\":{\"@type\":\"ImageObject\",\"inLanguage\":\"fr-FR\",\"@id\":\"https:\/\/www.foodie.nl\/fr\/#\/schema\/logo\/image\/\",\"url\":\"https:\/\/www.foodie.nl\/app\/uploads\/2025\/01\/logo-foodie-wide@2x.png\",\"contentUrl\":\"https:\/\/www.foodie.nl\/app\/uploads\/2025\/01\/logo-foodie-wide@2x.png\",\"width\":236,\"height\":128,\"caption\":\"Foodie\"},\"image\":{\"@id\":\"https:\/\/www.foodie.nl\/fr\/#\/schema\/logo\/image\/\"}}]}<\/script>\n<!-- \/ Yoast SEO plugin. -->","yoast_head_json":{"title":"3x Yummie Greens - Foodie","description":"Yummie Greens est une poudre de greens savoureuse qui vous apporte votre portion quotidienne de superaliments sans l'arri\u00e8re-go\u00fbt amer souvent associ\u00e9 \u00e0 d'autres poudres de greens. Avec un m\u00e9lange soigneusement \u00e9labor\u00e9 de 13 ingr\u00e9dients puissants, dont l'herbe de bl\u00e9, la chlorella, la spiruline, le matcha, le moringa et l'ac\u00e9rola, Yummie Greens fournit \u00e0 votre corps des vitamines, des min\u00e9raux et des antioxydants essentiels. Le secret r\u00e9side dans la base de poudre d'eau de coco, qui offre non seulement un go\u00fbt frais et sucr\u00e9, mais aussi une hydratation et un boost d'\u00e9nergie naturelle. Yummie Greens est parfait pour tous ceux qui recherchent une mani\u00e8re rapide, nutritive et d\u00e9licieuse de soutenir leur corps.","robots":{"index":"index","follow":"follow","max-snippet":"max-snippet:-1","max-image-preview":"max-image-preview:large","max-video-preview":"max-video-preview:-1"},"canonical":"https:\/\/www.foodie.nl\/fr\/produit\/3x-yummie-greens-300-grammes\/","og_locale":"fr_FR","og_type":"article","og_title":"3x Yummie Greens - Foodie","og_description":"Yummie Greens est une poudre de greens savoureuse qui vous apporte votre portion quotidienne de superaliments sans l'arri\u00e8re-go\u00fbt amer souvent associ\u00e9 \u00e0 d'autres poudres de greens. Avec un m\u00e9lange soigneusement \u00e9labor\u00e9 de 13 ingr\u00e9dients puissants, dont l'herbe de bl\u00e9, la chlorella, la spiruline, le matcha, le moringa et l'ac\u00e9rola, Yummie Greens fournit \u00e0 votre corps des vitamines, des min\u00e9raux et des antioxydants essentiels. Le secret r\u00e9side dans la base de poudre d'eau de coco, qui offre non seulement un go\u00fbt frais et sucr\u00e9, mais aussi une hydratation et un boost d'\u00e9nergie naturelle. Yummie Greens est parfait pour tous ceux qui recherchent une mani\u00e8re rapide, nutritive et d\u00e9licieuse de soutenir leur corps.","og_url":"https:\/\/www.foodie.nl\/fr\/produit\/3x-yummie-greens-300-grammes\/","og_site_name":"Foodie","article_modified_time":"2025-08-26T10:06:31+00:00","og_image":[{"width":800,"height":800,"url":"https:\/\/www.foodie.nl\/app\/uploads\/2025\/02\/14.png","type":"image\/png"}],"twitter_card":"summary_large_image","twitter_misc":{"Dur\u00e9e de lecture estim\u00e9e":"2 minutes"},"schema":{"@context":"https:\/\/schema.org","@graph":[{"@type":"WebPage","@id":"https:\/\/www.foodie.nl\/fr\/produit\/3x-yummie-greens-300-grammes\/","url":"https:\/\/www.foodie.nl\/fr\/produit\/3x-yummie-greens-300-grammes\/","name":"3x Yummie Greens - Foodie","isPartOf":{"@id":"https:\/\/www.foodie.nl\/fr\/#website"},"primaryImageOfPage":{"@id":"https:\/\/www.foodie.nl\/fr\/produit\/3x-yummie-greens-300-grammes\/#primaryimage"},"image":{"@id":"https:\/\/www.foodie.nl\/fr\/produit\/3x-yummie-greens-300-grammes\/#primaryimage"},"thumbnailUrl":"https:\/\/www.foodie.nl\/app\/uploads\/2025\/02\/14.png","datePublished":"2017-12-22T04:06:30+00:00","dateModified":"2025-08-26T10:06:31+00:00","description":"Yummie Greens est une poudre de greens savoureuse qui vous apporte votre portion quotidienne de superaliments sans l'arri\u00e8re-go\u00fbt amer souvent associ\u00e9 \u00e0 d'autres poudres de greens. Avec un m\u00e9lange soigneusement \u00e9labor\u00e9 de 13 ingr\u00e9dients puissants, dont l'herbe de bl\u00e9, la chlorella, la spiruline, le matcha, le moringa et l'ac\u00e9rola, Yummie Greens fournit \u00e0 votre corps des vitamines, des min\u00e9raux et des antioxydants essentiels. Le secret r\u00e9side dans la base de poudre d'eau de coco, qui offre non seulement un go\u00fbt frais et sucr\u00e9, mais aussi une hydratation et un boost d'\u00e9nergie naturelle. Yummie Greens est parfait pour tous ceux qui recherchent une mani\u00e8re rapide, nutritive et d\u00e9licieuse de soutenir leur corps.","breadcrumb":{"@id":"https:\/\/www.foodie.nl\/fr\/produit\/3x-yummie-greens-300-grammes\/#breadcrumb"},"inLanguage":"fr-FR","potentialAction":[{"@type":"ReadAction","target":["https:\/\/www.foodie.nl\/fr\/produit\/3x-yummie-greens-300-grammes\/"]}]},{"@type":"ImageObject","inLanguage":"fr-FR","@id":"https:\/\/www.foodie.nl\/fr\/produit\/3x-yummie-greens-300-grammes\/#primaryimage","url":"https:\/\/www.foodie.nl\/app\/uploads\/2025\/02\/14.png","contentUrl":"https:\/\/www.foodie.nl\/app\/uploads\/2025\/02\/14.png","width":800,"height":800},{"@type":"BreadcrumbList","@id":"https:\/\/www.foodie.nl\/fr\/produit\/3x-yummie-greens-300-grammes\/#breadcrumb","itemListElement":[{"@type":"ListItem","position":1,"name":"Home","item":"https:\/\/www.foodie.nl\/fr\/"},{"@type":"ListItem","position":2,"name":"Produits","item":"https:\/\/www.foodie.nl\/fr\/shop\/"},{"@type":"ListItem","position":3,"name":"3x Yummie Greens"}]},{"@type":"WebSite","@id":"https:\/\/www.foodie.nl\/fr\/#website","url":"https:\/\/www.foodie.nl\/fr\/","name":"Foodie","description":"Elke Hap Telt","publisher":{"@id":"https:\/\/www.foodie.nl\/fr\/#organization"},"potentialAction":[{"@type":"SearchAction","target":{"@type":"EntryPoint","urlTemplate":"https:\/\/www.foodie.nl\/fr\/?s={search_term_string}"},"query-input":{"@type":"PropertyValueSpecification","valueRequired":true,"valueName":"search_term_string"}}],"inLanguage":"fr-FR"},{"@type":"Organization","@id":"https:\/\/www.foodie.nl\/fr\/#organization","name":"Foodie","url":"https:\/\/www.foodie.nl\/fr\/","logo":{"@type":"ImageObject","inLanguage":"fr-FR","@id":"https:\/\/www.foodie.nl\/fr\/#\/schema\/logo\/image\/","url":"https:\/\/www.foodie.nl\/app\/uploads\/2025\/01\/logo-foodie-wide@2x.png","contentUrl":"https:\/\/www.foodie.nl\/app\/uploads\/2025\/01\/logo-foodie-wide@2x.png","width":236,"height":128,"caption":"Foodie"},"image":{"@id":"https:\/\/www.foodie.nl\/fr\/#\/schema\/logo\/image\/"}}]}},"_links":{"self":[{"href":"https:\/\/www.foodie.nl\/fr\/wp-json\/wp\/v2\/product\/1125490","targetHints":{"allow":["GET"]}}],"collection":[{"href":"https:\/\/www.foodie.nl\/fr\/wp-json\/wp\/v2\/product"}],"about":[{"href":"https:\/\/www.foodie.nl\/fr\/wp-json\/wp\/v2\/types\/product"}],"wp:featuredmedia":[{"embeddable":true,"href":"https:\/\/www.foodie.nl\/fr\/wp-json\/wp\/v2\/media\/1126031"}],"wp:attachment":[{"href":"https:\/\/www.foodie.nl\/fr\/wp-json\/wp\/v2\/media?parent=1125490"}],"wp:term":[{"taxonomy":"product_brand","embeddable":true,"href":"https:\/\/www.foodie.nl\/fr\/wp-json\/wp\/v2\/product_brand?post=1125490"},{"taxonomy":"product_cat","embeddable":true,"href":"https:\/\/www.foodie.nl\/fr\/wp-json\/wp\/v2\/product_cat?post=1125490"},{"taxonomy":"product_tag","embeddable":true,"href":"https:\/\/www.foodie.nl\/fr\/wp-json\/wp\/v2\/product_tag?post=1125490"}],"curies":[{"name":"wp","href":"https:\/\/api.w.org\/{rel}","templated":true}]}}