{"id":1125540,"date":"2021-08-30T20:36:27","date_gmt":"2021-08-30T18:36:27","guid":{"rendered":"https:\/\/www.foodie.nl\/product\/32-free-ultimate-apple-cider-vinegar-60-gelules\/"},"modified":"2025-02-21T14:58:06","modified_gmt":"2025-02-21T13:58:06","slug":"32-free-ultimate-apple-cider-vinegar-60-gelules","status":"publish","type":"product","link":"https:\/\/www.foodie.nl\/fr\/produit\/32-free-ultimate-apple-cider-vinegar-60-gelules\/","title":{"rendered":"3+2 GRATUITS Ultimate Apple Cider Vinegar"},"content":{"rendered":"<p><strong>Valeur nutritionnelle moyenne par 2 g\u00e9lules :<\/strong><\/p>\n<ul>\n<li>\n<p class=\"p1\">Ultimate Apple Cider Vinegar (vinaigre de cidre de pomme) : 1300 mg<\/p>\n<\/li>\n<\/ul>\n<p><strong>Ingr\u00e9dients:<\/strong>\u00a0Vinaigre de cidre de pomme, cellulose (capsule v\u00e9g\u00e9tale), L-leucine<\/p>\n<p><strong>Posologie:<\/strong>\u00a0Prenez une capsule deux fois par jour avec les repas.<\/p>\n<p><strong>Conservation:<\/strong>\u00a0Conservez dans un endroit frais et sec, dans un emballage bien ferm\u00e9.<\/p>\n<p><strong>Allerg\u00e8nes:<\/strong>\u00a0Ce produit ne contient pas d&rsquo;allerg\u00e8nes.<\/p>\n<p><strong>Avertissement:<\/strong>\u00a0Ce produit n&rsquo;est pas un m\u00e9dicament et n&rsquo;est pas destin\u00e9 \u00e0 diagnostiquer, pr\u00e9venir, traiter ou gu\u00e9rir une maladie ou une affection. Un compl\u00e9ment alimentaire ne doit pas \u00eatre utilis\u00e9 comme substitut \u00e0 une alimentation vari\u00e9e. Ne pas d\u00e9passer la dose quotidienne recommand\u00e9e. Garder hors de port\u00e9e des enfants.<\/p>\n","protected":false},"excerpt":{"rendered":"<p><strong>Ultimate Apple Cider Vinegar<\/strong> est sous forme de g\u00e9lules, ce qui vous \u00e9vite d&rsquo;endommager vos dents. Lorsque vous prenez du vinaigre de cidre de pomme sous forme liquide, l&rsquo;acide peut endommager gravement l&rsquo;\u00e9mail de vos dents.<br \/>\nLe vinaigre de cidre de pomme offre des avantages holistiques, allant de l&rsquo;am\u00e9lioration de la digestion et du soutien de la gestion du poids, \u00e0 la stabilisation de la glyc\u00e9mie et au soutien de la d\u00e9toxification.<br \/>\nC&rsquo;est un ajout polyvalent \u00e0 un mode de vie sain. Avec les g\u00e9lules, vous n&rsquo;aurez pas <strong>l&rsquo;inconv\u00e9nient<\/strong> d&rsquo;endommager vos dents !<br \/>\nPrenez 1 capsule d&rsquo;Ultimate Apple Cider Vinegar deux fois par jour avec votre repas et vous b\u00e9n\u00e9ficierez <strong>des avantages<\/strong> du vinaigre de cidre de pomme.<\/p>\n","protected":false},"featured_media":1118647,"template":"","meta":{"_acf_changed":false,"om_disable_all_campaigns":false},"product_brand":[],"product_cat":[180,185],"product_tag":[],"class_list":{"0":"post-1125540","1":"product","2":"type-product","3":"status-publish","4":"has-post-thumbnail","6":"product_cat-tous-les-produits","7":"product_cat-ultimate-apple-cider-vinegar","8":"sales-flash-overlay","9":"woocommerce-text-align-center","10":"woocommerce-image-align-center","11":"do-quantity-buttons","13":"first","14":"instock","15":"taxable","16":"shipping-taxable","17":"purchasable","18":"product-type-simple"},"acf":[],"yoast_head":"<!-- This site is optimized with the Yoast SEO plugin v27.2 - https:\/\/yoast.com\/product\/yoast-seo-wordpress\/ -->\n<title>3+2 GRATUITS Ultimate Apple Cider Vinegar - Foodie<\/title>\n<meta name=\"description\" content=\"Ultimate Apple Cider Vinegar est sous forme de g\u00e9lules, ce qui vous \u00e9vite d&#039;endommager vos dents. Lorsque vous prenez du vinaigre de cidre de pomme sous forme liquide, l&#039;acide peut endommager gravement l&#039;\u00e9mail de vos dents. Le vinaigre de cidre de pomme offre des avantages holistiques, allant de l&#039;am\u00e9lioration de la digestion et du soutien de la gestion du poids, \u00e0 la stabilisation de la glyc\u00e9mie et au soutien de la d\u00e9toxification. C&#039;est un ajout polyvalent \u00e0 un mode de vie sain. Avec les g\u00e9lules, vous n&#039;aurez pas l&#039;inconv\u00e9nient d&#039;endommager vos dents ! Prenez 1 capsule d&#039;Ultimate Apple Cider Vinegar deux fois par jour avec votre repas et vous b\u00e9n\u00e9ficierez des avantages du vinaigre de cidre de pomme.\" \/>\n<meta name=\"robots\" content=\"noindex, nofollow\" \/>\n<meta property=\"og:locale\" content=\"fr_FR\" \/>\n<meta property=\"og:type\" content=\"article\" \/>\n<meta property=\"og:title\" content=\"3+2 GRATUITS Ultimate Apple Cider Vinegar - Foodie\" \/>\n<meta property=\"og:description\" content=\"Ultimate Apple Cider Vinegar est sous forme de g\u00e9lules, ce qui vous \u00e9vite d&#039;endommager vos dents. Lorsque vous prenez du vinaigre de cidre de pomme sous forme liquide, l&#039;acide peut endommager gravement l&#039;\u00e9mail de vos dents. Le vinaigre de cidre de pomme offre des avantages holistiques, allant de l&#039;am\u00e9lioration de la digestion et du soutien de la gestion du poids, \u00e0 la stabilisation de la glyc\u00e9mie et au soutien de la d\u00e9toxification. C&#039;est un ajout polyvalent \u00e0 un mode de vie sain. Avec les g\u00e9lules, vous n&#039;aurez pas l&#039;inconv\u00e9nient d&#039;endommager vos dents ! Prenez 1 capsule d&#039;Ultimate Apple Cider Vinegar deux fois par jour avec votre repas et vous b\u00e9n\u00e9ficierez des avantages du vinaigre de cidre de pomme.\" \/>\n<meta property=\"og:url\" content=\"https:\/\/www.foodie.nl\/fr\/produit\/32-free-ultimate-apple-cider-vinegar-60-gelules\/\" \/>\n<meta property=\"og:site_name\" content=\"Foodie\" \/>\n<meta property=\"article:modified_time\" content=\"2025-02-21T13:58:06+00:00\" \/>\n<meta property=\"og:image\" content=\"https:\/\/www.foodie.nl\/app\/uploads\/BOGO-producten-74.png\" \/>\n\t<meta property=\"og:image:width\" content=\"800\" \/>\n\t<meta property=\"og:image:height\" content=\"800\" \/>\n\t<meta property=\"og:image:type\" content=\"image\/png\" \/>\n<meta name=\"twitter:card\" content=\"summary_large_image\" \/>\n<meta name=\"twitter:label1\" content=\"Dur\u00e9e de lecture estim\u00e9e\" \/>\n\t<meta name=\"twitter:data1\" content=\"1 minute\" \/>\n<script type=\"application\/ld+json\" class=\"yoast-schema-graph\">{\"@context\":\"https:\/\/schema.org\",\"@graph\":[{\"@type\":\"WebPage\",\"@id\":\"https:\/\/www.foodie.nl\/fr\/produit\/32-free-ultimate-apple-cider-vinegar-60-gelules\/\",\"url\":\"https:\/\/www.foodie.nl\/fr\/produit\/32-free-ultimate-apple-cider-vinegar-60-gelules\/\",\"name\":\"3+2 GRATUITS Ultimate Apple Cider Vinegar - Foodie\",\"isPartOf\":{\"@id\":\"https:\/\/www.foodie.nl\/fr\/#website\"},\"primaryImageOfPage\":{\"@id\":\"https:\/\/www.foodie.nl\/fr\/produit\/32-free-ultimate-apple-cider-vinegar-60-gelules\/#primaryimage\"},\"image\":{\"@id\":\"https:\/\/www.foodie.nl\/fr\/produit\/32-free-ultimate-apple-cider-vinegar-60-gelules\/#primaryimage\"},\"thumbnailUrl\":\"https:\/\/www.foodie.nl\/app\/uploads\/BOGO-producten-74.png\",\"datePublished\":\"2021-08-30T18:36:27+00:00\",\"dateModified\":\"2025-02-21T13:58:06+00:00\",\"description\":\"Ultimate Apple Cider Vinegar est sous forme de g\u00e9lules, ce qui vous \u00e9vite d'endommager vos dents. Lorsque vous prenez du vinaigre de cidre de pomme sous forme liquide, l'acide peut endommager gravement l'\u00e9mail de vos dents. Le vinaigre de cidre de pomme offre des avantages holistiques, allant de l'am\u00e9lioration de la digestion et du soutien de la gestion du poids, \u00e0 la stabilisation de la glyc\u00e9mie et au soutien de la d\u00e9toxification. C'est un ajout polyvalent \u00e0 un mode de vie sain. Avec les g\u00e9lules, vous n'aurez pas l'inconv\u00e9nient d'endommager vos dents ! Prenez 1 capsule d'Ultimate Apple Cider Vinegar deux fois par jour avec votre repas et vous b\u00e9n\u00e9ficierez des avantages du vinaigre de cidre de pomme.\",\"breadcrumb\":{\"@id\":\"https:\/\/www.foodie.nl\/fr\/produit\/32-free-ultimate-apple-cider-vinegar-60-gelules\/#breadcrumb\"},\"inLanguage\":\"fr-FR\",\"potentialAction\":[{\"@type\":\"ReadAction\",\"target\":[\"https:\/\/www.foodie.nl\/fr\/produit\/32-free-ultimate-apple-cider-vinegar-60-gelules\/\"]}]},{\"@type\":\"ImageObject\",\"inLanguage\":\"fr-FR\",\"@id\":\"https:\/\/www.foodie.nl\/fr\/produit\/32-free-ultimate-apple-cider-vinegar-60-gelules\/#primaryimage\",\"url\":\"https:\/\/www.foodie.nl\/app\/uploads\/BOGO-producten-74.png\",\"contentUrl\":\"https:\/\/www.foodie.nl\/app\/uploads\/BOGO-producten-74.png\",\"width\":800,\"height\":800},{\"@type\":\"BreadcrumbList\",\"@id\":\"https:\/\/www.foodie.nl\/fr\/produit\/32-free-ultimate-apple-cider-vinegar-60-gelules\/#breadcrumb\",\"itemListElement\":[{\"@type\":\"ListItem\",\"position\":1,\"name\":\"Home\",\"item\":\"https:\/\/www.foodie.nl\/fr\/\"},{\"@type\":\"ListItem\",\"position\":2,\"name\":\"Produits\",\"item\":\"https:\/\/www.foodie.nl\/fr\/shop\/\"},{\"@type\":\"ListItem\",\"position\":3,\"name\":\"3+2 GRATUITS Ultimate Apple Cider Vinegar\"}]},{\"@type\":\"WebSite\",\"@id\":\"https:\/\/www.foodie.nl\/fr\/#website\",\"url\":\"https:\/\/www.foodie.nl\/fr\/\",\"name\":\"Foodie\",\"description\":\"Elke Hap Telt\",\"publisher\":{\"@id\":\"https:\/\/www.foodie.nl\/fr\/#organization\"},\"potentialAction\":[{\"@type\":\"SearchAction\",\"target\":{\"@type\":\"EntryPoint\",\"urlTemplate\":\"https:\/\/www.foodie.nl\/fr\/?s={search_term_string}\"},\"query-input\":{\"@type\":\"PropertyValueSpecification\",\"valueRequired\":true,\"valueName\":\"search_term_string\"}}],\"inLanguage\":\"fr-FR\"},{\"@type\":\"Organization\",\"@id\":\"https:\/\/www.foodie.nl\/fr\/#organization\",\"name\":\"Foodie\",\"url\":\"https:\/\/www.foodie.nl\/fr\/\",\"logo\":{\"@type\":\"ImageObject\",\"inLanguage\":\"fr-FR\",\"@id\":\"https:\/\/www.foodie.nl\/fr\/#\/schema\/logo\/image\/\",\"url\":\"https:\/\/www.foodie.nl\/app\/uploads\/2025\/01\/logo-foodie-wide@2x.png\",\"contentUrl\":\"https:\/\/www.foodie.nl\/app\/uploads\/2025\/01\/logo-foodie-wide@2x.png\",\"width\":236,\"height\":128,\"caption\":\"Foodie\"},\"image\":{\"@id\":\"https:\/\/www.foodie.nl\/fr\/#\/schema\/logo\/image\/\"}}]}<\/script>\n<!-- \/ Yoast SEO plugin. -->","yoast_head_json":{"title":"3+2 GRATUITS Ultimate Apple Cider Vinegar - Foodie","description":"Ultimate Apple Cider Vinegar est sous forme de g\u00e9lules, ce qui vous \u00e9vite d'endommager vos dents. Lorsque vous prenez du vinaigre de cidre de pomme sous forme liquide, l'acide peut endommager gravement l'\u00e9mail de vos dents. Le vinaigre de cidre de pomme offre des avantages holistiques, allant de l'am\u00e9lioration de la digestion et du soutien de la gestion du poids, \u00e0 la stabilisation de la glyc\u00e9mie et au soutien de la d\u00e9toxification. C'est un ajout polyvalent \u00e0 un mode de vie sain. Avec les g\u00e9lules, vous n'aurez pas l'inconv\u00e9nient d'endommager vos dents ! Prenez 1 capsule d'Ultimate Apple Cider Vinegar deux fois par jour avec votre repas et vous b\u00e9n\u00e9ficierez des avantages du vinaigre de cidre de pomme.","robots":{"index":"noindex","follow":"nofollow"},"og_locale":"fr_FR","og_type":"article","og_title":"3+2 GRATUITS Ultimate Apple Cider Vinegar - Foodie","og_description":"Ultimate Apple Cider Vinegar est sous forme de g\u00e9lules, ce qui vous \u00e9vite d'endommager vos dents. Lorsque vous prenez du vinaigre de cidre de pomme sous forme liquide, l'acide peut endommager gravement l'\u00e9mail de vos dents. Le vinaigre de cidre de pomme offre des avantages holistiques, allant de l'am\u00e9lioration de la digestion et du soutien de la gestion du poids, \u00e0 la stabilisation de la glyc\u00e9mie et au soutien de la d\u00e9toxification. C'est un ajout polyvalent \u00e0 un mode de vie sain. Avec les g\u00e9lules, vous n'aurez pas l'inconv\u00e9nient d'endommager vos dents ! Prenez 1 capsule d'Ultimate Apple Cider Vinegar deux fois par jour avec votre repas et vous b\u00e9n\u00e9ficierez des avantages du vinaigre de cidre de pomme.","og_url":"https:\/\/www.foodie.nl\/fr\/produit\/32-free-ultimate-apple-cider-vinegar-60-gelules\/","og_site_name":"Foodie","article_modified_time":"2025-02-21T13:58:06+00:00","og_image":[{"width":800,"height":800,"url":"https:\/\/www.foodie.nl\/app\/uploads\/BOGO-producten-74.png","type":"image\/png"}],"twitter_card":"summary_large_image","twitter_misc":{"Dur\u00e9e de lecture estim\u00e9e":"1 minute"},"schema":{"@context":"https:\/\/schema.org","@graph":[{"@type":"WebPage","@id":"https:\/\/www.foodie.nl\/fr\/produit\/32-free-ultimate-apple-cider-vinegar-60-gelules\/","url":"https:\/\/www.foodie.nl\/fr\/produit\/32-free-ultimate-apple-cider-vinegar-60-gelules\/","name":"3+2 GRATUITS Ultimate Apple Cider Vinegar - Foodie","isPartOf":{"@id":"https:\/\/www.foodie.nl\/fr\/#website"},"primaryImageOfPage":{"@id":"https:\/\/www.foodie.nl\/fr\/produit\/32-free-ultimate-apple-cider-vinegar-60-gelules\/#primaryimage"},"image":{"@id":"https:\/\/www.foodie.nl\/fr\/produit\/32-free-ultimate-apple-cider-vinegar-60-gelules\/#primaryimage"},"thumbnailUrl":"https:\/\/www.foodie.nl\/app\/uploads\/BOGO-producten-74.png","datePublished":"2021-08-30T18:36:27+00:00","dateModified":"2025-02-21T13:58:06+00:00","description":"Ultimate Apple Cider Vinegar est sous forme de g\u00e9lules, ce qui vous \u00e9vite d'endommager vos dents. Lorsque vous prenez du vinaigre de cidre de pomme sous forme liquide, l'acide peut endommager gravement l'\u00e9mail de vos dents. Le vinaigre de cidre de pomme offre des avantages holistiques, allant de l'am\u00e9lioration de la digestion et du soutien de la gestion du poids, \u00e0 la stabilisation de la glyc\u00e9mie et au soutien de la d\u00e9toxification. C'est un ajout polyvalent \u00e0 un mode de vie sain. Avec les g\u00e9lules, vous n'aurez pas l'inconv\u00e9nient d'endommager vos dents ! Prenez 1 capsule d'Ultimate Apple Cider Vinegar deux fois par jour avec votre repas et vous b\u00e9n\u00e9ficierez des avantages du vinaigre de cidre de pomme.","breadcrumb":{"@id":"https:\/\/www.foodie.nl\/fr\/produit\/32-free-ultimate-apple-cider-vinegar-60-gelules\/#breadcrumb"},"inLanguage":"fr-FR","potentialAction":[{"@type":"ReadAction","target":["https:\/\/www.foodie.nl\/fr\/produit\/32-free-ultimate-apple-cider-vinegar-60-gelules\/"]}]},{"@type":"ImageObject","inLanguage":"fr-FR","@id":"https:\/\/www.foodie.nl\/fr\/produit\/32-free-ultimate-apple-cider-vinegar-60-gelules\/#primaryimage","url":"https:\/\/www.foodie.nl\/app\/uploads\/BOGO-producten-74.png","contentUrl":"https:\/\/www.foodie.nl\/app\/uploads\/BOGO-producten-74.png","width":800,"height":800},{"@type":"BreadcrumbList","@id":"https:\/\/www.foodie.nl\/fr\/produit\/32-free-ultimate-apple-cider-vinegar-60-gelules\/#breadcrumb","itemListElement":[{"@type":"ListItem","position":1,"name":"Home","item":"https:\/\/www.foodie.nl\/fr\/"},{"@type":"ListItem","position":2,"name":"Produits","item":"https:\/\/www.foodie.nl\/fr\/shop\/"},{"@type":"ListItem","position":3,"name":"3+2 GRATUITS Ultimate Apple Cider Vinegar"}]},{"@type":"WebSite","@id":"https:\/\/www.foodie.nl\/fr\/#website","url":"https:\/\/www.foodie.nl\/fr\/","name":"Foodie","description":"Elke Hap Telt","publisher":{"@id":"https:\/\/www.foodie.nl\/fr\/#organization"},"potentialAction":[{"@type":"SearchAction","target":{"@type":"EntryPoint","urlTemplate":"https:\/\/www.foodie.nl\/fr\/?s={search_term_string}"},"query-input":{"@type":"PropertyValueSpecification","valueRequired":true,"valueName":"search_term_string"}}],"inLanguage":"fr-FR"},{"@type":"Organization","@id":"https:\/\/www.foodie.nl\/fr\/#organization","name":"Foodie","url":"https:\/\/www.foodie.nl\/fr\/","logo":{"@type":"ImageObject","inLanguage":"fr-FR","@id":"https:\/\/www.foodie.nl\/fr\/#\/schema\/logo\/image\/","url":"https:\/\/www.foodie.nl\/app\/uploads\/2025\/01\/logo-foodie-wide@2x.png","contentUrl":"https:\/\/www.foodie.nl\/app\/uploads\/2025\/01\/logo-foodie-wide@2x.png","width":236,"height":128,"caption":"Foodie"},"image":{"@id":"https:\/\/www.foodie.nl\/fr\/#\/schema\/logo\/image\/"}}]}},"_links":{"self":[{"href":"https:\/\/www.foodie.nl\/fr\/wp-json\/wp\/v2\/product\/1125540","targetHints":{"allow":["GET"]}}],"collection":[{"href":"https:\/\/www.foodie.nl\/fr\/wp-json\/wp\/v2\/product"}],"about":[{"href":"https:\/\/www.foodie.nl\/fr\/wp-json\/wp\/v2\/types\/product"}],"wp:featuredmedia":[{"embeddable":true,"href":"https:\/\/www.foodie.nl\/fr\/wp-json\/wp\/v2\/media\/1118647"}],"wp:attachment":[{"href":"https:\/\/www.foodie.nl\/fr\/wp-json\/wp\/v2\/media?parent=1125540"}],"wp:term":[{"taxonomy":"product_brand","embeddable":true,"href":"https:\/\/www.foodie.nl\/fr\/wp-json\/wp\/v2\/product_brand?post=1125540"},{"taxonomy":"product_cat","embeddable":true,"href":"https:\/\/www.foodie.nl\/fr\/wp-json\/wp\/v2\/product_cat?post=1125540"},{"taxonomy":"product_tag","embeddable":true,"href":"https:\/\/www.foodie.nl\/fr\/wp-json\/wp\/v2\/product_tag?post=1125540"}],"curies":[{"name":"wp","href":"https:\/\/api.w.org\/{rel}","templated":true}]}}