{"id":1125621,"date":"2023-11-16T12:23:57","date_gmt":"2023-11-16T11:23:57","guid":{"rendered":"https:\/\/www.foodie.nl\/product\/powder-towder-foodie\/"},"modified":"2024-09-11T10:56:56","modified_gmt":"2024-09-11T08:56:56","slug":"powder-towder-foodie","status":"publish","type":"product","link":"https:\/\/www.foodie.nl\/fr\/produit\/powder-towder-foodie\/","title":{"rendered":"Tour \u00e0 poudre"},"content":{"rendered":"<p>Tour \u00e0 poudre par Foodie<\/p>\n","protected":false},"excerpt":{"rendered":"<p>Avec le Foodie Powder Tower, vous pouvez stocker vos poudres de Collag\u00e8ne, d&rsquo;Electrolytes, de MCT ou de Yummie Greens pour les emporter partout.<br \/>\nLe design est refermable et se compose de 3 pots, chacun pouvant \u00eatre ferm\u00e9 par le couvercle.<br \/>\nSi vous ne souhaitez utiliser qu&rsquo;un ou deux pots, aucun probl\u00e8me.<br \/>\nId\u00e9al pour emporter en voyage, en week-end ou au travail.<\/p>\n","protected":false},"featured_media":1118267,"template":"","meta":{"_acf_changed":false,"om_disable_all_campaigns":false},"product_brand":[],"product_cat":[204,178],"product_tag":[],"class_list":{"0":"post-1125621","1":"product","2":"type-product","3":"status-publish","4":"has-post-thumbnail","6":"product_cat-accessoires-fr","7":"product_cat-offre-reguliere","8":"sales-flash-overlay","9":"woocommerce-text-align-center","10":"woocommerce-image-align-center","11":"do-quantity-buttons","13":"first","14":"instock","15":"taxable","16":"shipping-taxable","17":"purchasable","18":"product-type-simple"},"acf":[],"yoast_head":"<!-- This site is optimized with the Yoast SEO plugin v27.4 - https:\/\/yoast.com\/product\/yoast-seo-wordpress\/ -->\n<title>Tour \u00e0 poudre - Foodie<\/title>\n<meta name=\"description\" content=\"Avec le Foodie Powder Tower, vous pouvez stocker vos poudres de Collag\u00e8ne, d&#039;Electrolytes, de MCT ou de Yummie Greens pour les emporter partout. Le design est refermable et se compose de 3 pots, chacun pouvant \u00eatre ferm\u00e9 par le couvercle. Si vous ne souhaitez utiliser qu&#039;un ou deux pots, aucun probl\u00e8me. Id\u00e9al pour emporter en voyage, en week-end ou au travail.\" \/>\n<meta name=\"robots\" content=\"noindex, nofollow\" \/>\n<meta property=\"og:locale\" content=\"fr_FR\" \/>\n<meta property=\"og:type\" content=\"article\" \/>\n<meta property=\"og:title\" content=\"Tour \u00e0 poudre - Foodie\" \/>\n<meta property=\"og:description\" content=\"Avec le Foodie Powder Tower, vous pouvez stocker vos poudres de Collag\u00e8ne, d&#039;Electrolytes, de MCT ou de Yummie Greens pour les emporter partout. Le design est refermable et se compose de 3 pots, chacun pouvant \u00eatre ferm\u00e9 par le couvercle. Si vous ne souhaitez utiliser qu&#039;un ou deux pots, aucun probl\u00e8me. Id\u00e9al pour emporter en voyage, en week-end ou au travail.\" \/>\n<meta property=\"og:url\" content=\"https:\/\/www.foodie.nl\/fr\/produit\/powder-towder-foodie\/\" \/>\n<meta property=\"og:site_name\" content=\"Foodie\" \/>\n<meta property=\"article:modified_time\" content=\"2024-09-11T08:56:56+00:00\" \/>\n<meta property=\"og:image\" content=\"https:\/\/www.foodie.nl\/app\/uploads\/gift-powder-tower.png\" \/>\n\t<meta property=\"og:image:width\" content=\"800\" \/>\n\t<meta property=\"og:image:height\" content=\"800\" \/>\n\t<meta property=\"og:image:type\" content=\"image\/png\" \/>\n<meta name=\"twitter:card\" content=\"summary_large_image\" \/>\n<meta name=\"twitter:label1\" content=\"Dur\u00e9e de lecture estim\u00e9e\" \/>\n\t<meta name=\"twitter:data1\" content=\"1 minute\" \/>\n<script type=\"application\/ld+json\" class=\"yoast-schema-graph\">{\"@context\":\"https:\\\/\\\/schema.org\",\"@graph\":[{\"@type\":\"WebPage\",\"@id\":\"https:\\\/\\\/www.foodie.nl\\\/fr\\\/produit\\\/powder-towder-foodie\\\/\",\"url\":\"https:\\\/\\\/www.foodie.nl\\\/fr\\\/produit\\\/powder-towder-foodie\\\/\",\"name\":\"Tour \u00e0 poudre - Foodie\",\"isPartOf\":{\"@id\":\"https:\\\/\\\/www.foodie.nl\\\/fr\\\/#website\"},\"primaryImageOfPage\":{\"@id\":\"https:\\\/\\\/www.foodie.nl\\\/fr\\\/produit\\\/powder-towder-foodie\\\/#primaryimage\"},\"image\":{\"@id\":\"https:\\\/\\\/www.foodie.nl\\\/fr\\\/produit\\\/powder-towder-foodie\\\/#primaryimage\"},\"thumbnailUrl\":\"https:\\\/\\\/www.foodie.nl\\\/app\\\/uploads\\\/gift-powder-tower.png\",\"datePublished\":\"2023-11-16T11:23:57+00:00\",\"dateModified\":\"2024-09-11T08:56:56+00:00\",\"description\":\"Avec le Foodie Powder Tower, vous pouvez stocker vos poudres de Collag\u00e8ne, d'Electrolytes, de MCT ou de Yummie Greens pour les emporter partout. Le design est refermable et se compose de 3 pots, chacun pouvant \u00eatre ferm\u00e9 par le couvercle. Si vous ne souhaitez utiliser qu'un ou deux pots, aucun probl\u00e8me. Id\u00e9al pour emporter en voyage, en week-end ou au travail.\",\"breadcrumb\":{\"@id\":\"https:\\\/\\\/www.foodie.nl\\\/fr\\\/produit\\\/powder-towder-foodie\\\/#breadcrumb\"},\"inLanguage\":\"fr-FR\",\"potentialAction\":[{\"@type\":\"ReadAction\",\"target\":[\"https:\\\/\\\/www.foodie.nl\\\/fr\\\/produit\\\/powder-towder-foodie\\\/\"]}]},{\"@type\":\"ImageObject\",\"inLanguage\":\"fr-FR\",\"@id\":\"https:\\\/\\\/www.foodie.nl\\\/fr\\\/produit\\\/powder-towder-foodie\\\/#primaryimage\",\"url\":\"https:\\\/\\\/www.foodie.nl\\\/app\\\/uploads\\\/gift-powder-tower.png\",\"contentUrl\":\"https:\\\/\\\/www.foodie.nl\\\/app\\\/uploads\\\/gift-powder-tower.png\",\"width\":800,\"height\":800},{\"@type\":\"BreadcrumbList\",\"@id\":\"https:\\\/\\\/www.foodie.nl\\\/fr\\\/produit\\\/powder-towder-foodie\\\/#breadcrumb\",\"itemListElement\":[{\"@type\":\"ListItem\",\"position\":1,\"name\":\"Home\",\"item\":\"https:\\\/\\\/www.foodie.nl\\\/fr\\\/\"},{\"@type\":\"ListItem\",\"position\":2,\"name\":\"Produits\",\"item\":\"https:\\\/\\\/www.foodie.nl\\\/fr\\\/shop\\\/\"},{\"@type\":\"ListItem\",\"position\":3,\"name\":\"Tour \u00e0 poudre\"}]},{\"@type\":\"WebSite\",\"@id\":\"https:\\\/\\\/www.foodie.nl\\\/fr\\\/#website\",\"url\":\"https:\\\/\\\/www.foodie.nl\\\/fr\\\/\",\"name\":\"Foodie\",\"description\":\"Elke Hap Telt\",\"publisher\":{\"@id\":\"https:\\\/\\\/www.foodie.nl\\\/fr\\\/#organization\"},\"potentialAction\":[{\"@type\":\"SearchAction\",\"target\":{\"@type\":\"EntryPoint\",\"urlTemplate\":\"https:\\\/\\\/www.foodie.nl\\\/fr\\\/?s={search_term_string}\"},\"query-input\":{\"@type\":\"PropertyValueSpecification\",\"valueRequired\":true,\"valueName\":\"search_term_string\"}}],\"inLanguage\":\"fr-FR\"},{\"@type\":\"Organization\",\"@id\":\"https:\\\/\\\/www.foodie.nl\\\/fr\\\/#organization\",\"name\":\"Foodie\",\"url\":\"https:\\\/\\\/www.foodie.nl\\\/fr\\\/\",\"logo\":{\"@type\":\"ImageObject\",\"inLanguage\":\"fr-FR\",\"@id\":\"https:\\\/\\\/www.foodie.nl\\\/fr\\\/#\\\/schema\\\/logo\\\/image\\\/\",\"url\":\"https:\\\/\\\/www.foodie.nl\\\/app\\\/uploads\\\/2025\\\/01\\\/logo-foodie-wide@2x.png\",\"contentUrl\":\"https:\\\/\\\/www.foodie.nl\\\/app\\\/uploads\\\/2025\\\/01\\\/logo-foodie-wide@2x.png\",\"width\":236,\"height\":128,\"caption\":\"Foodie\"},\"image\":{\"@id\":\"https:\\\/\\\/www.foodie.nl\\\/fr\\\/#\\\/schema\\\/logo\\\/image\\\/\"}}]}<\/script>\n<!-- \/ Yoast SEO plugin. -->","yoast_head_json":{"title":"Tour \u00e0 poudre - Foodie","description":"Avec le Foodie Powder Tower, vous pouvez stocker vos poudres de Collag\u00e8ne, d'Electrolytes, de MCT ou de Yummie Greens pour les emporter partout. Le design est refermable et se compose de 3 pots, chacun pouvant \u00eatre ferm\u00e9 par le couvercle. Si vous ne souhaitez utiliser qu'un ou deux pots, aucun probl\u00e8me. Id\u00e9al pour emporter en voyage, en week-end ou au travail.","robots":{"index":"noindex","follow":"nofollow"},"og_locale":"fr_FR","og_type":"article","og_title":"Tour \u00e0 poudre - Foodie","og_description":"Avec le Foodie Powder Tower, vous pouvez stocker vos poudres de Collag\u00e8ne, d'Electrolytes, de MCT ou de Yummie Greens pour les emporter partout. Le design est refermable et se compose de 3 pots, chacun pouvant \u00eatre ferm\u00e9 par le couvercle. Si vous ne souhaitez utiliser qu'un ou deux pots, aucun probl\u00e8me. Id\u00e9al pour emporter en voyage, en week-end ou au travail.","og_url":"https:\/\/www.foodie.nl\/fr\/produit\/powder-towder-foodie\/","og_site_name":"Foodie","article_modified_time":"2024-09-11T08:56:56+00:00","og_image":[{"width":800,"height":800,"url":"https:\/\/www.foodie.nl\/app\/uploads\/gift-powder-tower.png","type":"image\/png"}],"twitter_card":"summary_large_image","twitter_misc":{"Dur\u00e9e de lecture estim\u00e9e":"1 minute"},"schema":{"@context":"https:\/\/schema.org","@graph":[{"@type":"WebPage","@id":"https:\/\/www.foodie.nl\/fr\/produit\/powder-towder-foodie\/","url":"https:\/\/www.foodie.nl\/fr\/produit\/powder-towder-foodie\/","name":"Tour \u00e0 poudre - Foodie","isPartOf":{"@id":"https:\/\/www.foodie.nl\/fr\/#website"},"primaryImageOfPage":{"@id":"https:\/\/www.foodie.nl\/fr\/produit\/powder-towder-foodie\/#primaryimage"},"image":{"@id":"https:\/\/www.foodie.nl\/fr\/produit\/powder-towder-foodie\/#primaryimage"},"thumbnailUrl":"https:\/\/www.foodie.nl\/app\/uploads\/gift-powder-tower.png","datePublished":"2023-11-16T11:23:57+00:00","dateModified":"2024-09-11T08:56:56+00:00","description":"Avec le Foodie Powder Tower, vous pouvez stocker vos poudres de Collag\u00e8ne, d'Electrolytes, de MCT ou de Yummie Greens pour les emporter partout. Le design est refermable et se compose de 3 pots, chacun pouvant \u00eatre ferm\u00e9 par le couvercle. Si vous ne souhaitez utiliser qu'un ou deux pots, aucun probl\u00e8me. Id\u00e9al pour emporter en voyage, en week-end ou au travail.","breadcrumb":{"@id":"https:\/\/www.foodie.nl\/fr\/produit\/powder-towder-foodie\/#breadcrumb"},"inLanguage":"fr-FR","potentialAction":[{"@type":"ReadAction","target":["https:\/\/www.foodie.nl\/fr\/produit\/powder-towder-foodie\/"]}]},{"@type":"ImageObject","inLanguage":"fr-FR","@id":"https:\/\/www.foodie.nl\/fr\/produit\/powder-towder-foodie\/#primaryimage","url":"https:\/\/www.foodie.nl\/app\/uploads\/gift-powder-tower.png","contentUrl":"https:\/\/www.foodie.nl\/app\/uploads\/gift-powder-tower.png","width":800,"height":800},{"@type":"BreadcrumbList","@id":"https:\/\/www.foodie.nl\/fr\/produit\/powder-towder-foodie\/#breadcrumb","itemListElement":[{"@type":"ListItem","position":1,"name":"Home","item":"https:\/\/www.foodie.nl\/fr\/"},{"@type":"ListItem","position":2,"name":"Produits","item":"https:\/\/www.foodie.nl\/fr\/shop\/"},{"@type":"ListItem","position":3,"name":"Tour \u00e0 poudre"}]},{"@type":"WebSite","@id":"https:\/\/www.foodie.nl\/fr\/#website","url":"https:\/\/www.foodie.nl\/fr\/","name":"Foodie","description":"Elke Hap Telt","publisher":{"@id":"https:\/\/www.foodie.nl\/fr\/#organization"},"potentialAction":[{"@type":"SearchAction","target":{"@type":"EntryPoint","urlTemplate":"https:\/\/www.foodie.nl\/fr\/?s={search_term_string}"},"query-input":{"@type":"PropertyValueSpecification","valueRequired":true,"valueName":"search_term_string"}}],"inLanguage":"fr-FR"},{"@type":"Organization","@id":"https:\/\/www.foodie.nl\/fr\/#organization","name":"Foodie","url":"https:\/\/www.foodie.nl\/fr\/","logo":{"@type":"ImageObject","inLanguage":"fr-FR","@id":"https:\/\/www.foodie.nl\/fr\/#\/schema\/logo\/image\/","url":"https:\/\/www.foodie.nl\/app\/uploads\/2025\/01\/logo-foodie-wide@2x.png","contentUrl":"https:\/\/www.foodie.nl\/app\/uploads\/2025\/01\/logo-foodie-wide@2x.png","width":236,"height":128,"caption":"Foodie"},"image":{"@id":"https:\/\/www.foodie.nl\/fr\/#\/schema\/logo\/image\/"}}]}},"_links":{"self":[{"href":"https:\/\/www.foodie.nl\/fr\/wp-json\/wp\/v2\/product\/1125621","targetHints":{"allow":["GET"]}}],"collection":[{"href":"https:\/\/www.foodie.nl\/fr\/wp-json\/wp\/v2\/product"}],"about":[{"href":"https:\/\/www.foodie.nl\/fr\/wp-json\/wp\/v2\/types\/product"}],"wp:featuredmedia":[{"embeddable":true,"href":"https:\/\/www.foodie.nl\/fr\/wp-json\/wp\/v2\/media\/1118267"}],"wp:attachment":[{"href":"https:\/\/www.foodie.nl\/fr\/wp-json\/wp\/v2\/media?parent=1125621"}],"wp:term":[{"taxonomy":"product_brand","embeddable":true,"href":"https:\/\/www.foodie.nl\/fr\/wp-json\/wp\/v2\/product_brand?post=1125621"},{"taxonomy":"product_cat","embeddable":true,"href":"https:\/\/www.foodie.nl\/fr\/wp-json\/wp\/v2\/product_cat?post=1125621"},{"taxonomy":"product_tag","embeddable":true,"href":"https:\/\/www.foodie.nl\/fr\/wp-json\/wp\/v2\/product_tag?post=1125621"}],"curies":[{"name":"wp","href":"https:\/\/api.w.org\/{rel}","templated":true}]}}