{"id":1125622,"date":"2023-11-16T11:46:05","date_gmt":"2023-11-16T10:46:05","guid":{"rendered":"https:\/\/www.foodie.nl\/product\/bouteille-en-aluminium-foodie\/"},"modified":"2024-09-11T10:52:39","modified_gmt":"2024-09-11T08:52:39","slug":"bouteille-en-aluminium-foodie","status":"publish","type":"product","link":"https:\/\/www.foodie.nl\/fr\/produit\/bouteille-en-aluminium-foodie\/","title":{"rendered":"Bouteille en aluminium"},"content":{"rendered":"<p>Bouteille en aluminium de Foodie<\/p>\n","protected":false},"excerpt":{"rendered":"<p>Bouteille en aluminium Foodie&rsquo;s.<br \/>\nUtilisez cette bouteille en aluminium r\u00e9utilisable pour emporter votre boisson pr\u00e9f\u00e9r\u00e9e au travail, \u00e0 une activit\u00e9 sportive, \u00e0 l&rsquo;\u00e9cole ou n&rsquo;importe o\u00f9.<br \/>\nAvec sa couleur noire mate \u00e9l\u00e9gante et sa capacit\u00e9 de 750 ml, vous pouvez d\u00e9j\u00e0 transporter une grande quantit\u00e9 de votre boisson pr\u00e9f\u00e9r\u00e9e.<\/p>\n","protected":false},"featured_media":1118265,"template":"","meta":{"_acf_changed":false,"om_disable_all_campaigns":false},"product_brand":[],"product_cat":[204,178],"product_tag":[],"class_list":{"0":"post-1125622","1":"product","2":"type-product","3":"status-publish","4":"has-post-thumbnail","6":"product_cat-accessoires-fr","7":"product_cat-offre-reguliere","8":"sales-flash-overlay","9":"woocommerce-text-align-center","10":"woocommerce-image-align-center","11":"do-quantity-buttons","13":"first","14":"instock","15":"taxable","16":"shipping-taxable","17":"purchasable","18":"product-type-simple"},"acf":[],"yoast_head":"<!-- This site is optimized with the Yoast SEO plugin v27.4 - https:\/\/yoast.com\/product\/yoast-seo-wordpress\/ -->\n<title>Bouteille en aluminium - Foodie<\/title>\n<meta name=\"description\" content=\"Bouteille en aluminium Foodie&#039;s. Utilisez cette bouteille en aluminium r\u00e9utilisable pour emporter votre boisson pr\u00e9f\u00e9r\u00e9e au travail, \u00e0 une activit\u00e9 sportive, \u00e0 l&#039;\u00e9cole ou n&#039;importe o\u00f9. Avec sa couleur noire mate \u00e9l\u00e9gante et sa capacit\u00e9 de 750 ml, vous pouvez d\u00e9j\u00e0 transporter une grande quantit\u00e9 de votre boisson pr\u00e9f\u00e9r\u00e9e.\" \/>\n<meta name=\"robots\" content=\"noindex, nofollow\" \/>\n<meta property=\"og:locale\" content=\"fr_FR\" \/>\n<meta property=\"og:type\" content=\"article\" \/>\n<meta property=\"og:title\" content=\"Bouteille en aluminium - Foodie\" \/>\n<meta property=\"og:description\" content=\"Bouteille en aluminium Foodie&#039;s. Utilisez cette bouteille en aluminium r\u00e9utilisable pour emporter votre boisson pr\u00e9f\u00e9r\u00e9e au travail, \u00e0 une activit\u00e9 sportive, \u00e0 l&#039;\u00e9cole ou n&#039;importe o\u00f9. Avec sa couleur noire mate \u00e9l\u00e9gante et sa capacit\u00e9 de 750 ml, vous pouvez d\u00e9j\u00e0 transporter une grande quantit\u00e9 de votre boisson pr\u00e9f\u00e9r\u00e9e.\" \/>\n<meta property=\"og:url\" content=\"https:\/\/www.foodie.nl\/fr\/produit\/bouteille-en-aluminium-foodie\/\" \/>\n<meta property=\"og:site_name\" content=\"Foodie\" \/>\n<meta property=\"article:modified_time\" content=\"2024-09-11T08:52:39+00:00\" \/>\n<meta property=\"og:image\" content=\"https:\/\/www.foodie.nl\/app\/uploads\/gift-bottle.png\" \/>\n\t<meta property=\"og:image:width\" content=\"800\" \/>\n\t<meta property=\"og:image:height\" content=\"800\" \/>\n\t<meta property=\"og:image:type\" content=\"image\/png\" \/>\n<meta name=\"twitter:card\" content=\"summary_large_image\" \/>\n<meta name=\"twitter:label1\" content=\"Dur\u00e9e de lecture estim\u00e9e\" \/>\n\t<meta name=\"twitter:data1\" content=\"1 minute\" \/>\n<script type=\"application\/ld+json\" class=\"yoast-schema-graph\">{\"@context\":\"https:\\\/\\\/schema.org\",\"@graph\":[{\"@type\":\"WebPage\",\"@id\":\"https:\\\/\\\/www.foodie.nl\\\/fr\\\/produit\\\/bouteille-en-aluminium-foodie\\\/\",\"url\":\"https:\\\/\\\/www.foodie.nl\\\/fr\\\/produit\\\/bouteille-en-aluminium-foodie\\\/\",\"name\":\"Bouteille en aluminium - Foodie\",\"isPartOf\":{\"@id\":\"https:\\\/\\\/www.foodie.nl\\\/fr\\\/#website\"},\"primaryImageOfPage\":{\"@id\":\"https:\\\/\\\/www.foodie.nl\\\/fr\\\/produit\\\/bouteille-en-aluminium-foodie\\\/#primaryimage\"},\"image\":{\"@id\":\"https:\\\/\\\/www.foodie.nl\\\/fr\\\/produit\\\/bouteille-en-aluminium-foodie\\\/#primaryimage\"},\"thumbnailUrl\":\"https:\\\/\\\/www.foodie.nl\\\/app\\\/uploads\\\/gift-bottle.png\",\"datePublished\":\"2023-11-16T10:46:05+00:00\",\"dateModified\":\"2024-09-11T08:52:39+00:00\",\"description\":\"Bouteille en aluminium Foodie's. Utilisez cette bouteille en aluminium r\u00e9utilisable pour emporter votre boisson pr\u00e9f\u00e9r\u00e9e au travail, \u00e0 une activit\u00e9 sportive, \u00e0 l'\u00e9cole ou n'importe o\u00f9. Avec sa couleur noire mate \u00e9l\u00e9gante et sa capacit\u00e9 de 750 ml, vous pouvez d\u00e9j\u00e0 transporter une grande quantit\u00e9 de votre boisson pr\u00e9f\u00e9r\u00e9e.\",\"breadcrumb\":{\"@id\":\"https:\\\/\\\/www.foodie.nl\\\/fr\\\/produit\\\/bouteille-en-aluminium-foodie\\\/#breadcrumb\"},\"inLanguage\":\"fr-FR\",\"potentialAction\":[{\"@type\":\"ReadAction\",\"target\":[\"https:\\\/\\\/www.foodie.nl\\\/fr\\\/produit\\\/bouteille-en-aluminium-foodie\\\/\"]}]},{\"@type\":\"ImageObject\",\"inLanguage\":\"fr-FR\",\"@id\":\"https:\\\/\\\/www.foodie.nl\\\/fr\\\/produit\\\/bouteille-en-aluminium-foodie\\\/#primaryimage\",\"url\":\"https:\\\/\\\/www.foodie.nl\\\/app\\\/uploads\\\/gift-bottle.png\",\"contentUrl\":\"https:\\\/\\\/www.foodie.nl\\\/app\\\/uploads\\\/gift-bottle.png\",\"width\":800,\"height\":800},{\"@type\":\"BreadcrumbList\",\"@id\":\"https:\\\/\\\/www.foodie.nl\\\/fr\\\/produit\\\/bouteille-en-aluminium-foodie\\\/#breadcrumb\",\"itemListElement\":[{\"@type\":\"ListItem\",\"position\":1,\"name\":\"Home\",\"item\":\"https:\\\/\\\/www.foodie.nl\\\/fr\\\/\"},{\"@type\":\"ListItem\",\"position\":2,\"name\":\"Produits\",\"item\":\"https:\\\/\\\/www.foodie.nl\\\/fr\\\/shop\\\/\"},{\"@type\":\"ListItem\",\"position\":3,\"name\":\"Bouteille en aluminium\"}]},{\"@type\":\"WebSite\",\"@id\":\"https:\\\/\\\/www.foodie.nl\\\/fr\\\/#website\",\"url\":\"https:\\\/\\\/www.foodie.nl\\\/fr\\\/\",\"name\":\"Foodie\",\"description\":\"Elke Hap Telt\",\"publisher\":{\"@id\":\"https:\\\/\\\/www.foodie.nl\\\/fr\\\/#organization\"},\"potentialAction\":[{\"@type\":\"SearchAction\",\"target\":{\"@type\":\"EntryPoint\",\"urlTemplate\":\"https:\\\/\\\/www.foodie.nl\\\/fr\\\/?s={search_term_string}\"},\"query-input\":{\"@type\":\"PropertyValueSpecification\",\"valueRequired\":true,\"valueName\":\"search_term_string\"}}],\"inLanguage\":\"fr-FR\"},{\"@type\":\"Organization\",\"@id\":\"https:\\\/\\\/www.foodie.nl\\\/fr\\\/#organization\",\"name\":\"Foodie\",\"url\":\"https:\\\/\\\/www.foodie.nl\\\/fr\\\/\",\"logo\":{\"@type\":\"ImageObject\",\"inLanguage\":\"fr-FR\",\"@id\":\"https:\\\/\\\/www.foodie.nl\\\/fr\\\/#\\\/schema\\\/logo\\\/image\\\/\",\"url\":\"https:\\\/\\\/www.foodie.nl\\\/app\\\/uploads\\\/2025\\\/01\\\/logo-foodie-wide@2x.png\",\"contentUrl\":\"https:\\\/\\\/www.foodie.nl\\\/app\\\/uploads\\\/2025\\\/01\\\/logo-foodie-wide@2x.png\",\"width\":236,\"height\":128,\"caption\":\"Foodie\"},\"image\":{\"@id\":\"https:\\\/\\\/www.foodie.nl\\\/fr\\\/#\\\/schema\\\/logo\\\/image\\\/\"}}]}<\/script>\n<!-- \/ Yoast SEO plugin. -->","yoast_head_json":{"title":"Bouteille en aluminium - Foodie","description":"Bouteille en aluminium Foodie's. Utilisez cette bouteille en aluminium r\u00e9utilisable pour emporter votre boisson pr\u00e9f\u00e9r\u00e9e au travail, \u00e0 une activit\u00e9 sportive, \u00e0 l'\u00e9cole ou n'importe o\u00f9. Avec sa couleur noire mate \u00e9l\u00e9gante et sa capacit\u00e9 de 750 ml, vous pouvez d\u00e9j\u00e0 transporter une grande quantit\u00e9 de votre boisson pr\u00e9f\u00e9r\u00e9e.","robots":{"index":"noindex","follow":"nofollow"},"og_locale":"fr_FR","og_type":"article","og_title":"Bouteille en aluminium - Foodie","og_description":"Bouteille en aluminium Foodie's. Utilisez cette bouteille en aluminium r\u00e9utilisable pour emporter votre boisson pr\u00e9f\u00e9r\u00e9e au travail, \u00e0 une activit\u00e9 sportive, \u00e0 l'\u00e9cole ou n'importe o\u00f9. Avec sa couleur noire mate \u00e9l\u00e9gante et sa capacit\u00e9 de 750 ml, vous pouvez d\u00e9j\u00e0 transporter une grande quantit\u00e9 de votre boisson pr\u00e9f\u00e9r\u00e9e.","og_url":"https:\/\/www.foodie.nl\/fr\/produit\/bouteille-en-aluminium-foodie\/","og_site_name":"Foodie","article_modified_time":"2024-09-11T08:52:39+00:00","og_image":[{"width":800,"height":800,"url":"https:\/\/www.foodie.nl\/app\/uploads\/gift-bottle.png","type":"image\/png"}],"twitter_card":"summary_large_image","twitter_misc":{"Dur\u00e9e de lecture estim\u00e9e":"1 minute"},"schema":{"@context":"https:\/\/schema.org","@graph":[{"@type":"WebPage","@id":"https:\/\/www.foodie.nl\/fr\/produit\/bouteille-en-aluminium-foodie\/","url":"https:\/\/www.foodie.nl\/fr\/produit\/bouteille-en-aluminium-foodie\/","name":"Bouteille en aluminium - Foodie","isPartOf":{"@id":"https:\/\/www.foodie.nl\/fr\/#website"},"primaryImageOfPage":{"@id":"https:\/\/www.foodie.nl\/fr\/produit\/bouteille-en-aluminium-foodie\/#primaryimage"},"image":{"@id":"https:\/\/www.foodie.nl\/fr\/produit\/bouteille-en-aluminium-foodie\/#primaryimage"},"thumbnailUrl":"https:\/\/www.foodie.nl\/app\/uploads\/gift-bottle.png","datePublished":"2023-11-16T10:46:05+00:00","dateModified":"2024-09-11T08:52:39+00:00","description":"Bouteille en aluminium Foodie's. Utilisez cette bouteille en aluminium r\u00e9utilisable pour emporter votre boisson pr\u00e9f\u00e9r\u00e9e au travail, \u00e0 une activit\u00e9 sportive, \u00e0 l'\u00e9cole ou n'importe o\u00f9. Avec sa couleur noire mate \u00e9l\u00e9gante et sa capacit\u00e9 de 750 ml, vous pouvez d\u00e9j\u00e0 transporter une grande quantit\u00e9 de votre boisson pr\u00e9f\u00e9r\u00e9e.","breadcrumb":{"@id":"https:\/\/www.foodie.nl\/fr\/produit\/bouteille-en-aluminium-foodie\/#breadcrumb"},"inLanguage":"fr-FR","potentialAction":[{"@type":"ReadAction","target":["https:\/\/www.foodie.nl\/fr\/produit\/bouteille-en-aluminium-foodie\/"]}]},{"@type":"ImageObject","inLanguage":"fr-FR","@id":"https:\/\/www.foodie.nl\/fr\/produit\/bouteille-en-aluminium-foodie\/#primaryimage","url":"https:\/\/www.foodie.nl\/app\/uploads\/gift-bottle.png","contentUrl":"https:\/\/www.foodie.nl\/app\/uploads\/gift-bottle.png","width":800,"height":800},{"@type":"BreadcrumbList","@id":"https:\/\/www.foodie.nl\/fr\/produit\/bouteille-en-aluminium-foodie\/#breadcrumb","itemListElement":[{"@type":"ListItem","position":1,"name":"Home","item":"https:\/\/www.foodie.nl\/fr\/"},{"@type":"ListItem","position":2,"name":"Produits","item":"https:\/\/www.foodie.nl\/fr\/shop\/"},{"@type":"ListItem","position":3,"name":"Bouteille en aluminium"}]},{"@type":"WebSite","@id":"https:\/\/www.foodie.nl\/fr\/#website","url":"https:\/\/www.foodie.nl\/fr\/","name":"Foodie","description":"Elke Hap Telt","publisher":{"@id":"https:\/\/www.foodie.nl\/fr\/#organization"},"potentialAction":[{"@type":"SearchAction","target":{"@type":"EntryPoint","urlTemplate":"https:\/\/www.foodie.nl\/fr\/?s={search_term_string}"},"query-input":{"@type":"PropertyValueSpecification","valueRequired":true,"valueName":"search_term_string"}}],"inLanguage":"fr-FR"},{"@type":"Organization","@id":"https:\/\/www.foodie.nl\/fr\/#organization","name":"Foodie","url":"https:\/\/www.foodie.nl\/fr\/","logo":{"@type":"ImageObject","inLanguage":"fr-FR","@id":"https:\/\/www.foodie.nl\/fr\/#\/schema\/logo\/image\/","url":"https:\/\/www.foodie.nl\/app\/uploads\/2025\/01\/logo-foodie-wide@2x.png","contentUrl":"https:\/\/www.foodie.nl\/app\/uploads\/2025\/01\/logo-foodie-wide@2x.png","width":236,"height":128,"caption":"Foodie"},"image":{"@id":"https:\/\/www.foodie.nl\/fr\/#\/schema\/logo\/image\/"}}]}},"_links":{"self":[{"href":"https:\/\/www.foodie.nl\/fr\/wp-json\/wp\/v2\/product\/1125622","targetHints":{"allow":["GET"]}}],"collection":[{"href":"https:\/\/www.foodie.nl\/fr\/wp-json\/wp\/v2\/product"}],"about":[{"href":"https:\/\/www.foodie.nl\/fr\/wp-json\/wp\/v2\/types\/product"}],"wp:featuredmedia":[{"embeddable":true,"href":"https:\/\/www.foodie.nl\/fr\/wp-json\/wp\/v2\/media\/1118265"}],"wp:attachment":[{"href":"https:\/\/www.foodie.nl\/fr\/wp-json\/wp\/v2\/media?parent=1125622"}],"wp:term":[{"taxonomy":"product_brand","embeddable":true,"href":"https:\/\/www.foodie.nl\/fr\/wp-json\/wp\/v2\/product_brand?post=1125622"},{"taxonomy":"product_cat","embeddable":true,"href":"https:\/\/www.foodie.nl\/fr\/wp-json\/wp\/v2\/product_cat?post=1125622"},{"taxonomy":"product_tag","embeddable":true,"href":"https:\/\/www.foodie.nl\/fr\/wp-json\/wp\/v2\/product_tag?post=1125622"}],"curies":[{"name":"wp","href":"https:\/\/api.w.org\/{rel}","templated":true}]}}