{"id":1125651,"date":"2020-08-14T16:34:12","date_gmt":"2020-08-14T14:34:12","guid":{"rendered":"https:\/\/www.foodie.nl\/product\/61-collagen-plus-vanilla-y-compris-le-livre-electronique-collagen-desserts-300g\/"},"modified":"2025-02-21T13:55:55","modified_gmt":"2025-02-21T12:55:55","slug":"61-collagen-plus-vanilla-y-compris-le-livre-electronique-collagen-desserts-300g","status":"publish","type":"product","link":"https:\/\/www.foodie.nl\/fr\/produit\/61-collagen-plus-vanilla-y-compris-le-livre-electronique-collagen-desserts-300g\/","title":{"rendered":"6+1 GRATUIT Collag\u00e8ne Plus Vanille"},"content":{"rendered":"<p><strong>Valeur nutritionnelle moyenne par portion (10 g) :<\/strong><\/p>\n<ul>\n<li>\u00c9nergie : 190,5 KJ \/ 45,2 kcal<\/li>\n<li>Mati\u00e8res grasses : 2,3 g<\/li>\n<li>Glucides : 0,1 g<\/li>\n<li>Fibres alimentaires : 1 g<\/li>\n<li>Prot\u00e9ines : 5,6 g<\/li>\n<li>Sodium : 0,04 g<\/li>\n<li>Vitamine C : 56,4 mg<strong style=\"font-size: inherit; font-family: -apple-system, system-ui, BlinkMacSystemFont, 'Segoe UI', Helvetica, Arial, sans-serif, 'Apple Color Emoji', 'Segoe UI Emoji', 'Segoe UI Symbol';\"><br \/>\nIngr\u00e9dients:<\/strong><span style=\"font-size: inherit; font-family: -apple-system, system-ui, BlinkMacSystemFont, 'Segoe UI', Helvetica, Arial, sans-serif, 'Apple Color Emoji', 'Segoe UI Emoji', 'Segoe UI Symbol';\">\u00a0collag\u00e8ne bovin hydrolys\u00e9 type I &amp; III, MCT provenant de l&rsquo;huile de coco, vitamine C (extrait d\u2019ac\u00e9rola), st\u00e9via et ar\u00f4me naturel.<\/span><br \/>\n<strong><br \/>\nPosologie:<\/strong>\u00a0m\u00e9langez environ 10 grammes de Collag\u00e8ne Plus chaque jour dans votre boisson froide ou chaude pr\u00e9f\u00e9r\u00e9e. Ceci correspond \u00e0 une mesure remplie jusqu\u2019\u00e0 la marque des 25 ml par jour.<strong>Conservation:<\/strong>\u00a0conserver au frais et au sec.<\/p>\n<p><strong>Allerg\u00e8nes:<\/strong>\u00a0ce produit ne contient aucun allerg\u00e8ne.<\/p>\n<p><strong>Avertissement:<\/strong>\u00a0ce produit n\u2019est pas un m\u00e9dicament et n\u2019est pas destin\u00e9 \u00e0 diagnostiquer, pr\u00e9venir, traiter ou gu\u00e9rir une maladie ou une affection. Un compl\u00e9ment alimentaire ne doit pas \u00eatre utilis\u00e9 en remplacement d\u2019une alimentation vari\u00e9e. Ne pas d\u00e9passer la dose journali\u00e8re recommand\u00e9e. Conserver hors de port\u00e9e des enfants.<\/li>\n<\/ul>\n","protected":false},"excerpt":{"rendered":"<p>Le Collag\u00e8ne Plus combine le meilleur de trois mondes.<br \/>\nIl est sp\u00e9cialement con\u00e7u pour aider les personnes qui souhaitent compl\u00e9ter leur mode de vie sain avec : \u2705 Des graisses MCT facilement digestibles pour une \u00e9nergie utilisable instantan\u00e9ment \u2705 Des prot\u00e9ines de collag\u00e8ne de haute qualit\u00e9 pour la r\u00e9paration des muscles, de la peau, des cheveux et des ongles \u2705 Avec la vitamine C 100% naturelle de l&rsquo;ac\u00e9rola.<\/p>\n","protected":false},"featured_media":1177648,"template":"","meta":{"_acf_changed":false,"om_disable_all_campaigns":false},"product_brand":[],"product_cat":[187],"product_tag":[],"class_list":{"0":"post-1125651","1":"product","2":"type-product","3":"status-publish","4":"has-post-thumbnail","6":"product_cat-collagene-plus","7":"sales-flash-overlay","8":"woocommerce-text-align-center","9":"woocommerce-image-align-center","10":"do-quantity-buttons","12":"first","13":"instock","14":"downloadable","15":"taxable","16":"shipping-taxable","17":"purchasable","18":"product-type-simple"},"acf":[],"yoast_head":"<!-- This site is optimized with the Yoast SEO plugin v27.4 - https:\/\/yoast.com\/product\/yoast-seo-wordpress\/ -->\n<title>6+1 GRATUIT Collag\u00e8ne Plus Vanille - Foodie<\/title>\n<meta name=\"description\" content=\"Le Collag\u00e8ne Plus combine le meilleur de trois mondes. Il est sp\u00e9cialement con\u00e7u pour aider les personnes qui souhaitent compl\u00e9ter leur mode de vie sain avec : \u2705 Des graisses MCT facilement digestibles pour une \u00e9nergie utilisable instantan\u00e9ment \u2705 Des prot\u00e9ines de collag\u00e8ne de haute qualit\u00e9 pour la r\u00e9paration des muscles, de la peau, des cheveux et des ongles \u2705 Avec la vitamine C 100% naturelle de l&#039;ac\u00e9rola.\" \/>\n<meta name=\"robots\" content=\"noindex, nofollow\" \/>\n<meta property=\"og:locale\" content=\"fr_FR\" \/>\n<meta property=\"og:type\" content=\"article\" \/>\n<meta property=\"og:title\" content=\"6+1 GRATUIT Collag\u00e8ne Plus Vanille - Foodie\" \/>\n<meta property=\"og:description\" content=\"Le Collag\u00e8ne Plus combine le meilleur de trois mondes. Il est sp\u00e9cialement con\u00e7u pour aider les personnes qui souhaitent compl\u00e9ter leur mode de vie sain avec : \u2705 Des graisses MCT facilement digestibles pour une \u00e9nergie utilisable instantan\u00e9ment \u2705 Des prot\u00e9ines de collag\u00e8ne de haute qualit\u00e9 pour la r\u00e9paration des muscles, de la peau, des cheveux et des ongles \u2705 Avec la vitamine C 100% naturelle de l&#039;ac\u00e9rola.\" \/>\n<meta property=\"og:url\" content=\"https:\/\/www.foodie.nl\/fr\/produit\/61-collagen-plus-vanilla-y-compris-le-livre-electronique-collagen-desserts-300g\/\" \/>\n<meta property=\"og:site_name\" content=\"Foodie\" \/>\n<meta property=\"article:modified_time\" content=\"2025-02-21T12:55:55+00:00\" \/>\n<meta property=\"og:image\" content=\"https:\/\/www.foodie.nl\/app\/uploads\/BOGO-producten-38.png\" \/>\n\t<meta property=\"og:image:width\" content=\"800\" \/>\n\t<meta property=\"og:image:height\" content=\"800\" \/>\n\t<meta property=\"og:image:type\" content=\"image\/png\" \/>\n<meta name=\"twitter:card\" content=\"summary_large_image\" \/>\n<meta name=\"twitter:label1\" content=\"Dur\u00e9e de lecture estim\u00e9e\" \/>\n\t<meta name=\"twitter:data1\" content=\"1 minute\" \/>\n<script type=\"application\/ld+json\" class=\"yoast-schema-graph\">{\"@context\":\"https:\\\/\\\/schema.org\",\"@graph\":[{\"@type\":\"WebPage\",\"@id\":\"https:\\\/\\\/www.foodie.nl\\\/fr\\\/produit\\\/61-collagen-plus-vanilla-y-compris-le-livre-electronique-collagen-desserts-300g\\\/\",\"url\":\"https:\\\/\\\/www.foodie.nl\\\/fr\\\/produit\\\/61-collagen-plus-vanilla-y-compris-le-livre-electronique-collagen-desserts-300g\\\/\",\"name\":\"6+1 GRATUIT Collag\u00e8ne Plus Vanille - Foodie\",\"isPartOf\":{\"@id\":\"https:\\\/\\\/www.foodie.nl\\\/fr\\\/#website\"},\"primaryImageOfPage\":{\"@id\":\"https:\\\/\\\/www.foodie.nl\\\/fr\\\/produit\\\/61-collagen-plus-vanilla-y-compris-le-livre-electronique-collagen-desserts-300g\\\/#primaryimage\"},\"image\":{\"@id\":\"https:\\\/\\\/www.foodie.nl\\\/fr\\\/produit\\\/61-collagen-plus-vanilla-y-compris-le-livre-electronique-collagen-desserts-300g\\\/#primaryimage\"},\"thumbnailUrl\":\"https:\\\/\\\/www.foodie.nl\\\/app\\\/uploads\\\/2025\\\/10\\\/BOGO-producten-2025-10-31T165603.952.png\",\"datePublished\":\"2020-08-14T14:34:12+00:00\",\"dateModified\":\"2025-02-21T12:55:55+00:00\",\"description\":\"Le Collag\u00e8ne Plus combine le meilleur de trois mondes. Il est sp\u00e9cialement con\u00e7u pour aider les personnes qui souhaitent compl\u00e9ter leur mode de vie sain avec : \u2705 Des graisses MCT facilement digestibles pour une \u00e9nergie utilisable instantan\u00e9ment \u2705 Des prot\u00e9ines de collag\u00e8ne de haute qualit\u00e9 pour la r\u00e9paration des muscles, de la peau, des cheveux et des ongles \u2705 Avec la vitamine C 100% naturelle de l'ac\u00e9rola.\",\"breadcrumb\":{\"@id\":\"https:\\\/\\\/www.foodie.nl\\\/fr\\\/produit\\\/61-collagen-plus-vanilla-y-compris-le-livre-electronique-collagen-desserts-300g\\\/#breadcrumb\"},\"inLanguage\":\"fr-FR\",\"potentialAction\":[{\"@type\":\"ReadAction\",\"target\":[\"https:\\\/\\\/www.foodie.nl\\\/fr\\\/produit\\\/61-collagen-plus-vanilla-y-compris-le-livre-electronique-collagen-desserts-300g\\\/\"]}]},{\"@type\":\"ImageObject\",\"inLanguage\":\"fr-FR\",\"@id\":\"https:\\\/\\\/www.foodie.nl\\\/fr\\\/produit\\\/61-collagen-plus-vanilla-y-compris-le-livre-electronique-collagen-desserts-300g\\\/#primaryimage\",\"url\":\"https:\\\/\\\/www.foodie.nl\\\/app\\\/uploads\\\/2025\\\/10\\\/BOGO-producten-2025-10-31T165603.952.png\",\"contentUrl\":\"https:\\\/\\\/www.foodie.nl\\\/app\\\/uploads\\\/2025\\\/10\\\/BOGO-producten-2025-10-31T165603.952.png\",\"width\":2400,\"height\":2400},{\"@type\":\"BreadcrumbList\",\"@id\":\"https:\\\/\\\/www.foodie.nl\\\/fr\\\/produit\\\/61-collagen-plus-vanilla-y-compris-le-livre-electronique-collagen-desserts-300g\\\/#breadcrumb\",\"itemListElement\":[{\"@type\":\"ListItem\",\"position\":1,\"name\":\"Home\",\"item\":\"https:\\\/\\\/www.foodie.nl\\\/fr\\\/\"},{\"@type\":\"ListItem\",\"position\":2,\"name\":\"Produits\",\"item\":\"https:\\\/\\\/www.foodie.nl\\\/fr\\\/shop\\\/\"},{\"@type\":\"ListItem\",\"position\":3,\"name\":\"6+1 GRATUIT Collag\u00e8ne Plus Vanille\"}]},{\"@type\":\"WebSite\",\"@id\":\"https:\\\/\\\/www.foodie.nl\\\/fr\\\/#website\",\"url\":\"https:\\\/\\\/www.foodie.nl\\\/fr\\\/\",\"name\":\"Foodie\",\"description\":\"Elke Hap Telt\",\"publisher\":{\"@id\":\"https:\\\/\\\/www.foodie.nl\\\/fr\\\/#organization\"},\"potentialAction\":[{\"@type\":\"SearchAction\",\"target\":{\"@type\":\"EntryPoint\",\"urlTemplate\":\"https:\\\/\\\/www.foodie.nl\\\/fr\\\/?s={search_term_string}\"},\"query-input\":{\"@type\":\"PropertyValueSpecification\",\"valueRequired\":true,\"valueName\":\"search_term_string\"}}],\"inLanguage\":\"fr-FR\"},{\"@type\":\"Organization\",\"@id\":\"https:\\\/\\\/www.foodie.nl\\\/fr\\\/#organization\",\"name\":\"Foodie\",\"url\":\"https:\\\/\\\/www.foodie.nl\\\/fr\\\/\",\"logo\":{\"@type\":\"ImageObject\",\"inLanguage\":\"fr-FR\",\"@id\":\"https:\\\/\\\/www.foodie.nl\\\/fr\\\/#\\\/schema\\\/logo\\\/image\\\/\",\"url\":\"https:\\\/\\\/www.foodie.nl\\\/app\\\/uploads\\\/2025\\\/01\\\/logo-foodie-wide@2x.png\",\"contentUrl\":\"https:\\\/\\\/www.foodie.nl\\\/app\\\/uploads\\\/2025\\\/01\\\/logo-foodie-wide@2x.png\",\"width\":236,\"height\":128,\"caption\":\"Foodie\"},\"image\":{\"@id\":\"https:\\\/\\\/www.foodie.nl\\\/fr\\\/#\\\/schema\\\/logo\\\/image\\\/\"}}]}<\/script>\n<!-- \/ Yoast SEO plugin. -->","yoast_head_json":{"title":"6+1 GRATUIT Collag\u00e8ne Plus Vanille - Foodie","description":"Le Collag\u00e8ne Plus combine le meilleur de trois mondes. Il est sp\u00e9cialement con\u00e7u pour aider les personnes qui souhaitent compl\u00e9ter leur mode de vie sain avec : \u2705 Des graisses MCT facilement digestibles pour une \u00e9nergie utilisable instantan\u00e9ment \u2705 Des prot\u00e9ines de collag\u00e8ne de haute qualit\u00e9 pour la r\u00e9paration des muscles, de la peau, des cheveux et des ongles \u2705 Avec la vitamine C 100% naturelle de l'ac\u00e9rola.","robots":{"index":"noindex","follow":"nofollow"},"og_locale":"fr_FR","og_type":"article","og_title":"6+1 GRATUIT Collag\u00e8ne Plus Vanille - Foodie","og_description":"Le Collag\u00e8ne Plus combine le meilleur de trois mondes. Il est sp\u00e9cialement con\u00e7u pour aider les personnes qui souhaitent compl\u00e9ter leur mode de vie sain avec : \u2705 Des graisses MCT facilement digestibles pour une \u00e9nergie utilisable instantan\u00e9ment \u2705 Des prot\u00e9ines de collag\u00e8ne de haute qualit\u00e9 pour la r\u00e9paration des muscles, de la peau, des cheveux et des ongles \u2705 Avec la vitamine C 100% naturelle de l'ac\u00e9rola.","og_url":"https:\/\/www.foodie.nl\/fr\/produit\/61-collagen-plus-vanilla-y-compris-le-livre-electronique-collagen-desserts-300g\/","og_site_name":"Foodie","article_modified_time":"2025-02-21T12:55:55+00:00","og_image":[{"width":800,"height":800,"url":"https:\/\/www.foodie.nl\/app\/uploads\/BOGO-producten-38.png","type":"image\/png"}],"twitter_card":"summary_large_image","twitter_misc":{"Dur\u00e9e de lecture estim\u00e9e":"1 minute"},"schema":{"@context":"https:\/\/schema.org","@graph":[{"@type":"WebPage","@id":"https:\/\/www.foodie.nl\/fr\/produit\/61-collagen-plus-vanilla-y-compris-le-livre-electronique-collagen-desserts-300g\/","url":"https:\/\/www.foodie.nl\/fr\/produit\/61-collagen-plus-vanilla-y-compris-le-livre-electronique-collagen-desserts-300g\/","name":"6+1 GRATUIT Collag\u00e8ne Plus Vanille - Foodie","isPartOf":{"@id":"https:\/\/www.foodie.nl\/fr\/#website"},"primaryImageOfPage":{"@id":"https:\/\/www.foodie.nl\/fr\/produit\/61-collagen-plus-vanilla-y-compris-le-livre-electronique-collagen-desserts-300g\/#primaryimage"},"image":{"@id":"https:\/\/www.foodie.nl\/fr\/produit\/61-collagen-plus-vanilla-y-compris-le-livre-electronique-collagen-desserts-300g\/#primaryimage"},"thumbnailUrl":"https:\/\/www.foodie.nl\/app\/uploads\/2025\/10\/BOGO-producten-2025-10-31T165603.952.png","datePublished":"2020-08-14T14:34:12+00:00","dateModified":"2025-02-21T12:55:55+00:00","description":"Le Collag\u00e8ne Plus combine le meilleur de trois mondes. Il est sp\u00e9cialement con\u00e7u pour aider les personnes qui souhaitent compl\u00e9ter leur mode de vie sain avec : \u2705 Des graisses MCT facilement digestibles pour une \u00e9nergie utilisable instantan\u00e9ment \u2705 Des prot\u00e9ines de collag\u00e8ne de haute qualit\u00e9 pour la r\u00e9paration des muscles, de la peau, des cheveux et des ongles \u2705 Avec la vitamine C 100% naturelle de l'ac\u00e9rola.","breadcrumb":{"@id":"https:\/\/www.foodie.nl\/fr\/produit\/61-collagen-plus-vanilla-y-compris-le-livre-electronique-collagen-desserts-300g\/#breadcrumb"},"inLanguage":"fr-FR","potentialAction":[{"@type":"ReadAction","target":["https:\/\/www.foodie.nl\/fr\/produit\/61-collagen-plus-vanilla-y-compris-le-livre-electronique-collagen-desserts-300g\/"]}]},{"@type":"ImageObject","inLanguage":"fr-FR","@id":"https:\/\/www.foodie.nl\/fr\/produit\/61-collagen-plus-vanilla-y-compris-le-livre-electronique-collagen-desserts-300g\/#primaryimage","url":"https:\/\/www.foodie.nl\/app\/uploads\/2025\/10\/BOGO-producten-2025-10-31T165603.952.png","contentUrl":"https:\/\/www.foodie.nl\/app\/uploads\/2025\/10\/BOGO-producten-2025-10-31T165603.952.png","width":2400,"height":2400},{"@type":"BreadcrumbList","@id":"https:\/\/www.foodie.nl\/fr\/produit\/61-collagen-plus-vanilla-y-compris-le-livre-electronique-collagen-desserts-300g\/#breadcrumb","itemListElement":[{"@type":"ListItem","position":1,"name":"Home","item":"https:\/\/www.foodie.nl\/fr\/"},{"@type":"ListItem","position":2,"name":"Produits","item":"https:\/\/www.foodie.nl\/fr\/shop\/"},{"@type":"ListItem","position":3,"name":"6+1 GRATUIT Collag\u00e8ne Plus Vanille"}]},{"@type":"WebSite","@id":"https:\/\/www.foodie.nl\/fr\/#website","url":"https:\/\/www.foodie.nl\/fr\/","name":"Foodie","description":"Elke Hap Telt","publisher":{"@id":"https:\/\/www.foodie.nl\/fr\/#organization"},"potentialAction":[{"@type":"SearchAction","target":{"@type":"EntryPoint","urlTemplate":"https:\/\/www.foodie.nl\/fr\/?s={search_term_string}"},"query-input":{"@type":"PropertyValueSpecification","valueRequired":true,"valueName":"search_term_string"}}],"inLanguage":"fr-FR"},{"@type":"Organization","@id":"https:\/\/www.foodie.nl\/fr\/#organization","name":"Foodie","url":"https:\/\/www.foodie.nl\/fr\/","logo":{"@type":"ImageObject","inLanguage":"fr-FR","@id":"https:\/\/www.foodie.nl\/fr\/#\/schema\/logo\/image\/","url":"https:\/\/www.foodie.nl\/app\/uploads\/2025\/01\/logo-foodie-wide@2x.png","contentUrl":"https:\/\/www.foodie.nl\/app\/uploads\/2025\/01\/logo-foodie-wide@2x.png","width":236,"height":128,"caption":"Foodie"},"image":{"@id":"https:\/\/www.foodie.nl\/fr\/#\/schema\/logo\/image\/"}}]}},"_links":{"self":[{"href":"https:\/\/www.foodie.nl\/fr\/wp-json\/wp\/v2\/product\/1125651","targetHints":{"allow":["GET"]}}],"collection":[{"href":"https:\/\/www.foodie.nl\/fr\/wp-json\/wp\/v2\/product"}],"about":[{"href":"https:\/\/www.foodie.nl\/fr\/wp-json\/wp\/v2\/types\/product"}],"wp:featuredmedia":[{"embeddable":true,"href":"https:\/\/www.foodie.nl\/fr\/wp-json\/wp\/v2\/media\/1177648"}],"wp:attachment":[{"href":"https:\/\/www.foodie.nl\/fr\/wp-json\/wp\/v2\/media?parent=1125651"}],"wp:term":[{"taxonomy":"product_brand","embeddable":true,"href":"https:\/\/www.foodie.nl\/fr\/wp-json\/wp\/v2\/product_brand?post=1125651"},{"taxonomy":"product_cat","embeddable":true,"href":"https:\/\/www.foodie.nl\/fr\/wp-json\/wp\/v2\/product_cat?post=1125651"},{"taxonomy":"product_tag","embeddable":true,"href":"https:\/\/www.foodie.nl\/fr\/wp-json\/wp\/v2\/product_tag?post=1125651"}],"curies":[{"name":"wp","href":"https:\/\/api.w.org\/{rel}","templated":true}]}}