{"id":1125667,"date":"2019-07-01T09:07:29","date_gmt":"2019-07-01T07:07:29","guid":{"rendered":"https:\/\/www.foodie.nl\/product\/6x-enzymes-digestives-spectre-complet-30-gelules-offre-unique\/"},"modified":"2025-03-28T10:08:47","modified_gmt":"2025-03-28T09:08:47","slug":"6x-enzymes-digestives-spectre-complet-30-gelules-offre-unique","status":"publish","type":"product","link":"https:\/\/www.foodie.nl\/fr\/produit\/6x-enzymes-digestives-spectre-complet-30-gelules-offre-unique\/","title":{"rendered":"6x Digestive Enzymes (full spectrum) (OTO)"},"content":{"rendered":"<p><strong>Valeur nutritionnelle moyenne par g\u00e9lule :<\/strong><\/p>\n<ul>\n<li>Prot\u00e9ase 1 : 20 000 HUT<\/li>\n<li>Prot\u00e9ase 2 : 4 000 HUT<\/li>\n<li>Aspergillopepsine : 100 SAPU<\/li>\n<li>Amylase : 5 000 DU<\/li>\n<li>Lipase : 1 250 FIP<\/li>\n<li>Cellulase : 500 CU<\/li>\n<li>Glucoamylase : 50 AGU<\/li>\n<li>Invertase : 200 SU<\/li>\n<li>Alpha-Galactosidase : 50 GaIU<\/li>\n<li>B\u00eata-glucanase : 65 BGU<\/li>\n<li>Pectinase : 16,9 PGU<\/li>\n<li>Xylanase : 250 XU<\/li>\n<li>Phytase : 10 FTU<\/li>\n<li>H\u00e9micellulase : 1 000 UHC<\/li>\n<li>Lactase : 500 ALU<\/li>\n<li>Brom\u00e9la\u00efne : 900 000 PU<\/li>\n<li>Papa\u00efne : 100 000 PU<\/li>\n<li>Peptidase : 160 DPPIV<\/li>\n<\/ul>\n<p><strong>Ingr\u00e9dients:<\/strong>\u00a0Toutes les enzymes digestives mentionn\u00e9es ci-dessus, maltodextrine, capsule v\u00e9g\u00e9tale (hypromellose, eau), acides gras \u00e0 cha\u00eene moyenne (MCT).<\/p>\n<p><strong>Posologie:<\/strong>\u00a0Prenez 1 capsule 15 minutes avant le repas.<\/p>\n<p><strong>Conservation:<\/strong>\u00a0Conserver dans un endroit frais et sec, dans un emballage bien ferm\u00e9.<\/p>\n<p><strong>Allerg\u00e8nes:<\/strong>\u00a0Ce produit contient des traces de lait, soja et bl\u00e9.<\/p>\n<p><strong>Avertissement:<\/strong>\u00a0Ce produit n&rsquo;est pas un m\u00e9dicament et n&rsquo;est pas destin\u00e9 \u00e0 diagnostiquer, pr\u00e9venir, traiter ou gu\u00e9rir une maladie ou une affection. Un compl\u00e9ment alimentaire ne doit pas \u00eatre utilis\u00e9 comme substitut \u00e0 une alimentation vari\u00e9e. Ne pas d\u00e9passer la dose quotidienne recommand\u00e9e. Garder hors de port\u00e9e des enfants.<\/p>\n","protected":false},"excerpt":{"rendered":"<p>Valeur nutritionnelle moyenne par g\u00e9lule : Prot\u00e9ase 1 : 20 000 HUT Prot\u00e9ase 2 : 4 000 HUT Aspergillopepsine : 100 SAPU Amylase : 5 000 DU Lipase : 1 &#8230; <\/p>\n<p class=\"read-more-container\"><a title=\"6x Digestive Enzymes (full spectrum) (OTO)\" class=\"read-more button\" href=\"https:\/\/www.foodie.nl\/fr\/produit\/6x-enzymes-digestives-spectre-complet-30-gelules-offre-unique\/#more-1125667\" aria-label=\"En savoir plus sur 6x Digestive Enzymes (full spectrum) (OTO)\">Read more<\/a><\/p>\n","protected":false},"featured_media":1117941,"template":"","meta":{"_acf_changed":false,"om_disable_all_campaigns":false},"product_brand":[],"product_cat":[188,203],"product_tag":[],"class_list":{"0":"post-1125667","1":"product","2":"type-product","3":"status-publish","4":"has-post-thumbnail","6":"product_cat-digestive-enzymes","7":"product_cat-ventes-incitatives","8":"sales-flash-overlay","9":"woocommerce-text-align-center","10":"woocommerce-image-align-center","11":"do-quantity-buttons","13":"first","14":"instock","15":"taxable","16":"shipping-taxable","17":"purchasable","18":"product-type-simple"},"acf":[],"yoast_head":"<!-- This site is optimized with the Yoast SEO plugin v27.4 - https:\/\/yoast.com\/product\/yoast-seo-wordpress\/ -->\n<title>6x Digestive Enzymes (full spectrum) (OTO) - Foodie<\/title>\n<meta name=\"description\" content=\"Valeur nutritionnelle moyenne par g\u00e9lule : Prot\u00e9ase 1 : 20 000 HUT Prot\u00e9ase 2 : 4 000 HUT Aspergillopepsine : 100 SAPU Amylase : 5 000 DU Lipase : 1 250\" \/>\n<meta name=\"robots\" content=\"noindex, nofollow\" \/>\n<meta property=\"og:locale\" content=\"fr_FR\" \/>\n<meta property=\"og:type\" content=\"article\" \/>\n<meta property=\"og:title\" content=\"6x Digestive Enzymes (full spectrum) (OTO) - Foodie\" \/>\n<meta property=\"og:description\" content=\"Valeur nutritionnelle moyenne par g\u00e9lule : Prot\u00e9ase 1 : 20 000 HUT Prot\u00e9ase 2 : 4 000 HUT Aspergillopepsine : 100 SAPU Amylase : 5 000 DU Lipase : 1 250\" \/>\n<meta property=\"og:url\" content=\"https:\/\/www.foodie.nl\/fr\/produit\/6x-enzymes-digestives-spectre-complet-30-gelules-offre-unique\/\" \/>\n<meta property=\"og:site_name\" content=\"Foodie\" \/>\n<meta property=\"article:modified_time\" content=\"2025-03-28T09:08:47+00:00\" \/>\n<meta property=\"og:image\" content=\"https:\/\/www.foodie.nl\/app\/uploads\/2025\/02\/24.png\" \/>\n\t<meta property=\"og:image:width\" content=\"800\" \/>\n\t<meta property=\"og:image:height\" content=\"800\" \/>\n\t<meta property=\"og:image:type\" content=\"image\/png\" \/>\n<meta name=\"twitter:card\" content=\"summary_large_image\" \/>\n<meta name=\"twitter:label1\" content=\"Dur\u00e9e de lecture estim\u00e9e\" \/>\n\t<meta name=\"twitter:data1\" content=\"2 minutes\" \/>\n<script type=\"application\/ld+json\" class=\"yoast-schema-graph\">{\"@context\":\"https:\\\/\\\/schema.org\",\"@graph\":[{\"@type\":\"WebPage\",\"@id\":\"https:\\\/\\\/www.foodie.nl\\\/fr\\\/produit\\\/6x-enzymes-digestives-spectre-complet-30-gelules-offre-unique\\\/\",\"url\":\"https:\\\/\\\/www.foodie.nl\\\/fr\\\/produit\\\/6x-enzymes-digestives-spectre-complet-30-gelules-offre-unique\\\/\",\"name\":\"6x Digestive Enzymes (full spectrum) (OTO) - Foodie\",\"isPartOf\":{\"@id\":\"https:\\\/\\\/www.foodie.nl\\\/fr\\\/#website\"},\"primaryImageOfPage\":{\"@id\":\"https:\\\/\\\/www.foodie.nl\\\/fr\\\/produit\\\/6x-enzymes-digestives-spectre-complet-30-gelules-offre-unique\\\/#primaryimage\"},\"image\":{\"@id\":\"https:\\\/\\\/www.foodie.nl\\\/fr\\\/produit\\\/6x-enzymes-digestives-spectre-complet-30-gelules-offre-unique\\\/#primaryimage\"},\"thumbnailUrl\":\"https:\\\/\\\/www.foodie.nl\\\/app\\\/uploads\\\/2025\\\/02\\\/24.png\",\"datePublished\":\"2019-07-01T07:07:29+00:00\",\"dateModified\":\"2025-03-28T09:08:47+00:00\",\"description\":\"Valeur nutritionnelle moyenne par g\u00e9lule : Prot\u00e9ase 1 : 20 000 HUT Prot\u00e9ase 2 : 4 000 HUT Aspergillopepsine : 100 SAPU Amylase : 5 000 DU Lipase : 1 250\",\"breadcrumb\":{\"@id\":\"https:\\\/\\\/www.foodie.nl\\\/fr\\\/produit\\\/6x-enzymes-digestives-spectre-complet-30-gelules-offre-unique\\\/#breadcrumb\"},\"inLanguage\":\"fr-FR\",\"potentialAction\":[{\"@type\":\"ReadAction\",\"target\":[\"https:\\\/\\\/www.foodie.nl\\\/fr\\\/produit\\\/6x-enzymes-digestives-spectre-complet-30-gelules-offre-unique\\\/\"]}]},{\"@type\":\"ImageObject\",\"inLanguage\":\"fr-FR\",\"@id\":\"https:\\\/\\\/www.foodie.nl\\\/fr\\\/produit\\\/6x-enzymes-digestives-spectre-complet-30-gelules-offre-unique\\\/#primaryimage\",\"url\":\"https:\\\/\\\/www.foodie.nl\\\/app\\\/uploads\\\/2025\\\/02\\\/24.png\",\"contentUrl\":\"https:\\\/\\\/www.foodie.nl\\\/app\\\/uploads\\\/2025\\\/02\\\/24.png\",\"width\":800,\"height\":800},{\"@type\":\"BreadcrumbList\",\"@id\":\"https:\\\/\\\/www.foodie.nl\\\/fr\\\/produit\\\/6x-enzymes-digestives-spectre-complet-30-gelules-offre-unique\\\/#breadcrumb\",\"itemListElement\":[{\"@type\":\"ListItem\",\"position\":1,\"name\":\"Home\",\"item\":\"https:\\\/\\\/www.foodie.nl\\\/fr\\\/\"},{\"@type\":\"ListItem\",\"position\":2,\"name\":\"Produits\",\"item\":\"https:\\\/\\\/www.foodie.nl\\\/fr\\\/shop\\\/\"},{\"@type\":\"ListItem\",\"position\":3,\"name\":\"6x Digestive Enzymes (full spectrum) (OTO)\"}]},{\"@type\":\"WebSite\",\"@id\":\"https:\\\/\\\/www.foodie.nl\\\/fr\\\/#website\",\"url\":\"https:\\\/\\\/www.foodie.nl\\\/fr\\\/\",\"name\":\"Foodie\",\"description\":\"Elke Hap Telt\",\"publisher\":{\"@id\":\"https:\\\/\\\/www.foodie.nl\\\/fr\\\/#organization\"},\"potentialAction\":[{\"@type\":\"SearchAction\",\"target\":{\"@type\":\"EntryPoint\",\"urlTemplate\":\"https:\\\/\\\/www.foodie.nl\\\/fr\\\/?s={search_term_string}\"},\"query-input\":{\"@type\":\"PropertyValueSpecification\",\"valueRequired\":true,\"valueName\":\"search_term_string\"}}],\"inLanguage\":\"fr-FR\"},{\"@type\":\"Organization\",\"@id\":\"https:\\\/\\\/www.foodie.nl\\\/fr\\\/#organization\",\"name\":\"Foodie\",\"url\":\"https:\\\/\\\/www.foodie.nl\\\/fr\\\/\",\"logo\":{\"@type\":\"ImageObject\",\"inLanguage\":\"fr-FR\",\"@id\":\"https:\\\/\\\/www.foodie.nl\\\/fr\\\/#\\\/schema\\\/logo\\\/image\\\/\",\"url\":\"https:\\\/\\\/www.foodie.nl\\\/app\\\/uploads\\\/2025\\\/01\\\/logo-foodie-wide@2x.png\",\"contentUrl\":\"https:\\\/\\\/www.foodie.nl\\\/app\\\/uploads\\\/2025\\\/01\\\/logo-foodie-wide@2x.png\",\"width\":236,\"height\":128,\"caption\":\"Foodie\"},\"image\":{\"@id\":\"https:\\\/\\\/www.foodie.nl\\\/fr\\\/#\\\/schema\\\/logo\\\/image\\\/\"}}]}<\/script>\n<!-- \/ Yoast SEO plugin. -->","yoast_head_json":{"title":"6x Digestive Enzymes (full spectrum) (OTO) - Foodie","description":"Valeur nutritionnelle moyenne par g\u00e9lule : Prot\u00e9ase 1 : 20 000 HUT Prot\u00e9ase 2 : 4 000 HUT Aspergillopepsine : 100 SAPU Amylase : 5 000 DU Lipase : 1 250","robots":{"index":"noindex","follow":"nofollow"},"og_locale":"fr_FR","og_type":"article","og_title":"6x Digestive Enzymes (full spectrum) (OTO) - Foodie","og_description":"Valeur nutritionnelle moyenne par g\u00e9lule : Prot\u00e9ase 1 : 20 000 HUT Prot\u00e9ase 2 : 4 000 HUT Aspergillopepsine : 100 SAPU Amylase : 5 000 DU Lipase : 1 250","og_url":"https:\/\/www.foodie.nl\/fr\/produit\/6x-enzymes-digestives-spectre-complet-30-gelules-offre-unique\/","og_site_name":"Foodie","article_modified_time":"2025-03-28T09:08:47+00:00","og_image":[{"width":800,"height":800,"url":"https:\/\/www.foodie.nl\/app\/uploads\/2025\/02\/24.png","type":"image\/png"}],"twitter_card":"summary_large_image","twitter_misc":{"Dur\u00e9e de lecture estim\u00e9e":"2 minutes"},"schema":{"@context":"https:\/\/schema.org","@graph":[{"@type":"WebPage","@id":"https:\/\/www.foodie.nl\/fr\/produit\/6x-enzymes-digestives-spectre-complet-30-gelules-offre-unique\/","url":"https:\/\/www.foodie.nl\/fr\/produit\/6x-enzymes-digestives-spectre-complet-30-gelules-offre-unique\/","name":"6x Digestive Enzymes (full spectrum) (OTO) - Foodie","isPartOf":{"@id":"https:\/\/www.foodie.nl\/fr\/#website"},"primaryImageOfPage":{"@id":"https:\/\/www.foodie.nl\/fr\/produit\/6x-enzymes-digestives-spectre-complet-30-gelules-offre-unique\/#primaryimage"},"image":{"@id":"https:\/\/www.foodie.nl\/fr\/produit\/6x-enzymes-digestives-spectre-complet-30-gelules-offre-unique\/#primaryimage"},"thumbnailUrl":"https:\/\/www.foodie.nl\/app\/uploads\/2025\/02\/24.png","datePublished":"2019-07-01T07:07:29+00:00","dateModified":"2025-03-28T09:08:47+00:00","description":"Valeur nutritionnelle moyenne par g\u00e9lule : Prot\u00e9ase 1 : 20 000 HUT Prot\u00e9ase 2 : 4 000 HUT Aspergillopepsine : 100 SAPU Amylase : 5 000 DU Lipase : 1 250","breadcrumb":{"@id":"https:\/\/www.foodie.nl\/fr\/produit\/6x-enzymes-digestives-spectre-complet-30-gelules-offre-unique\/#breadcrumb"},"inLanguage":"fr-FR","potentialAction":[{"@type":"ReadAction","target":["https:\/\/www.foodie.nl\/fr\/produit\/6x-enzymes-digestives-spectre-complet-30-gelules-offre-unique\/"]}]},{"@type":"ImageObject","inLanguage":"fr-FR","@id":"https:\/\/www.foodie.nl\/fr\/produit\/6x-enzymes-digestives-spectre-complet-30-gelules-offre-unique\/#primaryimage","url":"https:\/\/www.foodie.nl\/app\/uploads\/2025\/02\/24.png","contentUrl":"https:\/\/www.foodie.nl\/app\/uploads\/2025\/02\/24.png","width":800,"height":800},{"@type":"BreadcrumbList","@id":"https:\/\/www.foodie.nl\/fr\/produit\/6x-enzymes-digestives-spectre-complet-30-gelules-offre-unique\/#breadcrumb","itemListElement":[{"@type":"ListItem","position":1,"name":"Home","item":"https:\/\/www.foodie.nl\/fr\/"},{"@type":"ListItem","position":2,"name":"Produits","item":"https:\/\/www.foodie.nl\/fr\/shop\/"},{"@type":"ListItem","position":3,"name":"6x Digestive Enzymes (full spectrum) (OTO)"}]},{"@type":"WebSite","@id":"https:\/\/www.foodie.nl\/fr\/#website","url":"https:\/\/www.foodie.nl\/fr\/","name":"Foodie","description":"Elke Hap Telt","publisher":{"@id":"https:\/\/www.foodie.nl\/fr\/#organization"},"potentialAction":[{"@type":"SearchAction","target":{"@type":"EntryPoint","urlTemplate":"https:\/\/www.foodie.nl\/fr\/?s={search_term_string}"},"query-input":{"@type":"PropertyValueSpecification","valueRequired":true,"valueName":"search_term_string"}}],"inLanguage":"fr-FR"},{"@type":"Organization","@id":"https:\/\/www.foodie.nl\/fr\/#organization","name":"Foodie","url":"https:\/\/www.foodie.nl\/fr\/","logo":{"@type":"ImageObject","inLanguage":"fr-FR","@id":"https:\/\/www.foodie.nl\/fr\/#\/schema\/logo\/image\/","url":"https:\/\/www.foodie.nl\/app\/uploads\/2025\/01\/logo-foodie-wide@2x.png","contentUrl":"https:\/\/www.foodie.nl\/app\/uploads\/2025\/01\/logo-foodie-wide@2x.png","width":236,"height":128,"caption":"Foodie"},"image":{"@id":"https:\/\/www.foodie.nl\/fr\/#\/schema\/logo\/image\/"}}]}},"_links":{"self":[{"href":"https:\/\/www.foodie.nl\/fr\/wp-json\/wp\/v2\/product\/1125667","targetHints":{"allow":["GET"]}}],"collection":[{"href":"https:\/\/www.foodie.nl\/fr\/wp-json\/wp\/v2\/product"}],"about":[{"href":"https:\/\/www.foodie.nl\/fr\/wp-json\/wp\/v2\/types\/product"}],"wp:featuredmedia":[{"embeddable":true,"href":"https:\/\/www.foodie.nl\/fr\/wp-json\/wp\/v2\/media\/1117941"}],"wp:attachment":[{"href":"https:\/\/www.foodie.nl\/fr\/wp-json\/wp\/v2\/media?parent=1125667"}],"wp:term":[{"taxonomy":"product_brand","embeddable":true,"href":"https:\/\/www.foodie.nl\/fr\/wp-json\/wp\/v2\/product_brand?post=1125667"},{"taxonomy":"product_cat","embeddable":true,"href":"https:\/\/www.foodie.nl\/fr\/wp-json\/wp\/v2\/product_cat?post=1125667"},{"taxonomy":"product_tag","embeddable":true,"href":"https:\/\/www.foodie.nl\/fr\/wp-json\/wp\/v2\/product_tag?post=1125667"}],"curies":[{"name":"wp","href":"https:\/\/api.w.org\/{rel}","templated":true}]}}