{"id":1125712,"date":"2022-05-22T10:54:36","date_gmt":"2022-05-22T08:54:36","guid":{"rendered":"https:\/\/www.foodie.nl\/product\/11-free-ultimate-ashwagandha-60-gelules\/"},"modified":"2025-02-21T15:04:17","modified_gmt":"2025-02-21T14:04:17","slug":"11-free-ultimate-ashwagandha-60-gelules","status":"publish","type":"product","link":"https:\/\/www.foodie.nl\/fr\/produit\/11-free-ultimate-ashwagandha-60-gelules\/","title":{"rendered":"1+1 GRATUIT Ultimate Ashwagandha"},"content":{"rendered":"<p><strong>Valeur nutritionnelle moyenne par 2 g\u00e9lules :<\/strong><\/p>\n<ul>\n<li>Ashwagandha KSM-66\u00ae : 500 mg<\/li>\n<li>Extrait de Tulsi (Basilic sacr\u00e9) : 100 mg<\/li>\n<li>Biotine (vitamine B9) : 100 mcg (200% RDA)<\/li>\n<li>Extrait de poivre noir (Bioperine) : 4mg<\/li>\n<\/ul>\n<p><strong>Ingr\u00e9dients : <\/strong>Ashwagandha KSM-66\u00ae (lait), agent de charge (cellulose), extrait de Tulsi (basilic sacr\u00e9), agent antiagglom\u00e9rant (st\u00e9arate de magn\u00e9sium, dioxyde de silicium), extrait de poivre noir (Bioperine\u00ae), biotine, capsule (HPMC).<\/p>\n<p><strong>Posologie:<\/strong>\u00a0Prenez 2 capsules par jour pendant un repas.<\/p>\n<p><strong>Conservation:<\/strong>\u00a0Conserver dans un endroit frais et sec dans un emballage bien ferm\u00e9.<\/p>\n<p><strong>Allerg\u00e8nes:<\/strong>\u00a0Ce produit peut contenir des traces de lait.<\/p>\n<p><strong>Attention:<\/strong>\u00a0Ce produit n&rsquo;est pas un m\u00e9dicament et n&rsquo;est pas destin\u00e9 \u00e0 diagnostiquer, pr\u00e9venir, traiter ou gu\u00e9rir une maladie ou une affection. Un compl\u00e9ment alimentaire ne doit pas \u00eatre utilis\u00e9 comme substitut \u00e0 une alimentation vari\u00e9e. Ne pas d\u00e9passer la dose quotidienne recommand\u00e9e. Garder hors de port\u00e9e des enfants.<\/p>\n<p>L&rsquo;utilisation d&rsquo;Ashwagandha est d\u00e9conseill\u00e9e pendant la grossesse et\/ou l&rsquo;allaitement. Consultez un m\u00e9decin avant utilisation si vous prenez des hormones thyro\u00efdiennes et\/ou si vous souffrez d&rsquo;une affection thyro\u00efdienne ou si vous prenez des antid\u00e9presseurs.<\/p>\n","protected":false},"excerpt":{"rendered":"<p><strong>Ultimate Ashwagandha<\/strong> vous offre une combinaison unique de 4 ingr\u00e9dients naturels, chacun apportant ses propres bienfaits<\/p>\n<ul>\n<li><strong>Une dose th\u00e9rapeutique de KSM-66\u00ae :<\/strong> 500 mg de l&rsquo;extrait unique de KSM-66, la forme la plus \u00e9tudi\u00e9e et la plus concentr\u00e9e d&rsquo;Ashwagandha.<\/li>\n<li><strong>Basilic sacr\u00e9<\/strong>: 100 mg d&rsquo;extrait de basilic sacr\u00e9 (tulsi) r\u00e9put\u00e9e pour ses propri\u00e9t\u00e9s anti-stress<\/li>\n<li><strong>Biotine<\/strong>: 100 mcg de biotine, essentielle au m\u00e9tabolisme des glucides, des graisses et des prot\u00e9ines, contribuant \u00e0 une production d&rsquo;\u00e9nergie saine et \u00e0 la vitalit\u00e9 g\u00e9n\u00e9rale.<\/li>\n<li><strong>Bioperine\u00ae :<\/strong> Le catalyseur, Bioperine\u00ae,\u00a0 augmente la biodisponibilit\u00e9 de l&rsquo;Ashwagandha et am\u00e9liore l&rsquo;absorption.<\/li>\n<\/ul>\n<p><strong>Ultimate Ashwagandha <\/strong>est formul\u00e9 pour vous aider \u00e0 vous d\u00e9tendre.Ceci gr\u00e2ce \u00e0 la pr\u00e9sence de l&rsquo;extrait brevet\u00e9 KSM-66\u00ae*, de l&rsquo;extrait de Tulsi* et de la Biotine. <em>*Ces all\u00e9gations de sant\u00e9, fond\u00e9es sur des ingr\u00e9dients v\u00e9g\u00e9taux, sont actuellement examin\u00e9es par l&rsquo;EFSA.<\/em><\/p>\n","protected":false},"featured_media":1118331,"template":"","meta":{"_acf_changed":false,"om_disable_all_campaigns":false},"product_brand":[],"product_cat":[191],"product_tag":[],"class_list":{"0":"post-1125712","1":"product","2":"type-product","3":"status-publish","4":"has-post-thumbnail","6":"product_cat-ultimate-ashwagandha","7":"sales-flash-overlay","8":"woocommerce-text-align-center","9":"woocommerce-image-align-center","10":"do-quantity-buttons","12":"first","13":"instock","14":"taxable","15":"shipping-taxable","16":"purchasable","17":"product-type-simple"},"acf":[],"yoast_head":"<!-- This site is optimized with the Yoast SEO plugin v27.2 - https:\/\/yoast.com\/product\/yoast-seo-wordpress\/ -->\n<title>1+1 GRATUIT Ultimate Ashwagandha - Foodie<\/title>\n<meta name=\"description\" content=\"Ultimate Ashwagandha vous offre une combinaison unique de 4 ingr\u00e9dients naturels, chacun apportant ses propres bienfaits   Une dose th\u00e9rapeutique de KSM-66\u00ae : 500 mg de l&#039;extrait unique de KSM-66, la forme la plus \u00e9tudi\u00e9e et la plus concentr\u00e9e d&#039;Ashwagandha.  Basilic sacr\u00e9: 100 mg d&#039;extrait de basilic sacr\u00e9 (tulsi) r\u00e9put\u00e9e pour ses propri\u00e9t\u00e9s anti-stress  Biotine: 100 mcg de biotine, essentielle au m\u00e9tabolisme des glucides, des graisses et des prot\u00e9ines, contribuant \u00e0 une production d&#039;\u00e9nergie saine et \u00e0 la vitalit\u00e9 g\u00e9n\u00e9rale.  Bioperine\u00ae : Le catalyseur, Bioperine\u00ae,\u00a0 augmente la biodisponibilit\u00e9 de l&#039;Ashwagandha et am\u00e9liore l&#039;absorption.  Ultimate Ashwagandha est formul\u00e9 pour vous aider \u00e0 vous d\u00e9tendre.Ceci gr\u00e2ce \u00e0 la pr\u00e9sence de l&#039;extrait brevet\u00e9 KSM-66\u00ae*, de l&#039;extrait de Tulsi* et de la Biotine. *Ces all\u00e9gations de sant\u00e9, fond\u00e9es sur des ingr\u00e9dients v\u00e9g\u00e9taux, sont actuellement examin\u00e9es par l&#039;EFSA.\" \/>\n<meta name=\"robots\" content=\"noindex, nofollow\" \/>\n<meta property=\"og:locale\" content=\"fr_FR\" \/>\n<meta property=\"og:type\" content=\"article\" \/>\n<meta property=\"og:title\" content=\"1+1 GRATUIT Ultimate Ashwagandha - Foodie\" \/>\n<meta property=\"og:description\" content=\"Ultimate Ashwagandha vous offre une combinaison unique de 4 ingr\u00e9dients naturels, chacun apportant ses propres bienfaits   Une dose th\u00e9rapeutique de KSM-66\u00ae : 500 mg de l&#039;extrait unique de KSM-66, la forme la plus \u00e9tudi\u00e9e et la plus concentr\u00e9e d&#039;Ashwagandha.  Basilic sacr\u00e9: 100 mg d&#039;extrait de basilic sacr\u00e9 (tulsi) r\u00e9put\u00e9e pour ses propri\u00e9t\u00e9s anti-stress  Biotine: 100 mcg de biotine, essentielle au m\u00e9tabolisme des glucides, des graisses et des prot\u00e9ines, contribuant \u00e0 une production d&#039;\u00e9nergie saine et \u00e0 la vitalit\u00e9 g\u00e9n\u00e9rale.  Bioperine\u00ae : Le catalyseur, Bioperine\u00ae,\u00a0 augmente la biodisponibilit\u00e9 de l&#039;Ashwagandha et am\u00e9liore l&#039;absorption.  Ultimate Ashwagandha est formul\u00e9 pour vous aider \u00e0 vous d\u00e9tendre.Ceci gr\u00e2ce \u00e0 la pr\u00e9sence de l&#039;extrait brevet\u00e9 KSM-66\u00ae*, de l&#039;extrait de Tulsi* et de la Biotine. *Ces all\u00e9gations de sant\u00e9, fond\u00e9es sur des ingr\u00e9dients v\u00e9g\u00e9taux, sont actuellement examin\u00e9es par l&#039;EFSA.\" \/>\n<meta property=\"og:url\" content=\"https:\/\/www.foodie.nl\/fr\/produit\/11-free-ultimate-ashwagandha-60-gelules\/\" \/>\n<meta property=\"og:site_name\" content=\"Foodie\" \/>\n<meta property=\"article:modified_time\" content=\"2025-02-21T14:04:17+00:00\" \/>\n<meta property=\"og:image\" content=\"https:\/\/www.foodie.nl\/app\/uploads\/BOGO-producten-10.png\" \/>\n\t<meta property=\"og:image:width\" content=\"800\" \/>\n\t<meta property=\"og:image:height\" content=\"800\" \/>\n\t<meta property=\"og:image:type\" content=\"image\/png\" \/>\n<meta name=\"twitter:card\" content=\"summary_large_image\" \/>\n<meta name=\"twitter:label1\" content=\"Dur\u00e9e de lecture estim\u00e9e\" \/>\n\t<meta name=\"twitter:data1\" content=\"2 minutes\" \/>\n<script type=\"application\/ld+json\" class=\"yoast-schema-graph\">{\"@context\":\"https:\/\/schema.org\",\"@graph\":[{\"@type\":\"WebPage\",\"@id\":\"https:\/\/www.foodie.nl\/fr\/produit\/11-free-ultimate-ashwagandha-60-gelules\/\",\"url\":\"https:\/\/www.foodie.nl\/fr\/produit\/11-free-ultimate-ashwagandha-60-gelules\/\",\"name\":\"1+1 GRATUIT Ultimate Ashwagandha - Foodie\",\"isPartOf\":{\"@id\":\"https:\/\/www.foodie.nl\/fr\/#website\"},\"primaryImageOfPage\":{\"@id\":\"https:\/\/www.foodie.nl\/fr\/produit\/11-free-ultimate-ashwagandha-60-gelules\/#primaryimage\"},\"image\":{\"@id\":\"https:\/\/www.foodie.nl\/fr\/produit\/11-free-ultimate-ashwagandha-60-gelules\/#primaryimage\"},\"thumbnailUrl\":\"https:\/\/www.foodie.nl\/app\/uploads\/BOGO-producten-10.png\",\"datePublished\":\"2022-05-22T08:54:36+00:00\",\"dateModified\":\"2025-02-21T14:04:17+00:00\",\"description\":\"Ultimate Ashwagandha vous offre une combinaison unique de 4 ingr\u00e9dients naturels, chacun apportant ses propres bienfaits Une dose th\u00e9rapeutique de KSM-66\u00ae : 500 mg de l'extrait unique de KSM-66, la forme la plus \u00e9tudi\u00e9e et la plus concentr\u00e9e d'Ashwagandha. Basilic sacr\u00e9: 100 mg d'extrait de basilic sacr\u00e9 (tulsi) r\u00e9put\u00e9e pour ses propri\u00e9t\u00e9s anti-stress Biotine: 100 mcg de biotine, essentielle au m\u00e9tabolisme des glucides, des graisses et des prot\u00e9ines, contribuant \u00e0 une production d'\u00e9nergie saine et \u00e0 la vitalit\u00e9 g\u00e9n\u00e9rale. Bioperine\u00ae : Le catalyseur, Bioperine\u00ae,\u00a0 augmente la biodisponibilit\u00e9 de l'Ashwagandha et am\u00e9liore l'absorption. Ultimate Ashwagandha est formul\u00e9 pour vous aider \u00e0 vous d\u00e9tendre.Ceci gr\u00e2ce \u00e0 la pr\u00e9sence de l'extrait brevet\u00e9 KSM-66\u00ae*, de l'extrait de Tulsi* et de la Biotine. *Ces all\u00e9gations de sant\u00e9, fond\u00e9es sur des ingr\u00e9dients v\u00e9g\u00e9taux, sont actuellement examin\u00e9es par l'EFSA.\",\"breadcrumb\":{\"@id\":\"https:\/\/www.foodie.nl\/fr\/produit\/11-free-ultimate-ashwagandha-60-gelules\/#breadcrumb\"},\"inLanguage\":\"fr-FR\",\"potentialAction\":[{\"@type\":\"ReadAction\",\"target\":[\"https:\/\/www.foodie.nl\/fr\/produit\/11-free-ultimate-ashwagandha-60-gelules\/\"]}]},{\"@type\":\"ImageObject\",\"inLanguage\":\"fr-FR\",\"@id\":\"https:\/\/www.foodie.nl\/fr\/produit\/11-free-ultimate-ashwagandha-60-gelules\/#primaryimage\",\"url\":\"https:\/\/www.foodie.nl\/app\/uploads\/BOGO-producten-10.png\",\"contentUrl\":\"https:\/\/www.foodie.nl\/app\/uploads\/BOGO-producten-10.png\",\"width\":800,\"height\":800},{\"@type\":\"BreadcrumbList\",\"@id\":\"https:\/\/www.foodie.nl\/fr\/produit\/11-free-ultimate-ashwagandha-60-gelules\/#breadcrumb\",\"itemListElement\":[{\"@type\":\"ListItem\",\"position\":1,\"name\":\"Home\",\"item\":\"https:\/\/www.foodie.nl\/fr\/\"},{\"@type\":\"ListItem\",\"position\":2,\"name\":\"Produits\",\"item\":\"https:\/\/www.foodie.nl\/fr\/shop\/\"},{\"@type\":\"ListItem\",\"position\":3,\"name\":\"1+1 GRATUIT Ultimate Ashwagandha\"}]},{\"@type\":\"WebSite\",\"@id\":\"https:\/\/www.foodie.nl\/fr\/#website\",\"url\":\"https:\/\/www.foodie.nl\/fr\/\",\"name\":\"Foodie\",\"description\":\"Elke Hap Telt\",\"publisher\":{\"@id\":\"https:\/\/www.foodie.nl\/fr\/#organization\"},\"potentialAction\":[{\"@type\":\"SearchAction\",\"target\":{\"@type\":\"EntryPoint\",\"urlTemplate\":\"https:\/\/www.foodie.nl\/fr\/?s={search_term_string}\"},\"query-input\":{\"@type\":\"PropertyValueSpecification\",\"valueRequired\":true,\"valueName\":\"search_term_string\"}}],\"inLanguage\":\"fr-FR\"},{\"@type\":\"Organization\",\"@id\":\"https:\/\/www.foodie.nl\/fr\/#organization\",\"name\":\"Foodie\",\"url\":\"https:\/\/www.foodie.nl\/fr\/\",\"logo\":{\"@type\":\"ImageObject\",\"inLanguage\":\"fr-FR\",\"@id\":\"https:\/\/www.foodie.nl\/fr\/#\/schema\/logo\/image\/\",\"url\":\"https:\/\/www.foodie.nl\/app\/uploads\/2025\/01\/logo-foodie-wide@2x.png\",\"contentUrl\":\"https:\/\/www.foodie.nl\/app\/uploads\/2025\/01\/logo-foodie-wide@2x.png\",\"width\":236,\"height\":128,\"caption\":\"Foodie\"},\"image\":{\"@id\":\"https:\/\/www.foodie.nl\/fr\/#\/schema\/logo\/image\/\"}}]}<\/script>\n<!-- \/ Yoast SEO plugin. -->","yoast_head_json":{"title":"1+1 GRATUIT Ultimate Ashwagandha - Foodie","description":"Ultimate Ashwagandha vous offre une combinaison unique de 4 ingr\u00e9dients naturels, chacun apportant ses propres bienfaits   Une dose th\u00e9rapeutique de KSM-66\u00ae : 500 mg de l'extrait unique de KSM-66, la forme la plus \u00e9tudi\u00e9e et la plus concentr\u00e9e d'Ashwagandha.  Basilic sacr\u00e9: 100 mg d'extrait de basilic sacr\u00e9 (tulsi) r\u00e9put\u00e9e pour ses propri\u00e9t\u00e9s anti-stress  Biotine: 100 mcg de biotine, essentielle au m\u00e9tabolisme des glucides, des graisses et des prot\u00e9ines, contribuant \u00e0 une production d'\u00e9nergie saine et \u00e0 la vitalit\u00e9 g\u00e9n\u00e9rale.  Bioperine\u00ae : Le catalyseur, Bioperine\u00ae,\u00a0 augmente la biodisponibilit\u00e9 de l'Ashwagandha et am\u00e9liore l'absorption.  Ultimate Ashwagandha est formul\u00e9 pour vous aider \u00e0 vous d\u00e9tendre.Ceci gr\u00e2ce \u00e0 la pr\u00e9sence de l'extrait brevet\u00e9 KSM-66\u00ae*, de l'extrait de Tulsi* et de la Biotine. *Ces all\u00e9gations de sant\u00e9, fond\u00e9es sur des ingr\u00e9dients v\u00e9g\u00e9taux, sont actuellement examin\u00e9es par l'EFSA.","robots":{"index":"noindex","follow":"nofollow"},"og_locale":"fr_FR","og_type":"article","og_title":"1+1 GRATUIT Ultimate Ashwagandha - Foodie","og_description":"Ultimate Ashwagandha vous offre une combinaison unique de 4 ingr\u00e9dients naturels, chacun apportant ses propres bienfaits   Une dose th\u00e9rapeutique de KSM-66\u00ae : 500 mg de l'extrait unique de KSM-66, la forme la plus \u00e9tudi\u00e9e et la plus concentr\u00e9e d'Ashwagandha.  Basilic sacr\u00e9: 100 mg d'extrait de basilic sacr\u00e9 (tulsi) r\u00e9put\u00e9e pour ses propri\u00e9t\u00e9s anti-stress  Biotine: 100 mcg de biotine, essentielle au m\u00e9tabolisme des glucides, des graisses et des prot\u00e9ines, contribuant \u00e0 une production d'\u00e9nergie saine et \u00e0 la vitalit\u00e9 g\u00e9n\u00e9rale.  Bioperine\u00ae : Le catalyseur, Bioperine\u00ae,\u00a0 augmente la biodisponibilit\u00e9 de l'Ashwagandha et am\u00e9liore l'absorption.  Ultimate Ashwagandha est formul\u00e9 pour vous aider \u00e0 vous d\u00e9tendre.Ceci gr\u00e2ce \u00e0 la pr\u00e9sence de l'extrait brevet\u00e9 KSM-66\u00ae*, de l'extrait de Tulsi* et de la Biotine. *Ces all\u00e9gations de sant\u00e9, fond\u00e9es sur des ingr\u00e9dients v\u00e9g\u00e9taux, sont actuellement examin\u00e9es par l'EFSA.","og_url":"https:\/\/www.foodie.nl\/fr\/produit\/11-free-ultimate-ashwagandha-60-gelules\/","og_site_name":"Foodie","article_modified_time":"2025-02-21T14:04:17+00:00","og_image":[{"width":800,"height":800,"url":"https:\/\/www.foodie.nl\/app\/uploads\/BOGO-producten-10.png","type":"image\/png"}],"twitter_card":"summary_large_image","twitter_misc":{"Dur\u00e9e de lecture estim\u00e9e":"2 minutes"},"schema":{"@context":"https:\/\/schema.org","@graph":[{"@type":"WebPage","@id":"https:\/\/www.foodie.nl\/fr\/produit\/11-free-ultimate-ashwagandha-60-gelules\/","url":"https:\/\/www.foodie.nl\/fr\/produit\/11-free-ultimate-ashwagandha-60-gelules\/","name":"1+1 GRATUIT Ultimate Ashwagandha - Foodie","isPartOf":{"@id":"https:\/\/www.foodie.nl\/fr\/#website"},"primaryImageOfPage":{"@id":"https:\/\/www.foodie.nl\/fr\/produit\/11-free-ultimate-ashwagandha-60-gelules\/#primaryimage"},"image":{"@id":"https:\/\/www.foodie.nl\/fr\/produit\/11-free-ultimate-ashwagandha-60-gelules\/#primaryimage"},"thumbnailUrl":"https:\/\/www.foodie.nl\/app\/uploads\/BOGO-producten-10.png","datePublished":"2022-05-22T08:54:36+00:00","dateModified":"2025-02-21T14:04:17+00:00","description":"Ultimate Ashwagandha vous offre une combinaison unique de 4 ingr\u00e9dients naturels, chacun apportant ses propres bienfaits Une dose th\u00e9rapeutique de KSM-66\u00ae : 500 mg de l'extrait unique de KSM-66, la forme la plus \u00e9tudi\u00e9e et la plus concentr\u00e9e d'Ashwagandha. Basilic sacr\u00e9: 100 mg d'extrait de basilic sacr\u00e9 (tulsi) r\u00e9put\u00e9e pour ses propri\u00e9t\u00e9s anti-stress Biotine: 100 mcg de biotine, essentielle au m\u00e9tabolisme des glucides, des graisses et des prot\u00e9ines, contribuant \u00e0 une production d'\u00e9nergie saine et \u00e0 la vitalit\u00e9 g\u00e9n\u00e9rale. Bioperine\u00ae : Le catalyseur, Bioperine\u00ae,\u00a0 augmente la biodisponibilit\u00e9 de l'Ashwagandha et am\u00e9liore l'absorption. Ultimate Ashwagandha est formul\u00e9 pour vous aider \u00e0 vous d\u00e9tendre.Ceci gr\u00e2ce \u00e0 la pr\u00e9sence de l'extrait brevet\u00e9 KSM-66\u00ae*, de l'extrait de Tulsi* et de la Biotine. *Ces all\u00e9gations de sant\u00e9, fond\u00e9es sur des ingr\u00e9dients v\u00e9g\u00e9taux, sont actuellement examin\u00e9es par l'EFSA.","breadcrumb":{"@id":"https:\/\/www.foodie.nl\/fr\/produit\/11-free-ultimate-ashwagandha-60-gelules\/#breadcrumb"},"inLanguage":"fr-FR","potentialAction":[{"@type":"ReadAction","target":["https:\/\/www.foodie.nl\/fr\/produit\/11-free-ultimate-ashwagandha-60-gelules\/"]}]},{"@type":"ImageObject","inLanguage":"fr-FR","@id":"https:\/\/www.foodie.nl\/fr\/produit\/11-free-ultimate-ashwagandha-60-gelules\/#primaryimage","url":"https:\/\/www.foodie.nl\/app\/uploads\/BOGO-producten-10.png","contentUrl":"https:\/\/www.foodie.nl\/app\/uploads\/BOGO-producten-10.png","width":800,"height":800},{"@type":"BreadcrumbList","@id":"https:\/\/www.foodie.nl\/fr\/produit\/11-free-ultimate-ashwagandha-60-gelules\/#breadcrumb","itemListElement":[{"@type":"ListItem","position":1,"name":"Home","item":"https:\/\/www.foodie.nl\/fr\/"},{"@type":"ListItem","position":2,"name":"Produits","item":"https:\/\/www.foodie.nl\/fr\/shop\/"},{"@type":"ListItem","position":3,"name":"1+1 GRATUIT Ultimate Ashwagandha"}]},{"@type":"WebSite","@id":"https:\/\/www.foodie.nl\/fr\/#website","url":"https:\/\/www.foodie.nl\/fr\/","name":"Foodie","description":"Elke Hap Telt","publisher":{"@id":"https:\/\/www.foodie.nl\/fr\/#organization"},"potentialAction":[{"@type":"SearchAction","target":{"@type":"EntryPoint","urlTemplate":"https:\/\/www.foodie.nl\/fr\/?s={search_term_string}"},"query-input":{"@type":"PropertyValueSpecification","valueRequired":true,"valueName":"search_term_string"}}],"inLanguage":"fr-FR"},{"@type":"Organization","@id":"https:\/\/www.foodie.nl\/fr\/#organization","name":"Foodie","url":"https:\/\/www.foodie.nl\/fr\/","logo":{"@type":"ImageObject","inLanguage":"fr-FR","@id":"https:\/\/www.foodie.nl\/fr\/#\/schema\/logo\/image\/","url":"https:\/\/www.foodie.nl\/app\/uploads\/2025\/01\/logo-foodie-wide@2x.png","contentUrl":"https:\/\/www.foodie.nl\/app\/uploads\/2025\/01\/logo-foodie-wide@2x.png","width":236,"height":128,"caption":"Foodie"},"image":{"@id":"https:\/\/www.foodie.nl\/fr\/#\/schema\/logo\/image\/"}}]}},"_links":{"self":[{"href":"https:\/\/www.foodie.nl\/fr\/wp-json\/wp\/v2\/product\/1125712","targetHints":{"allow":["GET"]}}],"collection":[{"href":"https:\/\/www.foodie.nl\/fr\/wp-json\/wp\/v2\/product"}],"about":[{"href":"https:\/\/www.foodie.nl\/fr\/wp-json\/wp\/v2\/types\/product"}],"wp:featuredmedia":[{"embeddable":true,"href":"https:\/\/www.foodie.nl\/fr\/wp-json\/wp\/v2\/media\/1118331"}],"wp:attachment":[{"href":"https:\/\/www.foodie.nl\/fr\/wp-json\/wp\/v2\/media?parent=1125712"}],"wp:term":[{"taxonomy":"product_brand","embeddable":true,"href":"https:\/\/www.foodie.nl\/fr\/wp-json\/wp\/v2\/product_brand?post=1125712"},{"taxonomy":"product_cat","embeddable":true,"href":"https:\/\/www.foodie.nl\/fr\/wp-json\/wp\/v2\/product_cat?post=1125712"},{"taxonomy":"product_tag","embeddable":true,"href":"https:\/\/www.foodie.nl\/fr\/wp-json\/wp\/v2\/product_tag?post=1125712"}],"curies":[{"name":"wp","href":"https:\/\/api.w.org\/{rel}","templated":true}]}}