{"id":1125825,"date":"2021-02-18T15:00:33","date_gmt":"2021-02-18T14:00:33","guid":{"rendered":"https:\/\/www.foodie.nl\/product\/6x-ultimate-detox-offre-unique\/"},"modified":"2025-03-28T10:11:39","modified_gmt":"2025-03-28T09:11:39","slug":"6x-ultimate-detox-offre-unique","status":"publish","type":"product","link":"https:\/\/www.foodie.nl\/fr\/produit\/6x-ultimate-detox-offre-unique\/","title":{"rendered":"6x Ultimate Detox (OTO)"},"content":{"rendered":"<p><strong>Valeur nutritionnelle moyenne par 2 g\u00e9lules :<\/strong><\/p>\n<ul>\n<li>Extrait d&rsquo;artichaut (30:1) : 250 mg<\/li>\n<li>Extrait de chardon-marie (silibinine 80 %) : 250 mg<\/li>\n<li>Bitartrate de choline 82,5 mg<\/li>\n<li>Zinc m\u00e9thionine : 30 mg<\/li>\n<li>Extrait de pissenlit (4:1) : 100 mg<\/li>\n<li>Complexe C3 de curcumine : 50 mg<\/li>\n<li>Bisglycinate de cuivre : 20 mg<\/li>\n<\/ul>\n<p><strong>Ingr\u00e9dients : <\/strong>Extrait d&rsquo;artichaut, extrait de chardon-marie, bitartrate de choline, m\u00e9thionine de zinc, extrait de pissenlit, complexe de Curcumine C3, bisglycinate de cuivre, cellulose microcristalline (agent de charge), st\u00e9arate de magn\u00e9sium (agent anti-agglom\u00e9rant), dioxyde de silicium (agent anti-agglom\u00e9rant), HPMC (capsule).<\/p>\n<p><strong>Posologie:<\/strong> Prenez 2 g\u00e9lules par jour au moment du repas.<\/p>\n<p><strong>Conservation:<\/strong>\u00a0Conserver dans un endroit frais et sec, bien ferm\u00e9.<\/p>\n<p><strong>Allerg\u00e8nes:<\/strong>\u00a0Ce produit ne contient aucun allerg\u00e8ne.<\/p>\n<p><strong>Avertissement:<\/strong>\u00a0Ce produit n&rsquo;est pas un m\u00e9dicament et n&rsquo;est pas destin\u00e9 \u00e0 diagnostiquer, pr\u00e9venir, traiter ou gu\u00e9rir une maladie. Un compl\u00e9ment alimentaire ne doit pas \u00eatre utilis\u00e9 comme substitut \u00e0 une alimentation vari\u00e9e. Ne pas d\u00e9passer la dose quotidienne recommand\u00e9e. Tenir hors de port\u00e9e des enfants.<\/p>\n","protected":false},"excerpt":{"rendered":"<p>Ultimate Detox contient un m\u00e9lange sp\u00e9cialement formul\u00e9 de 7 extraits et min\u00e9raux puissants.<\/p>\n<p>\u2705 L&rsquo;extrait de chardon-Marie pour soutenir le foie et la v\u00e9sicule biliaire dans le traitement des toxines et autres influences nocives.*<br \/>\n\u2705 Le pissenlit et l&rsquo;extrait d&rsquo;artichaut sont traditionnellement utilis\u00e9s pour soutenir le foie et la fonction biliaire.*<br \/>\n\u2705 La curcumine pour son soutien au foie et \u00e0 la digestion.*<br \/>\n\u2705 La choline a un effet positif sur le foie et soutient le m\u00e9tabolisme normal des graisses.<br \/>\n\u2705 Le zinc joue un r\u00f4le dans la protection des cellules contre le stress oxydatif et il est b\u00e9n\u00e9fique pour le fonctionnement du syst\u00e8me immunitaire.<br \/>\n\u2705 Comme le zinc, le cuivre joue un r\u00f4le dans la protection de votre corps contre les influences ext\u00e9rieures n\u00e9fastes.<br \/>\n*Ces all\u00e9gations de sant\u00e9 sont en cours d&rsquo;\u00e9valuation par l&rsquo;EFSA.<\/p>\n","protected":false},"featured_media":1117985,"template":"","meta":{"_acf_changed":false,"om_disable_all_campaigns":false},"product_brand":[],"product_cat":[192,203],"product_tag":[],"class_list":{"0":"post-1125825","1":"product","2":"type-product","3":"status-publish","4":"has-post-thumbnail","6":"product_cat-ultimate-detox","7":"product_cat-ventes-incitatives","8":"sales-flash-overlay","9":"woocommerce-text-align-center","10":"woocommerce-image-align-center","11":"do-quantity-buttons","13":"first","14":"instock","15":"taxable","16":"shipping-taxable","17":"purchasable","18":"product-type-simple"},"acf":[],"yoast_head":"<!-- This site is optimized with the Yoast SEO plugin v27.2 - https:\/\/yoast.com\/product\/yoast-seo-wordpress\/ -->\n<title>6x Ultimate Detox (OTO) - Foodie<\/title>\n<meta name=\"description\" content=\"Ultimate Detox contient un m\u00e9lange sp\u00e9cialement formul\u00e9 de 7 extraits et min\u00e9raux puissants.  \u2705 L&#039;extrait de chardon-Marie pour soutenir le foie et la v\u00e9sicule biliaire dans le traitement des toxines et autres influences nocives.* \u2705 Le pissenlit et l&#039;extrait d&#039;artichaut sont traditionnellement utilis\u00e9s pour soutenir le foie et la fonction biliaire.* \u2705 La curcumine pour son soutien au foie et \u00e0 la digestion.* \u2705 La choline a un effet positif sur le foie et soutient le m\u00e9tabolisme normal des graisses. \u2705 Le zinc joue un r\u00f4le dans la protection des cellules contre le stress oxydatif et il est b\u00e9n\u00e9fique pour le fonctionnement du syst\u00e8me immunitaire. \u2705 Comme le zinc, le cuivre joue un r\u00f4le dans la protection de votre corps contre les influences ext\u00e9rieures n\u00e9fastes. *Ces all\u00e9gations de sant\u00e9 sont en cours d&#039;\u00e9valuation par l&#039;EFSA.\" \/>\n<meta name=\"robots\" content=\"noindex, nofollow\" \/>\n<meta property=\"og:locale\" content=\"fr_FR\" \/>\n<meta property=\"og:type\" content=\"article\" \/>\n<meta property=\"og:title\" content=\"6x Ultimate Detox (OTO) - Foodie\" \/>\n<meta property=\"og:description\" content=\"Ultimate Detox contient un m\u00e9lange sp\u00e9cialement formul\u00e9 de 7 extraits et min\u00e9raux puissants.  \u2705 L&#039;extrait de chardon-Marie pour soutenir le foie et la v\u00e9sicule biliaire dans le traitement des toxines et autres influences nocives.* \u2705 Le pissenlit et l&#039;extrait d&#039;artichaut sont traditionnellement utilis\u00e9s pour soutenir le foie et la fonction biliaire.* \u2705 La curcumine pour son soutien au foie et \u00e0 la digestion.* \u2705 La choline a un effet positif sur le foie et soutient le m\u00e9tabolisme normal des graisses. \u2705 Le zinc joue un r\u00f4le dans la protection des cellules contre le stress oxydatif et il est b\u00e9n\u00e9fique pour le fonctionnement du syst\u00e8me immunitaire. \u2705 Comme le zinc, le cuivre joue un r\u00f4le dans la protection de votre corps contre les influences ext\u00e9rieures n\u00e9fastes. *Ces all\u00e9gations de sant\u00e9 sont en cours d&#039;\u00e9valuation par l&#039;EFSA.\" \/>\n<meta property=\"og:url\" content=\"https:\/\/www.foodie.nl\/fr\/produit\/6x-ultimate-detox-offre-unique\/\" \/>\n<meta property=\"og:site_name\" content=\"Foodie\" \/>\n<meta property=\"article:modified_time\" content=\"2025-03-28T09:11:39+00:00\" \/>\n<meta property=\"og:image\" content=\"https:\/\/www.foodie.nl\/app\/uploads\/2025\/02\/39.png\" \/>\n\t<meta property=\"og:image:width\" content=\"800\" \/>\n\t<meta property=\"og:image:height\" content=\"800\" \/>\n\t<meta property=\"og:image:type\" content=\"image\/png\" \/>\n<meta name=\"twitter:card\" content=\"summary_large_image\" \/>\n<meta name=\"twitter:label1\" content=\"Dur\u00e9e de lecture estim\u00e9e\" \/>\n\t<meta name=\"twitter:data1\" content=\"1 minute\" \/>\n<script type=\"application\/ld+json\" class=\"yoast-schema-graph\">{\"@context\":\"https:\/\/schema.org\",\"@graph\":[{\"@type\":\"WebPage\",\"@id\":\"https:\/\/www.foodie.nl\/fr\/produit\/6x-ultimate-detox-offre-unique\/\",\"url\":\"https:\/\/www.foodie.nl\/fr\/produit\/6x-ultimate-detox-offre-unique\/\",\"name\":\"6x Ultimate Detox (OTO) - Foodie\",\"isPartOf\":{\"@id\":\"https:\/\/www.foodie.nl\/fr\/#website\"},\"primaryImageOfPage\":{\"@id\":\"https:\/\/www.foodie.nl\/fr\/produit\/6x-ultimate-detox-offre-unique\/#primaryimage\"},\"image\":{\"@id\":\"https:\/\/www.foodie.nl\/fr\/produit\/6x-ultimate-detox-offre-unique\/#primaryimage\"},\"thumbnailUrl\":\"https:\/\/www.foodie.nl\/app\/uploads\/2025\/02\/39.png\",\"datePublished\":\"2021-02-18T14:00:33+00:00\",\"dateModified\":\"2025-03-28T09:11:39+00:00\",\"description\":\"Ultimate Detox contient un m\u00e9lange sp\u00e9cialement formul\u00e9 de 7 extraits et min\u00e9raux puissants. \u2705 L'extrait de chardon-Marie pour soutenir le foie et la v\u00e9sicule biliaire dans le traitement des toxines et autres influences nocives.* \u2705 Le pissenlit et l'extrait d'artichaut sont traditionnellement utilis\u00e9s pour soutenir le foie et la fonction biliaire.* \u2705 La curcumine pour son soutien au foie et \u00e0 la digestion.* \u2705 La choline a un effet positif sur le foie et soutient le m\u00e9tabolisme normal des graisses. \u2705 Le zinc joue un r\u00f4le dans la protection des cellules contre le stress oxydatif et il est b\u00e9n\u00e9fique pour le fonctionnement du syst\u00e8me immunitaire. \u2705 Comme le zinc, le cuivre joue un r\u00f4le dans la protection de votre corps contre les influences ext\u00e9rieures n\u00e9fastes. *Ces all\u00e9gations de sant\u00e9 sont en cours d'\u00e9valuation par l'EFSA.\",\"breadcrumb\":{\"@id\":\"https:\/\/www.foodie.nl\/fr\/produit\/6x-ultimate-detox-offre-unique\/#breadcrumb\"},\"inLanguage\":\"fr-FR\",\"potentialAction\":[{\"@type\":\"ReadAction\",\"target\":[\"https:\/\/www.foodie.nl\/fr\/produit\/6x-ultimate-detox-offre-unique\/\"]}]},{\"@type\":\"ImageObject\",\"inLanguage\":\"fr-FR\",\"@id\":\"https:\/\/www.foodie.nl\/fr\/produit\/6x-ultimate-detox-offre-unique\/#primaryimage\",\"url\":\"https:\/\/www.foodie.nl\/app\/uploads\/2025\/02\/39.png\",\"contentUrl\":\"https:\/\/www.foodie.nl\/app\/uploads\/2025\/02\/39.png\",\"width\":800,\"height\":800},{\"@type\":\"BreadcrumbList\",\"@id\":\"https:\/\/www.foodie.nl\/fr\/produit\/6x-ultimate-detox-offre-unique\/#breadcrumb\",\"itemListElement\":[{\"@type\":\"ListItem\",\"position\":1,\"name\":\"Home\",\"item\":\"https:\/\/www.foodie.nl\/fr\/\"},{\"@type\":\"ListItem\",\"position\":2,\"name\":\"Produits\",\"item\":\"https:\/\/www.foodie.nl\/fr\/shop\/\"},{\"@type\":\"ListItem\",\"position\":3,\"name\":\"6x Ultimate Detox (OTO)\"}]},{\"@type\":\"WebSite\",\"@id\":\"https:\/\/www.foodie.nl\/fr\/#website\",\"url\":\"https:\/\/www.foodie.nl\/fr\/\",\"name\":\"Foodie\",\"description\":\"Elke Hap Telt\",\"publisher\":{\"@id\":\"https:\/\/www.foodie.nl\/fr\/#organization\"},\"potentialAction\":[{\"@type\":\"SearchAction\",\"target\":{\"@type\":\"EntryPoint\",\"urlTemplate\":\"https:\/\/www.foodie.nl\/fr\/?s={search_term_string}\"},\"query-input\":{\"@type\":\"PropertyValueSpecification\",\"valueRequired\":true,\"valueName\":\"search_term_string\"}}],\"inLanguage\":\"fr-FR\"},{\"@type\":\"Organization\",\"@id\":\"https:\/\/www.foodie.nl\/fr\/#organization\",\"name\":\"Foodie\",\"url\":\"https:\/\/www.foodie.nl\/fr\/\",\"logo\":{\"@type\":\"ImageObject\",\"inLanguage\":\"fr-FR\",\"@id\":\"https:\/\/www.foodie.nl\/fr\/#\/schema\/logo\/image\/\",\"url\":\"https:\/\/www.foodie.nl\/app\/uploads\/2025\/01\/logo-foodie-wide@2x.png\",\"contentUrl\":\"https:\/\/www.foodie.nl\/app\/uploads\/2025\/01\/logo-foodie-wide@2x.png\",\"width\":236,\"height\":128,\"caption\":\"Foodie\"},\"image\":{\"@id\":\"https:\/\/www.foodie.nl\/fr\/#\/schema\/logo\/image\/\"}}]}<\/script>\n<!-- \/ Yoast SEO plugin. -->","yoast_head_json":{"title":"6x Ultimate Detox (OTO) - Foodie","description":"Ultimate Detox contient un m\u00e9lange sp\u00e9cialement formul\u00e9 de 7 extraits et min\u00e9raux puissants.  \u2705 L'extrait de chardon-Marie pour soutenir le foie et la v\u00e9sicule biliaire dans le traitement des toxines et autres influences nocives.* \u2705 Le pissenlit et l'extrait d'artichaut sont traditionnellement utilis\u00e9s pour soutenir le foie et la fonction biliaire.* \u2705 La curcumine pour son soutien au foie et \u00e0 la digestion.* \u2705 La choline a un effet positif sur le foie et soutient le m\u00e9tabolisme normal des graisses. \u2705 Le zinc joue un r\u00f4le dans la protection des cellules contre le stress oxydatif et il est b\u00e9n\u00e9fique pour le fonctionnement du syst\u00e8me immunitaire. \u2705 Comme le zinc, le cuivre joue un r\u00f4le dans la protection de votre corps contre les influences ext\u00e9rieures n\u00e9fastes. *Ces all\u00e9gations de sant\u00e9 sont en cours d'\u00e9valuation par l'EFSA.","robots":{"index":"noindex","follow":"nofollow"},"og_locale":"fr_FR","og_type":"article","og_title":"6x Ultimate Detox (OTO) - Foodie","og_description":"Ultimate Detox contient un m\u00e9lange sp\u00e9cialement formul\u00e9 de 7 extraits et min\u00e9raux puissants.  \u2705 L'extrait de chardon-Marie pour soutenir le foie et la v\u00e9sicule biliaire dans le traitement des toxines et autres influences nocives.* \u2705 Le pissenlit et l'extrait d'artichaut sont traditionnellement utilis\u00e9s pour soutenir le foie et la fonction biliaire.* \u2705 La curcumine pour son soutien au foie et \u00e0 la digestion.* \u2705 La choline a un effet positif sur le foie et soutient le m\u00e9tabolisme normal des graisses. \u2705 Le zinc joue un r\u00f4le dans la protection des cellules contre le stress oxydatif et il est b\u00e9n\u00e9fique pour le fonctionnement du syst\u00e8me immunitaire. \u2705 Comme le zinc, le cuivre joue un r\u00f4le dans la protection de votre corps contre les influences ext\u00e9rieures n\u00e9fastes. *Ces all\u00e9gations de sant\u00e9 sont en cours d'\u00e9valuation par l'EFSA.","og_url":"https:\/\/www.foodie.nl\/fr\/produit\/6x-ultimate-detox-offre-unique\/","og_site_name":"Foodie","article_modified_time":"2025-03-28T09:11:39+00:00","og_image":[{"width":800,"height":800,"url":"https:\/\/www.foodie.nl\/app\/uploads\/2025\/02\/39.png","type":"image\/png"}],"twitter_card":"summary_large_image","twitter_misc":{"Dur\u00e9e de lecture estim\u00e9e":"1 minute"},"schema":{"@context":"https:\/\/schema.org","@graph":[{"@type":"WebPage","@id":"https:\/\/www.foodie.nl\/fr\/produit\/6x-ultimate-detox-offre-unique\/","url":"https:\/\/www.foodie.nl\/fr\/produit\/6x-ultimate-detox-offre-unique\/","name":"6x Ultimate Detox (OTO) - Foodie","isPartOf":{"@id":"https:\/\/www.foodie.nl\/fr\/#website"},"primaryImageOfPage":{"@id":"https:\/\/www.foodie.nl\/fr\/produit\/6x-ultimate-detox-offre-unique\/#primaryimage"},"image":{"@id":"https:\/\/www.foodie.nl\/fr\/produit\/6x-ultimate-detox-offre-unique\/#primaryimage"},"thumbnailUrl":"https:\/\/www.foodie.nl\/app\/uploads\/2025\/02\/39.png","datePublished":"2021-02-18T14:00:33+00:00","dateModified":"2025-03-28T09:11:39+00:00","description":"Ultimate Detox contient un m\u00e9lange sp\u00e9cialement formul\u00e9 de 7 extraits et min\u00e9raux puissants. \u2705 L'extrait de chardon-Marie pour soutenir le foie et la v\u00e9sicule biliaire dans le traitement des toxines et autres influences nocives.* \u2705 Le pissenlit et l'extrait d'artichaut sont traditionnellement utilis\u00e9s pour soutenir le foie et la fonction biliaire.* \u2705 La curcumine pour son soutien au foie et \u00e0 la digestion.* \u2705 La choline a un effet positif sur le foie et soutient le m\u00e9tabolisme normal des graisses. \u2705 Le zinc joue un r\u00f4le dans la protection des cellules contre le stress oxydatif et il est b\u00e9n\u00e9fique pour le fonctionnement du syst\u00e8me immunitaire. \u2705 Comme le zinc, le cuivre joue un r\u00f4le dans la protection de votre corps contre les influences ext\u00e9rieures n\u00e9fastes. *Ces all\u00e9gations de sant\u00e9 sont en cours d'\u00e9valuation par l'EFSA.","breadcrumb":{"@id":"https:\/\/www.foodie.nl\/fr\/produit\/6x-ultimate-detox-offre-unique\/#breadcrumb"},"inLanguage":"fr-FR","potentialAction":[{"@type":"ReadAction","target":["https:\/\/www.foodie.nl\/fr\/produit\/6x-ultimate-detox-offre-unique\/"]}]},{"@type":"ImageObject","inLanguage":"fr-FR","@id":"https:\/\/www.foodie.nl\/fr\/produit\/6x-ultimate-detox-offre-unique\/#primaryimage","url":"https:\/\/www.foodie.nl\/app\/uploads\/2025\/02\/39.png","contentUrl":"https:\/\/www.foodie.nl\/app\/uploads\/2025\/02\/39.png","width":800,"height":800},{"@type":"BreadcrumbList","@id":"https:\/\/www.foodie.nl\/fr\/produit\/6x-ultimate-detox-offre-unique\/#breadcrumb","itemListElement":[{"@type":"ListItem","position":1,"name":"Home","item":"https:\/\/www.foodie.nl\/fr\/"},{"@type":"ListItem","position":2,"name":"Produits","item":"https:\/\/www.foodie.nl\/fr\/shop\/"},{"@type":"ListItem","position":3,"name":"6x Ultimate Detox (OTO)"}]},{"@type":"WebSite","@id":"https:\/\/www.foodie.nl\/fr\/#website","url":"https:\/\/www.foodie.nl\/fr\/","name":"Foodie","description":"Elke Hap Telt","publisher":{"@id":"https:\/\/www.foodie.nl\/fr\/#organization"},"potentialAction":[{"@type":"SearchAction","target":{"@type":"EntryPoint","urlTemplate":"https:\/\/www.foodie.nl\/fr\/?s={search_term_string}"},"query-input":{"@type":"PropertyValueSpecification","valueRequired":true,"valueName":"search_term_string"}}],"inLanguage":"fr-FR"},{"@type":"Organization","@id":"https:\/\/www.foodie.nl\/fr\/#organization","name":"Foodie","url":"https:\/\/www.foodie.nl\/fr\/","logo":{"@type":"ImageObject","inLanguage":"fr-FR","@id":"https:\/\/www.foodie.nl\/fr\/#\/schema\/logo\/image\/","url":"https:\/\/www.foodie.nl\/app\/uploads\/2025\/01\/logo-foodie-wide@2x.png","contentUrl":"https:\/\/www.foodie.nl\/app\/uploads\/2025\/01\/logo-foodie-wide@2x.png","width":236,"height":128,"caption":"Foodie"},"image":{"@id":"https:\/\/www.foodie.nl\/fr\/#\/schema\/logo\/image\/"}}]}},"_links":{"self":[{"href":"https:\/\/www.foodie.nl\/fr\/wp-json\/wp\/v2\/product\/1125825","targetHints":{"allow":["GET"]}}],"collection":[{"href":"https:\/\/www.foodie.nl\/fr\/wp-json\/wp\/v2\/product"}],"about":[{"href":"https:\/\/www.foodie.nl\/fr\/wp-json\/wp\/v2\/types\/product"}],"wp:featuredmedia":[{"embeddable":true,"href":"https:\/\/www.foodie.nl\/fr\/wp-json\/wp\/v2\/media\/1117985"}],"wp:attachment":[{"href":"https:\/\/www.foodie.nl\/fr\/wp-json\/wp\/v2\/media?parent=1125825"}],"wp:term":[{"taxonomy":"product_brand","embeddable":true,"href":"https:\/\/www.foodie.nl\/fr\/wp-json\/wp\/v2\/product_brand?post=1125825"},{"taxonomy":"product_cat","embeddable":true,"href":"https:\/\/www.foodie.nl\/fr\/wp-json\/wp\/v2\/product_cat?post=1125825"},{"taxonomy":"product_tag","embeddable":true,"href":"https:\/\/www.foodie.nl\/fr\/wp-json\/wp\/v2\/product_tag?post=1125825"}],"curies":[{"name":"wp","href":"https:\/\/api.w.org\/{rel}","templated":true}]}}