{"id":1125834,"date":"2023-06-16T16:43:14","date_gmt":"2023-06-16T14:43:14","guid":{"rendered":"https:\/\/www.foodie.nl\/product\/62-gratuit-ultimate-electrolytes-lemon-315-grammes\/"},"modified":"2025-02-21T15:13:32","modified_gmt":"2025-02-21T14:13:32","slug":"62-gratuit-ultimate-electrolytes-lemon-315-grammes","status":"publish","type":"product","link":"https:\/\/www.foodie.nl\/fr\/produit\/62-gratuit-ultimate-electrolytes-lemon-315-grammes\/","title":{"rendered":"6+2 GRATUITS &#8211; Ultimate Electrolytes Citron"},"content":{"rendered":"<p class=\"p1\"><strong>Valeur nutritionnelle moyenne par mesure (7 g) :<\/strong><\/p>\n<ul>\n<li><span style=\"font-size: inherit; font-family: -apple-system, system-ui, BlinkMacSystemFont, 'Segoe UI', Helvetica, Arial, sans-serif, 'Apple Color Emoji', 'Segoe UI Emoji', 'Segoe UI Symbol';\">\u00c9nergie : 10,8 kJ \/ 2,6 kcal<\/span><\/li>\n<li>Graisses : 0 g<\/li>\n<li>Glucides : 2,6 g\n<ul>\n<li>dont sucres : 0 g<\/li>\n<li>dont polyols : 2,6 g<\/li>\n<\/ul>\n<\/li>\n<li class=\"p2\">Prot\u00e9ines : 0 g<\/li>\n<li class=\"p2\">Sel (celtique) : 750 mg<\/li>\n<li class=\"p2\">Sodium : 260 mg<\/li>\n<li class=\"p2\">Chlorure : 412 mg<\/li>\n<li class=\"p2\">Potassium (citrate) : 500 mg<\/li>\n<li class=\"p2\">Magn\u00e9sium (citrate) : 120 mg<\/li>\n<li class=\"p2\">Calcium (citrate) : 75 mg<\/li>\n<li class=\"p2\">Poudre d&rsquo;eau de coco : 100 mg<\/li>\n<\/ul>\n<p class=\"p3\"><em>Cet emballage contient 45 portions.<\/em><\/p>\n<p class=\"p1\"><strong>Ingr\u00e9dients: <\/strong>\u00c9rythritol, citrate de potassium, sel marin celtique, citrate de magn\u00e9sium, acide citrique, acide malique, citrate de calcium, ar\u00f4me naturel de citron, poudre d&rsquo;eau de coco biologique, st\u00e9via et poudre de min\u00e9raux.<\/p>\n<p><strong>Posologie:<\/strong>\u00a0Remplissez la cuill\u00e8re-dose jusqu&rsquo;\u00e0 7 ml et dissolvez-la dans 350 \u00e0 500 ml d&rsquo;eau.<\/p>\n<p><strong>Conservation:<\/strong>\u00a0conserver au frais et au sec.<\/p>\n<p><strong>Allerg\u00e8nes:<\/strong>\u00a0ce produit ne contient aucun allerg\u00e8ne.<\/p>\n<p><strong>Avertissement:<\/strong>\u00a0ce produit n\u2019est pas un m\u00e9dicament et n\u2019est pas destin\u00e9 \u00e0 diagnostiquer, pr\u00e9venir, traiter ou gu\u00e9rir une maladie ou une affection. Un compl\u00e9ment alimentaire ne doit pas \u00eatre utilis\u00e9 en remplacement d\u2019une alimentation vari\u00e9e. Ne pas d\u00e9passer la dose journali\u00e8re recommand\u00e9e. Conserver hors de port\u00e9e des enfants.<\/p>\n<p>&nbsp;<\/p>\n","protected":false},"excerpt":{"rendered":"<p><strong>Ultimate Electrolytes<\/strong> fournit un r\u00e9approvisionnement \u00e9quilibr\u00e9 en \u00e9lectrolytes.Il est \u00e9galement enrichi de sel marin celtique.<br \/>\nAppr\u00e9ciez la saveur rafra\u00eechissante du citron \u00e0 base d&rsquo;extraits naturels combin\u00e9s au sel de mer celtique.<br \/>\nUne hydratation optimale n&rsquo;a jamais \u00e9t\u00e9 aussi facile et rafra\u00eechissante.Non seulement il permet une hydratation optimale, mais il est \u00e9galement sans sucre et s&rsquo;int\u00e8gre parfaitement dans un mode de vie c\u00e9to.<br \/>\nVous pouvez vous attendre aux avantages suivants pour la sant\u00e9 lorsque vous soutenez votre \u00e9quilibre hydrique quotidiennement avec Ultimate Electrolytes :<br \/>\n\u2705 Aide \u00e0 maintenir les normales dans l&rsquo;eau du corps et l&rsquo;\u00e9quilibre min\u00e9ral.<br \/>\n\u2705 Active l&rsquo;\u00e9nergie naturelle de votre corps.<br \/>\n\u2705 Contribue \u00e0 un esprit clair.<br \/>\n\u2705 Soutient la digestion.<br \/>\n\u2705 Est bon pour la fonction musculaire.<sup><br \/>\n<\/sup>\u2705 Aide \u00e0 r\u00e9duire la fatigue et la lassitude.<\/p>\n","protected":false},"featured_media":1186677,"template":"","meta":{"_acf_changed":false,"om_disable_all_campaigns":false},"product_brand":[],"product_cat":[193],"product_tag":[],"class_list":{"0":"post-1125834","1":"product","2":"type-product","3":"status-publish","4":"has-post-thumbnail","6":"product_cat-ultimate-electrolytes","7":"sales-flash-overlay","8":"woocommerce-text-align-center","9":"woocommerce-image-align-center","10":"do-quantity-buttons","12":"first","13":"instock","14":"taxable","15":"shipping-taxable","16":"purchasable","17":"product-type-simple"},"acf":[],"yoast_head":"<!-- This site is optimized with the Yoast SEO plugin v27.2 - https:\/\/yoast.com\/product\/yoast-seo-wordpress\/ -->\n<title>6+2 GRATUITS - Ultimate Electrolytes Citron - Foodie<\/title>\n<meta name=\"description\" content=\"Ultimate Electrolytes fournit un r\u00e9approvisionnement \u00e9quilibr\u00e9 en \u00e9lectrolytes.Il est \u00e9galement enrichi de sel marin celtique. Appr\u00e9ciez la saveur rafra\u00eechissante du citron \u00e0 base d&#039;extraits naturels combin\u00e9s au sel de mer celtique. Une hydratation optimale n&#039;a jamais \u00e9t\u00e9 aussi facile et rafra\u00eechissante.Non seulement il permet une hydratation optimale, mais il est \u00e9galement sans sucre et s&#039;int\u00e8gre parfaitement dans un mode de vie c\u00e9to. Vous pouvez vous attendre aux avantages suivants pour la sant\u00e9 lorsque vous soutenez votre \u00e9quilibre hydrique quotidiennement avec Ultimate Electrolytes : \u2705 Aide \u00e0 maintenir les normales dans l&#039;eau du corps et l&#039;\u00e9quilibre min\u00e9ral. \u2705 Active l&#039;\u00e9nergie naturelle de votre corps. \u2705 Contribue \u00e0 un esprit clair. \u2705 Soutient la digestion. \u2705 Est bon pour la fonction musculaire. \u2705 Aide \u00e0 r\u00e9duire la fatigue et la lassitude.\" \/>\n<meta name=\"robots\" content=\"noindex, nofollow\" \/>\n<meta property=\"og:locale\" content=\"fr_FR\" \/>\n<meta property=\"og:type\" content=\"article\" \/>\n<meta property=\"og:title\" content=\"6+2 GRATUITS - Ultimate Electrolytes Citron - Foodie\" \/>\n<meta property=\"og:description\" content=\"Ultimate Electrolytes fournit un r\u00e9approvisionnement \u00e9quilibr\u00e9 en \u00e9lectrolytes.Il est \u00e9galement enrichi de sel marin celtique. Appr\u00e9ciez la saveur rafra\u00eechissante du citron \u00e0 base d&#039;extraits naturels combin\u00e9s au sel de mer celtique. Une hydratation optimale n&#039;a jamais \u00e9t\u00e9 aussi facile et rafra\u00eechissante.Non seulement il permet une hydratation optimale, mais il est \u00e9galement sans sucre et s&#039;int\u00e8gre parfaitement dans un mode de vie c\u00e9to. Vous pouvez vous attendre aux avantages suivants pour la sant\u00e9 lorsque vous soutenez votre \u00e9quilibre hydrique quotidiennement avec Ultimate Electrolytes : \u2705 Aide \u00e0 maintenir les normales dans l&#039;eau du corps et l&#039;\u00e9quilibre min\u00e9ral. \u2705 Active l&#039;\u00e9nergie naturelle de votre corps. \u2705 Contribue \u00e0 un esprit clair. \u2705 Soutient la digestion. \u2705 Est bon pour la fonction musculaire. \u2705 Aide \u00e0 r\u00e9duire la fatigue et la lassitude.\" \/>\n<meta property=\"og:url\" content=\"https:\/\/www.foodie.nl\/fr\/produit\/62-gratuit-ultimate-electrolytes-lemon-315-grammes\/\" \/>\n<meta property=\"og:site_name\" content=\"Foodie\" \/>\n<meta property=\"article:modified_time\" content=\"2025-02-21T14:13:32+00:00\" \/>\n<meta property=\"og:image\" content=\"https:\/\/www.foodie.nl\/app\/uploads\/2026\/01\/BOGO-producten-2026-01-29T162056.135.png\" \/>\n\t<meta property=\"og:image:width\" content=\"1600\" \/>\n\t<meta property=\"og:image:height\" content=\"1600\" \/>\n\t<meta property=\"og:image:type\" content=\"image\/png\" \/>\n<meta name=\"twitter:card\" content=\"summary_large_image\" \/>\n<meta name=\"twitter:label1\" content=\"Dur\u00e9e de lecture estim\u00e9e\" \/>\n\t<meta name=\"twitter:data1\" content=\"2 minutes\" \/>\n<script type=\"application\/ld+json\" class=\"yoast-schema-graph\">{\"@context\":\"https:\/\/schema.org\",\"@graph\":[{\"@type\":\"WebPage\",\"@id\":\"https:\/\/www.foodie.nl\/fr\/produit\/62-gratuit-ultimate-electrolytes-lemon-315-grammes\/\",\"url\":\"https:\/\/www.foodie.nl\/fr\/produit\/62-gratuit-ultimate-electrolytes-lemon-315-grammes\/\",\"name\":\"6+2 GRATUITS - Ultimate Electrolytes Citron - Foodie\",\"isPartOf\":{\"@id\":\"https:\/\/www.foodie.nl\/fr\/#website\"},\"primaryImageOfPage\":{\"@id\":\"https:\/\/www.foodie.nl\/fr\/produit\/62-gratuit-ultimate-electrolytes-lemon-315-grammes\/#primaryimage\"},\"image\":{\"@id\":\"https:\/\/www.foodie.nl\/fr\/produit\/62-gratuit-ultimate-electrolytes-lemon-315-grammes\/#primaryimage\"},\"thumbnailUrl\":\"https:\/\/www.foodie.nl\/app\/uploads\/2026\/01\/BOGO-producten-2026-01-29T162056.135.png\",\"datePublished\":\"2023-06-16T14:43:14+00:00\",\"dateModified\":\"2025-02-21T14:13:32+00:00\",\"description\":\"Ultimate Electrolytes fournit un r\u00e9approvisionnement \u00e9quilibr\u00e9 en \u00e9lectrolytes.Il est \u00e9galement enrichi de sel marin celtique. Appr\u00e9ciez la saveur rafra\u00eechissante du citron \u00e0 base d'extraits naturels combin\u00e9s au sel de mer celtique. Une hydratation optimale n'a jamais \u00e9t\u00e9 aussi facile et rafra\u00eechissante.Non seulement il permet une hydratation optimale, mais il est \u00e9galement sans sucre et s'int\u00e8gre parfaitement dans un mode de vie c\u00e9to. Vous pouvez vous attendre aux avantages suivants pour la sant\u00e9 lorsque vous soutenez votre \u00e9quilibre hydrique quotidiennement avec Ultimate Electrolytes : \u2705 Aide \u00e0 maintenir les normales dans l'eau du corps et l'\u00e9quilibre min\u00e9ral. \u2705 Active l'\u00e9nergie naturelle de votre corps. \u2705 Contribue \u00e0 un esprit clair. \u2705 Soutient la digestion. \u2705 Est bon pour la fonction musculaire. \u2705 Aide \u00e0 r\u00e9duire la fatigue et la lassitude.\",\"breadcrumb\":{\"@id\":\"https:\/\/www.foodie.nl\/fr\/produit\/62-gratuit-ultimate-electrolytes-lemon-315-grammes\/#breadcrumb\"},\"inLanguage\":\"fr-FR\",\"potentialAction\":[{\"@type\":\"ReadAction\",\"target\":[\"https:\/\/www.foodie.nl\/fr\/produit\/62-gratuit-ultimate-electrolytes-lemon-315-grammes\/\"]}]},{\"@type\":\"ImageObject\",\"inLanguage\":\"fr-FR\",\"@id\":\"https:\/\/www.foodie.nl\/fr\/produit\/62-gratuit-ultimate-electrolytes-lemon-315-grammes\/#primaryimage\",\"url\":\"https:\/\/www.foodie.nl\/app\/uploads\/2026\/01\/BOGO-producten-2026-01-29T162056.135.png\",\"contentUrl\":\"https:\/\/www.foodie.nl\/app\/uploads\/2026\/01\/BOGO-producten-2026-01-29T162056.135.png\",\"width\":1600,\"height\":1600},{\"@type\":\"BreadcrumbList\",\"@id\":\"https:\/\/www.foodie.nl\/fr\/produit\/62-gratuit-ultimate-electrolytes-lemon-315-grammes\/#breadcrumb\",\"itemListElement\":[{\"@type\":\"ListItem\",\"position\":1,\"name\":\"Home\",\"item\":\"https:\/\/www.foodie.nl\/fr\/\"},{\"@type\":\"ListItem\",\"position\":2,\"name\":\"Produits\",\"item\":\"https:\/\/www.foodie.nl\/fr\/shop\/\"},{\"@type\":\"ListItem\",\"position\":3,\"name\":\"6+2 GRATUITS &#8211; Ultimate Electrolytes Citron\"}]},{\"@type\":\"WebSite\",\"@id\":\"https:\/\/www.foodie.nl\/fr\/#website\",\"url\":\"https:\/\/www.foodie.nl\/fr\/\",\"name\":\"Foodie\",\"description\":\"Elke Hap Telt\",\"publisher\":{\"@id\":\"https:\/\/www.foodie.nl\/fr\/#organization\"},\"potentialAction\":[{\"@type\":\"SearchAction\",\"target\":{\"@type\":\"EntryPoint\",\"urlTemplate\":\"https:\/\/www.foodie.nl\/fr\/?s={search_term_string}\"},\"query-input\":{\"@type\":\"PropertyValueSpecification\",\"valueRequired\":true,\"valueName\":\"search_term_string\"}}],\"inLanguage\":\"fr-FR\"},{\"@type\":\"Organization\",\"@id\":\"https:\/\/www.foodie.nl\/fr\/#organization\",\"name\":\"Foodie\",\"url\":\"https:\/\/www.foodie.nl\/fr\/\",\"logo\":{\"@type\":\"ImageObject\",\"inLanguage\":\"fr-FR\",\"@id\":\"https:\/\/www.foodie.nl\/fr\/#\/schema\/logo\/image\/\",\"url\":\"https:\/\/www.foodie.nl\/app\/uploads\/2025\/01\/logo-foodie-wide@2x.png\",\"contentUrl\":\"https:\/\/www.foodie.nl\/app\/uploads\/2025\/01\/logo-foodie-wide@2x.png\",\"width\":236,\"height\":128,\"caption\":\"Foodie\"},\"image\":{\"@id\":\"https:\/\/www.foodie.nl\/fr\/#\/schema\/logo\/image\/\"}}]}<\/script>\n<!-- \/ Yoast SEO plugin. -->","yoast_head_json":{"title":"6+2 GRATUITS - Ultimate Electrolytes Citron - Foodie","description":"Ultimate Electrolytes fournit un r\u00e9approvisionnement \u00e9quilibr\u00e9 en \u00e9lectrolytes.Il est \u00e9galement enrichi de sel marin celtique. Appr\u00e9ciez la saveur rafra\u00eechissante du citron \u00e0 base d'extraits naturels combin\u00e9s au sel de mer celtique. Une hydratation optimale n'a jamais \u00e9t\u00e9 aussi facile et rafra\u00eechissante.Non seulement il permet une hydratation optimale, mais il est \u00e9galement sans sucre et s'int\u00e8gre parfaitement dans un mode de vie c\u00e9to. Vous pouvez vous attendre aux avantages suivants pour la sant\u00e9 lorsque vous soutenez votre \u00e9quilibre hydrique quotidiennement avec Ultimate Electrolytes : \u2705 Aide \u00e0 maintenir les normales dans l'eau du corps et l'\u00e9quilibre min\u00e9ral. \u2705 Active l'\u00e9nergie naturelle de votre corps. \u2705 Contribue \u00e0 un esprit clair. \u2705 Soutient la digestion. \u2705 Est bon pour la fonction musculaire. \u2705 Aide \u00e0 r\u00e9duire la fatigue et la lassitude.","robots":{"index":"noindex","follow":"nofollow"},"og_locale":"fr_FR","og_type":"article","og_title":"6+2 GRATUITS - Ultimate Electrolytes Citron - Foodie","og_description":"Ultimate Electrolytes fournit un r\u00e9approvisionnement \u00e9quilibr\u00e9 en \u00e9lectrolytes.Il est \u00e9galement enrichi de sel marin celtique. Appr\u00e9ciez la saveur rafra\u00eechissante du citron \u00e0 base d'extraits naturels combin\u00e9s au sel de mer celtique. Une hydratation optimale n'a jamais \u00e9t\u00e9 aussi facile et rafra\u00eechissante.Non seulement il permet une hydratation optimale, mais il est \u00e9galement sans sucre et s'int\u00e8gre parfaitement dans un mode de vie c\u00e9to. Vous pouvez vous attendre aux avantages suivants pour la sant\u00e9 lorsque vous soutenez votre \u00e9quilibre hydrique quotidiennement avec Ultimate Electrolytes : \u2705 Aide \u00e0 maintenir les normales dans l'eau du corps et l'\u00e9quilibre min\u00e9ral. \u2705 Active l'\u00e9nergie naturelle de votre corps. \u2705 Contribue \u00e0 un esprit clair. \u2705 Soutient la digestion. \u2705 Est bon pour la fonction musculaire. \u2705 Aide \u00e0 r\u00e9duire la fatigue et la lassitude.","og_url":"https:\/\/www.foodie.nl\/fr\/produit\/62-gratuit-ultimate-electrolytes-lemon-315-grammes\/","og_site_name":"Foodie","article_modified_time":"2025-02-21T14:13:32+00:00","og_image":[{"width":1600,"height":1600,"url":"https:\/\/www.foodie.nl\/app\/uploads\/2026\/01\/BOGO-producten-2026-01-29T162056.135.png","type":"image\/png"}],"twitter_card":"summary_large_image","twitter_misc":{"Dur\u00e9e de lecture estim\u00e9e":"2 minutes"},"schema":{"@context":"https:\/\/schema.org","@graph":[{"@type":"WebPage","@id":"https:\/\/www.foodie.nl\/fr\/produit\/62-gratuit-ultimate-electrolytes-lemon-315-grammes\/","url":"https:\/\/www.foodie.nl\/fr\/produit\/62-gratuit-ultimate-electrolytes-lemon-315-grammes\/","name":"6+2 GRATUITS - Ultimate Electrolytes Citron - Foodie","isPartOf":{"@id":"https:\/\/www.foodie.nl\/fr\/#website"},"primaryImageOfPage":{"@id":"https:\/\/www.foodie.nl\/fr\/produit\/62-gratuit-ultimate-electrolytes-lemon-315-grammes\/#primaryimage"},"image":{"@id":"https:\/\/www.foodie.nl\/fr\/produit\/62-gratuit-ultimate-electrolytes-lemon-315-grammes\/#primaryimage"},"thumbnailUrl":"https:\/\/www.foodie.nl\/app\/uploads\/2026\/01\/BOGO-producten-2026-01-29T162056.135.png","datePublished":"2023-06-16T14:43:14+00:00","dateModified":"2025-02-21T14:13:32+00:00","description":"Ultimate Electrolytes fournit un r\u00e9approvisionnement \u00e9quilibr\u00e9 en \u00e9lectrolytes.Il est \u00e9galement enrichi de sel marin celtique. Appr\u00e9ciez la saveur rafra\u00eechissante du citron \u00e0 base d'extraits naturels combin\u00e9s au sel de mer celtique. Une hydratation optimale n'a jamais \u00e9t\u00e9 aussi facile et rafra\u00eechissante.Non seulement il permet une hydratation optimale, mais il est \u00e9galement sans sucre et s'int\u00e8gre parfaitement dans un mode de vie c\u00e9to. Vous pouvez vous attendre aux avantages suivants pour la sant\u00e9 lorsque vous soutenez votre \u00e9quilibre hydrique quotidiennement avec Ultimate Electrolytes : \u2705 Aide \u00e0 maintenir les normales dans l'eau du corps et l'\u00e9quilibre min\u00e9ral. \u2705 Active l'\u00e9nergie naturelle de votre corps. \u2705 Contribue \u00e0 un esprit clair. \u2705 Soutient la digestion. \u2705 Est bon pour la fonction musculaire. \u2705 Aide \u00e0 r\u00e9duire la fatigue et la lassitude.","breadcrumb":{"@id":"https:\/\/www.foodie.nl\/fr\/produit\/62-gratuit-ultimate-electrolytes-lemon-315-grammes\/#breadcrumb"},"inLanguage":"fr-FR","potentialAction":[{"@type":"ReadAction","target":["https:\/\/www.foodie.nl\/fr\/produit\/62-gratuit-ultimate-electrolytes-lemon-315-grammes\/"]}]},{"@type":"ImageObject","inLanguage":"fr-FR","@id":"https:\/\/www.foodie.nl\/fr\/produit\/62-gratuit-ultimate-electrolytes-lemon-315-grammes\/#primaryimage","url":"https:\/\/www.foodie.nl\/app\/uploads\/2026\/01\/BOGO-producten-2026-01-29T162056.135.png","contentUrl":"https:\/\/www.foodie.nl\/app\/uploads\/2026\/01\/BOGO-producten-2026-01-29T162056.135.png","width":1600,"height":1600},{"@type":"BreadcrumbList","@id":"https:\/\/www.foodie.nl\/fr\/produit\/62-gratuit-ultimate-electrolytes-lemon-315-grammes\/#breadcrumb","itemListElement":[{"@type":"ListItem","position":1,"name":"Home","item":"https:\/\/www.foodie.nl\/fr\/"},{"@type":"ListItem","position":2,"name":"Produits","item":"https:\/\/www.foodie.nl\/fr\/shop\/"},{"@type":"ListItem","position":3,"name":"6+2 GRATUITS &#8211; Ultimate Electrolytes Citron"}]},{"@type":"WebSite","@id":"https:\/\/www.foodie.nl\/fr\/#website","url":"https:\/\/www.foodie.nl\/fr\/","name":"Foodie","description":"Elke Hap Telt","publisher":{"@id":"https:\/\/www.foodie.nl\/fr\/#organization"},"potentialAction":[{"@type":"SearchAction","target":{"@type":"EntryPoint","urlTemplate":"https:\/\/www.foodie.nl\/fr\/?s={search_term_string}"},"query-input":{"@type":"PropertyValueSpecification","valueRequired":true,"valueName":"search_term_string"}}],"inLanguage":"fr-FR"},{"@type":"Organization","@id":"https:\/\/www.foodie.nl\/fr\/#organization","name":"Foodie","url":"https:\/\/www.foodie.nl\/fr\/","logo":{"@type":"ImageObject","inLanguage":"fr-FR","@id":"https:\/\/www.foodie.nl\/fr\/#\/schema\/logo\/image\/","url":"https:\/\/www.foodie.nl\/app\/uploads\/2025\/01\/logo-foodie-wide@2x.png","contentUrl":"https:\/\/www.foodie.nl\/app\/uploads\/2025\/01\/logo-foodie-wide@2x.png","width":236,"height":128,"caption":"Foodie"},"image":{"@id":"https:\/\/www.foodie.nl\/fr\/#\/schema\/logo\/image\/"}}]}},"_links":{"self":[{"href":"https:\/\/www.foodie.nl\/fr\/wp-json\/wp\/v2\/product\/1125834","targetHints":{"allow":["GET"]}}],"collection":[{"href":"https:\/\/www.foodie.nl\/fr\/wp-json\/wp\/v2\/product"}],"about":[{"href":"https:\/\/www.foodie.nl\/fr\/wp-json\/wp\/v2\/types\/product"}],"wp:featuredmedia":[{"embeddable":true,"href":"https:\/\/www.foodie.nl\/fr\/wp-json\/wp\/v2\/media\/1186677"}],"wp:attachment":[{"href":"https:\/\/www.foodie.nl\/fr\/wp-json\/wp\/v2\/media?parent=1125834"}],"wp:term":[{"taxonomy":"product_brand","embeddable":true,"href":"https:\/\/www.foodie.nl\/fr\/wp-json\/wp\/v2\/product_brand?post=1125834"},{"taxonomy":"product_cat","embeddable":true,"href":"https:\/\/www.foodie.nl\/fr\/wp-json\/wp\/v2\/product_cat?post=1125834"},{"taxonomy":"product_tag","embeddable":true,"href":"https:\/\/www.foodie.nl\/fr\/wp-json\/wp\/v2\/product_tag?post=1125834"}],"curies":[{"name":"wp","href":"https:\/\/api.w.org\/{rel}","templated":true}]}}