{"id":1125909,"date":"2022-12-12T16:56:35","date_gmt":"2022-12-12T15:56:35","guid":{"rendered":"https:\/\/www.foodie.nl\/product\/ultimate-mct-powder-200-grammes-offre\/"},"modified":"2025-02-21T15:20:39","modified_gmt":"2025-02-21T14:20:39","slug":"ultimate-mct-powder-200-grammes-offre","status":"publish","type":"product","link":"https:\/\/www.foodie.nl\/fr\/produit\/ultimate-mct-powder-200-grammes-offre\/","title":{"rendered":"Ultimate MCT Powder (Offre)"},"content":{"rendered":"<p><strong>Valeur nutritionnelle moyenne par portion (10 g) :<\/strong><\/p>\n<ul>\n<li>\u00c9nergie : 286,2 KJ \/ 68,4 kcal<\/li>\n<li>Mati\u00e8res grasses : 7 g<\/li>\n<li>Glucides : 0 g<\/li>\n<li>Fibres alimentaires : 2,5 g<\/li>\n<li>Prot\u00e9ines : 0 g<\/li>\n<li>Sodium : 0,01 g<\/li>\n<\/ul>\n<p><strong>Ingr\u00e9dients :<\/strong> Veganergy\u00ae et fibres d&rsquo;acacia.<\/p>\n<p class=\"p1\"><strong>Posologie: <\/strong>M\u00e9langez environ 10 grammes d&rsquo;Ultimate MCT Powder dans votre boisson froide ou chaude pr\u00e9f\u00e9r\u00e9e chaque jour. Cela correspond \u00e0 une mesure remplie jusqu\u2019\u00e0 la marque des 20 ml.<\/p>\n<p><strong>Conservation:<\/strong>\u00a0conserver au frais et au sec.<\/p>\n<p><strong>Allerg\u00e8nes:<\/strong>\u00a0ce produit ne contient aucun allerg\u00e8ne.<\/p>\n<p><strong>Avertissement:<\/strong>\u00a0ce produit n\u2019est pas un m\u00e9dicament et n\u2019est pas destin\u00e9 \u00e0 diagnostiquer, pr\u00e9venir, traiter ou gu\u00e9rir une maladie ou une affection. Un compl\u00e9ment alimentaire ne doit pas \u00eatre utilis\u00e9 en remplacement d\u2019une alimentation vari\u00e9e. Ne pas d\u00e9passer la dose journali\u00e8re recommand\u00e9e. Conserver hors de port\u00e9e des enfants.<\/p>\n","protected":false},"excerpt":{"rendered":"<p><strong>Ultimate MCT Powder<\/strong> vous offre un moyen simple et efficace de fournir \u00e0 votre corps une source d\u2019\u00e9nergie propre et saine. Cette poudre MCT de haute qualit\u00e9 est fabriqu\u00e9e \u00e0 partir d\u2019huile de coco et contient le PalmFreeMCT brevet\u00e9 (Veganergy\u00ae), avec un m\u00e9lange \u00e9quilibr\u00e9 d\u2019acides gras C8 et C10, qui contribuent de mani\u00e8re optimale \u00e0 la production de c\u00e9tones dans votre corps.<\/p>\n<p>Les c\u00e9tones sont une source d\u2019\u00e9nergie puissante, parfaite pour tous ceux qui souhaitent soutenir leur m\u00e9tabolisme et stimuler la combustion des graisses, en particulier si vous suivez un mode de vie c\u00e9to.<\/p>\n<p>Les grands fabricants alimentaires veulent nous faire croire que le sucre est la meilleure source d\u2019\u00e9nergie. Mais c\u2019est loin d\u2019\u00eatre vrai. Les acides gras MCT sont une excellente source d\u2019\u00e9nergie car ils maintiennent votre glyc\u00e9mie stable.<\/p>\n<p><strong>Ultimate MCT Powder<\/strong> est la poudre MCT ultime, fabriqu\u00e9e \u00e0 partir d\u2019huile de coco, du PalmFreeMCT brevet\u00e9 (Veganergy\u00ae).<\/p>\n","protected":false},"featured_media":1117984,"template":"","meta":{"_acf_changed":false,"om_disable_all_campaigns":false},"product_brand":[],"product_cat":[183,182,180,194],"product_tag":[],"class_list":{"0":"post-1125909","1":"product","2":"type-product","3":"status-publish","4":"has-post-thumbnail","6":"product_cat-complements-alimentaires","7":"product_cat-non-promo-fr","8":"product_cat-tous-les-produits","9":"product_cat-ultimate-mct-powder","10":"product_shipping_class-livraison-gratuite","11":"sales-flash-overlay","12":"woocommerce-text-align-center","13":"woocommerce-image-align-center","14":"do-quantity-buttons","16":"first","17":"instock","18":"downloadable","19":"taxable","20":"shipping-taxable","21":"purchasable","22":"product-type-simple"},"acf":[],"yoast_head":"<!-- This site is optimized with the Yoast SEO plugin v27.2 - https:\/\/yoast.com\/product\/yoast-seo-wordpress\/ -->\n<title>Ultimate MCT Powder (Offre) - Foodie<\/title>\n<meta name=\"description\" content=\"Ultimate MCT Powder vous offre un moyen simple et efficace de fournir \u00e0 votre corps une source d\u2019\u00e9nergie propre et saine. Cette poudre MCT de haute qualit\u00e9 est fabriqu\u00e9e \u00e0 partir d\u2019huile de coco et contient le PalmFreeMCT brevet\u00e9 (Veganergy\u00ae), avec un m\u00e9lange \u00e9quilibr\u00e9 d\u2019acides gras C8 et C10, qui contribuent de mani\u00e8re optimale \u00e0 la production de c\u00e9tones dans votre corps.  Les c\u00e9tones sont une source d\u2019\u00e9nergie puissante, parfaite pour tous ceux qui souhaitent soutenir leur m\u00e9tabolisme et stimuler la combustion des graisses, en particulier si vous suivez un mode de vie c\u00e9to.  Les grands fabricants alimentaires veulent nous faire croire que le sucre est la meilleure source d\u2019\u00e9nergie. Mais c\u2019est loin d\u2019\u00eatre vrai. Les acides gras MCT sont une excellente source d\u2019\u00e9nergie car ils maintiennent votre glyc\u00e9mie stable.  Ultimate MCT Powder est la poudre MCT ultime, fabriqu\u00e9e \u00e0 partir d\u2019huile de coco, du PalmFreeMCT brevet\u00e9 (Veganergy\u00ae).\" \/>\n<meta name=\"robots\" content=\"noindex, nofollow\" \/>\n<meta property=\"og:locale\" content=\"fr_FR\" \/>\n<meta property=\"og:type\" content=\"article\" \/>\n<meta property=\"og:title\" content=\"Ultimate MCT Powder (Offre) - Foodie\" \/>\n<meta property=\"og:description\" content=\"Ultimate MCT Powder vous offre un moyen simple et efficace de fournir \u00e0 votre corps une source d\u2019\u00e9nergie propre et saine. Cette poudre MCT de haute qualit\u00e9 est fabriqu\u00e9e \u00e0 partir d\u2019huile de coco et contient le PalmFreeMCT brevet\u00e9 (Veganergy\u00ae), avec un m\u00e9lange \u00e9quilibr\u00e9 d\u2019acides gras C8 et C10, qui contribuent de mani\u00e8re optimale \u00e0 la production de c\u00e9tones dans votre corps.  Les c\u00e9tones sont une source d\u2019\u00e9nergie puissante, parfaite pour tous ceux qui souhaitent soutenir leur m\u00e9tabolisme et stimuler la combustion des graisses, en particulier si vous suivez un mode de vie c\u00e9to.  Les grands fabricants alimentaires veulent nous faire croire que le sucre est la meilleure source d\u2019\u00e9nergie. Mais c\u2019est loin d\u2019\u00eatre vrai. Les acides gras MCT sont une excellente source d\u2019\u00e9nergie car ils maintiennent votre glyc\u00e9mie stable.  Ultimate MCT Powder est la poudre MCT ultime, fabriqu\u00e9e \u00e0 partir d\u2019huile de coco, du PalmFreeMCT brevet\u00e9 (Veganergy\u00ae).\" \/>\n<meta property=\"og:url\" content=\"https:\/\/www.foodie.nl\/fr\/produit\/ultimate-mct-powder-200-grammes-offre\/\" \/>\n<meta property=\"og:site_name\" content=\"Foodie\" \/>\n<meta property=\"article:modified_time\" content=\"2025-02-21T14:20:39+00:00\" \/>\n<meta property=\"og:image\" content=\"https:\/\/www.foodie.nl\/app\/uploads\/2025\/02\/19.png\" \/>\n\t<meta property=\"og:image:width\" content=\"800\" \/>\n\t<meta property=\"og:image:height\" content=\"800\" \/>\n\t<meta property=\"og:image:type\" content=\"image\/png\" \/>\n<meta name=\"twitter:card\" content=\"summary_large_image\" \/>\n<meta name=\"twitter:label1\" content=\"Dur\u00e9e de lecture estim\u00e9e\" \/>\n\t<meta name=\"twitter:data1\" content=\"1 minute\" \/>\n<script type=\"application\/ld+json\" class=\"yoast-schema-graph\">{\"@context\":\"https:\/\/schema.org\",\"@graph\":[{\"@type\":\"WebPage\",\"@id\":\"https:\/\/www.foodie.nl\/fr\/produit\/ultimate-mct-powder-200-grammes-offre\/\",\"url\":\"https:\/\/www.foodie.nl\/fr\/produit\/ultimate-mct-powder-200-grammes-offre\/\",\"name\":\"Ultimate MCT Powder (Offre) - Foodie\",\"isPartOf\":{\"@id\":\"https:\/\/www.foodie.nl\/fr\/#website\"},\"primaryImageOfPage\":{\"@id\":\"https:\/\/www.foodie.nl\/fr\/produit\/ultimate-mct-powder-200-grammes-offre\/#primaryimage\"},\"image\":{\"@id\":\"https:\/\/www.foodie.nl\/fr\/produit\/ultimate-mct-powder-200-grammes-offre\/#primaryimage\"},\"thumbnailUrl\":\"https:\/\/www.foodie.nl\/app\/uploads\/2025\/02\/19.png\",\"datePublished\":\"2022-12-12T15:56:35+00:00\",\"dateModified\":\"2025-02-21T14:20:39+00:00\",\"description\":\"Ultimate MCT Powder vous offre un moyen simple et efficace de fournir \u00e0 votre corps une source d\u2019\u00e9nergie propre et saine. Cette poudre MCT de haute qualit\u00e9 est fabriqu\u00e9e \u00e0 partir d\u2019huile de coco et contient le PalmFreeMCT brevet\u00e9 (Veganergy\u00ae), avec un m\u00e9lange \u00e9quilibr\u00e9 d\u2019acides gras C8 et C10, qui contribuent de mani\u00e8re optimale \u00e0 la production de c\u00e9tones dans votre corps. Les c\u00e9tones sont une source d\u2019\u00e9nergie puissante, parfaite pour tous ceux qui souhaitent soutenir leur m\u00e9tabolisme et stimuler la combustion des graisses, en particulier si vous suivez un mode de vie c\u00e9to. Les grands fabricants alimentaires veulent nous faire croire que le sucre est la meilleure source d\u2019\u00e9nergie. Mais c\u2019est loin d\u2019\u00eatre vrai. Les acides gras MCT sont une excellente source d\u2019\u00e9nergie car ils maintiennent votre glyc\u00e9mie stable. Ultimate MCT Powder est la poudre MCT ultime, fabriqu\u00e9e \u00e0 partir d\u2019huile de coco, du PalmFreeMCT brevet\u00e9 (Veganergy\u00ae).\",\"breadcrumb\":{\"@id\":\"https:\/\/www.foodie.nl\/fr\/produit\/ultimate-mct-powder-200-grammes-offre\/#breadcrumb\"},\"inLanguage\":\"fr-FR\",\"potentialAction\":[{\"@type\":\"ReadAction\",\"target\":[\"https:\/\/www.foodie.nl\/fr\/produit\/ultimate-mct-powder-200-grammes-offre\/\"]}]},{\"@type\":\"ImageObject\",\"inLanguage\":\"fr-FR\",\"@id\":\"https:\/\/www.foodie.nl\/fr\/produit\/ultimate-mct-powder-200-grammes-offre\/#primaryimage\",\"url\":\"https:\/\/www.foodie.nl\/app\/uploads\/2025\/02\/19.png\",\"contentUrl\":\"https:\/\/www.foodie.nl\/app\/uploads\/2025\/02\/19.png\",\"width\":800,\"height\":800},{\"@type\":\"BreadcrumbList\",\"@id\":\"https:\/\/www.foodie.nl\/fr\/produit\/ultimate-mct-powder-200-grammes-offre\/#breadcrumb\",\"itemListElement\":[{\"@type\":\"ListItem\",\"position\":1,\"name\":\"Home\",\"item\":\"https:\/\/www.foodie.nl\/fr\/\"},{\"@type\":\"ListItem\",\"position\":2,\"name\":\"Produits\",\"item\":\"https:\/\/www.foodie.nl\/fr\/shop\/\"},{\"@type\":\"ListItem\",\"position\":3,\"name\":\"Ultimate MCT Powder (Offre)\"}]},{\"@type\":\"WebSite\",\"@id\":\"https:\/\/www.foodie.nl\/fr\/#website\",\"url\":\"https:\/\/www.foodie.nl\/fr\/\",\"name\":\"Foodie\",\"description\":\"Elke Hap Telt\",\"publisher\":{\"@id\":\"https:\/\/www.foodie.nl\/fr\/#organization\"},\"potentialAction\":[{\"@type\":\"SearchAction\",\"target\":{\"@type\":\"EntryPoint\",\"urlTemplate\":\"https:\/\/www.foodie.nl\/fr\/?s={search_term_string}\"},\"query-input\":{\"@type\":\"PropertyValueSpecification\",\"valueRequired\":true,\"valueName\":\"search_term_string\"}}],\"inLanguage\":\"fr-FR\"},{\"@type\":\"Organization\",\"@id\":\"https:\/\/www.foodie.nl\/fr\/#organization\",\"name\":\"Foodie\",\"url\":\"https:\/\/www.foodie.nl\/fr\/\",\"logo\":{\"@type\":\"ImageObject\",\"inLanguage\":\"fr-FR\",\"@id\":\"https:\/\/www.foodie.nl\/fr\/#\/schema\/logo\/image\/\",\"url\":\"https:\/\/www.foodie.nl\/app\/uploads\/2025\/01\/logo-foodie-wide@2x.png\",\"contentUrl\":\"https:\/\/www.foodie.nl\/app\/uploads\/2025\/01\/logo-foodie-wide@2x.png\",\"width\":236,\"height\":128,\"caption\":\"Foodie\"},\"image\":{\"@id\":\"https:\/\/www.foodie.nl\/fr\/#\/schema\/logo\/image\/\"}}]}<\/script>\n<!-- \/ Yoast SEO plugin. -->","yoast_head_json":{"title":"Ultimate MCT Powder (Offre) - Foodie","description":"Ultimate MCT Powder vous offre un moyen simple et efficace de fournir \u00e0 votre corps une source d\u2019\u00e9nergie propre et saine. Cette poudre MCT de haute qualit\u00e9 est fabriqu\u00e9e \u00e0 partir d\u2019huile de coco et contient le PalmFreeMCT brevet\u00e9 (Veganergy\u00ae), avec un m\u00e9lange \u00e9quilibr\u00e9 d\u2019acides gras C8 et C10, qui contribuent de mani\u00e8re optimale \u00e0 la production de c\u00e9tones dans votre corps.  Les c\u00e9tones sont une source d\u2019\u00e9nergie puissante, parfaite pour tous ceux qui souhaitent soutenir leur m\u00e9tabolisme et stimuler la combustion des graisses, en particulier si vous suivez un mode de vie c\u00e9to.  Les grands fabricants alimentaires veulent nous faire croire que le sucre est la meilleure source d\u2019\u00e9nergie. Mais c\u2019est loin d\u2019\u00eatre vrai. Les acides gras MCT sont une excellente source d\u2019\u00e9nergie car ils maintiennent votre glyc\u00e9mie stable.  Ultimate MCT Powder est la poudre MCT ultime, fabriqu\u00e9e \u00e0 partir d\u2019huile de coco, du PalmFreeMCT brevet\u00e9 (Veganergy\u00ae).","robots":{"index":"noindex","follow":"nofollow"},"og_locale":"fr_FR","og_type":"article","og_title":"Ultimate MCT Powder (Offre) - Foodie","og_description":"Ultimate MCT Powder vous offre un moyen simple et efficace de fournir \u00e0 votre corps une source d\u2019\u00e9nergie propre et saine. Cette poudre MCT de haute qualit\u00e9 est fabriqu\u00e9e \u00e0 partir d\u2019huile de coco et contient le PalmFreeMCT brevet\u00e9 (Veganergy\u00ae), avec un m\u00e9lange \u00e9quilibr\u00e9 d\u2019acides gras C8 et C10, qui contribuent de mani\u00e8re optimale \u00e0 la production de c\u00e9tones dans votre corps.  Les c\u00e9tones sont une source d\u2019\u00e9nergie puissante, parfaite pour tous ceux qui souhaitent soutenir leur m\u00e9tabolisme et stimuler la combustion des graisses, en particulier si vous suivez un mode de vie c\u00e9to.  Les grands fabricants alimentaires veulent nous faire croire que le sucre est la meilleure source d\u2019\u00e9nergie. Mais c\u2019est loin d\u2019\u00eatre vrai. Les acides gras MCT sont une excellente source d\u2019\u00e9nergie car ils maintiennent votre glyc\u00e9mie stable.  Ultimate MCT Powder est la poudre MCT ultime, fabriqu\u00e9e \u00e0 partir d\u2019huile de coco, du PalmFreeMCT brevet\u00e9 (Veganergy\u00ae).","og_url":"https:\/\/www.foodie.nl\/fr\/produit\/ultimate-mct-powder-200-grammes-offre\/","og_site_name":"Foodie","article_modified_time":"2025-02-21T14:20:39+00:00","og_image":[{"width":800,"height":800,"url":"https:\/\/www.foodie.nl\/app\/uploads\/2025\/02\/19.png","type":"image\/png"}],"twitter_card":"summary_large_image","twitter_misc":{"Dur\u00e9e de lecture estim\u00e9e":"1 minute"},"schema":{"@context":"https:\/\/schema.org","@graph":[{"@type":"WebPage","@id":"https:\/\/www.foodie.nl\/fr\/produit\/ultimate-mct-powder-200-grammes-offre\/","url":"https:\/\/www.foodie.nl\/fr\/produit\/ultimate-mct-powder-200-grammes-offre\/","name":"Ultimate MCT Powder (Offre) - Foodie","isPartOf":{"@id":"https:\/\/www.foodie.nl\/fr\/#website"},"primaryImageOfPage":{"@id":"https:\/\/www.foodie.nl\/fr\/produit\/ultimate-mct-powder-200-grammes-offre\/#primaryimage"},"image":{"@id":"https:\/\/www.foodie.nl\/fr\/produit\/ultimate-mct-powder-200-grammes-offre\/#primaryimage"},"thumbnailUrl":"https:\/\/www.foodie.nl\/app\/uploads\/2025\/02\/19.png","datePublished":"2022-12-12T15:56:35+00:00","dateModified":"2025-02-21T14:20:39+00:00","description":"Ultimate MCT Powder vous offre un moyen simple et efficace de fournir \u00e0 votre corps une source d\u2019\u00e9nergie propre et saine. Cette poudre MCT de haute qualit\u00e9 est fabriqu\u00e9e \u00e0 partir d\u2019huile de coco et contient le PalmFreeMCT brevet\u00e9 (Veganergy\u00ae), avec un m\u00e9lange \u00e9quilibr\u00e9 d\u2019acides gras C8 et C10, qui contribuent de mani\u00e8re optimale \u00e0 la production de c\u00e9tones dans votre corps. Les c\u00e9tones sont une source d\u2019\u00e9nergie puissante, parfaite pour tous ceux qui souhaitent soutenir leur m\u00e9tabolisme et stimuler la combustion des graisses, en particulier si vous suivez un mode de vie c\u00e9to. Les grands fabricants alimentaires veulent nous faire croire que le sucre est la meilleure source d\u2019\u00e9nergie. Mais c\u2019est loin d\u2019\u00eatre vrai. Les acides gras MCT sont une excellente source d\u2019\u00e9nergie car ils maintiennent votre glyc\u00e9mie stable. Ultimate MCT Powder est la poudre MCT ultime, fabriqu\u00e9e \u00e0 partir d\u2019huile de coco, du PalmFreeMCT brevet\u00e9 (Veganergy\u00ae).","breadcrumb":{"@id":"https:\/\/www.foodie.nl\/fr\/produit\/ultimate-mct-powder-200-grammes-offre\/#breadcrumb"},"inLanguage":"fr-FR","potentialAction":[{"@type":"ReadAction","target":["https:\/\/www.foodie.nl\/fr\/produit\/ultimate-mct-powder-200-grammes-offre\/"]}]},{"@type":"ImageObject","inLanguage":"fr-FR","@id":"https:\/\/www.foodie.nl\/fr\/produit\/ultimate-mct-powder-200-grammes-offre\/#primaryimage","url":"https:\/\/www.foodie.nl\/app\/uploads\/2025\/02\/19.png","contentUrl":"https:\/\/www.foodie.nl\/app\/uploads\/2025\/02\/19.png","width":800,"height":800},{"@type":"BreadcrumbList","@id":"https:\/\/www.foodie.nl\/fr\/produit\/ultimate-mct-powder-200-grammes-offre\/#breadcrumb","itemListElement":[{"@type":"ListItem","position":1,"name":"Home","item":"https:\/\/www.foodie.nl\/fr\/"},{"@type":"ListItem","position":2,"name":"Produits","item":"https:\/\/www.foodie.nl\/fr\/shop\/"},{"@type":"ListItem","position":3,"name":"Ultimate MCT Powder (Offre)"}]},{"@type":"WebSite","@id":"https:\/\/www.foodie.nl\/fr\/#website","url":"https:\/\/www.foodie.nl\/fr\/","name":"Foodie","description":"Elke Hap Telt","publisher":{"@id":"https:\/\/www.foodie.nl\/fr\/#organization"},"potentialAction":[{"@type":"SearchAction","target":{"@type":"EntryPoint","urlTemplate":"https:\/\/www.foodie.nl\/fr\/?s={search_term_string}"},"query-input":{"@type":"PropertyValueSpecification","valueRequired":true,"valueName":"search_term_string"}}],"inLanguage":"fr-FR"},{"@type":"Organization","@id":"https:\/\/www.foodie.nl\/fr\/#organization","name":"Foodie","url":"https:\/\/www.foodie.nl\/fr\/","logo":{"@type":"ImageObject","inLanguage":"fr-FR","@id":"https:\/\/www.foodie.nl\/fr\/#\/schema\/logo\/image\/","url":"https:\/\/www.foodie.nl\/app\/uploads\/2025\/01\/logo-foodie-wide@2x.png","contentUrl":"https:\/\/www.foodie.nl\/app\/uploads\/2025\/01\/logo-foodie-wide@2x.png","width":236,"height":128,"caption":"Foodie"},"image":{"@id":"https:\/\/www.foodie.nl\/fr\/#\/schema\/logo\/image\/"}}]}},"_links":{"self":[{"href":"https:\/\/www.foodie.nl\/fr\/wp-json\/wp\/v2\/product\/1125909","targetHints":{"allow":["GET"]}}],"collection":[{"href":"https:\/\/www.foodie.nl\/fr\/wp-json\/wp\/v2\/product"}],"about":[{"href":"https:\/\/www.foodie.nl\/fr\/wp-json\/wp\/v2\/types\/product"}],"wp:featuredmedia":[{"embeddable":true,"href":"https:\/\/www.foodie.nl\/fr\/wp-json\/wp\/v2\/media\/1117984"}],"wp:attachment":[{"href":"https:\/\/www.foodie.nl\/fr\/wp-json\/wp\/v2\/media?parent=1125909"}],"wp:term":[{"taxonomy":"product_brand","embeddable":true,"href":"https:\/\/www.foodie.nl\/fr\/wp-json\/wp\/v2\/product_brand?post=1125909"},{"taxonomy":"product_cat","embeddable":true,"href":"https:\/\/www.foodie.nl\/fr\/wp-json\/wp\/v2\/product_cat?post=1125909"},{"taxonomy":"product_tag","embeddable":true,"href":"https:\/\/www.foodie.nl\/fr\/wp-json\/wp\/v2\/product_tag?post=1125909"}],"curies":[{"name":"wp","href":"https:\/\/api.w.org\/{rel}","templated":true}]}}