{"id":1125984,"date":"2020-10-25T09:32:14","date_gmt":"2020-10-25T08:32:14","guid":{"rendered":"https:\/\/www.foodie.nl\/product\/vitamine-d-3000-ui-en-offre\/"},"modified":"2025-10-08T17:48:02","modified_gmt":"2025-10-08T15:48:02","slug":"vitamine-d-3000-ui-en-offre","status":"publish","type":"product","link":"https:\/\/www.foodie.nl\/fr\/produit\/vitamine-d-3000-ui-en-offre\/","title":{"rendered":"Vitamine D3 Boost, 3000 UI (offre)"},"content":{"rendered":"<p><strong>Valeur nutritionnelle moyenne par g\u00e9lule :<\/strong><\/p>\n<ul>\n<li>Vitamine D3 (chol\u00e9calcif\u00e9rol) : 3000 UI (1500% AJR)<\/li>\n<li>Huile d&rsquo;olive : 145,95 mg<\/li>\n<\/ul>\n<p><strong>Ingr\u00e9dients:<\/strong>\u00a0chol\u00e9calcif\u00e9rol (D3), huile d&rsquo;olive et g\u00e9lule (g\u00e9latine bovine, glyc\u00e9rine, eau).<\/p>\n<p><strong>Posologie:<\/strong>\u00a0Prenez 1 capsule par jour pendant un repas.<\/p>\n<p><strong>Conservation:<\/strong>\u00a0Conserver dans un endroit frais et sec dans un emballage bien ferm\u00e9.<\/p>\n<p><strong>Allerg\u00e8nes:<\/strong>\u00a0Ce produit ne contient pas d&rsquo;allerg\u00e8nes.<\/p>\n<p><strong>Avertissement:<\/strong>\u00a0Ce produit n&rsquo;est pas un m\u00e9dicament et n&rsquo;est pas destin\u00e9 \u00e0 diagnostiquer, pr\u00e9venir, traiter ou gu\u00e9rir une maladie ou une affection. Un compl\u00e9ment alimentaire ne doit pas \u00eatre utilis\u00e9 comme substitut \u00e0 une alimentation vari\u00e9e. Ne pas d\u00e9passer la dose quotidienne recommand\u00e9e. Garder hors de port\u00e9e des enfants.<\/p>\n","protected":false},"excerpt":{"rendered":"<p><strong>Vitamine D3 Boost :<\/strong> La vitamine D est une vitamine liposoluble essentielle au maintien de la sant\u00e9 des os, des muscles et du syst\u00e8me immunitaire.<br \/>\nL&rsquo;organisme peut produire de la vitamine D lorsque la peau est expos\u00e9e \u00e0 la lumi\u00e8re du soleil, mais elle peut \u00e9galement \u00eatre obtenue par le biais de l&rsquo;alimentation et de suppl\u00e9ments.<br \/>\nLa vitamine D joue un r\u00f4le crucial en favorisant l&rsquo;absorption du calcium et du phosphore, n\u00e9cessaires \u00e0 la formation et au maintien d&rsquo;os solides. Elle a \u00e9galement d&rsquo;autres fonctions importantes dans l&rsquo;organisme, notamment la r\u00e9gulation de la croissance cellulaire et le soutien du syst\u00e8me immunitaire.<\/p>\n","protected":false},"featured_media":1117960,"template":"","meta":{"_acf_changed":false,"om_disable_all_campaigns":false},"product_brand":[],"product_cat":[180,199],"product_tag":[],"class_list":{"0":"post-1125984","1":"product","2":"type-product","3":"status-publish","4":"has-post-thumbnail","6":"product_cat-tous-les-produits","7":"product_cat-vitamine-d3-boost","8":"product_shipping_class-livraison-gratuite","9":"sales-flash-overlay","10":"woocommerce-text-align-center","11":"woocommerce-image-align-center","12":"do-quantity-buttons","14":"first","15":"instock","16":"taxable","17":"shipping-taxable","18":"purchasable","19":"product-type-simple"},"acf":[],"yoast_head":"<!-- This site is optimized with the Yoast SEO plugin v27.2 - https:\/\/yoast.com\/product\/yoast-seo-wordpress\/ -->\n<title>Vitamine D3 Boost, 3000 UI (offre) - Foodie<\/title>\n<meta name=\"description\" content=\"Vitamine D3 Boost : La vitamine D est une vitamine liposoluble essentielle au maintien de la sant\u00e9 des os, des muscles et du syst\u00e8me immunitaire. L&#039;organisme peut produire de la vitamine D lorsque la peau est expos\u00e9e \u00e0 la lumi\u00e8re du soleil, mais elle peut \u00e9galement \u00eatre obtenue par le biais de l&#039;alimentation et de suppl\u00e9ments. La vitamine D joue un r\u00f4le crucial en favorisant l&#039;absorption du calcium et du phosphore, n\u00e9cessaires \u00e0 la formation et au maintien d&#039;os solides. Elle a \u00e9galement d&#039;autres fonctions importantes dans l&#039;organisme, notamment la r\u00e9gulation de la croissance cellulaire et le soutien du syst\u00e8me immunitaire.\" \/>\n<meta name=\"robots\" content=\"noindex, nofollow\" \/>\n<meta property=\"og:locale\" content=\"fr_FR\" \/>\n<meta property=\"og:type\" content=\"article\" \/>\n<meta property=\"og:title\" content=\"Vitamine D3 Boost, 3000 UI (offre) - Foodie\" \/>\n<meta property=\"og:description\" content=\"Vitamine D3 Boost : La vitamine D est une vitamine liposoluble essentielle au maintien de la sant\u00e9 des os, des muscles et du syst\u00e8me immunitaire. L&#039;organisme peut produire de la vitamine D lorsque la peau est expos\u00e9e \u00e0 la lumi\u00e8re du soleil, mais elle peut \u00e9galement \u00eatre obtenue par le biais de l&#039;alimentation et de suppl\u00e9ments. La vitamine D joue un r\u00f4le crucial en favorisant l&#039;absorption du calcium et du phosphore, n\u00e9cessaires \u00e0 la formation et au maintien d&#039;os solides. Elle a \u00e9galement d&#039;autres fonctions importantes dans l&#039;organisme, notamment la r\u00e9gulation de la croissance cellulaire et le soutien du syst\u00e8me immunitaire.\" \/>\n<meta property=\"og:url\" content=\"https:\/\/www.foodie.nl\/fr\/produit\/vitamine-d-3000-ui-en-offre\/\" \/>\n<meta property=\"og:site_name\" content=\"Foodie\" \/>\n<meta property=\"article:modified_time\" content=\"2025-10-08T15:48:02+00:00\" \/>\n<meta property=\"og:image\" content=\"https:\/\/www.foodie.nl\/app\/uploads\/2025\/02\/46.png\" \/>\n\t<meta property=\"og:image:width\" content=\"800\" \/>\n\t<meta property=\"og:image:height\" content=\"800\" \/>\n\t<meta property=\"og:image:type\" content=\"image\/png\" \/>\n<meta name=\"twitter:card\" content=\"summary_large_image\" \/>\n<meta name=\"twitter:label1\" content=\"Dur\u00e9e de lecture estim\u00e9e\" \/>\n\t<meta name=\"twitter:data1\" content=\"1 minute\" \/>\n<script type=\"application\/ld+json\" class=\"yoast-schema-graph\">{\"@context\":\"https:\/\/schema.org\",\"@graph\":[{\"@type\":\"WebPage\",\"@id\":\"https:\/\/www.foodie.nl\/fr\/produit\/vitamine-d-3000-ui-en-offre\/\",\"url\":\"https:\/\/www.foodie.nl\/fr\/produit\/vitamine-d-3000-ui-en-offre\/\",\"name\":\"Vitamine D3 Boost, 3000 UI (offre) - Foodie\",\"isPartOf\":{\"@id\":\"https:\/\/www.foodie.nl\/fr\/#website\"},\"primaryImageOfPage\":{\"@id\":\"https:\/\/www.foodie.nl\/fr\/produit\/vitamine-d-3000-ui-en-offre\/#primaryimage\"},\"image\":{\"@id\":\"https:\/\/www.foodie.nl\/fr\/produit\/vitamine-d-3000-ui-en-offre\/#primaryimage\"},\"thumbnailUrl\":\"https:\/\/www.foodie.nl\/app\/uploads\/2025\/02\/46.png\",\"datePublished\":\"2020-10-25T08:32:14+00:00\",\"dateModified\":\"2025-10-08T15:48:02+00:00\",\"description\":\"Vitamine D3 Boost : La vitamine D est une vitamine liposoluble essentielle au maintien de la sant\u00e9 des os, des muscles et du syst\u00e8me immunitaire. L'organisme peut produire de la vitamine D lorsque la peau est expos\u00e9e \u00e0 la lumi\u00e8re du soleil, mais elle peut \u00e9galement \u00eatre obtenue par le biais de l'alimentation et de suppl\u00e9ments. La vitamine D joue un r\u00f4le crucial en favorisant l'absorption du calcium et du phosphore, n\u00e9cessaires \u00e0 la formation et au maintien d'os solides. Elle a \u00e9galement d'autres fonctions importantes dans l'organisme, notamment la r\u00e9gulation de la croissance cellulaire et le soutien du syst\u00e8me immunitaire.\",\"breadcrumb\":{\"@id\":\"https:\/\/www.foodie.nl\/fr\/produit\/vitamine-d-3000-ui-en-offre\/#breadcrumb\"},\"inLanguage\":\"fr-FR\",\"potentialAction\":[{\"@type\":\"ReadAction\",\"target\":[\"https:\/\/www.foodie.nl\/fr\/produit\/vitamine-d-3000-ui-en-offre\/\"]}]},{\"@type\":\"ImageObject\",\"inLanguage\":\"fr-FR\",\"@id\":\"https:\/\/www.foodie.nl\/fr\/produit\/vitamine-d-3000-ui-en-offre\/#primaryimage\",\"url\":\"https:\/\/www.foodie.nl\/app\/uploads\/2025\/02\/46.png\",\"contentUrl\":\"https:\/\/www.foodie.nl\/app\/uploads\/2025\/02\/46.png\",\"width\":800,\"height\":800},{\"@type\":\"BreadcrumbList\",\"@id\":\"https:\/\/www.foodie.nl\/fr\/produit\/vitamine-d-3000-ui-en-offre\/#breadcrumb\",\"itemListElement\":[{\"@type\":\"ListItem\",\"position\":1,\"name\":\"Home\",\"item\":\"https:\/\/www.foodie.nl\/fr\/\"},{\"@type\":\"ListItem\",\"position\":2,\"name\":\"Produits\",\"item\":\"https:\/\/www.foodie.nl\/fr\/shop\/\"},{\"@type\":\"ListItem\",\"position\":3,\"name\":\"Vitamine D3 Boost, 3000 UI (offre)\"}]},{\"@type\":\"WebSite\",\"@id\":\"https:\/\/www.foodie.nl\/fr\/#website\",\"url\":\"https:\/\/www.foodie.nl\/fr\/\",\"name\":\"Foodie\",\"description\":\"Elke Hap Telt\",\"publisher\":{\"@id\":\"https:\/\/www.foodie.nl\/fr\/#organization\"},\"potentialAction\":[{\"@type\":\"SearchAction\",\"target\":{\"@type\":\"EntryPoint\",\"urlTemplate\":\"https:\/\/www.foodie.nl\/fr\/?s={search_term_string}\"},\"query-input\":{\"@type\":\"PropertyValueSpecification\",\"valueRequired\":true,\"valueName\":\"search_term_string\"}}],\"inLanguage\":\"fr-FR\"},{\"@type\":\"Organization\",\"@id\":\"https:\/\/www.foodie.nl\/fr\/#organization\",\"name\":\"Foodie\",\"url\":\"https:\/\/www.foodie.nl\/fr\/\",\"logo\":{\"@type\":\"ImageObject\",\"inLanguage\":\"fr-FR\",\"@id\":\"https:\/\/www.foodie.nl\/fr\/#\/schema\/logo\/image\/\",\"url\":\"https:\/\/www.foodie.nl\/app\/uploads\/2025\/01\/logo-foodie-wide@2x.png\",\"contentUrl\":\"https:\/\/www.foodie.nl\/app\/uploads\/2025\/01\/logo-foodie-wide@2x.png\",\"width\":236,\"height\":128,\"caption\":\"Foodie\"},\"image\":{\"@id\":\"https:\/\/www.foodie.nl\/fr\/#\/schema\/logo\/image\/\"}}]}<\/script>\n<!-- \/ Yoast SEO plugin. -->","yoast_head_json":{"title":"Vitamine D3 Boost, 3000 UI (offre) - Foodie","description":"Vitamine D3 Boost : La vitamine D est une vitamine liposoluble essentielle au maintien de la sant\u00e9 des os, des muscles et du syst\u00e8me immunitaire. L'organisme peut produire de la vitamine D lorsque la peau est expos\u00e9e \u00e0 la lumi\u00e8re du soleil, mais elle peut \u00e9galement \u00eatre obtenue par le biais de l'alimentation et de suppl\u00e9ments. La vitamine D joue un r\u00f4le crucial en favorisant l'absorption du calcium et du phosphore, n\u00e9cessaires \u00e0 la formation et au maintien d'os solides. Elle a \u00e9galement d'autres fonctions importantes dans l'organisme, notamment la r\u00e9gulation de la croissance cellulaire et le soutien du syst\u00e8me immunitaire.","robots":{"index":"noindex","follow":"nofollow"},"og_locale":"fr_FR","og_type":"article","og_title":"Vitamine D3 Boost, 3000 UI (offre) - Foodie","og_description":"Vitamine D3 Boost : La vitamine D est une vitamine liposoluble essentielle au maintien de la sant\u00e9 des os, des muscles et du syst\u00e8me immunitaire. L'organisme peut produire de la vitamine D lorsque la peau est expos\u00e9e \u00e0 la lumi\u00e8re du soleil, mais elle peut \u00e9galement \u00eatre obtenue par le biais de l'alimentation et de suppl\u00e9ments. La vitamine D joue un r\u00f4le crucial en favorisant l'absorption du calcium et du phosphore, n\u00e9cessaires \u00e0 la formation et au maintien d'os solides. Elle a \u00e9galement d'autres fonctions importantes dans l'organisme, notamment la r\u00e9gulation de la croissance cellulaire et le soutien du syst\u00e8me immunitaire.","og_url":"https:\/\/www.foodie.nl\/fr\/produit\/vitamine-d-3000-ui-en-offre\/","og_site_name":"Foodie","article_modified_time":"2025-10-08T15:48:02+00:00","og_image":[{"width":800,"height":800,"url":"https:\/\/www.foodie.nl\/app\/uploads\/2025\/02\/46.png","type":"image\/png"}],"twitter_card":"summary_large_image","twitter_misc":{"Dur\u00e9e de lecture estim\u00e9e":"1 minute"},"schema":{"@context":"https:\/\/schema.org","@graph":[{"@type":"WebPage","@id":"https:\/\/www.foodie.nl\/fr\/produit\/vitamine-d-3000-ui-en-offre\/","url":"https:\/\/www.foodie.nl\/fr\/produit\/vitamine-d-3000-ui-en-offre\/","name":"Vitamine D3 Boost, 3000 UI (offre) - Foodie","isPartOf":{"@id":"https:\/\/www.foodie.nl\/fr\/#website"},"primaryImageOfPage":{"@id":"https:\/\/www.foodie.nl\/fr\/produit\/vitamine-d-3000-ui-en-offre\/#primaryimage"},"image":{"@id":"https:\/\/www.foodie.nl\/fr\/produit\/vitamine-d-3000-ui-en-offre\/#primaryimage"},"thumbnailUrl":"https:\/\/www.foodie.nl\/app\/uploads\/2025\/02\/46.png","datePublished":"2020-10-25T08:32:14+00:00","dateModified":"2025-10-08T15:48:02+00:00","description":"Vitamine D3 Boost : La vitamine D est une vitamine liposoluble essentielle au maintien de la sant\u00e9 des os, des muscles et du syst\u00e8me immunitaire. L'organisme peut produire de la vitamine D lorsque la peau est expos\u00e9e \u00e0 la lumi\u00e8re du soleil, mais elle peut \u00e9galement \u00eatre obtenue par le biais de l'alimentation et de suppl\u00e9ments. La vitamine D joue un r\u00f4le crucial en favorisant l'absorption du calcium et du phosphore, n\u00e9cessaires \u00e0 la formation et au maintien d'os solides. Elle a \u00e9galement d'autres fonctions importantes dans l'organisme, notamment la r\u00e9gulation de la croissance cellulaire et le soutien du syst\u00e8me immunitaire.","breadcrumb":{"@id":"https:\/\/www.foodie.nl\/fr\/produit\/vitamine-d-3000-ui-en-offre\/#breadcrumb"},"inLanguage":"fr-FR","potentialAction":[{"@type":"ReadAction","target":["https:\/\/www.foodie.nl\/fr\/produit\/vitamine-d-3000-ui-en-offre\/"]}]},{"@type":"ImageObject","inLanguage":"fr-FR","@id":"https:\/\/www.foodie.nl\/fr\/produit\/vitamine-d-3000-ui-en-offre\/#primaryimage","url":"https:\/\/www.foodie.nl\/app\/uploads\/2025\/02\/46.png","contentUrl":"https:\/\/www.foodie.nl\/app\/uploads\/2025\/02\/46.png","width":800,"height":800},{"@type":"BreadcrumbList","@id":"https:\/\/www.foodie.nl\/fr\/produit\/vitamine-d-3000-ui-en-offre\/#breadcrumb","itemListElement":[{"@type":"ListItem","position":1,"name":"Home","item":"https:\/\/www.foodie.nl\/fr\/"},{"@type":"ListItem","position":2,"name":"Produits","item":"https:\/\/www.foodie.nl\/fr\/shop\/"},{"@type":"ListItem","position":3,"name":"Vitamine D3 Boost, 3000 UI (offre)"}]},{"@type":"WebSite","@id":"https:\/\/www.foodie.nl\/fr\/#website","url":"https:\/\/www.foodie.nl\/fr\/","name":"Foodie","description":"Elke Hap Telt","publisher":{"@id":"https:\/\/www.foodie.nl\/fr\/#organization"},"potentialAction":[{"@type":"SearchAction","target":{"@type":"EntryPoint","urlTemplate":"https:\/\/www.foodie.nl\/fr\/?s={search_term_string}"},"query-input":{"@type":"PropertyValueSpecification","valueRequired":true,"valueName":"search_term_string"}}],"inLanguage":"fr-FR"},{"@type":"Organization","@id":"https:\/\/www.foodie.nl\/fr\/#organization","name":"Foodie","url":"https:\/\/www.foodie.nl\/fr\/","logo":{"@type":"ImageObject","inLanguage":"fr-FR","@id":"https:\/\/www.foodie.nl\/fr\/#\/schema\/logo\/image\/","url":"https:\/\/www.foodie.nl\/app\/uploads\/2025\/01\/logo-foodie-wide@2x.png","contentUrl":"https:\/\/www.foodie.nl\/app\/uploads\/2025\/01\/logo-foodie-wide@2x.png","width":236,"height":128,"caption":"Foodie"},"image":{"@id":"https:\/\/www.foodie.nl\/fr\/#\/schema\/logo\/image\/"}}]}},"_links":{"self":[{"href":"https:\/\/www.foodie.nl\/fr\/wp-json\/wp\/v2\/product\/1125984","targetHints":{"allow":["GET"]}}],"collection":[{"href":"https:\/\/www.foodie.nl\/fr\/wp-json\/wp\/v2\/product"}],"about":[{"href":"https:\/\/www.foodie.nl\/fr\/wp-json\/wp\/v2\/types\/product"}],"wp:featuredmedia":[{"embeddable":true,"href":"https:\/\/www.foodie.nl\/fr\/wp-json\/wp\/v2\/media\/1117960"}],"wp:attachment":[{"href":"https:\/\/www.foodie.nl\/fr\/wp-json\/wp\/v2\/media?parent=1125984"}],"wp:term":[{"taxonomy":"product_brand","embeddable":true,"href":"https:\/\/www.foodie.nl\/fr\/wp-json\/wp\/v2\/product_brand?post=1125984"},{"taxonomy":"product_cat","embeddable":true,"href":"https:\/\/www.foodie.nl\/fr\/wp-json\/wp\/v2\/product_cat?post=1125984"},{"taxonomy":"product_tag","embeddable":true,"href":"https:\/\/www.foodie.nl\/fr\/wp-json\/wp\/v2\/product_tag?post=1125984"}],"curies":[{"name":"wp","href":"https:\/\/api.w.org\/{rel}","templated":true}]}}