{"id":1125994,"date":"2021-07-07T15:57:58","date_gmt":"2021-07-07T13:57:58","guid":{"rendered":"https:\/\/www.foodie.nl\/product\/11-free-vitamin-k2-boost-30-gelules\/"},"modified":"2025-02-21T16:06:28","modified_gmt":"2025-02-21T15:06:28","slug":"11-free-vitamin-k2-boost-30-gelules","status":"publish","type":"product","link":"https:\/\/www.foodie.nl\/fr\/produit\/11-free-vitamin-k2-boost-30-gelules\/","title":{"rendered":"1+1 GRATUIT Vitamine K2 Boost"},"content":{"rendered":"<p><strong>Valeur nutritionnelle moyenne par g\u00e9lule :<\/strong><\/p>\n<ul>\n<li>Vitamine K2 MK7 (m\u00e9naquinone-7) : 200 mcg<\/li>\n<li>Extrait de luzerne :(Alfalfa) 250 mg<\/li>\n<\/ul>\n<p><strong>Ingr\u00e9dients:<\/strong>\u00a0Herbe de alfalfa (poudre), cellulose microcristalline (agent de charge), vitamine K2 MK7 (m\u00e9naquinone-7), st\u00e9arate de magn\u00e9sium (agent anti-agglom\u00e9rant), dioxyde de silicium (agent anti-agglom\u00e9rant) et HPMC (capsule).<\/p>\n<p><strong>Posologie :<\/strong>\u00a0Prenez 1 capsule par jour pendant un repas.<\/p>\n<p><strong>Conservation:<\/strong>\u00a0Conserver dans un endroit frais et sec dans un emballage bien ferm\u00e9.<\/p>\n<p><strong>Allerg\u00e8nes:<\/strong>\u00a0Ce produit ne contient pas d&rsquo;allerg\u00e8nes.<\/p>\n<p><strong>Avertissement:<\/strong>\u00a0Ce produit n&rsquo;est pas un m\u00e9dicament et n&rsquo;est pas destin\u00e9 \u00e0 diagnostiquer, pr\u00e9venir, traiter ou gu\u00e9rir une maladie ou une affection. Un compl\u00e9ment alimentaire ne doit pas \u00eatre utilis\u00e9 comme substitut \u00e0 une alimentation vari\u00e9e. Ne pas d\u00e9passer la dose quotidienne recommand\u00e9e. Garder hors de port\u00e9e des enfants.<\/p>\n<p>Ne pas combiner avec des anticoagulants. Si vous en prenez, consultez d&rsquo;abord votre m\u00e9decin.<\/p>\n","protected":false},"excerpt":{"rendered":"<p><strong>Vitamine K2 Boost :<\/strong> La vitamine K2 et l&rsquo;extrait de luzerne (Alfalfa) se compl\u00e8tent bien en raison de leurs effets b\u00e9n\u00e9fiques sur la sant\u00e9. La vitamine K2 est une vitamine liposoluble importante pour la coagulation sanguine et la sant\u00e9 des os. Elle contribue \u00e0 activer les facteurs de coagulation dans le sang, ce qui est essentiel pour une coagulation sanguine normale. En outre, la vitamine K2 joue un r\u00f4le dans le transport du calcium vers les os et les dents, ce qui contribue \u00e0 une bonne min\u00e9ralisation osseuse et au maintien d&rsquo;os solides. L&rsquo;extrait de luzerne, d\u00e9riv\u00e9 de la luzerne, est riche en nutriments tels que des vitamines, des min\u00e9raux et des antioxydants. Il pr\u00e9sente de nombreux avantages pour la sant\u00e9, notamment en favorisant une digestion saine, des os solides, l&rsquo;\u00e9tat de la peau et le syst\u00e8me immunitaire*. <em>*all\u00e9gations de sant\u00e9 encore en cours d&rsquo;\u00e9valuation<\/em><\/p>\n","protected":false},"featured_media":1174442,"template":"","meta":{"_acf_changed":false,"om_disable_all_campaigns":false},"product_brand":[],"product_cat":[200],"product_tag":[],"class_list":{"0":"post-1125994","1":"product","2":"type-product","3":"status-publish","4":"has-post-thumbnail","6":"product_cat-vitamine-k2-boost","7":"sales-flash-overlay","8":"woocommerce-text-align-center","9":"woocommerce-image-align-center","10":"do-quantity-buttons","12":"first","13":"instock","14":"taxable","15":"shipping-taxable","16":"purchasable","17":"product-type-simple"},"acf":[],"yoast_head":"<!-- This site is optimized with the Yoast SEO plugin v27.4 - https:\/\/yoast.com\/product\/yoast-seo-wordpress\/ -->\n<title>1+1 GRATUIT Vitamine K2 Boost - Foodie<\/title>\n<meta name=\"description\" content=\"Vitamine K2 Boost : La vitamine K2 et l&#039;extrait de luzerne (Alfalfa) se compl\u00e8tent bien en raison de leurs effets b\u00e9n\u00e9fiques sur la sant\u00e9. La vitamine K2 est une vitamine liposoluble importante pour la coagulation sanguine et la sant\u00e9 des os. Elle contribue \u00e0 activer les facteurs de coagulation dans le sang, ce qui est essentiel pour une coagulation sanguine normale. En outre, la vitamine K2 joue un r\u00f4le dans le transport du calcium vers les os et les dents, ce qui contribue \u00e0 une bonne min\u00e9ralisation osseuse et au maintien d&#039;os solides. L&#039;extrait de luzerne, d\u00e9riv\u00e9 de la luzerne, est riche en nutriments tels que des vitamines, des min\u00e9raux et des antioxydants. Il pr\u00e9sente de nombreux avantages pour la sant\u00e9, notamment en favorisant une digestion saine, des os solides, l&#039;\u00e9tat de la peau et le syst\u00e8me immunitaire*. *all\u00e9gations de sant\u00e9 encore en cours d&#039;\u00e9valuation\" \/>\n<meta name=\"robots\" content=\"noindex, nofollow\" \/>\n<meta property=\"og:locale\" content=\"fr_FR\" \/>\n<meta property=\"og:type\" content=\"article\" \/>\n<meta property=\"og:title\" content=\"1+1 GRATUIT Vitamine K2 Boost - Foodie\" \/>\n<meta property=\"og:description\" content=\"Vitamine K2 Boost : La vitamine K2 et l&#039;extrait de luzerne (Alfalfa) se compl\u00e8tent bien en raison de leurs effets b\u00e9n\u00e9fiques sur la sant\u00e9. La vitamine K2 est une vitamine liposoluble importante pour la coagulation sanguine et la sant\u00e9 des os. Elle contribue \u00e0 activer les facteurs de coagulation dans le sang, ce qui est essentiel pour une coagulation sanguine normale. En outre, la vitamine K2 joue un r\u00f4le dans le transport du calcium vers les os et les dents, ce qui contribue \u00e0 une bonne min\u00e9ralisation osseuse et au maintien d&#039;os solides. L&#039;extrait de luzerne, d\u00e9riv\u00e9 de la luzerne, est riche en nutriments tels que des vitamines, des min\u00e9raux et des antioxydants. Il pr\u00e9sente de nombreux avantages pour la sant\u00e9, notamment en favorisant une digestion saine, des os solides, l&#039;\u00e9tat de la peau et le syst\u00e8me immunitaire*. *all\u00e9gations de sant\u00e9 encore en cours d&#039;\u00e9valuation\" \/>\n<meta property=\"og:url\" content=\"https:\/\/www.foodie.nl\/fr\/produit\/11-free-vitamin-k2-boost-30-gelules\/\" \/>\n<meta property=\"og:site_name\" content=\"Foodie\" \/>\n<meta property=\"article:modified_time\" content=\"2025-02-21T15:06:28+00:00\" \/>\n<meta property=\"og:image\" content=\"https:\/\/www.foodie.nl\/app\/uploads\/BOGO-producten-39.png\" \/>\n\t<meta property=\"og:image:width\" content=\"800\" \/>\n\t<meta property=\"og:image:height\" content=\"800\" \/>\n\t<meta property=\"og:image:type\" content=\"image\/png\" \/>\n<meta name=\"twitter:card\" content=\"summary_large_image\" \/>\n<meta name=\"twitter:label1\" content=\"Dur\u00e9e de lecture estim\u00e9e\" \/>\n\t<meta name=\"twitter:data1\" content=\"1 minute\" \/>\n<script type=\"application\/ld+json\" class=\"yoast-schema-graph\">{\"@context\":\"https:\\\/\\\/schema.org\",\"@graph\":[{\"@type\":\"WebPage\",\"@id\":\"https:\\\/\\\/www.foodie.nl\\\/fr\\\/produit\\\/11-free-vitamin-k2-boost-30-gelules\\\/\",\"url\":\"https:\\\/\\\/www.foodie.nl\\\/fr\\\/produit\\\/11-free-vitamin-k2-boost-30-gelules\\\/\",\"name\":\"1+1 GRATUIT Vitamine K2 Boost - Foodie\",\"isPartOf\":{\"@id\":\"https:\\\/\\\/www.foodie.nl\\\/fr\\\/#website\"},\"primaryImageOfPage\":{\"@id\":\"https:\\\/\\\/www.foodie.nl\\\/fr\\\/produit\\\/11-free-vitamin-k2-boost-30-gelules\\\/#primaryimage\"},\"image\":{\"@id\":\"https:\\\/\\\/www.foodie.nl\\\/fr\\\/produit\\\/11-free-vitamin-k2-boost-30-gelules\\\/#primaryimage\"},\"thumbnailUrl\":\"https:\\\/\\\/www.foodie.nl\\\/app\\\/uploads\\\/2021\\\/07\\\/BOGO-producten-2025-09-30T111330.180.png\",\"datePublished\":\"2021-07-07T13:57:58+00:00\",\"dateModified\":\"2025-02-21T15:06:28+00:00\",\"description\":\"Vitamine K2 Boost : La vitamine K2 et l'extrait de luzerne (Alfalfa) se compl\u00e8tent bien en raison de leurs effets b\u00e9n\u00e9fiques sur la sant\u00e9. La vitamine K2 est une vitamine liposoluble importante pour la coagulation sanguine et la sant\u00e9 des os. Elle contribue \u00e0 activer les facteurs de coagulation dans le sang, ce qui est essentiel pour une coagulation sanguine normale. En outre, la vitamine K2 joue un r\u00f4le dans le transport du calcium vers les os et les dents, ce qui contribue \u00e0 une bonne min\u00e9ralisation osseuse et au maintien d'os solides. L'extrait de luzerne, d\u00e9riv\u00e9 de la luzerne, est riche en nutriments tels que des vitamines, des min\u00e9raux et des antioxydants. Il pr\u00e9sente de nombreux avantages pour la sant\u00e9, notamment en favorisant une digestion saine, des os solides, l'\u00e9tat de la peau et le syst\u00e8me immunitaire*. *all\u00e9gations de sant\u00e9 encore en cours d'\u00e9valuation\",\"breadcrumb\":{\"@id\":\"https:\\\/\\\/www.foodie.nl\\\/fr\\\/produit\\\/11-free-vitamin-k2-boost-30-gelules\\\/#breadcrumb\"},\"inLanguage\":\"fr-FR\",\"potentialAction\":[{\"@type\":\"ReadAction\",\"target\":[\"https:\\\/\\\/www.foodie.nl\\\/fr\\\/produit\\\/11-free-vitamin-k2-boost-30-gelules\\\/\"]}]},{\"@type\":\"ImageObject\",\"inLanguage\":\"fr-FR\",\"@id\":\"https:\\\/\\\/www.foodie.nl\\\/fr\\\/produit\\\/11-free-vitamin-k2-boost-30-gelules\\\/#primaryimage\",\"url\":\"https:\\\/\\\/www.foodie.nl\\\/app\\\/uploads\\\/2021\\\/07\\\/BOGO-producten-2025-09-30T111330.180.png\",\"contentUrl\":\"https:\\\/\\\/www.foodie.nl\\\/app\\\/uploads\\\/2021\\\/07\\\/BOGO-producten-2025-09-30T111330.180.png\",\"width\":800,\"height\":800},{\"@type\":\"BreadcrumbList\",\"@id\":\"https:\\\/\\\/www.foodie.nl\\\/fr\\\/produit\\\/11-free-vitamin-k2-boost-30-gelules\\\/#breadcrumb\",\"itemListElement\":[{\"@type\":\"ListItem\",\"position\":1,\"name\":\"Home\",\"item\":\"https:\\\/\\\/www.foodie.nl\\\/fr\\\/\"},{\"@type\":\"ListItem\",\"position\":2,\"name\":\"Produits\",\"item\":\"https:\\\/\\\/www.foodie.nl\\\/fr\\\/shop\\\/\"},{\"@type\":\"ListItem\",\"position\":3,\"name\":\"1+1 GRATUIT Vitamine K2 Boost\"}]},{\"@type\":\"WebSite\",\"@id\":\"https:\\\/\\\/www.foodie.nl\\\/fr\\\/#website\",\"url\":\"https:\\\/\\\/www.foodie.nl\\\/fr\\\/\",\"name\":\"Foodie\",\"description\":\"Elke Hap Telt\",\"publisher\":{\"@id\":\"https:\\\/\\\/www.foodie.nl\\\/fr\\\/#organization\"},\"potentialAction\":[{\"@type\":\"SearchAction\",\"target\":{\"@type\":\"EntryPoint\",\"urlTemplate\":\"https:\\\/\\\/www.foodie.nl\\\/fr\\\/?s={search_term_string}\"},\"query-input\":{\"@type\":\"PropertyValueSpecification\",\"valueRequired\":true,\"valueName\":\"search_term_string\"}}],\"inLanguage\":\"fr-FR\"},{\"@type\":\"Organization\",\"@id\":\"https:\\\/\\\/www.foodie.nl\\\/fr\\\/#organization\",\"name\":\"Foodie\",\"url\":\"https:\\\/\\\/www.foodie.nl\\\/fr\\\/\",\"logo\":{\"@type\":\"ImageObject\",\"inLanguage\":\"fr-FR\",\"@id\":\"https:\\\/\\\/www.foodie.nl\\\/fr\\\/#\\\/schema\\\/logo\\\/image\\\/\",\"url\":\"https:\\\/\\\/www.foodie.nl\\\/app\\\/uploads\\\/2025\\\/01\\\/logo-foodie-wide@2x.png\",\"contentUrl\":\"https:\\\/\\\/www.foodie.nl\\\/app\\\/uploads\\\/2025\\\/01\\\/logo-foodie-wide@2x.png\",\"width\":236,\"height\":128,\"caption\":\"Foodie\"},\"image\":{\"@id\":\"https:\\\/\\\/www.foodie.nl\\\/fr\\\/#\\\/schema\\\/logo\\\/image\\\/\"}}]}<\/script>\n<!-- \/ Yoast SEO plugin. -->","yoast_head_json":{"title":"1+1 GRATUIT Vitamine K2 Boost - Foodie","description":"Vitamine K2 Boost : La vitamine K2 et l'extrait de luzerne (Alfalfa) se compl\u00e8tent bien en raison de leurs effets b\u00e9n\u00e9fiques sur la sant\u00e9. La vitamine K2 est une vitamine liposoluble importante pour la coagulation sanguine et la sant\u00e9 des os. Elle contribue \u00e0 activer les facteurs de coagulation dans le sang, ce qui est essentiel pour une coagulation sanguine normale. En outre, la vitamine K2 joue un r\u00f4le dans le transport du calcium vers les os et les dents, ce qui contribue \u00e0 une bonne min\u00e9ralisation osseuse et au maintien d'os solides. L'extrait de luzerne, d\u00e9riv\u00e9 de la luzerne, est riche en nutriments tels que des vitamines, des min\u00e9raux et des antioxydants. Il pr\u00e9sente de nombreux avantages pour la sant\u00e9, notamment en favorisant une digestion saine, des os solides, l'\u00e9tat de la peau et le syst\u00e8me immunitaire*. *all\u00e9gations de sant\u00e9 encore en cours d'\u00e9valuation","robots":{"index":"noindex","follow":"nofollow"},"og_locale":"fr_FR","og_type":"article","og_title":"1+1 GRATUIT Vitamine K2 Boost - Foodie","og_description":"Vitamine K2 Boost : La vitamine K2 et l'extrait de luzerne (Alfalfa) se compl\u00e8tent bien en raison de leurs effets b\u00e9n\u00e9fiques sur la sant\u00e9. La vitamine K2 est une vitamine liposoluble importante pour la coagulation sanguine et la sant\u00e9 des os. Elle contribue \u00e0 activer les facteurs de coagulation dans le sang, ce qui est essentiel pour une coagulation sanguine normale. En outre, la vitamine K2 joue un r\u00f4le dans le transport du calcium vers les os et les dents, ce qui contribue \u00e0 une bonne min\u00e9ralisation osseuse et au maintien d'os solides. L'extrait de luzerne, d\u00e9riv\u00e9 de la luzerne, est riche en nutriments tels que des vitamines, des min\u00e9raux et des antioxydants. Il pr\u00e9sente de nombreux avantages pour la sant\u00e9, notamment en favorisant une digestion saine, des os solides, l'\u00e9tat de la peau et le syst\u00e8me immunitaire*. *all\u00e9gations de sant\u00e9 encore en cours d'\u00e9valuation","og_url":"https:\/\/www.foodie.nl\/fr\/produit\/11-free-vitamin-k2-boost-30-gelules\/","og_site_name":"Foodie","article_modified_time":"2025-02-21T15:06:28+00:00","og_image":[{"width":800,"height":800,"url":"https:\/\/www.foodie.nl\/app\/uploads\/BOGO-producten-39.png","type":"image\/png"}],"twitter_card":"summary_large_image","twitter_misc":{"Dur\u00e9e de lecture estim\u00e9e":"1 minute"},"schema":{"@context":"https:\/\/schema.org","@graph":[{"@type":"WebPage","@id":"https:\/\/www.foodie.nl\/fr\/produit\/11-free-vitamin-k2-boost-30-gelules\/","url":"https:\/\/www.foodie.nl\/fr\/produit\/11-free-vitamin-k2-boost-30-gelules\/","name":"1+1 GRATUIT Vitamine K2 Boost - Foodie","isPartOf":{"@id":"https:\/\/www.foodie.nl\/fr\/#website"},"primaryImageOfPage":{"@id":"https:\/\/www.foodie.nl\/fr\/produit\/11-free-vitamin-k2-boost-30-gelules\/#primaryimage"},"image":{"@id":"https:\/\/www.foodie.nl\/fr\/produit\/11-free-vitamin-k2-boost-30-gelules\/#primaryimage"},"thumbnailUrl":"https:\/\/www.foodie.nl\/app\/uploads\/2021\/07\/BOGO-producten-2025-09-30T111330.180.png","datePublished":"2021-07-07T13:57:58+00:00","dateModified":"2025-02-21T15:06:28+00:00","description":"Vitamine K2 Boost : La vitamine K2 et l'extrait de luzerne (Alfalfa) se compl\u00e8tent bien en raison de leurs effets b\u00e9n\u00e9fiques sur la sant\u00e9. La vitamine K2 est une vitamine liposoluble importante pour la coagulation sanguine et la sant\u00e9 des os. Elle contribue \u00e0 activer les facteurs de coagulation dans le sang, ce qui est essentiel pour une coagulation sanguine normale. En outre, la vitamine K2 joue un r\u00f4le dans le transport du calcium vers les os et les dents, ce qui contribue \u00e0 une bonne min\u00e9ralisation osseuse et au maintien d'os solides. L'extrait de luzerne, d\u00e9riv\u00e9 de la luzerne, est riche en nutriments tels que des vitamines, des min\u00e9raux et des antioxydants. Il pr\u00e9sente de nombreux avantages pour la sant\u00e9, notamment en favorisant une digestion saine, des os solides, l'\u00e9tat de la peau et le syst\u00e8me immunitaire*. *all\u00e9gations de sant\u00e9 encore en cours d'\u00e9valuation","breadcrumb":{"@id":"https:\/\/www.foodie.nl\/fr\/produit\/11-free-vitamin-k2-boost-30-gelules\/#breadcrumb"},"inLanguage":"fr-FR","potentialAction":[{"@type":"ReadAction","target":["https:\/\/www.foodie.nl\/fr\/produit\/11-free-vitamin-k2-boost-30-gelules\/"]}]},{"@type":"ImageObject","inLanguage":"fr-FR","@id":"https:\/\/www.foodie.nl\/fr\/produit\/11-free-vitamin-k2-boost-30-gelules\/#primaryimage","url":"https:\/\/www.foodie.nl\/app\/uploads\/2021\/07\/BOGO-producten-2025-09-30T111330.180.png","contentUrl":"https:\/\/www.foodie.nl\/app\/uploads\/2021\/07\/BOGO-producten-2025-09-30T111330.180.png","width":800,"height":800},{"@type":"BreadcrumbList","@id":"https:\/\/www.foodie.nl\/fr\/produit\/11-free-vitamin-k2-boost-30-gelules\/#breadcrumb","itemListElement":[{"@type":"ListItem","position":1,"name":"Home","item":"https:\/\/www.foodie.nl\/fr\/"},{"@type":"ListItem","position":2,"name":"Produits","item":"https:\/\/www.foodie.nl\/fr\/shop\/"},{"@type":"ListItem","position":3,"name":"1+1 GRATUIT Vitamine K2 Boost"}]},{"@type":"WebSite","@id":"https:\/\/www.foodie.nl\/fr\/#website","url":"https:\/\/www.foodie.nl\/fr\/","name":"Foodie","description":"Elke Hap Telt","publisher":{"@id":"https:\/\/www.foodie.nl\/fr\/#organization"},"potentialAction":[{"@type":"SearchAction","target":{"@type":"EntryPoint","urlTemplate":"https:\/\/www.foodie.nl\/fr\/?s={search_term_string}"},"query-input":{"@type":"PropertyValueSpecification","valueRequired":true,"valueName":"search_term_string"}}],"inLanguage":"fr-FR"},{"@type":"Organization","@id":"https:\/\/www.foodie.nl\/fr\/#organization","name":"Foodie","url":"https:\/\/www.foodie.nl\/fr\/","logo":{"@type":"ImageObject","inLanguage":"fr-FR","@id":"https:\/\/www.foodie.nl\/fr\/#\/schema\/logo\/image\/","url":"https:\/\/www.foodie.nl\/app\/uploads\/2025\/01\/logo-foodie-wide@2x.png","contentUrl":"https:\/\/www.foodie.nl\/app\/uploads\/2025\/01\/logo-foodie-wide@2x.png","width":236,"height":128,"caption":"Foodie"},"image":{"@id":"https:\/\/www.foodie.nl\/fr\/#\/schema\/logo\/image\/"}}]}},"_links":{"self":[{"href":"https:\/\/www.foodie.nl\/fr\/wp-json\/wp\/v2\/product\/1125994","targetHints":{"allow":["GET"]}}],"collection":[{"href":"https:\/\/www.foodie.nl\/fr\/wp-json\/wp\/v2\/product"}],"about":[{"href":"https:\/\/www.foodie.nl\/fr\/wp-json\/wp\/v2\/types\/product"}],"wp:featuredmedia":[{"embeddable":true,"href":"https:\/\/www.foodie.nl\/fr\/wp-json\/wp\/v2\/media\/1174442"}],"wp:attachment":[{"href":"https:\/\/www.foodie.nl\/fr\/wp-json\/wp\/v2\/media?parent=1125994"}],"wp:term":[{"taxonomy":"product_brand","embeddable":true,"href":"https:\/\/www.foodie.nl\/fr\/wp-json\/wp\/v2\/product_brand?post=1125994"},{"taxonomy":"product_cat","embeddable":true,"href":"https:\/\/www.foodie.nl\/fr\/wp-json\/wp\/v2\/product_cat?post=1125994"},{"taxonomy":"product_tag","embeddable":true,"href":"https:\/\/www.foodie.nl\/fr\/wp-json\/wp\/v2\/product_tag?post=1125994"}],"curies":[{"name":"wp","href":"https:\/\/api.w.org\/{rel}","templated":true}]}}