{"id":1126302,"date":"2023-01-26T21:53:14","date_gmt":"2023-01-26T20:53:14","guid":{"rendered":"https:\/\/www.foodie.nl\/product\/offre-groupee-bonne-nuit-de-sommeil\/"},"modified":"2025-08-26T13:56:26","modified_gmt":"2025-08-26T11:56:26","slug":"le-pack-bon-sommeil","status":"publish","type":"product","link":"https:\/\/www.foodie.nl\/fr\/produit\/le-pack-bon-sommeil\/","title":{"rendered":"Le Pack \u00ab\u00a0Bon sommeil\u00a0\u00bb"},"content":{"rendered":"<p>Le pack \u00ab\u00a0Bon sommeil\u00a0\u00bb contient:<\/p>\n<h3><strong>Magn\u00e9sium Boost<\/strong><\/h3>\n<p data-start=\"50\" data-end=\"352\">Un bon sommeil commence par un corps d\u00e9tendu. Magn\u00e9sium Boost contient trois formes de magn\u00e9sium<strong data-start=\"153\" data-end=\"179\"> hautement assimilables<\/strong> \u2013 <strong data-start=\"182\" data-end=\"205\">malate de magn\u00e9sium<\/strong>, <strong data-start=\"207\" data-end=\"231\">citrate de magn\u00e9sium<\/strong> et <strong data-start=\"235\" data-end=\"264\">bisglycinate de magn\u00e9sium<\/strong> \u2013 qui aident le corps \u00e0 se d\u00e9tendre et favorisent un sommeil profond et r\u00e9parateur.<\/p>\n<p data-start=\"354\" data-end=\"723\">Le magn\u00e9sium est connu comme le <strong data-start=\"386\" data-end=\"413\">\u201cmin\u00e9ral de la d\u00e9tente\u201d<\/strong>: il aide \u00e0 r\u00e9duire <strong>les tensions musculaires et les crampes nocturnes,<\/strong> permettant ainsi au corps de se rel\u00e2cher compl\u00e8tement pendant la nuit. De plus, il soutient le syst\u00e8me nerveux et contribue \u00e0 r\u00e9duire la sensation de stress, facilitant ainsi l\u2019endormissement et am\u00e9liorant la qualit\u00e9 du sommeil.<\/p>\n<p data-start=\"725\" data-end=\"1058\">Ce qui rend le Magn\u00e9sium Boost unique, c\u2019est son <strong data-start=\"775\" data-end=\"793\">Absorb Complex<\/strong>: une synergie de <strong data-start=\"812\" data-end=\"827\">vitamine B6<\/strong>, <strong data-start=\"829\" data-end=\"866\">vitamine B9 active (Quatrefolic\u00ae)<\/strong>, <strong data-start=\"868\" data-end=\"884\">vitamine B12<\/strong>, <strong data-start=\"886\" data-end=\"901\">vitamine D3<\/strong> et <strong data-start=\"905\" data-end=\"916\">taurine<\/strong>. Ce complexe am\u00e9liore l\u2019absorption et l\u2019efficacit\u00e9 du magn\u00e9sium, vous permettant de profiter pleinement de ses bienfaits relaxants.<\/p>\n<ul>\n<li>Soutient la d\u00e9tente du corps pour un meilleur sommeil<\/li>\n<li>Favorise un sommeil plus profond et r\u00e9parateur<\/li>\n<li data-start=\"1154\" data-end=\"1411\">Aide \u00e0 r\u00e9duire les tensions musculaires et les crampes nocturnes<\/li>\n<li data-start=\"1154\" data-end=\"1411\">Contribue \u00e0 diminuer les sensations de stress et de nervosit\u00e9<\/li>\n<li>Participe \u00e0 la solidit\u00e9 des dents et des os<\/li>\n<li>Contribue au bon fonctionnement du cerveau<\/li>\n<li data-start=\"1154\" data-end=\"1411\">Avec Absorb Complex pour une absorption et une efficacit\u00e9 optimales<\/li>\n<li data-start=\"1154\" data-end=\"1411\">Trois formes de magn\u00e9sium hautement biodisponibles dans une seule capsule<\/li>\n<\/ul>\n<p data-start=\"1413\" data-end=\"1516\">1 emballage de <strong>Magn\u00e9sium Boost<\/strong> contient 60 g\u00e9lules, soit un mois de cure.<\/p>\n<h3><strong>Ultimate Ashwagandha<\/strong><\/h3>\n<p data-start=\"88\" data-end=\"355\"><strong data-start=\"88\" data-end=\"112\">Ultimate Ashwagandha<\/strong> est votre soutien naturel pour plus de calme mental, juste avant le coucher. Cette formule associe <strong data-start=\"220\" data-end=\"270\">500 mg d\u2019extrait brevet\u00e9 KSM-66\u00ae d\u2019Ashwagandha<\/strong>, <strong data-start=\"272\" data-end=\"294\">Holy Basil (Tulsi)<\/strong>, <strong data-start=\"296\" data-end=\"307\">Biotine<\/strong> et <strong data-start=\"311\" data-end=\"325\" data-is-only-node=\"\">Bioperine\u00ae<\/strong> pour une absorption optimale.<\/p>\n<p data-start=\"357\" data-end=\"644\">L\u2019Ashwagandha (Withania Somnifera) est reconnue comme un puissant <strong>adaptog\u00e8ne<\/strong> qui aide \u00e0 r\u00e9duire les tensions et le stress, et \u00e0 apaiser l\u2019esprit avant de dormir. Elle favorise la relaxation et peut aider \u00e0 s\u2019endormir plus rapidement et \u00e0 dormir plus profond\u00e9ment.<\/p>\n<p data-start=\"646\" data-end=\"860\">L\u2019ajout de <strong data-start=\"657\" data-end=\"679\">Holy Basil (Tulsi)<\/strong> soutient la paix int\u00e9rieure et l\u2019\u00e9quilibre \u00e9motionnel, essentiels pour vider l\u2019esprit avant le coucher. <strong data-start=\"796\" data-end=\"810\">Bioperine\u00ae<\/strong> am\u00e9liore l\u2019absorption des ingr\u00e9dients actifs.<\/p>\n<ul>\n<li data-start=\"2341\" data-end=\"2600\">Favorise la d\u00e9tente et la paix int\u00e9rieure<\/li>\n<li data-start=\"2341\" data-end=\"2600\">Aide \u00e0 apaiser l\u2019esprit avant le coucher<\/li>\n<li data-start=\"2341\" data-end=\"2600\">Favorise un sommeil plus profond et r\u00e9parateur<\/li>\n<li data-start=\"2341\" data-end=\"2600\">Contient KSM-66\u00ae, l\u2019extrait d\u2019Ashwagandha le plus \u00e9tudi\u00e9<\/li>\n<li data-start=\"2341\" data-end=\"2600\">Enrichi en Holy Basil pour un calme int\u00e9rieur renforc\u00e9<\/li>\n<li data-start=\"2341\" data-end=\"2600\">Avec Bioperine\u00ae pour une absorption optimale<\/li>\n<\/ul>\n<p data-start=\"2602\" data-end=\"2743\">Avec <strong data-start=\"96\" data-end=\"120\">Ultimate Ashwagandha<\/strong>, vous offrez \u00e0 votre corps et \u00e0 votre esprit le soutien quotidien qu\u2019ils m\u00e9ritent pour rester r\u00e9sistants au stress et profond\u00e9ment d\u00e9tendus.<\/p>\n<ul>\n<li>Une <strong data-start=\"281\" data-end=\"314\">dose th\u00e9rapeutique de KSM-66\u00ae<\/strong>: <strong data-start=\"317\" data-end=\"327\">500 mg<\/strong> de l\u2019extrait exclusif <strong data-start=\"350\" data-end=\"360\">KSM-66<\/strong><\/li>\n<li><strong data-start=\"365\" data-end=\"379\">Holy Basil<\/strong>: <strong data-start=\"382\" data-end=\"392\">100 mg<\/strong> d\u2019extrait de <strong data-start=\"406\" data-end=\"431\">Tulsi (basilic sacr\u00e9)<\/strong><\/li>\n<li><strong data-start=\"436\" data-end=\"447\">Biotine<\/strong>: <strong data-start=\"450\" data-end=\"461\">100 mcg<\/strong> de <strong data-start=\"465\" data-end=\"476\">biotine<\/strong><\/li>\n<li><strong>Bioperine\u00ae:<\/strong> Le <strong data-start=\"501\" data-end=\"515\">catalyseur<\/strong> qui am\u00e9liore l\u2019<strong data-start=\"531\" data-end=\"545\">absorption<\/strong> des extraits actifs<\/li>\n<\/ul>\n<p>1 emballage de <strong>Ultimate Ashwagandha<\/strong> contient 60 g\u00e9lules, soit un mois de cure.<\/p>\n<h3><strong>Vitamine D3 Boost<\/strong><\/h3>\n<div class=\"woocommerce-product-details__short-description\">\n<p data-start=\"62\" data-end=\"377\">La vitamine D ne joue pas seulement un r\u00f4le dans l\u2019immunit\u00e9 et le niveau d\u2019\u00e9nergie, elle est aussi essentielle pour un <strong data-start=\"193\" data-end=\"215\">sommeil de qualit\u00e9<\/strong>. Elle soutient la production de s\u00e9rotonine dans le corps, qui est ensuite transform\u00e9e en m\u00e9latonine, l\u2019hormone du sommeil <strong>qui r\u00e9gule le rythme jour\/nuit.<\/strong><\/p>\n<p data-start=\"379\" data-end=\"739\">De nombreuses personnes pr\u00e9sentent une carence en vitamine D3, ce qui peut entra\u00eener un sommeil perturb\u00e9 et une sensation de fatigue durant la journ\u00e9e.<br data-start=\"556\" data-end=\"559\" \/><strong data-start=\"559\" data-end=\"580\">Vitamine D3 Boost<\/strong> vous aide \u00e0 maintenir un bon taux de vitamine D, contribuant ainsi \u00e0 un meilleur sommeil, plus de d\u00e9tente et une sensation de fra\u00eecheur au r\u00e9veil.<\/p>\n<p data-start=\"741\" data-end=\"909\">Ce qui rend Vitamine D3 Boost unique, c\u2019est qu\u2019elle est formul\u00e9e dans <strong data-start=\"815\" data-end=\"850\">de l\u2019huile d\u2019olive extra vierge<\/strong>, pour une absorption optimale et une qualit\u00e9 pure.<\/p>\n<ul>\n<li data-start=\"242\" data-end=\"468\">Soutient un rythme veille-sommeil sain<\/li>\n<li data-start=\"242\" data-end=\"468\">Contribue \u00e0 la production de l\u2019hormone du sommeil, la m\u00e9latonine<\/li>\n<li data-start=\"242\" data-end=\"468\">Aide \u00e0 la d\u00e9tente et favorise une sensation de repos au r\u00e9veil<\/li>\n<li data-start=\"242\" data-end=\"468\">Soutient un syst\u00e8me immunitaire en bon fonctionnement<\/li>\n<li data-start=\"242\" data-end=\"468\">Contribue \u00e0 des os et des dents solides<\/li>\n<li data-start=\"242\" data-end=\"468\">Favorise des muscles forts et souples<\/li>\n<li>1 capsule contient 3000 UI de vitamine D3<\/li>\n<li data-start=\"242\" data-end=\"468\">Qualit\u00e9 sup\u00e9rieure avec de l\u2019huile d\u2019olive extra vierge comme base<\/li>\n<li data-start=\"242\" data-end=\"468\">Pur, sans additifs artificiels<\/li>\n<\/ul>\n<p data-start=\"859\" data-end=\"991\">1 emballage de <strong>Vitamine D3 Boost<\/strong> contient 120 capsules, soit 4 mois de cure.<\/p>\n<\/div>\n<p><span style=\"font-size: inherit; font-family: -apple-system, system-ui, BlinkMacSystemFont, 'Segoe UI', Helvetica, Arial, sans-serif, 'Apple Color Emoji', 'Segoe UI Emoji', 'Segoe UI Symbol';\">Constatez vous-m\u00eame la diff\u00e9rence!<\/span><\/p>\n<p><em>*Ces all\u00e9gations de sant\u00e9, fond\u00e9es sur des ingr\u00e9dients v\u00e9g\u00e9taux, sont actuellement examin\u00e9es par l&rsquo;EFSA.<\/em><\/p>\n","protected":false},"excerpt":{"rendered":"<p><strong>Le Pack \u00ab\u00a0Bon sommeil\u00a0\u00bb<\/strong> combine trois compl\u00e9ments puissants pour soutenir naturellement votre corps et votre esprit vers un sommeil profond et apais\u00e9: <strong data-start=\"202\" data-end=\"221\">Magnesium Boost<\/strong>, <strong data-start=\"223\" data-end=\"247\">Ultimate Ashwagandha<\/strong> et <strong data-start=\"251\" data-end=\"272\">Vitamine D3 Boost<\/strong>.<\/p>\n<p data-start=\"315\" data-end=\"681\">Le magn\u00e9sium aide vos muscles \u00e0 se d\u00e9tendre et \u00e0 rel\u00e2cher les tensions pour un sommeil paisible. Ashwagandha soutient la d\u00e9tente et aide votre esprit \u00e0 se calmer apr\u00e8s une journ\u00e9e bien remplie. La vitamine D3 joue un r\u00f4le dans votre rythme jour-nuit et dans l\u2019hormone du sommeil, la m\u00e9latonine, ce qui est important pour s\u2019endormir en toute tranquillit\u00e9.<\/p>\n<p data-start=\"635\" data-end=\"770\">Ensemble, ces compl\u00e9ments vous aident \u00e0 <strong data-start=\"675\" data-end=\"702\">vous endormir plus vite<\/strong>, \u00e0 <strong data-start=\"706\" data-end=\"734\">dormir plus profond\u00e9ment<\/strong> et \u00e0 <strong data-start=\"740\" data-end=\"768\">vous r\u00e9veiller repos\u00e9(e)<\/strong>!<\/p>\n<p>&nbsp;<\/p>\n","protected":false},"featured_media":1188244,"template":"","meta":{"_acf_changed":false,"om_disable_all_campaigns":false},"product_brand":[],"product_cat":[206,178],"product_tag":[],"class_list":{"0":"post-1126302","1":"product","2":"type-product","3":"status-publish","4":"has-post-thumbnail","6":"product_cat-les-packs","7":"product_cat-offre-reguliere","8":"sales-flash-overlay","9":"woocommerce-text-align-center","10":"woocommerce-image-align-center","11":"do-quantity-buttons","13":"first","14":"instock","15":"sale","16":"taxable","17":"shipping-taxable","18":"purchasable","19":"product-type-simple"},"acf":[],"yoast_head":"<!-- This site is optimized with the Yoast SEO plugin v27.2 - https:\/\/yoast.com\/product\/yoast-seo-wordpress\/ -->\n<title>Le Pack &quot;Bon sommeil&quot; - Foodie<\/title>\n<meta name=\"description\" content=\"Le Pack &quot;Bon sommeil&quot; combine trois compl\u00e9ments puissants pour soutenir naturellement votre corps et votre esprit vers un sommeil profond et apais\u00e9: Magnesium Boost, Ultimate Ashwagandha et Vitamine D3 Boost. Le magn\u00e9sium aide vos muscles \u00e0 se d\u00e9tendre et \u00e0 rel\u00e2cher les tensions pour un sommeil paisible. Ashwagandha soutient la d\u00e9tente et aide votre esprit \u00e0 se calmer apr\u00e8s une journ\u00e9e bien remplie. La vitamine D3 joue un r\u00f4le dans votre rythme jour-nuit et dans l\u2019hormone du sommeil, la m\u00e9latonine, ce qui est important pour s\u2019endormir en toute tranquillit\u00e9. Ensemble, ces compl\u00e9ments vous aident \u00e0 vous endormir plus vite, \u00e0 dormir plus profond\u00e9ment et \u00e0 vous r\u00e9veiller repos\u00e9(e)! &nbsp;\" \/>\n<meta name=\"robots\" content=\"index, follow, max-snippet:-1, max-image-preview:large, max-video-preview:-1\" \/>\n<link rel=\"canonical\" href=\"https:\/\/www.foodie.nl\/fr\/produit\/le-pack-bon-sommeil\/\" \/>\n<meta property=\"og:locale\" content=\"fr_FR\" \/>\n<meta property=\"og:type\" content=\"article\" \/>\n<meta property=\"og:title\" content=\"Le Pack &quot;Bon sommeil&quot; - Foodie\" \/>\n<meta property=\"og:description\" content=\"Le Pack &quot;Bon sommeil&quot; combine trois compl\u00e9ments puissants pour soutenir naturellement votre corps et votre esprit vers un sommeil profond et apais\u00e9: Magnesium Boost, Ultimate Ashwagandha et Vitamine D3 Boost. Le magn\u00e9sium aide vos muscles \u00e0 se d\u00e9tendre et \u00e0 rel\u00e2cher les tensions pour un sommeil paisible. Ashwagandha soutient la d\u00e9tente et aide votre esprit \u00e0 se calmer apr\u00e8s une journ\u00e9e bien remplie. La vitamine D3 joue un r\u00f4le dans votre rythme jour-nuit et dans l\u2019hormone du sommeil, la m\u00e9latonine, ce qui est important pour s\u2019endormir en toute tranquillit\u00e9. Ensemble, ces compl\u00e9ments vous aident \u00e0 vous endormir plus vite, \u00e0 dormir plus profond\u00e9ment et \u00e0 vous r\u00e9veiller repos\u00e9(e)! &nbsp;\" \/>\n<meta property=\"og:url\" content=\"https:\/\/www.foodie.nl\/fr\/produit\/le-pack-bon-sommeil\/\" \/>\n<meta property=\"og:site_name\" content=\"Foodie\" \/>\n<meta property=\"article:modified_time\" content=\"2025-08-26T11:56:26+00:00\" \/>\n<meta property=\"og:image\" content=\"https:\/\/www.foodie.nl\/app\/uploads\/2023\/01\/Producten-groepen-89-1024x1024.png\" \/>\n\t<meta property=\"og:image:width\" content=\"1024\" \/>\n\t<meta property=\"og:image:height\" content=\"1024\" \/>\n\t<meta property=\"og:image:type\" content=\"image\/png\" \/>\n<meta name=\"twitter:card\" content=\"summary_large_image\" \/>\n<meta name=\"twitter:label1\" content=\"Dur\u00e9e de lecture estim\u00e9e\" \/>\n\t<meta name=\"twitter:data1\" content=\"4 minutes\" \/>\n<script type=\"application\/ld+json\" class=\"yoast-schema-graph\">{\"@context\":\"https:\/\/schema.org\",\"@graph\":[{\"@type\":\"WebPage\",\"@id\":\"https:\/\/www.foodie.nl\/fr\/produit\/le-pack-bon-sommeil\/\",\"url\":\"https:\/\/www.foodie.nl\/fr\/produit\/le-pack-bon-sommeil\/\",\"name\":\"Le Pack \\\"Bon sommeil\\\" - Foodie\",\"isPartOf\":{\"@id\":\"https:\/\/www.foodie.nl\/fr\/#website\"},\"primaryImageOfPage\":{\"@id\":\"https:\/\/www.foodie.nl\/fr\/produit\/le-pack-bon-sommeil\/#primaryimage\"},\"image\":{\"@id\":\"https:\/\/www.foodie.nl\/fr\/produit\/le-pack-bon-sommeil\/#primaryimage\"},\"thumbnailUrl\":\"https:\/\/www.foodie.nl\/app\/uploads\/2023\/01\/Producten-groepen-2026-02-16T131614.242.png\",\"datePublished\":\"2023-01-26T20:53:14+00:00\",\"dateModified\":\"2025-08-26T11:56:26+00:00\",\"description\":\"Le Pack \\\"Bon sommeil\\\" combine trois compl\u00e9ments puissants pour soutenir naturellement votre corps et votre esprit vers un sommeil profond et apais\u00e9: Magnesium Boost, Ultimate Ashwagandha et Vitamine D3 Boost. Le magn\u00e9sium aide vos muscles \u00e0 se d\u00e9tendre et \u00e0 rel\u00e2cher les tensions pour un sommeil paisible. Ashwagandha soutient la d\u00e9tente et aide votre esprit \u00e0 se calmer apr\u00e8s une journ\u00e9e bien remplie. La vitamine D3 joue un r\u00f4le dans votre rythme jour-nuit et dans l\u2019hormone du sommeil, la m\u00e9latonine, ce qui est important pour s\u2019endormir en toute tranquillit\u00e9. Ensemble, ces compl\u00e9ments vous aident \u00e0 vous endormir plus vite, \u00e0 dormir plus profond\u00e9ment et \u00e0 vous r\u00e9veiller repos\u00e9(e)! &nbsp;\",\"breadcrumb\":{\"@id\":\"https:\/\/www.foodie.nl\/fr\/produit\/le-pack-bon-sommeil\/#breadcrumb\"},\"inLanguage\":\"fr-FR\",\"potentialAction\":[{\"@type\":\"ReadAction\",\"target\":[\"https:\/\/www.foodie.nl\/fr\/produit\/le-pack-bon-sommeil\/\"]}]},{\"@type\":\"ImageObject\",\"inLanguage\":\"fr-FR\",\"@id\":\"https:\/\/www.foodie.nl\/fr\/produit\/le-pack-bon-sommeil\/#primaryimage\",\"url\":\"https:\/\/www.foodie.nl\/app\/uploads\/2023\/01\/Producten-groepen-2026-02-16T131614.242.png\",\"contentUrl\":\"https:\/\/www.foodie.nl\/app\/uploads\/2023\/01\/Producten-groepen-2026-02-16T131614.242.png\",\"width\":1600,\"height\":1600},{\"@type\":\"BreadcrumbList\",\"@id\":\"https:\/\/www.foodie.nl\/fr\/produit\/le-pack-bon-sommeil\/#breadcrumb\",\"itemListElement\":[{\"@type\":\"ListItem\",\"position\":1,\"name\":\"Home\",\"item\":\"https:\/\/www.foodie.nl\/fr\/\"},{\"@type\":\"ListItem\",\"position\":2,\"name\":\"Produits\",\"item\":\"https:\/\/www.foodie.nl\/fr\/shop\/\"},{\"@type\":\"ListItem\",\"position\":3,\"name\":\"Le Pack &#8220;Bon sommeil&#8221;\"}]},{\"@type\":\"WebSite\",\"@id\":\"https:\/\/www.foodie.nl\/fr\/#website\",\"url\":\"https:\/\/www.foodie.nl\/fr\/\",\"name\":\"Foodie\",\"description\":\"Elke Hap Telt\",\"publisher\":{\"@id\":\"https:\/\/www.foodie.nl\/fr\/#organization\"},\"potentialAction\":[{\"@type\":\"SearchAction\",\"target\":{\"@type\":\"EntryPoint\",\"urlTemplate\":\"https:\/\/www.foodie.nl\/fr\/?s={search_term_string}\"},\"query-input\":{\"@type\":\"PropertyValueSpecification\",\"valueRequired\":true,\"valueName\":\"search_term_string\"}}],\"inLanguage\":\"fr-FR\"},{\"@type\":\"Organization\",\"@id\":\"https:\/\/www.foodie.nl\/fr\/#organization\",\"name\":\"Foodie\",\"url\":\"https:\/\/www.foodie.nl\/fr\/\",\"logo\":{\"@type\":\"ImageObject\",\"inLanguage\":\"fr-FR\",\"@id\":\"https:\/\/www.foodie.nl\/fr\/#\/schema\/logo\/image\/\",\"url\":\"https:\/\/www.foodie.nl\/app\/uploads\/2025\/01\/logo-foodie-wide@2x.png\",\"contentUrl\":\"https:\/\/www.foodie.nl\/app\/uploads\/2025\/01\/logo-foodie-wide@2x.png\",\"width\":236,\"height\":128,\"caption\":\"Foodie\"},\"image\":{\"@id\":\"https:\/\/www.foodie.nl\/fr\/#\/schema\/logo\/image\/\"}}]}<\/script>\n<!-- \/ Yoast SEO plugin. -->","yoast_head_json":{"title":"Le Pack \"Bon sommeil\" - Foodie","description":"Le Pack \"Bon sommeil\" combine trois compl\u00e9ments puissants pour soutenir naturellement votre corps et votre esprit vers un sommeil profond et apais\u00e9: Magnesium Boost, Ultimate Ashwagandha et Vitamine D3 Boost. Le magn\u00e9sium aide vos muscles \u00e0 se d\u00e9tendre et \u00e0 rel\u00e2cher les tensions pour un sommeil paisible. Ashwagandha soutient la d\u00e9tente et aide votre esprit \u00e0 se calmer apr\u00e8s une journ\u00e9e bien remplie. La vitamine D3 joue un r\u00f4le dans votre rythme jour-nuit et dans l\u2019hormone du sommeil, la m\u00e9latonine, ce qui est important pour s\u2019endormir en toute tranquillit\u00e9. Ensemble, ces compl\u00e9ments vous aident \u00e0 vous endormir plus vite, \u00e0 dormir plus profond\u00e9ment et \u00e0 vous r\u00e9veiller repos\u00e9(e)! &nbsp;","robots":{"index":"index","follow":"follow","max-snippet":"max-snippet:-1","max-image-preview":"max-image-preview:large","max-video-preview":"max-video-preview:-1"},"canonical":"https:\/\/www.foodie.nl\/fr\/produit\/le-pack-bon-sommeil\/","og_locale":"fr_FR","og_type":"article","og_title":"Le Pack \"Bon sommeil\" - Foodie","og_description":"Le Pack \"Bon sommeil\" combine trois compl\u00e9ments puissants pour soutenir naturellement votre corps et votre esprit vers un sommeil profond et apais\u00e9: Magnesium Boost, Ultimate Ashwagandha et Vitamine D3 Boost. Le magn\u00e9sium aide vos muscles \u00e0 se d\u00e9tendre et \u00e0 rel\u00e2cher les tensions pour un sommeil paisible. Ashwagandha soutient la d\u00e9tente et aide votre esprit \u00e0 se calmer apr\u00e8s une journ\u00e9e bien remplie. La vitamine D3 joue un r\u00f4le dans votre rythme jour-nuit et dans l\u2019hormone du sommeil, la m\u00e9latonine, ce qui est important pour s\u2019endormir en toute tranquillit\u00e9. Ensemble, ces compl\u00e9ments vous aident \u00e0 vous endormir plus vite, \u00e0 dormir plus profond\u00e9ment et \u00e0 vous r\u00e9veiller repos\u00e9(e)! &nbsp;","og_url":"https:\/\/www.foodie.nl\/fr\/produit\/le-pack-bon-sommeil\/","og_site_name":"Foodie","article_modified_time":"2025-08-26T11:56:26+00:00","og_image":[{"width":1024,"height":1024,"url":"https:\/\/www.foodie.nl\/app\/uploads\/2023\/01\/Producten-groepen-89-1024x1024.png","type":"image\/png"}],"twitter_card":"summary_large_image","twitter_misc":{"Dur\u00e9e de lecture estim\u00e9e":"4 minutes"},"schema":{"@context":"https:\/\/schema.org","@graph":[{"@type":"WebPage","@id":"https:\/\/www.foodie.nl\/fr\/produit\/le-pack-bon-sommeil\/","url":"https:\/\/www.foodie.nl\/fr\/produit\/le-pack-bon-sommeil\/","name":"Le Pack \"Bon sommeil\" - Foodie","isPartOf":{"@id":"https:\/\/www.foodie.nl\/fr\/#website"},"primaryImageOfPage":{"@id":"https:\/\/www.foodie.nl\/fr\/produit\/le-pack-bon-sommeil\/#primaryimage"},"image":{"@id":"https:\/\/www.foodie.nl\/fr\/produit\/le-pack-bon-sommeil\/#primaryimage"},"thumbnailUrl":"https:\/\/www.foodie.nl\/app\/uploads\/2023\/01\/Producten-groepen-2026-02-16T131614.242.png","datePublished":"2023-01-26T20:53:14+00:00","dateModified":"2025-08-26T11:56:26+00:00","description":"Le Pack \"Bon sommeil\" combine trois compl\u00e9ments puissants pour soutenir naturellement votre corps et votre esprit vers un sommeil profond et apais\u00e9: Magnesium Boost, Ultimate Ashwagandha et Vitamine D3 Boost. Le magn\u00e9sium aide vos muscles \u00e0 se d\u00e9tendre et \u00e0 rel\u00e2cher les tensions pour un sommeil paisible. Ashwagandha soutient la d\u00e9tente et aide votre esprit \u00e0 se calmer apr\u00e8s une journ\u00e9e bien remplie. La vitamine D3 joue un r\u00f4le dans votre rythme jour-nuit et dans l\u2019hormone du sommeil, la m\u00e9latonine, ce qui est important pour s\u2019endormir en toute tranquillit\u00e9. Ensemble, ces compl\u00e9ments vous aident \u00e0 vous endormir plus vite, \u00e0 dormir plus profond\u00e9ment et \u00e0 vous r\u00e9veiller repos\u00e9(e)! &nbsp;","breadcrumb":{"@id":"https:\/\/www.foodie.nl\/fr\/produit\/le-pack-bon-sommeil\/#breadcrumb"},"inLanguage":"fr-FR","potentialAction":[{"@type":"ReadAction","target":["https:\/\/www.foodie.nl\/fr\/produit\/le-pack-bon-sommeil\/"]}]},{"@type":"ImageObject","inLanguage":"fr-FR","@id":"https:\/\/www.foodie.nl\/fr\/produit\/le-pack-bon-sommeil\/#primaryimage","url":"https:\/\/www.foodie.nl\/app\/uploads\/2023\/01\/Producten-groepen-2026-02-16T131614.242.png","contentUrl":"https:\/\/www.foodie.nl\/app\/uploads\/2023\/01\/Producten-groepen-2026-02-16T131614.242.png","width":1600,"height":1600},{"@type":"BreadcrumbList","@id":"https:\/\/www.foodie.nl\/fr\/produit\/le-pack-bon-sommeil\/#breadcrumb","itemListElement":[{"@type":"ListItem","position":1,"name":"Home","item":"https:\/\/www.foodie.nl\/fr\/"},{"@type":"ListItem","position":2,"name":"Produits","item":"https:\/\/www.foodie.nl\/fr\/shop\/"},{"@type":"ListItem","position":3,"name":"Le Pack &#8220;Bon sommeil&#8221;"}]},{"@type":"WebSite","@id":"https:\/\/www.foodie.nl\/fr\/#website","url":"https:\/\/www.foodie.nl\/fr\/","name":"Foodie","description":"Elke Hap Telt","publisher":{"@id":"https:\/\/www.foodie.nl\/fr\/#organization"},"potentialAction":[{"@type":"SearchAction","target":{"@type":"EntryPoint","urlTemplate":"https:\/\/www.foodie.nl\/fr\/?s={search_term_string}"},"query-input":{"@type":"PropertyValueSpecification","valueRequired":true,"valueName":"search_term_string"}}],"inLanguage":"fr-FR"},{"@type":"Organization","@id":"https:\/\/www.foodie.nl\/fr\/#organization","name":"Foodie","url":"https:\/\/www.foodie.nl\/fr\/","logo":{"@type":"ImageObject","inLanguage":"fr-FR","@id":"https:\/\/www.foodie.nl\/fr\/#\/schema\/logo\/image\/","url":"https:\/\/www.foodie.nl\/app\/uploads\/2025\/01\/logo-foodie-wide@2x.png","contentUrl":"https:\/\/www.foodie.nl\/app\/uploads\/2025\/01\/logo-foodie-wide@2x.png","width":236,"height":128,"caption":"Foodie"},"image":{"@id":"https:\/\/www.foodie.nl\/fr\/#\/schema\/logo\/image\/"}}]}},"_links":{"self":[{"href":"https:\/\/www.foodie.nl\/fr\/wp-json\/wp\/v2\/product\/1126302","targetHints":{"allow":["GET"]}}],"collection":[{"href":"https:\/\/www.foodie.nl\/fr\/wp-json\/wp\/v2\/product"}],"about":[{"href":"https:\/\/www.foodie.nl\/fr\/wp-json\/wp\/v2\/types\/product"}],"wp:featuredmedia":[{"embeddable":true,"href":"https:\/\/www.foodie.nl\/fr\/wp-json\/wp\/v2\/media\/1188244"}],"wp:attachment":[{"href":"https:\/\/www.foodie.nl\/fr\/wp-json\/wp\/v2\/media?parent=1126302"}],"wp:term":[{"taxonomy":"product_brand","embeddable":true,"href":"https:\/\/www.foodie.nl\/fr\/wp-json\/wp\/v2\/product_brand?post=1126302"},{"taxonomy":"product_cat","embeddable":true,"href":"https:\/\/www.foodie.nl\/fr\/wp-json\/wp\/v2\/product_cat?post=1126302"},{"taxonomy":"product_tag","embeddable":true,"href":"https:\/\/www.foodie.nl\/fr\/wp-json\/wp\/v2\/product_tag?post=1126302"}],"curies":[{"name":"wp","href":"https:\/\/api.w.org\/{rel}","templated":true}]}}