{"id":1126303,"date":"2023-01-16T15:15:12","date_gmt":"2023-01-16T14:15:12","guid":{"rendered":"https:\/\/www.foodie.nl\/product\/ensemble-de-plaintes-transitoires\/"},"modified":"2025-08-26T13:58:22","modified_gmt":"2025-08-26T11:58:22","slug":"le-pack-menopause","status":"publish","type":"product","link":"https:\/\/www.foodie.nl\/fr\/produit\/le-pack-menopause\/","title":{"rendered":"Le Pack \u00ab\u00a0M\u00e9nopause\u00a0\u00bb"},"content":{"rendered":"<p>Le pack \u00ab\u00a0M\u00e9nopause\u00a0\u00bb contient:<\/p>\n<h3><strong>Ultimate Metabolic Support<\/strong><\/h3>\n<p data-start=\"184\" data-end=\"444\">Pendant la m\u00e9nopause, votre \u00e9quilibre hormonal change, ce qui peut influencer votre m\u00e9tabolisme, votre glyc\u00e9mie et votre poids. Beaucoup de femmes constatent qu\u2019il devient plus difficile de maintenir leur poids et que les pics et baisses d\u2019\u00e9nergie sont plus fr\u00e9quents durant cette p\u00e9riode.<\/p>\n<p data-start=\"446\" data-end=\"854\"><strong data-start=\"293\" data-end=\"323\">Ultimate Metabolic Support<\/strong> a \u00e9t\u00e9 sp\u00e9cialement formul\u00e9 pour accompagner ces changements. Sa composition associe cinq ingr\u00e9dients naturels puissants, dont l\u2019ingr\u00e9dient brevet\u00e9 <strong data-start=\"471\" data-end=\"484\">Reducose\u00ae<\/strong> (extrait de feuille de m\u00fbrier), l\u2019extrait de <strong data-start=\"530\" data-end=\"544\" data-is-only-node=\"\">melon amer<\/strong>, le <strong data-start=\"549\" data-end=\"570\">Gymnema Sylvestre<\/strong>, l\u2019extrait de <strong data-start=\"585\" data-end=\"597\">th\u00e9 vert<\/strong> et le <strong data-start=\"604\" data-end=\"628\">picolinate de chrome<\/strong>. Ensemble, ils contribuent \u00e0 stabiliser la glyc\u00e9mie et \u00e0 stimuler le m\u00e9tabolisme des graisses.<\/p>\n<p data-start=\"856\" data-end=\"1208\">L\u2019ingr\u00e9dient unique <strong data-start=\"747\" data-end=\"760\">Reducose\u00ae<\/strong> a d\u00e9montr\u00e9 dans des \u00e9tudes scientifiques qu\u2019il peut r\u00e9duire l\u2019absorption des sucres provenant des repas riches en glucides jusqu\u2019\u00e0 40%. Cela permet d\u2019\u00e9viter les pics de glyc\u00e9mie apr\u00e8s les repas et de limiter le stockage des graisses. Une aide pr\u00e9cieuse face aux fluctuations hormonales, \u00e0 la prise de poids et aux envies de sucre souvent rencontr\u00e9es pendant la m\u00e9nopause.<\/p>\n<ul>\n<li data-start=\"293\" data-end=\"699\">Soutient une glyc\u00e9mie stable<\/li>\n<li data-start=\"293\" data-end=\"699\">Aide \u00e0 r\u00e9duire les envies de sucre et les fringales<\/li>\n<li data-start=\"293\" data-end=\"699\">Stimule la combustion des graisses et la d\u00e9pense \u00e9nerg\u00e9tique<\/li>\n<li data-start=\"293\" data-end=\"699\">Contient <strong data-start=\"157\" data-end=\"170\">Reducose\u00ae<\/strong> pour r\u00e9duire l\u2019absorption du sucre apr\u00e8s les repas<\/li>\n<li data-start=\"293\" data-end=\"699\">Avec extrait de th\u00e9 vert (50 % EGCG) pour soutenir la combustion des graisses<\/li>\n<li data-start=\"293\" data-end=\"699\">Pur et sans additifs artificiels<\/li>\n<\/ul>\n<p>1 emballage contient 60 capsules, bon pour 1 mois avec la dose recommand\u00e9e de 2 capsules par jour pendant le repas principal.<\/p>\n<h3><strong>Collagen Bone &amp; Joints<\/strong><\/h3>\n<div class=\"woocommerce-product-details__short-description\">\n<p data-start=\"360\" data-end=\"708\">Pendant la m\u00e9nopause, la production naturelle d\u2019\u0153strog\u00e8nes diminue, ce qui influence notamment la structure osseuse, la production de collag\u00e8ne et le confort articulaire. <strong>Collagen Bone &amp; Joints<\/strong> a \u00e9t\u00e9 sp\u00e9cialement d\u00e9velopp\u00e9 pour soutenir les femmes de mani\u00e8re compl\u00e8te durant cette p\u00e9riode de vie, gr\u00e2ce \u00e0 une combinaison puissante de nutriments essentiels pour les os, les articulations et les muscles.<\/p>\n<p data-start=\"710\" data-end=\"977\">Cette formule contient du <strong>collag\u00e8ne de type 1 &amp; 3<\/strong> pour soutenir les tissus conjonctifs, les tendons et les os, ainsi que du <strong>collag\u00e8ne de type 2<\/strong> pour favoriser un cartilage articulaire sain. Cela en fait un compl\u00e9ment pr\u00e9cieux pour rester mobile et forte.<\/p>\n<p data-start=\"979\" data-end=\"1238\">De plus, <strong>Collagen Bone &amp; Joints<\/strong> fournit une dose \u00e9lev\u00e9e de <strong>1000 mg de citrate de calcium<\/strong>, une forme de calcium hautement assimilable qui contribue au maintien d\u2019os solides. C\u2019est particuli\u00e8rement important pendant et apr\u00e8s la m\u00e9nopause, lorsque les besoins en calcium augmentent et que la densit\u00e9 osseuse a tendance \u00e0 diminuer.<\/p>\n<p data-start=\"744\" data-end=\"842\">Pour une absorption et une efficacit\u00e9 optimales du calcium, le complexe unique <strong data-start=\"1068\" data-end=\"1092\">OsteoSupport Complex<\/strong> a \u00e9t\u00e9 ajout\u00e9.<\/p>\n<p data-start=\"830\" data-end=\"1264\"><strong data-start=\"832\" data-end=\"857\">OsteoSupport Complex:<\/strong><\/p>\n<ul>\n<li data-start=\"830\" data-end=\"1264\"><strong data-start=\"862\" data-end=\"893\">Vitamine K2 (M\u00e9naquinon-7):<\/strong> soutient une bonne fixation du calcium dans les os et emp\u00eache son accumulation dans les vaisseaux sanguins o\u00f9 il ne devrait pas se trouver.<\/li>\n<li data-start=\"830\" data-end=\"1264\"><strong data-start=\"989\" data-end=\"1005\">Vitamine D3:<\/strong> contribue \u00e0 la solidit\u00e9 des os et \u00e0 une fonction musculaire normale, et favorise l\u2019absorption du calcium provenant de l\u2019alimentation.<\/li>\n<li data-start=\"830\" data-end=\"1264\"><strong data-start=\"1118\" data-end=\"1155\">Vitamine C (issue de l\u2019extrait d\u2019ac\u00e9rola)<\/strong>: soutient la production naturelle de collag\u00e8ne, essentielle pour des os solides, un cartilage sain et des articulations souples.<\/li>\n<\/ul>\n<p>Collagen Bone &amp; Joints offre un soutien pendant la m\u00e9nopause en:<\/p>\n<ul>\n<li>Soutient des os et des dents solides<\/li>\n<li>Aide \u00e0 maintenir des articulations souples et un cartilage sain<\/li>\n<li>Soutient la fonction musculaire et la r\u00e9cup\u00e9ration<\/li>\n<li>Contient du calcium pour des os solides, important pendant la m\u00e9nopause et pour pr\u00e9venir l\u2019ost\u00e9oporose<\/li>\n<li>Avec OsteoSupport Complex pour une absorption et une efficacit\u00e9 optimales<\/li>\n<li>Contient du collag\u00e8ne de type 1, 3 et 2 pour un soutien complet<\/li>\n<li>1000 mg de citrate de calcium par portion<\/li>\n<li>1 emballage contient 30 portions, pour un mois d\u2019utilisation<\/li>\n<\/ul>\n<\/div>\n<h3><strong>Ultimate Ashwagandha<\/strong><\/h3>\n<p data-start=\"238\" data-end=\"568\">La m\u00e9nopause entra\u00eene des changements hormonaux naturels qui influencent votre humeur, votre sommeil, votre niveau de stress et votre bien-\u00eatre g\u00e9n\u00e9ral. <strong>Ultimate Ashwagandha<\/strong> a \u00e9t\u00e9 d\u00e9velopp\u00e9 pour soutenir les femmes pendant cette phase de transition, gr\u00e2ce \u00e0 un m\u00e9lange unique de plantes adaptog\u00e8nes qui aident \u00e0 r\u00e9tablir l\u2019\u00e9quilibre du corps et de l\u2019esprit.<\/p>\n<p data-start=\"570\" data-end=\"945\">Le compl\u00e9ment contient <strong>500 mg d\u2019extrait d\u2019Ashwagandha KSM-66\u00ae<\/strong>, un adaptog\u00e8ne cliniquement \u00e9tudi\u00e9 qui aide \u00e0 r\u00e9guler la r\u00e9ponse naturelle du corps au stress. L\u2019ashwagandha soutient notamment <strong>l\u2019\u00e9quilibre entre le cortisol (hormone du stress) et les hormones \u0153strog\u00e8ne\/progest\u00e9rone<\/strong>, ce qui est essentiel pour maintenir la stabilit\u00e9 \u00e9motionnelle et l\u2019\u00e9quilibre hormonal pendant la m\u00e9nopause.<\/p>\n<p data-start=\"947\" data-end=\"1149\">Il contient \u00e9galement du <strong>Holy Basil (Tulsi)<\/strong> pour favoriser la s\u00e9r\u00e9nit\u00e9 \u00e9motionnelle, de l<strong>a biotine<\/strong> pour un soutien suppl\u00e9mentaire de l\u2019\u00e9nergie et des fonctions nerveuses, ainsi que de <strong>la Bioperine\u00ae<\/strong> pour optimiser l\u2019absorption des principes actifs.<\/p>\n<ul>\n<li data-start=\"2341\" data-end=\"2600\">Aide \u00e0 <strong>r\u00e9duire les sensations de stress et l\u2019irritabilit\u00e9<\/strong> en maintenant un niveau de cortisol \u00e9quilibr\u00e9<\/li>\n<li data-start=\"2341\" data-end=\"2600\">Favorise un <strong>\u00e9tat d\u2019esprit stable et \u00e9quilibr\u00e9<\/strong><\/li>\n<li data-start=\"2341\" data-end=\"2600\">Favorise un <strong>sommeil plus profond et r\u00e9parateur<\/strong><\/li>\n<li data-start=\"2341\" data-end=\"2600\">Soutient un <strong>rapport sain entre le cortisol, l\u2019\u0153strog\u00e8ne et la progest\u00e9rone, essentiel pour l\u2019\u00e9quilibre hormonal<\/strong><\/li>\n<li data-start=\"2341\" data-end=\"2600\">Contient du KSM-66\u00ae, l\u2019extrait d\u2019Ashwagandha le plus \u00e9tudi\u00e9<\/li>\n<li data-start=\"2341\" data-end=\"2600\">Enrichi en Holy Basil pour une s\u00e9r\u00e9nit\u00e9 int\u00e9rieure accrue<\/li>\n<li data-start=\"2341\" data-end=\"2600\">Avec de la Bioperine\u00ae pour une absorption optimale<\/li>\n<\/ul>\n<p data-start=\"2602\" data-end=\"2743\"><span data-start=\"2606\" data-end=\"2630\">Avec <\/span><strong data-start=\"5\" data-end=\"29\">Ultimate Ashwagandha<\/strong>, vous offrez chaque jour \u00e0 votre corps et \u00e0 votre esprit le soutien qu\u2019ils m\u00e9ritent pour rester plus r\u00e9sistants au stress et d\u00e9tendus.<\/p>\n<ul>\n<li><strong>Une dose th\u00e9rapeutique de KSM-66\u00ae<\/strong>: 500 mg de l\u2019extrait unique KSM-66<\/li>\n<li><strong>Holy Basil<\/strong>: 100 mg d\u2019extrait de Holy Basil (tulsi)<\/li>\n<li><strong>Biotine<\/strong>: 100 mcg de Biotine<\/li>\n<li><strong>Bioperine\u00ae:<\/strong> Le catalyseur, Bioperine\u00ae, qui permet une meilleure absorption des extraits<\/li>\n<\/ul>\n<p>1 emballage de\u00a0 <strong>Ultimate Ashwagandha<\/strong> contient 60 capsules, bon pour un mois de cure.<\/p>\n","protected":false},"excerpt":{"rendered":"<p data-start=\"0\" data-end=\"328\">La m\u00e9nopause est une p\u00e9riode de changements, tant physiques que mentaux. Pour vous accompagner durant cette phase, nous avons cr\u00e9\u00e9 <strong>le Pack<\/strong> \u00ab\u00a0<strong>M\u00e9nopause<\/strong>\u00ab\u00a0. Il vous aide \u00e0 faire face aux fluctuations hormonales qui influencent votre niveau d\u2019\u00e9nergie, votre humeur, votre poids, votre m\u00e9tabolisme, votre sommeil et la sant\u00e9 de vos os.<\/p>\n<p data-start=\"330\" data-end=\"638\" data-is-last-node=\"\" data-is-only-node=\"\">Ce pack combine trois compl\u00e9ments \u2013 <strong data-start=\"366\" data-end=\"390\">Ultimate Ashwagandha<\/strong>, <strong data-start=\"392\" data-end=\"418\">Collagen Bone &amp; Joints<\/strong> et <strong data-start=\"422\" data-end=\"452\">Ultimate Metabolic Support<\/strong> \u2013 qui agissent en synergie pour soutenir votre corps et votre esprit pendant cette \u00e9tape, en favorisant l\u2019\u00e9quilibre hormonal, des os et des muscles solides ainsi qu\u2019un m\u00e9tabolisme sain.<\/p>\n<p>&nbsp;<\/p>\n","protected":false},"featured_media":1188258,"template":"","meta":{"_acf_changed":false,"om_disable_all_campaigns":false},"product_brand":[],"product_cat":[206,178],"product_tag":[],"class_list":{"0":"post-1126303","1":"product","2":"type-product","3":"status-publish","4":"has-post-thumbnail","6":"product_cat-les-packs","7":"product_cat-offre-reguliere","8":"sales-flash-overlay","9":"woocommerce-text-align-center","10":"woocommerce-image-align-center","11":"do-quantity-buttons","13":"first","14":"instock","15":"sale","16":"taxable","17":"shipping-taxable","18":"purchasable","19":"product-type-simple"},"acf":[],"yoast_head":"<!-- This site is optimized with the Yoast SEO plugin v27.2 - https:\/\/yoast.com\/product\/yoast-seo-wordpress\/ -->\n<title>Le Pack &quot;M\u00e9nopause&quot; - Foodie<\/title>\n<meta name=\"description\" content=\"La m\u00e9nopause est une p\u00e9riode de changements, tant physiques que mentaux. Pour vous accompagner durant cette phase, nous avons cr\u00e9\u00e9 le Pack &quot;M\u00e9nopause&quot;. Il vous aide \u00e0 faire face aux fluctuations hormonales qui influencent votre niveau d\u2019\u00e9nergie, votre humeur, votre poids, votre m\u00e9tabolisme, votre sommeil et la sant\u00e9 de vos os. Ce pack combine trois compl\u00e9ments \u2013 Ultimate Ashwagandha, Collagen Bone &amp; Joints et Ultimate Metabolic Support \u2013 qui agissent en synergie pour soutenir votre corps et votre esprit pendant cette \u00e9tape, en favorisant l\u2019\u00e9quilibre hormonal, des os et des muscles solides ainsi qu\u2019un m\u00e9tabolisme sain. &nbsp;\" \/>\n<meta name=\"robots\" content=\"index, follow, max-snippet:-1, max-image-preview:large, max-video-preview:-1\" \/>\n<link rel=\"canonical\" href=\"https:\/\/www.foodie.nl\/fr\/produit\/le-pack-menopause\/\" \/>\n<meta property=\"og:locale\" content=\"fr_FR\" \/>\n<meta property=\"og:type\" content=\"article\" \/>\n<meta property=\"og:title\" content=\"Le Pack &quot;M\u00e9nopause&quot; - Foodie\" \/>\n<meta property=\"og:description\" content=\"La m\u00e9nopause est une p\u00e9riode de changements, tant physiques que mentaux. Pour vous accompagner durant cette phase, nous avons cr\u00e9\u00e9 le Pack &quot;M\u00e9nopause&quot;. Il vous aide \u00e0 faire face aux fluctuations hormonales qui influencent votre niveau d\u2019\u00e9nergie, votre humeur, votre poids, votre m\u00e9tabolisme, votre sommeil et la sant\u00e9 de vos os. Ce pack combine trois compl\u00e9ments \u2013 Ultimate Ashwagandha, Collagen Bone &amp; Joints et Ultimate Metabolic Support \u2013 qui agissent en synergie pour soutenir votre corps et votre esprit pendant cette \u00e9tape, en favorisant l\u2019\u00e9quilibre hormonal, des os et des muscles solides ainsi qu\u2019un m\u00e9tabolisme sain. &nbsp;\" \/>\n<meta property=\"og:url\" content=\"https:\/\/www.foodie.nl\/fr\/produit\/le-pack-menopause\/\" \/>\n<meta property=\"og:site_name\" content=\"Foodie\" \/>\n<meta property=\"article:modified_time\" content=\"2025-08-26T11:58:22+00:00\" \/>\n<meta property=\"og:image\" content=\"https:\/\/www.foodie.nl\/app\/uploads\/2023\/01\/Producten-groepen-98-1024x1024.png\" \/>\n\t<meta property=\"og:image:width\" content=\"1024\" \/>\n\t<meta property=\"og:image:height\" content=\"1024\" \/>\n\t<meta property=\"og:image:type\" content=\"image\/png\" \/>\n<meta name=\"twitter:card\" content=\"summary_large_image\" \/>\n<meta name=\"twitter:label1\" content=\"Dur\u00e9e de lecture estim\u00e9e\" \/>\n\t<meta name=\"twitter:data1\" content=\"5 minutes\" \/>\n<script type=\"application\/ld+json\" class=\"yoast-schema-graph\">{\"@context\":\"https:\/\/schema.org\",\"@graph\":[{\"@type\":\"WebPage\",\"@id\":\"https:\/\/www.foodie.nl\/fr\/produit\/le-pack-menopause\/\",\"url\":\"https:\/\/www.foodie.nl\/fr\/produit\/le-pack-menopause\/\",\"name\":\"Le Pack \\\"M\u00e9nopause\\\" - Foodie\",\"isPartOf\":{\"@id\":\"https:\/\/www.foodie.nl\/fr\/#website\"},\"primaryImageOfPage\":{\"@id\":\"https:\/\/www.foodie.nl\/fr\/produit\/le-pack-menopause\/#primaryimage\"},\"image\":{\"@id\":\"https:\/\/www.foodie.nl\/fr\/produit\/le-pack-menopause\/#primaryimage\"},\"thumbnailUrl\":\"https:\/\/www.foodie.nl\/app\/uploads\/2023\/01\/Producten-groepen-2026-02-16T132544.163.png\",\"datePublished\":\"2023-01-16T14:15:12+00:00\",\"dateModified\":\"2025-08-26T11:58:22+00:00\",\"description\":\"La m\u00e9nopause est une p\u00e9riode de changements, tant physiques que mentaux. Pour vous accompagner durant cette phase, nous avons cr\u00e9\u00e9 le Pack \\\"M\u00e9nopause\\\". Il vous aide \u00e0 faire face aux fluctuations hormonales qui influencent votre niveau d\u2019\u00e9nergie, votre humeur, votre poids, votre m\u00e9tabolisme, votre sommeil et la sant\u00e9 de vos os. Ce pack combine trois compl\u00e9ments \u2013 Ultimate Ashwagandha, Collagen Bone &amp; Joints et Ultimate Metabolic Support \u2013 qui agissent en synergie pour soutenir votre corps et votre esprit pendant cette \u00e9tape, en favorisant l\u2019\u00e9quilibre hormonal, des os et des muscles solides ainsi qu\u2019un m\u00e9tabolisme sain. &nbsp;\",\"breadcrumb\":{\"@id\":\"https:\/\/www.foodie.nl\/fr\/produit\/le-pack-menopause\/#breadcrumb\"},\"inLanguage\":\"fr-FR\",\"potentialAction\":[{\"@type\":\"ReadAction\",\"target\":[\"https:\/\/www.foodie.nl\/fr\/produit\/le-pack-menopause\/\"]}]},{\"@type\":\"ImageObject\",\"inLanguage\":\"fr-FR\",\"@id\":\"https:\/\/www.foodie.nl\/fr\/produit\/le-pack-menopause\/#primaryimage\",\"url\":\"https:\/\/www.foodie.nl\/app\/uploads\/2023\/01\/Producten-groepen-2026-02-16T132544.163.png\",\"contentUrl\":\"https:\/\/www.foodie.nl\/app\/uploads\/2023\/01\/Producten-groepen-2026-02-16T132544.163.png\",\"width\":1600,\"height\":1600},{\"@type\":\"BreadcrumbList\",\"@id\":\"https:\/\/www.foodie.nl\/fr\/produit\/le-pack-menopause\/#breadcrumb\",\"itemListElement\":[{\"@type\":\"ListItem\",\"position\":1,\"name\":\"Home\",\"item\":\"https:\/\/www.foodie.nl\/fr\/\"},{\"@type\":\"ListItem\",\"position\":2,\"name\":\"Produits\",\"item\":\"https:\/\/www.foodie.nl\/fr\/shop\/\"},{\"@type\":\"ListItem\",\"position\":3,\"name\":\"Le Pack &#8220;M\u00e9nopause&#8221;\"}]},{\"@type\":\"WebSite\",\"@id\":\"https:\/\/www.foodie.nl\/fr\/#website\",\"url\":\"https:\/\/www.foodie.nl\/fr\/\",\"name\":\"Foodie\",\"description\":\"Elke Hap Telt\",\"publisher\":{\"@id\":\"https:\/\/www.foodie.nl\/fr\/#organization\"},\"potentialAction\":[{\"@type\":\"SearchAction\",\"target\":{\"@type\":\"EntryPoint\",\"urlTemplate\":\"https:\/\/www.foodie.nl\/fr\/?s={search_term_string}\"},\"query-input\":{\"@type\":\"PropertyValueSpecification\",\"valueRequired\":true,\"valueName\":\"search_term_string\"}}],\"inLanguage\":\"fr-FR\"},{\"@type\":\"Organization\",\"@id\":\"https:\/\/www.foodie.nl\/fr\/#organization\",\"name\":\"Foodie\",\"url\":\"https:\/\/www.foodie.nl\/fr\/\",\"logo\":{\"@type\":\"ImageObject\",\"inLanguage\":\"fr-FR\",\"@id\":\"https:\/\/www.foodie.nl\/fr\/#\/schema\/logo\/image\/\",\"url\":\"https:\/\/www.foodie.nl\/app\/uploads\/2025\/01\/logo-foodie-wide@2x.png\",\"contentUrl\":\"https:\/\/www.foodie.nl\/app\/uploads\/2025\/01\/logo-foodie-wide@2x.png\",\"width\":236,\"height\":128,\"caption\":\"Foodie\"},\"image\":{\"@id\":\"https:\/\/www.foodie.nl\/fr\/#\/schema\/logo\/image\/\"}}]}<\/script>\n<!-- \/ Yoast SEO plugin. -->","yoast_head_json":{"title":"Le Pack \"M\u00e9nopause\" - Foodie","description":"La m\u00e9nopause est une p\u00e9riode de changements, tant physiques que mentaux. Pour vous accompagner durant cette phase, nous avons cr\u00e9\u00e9 le Pack \"M\u00e9nopause\". Il vous aide \u00e0 faire face aux fluctuations hormonales qui influencent votre niveau d\u2019\u00e9nergie, votre humeur, votre poids, votre m\u00e9tabolisme, votre sommeil et la sant\u00e9 de vos os. Ce pack combine trois compl\u00e9ments \u2013 Ultimate Ashwagandha, Collagen Bone &amp; Joints et Ultimate Metabolic Support \u2013 qui agissent en synergie pour soutenir votre corps et votre esprit pendant cette \u00e9tape, en favorisant l\u2019\u00e9quilibre hormonal, des os et des muscles solides ainsi qu\u2019un m\u00e9tabolisme sain. &nbsp;","robots":{"index":"index","follow":"follow","max-snippet":"max-snippet:-1","max-image-preview":"max-image-preview:large","max-video-preview":"max-video-preview:-1"},"canonical":"https:\/\/www.foodie.nl\/fr\/produit\/le-pack-menopause\/","og_locale":"fr_FR","og_type":"article","og_title":"Le Pack \"M\u00e9nopause\" - Foodie","og_description":"La m\u00e9nopause est une p\u00e9riode de changements, tant physiques que mentaux. Pour vous accompagner durant cette phase, nous avons cr\u00e9\u00e9 le Pack \"M\u00e9nopause\". Il vous aide \u00e0 faire face aux fluctuations hormonales qui influencent votre niveau d\u2019\u00e9nergie, votre humeur, votre poids, votre m\u00e9tabolisme, votre sommeil et la sant\u00e9 de vos os. Ce pack combine trois compl\u00e9ments \u2013 Ultimate Ashwagandha, Collagen Bone &amp; Joints et Ultimate Metabolic Support \u2013 qui agissent en synergie pour soutenir votre corps et votre esprit pendant cette \u00e9tape, en favorisant l\u2019\u00e9quilibre hormonal, des os et des muscles solides ainsi qu\u2019un m\u00e9tabolisme sain. &nbsp;","og_url":"https:\/\/www.foodie.nl\/fr\/produit\/le-pack-menopause\/","og_site_name":"Foodie","article_modified_time":"2025-08-26T11:58:22+00:00","og_image":[{"width":1024,"height":1024,"url":"https:\/\/www.foodie.nl\/app\/uploads\/2023\/01\/Producten-groepen-98-1024x1024.png","type":"image\/png"}],"twitter_card":"summary_large_image","twitter_misc":{"Dur\u00e9e de lecture estim\u00e9e":"5 minutes"},"schema":{"@context":"https:\/\/schema.org","@graph":[{"@type":"WebPage","@id":"https:\/\/www.foodie.nl\/fr\/produit\/le-pack-menopause\/","url":"https:\/\/www.foodie.nl\/fr\/produit\/le-pack-menopause\/","name":"Le Pack \"M\u00e9nopause\" - Foodie","isPartOf":{"@id":"https:\/\/www.foodie.nl\/fr\/#website"},"primaryImageOfPage":{"@id":"https:\/\/www.foodie.nl\/fr\/produit\/le-pack-menopause\/#primaryimage"},"image":{"@id":"https:\/\/www.foodie.nl\/fr\/produit\/le-pack-menopause\/#primaryimage"},"thumbnailUrl":"https:\/\/www.foodie.nl\/app\/uploads\/2023\/01\/Producten-groepen-2026-02-16T132544.163.png","datePublished":"2023-01-16T14:15:12+00:00","dateModified":"2025-08-26T11:58:22+00:00","description":"La m\u00e9nopause est une p\u00e9riode de changements, tant physiques que mentaux. Pour vous accompagner durant cette phase, nous avons cr\u00e9\u00e9 le Pack \"M\u00e9nopause\". Il vous aide \u00e0 faire face aux fluctuations hormonales qui influencent votre niveau d\u2019\u00e9nergie, votre humeur, votre poids, votre m\u00e9tabolisme, votre sommeil et la sant\u00e9 de vos os. Ce pack combine trois compl\u00e9ments \u2013 Ultimate Ashwagandha, Collagen Bone &amp; Joints et Ultimate Metabolic Support \u2013 qui agissent en synergie pour soutenir votre corps et votre esprit pendant cette \u00e9tape, en favorisant l\u2019\u00e9quilibre hormonal, des os et des muscles solides ainsi qu\u2019un m\u00e9tabolisme sain. &nbsp;","breadcrumb":{"@id":"https:\/\/www.foodie.nl\/fr\/produit\/le-pack-menopause\/#breadcrumb"},"inLanguage":"fr-FR","potentialAction":[{"@type":"ReadAction","target":["https:\/\/www.foodie.nl\/fr\/produit\/le-pack-menopause\/"]}]},{"@type":"ImageObject","inLanguage":"fr-FR","@id":"https:\/\/www.foodie.nl\/fr\/produit\/le-pack-menopause\/#primaryimage","url":"https:\/\/www.foodie.nl\/app\/uploads\/2023\/01\/Producten-groepen-2026-02-16T132544.163.png","contentUrl":"https:\/\/www.foodie.nl\/app\/uploads\/2023\/01\/Producten-groepen-2026-02-16T132544.163.png","width":1600,"height":1600},{"@type":"BreadcrumbList","@id":"https:\/\/www.foodie.nl\/fr\/produit\/le-pack-menopause\/#breadcrumb","itemListElement":[{"@type":"ListItem","position":1,"name":"Home","item":"https:\/\/www.foodie.nl\/fr\/"},{"@type":"ListItem","position":2,"name":"Produits","item":"https:\/\/www.foodie.nl\/fr\/shop\/"},{"@type":"ListItem","position":3,"name":"Le Pack &#8220;M\u00e9nopause&#8221;"}]},{"@type":"WebSite","@id":"https:\/\/www.foodie.nl\/fr\/#website","url":"https:\/\/www.foodie.nl\/fr\/","name":"Foodie","description":"Elke Hap Telt","publisher":{"@id":"https:\/\/www.foodie.nl\/fr\/#organization"},"potentialAction":[{"@type":"SearchAction","target":{"@type":"EntryPoint","urlTemplate":"https:\/\/www.foodie.nl\/fr\/?s={search_term_string}"},"query-input":{"@type":"PropertyValueSpecification","valueRequired":true,"valueName":"search_term_string"}}],"inLanguage":"fr-FR"},{"@type":"Organization","@id":"https:\/\/www.foodie.nl\/fr\/#organization","name":"Foodie","url":"https:\/\/www.foodie.nl\/fr\/","logo":{"@type":"ImageObject","inLanguage":"fr-FR","@id":"https:\/\/www.foodie.nl\/fr\/#\/schema\/logo\/image\/","url":"https:\/\/www.foodie.nl\/app\/uploads\/2025\/01\/logo-foodie-wide@2x.png","contentUrl":"https:\/\/www.foodie.nl\/app\/uploads\/2025\/01\/logo-foodie-wide@2x.png","width":236,"height":128,"caption":"Foodie"},"image":{"@id":"https:\/\/www.foodie.nl\/fr\/#\/schema\/logo\/image\/"}}]}},"_links":{"self":[{"href":"https:\/\/www.foodie.nl\/fr\/wp-json\/wp\/v2\/product\/1126303","targetHints":{"allow":["GET"]}}],"collection":[{"href":"https:\/\/www.foodie.nl\/fr\/wp-json\/wp\/v2\/product"}],"about":[{"href":"https:\/\/www.foodie.nl\/fr\/wp-json\/wp\/v2\/types\/product"}],"wp:featuredmedia":[{"embeddable":true,"href":"https:\/\/www.foodie.nl\/fr\/wp-json\/wp\/v2\/media\/1188258"}],"wp:attachment":[{"href":"https:\/\/www.foodie.nl\/fr\/wp-json\/wp\/v2\/media?parent=1126303"}],"wp:term":[{"taxonomy":"product_brand","embeddable":true,"href":"https:\/\/www.foodie.nl\/fr\/wp-json\/wp\/v2\/product_brand?post=1126303"},{"taxonomy":"product_cat","embeddable":true,"href":"https:\/\/www.foodie.nl\/fr\/wp-json\/wp\/v2\/product_cat?post=1126303"},{"taxonomy":"product_tag","embeddable":true,"href":"https:\/\/www.foodie.nl\/fr\/wp-json\/wp\/v2\/product_tag?post=1126303"}],"curies":[{"name":"wp","href":"https:\/\/api.w.org\/{rel}","templated":true}]}}