{"id":1126304,"date":"2023-01-16T15:08:34","date_gmt":"2023-01-16T14:08:34","guid":{"rendered":"https:\/\/www.foodie.nl\/product\/loffre-groupee-sur-la-digestion\/"},"modified":"2025-08-26T14:00:32","modified_gmt":"2025-08-26T12:00:32","slug":"le-pack-digestion","status":"publish","type":"product","link":"https:\/\/www.foodie.nl\/fr\/produit\/le-pack-digestion\/","title":{"rendered":"Le Pack \u00ab\u00a0Digestion\u00a0\u00bb"},"content":{"rendered":"<h6>Le Pack Digestion contient:<\/h6>\n<h3><strong>Full Spectrum Digestive Enzymes<\/strong><\/h3>\n<p data-start=\"174\" data-end=\"424\">Une <strong data-start=\"178\" data-end=\"197\">digestion saine<\/strong> ne d\u00e9pend pas uniquement de ce que vous mangez, mais surtout de ce que votre corps peut absorber et utiliser. Les enzymes digestives jouent un r\u00f4le crucial en vous aidant \u00e0 d\u00e9composer et \u00e0 absorber efficacement les nutriments.<\/p>\n<p data-start=\"426\" data-end=\"921\"><strong data-start=\"426\" data-end=\"461\">Full Spectrum Digestive Enzymes<\/strong> contient un m\u00e9lange puissant de <strong data-start=\"494\" data-end=\"520\">18 enzymes diff\u00e9rentes<\/strong> qui soutiennent votre corps dans la digestion des prot\u00e9ines, des graisses, des glucides et des fibres. Les enzymes digestives d\u00e9composent nos macronutriments (graisses, glucides et prot\u00e9ines) en particules plus petites que notre corps peut absorber et utiliser. Cela vous aide \u00e0 mieux dig\u00e9rer vos aliments, \u00e0 absorber de mani\u00e8re optimale les nutriments et \u00e0 r\u00e9duire les ballonnements apr\u00e8s les repas.<\/p>\n<p data-start=\"923\" data-end=\"1071\">Cette formule compl\u00e8te soutient votre digestion du d\u00e9but \u00e0 la fin, contribuant ainsi \u00e0 une fonction intestinale saine et \u00e0 une vitalit\u00e9 globale.<\/p>\n<p data-start=\"1073\" data-end=\"1165\">Une capsule de Digestive Enzymes contient les enzymes suivantes dont le corps a besoin:<\/p>\n<ul>\n<li>Aspergillopepsine<\/li>\n<li>Peptidase<\/li>\n<li>Alpha Galactosidase<\/li>\n<li>Amylase<\/li>\n<li>B\u00eata Glucanase<\/li>\n<li>Brom\u00e9line<\/li>\n<li>Cellulase<\/li>\n<li>Glucoamylase<\/li>\n<li>H\u00e9micellulase<\/li>\n<li>Invertase<\/li>\n<li>Lactase<\/li>\n<li>Lipase<\/li>\n<li>Pectinase<\/li>\n<li>Phytase<\/li>\n<li>Prot\u00e9ase 1 et 2<\/li>\n<li>Xylanase<\/li>\n<\/ul>\n<p>Avec <strong data-start=\"96\" data-end=\"131\">Full Spectrum Digestive Enzymes<\/strong>, vous soutenez votre digestion de mani\u00e8re simple, jour apr\u00e8s jour. Digestive Enzymes contient 30 capsules par emballage.<\/p>\n<p><strong style=\"font-family: inherit; font-size: 29px; font-style: inherit;\">Ultimate Apple Cider Vinegar<\/strong><\/p>\n<p data-start=\"115\" data-end=\"332\"><strong data-start=\"115\" data-end=\"147\">Ultimate Apple Cider Vinegar<\/strong> offre les bienfaits du vinaigre de cidre de pomme dans une formule avanc\u00e9e, combin\u00e9e avec des herbes soigneusement s\u00e9lectionn\u00e9es<strong> pour soutenir votre digestion de mani\u00e8re naturelle.<\/strong><\/p>\n<p data-start=\"334\" data-end=\"540\">Le vinaigre de cidre de pomme est reconnu depuis des si\u00e8cles pour son action b\u00e9n\u00e9fique sur la digestion et pour favoriser une production saine d\u2019acide gastrique, ce qui aide \u00e0 la d\u00e9gradation des nutriments.<\/p>\n<p data-start=\"542\" data-end=\"605\">En plus du vinaigre de cidre de pomme, cette formule contient:<\/p>\n<ul>\n<li>La <strong data-start=\"612\" data-end=\"634\">cannelle de Ceylan<\/strong>, qui soutient une glyc\u00e9mie saine et aide le corps \u00e0 mieux assimiler les nutriments.<\/li>\n<li>Le <strong data-start=\"724\" data-end=\"737\">gingembre<\/strong>, connu pour son soutien \u00e0 la digestion et pour favoriser le confort gastrique.<\/li>\n<li>Le <strong data-start=\"822\" data-end=\"843\">piment de Cayenne<\/strong>, qui peut stimuler la digestion et soutenir la circulation dans le syst\u00e8me digestif.<\/li>\n<li><strong data-start=\"934\" data-end=\"973\">Bioperine\u00ae (extrait de poivre noir)<\/strong>, qui am\u00e9liore l\u2019absorption et l\u2019efficacit\u00e9 des autres ingr\u00e9dients.<\/li>\n<\/ul>\n<h6>Cette combinaison puissante aide votre corps <strong>\u00e0 dig\u00e9rer efficacement<\/strong> les aliments, <strong>favorise un fonctionnement intestinal sain et maintient le confort de l\u2019estomac <\/strong>apr\u00e8s les repas<\/h6>\n<ul>\n<li data-start=\"2615\" data-end=\"2838\">60 capsules par emballage, pour 1 mois de cure<\/li>\n<li data-start=\"2615\" data-end=\"2838\">Soutient une digestion saine<\/li>\n<li data-start=\"2615\" data-end=\"2838\">Contribue \u00e0 la gestion du poids<\/li>\n<li data-start=\"2615\" data-end=\"2838\">Aide \u00e0 une meilleure absorption des nutriments<\/li>\n<li data-start=\"2615\" data-end=\"2838\">Avec cannelle de Ceylan, gingembre, piment de Cayenne et Bioperine\u00ae<\/li>\n<li data-start=\"2615\" data-end=\"2838\">Pur et sans additifs artificiels<\/li>\n<\/ul>\n<h3><strong>Ultimate Probiotics<\/strong><\/h3>\n<p data-start=\"59\" data-end=\"290\">Une <strong data-start=\"63\" data-end=\"82\">digestion saine<\/strong> commence par une <strong data-start=\"100\" data-end=\"127\">flore intestinale saine<\/strong>. Les bonnes bact\u00e9ries pr\u00e9sentes dans vos intestins jouent un r\u00f4le essentiel dans la digestion des aliments, l\u2019absorption des nutriments et un transit confortable.<\/p>\n<p data-start=\"292\" data-end=\"566\"><strong data-start=\"292\" data-end=\"315\">Ultimate Probiotics<\/strong> soutient votre <strong data-start=\"331\" data-end=\"344\">digestion<\/strong> avec <strong data-start=\"350\" data-end=\"399\">30 milliards d\u2019organismes vivants par capsule<\/strong>, provenant de <strong data-start=\"414\" data-end=\"469\">10 souches probiotiques soigneusement s\u00e9lectionn\u00e9es<\/strong> qui travaillent ensemble pour maintenir l\u2019\u00e9quilibre de votre flore intestinale, jour apr\u00e8s jour.<\/p>\n<p data-start=\"568\" data-end=\"828\">Cette formule de haute qualit\u00e9 contient notamment <strong data-start=\"618\" data-end=\"647\">DE-111\u00ae Bacillus Subtilus<\/strong> et <strong data-start=\"651\" data-end=\"685\">Lactospore\u00ae Bacillus Coagulans<\/strong>, des souches reconnues pour leur capacit\u00e9 de survie dans l\u2019intestin et leur soutien \u00e0 une digestion saine et au bon fonctionnement intestinal<\/p>\n<p data-start=\"830\" data-end=\"898\"><strong data-start=\"830\" data-end=\"898\">1 capsule d\u2019Ultimate Probiotics contient les souches suivantes:<\/strong><\/p>\n<ul>\n<li>Bacillus subtilus (DE-111\u00ae)<\/li>\n<li>Lactobacillus Rhamnosus<\/li>\n<li>Lactobacillus Casei<\/li>\n<li>Lactobacillus plantarum<\/li>\n<li>Lactobacillus Acidophilus<\/li>\n<li>Bifidobacterium longum<\/li>\n<li>Bifidobacterium Breve<\/li>\n<li>Bacillus coagulans Lactospore\u00ae<\/li>\n<li>Bifidobacterium Lactis<\/li>\n<li>Lactobacillus Salivarius<\/li>\n<\/ul>\n<p>Ultimate Probiotics contient 30 capsules pour un mois de cure, et ces capsules sont des capsules sp\u00e9ciales brevet\u00e9es <strong data-start=\"184\" data-end=\"195\">DRcaps\u00ae<\/strong>, qui prot\u00e8gent les probiotiques de l\u2019acidit\u00e9 de l\u2019estomac. Ainsi, les bact\u00e9ries arrivent vivantes dans les intestins, l\u00e0 o\u00f9 elles sont les plus efficaces.<\/p>\n","protected":false},"excerpt":{"rendered":"<p data-start=\"80\" data-end=\"404\">Une <strong data-start=\"84\" data-end=\"103\">digestion saine<\/strong> est la base d\u2019un corps plein d\u2019\u00e9nergie et de vitalit\u00e9. Avec le <strong>Pack<\/strong> <strong data-start=\"167\" data-end=\"187\">Digestion<\/strong>, vous soutenez votre digestion de mani\u00e8re naturelle, permettant une meilleure digestion des aliments, la pr\u00e9vention des inconforts intestinaux et gastriques, et une absorption optimale des nutriments par votre corps.<\/p>\n<p data-start=\"406\" data-end=\"693\">Ce pack combine <strong data-start=\"428\" data-end=\"463\">Full Spectrum Digestive Enzymes<\/strong>, <strong data-start=\"465\" data-end=\"497\">Ultimate Apple Cider Vinegar<\/strong> et <strong data-start=\"501\" data-end=\"524\">Ultimate Probiotics<\/strong> \u2013 trois compl\u00e9ments puissants qui se compl\u00e8tent parfaitement pour une flore intestinale saine, une digestion confortable et une meilleure absorption des nutriments.<\/p>\n<p data-start=\"695\" data-end=\"919\">Que vous souffriez souvent de ballonnements apr\u00e8s les repas, que vous souhaitiez soutenir vos intestins ou am\u00e9liorer votre sant\u00e9 globale: le Pack Digestion vous aide \u00e0 soutenir facilement votre digestion, chaque jour.<\/p>\n","protected":false},"featured_media":1188266,"template":"","meta":{"_acf_changed":false,"om_disable_all_campaigns":false},"product_brand":[],"product_cat":[206,178],"product_tag":[],"class_list":{"0":"post-1126304","1":"product","2":"type-product","3":"status-publish","4":"has-post-thumbnail","6":"product_cat-les-packs","7":"product_cat-offre-reguliere","8":"sales-flash-overlay","9":"woocommerce-text-align-center","10":"woocommerce-image-align-center","11":"do-quantity-buttons","13":"first","14":"instock","15":"sale","16":"taxable","17":"shipping-taxable","18":"purchasable","19":"product-type-simple"},"acf":[],"yoast_head":"<!-- This site is optimized with the Yoast SEO plugin v27.4 - https:\/\/yoast.com\/product\/yoast-seo-wordpress\/ -->\n<title>Le Pack &quot;Digestion&quot; - Foodie<\/title>\n<meta name=\"description\" content=\"Une digestion saine est la base d\u2019un corps plein d\u2019\u00e9nergie et de vitalit\u00e9. Avec le Pack Digestion, vous soutenez votre digestion de mani\u00e8re naturelle, permettant une meilleure digestion des aliments, la pr\u00e9vention des inconforts intestinaux et gastriques, et une absorption optimale des nutriments par votre corps. Ce pack combine Full Spectrum Digestive Enzymes, Ultimate Apple Cider Vinegar et Ultimate Probiotics \u2013 trois compl\u00e9ments puissants qui se compl\u00e8tent parfaitement pour une flore intestinale saine, une digestion confortable et une meilleure absorption des nutriments. Que vous souffriez souvent de ballonnements apr\u00e8s les repas, que vous souhaitiez soutenir vos intestins ou am\u00e9liorer votre sant\u00e9 globale: le Pack Digestion vous aide \u00e0 soutenir facilement votre digestion, chaque jour.\" \/>\n<meta name=\"robots\" content=\"index, follow, max-snippet:-1, max-image-preview:large, max-video-preview:-1\" \/>\n<link rel=\"canonical\" href=\"https:\/\/www.foodie.nl\/fr\/produit\/le-pack-digestion\/\" \/>\n<meta property=\"og:locale\" content=\"fr_FR\" \/>\n<meta property=\"og:type\" content=\"article\" \/>\n<meta property=\"og:title\" content=\"Le Pack &quot;Digestion&quot; - Foodie\" \/>\n<meta property=\"og:description\" content=\"Une digestion saine est la base d\u2019un corps plein d\u2019\u00e9nergie et de vitalit\u00e9. Avec le Pack Digestion, vous soutenez votre digestion de mani\u00e8re naturelle, permettant une meilleure digestion des aliments, la pr\u00e9vention des inconforts intestinaux et gastriques, et une absorption optimale des nutriments par votre corps. Ce pack combine Full Spectrum Digestive Enzymes, Ultimate Apple Cider Vinegar et Ultimate Probiotics \u2013 trois compl\u00e9ments puissants qui se compl\u00e8tent parfaitement pour une flore intestinale saine, une digestion confortable et une meilleure absorption des nutriments. Que vous souffriez souvent de ballonnements apr\u00e8s les repas, que vous souhaitiez soutenir vos intestins ou am\u00e9liorer votre sant\u00e9 globale: le Pack Digestion vous aide \u00e0 soutenir facilement votre digestion, chaque jour.\" \/>\n<meta property=\"og:url\" content=\"https:\/\/www.foodie.nl\/fr\/produit\/le-pack-digestion\/\" \/>\n<meta property=\"og:site_name\" content=\"Foodie\" \/>\n<meta property=\"article:modified_time\" content=\"2025-08-26T12:00:32+00:00\" \/>\n<meta property=\"og:image\" content=\"https:\/\/www.foodie.nl\/app\/uploads\/2023\/01\/Producten-groepen-87-1024x1024.png\" \/>\n\t<meta property=\"og:image:width\" content=\"1024\" \/>\n\t<meta property=\"og:image:height\" content=\"1024\" \/>\n\t<meta property=\"og:image:type\" content=\"image\/png\" \/>\n<meta name=\"twitter:card\" content=\"summary_large_image\" \/>\n<meta name=\"twitter:label1\" content=\"Dur\u00e9e de lecture estim\u00e9e\" \/>\n\t<meta name=\"twitter:data1\" content=\"4 minutes\" \/>\n<script type=\"application\/ld+json\" class=\"yoast-schema-graph\">{\"@context\":\"https:\\\/\\\/schema.org\",\"@graph\":[{\"@type\":\"WebPage\",\"@id\":\"https:\\\/\\\/www.foodie.nl\\\/fr\\\/produit\\\/le-pack-digestion\\\/\",\"url\":\"https:\\\/\\\/www.foodie.nl\\\/fr\\\/produit\\\/le-pack-digestion\\\/\",\"name\":\"Le Pack \\\"Digestion\\\" - Foodie\",\"isPartOf\":{\"@id\":\"https:\\\/\\\/www.foodie.nl\\\/fr\\\/#website\"},\"primaryImageOfPage\":{\"@id\":\"https:\\\/\\\/www.foodie.nl\\\/fr\\\/produit\\\/le-pack-digestion\\\/#primaryimage\"},\"image\":{\"@id\":\"https:\\\/\\\/www.foodie.nl\\\/fr\\\/produit\\\/le-pack-digestion\\\/#primaryimage\"},\"thumbnailUrl\":\"https:\\\/\\\/www.foodie.nl\\\/app\\\/uploads\\\/2023\\\/01\\\/Producten-groepen-2026-02-16T133202.433.png\",\"datePublished\":\"2023-01-16T14:08:34+00:00\",\"dateModified\":\"2025-08-26T12:00:32+00:00\",\"description\":\"Une digestion saine est la base d\u2019un corps plein d\u2019\u00e9nergie et de vitalit\u00e9. Avec le Pack Digestion, vous soutenez votre digestion de mani\u00e8re naturelle, permettant une meilleure digestion des aliments, la pr\u00e9vention des inconforts intestinaux et gastriques, et une absorption optimale des nutriments par votre corps. Ce pack combine Full Spectrum Digestive Enzymes, Ultimate Apple Cider Vinegar et Ultimate Probiotics \u2013 trois compl\u00e9ments puissants qui se compl\u00e8tent parfaitement pour une flore intestinale saine, une digestion confortable et une meilleure absorption des nutriments. Que vous souffriez souvent de ballonnements apr\u00e8s les repas, que vous souhaitiez soutenir vos intestins ou am\u00e9liorer votre sant\u00e9 globale: le Pack Digestion vous aide \u00e0 soutenir facilement votre digestion, chaque jour.\",\"breadcrumb\":{\"@id\":\"https:\\\/\\\/www.foodie.nl\\\/fr\\\/produit\\\/le-pack-digestion\\\/#breadcrumb\"},\"inLanguage\":\"fr-FR\",\"potentialAction\":[{\"@type\":\"ReadAction\",\"target\":[\"https:\\\/\\\/www.foodie.nl\\\/fr\\\/produit\\\/le-pack-digestion\\\/\"]}]},{\"@type\":\"ImageObject\",\"inLanguage\":\"fr-FR\",\"@id\":\"https:\\\/\\\/www.foodie.nl\\\/fr\\\/produit\\\/le-pack-digestion\\\/#primaryimage\",\"url\":\"https:\\\/\\\/www.foodie.nl\\\/app\\\/uploads\\\/2023\\\/01\\\/Producten-groepen-2026-02-16T133202.433.png\",\"contentUrl\":\"https:\\\/\\\/www.foodie.nl\\\/app\\\/uploads\\\/2023\\\/01\\\/Producten-groepen-2026-02-16T133202.433.png\",\"width\":1600,\"height\":1600},{\"@type\":\"BreadcrumbList\",\"@id\":\"https:\\\/\\\/www.foodie.nl\\\/fr\\\/produit\\\/le-pack-digestion\\\/#breadcrumb\",\"itemListElement\":[{\"@type\":\"ListItem\",\"position\":1,\"name\":\"Home\",\"item\":\"https:\\\/\\\/www.foodie.nl\\\/fr\\\/\"},{\"@type\":\"ListItem\",\"position\":2,\"name\":\"Produits\",\"item\":\"https:\\\/\\\/www.foodie.nl\\\/fr\\\/shop\\\/\"},{\"@type\":\"ListItem\",\"position\":3,\"name\":\"Le Pack &#8220;Digestion&#8221;\"}]},{\"@type\":\"WebSite\",\"@id\":\"https:\\\/\\\/www.foodie.nl\\\/fr\\\/#website\",\"url\":\"https:\\\/\\\/www.foodie.nl\\\/fr\\\/\",\"name\":\"Foodie\",\"description\":\"Elke Hap Telt\",\"publisher\":{\"@id\":\"https:\\\/\\\/www.foodie.nl\\\/fr\\\/#organization\"},\"potentialAction\":[{\"@type\":\"SearchAction\",\"target\":{\"@type\":\"EntryPoint\",\"urlTemplate\":\"https:\\\/\\\/www.foodie.nl\\\/fr\\\/?s={search_term_string}\"},\"query-input\":{\"@type\":\"PropertyValueSpecification\",\"valueRequired\":true,\"valueName\":\"search_term_string\"}}],\"inLanguage\":\"fr-FR\"},{\"@type\":\"Organization\",\"@id\":\"https:\\\/\\\/www.foodie.nl\\\/fr\\\/#organization\",\"name\":\"Foodie\",\"url\":\"https:\\\/\\\/www.foodie.nl\\\/fr\\\/\",\"logo\":{\"@type\":\"ImageObject\",\"inLanguage\":\"fr-FR\",\"@id\":\"https:\\\/\\\/www.foodie.nl\\\/fr\\\/#\\\/schema\\\/logo\\\/image\\\/\",\"url\":\"https:\\\/\\\/www.foodie.nl\\\/app\\\/uploads\\\/2025\\\/01\\\/logo-foodie-wide@2x.png\",\"contentUrl\":\"https:\\\/\\\/www.foodie.nl\\\/app\\\/uploads\\\/2025\\\/01\\\/logo-foodie-wide@2x.png\",\"width\":236,\"height\":128,\"caption\":\"Foodie\"},\"image\":{\"@id\":\"https:\\\/\\\/www.foodie.nl\\\/fr\\\/#\\\/schema\\\/logo\\\/image\\\/\"}}]}<\/script>\n<!-- \/ Yoast SEO plugin. -->","yoast_head_json":{"title":"Le Pack \"Digestion\" - Foodie","description":"Une digestion saine est la base d\u2019un corps plein d\u2019\u00e9nergie et de vitalit\u00e9. Avec le Pack Digestion, vous soutenez votre digestion de mani\u00e8re naturelle, permettant une meilleure digestion des aliments, la pr\u00e9vention des inconforts intestinaux et gastriques, et une absorption optimale des nutriments par votre corps. Ce pack combine Full Spectrum Digestive Enzymes, Ultimate Apple Cider Vinegar et Ultimate Probiotics \u2013 trois compl\u00e9ments puissants qui se compl\u00e8tent parfaitement pour une flore intestinale saine, une digestion confortable et une meilleure absorption des nutriments. Que vous souffriez souvent de ballonnements apr\u00e8s les repas, que vous souhaitiez soutenir vos intestins ou am\u00e9liorer votre sant\u00e9 globale: le Pack Digestion vous aide \u00e0 soutenir facilement votre digestion, chaque jour.","robots":{"index":"index","follow":"follow","max-snippet":"max-snippet:-1","max-image-preview":"max-image-preview:large","max-video-preview":"max-video-preview:-1"},"canonical":"https:\/\/www.foodie.nl\/fr\/produit\/le-pack-digestion\/","og_locale":"fr_FR","og_type":"article","og_title":"Le Pack \"Digestion\" - Foodie","og_description":"Une digestion saine est la base d\u2019un corps plein d\u2019\u00e9nergie et de vitalit\u00e9. Avec le Pack Digestion, vous soutenez votre digestion de mani\u00e8re naturelle, permettant une meilleure digestion des aliments, la pr\u00e9vention des inconforts intestinaux et gastriques, et une absorption optimale des nutriments par votre corps. Ce pack combine Full Spectrum Digestive Enzymes, Ultimate Apple Cider Vinegar et Ultimate Probiotics \u2013 trois compl\u00e9ments puissants qui se compl\u00e8tent parfaitement pour une flore intestinale saine, une digestion confortable et une meilleure absorption des nutriments. Que vous souffriez souvent de ballonnements apr\u00e8s les repas, que vous souhaitiez soutenir vos intestins ou am\u00e9liorer votre sant\u00e9 globale: le Pack Digestion vous aide \u00e0 soutenir facilement votre digestion, chaque jour.","og_url":"https:\/\/www.foodie.nl\/fr\/produit\/le-pack-digestion\/","og_site_name":"Foodie","article_modified_time":"2025-08-26T12:00:32+00:00","og_image":[{"width":1024,"height":1024,"url":"https:\/\/www.foodie.nl\/app\/uploads\/2023\/01\/Producten-groepen-87-1024x1024.png","type":"image\/png"}],"twitter_card":"summary_large_image","twitter_misc":{"Dur\u00e9e de lecture estim\u00e9e":"4 minutes"},"schema":{"@context":"https:\/\/schema.org","@graph":[{"@type":"WebPage","@id":"https:\/\/www.foodie.nl\/fr\/produit\/le-pack-digestion\/","url":"https:\/\/www.foodie.nl\/fr\/produit\/le-pack-digestion\/","name":"Le Pack \"Digestion\" - Foodie","isPartOf":{"@id":"https:\/\/www.foodie.nl\/fr\/#website"},"primaryImageOfPage":{"@id":"https:\/\/www.foodie.nl\/fr\/produit\/le-pack-digestion\/#primaryimage"},"image":{"@id":"https:\/\/www.foodie.nl\/fr\/produit\/le-pack-digestion\/#primaryimage"},"thumbnailUrl":"https:\/\/www.foodie.nl\/app\/uploads\/2023\/01\/Producten-groepen-2026-02-16T133202.433.png","datePublished":"2023-01-16T14:08:34+00:00","dateModified":"2025-08-26T12:00:32+00:00","description":"Une digestion saine est la base d\u2019un corps plein d\u2019\u00e9nergie et de vitalit\u00e9. Avec le Pack Digestion, vous soutenez votre digestion de mani\u00e8re naturelle, permettant une meilleure digestion des aliments, la pr\u00e9vention des inconforts intestinaux et gastriques, et une absorption optimale des nutriments par votre corps. Ce pack combine Full Spectrum Digestive Enzymes, Ultimate Apple Cider Vinegar et Ultimate Probiotics \u2013 trois compl\u00e9ments puissants qui se compl\u00e8tent parfaitement pour une flore intestinale saine, une digestion confortable et une meilleure absorption des nutriments. Que vous souffriez souvent de ballonnements apr\u00e8s les repas, que vous souhaitiez soutenir vos intestins ou am\u00e9liorer votre sant\u00e9 globale: le Pack Digestion vous aide \u00e0 soutenir facilement votre digestion, chaque jour.","breadcrumb":{"@id":"https:\/\/www.foodie.nl\/fr\/produit\/le-pack-digestion\/#breadcrumb"},"inLanguage":"fr-FR","potentialAction":[{"@type":"ReadAction","target":["https:\/\/www.foodie.nl\/fr\/produit\/le-pack-digestion\/"]}]},{"@type":"ImageObject","inLanguage":"fr-FR","@id":"https:\/\/www.foodie.nl\/fr\/produit\/le-pack-digestion\/#primaryimage","url":"https:\/\/www.foodie.nl\/app\/uploads\/2023\/01\/Producten-groepen-2026-02-16T133202.433.png","contentUrl":"https:\/\/www.foodie.nl\/app\/uploads\/2023\/01\/Producten-groepen-2026-02-16T133202.433.png","width":1600,"height":1600},{"@type":"BreadcrumbList","@id":"https:\/\/www.foodie.nl\/fr\/produit\/le-pack-digestion\/#breadcrumb","itemListElement":[{"@type":"ListItem","position":1,"name":"Home","item":"https:\/\/www.foodie.nl\/fr\/"},{"@type":"ListItem","position":2,"name":"Produits","item":"https:\/\/www.foodie.nl\/fr\/shop\/"},{"@type":"ListItem","position":3,"name":"Le Pack &#8220;Digestion&#8221;"}]},{"@type":"WebSite","@id":"https:\/\/www.foodie.nl\/fr\/#website","url":"https:\/\/www.foodie.nl\/fr\/","name":"Foodie","description":"Elke Hap Telt","publisher":{"@id":"https:\/\/www.foodie.nl\/fr\/#organization"},"potentialAction":[{"@type":"SearchAction","target":{"@type":"EntryPoint","urlTemplate":"https:\/\/www.foodie.nl\/fr\/?s={search_term_string}"},"query-input":{"@type":"PropertyValueSpecification","valueRequired":true,"valueName":"search_term_string"}}],"inLanguage":"fr-FR"},{"@type":"Organization","@id":"https:\/\/www.foodie.nl\/fr\/#organization","name":"Foodie","url":"https:\/\/www.foodie.nl\/fr\/","logo":{"@type":"ImageObject","inLanguage":"fr-FR","@id":"https:\/\/www.foodie.nl\/fr\/#\/schema\/logo\/image\/","url":"https:\/\/www.foodie.nl\/app\/uploads\/2025\/01\/logo-foodie-wide@2x.png","contentUrl":"https:\/\/www.foodie.nl\/app\/uploads\/2025\/01\/logo-foodie-wide@2x.png","width":236,"height":128,"caption":"Foodie"},"image":{"@id":"https:\/\/www.foodie.nl\/fr\/#\/schema\/logo\/image\/"}}]}},"_links":{"self":[{"href":"https:\/\/www.foodie.nl\/fr\/wp-json\/wp\/v2\/product\/1126304","targetHints":{"allow":["GET"]}}],"collection":[{"href":"https:\/\/www.foodie.nl\/fr\/wp-json\/wp\/v2\/product"}],"about":[{"href":"https:\/\/www.foodie.nl\/fr\/wp-json\/wp\/v2\/types\/product"}],"wp:featuredmedia":[{"embeddable":true,"href":"https:\/\/www.foodie.nl\/fr\/wp-json\/wp\/v2\/media\/1188266"}],"wp:attachment":[{"href":"https:\/\/www.foodie.nl\/fr\/wp-json\/wp\/v2\/media?parent=1126304"}],"wp:term":[{"taxonomy":"product_brand","embeddable":true,"href":"https:\/\/www.foodie.nl\/fr\/wp-json\/wp\/v2\/product_brand?post=1126304"},{"taxonomy":"product_cat","embeddable":true,"href":"https:\/\/www.foodie.nl\/fr\/wp-json\/wp\/v2\/product_cat?post=1126304"},{"taxonomy":"product_tag","embeddable":true,"href":"https:\/\/www.foodie.nl\/fr\/wp-json\/wp\/v2\/product_tag?post=1126304"}],"curies":[{"name":"wp","href":"https:\/\/api.w.org\/{rel}","templated":true}]}}