{"id":1126305,"date":"2023-01-16T15:04:01","date_gmt":"2023-01-16T14:04:01","guid":{"rendered":"https:\/\/www.foodie.nl\/product\/loffre-groupee-de-resistance\/"},"modified":"2025-08-26T14:02:03","modified_gmt":"2025-08-26T12:02:03","slug":"le-pack-immunite","status":"publish","type":"product","link":"https:\/\/www.foodie.nl\/fr\/produit\/le-pack-immunite\/","title":{"rendered":"Le Pack \u00ab\u00a0Immunit\u00e9\u00a0\u00bb"},"content":{"rendered":"<p>Le pack Immunit\u00e9 contient:<\/p>\n<h3><strong>Vitamine D3 Boost<\/strong><\/h3>\n<p data-start=\"122\" data-end=\"422\">La vitamine D est un nutriment essentiel pour un syst\u00e8me immunitaire fort, des os solides et des muscles en bonne sant\u00e9. Aux Pays-Bas et en Belgique, de nombreuses personnes souffrent d\u2019une carence en vitamine D3, surtout pendant les mois d\u2019automne et d\u2019hiver lorsque le soleil est moins pr\u00e9sent.<\/p>\n<p data-start=\"424\" data-end=\"698\">Vitamine D3 Boost soutient votre apport quotidien en vitamine D3 et contribue \u00e0 votre sant\u00e9 et vitalit\u00e9 globales. Ce qui rend Vitamine D3 Boost unique, c\u2019est qu\u2019elle est d\u00e9livr\u00e9e dans <strong>de l\u2019huile d\u2019olive extra vierge<\/strong>, pour une absorption optimale et une qualit\u00e9 pure.<\/p>\n<ul>\n<li>120 capsules, soit 4 mois de stock<\/li>\n<li>1 capsule contient 3000 UI de vitamine D3<\/li>\n<li><span style=\"font-size: inherit; font-family: -apple-system, system-ui, BlinkMacSystemFont, 'Segoe UI', Helvetica, Arial, sans-serif, 'Apple Color Emoji', 'Segoe UI Emoji', 'Segoe UI Symbol';\">Soutient un syst\u00e8me immunitaire fonctionnel<\/span><\/li>\n<li>Contribue \u00e0 des os et des dents solides<\/li>\n<li>Soutient des muscles forts et souples<\/li>\n<li>Impliqu\u00e9e dans la conversion de la s\u00e9rotonine en m\u00e9latonine (l\u2019hormone du sommeil) qui r\u00e9gule votre rythme jour\/nui<\/li>\n<li>Qualit\u00e9 sup\u00e9rieure avec de l\u2019huile d\u2019olive extra vierge comme bas<\/li>\n<li>Pur et sans additifs artificiels<\/li>\n<\/ul>\n<h3><strong>Vitamine C Boost<\/strong><\/h3>\n<p data-start=\"59\" data-end=\"288\">La vitamine C est un puissant antioxydant qui contribue \u00e0 un syst\u00e8me immunitaire fort et aide \u00e0 prot\u00e9ger les cellules saines de l\u2019organisme. De plus, elle soutient votre niveau d\u2019\u00e9nergie et contribue \u00e0 votre vitalit\u00e9 globale.<\/p>\n<p data-start=\"290\" data-end=\"629\">Vitamine C Boost contient le <strong data-start=\"323\" data-end=\"344\">Pureway-C brevet\u00e9<\/strong>, la forme de vitamine C la mieux absorb\u00e9e et la plus stable, li\u00e9e \u00e0 des acides gras naturels et des bioflavono\u00efdes pour une absorption et une efficacit\u00e9 optimales dans l\u2019organisme. Avec Vitamine C Boost, vous offrez chaque jour \u00e0 votre syst\u00e8me immunitaire le soutien qu\u2019il m\u00e9rite.<\/p>\n<ul>\n<li><span class=\"JsGRdQ\">Emballage de 60 capsules, 2 capsules par jour<\/span><\/li>\n<li><span class=\"JsGRdQ\">500 mg de Pureway-C par capsule<\/span><\/li>\n<li><span class=\"JsGRdQ\">Enrichi en bioflavono\u00efdes pour une meilleure absorption et efficacit\u00e9<\/span><\/li>\n<li><span class=\"JsGRdQ\">Soutient le syst\u00e8me immunitaire et la protection des cellules<\/span><\/li>\n<li><span class=\"JsGRdQ\">Contribue \u00e0 l\u2019\u00e9nergie et \u00e0 la vitalit\u00e9<\/span><\/li>\n<li><span class=\"JsGRdQ\">100% vegan et pur, sans additifs artificiels<\/span><\/li>\n<\/ul>\n<h3><strong>Ultimate Probiotics<\/strong><\/h3>\n<p data-start=\"59\" data-end=\"416\">Saviez-vous qu\u2019environ 70 \u00e0 80% de votre syst\u00e8me immunitaire est form\u00e9 par votre flore intestinale? Les bact\u00e9ries d\u2019une flore intestinale saine sont essentielles pour une bonne r\u00e9ponse immunitaire, la production d\u2019hormones, une digestion saine et votre bien-\u00eatre g\u00e9n\u00e9ral. Il est donc essentiel de fournir de bonnes bact\u00e9ries \u00e0 votre flore intestinale.<\/p>\n<p data-start=\"418\" data-end=\"740\"><strong data-start=\"418\" data-end=\"441\">Ultimate Probiotics<\/strong> soutient votre flore intestinale avec <strong data-start=\"480\" data-end=\"529\">30 milliards d\u2019organismes vivants par capsule<\/strong>, provenant de 10 souches probiotiques soigneusement s\u00e9lectionn\u00e9es. Ces souches agissent ensemble pour maintenir l\u2019\u00e9quilibre de votre flore intestinale et soutenir vos d\u00e9fenses immunitaires, jour apr\u00e8s jour.<\/p>\n<p data-start=\"742\" data-end=\"975\">Cette formule de haute qualit\u00e9 contient notamment les souches brevet\u00e9es <strong data-start=\"814\" data-end=\"843\">DE-111\u00ae Bacillus Subtilus<\/strong> et <strong data-start=\"847\" data-end=\"881\">Lactospore\u00ae Bacillus Coagulans<\/strong>, reconnues pour leur capacit\u00e9 de survie dans l\u2019intestin et leur soutien \u00e0 la sant\u00e9 digestive.<\/p>\n<p data-start=\"977\" data-end=\"1045\"><strong data-start=\"977\" data-end=\"1045\">1 capsule d\u2019Ultimate Probiotics contient les souches suivantes:<\/strong><\/p>\n<ul>\n<li>Bacillus subtilus (DE-111\u00ae)<\/li>\n<li>Lactobacillus Rhamnosus<\/li>\n<li>Lactobacillus Casei<\/li>\n<li>Lactobacillus plantarum<\/li>\n<li>Lactobacillus Acidophilus<\/li>\n<li>Bifidobacterium longum<\/li>\n<li>Bifidobacterium Breve<\/li>\n<li>Bacillus coagulans Lactospore\u00ae<\/li>\n<li>Bifidobacterium Lactis<\/li>\n<li>Lactobacillus Salivarius<\/li>\n<\/ul>\n<p>Ultimate Probiotics contient 30 capsules pour un mois de cure, et ces capsules sont des <strong>capsules brevet\u00e9es DRcaps\u00ae<\/strong>, qui prot\u00e8gent les probiotiques de l\u2019acidit\u00e9 de l\u2019estomac. Ainsi, les bact\u00e9ries arrivent vivantes dans les intestins, l\u00e0 o\u00f9 elles sont les plus efficaces.<\/p>\n<ul>\n<li style=\"list-style-type: none;\"><\/li>\n<\/ul>\n","protected":false},"excerpt":{"rendered":"<p data-start=\"59\" data-end=\"281\">Ce pack combine <strong data-start=\"81\" data-end=\"102\">Vitamine D3 Boost<\/strong>, <strong data-start=\"104\" data-end=\"124\">Vitamine C Boost<\/strong> et <strong data-start=\"128\" data-end=\"151\">Ultimate Probiotics<\/strong> pour une base puissante de l\u2019int\u00e9rieur. Vous soutenez ainsi un syst\u00e8me immunitaire fort et une bonne r\u00e9sistance, jour apr\u00e8s jour.<\/p>\n<p data-start=\"283\" data-end=\"499\"><strong data-start=\"283\" data-end=\"304\">Vitamine D3 Boost<\/strong> est essentielle pour un syst\u00e8me immunitaire fort ainsi que pour des os et des muscles en bonne sant\u00e9. De nombreuses personnes souffrent d\u2019une carence chronique en vitamine D3.<\/p>\n<p data-start=\"501\" data-end=\"643\"><strong data-start=\"501\" data-end=\"521\">Vitamine C Boost<\/strong> soutient vos d\u00e9fenses immunitaires et prot\u00e8ge les cellules saines gr\u00e2ce \u00e0 la vitamine C la mieux absorb\u00e9e, <strong data-start=\"629\" data-end=\"642\">Pureway-C<\/strong>.<\/p>\n<p data-start=\"501\" data-end=\"643\"><strong data-start=\"59\" data-end=\"82\">Ultimate Probiotics<\/strong> soutient une flore intestinale saine, qui est la base de votre syst\u00e8me immunitaire. Saviez-vous qu\u2019environ 80% du syst\u00e8me immunitaire est li\u00e9 \u00e0 votre flore intestinale?<\/p>\n","protected":false},"featured_media":1188252,"template":"","meta":{"_acf_changed":false,"om_disable_all_campaigns":false},"product_brand":[],"product_cat":[206,178],"product_tag":[],"class_list":{"0":"post-1126305","1":"product","2":"type-product","3":"status-publish","4":"has-post-thumbnail","6":"product_cat-les-packs","7":"product_cat-offre-reguliere","8":"sales-flash-overlay","9":"woocommerce-text-align-center","10":"woocommerce-image-align-center","11":"do-quantity-buttons","13":"first","14":"instock","15":"sale","16":"taxable","17":"shipping-taxable","18":"purchasable","19":"product-type-simple"},"acf":[],"yoast_head":"<!-- This site is optimized with the Yoast SEO plugin v27.4 - https:\/\/yoast.com\/product\/yoast-seo-wordpress\/ -->\n<title>Le Pack &quot;Immunit\u00e9&quot; - Foodie<\/title>\n<meta name=\"description\" content=\"Ce pack combine Vitamine D3 Boost, Vitamine C Boost et Ultimate Probiotics pour une base puissante de l\u2019int\u00e9rieur. Vous soutenez ainsi un syst\u00e8me immunitaire fort et une bonne r\u00e9sistance, jour apr\u00e8s jour. Vitamine D3 Boost est essentielle pour un syst\u00e8me immunitaire fort ainsi que pour des os et des muscles en bonne sant\u00e9. De nombreuses personnes souffrent d\u2019une carence chronique en vitamine D3. Vitamine C Boost soutient vos d\u00e9fenses immunitaires et prot\u00e8ge les cellules saines gr\u00e2ce \u00e0 la vitamine C la mieux absorb\u00e9e, Pureway-C. Ultimate Probiotics soutient une flore intestinale saine, qui est la base de votre syst\u00e8me immunitaire. Saviez-vous qu\u2019environ 80% du syst\u00e8me immunitaire est li\u00e9 \u00e0 votre flore intestinale?\" \/>\n<meta name=\"robots\" content=\"index, follow, max-snippet:-1, max-image-preview:large, max-video-preview:-1\" \/>\n<link rel=\"canonical\" href=\"https:\/\/www.foodie.nl\/fr\/produit\/le-pack-immunite\/\" \/>\n<meta property=\"og:locale\" content=\"fr_FR\" \/>\n<meta property=\"og:type\" content=\"article\" \/>\n<meta property=\"og:title\" content=\"Le Pack &quot;Immunit\u00e9&quot; - Foodie\" \/>\n<meta property=\"og:description\" content=\"Ce pack combine Vitamine D3 Boost, Vitamine C Boost et Ultimate Probiotics pour une base puissante de l\u2019int\u00e9rieur. Vous soutenez ainsi un syst\u00e8me immunitaire fort et une bonne r\u00e9sistance, jour apr\u00e8s jour. Vitamine D3 Boost est essentielle pour un syst\u00e8me immunitaire fort ainsi que pour des os et des muscles en bonne sant\u00e9. De nombreuses personnes souffrent d\u2019une carence chronique en vitamine D3. Vitamine C Boost soutient vos d\u00e9fenses immunitaires et prot\u00e8ge les cellules saines gr\u00e2ce \u00e0 la vitamine C la mieux absorb\u00e9e, Pureway-C. Ultimate Probiotics soutient une flore intestinale saine, qui est la base de votre syst\u00e8me immunitaire. Saviez-vous qu\u2019environ 80% du syst\u00e8me immunitaire est li\u00e9 \u00e0 votre flore intestinale?\" \/>\n<meta property=\"og:url\" content=\"https:\/\/www.foodie.nl\/fr\/produit\/le-pack-immunite\/\" \/>\n<meta property=\"og:site_name\" content=\"Foodie\" \/>\n<meta property=\"article:modified_time\" content=\"2025-08-26T12:02:03+00:00\" \/>\n<meta property=\"og:image\" content=\"https:\/\/www.foodie.nl\/app\/uploads\/2023\/01\/Producten-groepen-2025-07-16T154453.821-1-1024x1024.png\" \/>\n\t<meta property=\"og:image:width\" content=\"1024\" \/>\n\t<meta property=\"og:image:height\" content=\"1024\" \/>\n\t<meta property=\"og:image:type\" content=\"image\/png\" \/>\n<meta name=\"twitter:card\" content=\"summary_large_image\" \/>\n<meta name=\"twitter:label1\" content=\"Dur\u00e9e de lecture estim\u00e9e\" \/>\n\t<meta name=\"twitter:data1\" content=\"3 minutes\" \/>\n<script type=\"application\/ld+json\" class=\"yoast-schema-graph\">{\"@context\":\"https:\\\/\\\/schema.org\",\"@graph\":[{\"@type\":\"WebPage\",\"@id\":\"https:\\\/\\\/www.foodie.nl\\\/fr\\\/produit\\\/le-pack-immunite\\\/\",\"url\":\"https:\\\/\\\/www.foodie.nl\\\/fr\\\/produit\\\/le-pack-immunite\\\/\",\"name\":\"Le Pack \\\"Immunit\u00e9\\\" - Foodie\",\"isPartOf\":{\"@id\":\"https:\\\/\\\/www.foodie.nl\\\/fr\\\/#website\"},\"primaryImageOfPage\":{\"@id\":\"https:\\\/\\\/www.foodie.nl\\\/fr\\\/produit\\\/le-pack-immunite\\\/#primaryimage\"},\"image\":{\"@id\":\"https:\\\/\\\/www.foodie.nl\\\/fr\\\/produit\\\/le-pack-immunite\\\/#primaryimage\"},\"thumbnailUrl\":\"https:\\\/\\\/www.foodie.nl\\\/app\\\/uploads\\\/2023\\\/01\\\/Producten-groepen-2026-02-16T132120.036.png\",\"datePublished\":\"2023-01-16T14:04:01+00:00\",\"dateModified\":\"2025-08-26T12:02:03+00:00\",\"description\":\"Ce pack combine Vitamine D3 Boost, Vitamine C Boost et Ultimate Probiotics pour une base puissante de l\u2019int\u00e9rieur. Vous soutenez ainsi un syst\u00e8me immunitaire fort et une bonne r\u00e9sistance, jour apr\u00e8s jour. Vitamine D3 Boost est essentielle pour un syst\u00e8me immunitaire fort ainsi que pour des os et des muscles en bonne sant\u00e9. De nombreuses personnes souffrent d\u2019une carence chronique en vitamine D3. Vitamine C Boost soutient vos d\u00e9fenses immunitaires et prot\u00e8ge les cellules saines gr\u00e2ce \u00e0 la vitamine C la mieux absorb\u00e9e, Pureway-C. Ultimate Probiotics soutient une flore intestinale saine, qui est la base de votre syst\u00e8me immunitaire. Saviez-vous qu\u2019environ 80% du syst\u00e8me immunitaire est li\u00e9 \u00e0 votre flore intestinale?\",\"breadcrumb\":{\"@id\":\"https:\\\/\\\/www.foodie.nl\\\/fr\\\/produit\\\/le-pack-immunite\\\/#breadcrumb\"},\"inLanguage\":\"fr-FR\",\"potentialAction\":[{\"@type\":\"ReadAction\",\"target\":[\"https:\\\/\\\/www.foodie.nl\\\/fr\\\/produit\\\/le-pack-immunite\\\/\"]}]},{\"@type\":\"ImageObject\",\"inLanguage\":\"fr-FR\",\"@id\":\"https:\\\/\\\/www.foodie.nl\\\/fr\\\/produit\\\/le-pack-immunite\\\/#primaryimage\",\"url\":\"https:\\\/\\\/www.foodie.nl\\\/app\\\/uploads\\\/2023\\\/01\\\/Producten-groepen-2026-02-16T132120.036.png\",\"contentUrl\":\"https:\\\/\\\/www.foodie.nl\\\/app\\\/uploads\\\/2023\\\/01\\\/Producten-groepen-2026-02-16T132120.036.png\",\"width\":1600,\"height\":1600},{\"@type\":\"BreadcrumbList\",\"@id\":\"https:\\\/\\\/www.foodie.nl\\\/fr\\\/produit\\\/le-pack-immunite\\\/#breadcrumb\",\"itemListElement\":[{\"@type\":\"ListItem\",\"position\":1,\"name\":\"Home\",\"item\":\"https:\\\/\\\/www.foodie.nl\\\/fr\\\/\"},{\"@type\":\"ListItem\",\"position\":2,\"name\":\"Produits\",\"item\":\"https:\\\/\\\/www.foodie.nl\\\/fr\\\/shop\\\/\"},{\"@type\":\"ListItem\",\"position\":3,\"name\":\"Le Pack &#8220;Immunit\u00e9&#8221;\"}]},{\"@type\":\"WebSite\",\"@id\":\"https:\\\/\\\/www.foodie.nl\\\/fr\\\/#website\",\"url\":\"https:\\\/\\\/www.foodie.nl\\\/fr\\\/\",\"name\":\"Foodie\",\"description\":\"Elke Hap Telt\",\"publisher\":{\"@id\":\"https:\\\/\\\/www.foodie.nl\\\/fr\\\/#organization\"},\"potentialAction\":[{\"@type\":\"SearchAction\",\"target\":{\"@type\":\"EntryPoint\",\"urlTemplate\":\"https:\\\/\\\/www.foodie.nl\\\/fr\\\/?s={search_term_string}\"},\"query-input\":{\"@type\":\"PropertyValueSpecification\",\"valueRequired\":true,\"valueName\":\"search_term_string\"}}],\"inLanguage\":\"fr-FR\"},{\"@type\":\"Organization\",\"@id\":\"https:\\\/\\\/www.foodie.nl\\\/fr\\\/#organization\",\"name\":\"Foodie\",\"url\":\"https:\\\/\\\/www.foodie.nl\\\/fr\\\/\",\"logo\":{\"@type\":\"ImageObject\",\"inLanguage\":\"fr-FR\",\"@id\":\"https:\\\/\\\/www.foodie.nl\\\/fr\\\/#\\\/schema\\\/logo\\\/image\\\/\",\"url\":\"https:\\\/\\\/www.foodie.nl\\\/app\\\/uploads\\\/2025\\\/01\\\/logo-foodie-wide@2x.png\",\"contentUrl\":\"https:\\\/\\\/www.foodie.nl\\\/app\\\/uploads\\\/2025\\\/01\\\/logo-foodie-wide@2x.png\",\"width\":236,\"height\":128,\"caption\":\"Foodie\"},\"image\":{\"@id\":\"https:\\\/\\\/www.foodie.nl\\\/fr\\\/#\\\/schema\\\/logo\\\/image\\\/\"}}]}<\/script>\n<!-- \/ Yoast SEO plugin. -->","yoast_head_json":{"title":"Le Pack \"Immunit\u00e9\" - Foodie","description":"Ce pack combine Vitamine D3 Boost, Vitamine C Boost et Ultimate Probiotics pour une base puissante de l\u2019int\u00e9rieur. Vous soutenez ainsi un syst\u00e8me immunitaire fort et une bonne r\u00e9sistance, jour apr\u00e8s jour. Vitamine D3 Boost est essentielle pour un syst\u00e8me immunitaire fort ainsi que pour des os et des muscles en bonne sant\u00e9. De nombreuses personnes souffrent d\u2019une carence chronique en vitamine D3. Vitamine C Boost soutient vos d\u00e9fenses immunitaires et prot\u00e8ge les cellules saines gr\u00e2ce \u00e0 la vitamine C la mieux absorb\u00e9e, Pureway-C. Ultimate Probiotics soutient une flore intestinale saine, qui est la base de votre syst\u00e8me immunitaire. Saviez-vous qu\u2019environ 80% du syst\u00e8me immunitaire est li\u00e9 \u00e0 votre flore intestinale?","robots":{"index":"index","follow":"follow","max-snippet":"max-snippet:-1","max-image-preview":"max-image-preview:large","max-video-preview":"max-video-preview:-1"},"canonical":"https:\/\/www.foodie.nl\/fr\/produit\/le-pack-immunite\/","og_locale":"fr_FR","og_type":"article","og_title":"Le Pack \"Immunit\u00e9\" - Foodie","og_description":"Ce pack combine Vitamine D3 Boost, Vitamine C Boost et Ultimate Probiotics pour une base puissante de l\u2019int\u00e9rieur. Vous soutenez ainsi un syst\u00e8me immunitaire fort et une bonne r\u00e9sistance, jour apr\u00e8s jour. Vitamine D3 Boost est essentielle pour un syst\u00e8me immunitaire fort ainsi que pour des os et des muscles en bonne sant\u00e9. De nombreuses personnes souffrent d\u2019une carence chronique en vitamine D3. Vitamine C Boost soutient vos d\u00e9fenses immunitaires et prot\u00e8ge les cellules saines gr\u00e2ce \u00e0 la vitamine C la mieux absorb\u00e9e, Pureway-C. Ultimate Probiotics soutient une flore intestinale saine, qui est la base de votre syst\u00e8me immunitaire. Saviez-vous qu\u2019environ 80% du syst\u00e8me immunitaire est li\u00e9 \u00e0 votre flore intestinale?","og_url":"https:\/\/www.foodie.nl\/fr\/produit\/le-pack-immunite\/","og_site_name":"Foodie","article_modified_time":"2025-08-26T12:02:03+00:00","og_image":[{"width":1024,"height":1024,"url":"https:\/\/www.foodie.nl\/app\/uploads\/2023\/01\/Producten-groepen-2025-07-16T154453.821-1-1024x1024.png","type":"image\/png"}],"twitter_card":"summary_large_image","twitter_misc":{"Dur\u00e9e de lecture estim\u00e9e":"3 minutes"},"schema":{"@context":"https:\/\/schema.org","@graph":[{"@type":"WebPage","@id":"https:\/\/www.foodie.nl\/fr\/produit\/le-pack-immunite\/","url":"https:\/\/www.foodie.nl\/fr\/produit\/le-pack-immunite\/","name":"Le Pack \"Immunit\u00e9\" - Foodie","isPartOf":{"@id":"https:\/\/www.foodie.nl\/fr\/#website"},"primaryImageOfPage":{"@id":"https:\/\/www.foodie.nl\/fr\/produit\/le-pack-immunite\/#primaryimage"},"image":{"@id":"https:\/\/www.foodie.nl\/fr\/produit\/le-pack-immunite\/#primaryimage"},"thumbnailUrl":"https:\/\/www.foodie.nl\/app\/uploads\/2023\/01\/Producten-groepen-2026-02-16T132120.036.png","datePublished":"2023-01-16T14:04:01+00:00","dateModified":"2025-08-26T12:02:03+00:00","description":"Ce pack combine Vitamine D3 Boost, Vitamine C Boost et Ultimate Probiotics pour une base puissante de l\u2019int\u00e9rieur. Vous soutenez ainsi un syst\u00e8me immunitaire fort et une bonne r\u00e9sistance, jour apr\u00e8s jour. Vitamine D3 Boost est essentielle pour un syst\u00e8me immunitaire fort ainsi que pour des os et des muscles en bonne sant\u00e9. De nombreuses personnes souffrent d\u2019une carence chronique en vitamine D3. Vitamine C Boost soutient vos d\u00e9fenses immunitaires et prot\u00e8ge les cellules saines gr\u00e2ce \u00e0 la vitamine C la mieux absorb\u00e9e, Pureway-C. Ultimate Probiotics soutient une flore intestinale saine, qui est la base de votre syst\u00e8me immunitaire. Saviez-vous qu\u2019environ 80% du syst\u00e8me immunitaire est li\u00e9 \u00e0 votre flore intestinale?","breadcrumb":{"@id":"https:\/\/www.foodie.nl\/fr\/produit\/le-pack-immunite\/#breadcrumb"},"inLanguage":"fr-FR","potentialAction":[{"@type":"ReadAction","target":["https:\/\/www.foodie.nl\/fr\/produit\/le-pack-immunite\/"]}]},{"@type":"ImageObject","inLanguage":"fr-FR","@id":"https:\/\/www.foodie.nl\/fr\/produit\/le-pack-immunite\/#primaryimage","url":"https:\/\/www.foodie.nl\/app\/uploads\/2023\/01\/Producten-groepen-2026-02-16T132120.036.png","contentUrl":"https:\/\/www.foodie.nl\/app\/uploads\/2023\/01\/Producten-groepen-2026-02-16T132120.036.png","width":1600,"height":1600},{"@type":"BreadcrumbList","@id":"https:\/\/www.foodie.nl\/fr\/produit\/le-pack-immunite\/#breadcrumb","itemListElement":[{"@type":"ListItem","position":1,"name":"Home","item":"https:\/\/www.foodie.nl\/fr\/"},{"@type":"ListItem","position":2,"name":"Produits","item":"https:\/\/www.foodie.nl\/fr\/shop\/"},{"@type":"ListItem","position":3,"name":"Le Pack &#8220;Immunit\u00e9&#8221;"}]},{"@type":"WebSite","@id":"https:\/\/www.foodie.nl\/fr\/#website","url":"https:\/\/www.foodie.nl\/fr\/","name":"Foodie","description":"Elke Hap Telt","publisher":{"@id":"https:\/\/www.foodie.nl\/fr\/#organization"},"potentialAction":[{"@type":"SearchAction","target":{"@type":"EntryPoint","urlTemplate":"https:\/\/www.foodie.nl\/fr\/?s={search_term_string}"},"query-input":{"@type":"PropertyValueSpecification","valueRequired":true,"valueName":"search_term_string"}}],"inLanguage":"fr-FR"},{"@type":"Organization","@id":"https:\/\/www.foodie.nl\/fr\/#organization","name":"Foodie","url":"https:\/\/www.foodie.nl\/fr\/","logo":{"@type":"ImageObject","inLanguage":"fr-FR","@id":"https:\/\/www.foodie.nl\/fr\/#\/schema\/logo\/image\/","url":"https:\/\/www.foodie.nl\/app\/uploads\/2025\/01\/logo-foodie-wide@2x.png","contentUrl":"https:\/\/www.foodie.nl\/app\/uploads\/2025\/01\/logo-foodie-wide@2x.png","width":236,"height":128,"caption":"Foodie"},"image":{"@id":"https:\/\/www.foodie.nl\/fr\/#\/schema\/logo\/image\/"}}]}},"_links":{"self":[{"href":"https:\/\/www.foodie.nl\/fr\/wp-json\/wp\/v2\/product\/1126305","targetHints":{"allow":["GET"]}}],"collection":[{"href":"https:\/\/www.foodie.nl\/fr\/wp-json\/wp\/v2\/product"}],"about":[{"href":"https:\/\/www.foodie.nl\/fr\/wp-json\/wp\/v2\/types\/product"}],"wp:featuredmedia":[{"embeddable":true,"href":"https:\/\/www.foodie.nl\/fr\/wp-json\/wp\/v2\/media\/1188252"}],"wp:attachment":[{"href":"https:\/\/www.foodie.nl\/fr\/wp-json\/wp\/v2\/media?parent=1126305"}],"wp:term":[{"taxonomy":"product_brand","embeddable":true,"href":"https:\/\/www.foodie.nl\/fr\/wp-json\/wp\/v2\/product_brand?post=1126305"},{"taxonomy":"product_cat","embeddable":true,"href":"https:\/\/www.foodie.nl\/fr\/wp-json\/wp\/v2\/product_cat?post=1126305"},{"taxonomy":"product_tag","embeddable":true,"href":"https:\/\/www.foodie.nl\/fr\/wp-json\/wp\/v2\/product_tag?post=1126305"}],"curies":[{"name":"wp","href":"https:\/\/api.w.org\/{rel}","templated":true}]}}