{"id":1126306,"date":"2023-01-16T14:20:50","date_gmt":"2023-01-16T13:20:50","guid":{"rendered":"https:\/\/www.foodie.nl\/product\/moins-de-crampes-musculaires-bundle\/"},"modified":"2025-08-26T14:03:23","modified_gmt":"2025-08-26T12:03:23","slug":"le-pack-crampes-musculaires","status":"publish","type":"product","link":"https:\/\/www.foodie.nl\/fr\/produit\/le-pack-crampes-musculaires\/","title":{"rendered":"Le Pack \u00ab\u00a0Crampes musculaires\u00a0\u00bb"},"content":{"rendered":"<p>Le pack <strong>\u00ab\u00a0Crampes Musculaires\u00a0\u00bb<\/strong> contient:<\/p>\n<h3><strong>Magn\u00e9sium Boost<\/strong><\/h3>\n<p data-start=\"40\" data-end=\"224\">Des crampes musculaires pendant le sport ou la nuit en dormant? <strong data-start=\"105\" data-end=\"124\">Magn\u00e9sium Boost<\/strong> soutient naturellement vos muscles pour les d\u00e9tendre et r\u00e9duire les crampes, de jour comme de nuit.<\/p>\n<p data-start=\"226\" data-end=\"490\">Le magn\u00e9sium joue un r\u00f4le essentiel dans la <strong>fonction musculaire et la transmission nerveuse vers les muscles<\/strong>. En cas de carence, la transmission des signaux peut \u00eatre perturb\u00e9e, entra\u00eenant des crampes musculaires pendant l\u2019effort, la r\u00e9cup\u00e9ration ou m\u00eame au repos.<\/p>\n<p data-start=\"492\" data-end=\"844\"><strong data-start=\"492\" data-end=\"511\">Magn\u00e9sium Boost<\/strong> contient trois formes de magn\u00e9sium hautement assimilables \u2013 <strong>malate de magn\u00e9sium, citrate de magn\u00e9sium et bisglycinate de<\/strong> <strong>magn\u00e9sium<\/strong> \u2013 qui agissent l\u00e0 o\u00f9 vos muscles en ont besoin. Il soutient ainsi vos muscles pendant et apr\u00e8s l\u2019exercice, et aide \u00e0 r\u00e9duire les crampes nocturnes pour un meilleur sommeil et une r\u00e9cup\u00e9ration optimale.<\/p>\n<p data-start=\"846\" data-end=\"1162\">Ce qui rend <strong data-start=\"858\" data-end=\"877\">Magn\u00e9sium Boost<\/strong> unique, c\u2019est son <strong data-start=\"896\" data-end=\"914\">Absorb Complex<\/strong> : une combinaison de <strong data-start=\"936\" data-end=\"1026\">vitamine B6, vitamine B9 (acide folique actif Quatrefolic\u00ae), vitamine B12, vitamine D3<\/strong> et <strong data-start=\"1030\" data-end=\"1041\">taurine<\/strong>. Ce complexe am\u00e9liore l\u2019absorption et l\u2019efficacit\u00e9 du magn\u00e9sium, afin de maximiser ses effets relaxants sur vos muscles.<\/p>\n<ul>\n<li>Aide \u00e0 r\u00e9duire les crampes musculaires pendant le sport et l\u2019effort<\/li>\n<li>Soutient la d\u00e9tente musculaire et la r\u00e9cup\u00e9ration apr\u00e8s l\u2019activit\u00e9<\/li>\n<li data-start=\"1154\" data-end=\"1411\">R\u00e9duit les crampes musculaires nocturnes<\/li>\n<li data-start=\"1154\" data-end=\"1411\">Helpt stressgevoelens te<\/li>\n<li data-start=\"298\" data-end=\"342\">\n<p data-start=\"300\" data-end=\"342\">Aide \u00e0 diminuer les sensations de stress<\/p>\n<\/li>\n<li data-start=\"298\" data-end=\"342\">\n<p data-start=\"300\" data-end=\"342\">Contribue \u00e0 une fonction musculaire et nerveuse normale<\/p>\n<\/li>\n<li>Participe aux fonctions c\u00e9r\u00e9brales<\/li>\n<li data-start=\"1154\" data-end=\"1411\">Avec l\u2019Absorb Complex pour une absorption et une efficacit\u00e9 optimales<\/li>\n<li data-start=\"1154\" data-end=\"1411\">rois formes de magn\u00e9sium hautement biodisponibles r\u00e9unies dans une seule capsule<\/li>\n<\/ul>\n<p data-start=\"1413\" data-end=\"1516\"><span data-start=\"1417\" data-end=\"1436\">1 emballage de <\/span><strong data-start=\"1417\" data-end=\"1436\">Magn\u00e9sium Boost<\/strong> contient 60 capsules, pour une cure d&rsquo;un mois<\/p>\n<h3><strong>Ultimate Electrolytes<\/strong><\/h3>\n<p data-start=\"116\" data-end=\"466\">Les crampes musculaires sont souvent caus\u00e9es par <strong>une carence en min\u00e9raux et un d\u00e9s\u00e9quilibre hydrique,<\/strong> surtout pendant l\u2019exercice, la transpiration ou par temps chaud. <strong>Ultimate Electrolytes<\/strong> offre un apport \u00e9quilibr\u00e9 en \u00e9lectrolytes, ce qui permet \u00e0 vos muscles de rester souples et aide \u00e0 pr\u00e9venir les crampes, aussi bien pendant l\u2019effort que la nuit.<\/p>\n<p data-start=\"468\" data-end=\"894\">Cette formule puissante contient un m\u00e9lange \u00e9quilibr\u00e9 de <strong>sodium, magn\u00e9sium, calcium, potassium et chlorure<\/strong> \u2013 des \u00e9lectrolytes essentiels qui agissent ensemble pour soutenir la fonction musculaire et la transmission nerveuse. Vous b\u00e9n\u00e9ficiez non seulement du bon ratio sodium\/potassium de 3 pour 1, mais aussi des bienfaits de la poudre de noix de coco biologique, du sel marin celtique, du zinc et de vitamines B essentielles.<\/p>\n<p data-start=\"896\" data-end=\"1139\"><strong>Ultimate Electrolytes vous assure une hydratation optimale avec un go\u00fbt citronn\u00e9 rafra\u00eechissant<\/strong> issu d\u2019extraits naturels, sans sucres ajout\u00e9s. Il convient donc parfaitement \u00e0 un usage quotidien et s\u2019int\u00e8gre facilement dans un mode de vie Keto.<\/p>\n<p data-start=\"1141\" data-end=\"1194\">Ultimate Electrolytes soutient vos muscles car il:<\/p>\n<ul>\n<li data-start=\"1248\" data-end=\"1554\">Contribue \u00e0 un bon \u00e9quilibre hydrique et min\u00e9ral\u00b9<\/li>\n<li data-start=\"1248\" data-end=\"1554\">Aide \u00e0 pr\u00e9venir les crampes musculaires pendant l\u2019effort et l\u2019activit\u00e9 physique\u00b9\u00b2\u00b3<\/li>\n<li data-start=\"1248\" data-end=\"1554\">Soutient la fonction musculaire et la r\u00e9cup\u00e9ration apr\u00e8s le sport\u00b9\u00b2\u00b3<\/li>\n<li data-start=\"1248\" data-end=\"1554\">Favorise une hydratation optimale et aide \u00e0 r\u00e9duire la fatigue\u00b9\u00b2\u00b3<\/li>\n<li data-start=\"1248\" data-end=\"1554\">Un ratio id\u00e9al sodium\/potassium de 3:1<\/li>\n<li data-start=\"1248\" data-end=\"1554\">Contient du zinc, de la vitamine C et des vitamines B<\/li>\n<\/ul>\n<p><sup>1<\/sup>Magn\u00e9sium<br \/>\n<sup>2<\/sup>Calcium<br \/>\n<sup>3<\/sup>Kalium<\/p>\n","protected":false},"excerpt":{"rendered":"<p data-start=\"40\" data-end=\"308\">Des muscles agit\u00e9s, des jambes sans repos et des crampes musculaires d\u00e9sagr\u00e9ables peuvent vous d\u00e9ranger aussi bien pendant l\u2019effort que la nuit. Ces troubles sont souvent dus \u00e0 un manque de min\u00e9raux, d\u2019\u00e9lectrolytes ou de magn\u00e9sium, ainsi qu\u2019\u00e0 un d\u00e9s\u00e9quilibre hydrique.<\/p>\n<p data-start=\"310\" data-end=\"490\">Le Pack <strong>\u00ab\u00a0Crampes Musculaires\u00a0\u00bb<\/strong> combine deux compl\u00e9ments puissants qui aident votre corps \u00e0 d\u00e9tendre les muscles, \u00e0 r\u00e9duire les crampes et \u00e0 soutenir votre \u00e9quilibre min\u00e9ral:<\/p>\n<ul data-start=\"492\" data-end=\"785\">\n<li data-start=\"492\" data-end=\"633\">\n<p data-start=\"494\" data-end=\"633\"><strong data-start=\"494\" data-end=\"513\">Magn\u00e9sium Boost<\/strong> aide vos muscles \u00e0 se d\u00e9tendre et r\u00e9duit les crampes musculaires, aussi bien pendant l\u2019activit\u00e9 physique que la nuit.<\/p>\n<\/li>\n<li data-start=\"634\" data-end=\"785\">\n<p data-start=\"636\" data-end=\"785\"><strong data-start=\"636\" data-end=\"661\">Ultimate Electrolytes<\/strong> soutient une hydratation optimale et un bon \u00e9quilibre \u00e9lectrolytique, contribuant ainsi \u00e0 diminuer les crampes musculaires.<\/p>\n<\/li>\n<\/ul>\n","protected":false},"featured_media":1188260,"template":"","meta":{"_acf_changed":false,"om_disable_all_campaigns":false},"product_brand":[],"product_cat":[206,178],"product_tag":[],"class_list":{"0":"post-1126306","1":"product","2":"type-product","3":"status-publish","4":"has-post-thumbnail","6":"product_cat-les-packs","7":"product_cat-offre-reguliere","8":"sales-flash-overlay","9":"woocommerce-text-align-center","10":"woocommerce-image-align-center","11":"do-quantity-buttons","13":"first","14":"instock","15":"sale","16":"taxable","17":"shipping-taxable","18":"purchasable","19":"product-type-simple"},"acf":[],"yoast_head":"<!-- This site is optimized with the Yoast SEO plugin v27.2 - https:\/\/yoast.com\/product\/yoast-seo-wordpress\/ -->\n<title>Le Pack &quot;Crampes musculaires&quot; - Foodie<\/title>\n<meta name=\"description\" content=\"Des muscles agit\u00e9s, des jambes sans repos et des crampes musculaires d\u00e9sagr\u00e9ables peuvent vous d\u00e9ranger aussi bien pendant l\u2019effort que la nuit. Ces troubles sont souvent dus \u00e0 un manque de min\u00e9raux, d\u2019\u00e9lectrolytes ou de magn\u00e9sium, ainsi qu\u2019\u00e0 un d\u00e9s\u00e9quilibre hydrique. Le Pack &quot;Crampes Musculaires&quot; combine deux compl\u00e9ments puissants qui aident votre corps \u00e0 d\u00e9tendre les muscles, \u00e0 r\u00e9duire les crampes et \u00e0 soutenir votre \u00e9quilibre min\u00e9ral:     Magn\u00e9sium Boost aide vos muscles \u00e0 se d\u00e9tendre et r\u00e9duit les crampes musculaires, aussi bien pendant l\u2019activit\u00e9 physique que la nuit.    Ultimate Electrolytes soutient une hydratation optimale et un bon \u00e9quilibre \u00e9lectrolytique, contribuant ainsi \u00e0 diminuer les crampes musculaires.\" \/>\n<meta name=\"robots\" content=\"index, follow, max-snippet:-1, max-image-preview:large, max-video-preview:-1\" \/>\n<link rel=\"canonical\" href=\"https:\/\/www.foodie.nl\/fr\/produit\/le-pack-crampes-musculaires\/\" \/>\n<meta property=\"og:locale\" content=\"fr_FR\" \/>\n<meta property=\"og:type\" content=\"article\" \/>\n<meta property=\"og:title\" content=\"Le Pack &quot;Crampes musculaires&quot; - Foodie\" \/>\n<meta property=\"og:description\" content=\"Des muscles agit\u00e9s, des jambes sans repos et des crampes musculaires d\u00e9sagr\u00e9ables peuvent vous d\u00e9ranger aussi bien pendant l\u2019effort que la nuit. Ces troubles sont souvent dus \u00e0 un manque de min\u00e9raux, d\u2019\u00e9lectrolytes ou de magn\u00e9sium, ainsi qu\u2019\u00e0 un d\u00e9s\u00e9quilibre hydrique. Le Pack &quot;Crampes Musculaires&quot; combine deux compl\u00e9ments puissants qui aident votre corps \u00e0 d\u00e9tendre les muscles, \u00e0 r\u00e9duire les crampes et \u00e0 soutenir votre \u00e9quilibre min\u00e9ral:     Magn\u00e9sium Boost aide vos muscles \u00e0 se d\u00e9tendre et r\u00e9duit les crampes musculaires, aussi bien pendant l\u2019activit\u00e9 physique que la nuit.    Ultimate Electrolytes soutient une hydratation optimale et un bon \u00e9quilibre \u00e9lectrolytique, contribuant ainsi \u00e0 diminuer les crampes musculaires.\" \/>\n<meta property=\"og:url\" content=\"https:\/\/www.foodie.nl\/fr\/produit\/le-pack-crampes-musculaires\/\" \/>\n<meta property=\"og:site_name\" content=\"Foodie\" \/>\n<meta property=\"article:modified_time\" content=\"2025-08-26T12:03:23+00:00\" \/>\n<meta property=\"og:image\" content=\"https:\/\/www.foodie.nl\/app\/uploads\/2023\/01\/Producten-groepen-95.png\" \/>\n\t<meta property=\"og:image:width\" content=\"800\" \/>\n\t<meta property=\"og:image:height\" content=\"800\" \/>\n\t<meta property=\"og:image:type\" content=\"image\/png\" \/>\n<meta name=\"twitter:card\" content=\"summary_large_image\" \/>\n<meta name=\"twitter:label1\" content=\"Dur\u00e9e de lecture estim\u00e9e\" \/>\n\t<meta name=\"twitter:data1\" content=\"3 minutes\" \/>\n<script type=\"application\/ld+json\" class=\"yoast-schema-graph\">{\"@context\":\"https:\/\/schema.org\",\"@graph\":[{\"@type\":\"WebPage\",\"@id\":\"https:\/\/www.foodie.nl\/fr\/produit\/le-pack-crampes-musculaires\/\",\"url\":\"https:\/\/www.foodie.nl\/fr\/produit\/le-pack-crampes-musculaires\/\",\"name\":\"Le Pack \\\"Crampes musculaires\\\" - Foodie\",\"isPartOf\":{\"@id\":\"https:\/\/www.foodie.nl\/fr\/#website\"},\"primaryImageOfPage\":{\"@id\":\"https:\/\/www.foodie.nl\/fr\/produit\/le-pack-crampes-musculaires\/#primaryimage\"},\"image\":{\"@id\":\"https:\/\/www.foodie.nl\/fr\/produit\/le-pack-crampes-musculaires\/#primaryimage\"},\"thumbnailUrl\":\"https:\/\/www.foodie.nl\/app\/uploads\/2023\/01\/Producten-groepen-2026-02-16T132724.254.png\",\"datePublished\":\"2023-01-16T13:20:50+00:00\",\"dateModified\":\"2025-08-26T12:03:23+00:00\",\"description\":\"Des muscles agit\u00e9s, des jambes sans repos et des crampes musculaires d\u00e9sagr\u00e9ables peuvent vous d\u00e9ranger aussi bien pendant l\u2019effort que la nuit. Ces troubles sont souvent dus \u00e0 un manque de min\u00e9raux, d\u2019\u00e9lectrolytes ou de magn\u00e9sium, ainsi qu\u2019\u00e0 un d\u00e9s\u00e9quilibre hydrique. Le Pack \\\"Crampes Musculaires\\\" combine deux compl\u00e9ments puissants qui aident votre corps \u00e0 d\u00e9tendre les muscles, \u00e0 r\u00e9duire les crampes et \u00e0 soutenir votre \u00e9quilibre min\u00e9ral: Magn\u00e9sium Boost aide vos muscles \u00e0 se d\u00e9tendre et r\u00e9duit les crampes musculaires, aussi bien pendant l\u2019activit\u00e9 physique que la nuit. Ultimate Electrolytes soutient une hydratation optimale et un bon \u00e9quilibre \u00e9lectrolytique, contribuant ainsi \u00e0 diminuer les crampes musculaires.\",\"breadcrumb\":{\"@id\":\"https:\/\/www.foodie.nl\/fr\/produit\/le-pack-crampes-musculaires\/#breadcrumb\"},\"inLanguage\":\"fr-FR\",\"potentialAction\":[{\"@type\":\"ReadAction\",\"target\":[\"https:\/\/www.foodie.nl\/fr\/produit\/le-pack-crampes-musculaires\/\"]}]},{\"@type\":\"ImageObject\",\"inLanguage\":\"fr-FR\",\"@id\":\"https:\/\/www.foodie.nl\/fr\/produit\/le-pack-crampes-musculaires\/#primaryimage\",\"url\":\"https:\/\/www.foodie.nl\/app\/uploads\/2023\/01\/Producten-groepen-2026-02-16T132724.254.png\",\"contentUrl\":\"https:\/\/www.foodie.nl\/app\/uploads\/2023\/01\/Producten-groepen-2026-02-16T132724.254.png\",\"width\":1600,\"height\":1600},{\"@type\":\"BreadcrumbList\",\"@id\":\"https:\/\/www.foodie.nl\/fr\/produit\/le-pack-crampes-musculaires\/#breadcrumb\",\"itemListElement\":[{\"@type\":\"ListItem\",\"position\":1,\"name\":\"Home\",\"item\":\"https:\/\/www.foodie.nl\/fr\/\"},{\"@type\":\"ListItem\",\"position\":2,\"name\":\"Produits\",\"item\":\"https:\/\/www.foodie.nl\/fr\/shop\/\"},{\"@type\":\"ListItem\",\"position\":3,\"name\":\"Le Pack &#8220;Crampes musculaires&#8221;\"}]},{\"@type\":\"WebSite\",\"@id\":\"https:\/\/www.foodie.nl\/fr\/#website\",\"url\":\"https:\/\/www.foodie.nl\/fr\/\",\"name\":\"Foodie\",\"description\":\"Elke Hap Telt\",\"publisher\":{\"@id\":\"https:\/\/www.foodie.nl\/fr\/#organization\"},\"potentialAction\":[{\"@type\":\"SearchAction\",\"target\":{\"@type\":\"EntryPoint\",\"urlTemplate\":\"https:\/\/www.foodie.nl\/fr\/?s={search_term_string}\"},\"query-input\":{\"@type\":\"PropertyValueSpecification\",\"valueRequired\":true,\"valueName\":\"search_term_string\"}}],\"inLanguage\":\"fr-FR\"},{\"@type\":\"Organization\",\"@id\":\"https:\/\/www.foodie.nl\/fr\/#organization\",\"name\":\"Foodie\",\"url\":\"https:\/\/www.foodie.nl\/fr\/\",\"logo\":{\"@type\":\"ImageObject\",\"inLanguage\":\"fr-FR\",\"@id\":\"https:\/\/www.foodie.nl\/fr\/#\/schema\/logo\/image\/\",\"url\":\"https:\/\/www.foodie.nl\/app\/uploads\/2025\/01\/logo-foodie-wide@2x.png\",\"contentUrl\":\"https:\/\/www.foodie.nl\/app\/uploads\/2025\/01\/logo-foodie-wide@2x.png\",\"width\":236,\"height\":128,\"caption\":\"Foodie\"},\"image\":{\"@id\":\"https:\/\/www.foodie.nl\/fr\/#\/schema\/logo\/image\/\"}}]}<\/script>\n<!-- \/ Yoast SEO plugin. -->","yoast_head_json":{"title":"Le Pack \"Crampes musculaires\" - Foodie","description":"Des muscles agit\u00e9s, des jambes sans repos et des crampes musculaires d\u00e9sagr\u00e9ables peuvent vous d\u00e9ranger aussi bien pendant l\u2019effort que la nuit. Ces troubles sont souvent dus \u00e0 un manque de min\u00e9raux, d\u2019\u00e9lectrolytes ou de magn\u00e9sium, ainsi qu\u2019\u00e0 un d\u00e9s\u00e9quilibre hydrique. Le Pack \"Crampes Musculaires\" combine deux compl\u00e9ments puissants qui aident votre corps \u00e0 d\u00e9tendre les muscles, \u00e0 r\u00e9duire les crampes et \u00e0 soutenir votre \u00e9quilibre min\u00e9ral:     Magn\u00e9sium Boost aide vos muscles \u00e0 se d\u00e9tendre et r\u00e9duit les crampes musculaires, aussi bien pendant l\u2019activit\u00e9 physique que la nuit.    Ultimate Electrolytes soutient une hydratation optimale et un bon \u00e9quilibre \u00e9lectrolytique, contribuant ainsi \u00e0 diminuer les crampes musculaires.","robots":{"index":"index","follow":"follow","max-snippet":"max-snippet:-1","max-image-preview":"max-image-preview:large","max-video-preview":"max-video-preview:-1"},"canonical":"https:\/\/www.foodie.nl\/fr\/produit\/le-pack-crampes-musculaires\/","og_locale":"fr_FR","og_type":"article","og_title":"Le Pack \"Crampes musculaires\" - Foodie","og_description":"Des muscles agit\u00e9s, des jambes sans repos et des crampes musculaires d\u00e9sagr\u00e9ables peuvent vous d\u00e9ranger aussi bien pendant l\u2019effort que la nuit. Ces troubles sont souvent dus \u00e0 un manque de min\u00e9raux, d\u2019\u00e9lectrolytes ou de magn\u00e9sium, ainsi qu\u2019\u00e0 un d\u00e9s\u00e9quilibre hydrique. Le Pack \"Crampes Musculaires\" combine deux compl\u00e9ments puissants qui aident votre corps \u00e0 d\u00e9tendre les muscles, \u00e0 r\u00e9duire les crampes et \u00e0 soutenir votre \u00e9quilibre min\u00e9ral:     Magn\u00e9sium Boost aide vos muscles \u00e0 se d\u00e9tendre et r\u00e9duit les crampes musculaires, aussi bien pendant l\u2019activit\u00e9 physique que la nuit.    Ultimate Electrolytes soutient une hydratation optimale et un bon \u00e9quilibre \u00e9lectrolytique, contribuant ainsi \u00e0 diminuer les crampes musculaires.","og_url":"https:\/\/www.foodie.nl\/fr\/produit\/le-pack-crampes-musculaires\/","og_site_name":"Foodie","article_modified_time":"2025-08-26T12:03:23+00:00","og_image":[{"width":800,"height":800,"url":"https:\/\/www.foodie.nl\/app\/uploads\/2023\/01\/Producten-groepen-95.png","type":"image\/png"}],"twitter_card":"summary_large_image","twitter_misc":{"Dur\u00e9e de lecture estim\u00e9e":"3 minutes"},"schema":{"@context":"https:\/\/schema.org","@graph":[{"@type":"WebPage","@id":"https:\/\/www.foodie.nl\/fr\/produit\/le-pack-crampes-musculaires\/","url":"https:\/\/www.foodie.nl\/fr\/produit\/le-pack-crampes-musculaires\/","name":"Le Pack \"Crampes musculaires\" - Foodie","isPartOf":{"@id":"https:\/\/www.foodie.nl\/fr\/#website"},"primaryImageOfPage":{"@id":"https:\/\/www.foodie.nl\/fr\/produit\/le-pack-crampes-musculaires\/#primaryimage"},"image":{"@id":"https:\/\/www.foodie.nl\/fr\/produit\/le-pack-crampes-musculaires\/#primaryimage"},"thumbnailUrl":"https:\/\/www.foodie.nl\/app\/uploads\/2023\/01\/Producten-groepen-2026-02-16T132724.254.png","datePublished":"2023-01-16T13:20:50+00:00","dateModified":"2025-08-26T12:03:23+00:00","description":"Des muscles agit\u00e9s, des jambes sans repos et des crampes musculaires d\u00e9sagr\u00e9ables peuvent vous d\u00e9ranger aussi bien pendant l\u2019effort que la nuit. Ces troubles sont souvent dus \u00e0 un manque de min\u00e9raux, d\u2019\u00e9lectrolytes ou de magn\u00e9sium, ainsi qu\u2019\u00e0 un d\u00e9s\u00e9quilibre hydrique. Le Pack \"Crampes Musculaires\" combine deux compl\u00e9ments puissants qui aident votre corps \u00e0 d\u00e9tendre les muscles, \u00e0 r\u00e9duire les crampes et \u00e0 soutenir votre \u00e9quilibre min\u00e9ral: Magn\u00e9sium Boost aide vos muscles \u00e0 se d\u00e9tendre et r\u00e9duit les crampes musculaires, aussi bien pendant l\u2019activit\u00e9 physique que la nuit. Ultimate Electrolytes soutient une hydratation optimale et un bon \u00e9quilibre \u00e9lectrolytique, contribuant ainsi \u00e0 diminuer les crampes musculaires.","breadcrumb":{"@id":"https:\/\/www.foodie.nl\/fr\/produit\/le-pack-crampes-musculaires\/#breadcrumb"},"inLanguage":"fr-FR","potentialAction":[{"@type":"ReadAction","target":["https:\/\/www.foodie.nl\/fr\/produit\/le-pack-crampes-musculaires\/"]}]},{"@type":"ImageObject","inLanguage":"fr-FR","@id":"https:\/\/www.foodie.nl\/fr\/produit\/le-pack-crampes-musculaires\/#primaryimage","url":"https:\/\/www.foodie.nl\/app\/uploads\/2023\/01\/Producten-groepen-2026-02-16T132724.254.png","contentUrl":"https:\/\/www.foodie.nl\/app\/uploads\/2023\/01\/Producten-groepen-2026-02-16T132724.254.png","width":1600,"height":1600},{"@type":"BreadcrumbList","@id":"https:\/\/www.foodie.nl\/fr\/produit\/le-pack-crampes-musculaires\/#breadcrumb","itemListElement":[{"@type":"ListItem","position":1,"name":"Home","item":"https:\/\/www.foodie.nl\/fr\/"},{"@type":"ListItem","position":2,"name":"Produits","item":"https:\/\/www.foodie.nl\/fr\/shop\/"},{"@type":"ListItem","position":3,"name":"Le Pack &#8220;Crampes musculaires&#8221;"}]},{"@type":"WebSite","@id":"https:\/\/www.foodie.nl\/fr\/#website","url":"https:\/\/www.foodie.nl\/fr\/","name":"Foodie","description":"Elke Hap Telt","publisher":{"@id":"https:\/\/www.foodie.nl\/fr\/#organization"},"potentialAction":[{"@type":"SearchAction","target":{"@type":"EntryPoint","urlTemplate":"https:\/\/www.foodie.nl\/fr\/?s={search_term_string}"},"query-input":{"@type":"PropertyValueSpecification","valueRequired":true,"valueName":"search_term_string"}}],"inLanguage":"fr-FR"},{"@type":"Organization","@id":"https:\/\/www.foodie.nl\/fr\/#organization","name":"Foodie","url":"https:\/\/www.foodie.nl\/fr\/","logo":{"@type":"ImageObject","inLanguage":"fr-FR","@id":"https:\/\/www.foodie.nl\/fr\/#\/schema\/logo\/image\/","url":"https:\/\/www.foodie.nl\/app\/uploads\/2025\/01\/logo-foodie-wide@2x.png","contentUrl":"https:\/\/www.foodie.nl\/app\/uploads\/2025\/01\/logo-foodie-wide@2x.png","width":236,"height":128,"caption":"Foodie"},"image":{"@id":"https:\/\/www.foodie.nl\/fr\/#\/schema\/logo\/image\/"}}]}},"_links":{"self":[{"href":"https:\/\/www.foodie.nl\/fr\/wp-json\/wp\/v2\/product\/1126306","targetHints":{"allow":["GET"]}}],"collection":[{"href":"https:\/\/www.foodie.nl\/fr\/wp-json\/wp\/v2\/product"}],"about":[{"href":"https:\/\/www.foodie.nl\/fr\/wp-json\/wp\/v2\/types\/product"}],"wp:featuredmedia":[{"embeddable":true,"href":"https:\/\/www.foodie.nl\/fr\/wp-json\/wp\/v2\/media\/1188260"}],"wp:attachment":[{"href":"https:\/\/www.foodie.nl\/fr\/wp-json\/wp\/v2\/media?parent=1126306"}],"wp:term":[{"taxonomy":"product_brand","embeddable":true,"href":"https:\/\/www.foodie.nl\/fr\/wp-json\/wp\/v2\/product_brand?post=1126306"},{"taxonomy":"product_cat","embeddable":true,"href":"https:\/\/www.foodie.nl\/fr\/wp-json\/wp\/v2\/product_cat?post=1126306"},{"taxonomy":"product_tag","embeddable":true,"href":"https:\/\/www.foodie.nl\/fr\/wp-json\/wp\/v2\/product_tag?post=1126306"}],"curies":[{"name":"wp","href":"https:\/\/api.w.org\/{rel}","templated":true}]}}