{"id":1126307,"date":"2023-01-16T14:19:22","date_gmt":"2023-01-16T13:19:22","guid":{"rendered":"https:\/\/www.foodie.nl\/product\/offre-groupee-muscles-forts\/"},"modified":"2025-08-26T14:04:51","modified_gmt":"2025-08-26T12:04:51","slug":"le-pack-muscles-forts","status":"publish","type":"product","link":"https:\/\/www.foodie.nl\/fr\/produit\/le-pack-muscles-forts\/","title":{"rendered":"Le Pack \u00ab\u00a0Muscles forts\u00a0\u00bb"},"content":{"rendered":"<p>Le pack \u00ab\u00a0Muscles Forts\u00a0\u00bbcontient:<\/p>\n<h3><strong>Collagen Boost<\/strong><\/h3>\n<p data-start=\"191\" data-end=\"443\">Des muscles forts et des tendons souples sont essentiels pour une vie active et pleine d\u2019\u00e9nergie. <strong data-start=\"98\" data-end=\"116\">Collagen Boost<\/strong> soutient vos muscles au quotidien pour favoriser la r\u00e9cup\u00e9ration, la force et la souplesse, et vous aide \u00e0 bouger de mani\u00e8re optimale, que ce soit pendant le sport ou dans la vie de tous les jours.<\/p>\n<p data-start=\"445\" data-end=\"785\">Cette formule compl\u00e8te contient du <strong>collag\u00e8ne de type I et III,<\/strong> qui ne joue pas seulement un r\u00f4le dans la fermet\u00e9 de la peau et la solidit\u00e9 des os, mais est \u00e9galement essentiel pour la structure et la r\u00e9sistance des tendons, des ligaments et des tissus conjonctifs entourant les muscles.<\/p>\n<p data-start=\"630\" data-end=\"959\"><strong data-start=\"608\" data-end=\"626\">Collagen Boost<\/strong> fournit une dose puissante de 9,5 g de <strong>collag\u00e8ne de type I et III<\/strong> par portion, enrichie en <strong>vitamine C (issue de l\u2019ac\u00e9rola), en biotine et en acide hyaluronique<\/strong> pour une absorption optimale, un soutien de la production naturelle de collag\u00e8ne et le maintien de tissus sains et fonctionnels.<\/p>\n<p>Collagen Boost contribue \u00e0\u202f:<\/p>\n<ul>\n<li>Le soutien de la structure et de l\u2019\u00e9lasticit\u00e9 des muscles et des tendons<\/li>\n<li>La r\u00e9cup\u00e9ration des tissus conjonctifs apr\u00e8s l\u2019effort<\/li>\n<li>La promotion de la force et de la stabilit\u00e9 musculaire gr\u00e2ce \u00e0 des tissus conjonctifs solides<\/li>\n<li>La stimulation de la production naturelle de collag\u00e8ne<\/li>\n<li>Id\u00e9al en cas de sport intensif, de r\u00e9cup\u00e9ration musculaire ou avec l\u2019\u00e2ge<\/li>\n<li>Avec du collag\u00e8ne de type I et III pour un soutien complet<\/li>\n<li>Avec de l\u2019acide hyaluronique pour l\u2019hydratation et la souplesse des tissus conjonctifs<\/li>\n<li>1 bo\u00eete contient 30 portions, soit un mois d\u2019utilisation<\/li>\n<li data-start=\"1688\" data-end=\"1752\">\n<p data-start=\"1690\" data-end=\"1752\">Go\u00fbt neutre, facile \u00e0 m\u00e9langer dans des smoothies, du jus ou de l\u2019eau<\/p>\n<\/li>\n<\/ul>\n<h3><strong>Magn\u00e9sium Boost<\/strong><\/h3>\n<p data-start=\"260\" data-end=\"466\">Des muscles forts et souples sont essentiels pour une vie active et pleine d\u2019\u00e9nergie. <strong data-start=\"86\" data-end=\"105\">Magn\u00e9sium Boost<\/strong> soutient vos muscles dans leur d\u00e9tente, leur r\u00e9cup\u00e9ration et leur bon fonctionnement, aussi bien pendant l\u2019effort qu\u2019au repos.<\/p>\n<p data-start=\"468\" data-end=\"783\">Le magn\u00e9sium joue un r\u00f4le cl\u00e9 dans <strong>la fonction musculaire et la transmission des signaux nerveux vers les muscles<\/strong>, permettant ainsi une bonne contraction et relaxation musculaire. Un apport suffisant en magn\u00e9sium aide \u00e0 maintenir la souplesse des muscles, favorise la r\u00e9cup\u00e9ration apr\u00e8s l\u2019effort et contribue \u00e0 pr\u00e9venir les tensions, les crampes et la raideur.<\/p>\n<p data-start=\"655\" data-end=\"985\">Magn\u00e9sium Boost contient trois formes de magn\u00e9sium hautement assimilables \u2013 <strong>malate de magn\u00e9sium, citrate de magn\u00e9sium et bisglycinate de magn\u00e9sium<\/strong> \u2013 qui compl\u00e8tent vos besoins l\u00e0 o\u00f9 votre corps en a besoin, afin de profiter pleinement de ses bienfaits pour vos muscles.<\/p>\n<p>Ce qui rend Magn\u00e9sium Boost unique, c\u2019est son <strong data-start=\"927\" data-end=\"945\">Absorb Complex<\/strong>: une combinaison de <strong>vitamine B6, vitamine B9 ou acide folique actif (Quatrefolic\u00ae), vitamine<\/strong> <strong>B12, vitamine D3 et taurine<\/strong>. Ce complexe am\u00e9liore l\u2019absorption et l\u2019efficacit\u00e9 du magn\u00e9sium, vous permettant ainsi de b\u00e9n\u00e9ficier au maximum de ses effets sur vos muscles.<\/p>\n<ul>\n<li>Soutient la souplesse musculaire et la r\u00e9cup\u00e9ration apr\u00e8s l\u2019effort<\/li>\n<li>Aide \u00e0 r\u00e9duire les tensions et la raideur musculaires<\/li>\n<li data-start=\"1154\" data-end=\"1411\">R\u00e9duit les crampes musculaires nocturnes<\/li>\n<li data-start=\"1154\" data-end=\"1411\">Aide \u00e0 diminuer les sensations de stress<\/li>\n<li>Contribue aux fonctions c\u00e9r\u00e9brales, \u00e0 la solidit\u00e9 des os et des dents et favorise un bon sommeil<\/li>\n<li data-start=\"1154\" data-end=\"1411\">Avec Absorb Complex pour une absorption et une efficacit\u00e9 optimales<\/li>\n<li data-start=\"1154\" data-end=\"1411\">Trois formes de magn\u00e9sium hautement biodisponibles dans une seule capsule<\/li>\n<\/ul>\n<p data-start=\"1413\" data-end=\"1516\"><span data-start=\"1417\" data-end=\"1436\">1 emballage de <\/span><strong data-start=\"1417\" data-end=\"1436\">Magn\u00e9sium Boost<\/strong> contient 60 capsules, bon pour un mois de cure.<\/p>\n<h3><strong>Vitamine D3 Boost<\/strong><\/h3>\n<div class=\"woocommerce-product-details__short-description\">\n<p data-start=\"205\" data-end=\"468\">La vitamine D3 <strong>joue un r\u00f4le crucial dans le bon fonctionnement de vos muscles.<\/strong> Elle soutient la force musculaire, aide \u00e0 une contraction musculaire normale et contribue au maintien de muscles souples et forts. Cela est essentiel aussi bien pour les mouvements quotidiens que pour vos performances sportives.<\/p>\n<p data-start=\"470\" data-end=\"728\">Une carence en vitamine D peut entra\u00eener une <strong>faiblesse musculaire, des crampes ou une fatigue accrue lors des efforts physiques<\/strong>. Surtout pendant les mois d\u2019automne et d\u2019hiver, ou chez les personnes menant un mode de vie principalement en int\u00e9rieur, beaucoup pr\u00e9sentent un taux de vitamine D3 insuffisant.<\/p>\n<p data-start=\"730\" data-end=\"886\">Avec <strong data-start=\"652\" data-end=\"673\">Vitamine D3 Boost<\/strong>, vous maintenez votre taux de vitamine D \u00e0 un niveau optimal et offrez \u00e0 vos muscles le soutien n\u00e9cessaire pour la force, l\u2019\u00e9quilibre et la r\u00e9cup\u00e9ration.<\/p>\n<p data-start=\"730\" data-end=\"886\">Ce qui rend Vitamine D3 Boost unique, c\u2019est qu\u2019elle est formul\u00e9e dans <strong>de l\u2019huile d\u2019olive extra vierge<\/strong>, garantissant une absorption optimale et une qualit\u00e9 pure.<\/p>\n<ul>\n<li>Soutient la fonction et la force musculaire<\/li>\n<li>Aide \u00e0 une absorption normale du calcium, essentielle pour la contraction musculaire<\/li>\n<li>Contribue \u00e0 la r\u00e9cup\u00e9ration et au maintien de muscles souples<\/li>\n<li>Aide \u00e0 pr\u00e9venir la faiblesse musculaire et les crampes en cas de carence<\/li>\n<li>Soutient \u00e9galement le syst\u00e8me immunitaire et la sant\u00e9 des os<\/li>\n<li>Qualit\u00e9 premium avec de l\u2019huile d\u2019olive extra vierge pour une absorption optimale<\/li>\n<li>Pur et sans additifs artificiels<\/li>\n<li>1 capsule contient 3000 UI de vitamine D3<\/li>\n<\/ul>\n<p data-start=\"1294\" data-end=\"1365\"><strong data-start=\"1294\" data-end=\"1365\">1 emballage contient 120 softgels, bon pour 4 mois de soutien.<\/strong><\/p>\n<\/div>\n","protected":false},"excerpt":{"rendered":"<p data-start=\"0\" data-end=\"211\">Offrez \u00e0 vos muscles le soutien qu\u2019ils m\u00e9ritent gr\u00e2ce au <strong data-start=\"57\" data-end=\"79\">Pack \u00ab\u00a0Muscles Forts\u00a0\u00bb<\/strong>, qui combine trois compl\u00e9ments essentiels pour une force musculaire optimale, une r\u00e9cup\u00e9ration efficace et une souplesse accrue:<\/p>\n<p data-start=\"213\" data-end=\"407\"><strong data-start=\"213\" data-end=\"231\">Collagen Boost<\/strong> apporte \u00e0 votre corps du collag\u00e8ne de type I &amp; III, de l\u2019acide hyaluronique et de la vitamine C pour des tissus conjonctifs, des tendons et une structure musculaire solides.<\/p>\n<p data-start=\"409\" data-end=\"528\"><strong data-start=\"409\" data-end=\"428\">Magn\u00e9sium Boost<\/strong> aide \u00e0 la relaxation musculaire, pr\u00e9vient les crampes et soutient la r\u00e9cup\u00e9ration apr\u00e8s l\u2019effort.<\/p>\n<p data-start=\"530\" data-end=\"658\" data-is-last-node=\"\" data-is-only-node=\"\"><strong data-start=\"530\" data-end=\"551\">Vitamine D3 Boost<\/strong> contribue \u00e0 une fonction musculaire normale, \u00e0 l\u2019absorption du calcium et \u00e0 la sant\u00e9 g\u00e9n\u00e9rale des muscles.<\/p>\n","protected":false},"featured_media":1188272,"template":"","meta":{"_acf_changed":false,"om_disable_all_campaigns":false},"product_brand":[],"product_cat":[206,178],"product_tag":[],"class_list":{"0":"post-1126307","1":"product","2":"type-product","3":"status-publish","4":"has-post-thumbnail","6":"product_cat-les-packs","7":"product_cat-offre-reguliere","8":"sales-flash-overlay","9":"woocommerce-text-align-center","10":"woocommerce-image-align-center","11":"do-quantity-buttons","13":"first","14":"instock","15":"sale","16":"taxable","17":"shipping-taxable","18":"purchasable","19":"product-type-simple"},"acf":[],"yoast_head":"<!-- This site is optimized with the Yoast SEO plugin v27.4 - https:\/\/yoast.com\/product\/yoast-seo-wordpress\/ -->\n<title>Le Pack &quot;Muscles forts&quot; - Foodie<\/title>\n<meta name=\"description\" content=\"Offrez \u00e0 vos muscles le soutien qu\u2019ils m\u00e9ritent gr\u00e2ce au Pack &quot;Muscles Forts&quot;, qui combine trois compl\u00e9ments essentiels pour une force musculaire optimale, une r\u00e9cup\u00e9ration efficace et une souplesse accrue: Collagen Boost apporte \u00e0 votre corps du collag\u00e8ne de type I &amp; III, de l\u2019acide hyaluronique et de la vitamine C pour des tissus conjonctifs, des tendons et une structure musculaire solides. Magn\u00e9sium Boost aide \u00e0 la relaxation musculaire, pr\u00e9vient les crampes et soutient la r\u00e9cup\u00e9ration apr\u00e8s l\u2019effort. Vitamine D3 Boost contribue \u00e0 une fonction musculaire normale, \u00e0 l\u2019absorption du calcium et \u00e0 la sant\u00e9 g\u00e9n\u00e9rale des muscles.\" \/>\n<meta name=\"robots\" content=\"index, follow, max-snippet:-1, max-image-preview:large, max-video-preview:-1\" \/>\n<link rel=\"canonical\" href=\"https:\/\/www.foodie.nl\/fr\/produit\/le-pack-muscles-forts\/\" \/>\n<meta property=\"og:locale\" content=\"fr_FR\" \/>\n<meta property=\"og:type\" content=\"article\" \/>\n<meta property=\"og:title\" content=\"Le Pack &quot;Muscles forts&quot; - Foodie\" \/>\n<meta property=\"og:description\" content=\"Offrez \u00e0 vos muscles le soutien qu\u2019ils m\u00e9ritent gr\u00e2ce au Pack &quot;Muscles Forts&quot;, qui combine trois compl\u00e9ments essentiels pour une force musculaire optimale, une r\u00e9cup\u00e9ration efficace et une souplesse accrue: Collagen Boost apporte \u00e0 votre corps du collag\u00e8ne de type I &amp; III, de l\u2019acide hyaluronique et de la vitamine C pour des tissus conjonctifs, des tendons et une structure musculaire solides. Magn\u00e9sium Boost aide \u00e0 la relaxation musculaire, pr\u00e9vient les crampes et soutient la r\u00e9cup\u00e9ration apr\u00e8s l\u2019effort. Vitamine D3 Boost contribue \u00e0 une fonction musculaire normale, \u00e0 l\u2019absorption du calcium et \u00e0 la sant\u00e9 g\u00e9n\u00e9rale des muscles.\" \/>\n<meta property=\"og:url\" content=\"https:\/\/www.foodie.nl\/fr\/produit\/le-pack-muscles-forts\/\" \/>\n<meta property=\"og:site_name\" content=\"Foodie\" \/>\n<meta property=\"article:modified_time\" content=\"2025-08-26T12:04:51+00:00\" \/>\n<meta property=\"og:image\" content=\"https:\/\/www.foodie.nl\/app\/uploads\/2023\/01\/Producten-groepen-97-1024x1024.png\" \/>\n\t<meta property=\"og:image:width\" content=\"1024\" \/>\n\t<meta property=\"og:image:height\" content=\"1024\" \/>\n\t<meta property=\"og:image:type\" content=\"image\/png\" \/>\n<meta name=\"twitter:card\" content=\"summary_large_image\" \/>\n<meta name=\"twitter:label1\" content=\"Dur\u00e9e de lecture estim\u00e9e\" \/>\n\t<meta name=\"twitter:data1\" content=\"5 minutes\" \/>\n<script type=\"application\/ld+json\" class=\"yoast-schema-graph\">{\"@context\":\"https:\\\/\\\/schema.org\",\"@graph\":[{\"@type\":\"WebPage\",\"@id\":\"https:\\\/\\\/www.foodie.nl\\\/fr\\\/produit\\\/le-pack-muscles-forts\\\/\",\"url\":\"https:\\\/\\\/www.foodie.nl\\\/fr\\\/produit\\\/le-pack-muscles-forts\\\/\",\"name\":\"Le Pack \\\"Muscles forts\\\" - Foodie\",\"isPartOf\":{\"@id\":\"https:\\\/\\\/www.foodie.nl\\\/fr\\\/#website\"},\"primaryImageOfPage\":{\"@id\":\"https:\\\/\\\/www.foodie.nl\\\/fr\\\/produit\\\/le-pack-muscles-forts\\\/#primaryimage\"},\"image\":{\"@id\":\"https:\\\/\\\/www.foodie.nl\\\/fr\\\/produit\\\/le-pack-muscles-forts\\\/#primaryimage\"},\"thumbnailUrl\":\"https:\\\/\\\/www.foodie.nl\\\/app\\\/uploads\\\/2023\\\/01\\\/Producten-groepen-2026-02-16T133716.136.png\",\"datePublished\":\"2023-01-16T13:19:22+00:00\",\"dateModified\":\"2025-08-26T12:04:51+00:00\",\"description\":\"Offrez \u00e0 vos muscles le soutien qu\u2019ils m\u00e9ritent gr\u00e2ce au Pack \\\"Muscles Forts\\\", qui combine trois compl\u00e9ments essentiels pour une force musculaire optimale, une r\u00e9cup\u00e9ration efficace et une souplesse accrue: Collagen Boost apporte \u00e0 votre corps du collag\u00e8ne de type I &amp; III, de l\u2019acide hyaluronique et de la vitamine C pour des tissus conjonctifs, des tendons et une structure musculaire solides. Magn\u00e9sium Boost aide \u00e0 la relaxation musculaire, pr\u00e9vient les crampes et soutient la r\u00e9cup\u00e9ration apr\u00e8s l\u2019effort. Vitamine D3 Boost contribue \u00e0 une fonction musculaire normale, \u00e0 l\u2019absorption du calcium et \u00e0 la sant\u00e9 g\u00e9n\u00e9rale des muscles.\",\"breadcrumb\":{\"@id\":\"https:\\\/\\\/www.foodie.nl\\\/fr\\\/produit\\\/le-pack-muscles-forts\\\/#breadcrumb\"},\"inLanguage\":\"fr-FR\",\"potentialAction\":[{\"@type\":\"ReadAction\",\"target\":[\"https:\\\/\\\/www.foodie.nl\\\/fr\\\/produit\\\/le-pack-muscles-forts\\\/\"]}]},{\"@type\":\"ImageObject\",\"inLanguage\":\"fr-FR\",\"@id\":\"https:\\\/\\\/www.foodie.nl\\\/fr\\\/produit\\\/le-pack-muscles-forts\\\/#primaryimage\",\"url\":\"https:\\\/\\\/www.foodie.nl\\\/app\\\/uploads\\\/2023\\\/01\\\/Producten-groepen-2026-02-16T133716.136.png\",\"contentUrl\":\"https:\\\/\\\/www.foodie.nl\\\/app\\\/uploads\\\/2023\\\/01\\\/Producten-groepen-2026-02-16T133716.136.png\",\"width\":1600,\"height\":1600},{\"@type\":\"BreadcrumbList\",\"@id\":\"https:\\\/\\\/www.foodie.nl\\\/fr\\\/produit\\\/le-pack-muscles-forts\\\/#breadcrumb\",\"itemListElement\":[{\"@type\":\"ListItem\",\"position\":1,\"name\":\"Home\",\"item\":\"https:\\\/\\\/www.foodie.nl\\\/fr\\\/\"},{\"@type\":\"ListItem\",\"position\":2,\"name\":\"Produits\",\"item\":\"https:\\\/\\\/www.foodie.nl\\\/fr\\\/shop\\\/\"},{\"@type\":\"ListItem\",\"position\":3,\"name\":\"Le Pack &#8220;Muscles forts&#8221;\"}]},{\"@type\":\"WebSite\",\"@id\":\"https:\\\/\\\/www.foodie.nl\\\/fr\\\/#website\",\"url\":\"https:\\\/\\\/www.foodie.nl\\\/fr\\\/\",\"name\":\"Foodie\",\"description\":\"Elke Hap Telt\",\"publisher\":{\"@id\":\"https:\\\/\\\/www.foodie.nl\\\/fr\\\/#organization\"},\"potentialAction\":[{\"@type\":\"SearchAction\",\"target\":{\"@type\":\"EntryPoint\",\"urlTemplate\":\"https:\\\/\\\/www.foodie.nl\\\/fr\\\/?s={search_term_string}\"},\"query-input\":{\"@type\":\"PropertyValueSpecification\",\"valueRequired\":true,\"valueName\":\"search_term_string\"}}],\"inLanguage\":\"fr-FR\"},{\"@type\":\"Organization\",\"@id\":\"https:\\\/\\\/www.foodie.nl\\\/fr\\\/#organization\",\"name\":\"Foodie\",\"url\":\"https:\\\/\\\/www.foodie.nl\\\/fr\\\/\",\"logo\":{\"@type\":\"ImageObject\",\"inLanguage\":\"fr-FR\",\"@id\":\"https:\\\/\\\/www.foodie.nl\\\/fr\\\/#\\\/schema\\\/logo\\\/image\\\/\",\"url\":\"https:\\\/\\\/www.foodie.nl\\\/app\\\/uploads\\\/2025\\\/01\\\/logo-foodie-wide@2x.png\",\"contentUrl\":\"https:\\\/\\\/www.foodie.nl\\\/app\\\/uploads\\\/2025\\\/01\\\/logo-foodie-wide@2x.png\",\"width\":236,\"height\":128,\"caption\":\"Foodie\"},\"image\":{\"@id\":\"https:\\\/\\\/www.foodie.nl\\\/fr\\\/#\\\/schema\\\/logo\\\/image\\\/\"}}]}<\/script>\n<!-- \/ Yoast SEO plugin. -->","yoast_head_json":{"title":"Le Pack \"Muscles forts\" - Foodie","description":"Offrez \u00e0 vos muscles le soutien qu\u2019ils m\u00e9ritent gr\u00e2ce au Pack \"Muscles Forts\", qui combine trois compl\u00e9ments essentiels pour une force musculaire optimale, une r\u00e9cup\u00e9ration efficace et une souplesse accrue: Collagen Boost apporte \u00e0 votre corps du collag\u00e8ne de type I &amp; III, de l\u2019acide hyaluronique et de la vitamine C pour des tissus conjonctifs, des tendons et une structure musculaire solides. Magn\u00e9sium Boost aide \u00e0 la relaxation musculaire, pr\u00e9vient les crampes et soutient la r\u00e9cup\u00e9ration apr\u00e8s l\u2019effort. Vitamine D3 Boost contribue \u00e0 une fonction musculaire normale, \u00e0 l\u2019absorption du calcium et \u00e0 la sant\u00e9 g\u00e9n\u00e9rale des muscles.","robots":{"index":"index","follow":"follow","max-snippet":"max-snippet:-1","max-image-preview":"max-image-preview:large","max-video-preview":"max-video-preview:-1"},"canonical":"https:\/\/www.foodie.nl\/fr\/produit\/le-pack-muscles-forts\/","og_locale":"fr_FR","og_type":"article","og_title":"Le Pack \"Muscles forts\" - Foodie","og_description":"Offrez \u00e0 vos muscles le soutien qu\u2019ils m\u00e9ritent gr\u00e2ce au Pack \"Muscles Forts\", qui combine trois compl\u00e9ments essentiels pour une force musculaire optimale, une r\u00e9cup\u00e9ration efficace et une souplesse accrue: Collagen Boost apporte \u00e0 votre corps du collag\u00e8ne de type I &amp; III, de l\u2019acide hyaluronique et de la vitamine C pour des tissus conjonctifs, des tendons et une structure musculaire solides. Magn\u00e9sium Boost aide \u00e0 la relaxation musculaire, pr\u00e9vient les crampes et soutient la r\u00e9cup\u00e9ration apr\u00e8s l\u2019effort. Vitamine D3 Boost contribue \u00e0 une fonction musculaire normale, \u00e0 l\u2019absorption du calcium et \u00e0 la sant\u00e9 g\u00e9n\u00e9rale des muscles.","og_url":"https:\/\/www.foodie.nl\/fr\/produit\/le-pack-muscles-forts\/","og_site_name":"Foodie","article_modified_time":"2025-08-26T12:04:51+00:00","og_image":[{"width":1024,"height":1024,"url":"https:\/\/www.foodie.nl\/app\/uploads\/2023\/01\/Producten-groepen-97-1024x1024.png","type":"image\/png"}],"twitter_card":"summary_large_image","twitter_misc":{"Dur\u00e9e de lecture estim\u00e9e":"5 minutes"},"schema":{"@context":"https:\/\/schema.org","@graph":[{"@type":"WebPage","@id":"https:\/\/www.foodie.nl\/fr\/produit\/le-pack-muscles-forts\/","url":"https:\/\/www.foodie.nl\/fr\/produit\/le-pack-muscles-forts\/","name":"Le Pack \"Muscles forts\" - Foodie","isPartOf":{"@id":"https:\/\/www.foodie.nl\/fr\/#website"},"primaryImageOfPage":{"@id":"https:\/\/www.foodie.nl\/fr\/produit\/le-pack-muscles-forts\/#primaryimage"},"image":{"@id":"https:\/\/www.foodie.nl\/fr\/produit\/le-pack-muscles-forts\/#primaryimage"},"thumbnailUrl":"https:\/\/www.foodie.nl\/app\/uploads\/2023\/01\/Producten-groepen-2026-02-16T133716.136.png","datePublished":"2023-01-16T13:19:22+00:00","dateModified":"2025-08-26T12:04:51+00:00","description":"Offrez \u00e0 vos muscles le soutien qu\u2019ils m\u00e9ritent gr\u00e2ce au Pack \"Muscles Forts\", qui combine trois compl\u00e9ments essentiels pour une force musculaire optimale, une r\u00e9cup\u00e9ration efficace et une souplesse accrue: Collagen Boost apporte \u00e0 votre corps du collag\u00e8ne de type I &amp; III, de l\u2019acide hyaluronique et de la vitamine C pour des tissus conjonctifs, des tendons et une structure musculaire solides. Magn\u00e9sium Boost aide \u00e0 la relaxation musculaire, pr\u00e9vient les crampes et soutient la r\u00e9cup\u00e9ration apr\u00e8s l\u2019effort. Vitamine D3 Boost contribue \u00e0 une fonction musculaire normale, \u00e0 l\u2019absorption du calcium et \u00e0 la sant\u00e9 g\u00e9n\u00e9rale des muscles.","breadcrumb":{"@id":"https:\/\/www.foodie.nl\/fr\/produit\/le-pack-muscles-forts\/#breadcrumb"},"inLanguage":"fr-FR","potentialAction":[{"@type":"ReadAction","target":["https:\/\/www.foodie.nl\/fr\/produit\/le-pack-muscles-forts\/"]}]},{"@type":"ImageObject","inLanguage":"fr-FR","@id":"https:\/\/www.foodie.nl\/fr\/produit\/le-pack-muscles-forts\/#primaryimage","url":"https:\/\/www.foodie.nl\/app\/uploads\/2023\/01\/Producten-groepen-2026-02-16T133716.136.png","contentUrl":"https:\/\/www.foodie.nl\/app\/uploads\/2023\/01\/Producten-groepen-2026-02-16T133716.136.png","width":1600,"height":1600},{"@type":"BreadcrumbList","@id":"https:\/\/www.foodie.nl\/fr\/produit\/le-pack-muscles-forts\/#breadcrumb","itemListElement":[{"@type":"ListItem","position":1,"name":"Home","item":"https:\/\/www.foodie.nl\/fr\/"},{"@type":"ListItem","position":2,"name":"Produits","item":"https:\/\/www.foodie.nl\/fr\/shop\/"},{"@type":"ListItem","position":3,"name":"Le Pack &#8220;Muscles forts&#8221;"}]},{"@type":"WebSite","@id":"https:\/\/www.foodie.nl\/fr\/#website","url":"https:\/\/www.foodie.nl\/fr\/","name":"Foodie","description":"Elke Hap Telt","publisher":{"@id":"https:\/\/www.foodie.nl\/fr\/#organization"},"potentialAction":[{"@type":"SearchAction","target":{"@type":"EntryPoint","urlTemplate":"https:\/\/www.foodie.nl\/fr\/?s={search_term_string}"},"query-input":{"@type":"PropertyValueSpecification","valueRequired":true,"valueName":"search_term_string"}}],"inLanguage":"fr-FR"},{"@type":"Organization","@id":"https:\/\/www.foodie.nl\/fr\/#organization","name":"Foodie","url":"https:\/\/www.foodie.nl\/fr\/","logo":{"@type":"ImageObject","inLanguage":"fr-FR","@id":"https:\/\/www.foodie.nl\/fr\/#\/schema\/logo\/image\/","url":"https:\/\/www.foodie.nl\/app\/uploads\/2025\/01\/logo-foodie-wide@2x.png","contentUrl":"https:\/\/www.foodie.nl\/app\/uploads\/2025\/01\/logo-foodie-wide@2x.png","width":236,"height":128,"caption":"Foodie"},"image":{"@id":"https:\/\/www.foodie.nl\/fr\/#\/schema\/logo\/image\/"}}]}},"_links":{"self":[{"href":"https:\/\/www.foodie.nl\/fr\/wp-json\/wp\/v2\/product\/1126307","targetHints":{"allow":["GET"]}}],"collection":[{"href":"https:\/\/www.foodie.nl\/fr\/wp-json\/wp\/v2\/product"}],"about":[{"href":"https:\/\/www.foodie.nl\/fr\/wp-json\/wp\/v2\/types\/product"}],"wp:featuredmedia":[{"embeddable":true,"href":"https:\/\/www.foodie.nl\/fr\/wp-json\/wp\/v2\/media\/1188272"}],"wp:attachment":[{"href":"https:\/\/www.foodie.nl\/fr\/wp-json\/wp\/v2\/media?parent=1126307"}],"wp:term":[{"taxonomy":"product_brand","embeddable":true,"href":"https:\/\/www.foodie.nl\/fr\/wp-json\/wp\/v2\/product_brand?post=1126307"},{"taxonomy":"product_cat","embeddable":true,"href":"https:\/\/www.foodie.nl\/fr\/wp-json\/wp\/v2\/product_cat?post=1126307"},{"taxonomy":"product_tag","embeddable":true,"href":"https:\/\/www.foodie.nl\/fr\/wp-json\/wp\/v2\/product_tag?post=1126307"}],"curies":[{"name":"wp","href":"https:\/\/api.w.org\/{rel}","templated":true}]}}