{"id":1126308,"date":"2023-01-16T14:15:23","date_gmt":"2023-01-16T13:15:23","guid":{"rendered":"https:\/\/www.foodie.nl\/product\/loffre-groupee-de-joints-flexibles\/"},"modified":"2025-08-26T14:07:02","modified_gmt":"2025-08-26T12:07:02","slug":"le-pack-articulations","status":"publish","type":"product","link":"https:\/\/www.foodie.nl\/fr\/produit\/le-pack-articulations\/","title":{"rendered":"Le Pack \u00ab\u00a0Articulations\u00a0\u00bb"},"content":{"rendered":"<div class=\"woocommerce-product-details__short-description\">\n<div class=\"woocommerce-product-details__short-description\">\n<p>Le pack <strong>\u00ab\u00a0Articulations\u00a0\u00bb<\/strong> contient:<\/p>\n<h3><strong>Collagen Bone &amp; Joints<\/strong><\/h3>\n<p data-start=\"55\" data-end=\"581\"><strong data-start=\"55\" data-end=\"81\">Collagen Bone &amp; Joints<\/strong> soutient votre corps au quotidien dans le maintien d\u2019<strong data-start=\"135\" data-end=\"160\">articulations solides<\/strong> et d\u2019un <strong data-start=\"169\" data-end=\"187\">cartilage sain<\/strong>, afin que vous puissiez continuer \u00e0 bouger de mani\u00e8re active et fluide.<br data-start=\"259\" data-end=\"262\" \/>Cette formule compl\u00e8te contient du <strong data-start=\"297\" data-end=\"325\">collag\u00e8ne de type 1 et 3<\/strong> pour soutenir les tendons, les ligaments et les tissus conjonctifs autour des articulations, ainsi que du <strong data-start=\"432\" data-end=\"455\">collag\u00e8ne de type 2<\/strong>, qui contribue sp\u00e9cifiquement au maintien d\u2019un cartilage articulaire sain et \u00e0 la protection de la structure articulaire.<\/p>\n<p data-start=\"583\" data-end=\"836\">En plus du collag\u00e8ne, la formule contient du <strong data-start=\"628\" data-end=\"650\">citrate de calcium<\/strong>, une forme de calcium bien absorb\u00e9e, essentielle \u00e0 la structure et \u00e0 la solidit\u00e9 des os entourant les articulations, afin d\u2019offrir un soutien optimal \u00e0 l\u2019ensemble de l\u2019articulation.<\/p>\n<p data-start=\"838\" data-end=\"987\">Pour une absorption et une efficacit\u00e9 optimales du calcium, et pour renforcer le soutien articulaire, le <strong data-start=\"947\" data-end=\"972\">Complexe OsteoSupport<\/strong> a \u00e9t\u00e9 ajout\u00e9:<\/p>\n<p data-start=\"989\" data-end=\"1059\"><strong data-start=\"989\" data-end=\"1016\">Complexe OsteoSupport:<\/strong><\/p>\n<ul>\n<li data-start=\"830\" data-end=\"1264\"><strong data-start=\"862\" data-end=\"893\">Vitamine K2 <\/strong><strong data-start=\"50\" data-end=\"81\">(M\u00e9naquinone-7)<\/strong>: aide \u00e0 diriger le calcium vers les bons endroits dans le corps (dans les os) et \u00e0 l\u2019emp\u00eacher de se d\u00e9poser dans les vaisseaux sanguins.<\/li>\n<li data-start=\"830\" data-end=\"1264\"><strong data-start=\"989\" data-end=\"1005\">Vitamine D3:<\/strong> soutient l\u2019absorption du calcium et contribue \u00e0 une fonction musculaire normale, ce qui est essentiel pour des mouvements souples.<\/li>\n<li data-start=\"830\" data-end=\"1264\"><strong data-start=\"1118\" data-end=\"1155\">Vitamine C (<\/strong><strong data-start=\"373\" data-end=\"418\">issue de l\u2019extrait d\u2019ac\u00e9rola)<\/strong>: soutient la production naturelle de collag\u00e8ne, importante pour un cartilage sain et le maintien d\u2019articulations souples.<\/li>\n<\/ul>\n<p>Collagen Bone &amp; Joints contribue \u00e0:<\/p>\n<ul>\n<li>Aide \u00e0 maintenir des articulations souples et un cartilage sain<\/li>\n<li>Soutient les tendons et les tissus conjonctifs autour des articulations<\/li>\n<li>Contribue \u00e0 des os solides et \u00e0 une bonne structure articulaire<\/li>\n<li>Soutient la fonction musculaire, essentielle \u00e0 la stabilit\u00e9 articulaire<\/li>\n<li>Avec du collag\u00e8ne de type 2 (cartilage), type 1 &amp; 3 (tendons, tissus conjonctifs)<\/li>\n<li>Avec le Complexe OsteoSupport pour une absorption et une efficacit\u00e9 optimales<\/li>\n<li>1000 mg de citrate de calcium par portion<\/li>\n<li>1 emballage contient 30 portions, soit un mois de cure<\/li>\n<\/ul>\n<h3><strong>Curcuma Boost<\/strong><\/h3>\n<p data-start=\"52\" data-end=\"794\"><strong data-start=\"52\" data-end=\"69\">Curcuma Boost<\/strong> est un compl\u00e9ment puissant dans votre <strong data-start=\"108\" data-end=\"138\">Pack Articulations<\/strong>, gr\u00e2ce aux propri\u00e9t\u00e9s anti-inflammatoires du curcuma et au soutien qu\u2019il apporte \u00e0 la sant\u00e9 articulaire. <strong>Le curcuma (Curcuma Longa)<\/strong> contient de la <strong data-start=\"288\" data-end=\"301\">curcumine<\/strong>, un antioxydant puissant qui contribue au maintien d\u2019articulations souples et \u00e0 la protection du cartilage.Il aide \u00e9galement l\u2019organisme \u00e0 r\u00e9duire la raideur articulaire et apporte de puissants antioxydants pour soutenir la sant\u00e9 des articulations. C\u2019est un atout essentiel pour les personnes souffrant de douleurs ou de raideurs articulaires, ou pour celles qui souhaitent offrir un soutien suppl\u00e9mentaire \u00e0 leurs articulations dans le cadre d\u2019un mode de vie actif.*<\/p>\n<p data-start=\"796\" data-end=\"902\" data-is-last-node=\"\" data-is-only-node=\"\">Curcuma Boost contient:<\/p>\n<ul>\n<li data-start=\"731\" data-end=\"786\"><strong>500 mg de Curcuma Longa de haute qualit\u00e9<\/strong> par g\u00e9lule, un dosage puissant pour un soutien quotidien.<\/li>\n<li data-start=\"731\" data-end=\"786\">L\u2019<strong data-start=\"162\" data-end=\"186\">extrait de gingembre<\/strong> est traditionnellement utilis\u00e9 pour soutenir la digestion et contribuer au maintien d\u2019articulations souples.*<\/li>\n<li data-start=\"731\" data-end=\"786\"><strong data-start=\"299\" data-end=\"321\">BioPerine\u00ae brevet\u00e9<\/strong> (extrait de poivre noir) pour une meilleure absorption de la curcumine et du gingembre, afin que votre corps b\u00e9n\u00e9ficie pleinement de leurs bienfaits.<\/li>\n<li data-start=\"731\" data-end=\"786\">100% v\u00e9gan et pr\u00e9sent\u00e9 en g\u00e9lules d\u2019origine v\u00e9g\u00e9tale.<\/li>\n<li>1 emballage contient 60 g\u00e9lules, soit un mois de cure.<\/li>\n<\/ul>\n<p><strong data-start=\"64\" data-end=\"83\">Avertissement:<\/strong><br data-start=\"83\" data-end=\"86\" \/>Ne pas utiliser en cas de grossesse, d\u2019allaitement ou si vous souffrez (ou avez souffert) d\u2019un trouble h\u00e9patique ou de la v\u00e9sicule biliaire.<br data-start=\"226\" data-end=\"229\" data-is-only-node=\"\" \/>Si vous prenez des anticoagulants ou d&rsquo;autres m\u00e9dicaments (y compris le Tamoxif\u00e8ne), consultez d\u2019abord un professionnel de sant\u00e9 avant d\u2019utiliser du curcuma.<\/p>\n<h3><strong>100% Pure Krill Oil<\/strong><\/h3>\n<div class=\"woocommerce-product-details__short-description\">\n<p data-start=\"51\" data-end=\"319\">Des articulations saines ont besoin de bonnes graisses. <strong data-start=\"107\" data-end=\"131\">100% Pure Krill Oil<\/strong> est une source puissante <strong>d\u2019acides gras om\u00e9ga-3 (EPA et DHA)<\/strong> qui contribuent au maintien d\u2019articulations souples et au soutien d\u2019un \u00e9quilibre inflammatoire normal dans l\u2019organisme.<\/p>\n<p data-start=\"321\" data-end=\"545\">Les acides gras om\u00e9ga-3 jouent un r\u00f4le essentiel dans la protection des articulations contre la raideur et dans le soutien de leur lubrification, afin que vous puissiez continuer \u00e0 bouger librement et activement.<\/p>\n<p data-start=\"547\" data-end=\"679\" data-is-last-node=\"\" data-is-only-node=\"\"><strong data-start=\"547\" data-end=\"592\">Ce qui rend 100% Pure Krill Oil unique:<\/strong><\/p>\n<ul>\n<li data-start=\"762\" data-end=\"1201\"><strong data-start=\"55\" data-end=\"73\">Phospholipides<\/strong>: L\u2019huile de krill contient des om\u00e9ga-3 li\u00e9s \u00e0 des phospholipides, ce qui permet une <strong data-start=\"159\" data-end=\"199\">meilleure absorption par l\u2019organisme<\/strong> par rapport aux om\u00e9ga-3 provenant de l\u2019huile de poisson, pour que vos articulations en tirent un maximum de b\u00e9n\u00e9fices.<\/li>\n<li data-start=\"762\" data-end=\"1201\"><strong data-start=\"325\" data-end=\"341\">Astaxanthine<\/strong>: Un puissant antioxydant qui donne \u00e0 l\u2019huile de krill sa couleur rouge rubis et aide \u00e0 prot\u00e9ger les cellules contre le stress oxydatif.<\/li>\n<li data-start=\"762\" data-end=\"1201\"><strong>Choline:<\/strong> Soutient un m\u00e9tabolisme normal des graisses et aide \u00e0 prot\u00e9ger les membranes cellulaires.<\/li>\n<\/ul>\n<p>100% Pure Krill Oil contribue \u00e0:<\/p>\n<ul>\n<li>Articulations souples et en bonne sant\u00e9<\/li>\n<li>Soutient un \u00e9quilibre inflammatoire normal dans l\u2019organisme<\/li>\n<li>Prot\u00e8ge les cellules contre le stress oxydatif<\/li>\n<li>Avec des acides gras om\u00e9ga-3 EPA et DHA, essentiels pour la sant\u00e9 articulaire<\/li>\n<li>Contient de l\u2019astaxanthine et de la choline pour soutenir la vitalit\u00e9 g\u00e9n\u00e9rale<\/li>\n<li>Excellente absorption gr\u00e2ce \u00e0 la liaison aux phospholipides<\/li>\n<li>1 emballage contient 60 g\u00e9lules, soit un mois de cure<\/li>\n<\/ul>\n<p>&nbsp;<\/p>\n<\/div>\n<p><em>*Ces all\u00e9gations de sant\u00e9, bas\u00e9es sur des ingr\u00e9dients d&rsquo;origine v\u00e9g\u00e9tale, sont actuellement en cours d\u2019\u00e9valuation par l\u2019EFSA.<\/em><\/p>\n<\/div>\n<\/div>\n<p>&nbsp;<\/p>\n","protected":false},"excerpt":{"rendered":"<p>Le pack \u00ab\u00a0Articulations\u00a0\u00bb combine le <strong>Collagen Bone &amp; Joints<\/strong>, le <strong>Curcuma Boost<\/strong> et la <strong>Vitamine D3 Boost<\/strong>.<\/p>\n<p data-start=\"40\" data-end=\"304\"><strong data-start=\"40\" data-end=\"73\">Le Pack \u00ab\u00a0Articulations\u00a0\u00bb<\/strong>\u00a0a \u00e9t\u00e9 sp\u00e9cialement con\u00e7u pour soutenir vos articulations au quotidien. Il vous apporte tous les nutriments n\u00e9cessaires pour pr\u00e9server vos articulations et votre cartilage, tout en r\u00e9duisant la raideur et les douleurs articulaires.<\/p>\n<p data-start=\"306\" data-end=\"323\">Ce pack combine:<\/p>\n<ul data-start=\"325\" data-end=\"847\">\n<li data-start=\"325\" data-end=\"562\">\n<p data-start=\"327\" data-end=\"562\"><strong data-start=\"327\" data-end=\"353\">Collagen Bone &amp; Joints<\/strong>, avec du collag\u00e8ne de type 2 pour le cartilage, et des types 1 et 3 pour les tendons et les tissus conjonctifs, ainsi que du calcium et le <strong data-start=\"493\" data-end=\"518\">Complexe OsteoSupport<\/strong> pour des os et des articulations solides.<\/p>\n<\/li>\n<li data-start=\"563\" data-end=\"698\">\n<p data-start=\"565\" data-end=\"698\"><strong data-start=\"565\" data-end=\"582\">Curcuma Boost<\/strong>, \u00e0 base de curcumine et de gingembre, pour maintenir des articulations souples et soutenir la sant\u00e9 du cartilage.<\/p>\n<\/li>\n<li data-start=\"699\" data-end=\"847\">\n<p data-start=\"701\" data-end=\"847\"><strong data-start=\"701\" data-end=\"730\">100% Pure Krill Oil<\/strong>, riche en acides gras om\u00e9ga-3, pour lubrifier les articulations et contribuer \u00e0 un \u00e9quilibre inflammatoire normal.<\/p>\n<\/li>\n<\/ul>\n<p>&nbsp;<\/p>\n","protected":false},"featured_media":1188264,"template":"","meta":{"_acf_changed":false,"om_disable_all_campaigns":false},"product_brand":[],"product_cat":[206,178],"product_tag":[],"class_list":{"0":"post-1126308","1":"product","2":"type-product","3":"status-publish","4":"has-post-thumbnail","6":"product_cat-les-packs","7":"product_cat-offre-reguliere","8":"sales-flash-overlay","9":"woocommerce-text-align-center","10":"woocommerce-image-align-center","11":"do-quantity-buttons","13":"first","14":"instock","15":"sale","16":"taxable","17":"shipping-taxable","18":"purchasable","19":"product-type-simple"},"acf":[],"yoast_head":"<!-- This site is optimized with the Yoast SEO plugin v27.4 - https:\/\/yoast.com\/product\/yoast-seo-wordpress\/ -->\n<title>Le Pack &quot;Articulations&quot; - Foodie<\/title>\n<meta name=\"description\" content=\"Le pack &quot;Articulations&quot; combine le Collagen Bone &amp; Joints, le Curcuma Boost et la Vitamine D3 Boost. Le Pack &quot;Articulations&quot;\u00a0a \u00e9t\u00e9 sp\u00e9cialement con\u00e7u pour soutenir vos articulations au quotidien. Il vous apporte tous les nutriments n\u00e9cessaires pour pr\u00e9server vos articulations et votre cartilage, tout en r\u00e9duisant la raideur et les douleurs articulaires. Ce pack combine:     Collagen Bone &amp; Joints, avec du collag\u00e8ne de type 2 pour le cartilage, et des types 1 et 3 pour les tendons et les tissus conjonctifs, ainsi que du calcium et le Complexe OsteoSupport pour des os et des articulations solides.    Curcuma Boost, \u00e0 base de curcumine et de gingembre, pour maintenir des articulations souples et soutenir la sant\u00e9 du cartilage.    100% Pure Krill Oil, riche en acides gras om\u00e9ga-3, pour lubrifier les articulations et contribuer \u00e0 un \u00e9quilibre inflammatoire normal.   &nbsp;\" \/>\n<meta name=\"robots\" content=\"index, follow, max-snippet:-1, max-image-preview:large, max-video-preview:-1\" \/>\n<link rel=\"canonical\" href=\"https:\/\/www.foodie.nl\/fr\/produit\/le-pack-articulations\/\" \/>\n<meta property=\"og:locale\" content=\"fr_FR\" \/>\n<meta property=\"og:type\" content=\"article\" \/>\n<meta property=\"og:title\" content=\"Le Pack &quot;Articulations&quot; - Foodie\" \/>\n<meta property=\"og:description\" content=\"Le pack &quot;Articulations&quot; combine le Collagen Bone &amp; Joints, le Curcuma Boost et la Vitamine D3 Boost. Le Pack &quot;Articulations&quot;\u00a0a \u00e9t\u00e9 sp\u00e9cialement con\u00e7u pour soutenir vos articulations au quotidien. Il vous apporte tous les nutriments n\u00e9cessaires pour pr\u00e9server vos articulations et votre cartilage, tout en r\u00e9duisant la raideur et les douleurs articulaires. Ce pack combine:     Collagen Bone &amp; Joints, avec du collag\u00e8ne de type 2 pour le cartilage, et des types 1 et 3 pour les tendons et les tissus conjonctifs, ainsi que du calcium et le Complexe OsteoSupport pour des os et des articulations solides.    Curcuma Boost, \u00e0 base de curcumine et de gingembre, pour maintenir des articulations souples et soutenir la sant\u00e9 du cartilage.    100% Pure Krill Oil, riche en acides gras om\u00e9ga-3, pour lubrifier les articulations et contribuer \u00e0 un \u00e9quilibre inflammatoire normal.   &nbsp;\" \/>\n<meta property=\"og:url\" content=\"https:\/\/www.foodie.nl\/fr\/produit\/le-pack-articulations\/\" \/>\n<meta property=\"og:site_name\" content=\"Foodie\" \/>\n<meta property=\"article:modified_time\" content=\"2025-08-26T12:07:02+00:00\" \/>\n<meta property=\"og:image\" content=\"https:\/\/www.foodie.nl\/app\/uploads\/2023\/01\/Producten-groepen-91-1024x1024.png\" \/>\n\t<meta property=\"og:image:width\" content=\"1024\" \/>\n\t<meta property=\"og:image:height\" content=\"1024\" \/>\n\t<meta property=\"og:image:type\" content=\"image\/png\" \/>\n<meta name=\"twitter:card\" content=\"summary_large_image\" \/>\n<meta name=\"twitter:label1\" content=\"Dur\u00e9e de lecture estim\u00e9e\" \/>\n\t<meta name=\"twitter:data1\" content=\"5 minutes\" \/>\n<script type=\"application\/ld+json\" class=\"yoast-schema-graph\">{\"@context\":\"https:\\\/\\\/schema.org\",\"@graph\":[{\"@type\":\"WebPage\",\"@id\":\"https:\\\/\\\/www.foodie.nl\\\/fr\\\/produit\\\/le-pack-articulations\\\/\",\"url\":\"https:\\\/\\\/www.foodie.nl\\\/fr\\\/produit\\\/le-pack-articulations\\\/\",\"name\":\"Le Pack \\\"Articulations\\\" - Foodie\",\"isPartOf\":{\"@id\":\"https:\\\/\\\/www.foodie.nl\\\/fr\\\/#website\"},\"primaryImageOfPage\":{\"@id\":\"https:\\\/\\\/www.foodie.nl\\\/fr\\\/produit\\\/le-pack-articulations\\\/#primaryimage\"},\"image\":{\"@id\":\"https:\\\/\\\/www.foodie.nl\\\/fr\\\/produit\\\/le-pack-articulations\\\/#primaryimage\"},\"thumbnailUrl\":\"https:\\\/\\\/www.foodie.nl\\\/app\\\/uploads\\\/2023\\\/01\\\/Producten-groepen-2026-02-16T133012.524.png\",\"datePublished\":\"2023-01-16T13:15:23+00:00\",\"dateModified\":\"2025-08-26T12:07:02+00:00\",\"description\":\"Le pack \\\"Articulations\\\" combine le Collagen Bone &amp; Joints, le Curcuma Boost et la Vitamine D3 Boost. Le Pack \\\"Articulations\\\"\u00a0a \u00e9t\u00e9 sp\u00e9cialement con\u00e7u pour soutenir vos articulations au quotidien. Il vous apporte tous les nutriments n\u00e9cessaires pour pr\u00e9server vos articulations et votre cartilage, tout en r\u00e9duisant la raideur et les douleurs articulaires. Ce pack combine: Collagen Bone &amp; Joints, avec du collag\u00e8ne de type 2 pour le cartilage, et des types 1 et 3 pour les tendons et les tissus conjonctifs, ainsi que du calcium et le Complexe OsteoSupport pour des os et des articulations solides. Curcuma Boost, \u00e0 base de curcumine et de gingembre, pour maintenir des articulations souples et soutenir la sant\u00e9 du cartilage. 100% Pure Krill Oil, riche en acides gras om\u00e9ga-3, pour lubrifier les articulations et contribuer \u00e0 un \u00e9quilibre inflammatoire normal. &nbsp;\",\"breadcrumb\":{\"@id\":\"https:\\\/\\\/www.foodie.nl\\\/fr\\\/produit\\\/le-pack-articulations\\\/#breadcrumb\"},\"inLanguage\":\"fr-FR\",\"potentialAction\":[{\"@type\":\"ReadAction\",\"target\":[\"https:\\\/\\\/www.foodie.nl\\\/fr\\\/produit\\\/le-pack-articulations\\\/\"]}]},{\"@type\":\"ImageObject\",\"inLanguage\":\"fr-FR\",\"@id\":\"https:\\\/\\\/www.foodie.nl\\\/fr\\\/produit\\\/le-pack-articulations\\\/#primaryimage\",\"url\":\"https:\\\/\\\/www.foodie.nl\\\/app\\\/uploads\\\/2023\\\/01\\\/Producten-groepen-2026-02-16T133012.524.png\",\"contentUrl\":\"https:\\\/\\\/www.foodie.nl\\\/app\\\/uploads\\\/2023\\\/01\\\/Producten-groepen-2026-02-16T133012.524.png\",\"width\":1600,\"height\":1600},{\"@type\":\"BreadcrumbList\",\"@id\":\"https:\\\/\\\/www.foodie.nl\\\/fr\\\/produit\\\/le-pack-articulations\\\/#breadcrumb\",\"itemListElement\":[{\"@type\":\"ListItem\",\"position\":1,\"name\":\"Home\",\"item\":\"https:\\\/\\\/www.foodie.nl\\\/fr\\\/\"},{\"@type\":\"ListItem\",\"position\":2,\"name\":\"Produits\",\"item\":\"https:\\\/\\\/www.foodie.nl\\\/fr\\\/shop\\\/\"},{\"@type\":\"ListItem\",\"position\":3,\"name\":\"Le Pack &#8220;Articulations&#8221;\"}]},{\"@type\":\"WebSite\",\"@id\":\"https:\\\/\\\/www.foodie.nl\\\/fr\\\/#website\",\"url\":\"https:\\\/\\\/www.foodie.nl\\\/fr\\\/\",\"name\":\"Foodie\",\"description\":\"Elke Hap Telt\",\"publisher\":{\"@id\":\"https:\\\/\\\/www.foodie.nl\\\/fr\\\/#organization\"},\"potentialAction\":[{\"@type\":\"SearchAction\",\"target\":{\"@type\":\"EntryPoint\",\"urlTemplate\":\"https:\\\/\\\/www.foodie.nl\\\/fr\\\/?s={search_term_string}\"},\"query-input\":{\"@type\":\"PropertyValueSpecification\",\"valueRequired\":true,\"valueName\":\"search_term_string\"}}],\"inLanguage\":\"fr-FR\"},{\"@type\":\"Organization\",\"@id\":\"https:\\\/\\\/www.foodie.nl\\\/fr\\\/#organization\",\"name\":\"Foodie\",\"url\":\"https:\\\/\\\/www.foodie.nl\\\/fr\\\/\",\"logo\":{\"@type\":\"ImageObject\",\"inLanguage\":\"fr-FR\",\"@id\":\"https:\\\/\\\/www.foodie.nl\\\/fr\\\/#\\\/schema\\\/logo\\\/image\\\/\",\"url\":\"https:\\\/\\\/www.foodie.nl\\\/app\\\/uploads\\\/2025\\\/01\\\/logo-foodie-wide@2x.png\",\"contentUrl\":\"https:\\\/\\\/www.foodie.nl\\\/app\\\/uploads\\\/2025\\\/01\\\/logo-foodie-wide@2x.png\",\"width\":236,\"height\":128,\"caption\":\"Foodie\"},\"image\":{\"@id\":\"https:\\\/\\\/www.foodie.nl\\\/fr\\\/#\\\/schema\\\/logo\\\/image\\\/\"}}]}<\/script>\n<!-- \/ Yoast SEO plugin. -->","yoast_head_json":{"title":"Le Pack \"Articulations\" - Foodie","description":"Le pack \"Articulations\" combine le Collagen Bone &amp; Joints, le Curcuma Boost et la Vitamine D3 Boost. Le Pack \"Articulations\"\u00a0a \u00e9t\u00e9 sp\u00e9cialement con\u00e7u pour soutenir vos articulations au quotidien. Il vous apporte tous les nutriments n\u00e9cessaires pour pr\u00e9server vos articulations et votre cartilage, tout en r\u00e9duisant la raideur et les douleurs articulaires. Ce pack combine:     Collagen Bone &amp; Joints, avec du collag\u00e8ne de type 2 pour le cartilage, et des types 1 et 3 pour les tendons et les tissus conjonctifs, ainsi que du calcium et le Complexe OsteoSupport pour des os et des articulations solides.    Curcuma Boost, \u00e0 base de curcumine et de gingembre, pour maintenir des articulations souples et soutenir la sant\u00e9 du cartilage.    100% Pure Krill Oil, riche en acides gras om\u00e9ga-3, pour lubrifier les articulations et contribuer \u00e0 un \u00e9quilibre inflammatoire normal.   &nbsp;","robots":{"index":"index","follow":"follow","max-snippet":"max-snippet:-1","max-image-preview":"max-image-preview:large","max-video-preview":"max-video-preview:-1"},"canonical":"https:\/\/www.foodie.nl\/fr\/produit\/le-pack-articulations\/","og_locale":"fr_FR","og_type":"article","og_title":"Le Pack \"Articulations\" - Foodie","og_description":"Le pack \"Articulations\" combine le Collagen Bone &amp; Joints, le Curcuma Boost et la Vitamine D3 Boost. Le Pack \"Articulations\"\u00a0a \u00e9t\u00e9 sp\u00e9cialement con\u00e7u pour soutenir vos articulations au quotidien. Il vous apporte tous les nutriments n\u00e9cessaires pour pr\u00e9server vos articulations et votre cartilage, tout en r\u00e9duisant la raideur et les douleurs articulaires. Ce pack combine:     Collagen Bone &amp; Joints, avec du collag\u00e8ne de type 2 pour le cartilage, et des types 1 et 3 pour les tendons et les tissus conjonctifs, ainsi que du calcium et le Complexe OsteoSupport pour des os et des articulations solides.    Curcuma Boost, \u00e0 base de curcumine et de gingembre, pour maintenir des articulations souples et soutenir la sant\u00e9 du cartilage.    100% Pure Krill Oil, riche en acides gras om\u00e9ga-3, pour lubrifier les articulations et contribuer \u00e0 un \u00e9quilibre inflammatoire normal.   &nbsp;","og_url":"https:\/\/www.foodie.nl\/fr\/produit\/le-pack-articulations\/","og_site_name":"Foodie","article_modified_time":"2025-08-26T12:07:02+00:00","og_image":[{"width":1024,"height":1024,"url":"https:\/\/www.foodie.nl\/app\/uploads\/2023\/01\/Producten-groepen-91-1024x1024.png","type":"image\/png"}],"twitter_card":"summary_large_image","twitter_misc":{"Dur\u00e9e de lecture estim\u00e9e":"5 minutes"},"schema":{"@context":"https:\/\/schema.org","@graph":[{"@type":"WebPage","@id":"https:\/\/www.foodie.nl\/fr\/produit\/le-pack-articulations\/","url":"https:\/\/www.foodie.nl\/fr\/produit\/le-pack-articulations\/","name":"Le Pack \"Articulations\" - Foodie","isPartOf":{"@id":"https:\/\/www.foodie.nl\/fr\/#website"},"primaryImageOfPage":{"@id":"https:\/\/www.foodie.nl\/fr\/produit\/le-pack-articulations\/#primaryimage"},"image":{"@id":"https:\/\/www.foodie.nl\/fr\/produit\/le-pack-articulations\/#primaryimage"},"thumbnailUrl":"https:\/\/www.foodie.nl\/app\/uploads\/2023\/01\/Producten-groepen-2026-02-16T133012.524.png","datePublished":"2023-01-16T13:15:23+00:00","dateModified":"2025-08-26T12:07:02+00:00","description":"Le pack \"Articulations\" combine le Collagen Bone &amp; Joints, le Curcuma Boost et la Vitamine D3 Boost. Le Pack \"Articulations\"\u00a0a \u00e9t\u00e9 sp\u00e9cialement con\u00e7u pour soutenir vos articulations au quotidien. Il vous apporte tous les nutriments n\u00e9cessaires pour pr\u00e9server vos articulations et votre cartilage, tout en r\u00e9duisant la raideur et les douleurs articulaires. Ce pack combine: Collagen Bone &amp; Joints, avec du collag\u00e8ne de type 2 pour le cartilage, et des types 1 et 3 pour les tendons et les tissus conjonctifs, ainsi que du calcium et le Complexe OsteoSupport pour des os et des articulations solides. Curcuma Boost, \u00e0 base de curcumine et de gingembre, pour maintenir des articulations souples et soutenir la sant\u00e9 du cartilage. 100% Pure Krill Oil, riche en acides gras om\u00e9ga-3, pour lubrifier les articulations et contribuer \u00e0 un \u00e9quilibre inflammatoire normal. &nbsp;","breadcrumb":{"@id":"https:\/\/www.foodie.nl\/fr\/produit\/le-pack-articulations\/#breadcrumb"},"inLanguage":"fr-FR","potentialAction":[{"@type":"ReadAction","target":["https:\/\/www.foodie.nl\/fr\/produit\/le-pack-articulations\/"]}]},{"@type":"ImageObject","inLanguage":"fr-FR","@id":"https:\/\/www.foodie.nl\/fr\/produit\/le-pack-articulations\/#primaryimage","url":"https:\/\/www.foodie.nl\/app\/uploads\/2023\/01\/Producten-groepen-2026-02-16T133012.524.png","contentUrl":"https:\/\/www.foodie.nl\/app\/uploads\/2023\/01\/Producten-groepen-2026-02-16T133012.524.png","width":1600,"height":1600},{"@type":"BreadcrumbList","@id":"https:\/\/www.foodie.nl\/fr\/produit\/le-pack-articulations\/#breadcrumb","itemListElement":[{"@type":"ListItem","position":1,"name":"Home","item":"https:\/\/www.foodie.nl\/fr\/"},{"@type":"ListItem","position":2,"name":"Produits","item":"https:\/\/www.foodie.nl\/fr\/shop\/"},{"@type":"ListItem","position":3,"name":"Le Pack &#8220;Articulations&#8221;"}]},{"@type":"WebSite","@id":"https:\/\/www.foodie.nl\/fr\/#website","url":"https:\/\/www.foodie.nl\/fr\/","name":"Foodie","description":"Elke Hap Telt","publisher":{"@id":"https:\/\/www.foodie.nl\/fr\/#organization"},"potentialAction":[{"@type":"SearchAction","target":{"@type":"EntryPoint","urlTemplate":"https:\/\/www.foodie.nl\/fr\/?s={search_term_string}"},"query-input":{"@type":"PropertyValueSpecification","valueRequired":true,"valueName":"search_term_string"}}],"inLanguage":"fr-FR"},{"@type":"Organization","@id":"https:\/\/www.foodie.nl\/fr\/#organization","name":"Foodie","url":"https:\/\/www.foodie.nl\/fr\/","logo":{"@type":"ImageObject","inLanguage":"fr-FR","@id":"https:\/\/www.foodie.nl\/fr\/#\/schema\/logo\/image\/","url":"https:\/\/www.foodie.nl\/app\/uploads\/2025\/01\/logo-foodie-wide@2x.png","contentUrl":"https:\/\/www.foodie.nl\/app\/uploads\/2025\/01\/logo-foodie-wide@2x.png","width":236,"height":128,"caption":"Foodie"},"image":{"@id":"https:\/\/www.foodie.nl\/fr\/#\/schema\/logo\/image\/"}}]}},"_links":{"self":[{"href":"https:\/\/www.foodie.nl\/fr\/wp-json\/wp\/v2\/product\/1126308","targetHints":{"allow":["GET"]}}],"collection":[{"href":"https:\/\/www.foodie.nl\/fr\/wp-json\/wp\/v2\/product"}],"about":[{"href":"https:\/\/www.foodie.nl\/fr\/wp-json\/wp\/v2\/types\/product"}],"wp:featuredmedia":[{"embeddable":true,"href":"https:\/\/www.foodie.nl\/fr\/wp-json\/wp\/v2\/media\/1188264"}],"wp:attachment":[{"href":"https:\/\/www.foodie.nl\/fr\/wp-json\/wp\/v2\/media?parent=1126308"}],"wp:term":[{"taxonomy":"product_brand","embeddable":true,"href":"https:\/\/www.foodie.nl\/fr\/wp-json\/wp\/v2\/product_brand?post=1126308"},{"taxonomy":"product_cat","embeddable":true,"href":"https:\/\/www.foodie.nl\/fr\/wp-json\/wp\/v2\/product_cat?post=1126308"},{"taxonomy":"product_tag","embeddable":true,"href":"https:\/\/www.foodie.nl\/fr\/wp-json\/wp\/v2\/product_tag?post=1126308"}],"curies":[{"name":"wp","href":"https:\/\/api.w.org\/{rel}","templated":true}]}}