{"id":1126310,"date":"2023-01-16T13:36:15","date_gmt":"2023-01-16T12:36:15","guid":{"rendered":"https:\/\/www.foodie.nl\/product\/ensemble-coeur-et-vaisseaux-sanguins\/"},"modified":"2025-08-26T14:09:57","modified_gmt":"2025-08-26T12:09:57","slug":"le-pack-sante-cardiovasculaire","status":"publish","type":"product","link":"https:\/\/www.foodie.nl\/fr\/produit\/le-pack-sante-cardiovasculaire\/","title":{"rendered":"Le Pack \u00ab\u00a0Sant\u00e9 Cardiovasculaire\u00a0\u00bb"},"content":{"rendered":"<p>Le pack \u00ab\u00a0Sant\u00e9 Cardiovaculaire\u00a0\u00bb, contient:<\/p>\n<h3><strong>100% Pure Krill Oil<\/strong><\/h3>\n<p data-start=\"245\" data-end=\"564\"><strong data-start=\"431\" data-end=\"563\">100% Pure Krill Oil <\/strong>est une source puissante d\u2019acides gras om\u00e9ga-3 essentiels <strong>EPA et DHA<\/strong>, scientifiquement prouv\u00e9s pour soutenir un <strong>c\u0153ur sain<\/strong>, maintenir des niveaux <strong>normaux de triglyc\u00e9rides <\/strong>et favoriser une <strong>tension art\u00e9rielle \u00e9quilibr\u00e9e.<\/strong><\/p>\n<p data-start=\"566\" data-end=\"844\">Ce qui rend cette huile de krill unique, c\u2019est que les om\u00e9ga-3 sont li\u00e9s \u00e0 des <strong>phospholipides<\/strong>. Cela permet une absorption et une efficacit\u00e9 sup\u00e9rieures par rapport \u00e0 l\u2019huile de poisson classique. Ainsi, les acides gras sont directement int\u00e9gr\u00e9s dans les membranes cellulaires des tissus cardiaques et vasculaires.<\/p>\n<p data-start=\"846\" data-end=\"1183\">L\u2019ajout d\u2019<strong>astaxanthine,<\/strong> un puissant antioxydant, aide \u00e0 prot\u00e9ger les vaisseaux sanguins contre les dommages oxydatifs, un facteur de risque majeur d\u2019ath\u00e9roscl\u00e9rose. De plus, l\u2019huile de krill contient de la <strong>choline<\/strong>, qui contribue \u00e0 un <strong>m\u00e9tabolisme normal de l\u2019homocyst\u00e9ine<\/strong>, essentiel pour le maintien de vaisseaux sanguins sains.<\/p>\n<p>Par dose journali\u00e8re de deux capsules, 100% Pure Krill Oil de Foodie contient:<\/p>\n<ul>\n<li>178 mg d\u2019acides gras EPA<\/li>\n<li>82 mg\u00a0 d&rsquo;acides gras DHA<\/li>\n<li>82,6 mg de choline<\/li>\n<li>100 mcg d&rsquo;astaxanthine<\/li>\n<\/ul>\n<p><strong>Les bienfaits pour la sant\u00e9 de 100% Pure Krill Oil:<\/strong><\/p>\n<ul>\n<li>Soutient un rythme cardiaque normal et une tension art\u00e9rielle saine*<\/li>\n<li>Aide \u00e0 maintenir un taux \u00e9quilibr\u00e9 de cholest\u00e9rol et de triglyc\u00e9rides<\/li>\n<li>Prot\u00e8ge les vaisseaux sanguins contre les dommages oxydatifs*<\/li>\n<li>Avec de la choline pour un m\u00e9tabolisme sain des graisses et un taux normal d\u2019homocyst\u00e9ine<\/li>\n<li>Les phospholipides assurent une absorption optimale<\/li>\n<li>Le DHA contribue au maintien d\u2019une bonne vision*<\/li>\n<li>Le DHA aide \u00e0 pr\u00e9server la sant\u00e9 du cerveau*<\/li>\n<li>Contribue \u00e0 une peau saine<\/li>\n<li>Aide \u00e0 maintenir l\u2019\u00e9lasticit\u00e9 de la peau<\/li>\n<\/ul>\n<p><span data-start=\"1417\" data-end=\"1436\">1 emballage de <\/span><strong data-start=\"1417\" data-end=\"1436\">100% Pure Krill Oil<\/strong> contient 60 capsules, bon pour une cure d&rsquo;un mois.<\/p>\n<p>*Ce b\u00e9n\u00e9fice pour la sant\u00e9 est obtenu avec un apport quotidien de 250 mg de DHA par jour.<\/p>\n<h3><strong>Magn\u00e9sium Boost<\/strong><\/h3>\n<p data-start=\"252\" data-end=\"653\"><strong>Magn\u00e9sium Boost<\/strong> est un compl\u00e9ment essentiel pour toute personne souhaitant soutenir la sant\u00e9 de son c\u0153ur et de ses vaisseaux sanguins. Le magn\u00e9sium joue un r\u00f4le cl\u00e9 dans la <strong>fonction musculaire du<\/strong> <strong>c\u0153ur, le maintien d\u2019une tension art\u00e9rielle normale et le soutien d\u2019un rythme cardiaque sain<\/strong>. Une carence en magn\u00e9sium est souvent associ\u00e9e \u00e0 une augmentation de la tension dans les vaisseaux sanguins et \u00e0 une fonction cardiaque d\u00e9s\u00e9quilibr\u00e9e.<\/p>\n<p data-start=\"655\" data-end=\"851\">Cette formule contient trois formes de magn\u00e9sium hautement assimilables \u2013 <strong>malate de magn\u00e9sium, citrate de magn\u00e9sium et bisglycinate de magn\u00e9sium<\/strong> \u2013 qui compl\u00e8tent rapidement et efficacement les r\u00e9serves de l\u2019organisme l\u00e0 o\u00f9 c\u2019est n\u00e9cessaire.<\/p>\n<p data-start=\"853\" data-end=\"1160\">De plus, <strong>Magn\u00e9sium Boost est enrichi avec l\u2019Absorb Complex<\/strong>: une combinaison de nutriments de soutien tels que la <strong>vitamine B6, l\u2019acide folique actif<\/strong> <strong>(Quatrefolic\u00ae), la vitamine B12, la vitamine D3 et la taurine<\/strong>. Ces composants agissent en synergie pour am\u00e9liorer l\u2019absorption du magn\u00e9sium et renforcer le soutien cardiovasculaire.<\/p>\n<ul>\n<li>Soutient un rythme cardiaque normal et une tension art\u00e9rielle saine<\/li>\n<li>Aide \u00e0 maintenir des vaisseaux sanguins souples et solides<\/li>\n<li data-start=\"1154\" data-end=\"1411\">Essentiel pour la conduction \u00e9lectrique du c\u0153ur<\/li>\n<li data-start=\"1154\" data-end=\"1411\">Aide \u00e0 r\u00e9duire la fatigue et contribue au m\u00e9tabolisme \u00e9nerg\u00e9tique<\/li>\n<li>Favorise la relaxation des vaisseaux sanguins<\/li>\n<li data-start=\"1154\" data-end=\"1411\">Avec Absorb Complex pour une absorption et une efficacit\u00e9 optimales<\/li>\n<li data-start=\"1154\" data-end=\"1411\">Trois formes de magn\u00e9sium hautement biodisponibles dans une seule capsule<\/li>\n<\/ul>\n<p><span data-start=\"1417\" data-end=\"1436\">1 emballage de<\/span><strong data-start=\"1417\" data-end=\"1436\"> Magn\u00e9sium Boost<\/strong> contient 60 capsules, bon pour un mois de cure<\/p>\n<h3><strong>Vitamine K2 Boost<\/strong><\/h3>\n<p data-start=\"282\" data-end=\"566\">La <strong data-start=\"3\" data-end=\"24\">Vitamine K2 Boost<\/strong> joue un r\u00f4le crucial dans le maintien d\u2019un c\u0153ur et de vaisseaux sanguins en bonne sant\u00e9. La formule contient la forme la mieux absorb\u00e9e de vitamine K2 \u2013 la <strong>m\u00e9naquinone-7 (MK-7)<\/strong> \u2013 qui aide l\u2019organisme \u00e0 diriger le calcium l\u00e0 o\u00f9 il doit \u00eatre: dans les os, et non dans les vaisseaux sanguins.<\/p>\n<p data-start=\"568\" data-end=\"910\">L\u2019un des plus grands risques pour la sant\u00e9 cardiovasculaire est <strong>l\u2019accumulation de calcium dans les parois des<\/strong> <strong>vaisseaux sanguins<\/strong>, pouvant entra\u00eener une ath\u00e9roscl\u00e9rose (art\u00e9rioscl\u00e9rose). La vitamine K2 aide \u00e0 pr\u00e9venir ce ph\u00e9nom\u00e8ne en activant <strong>la prot\u00e9ine MGP<\/strong> <strong>(Matrix GLA Protein)<\/strong>, qui extrait le calcium des vaisseaux sanguins et le maintient l\u00e0 o\u00f9 il est n\u00e9cessaire: dans le tissu osseux.<\/p>\n<p data-start=\"912\" data-end=\"1101\">L\u2019ajout <strong>d\u2019extrait de luzerne<\/strong> rend cette formule encore plus puissante. La luzerne est traditionnellement utilis\u00e9e pour soutenir la vitalit\u00e9, le m\u00e9tabolisme et une bonne circulation sanguine.<\/p>\n<ul>\n<li data-start=\"912\" data-end=\"1101\">Aide \u00e0 maintenir le calcium hors des vaisseaux sanguins<\/li>\n<li data-start=\"912\" data-end=\"1101\">Contribue \u00e0 des vaisseaux sanguins sains et \u00e9lastiques<\/li>\n<li data-start=\"912\" data-end=\"1101\">Soutient une coagulation sanguine normale<\/li>\n<li data-start=\"912\" data-end=\"1101\">Contient du MK-7: la forme la plus active et stable de la vitamine K2<\/li>\n<li data-start=\"912\" data-end=\"1101\">Avec extrait de luzerne pour un suppl\u00e9ment d\u2019\u00e9nergie et de vitalit\u00e9<\/li>\n<li data-start=\"912\" data-end=\"1101\">Soutient le maintien d\u2019un c\u0153ur en bonne sant\u00e9<\/li>\n<li data-start=\"912\" data-end=\"1101\">100% vegan<\/li>\n<\/ul>\n<p data-start=\"1413\" data-end=\"1516\"><span data-start=\"1417\" data-end=\"1436\">1 emballage de <\/span><strong data-start=\"1417\" data-end=\"1436\">Vitamine K2 Boost<\/strong> contient 30 capsules, bon pour un mois de cure.<\/p>\n<p>*Ces all\u00e9gations de sant\u00e9 bas\u00e9es sur la luzerne sont en cours d\u2019\u00e9valuation par l\u2019EFSA.<\/p>\n","protected":false},"excerpt":{"rendered":"<p data-start=\"0\" data-end=\"228\">Notre <strong data-start=\"6\" data-end=\"40\">Pack \u00ab\u00a0Sant\u00e9 Cardiovasculaire\u00a0\u00bb<\/strong>\u00a0combine trois compl\u00e9ments puissants qui agissent ensemble pour soutenir la fonction cardiaque, maintenir la souplesse des vaisseaux sanguins et favoriser une circulation sanguine saine.<\/p>\n<p data-start=\"230\" data-end=\"449\"><strong data-start=\"230\" data-end=\"254\">100% Pure Krill Oil<\/strong> est une source de haute qualit\u00e9 d\u2019acides gras om\u00e9ga-3 (EPA &amp; DHA) qui soutiennent le c\u0153ur, aident \u00e0 maintenir l\u2019\u00e9quilibre des lipides sanguins et contribuent \u00e0 une r\u00e9ponse inflammatoire saine.<\/p>\n<p data-start=\"451\" data-end=\"650\"><strong data-start=\"451\" data-end=\"472\">Vitamine K2 Boost<\/strong> aide \u00e0 diriger le calcium vers les os (et non vers les vaisseaux sanguins) et contribue \u00e0 une coagulation sanguine saine ainsi qu\u2019au bon fonctionnement des parois vasculaires.<\/p>\n<p data-start=\"652\" data-end=\"799\" data-is-last-node=\"\" data-is-only-node=\"\"><strong data-start=\"652\" data-end=\"671\">Magn\u00e9sium Boost<\/strong> soutient le muscle cardiaque, aide \u00e0 maintenir une tension art\u00e9rielle normale et favorise la relaxation des vaisseaux sanguins.<\/p>\n","protected":false},"featured_media":1188246,"template":"","meta":{"_acf_changed":false,"om_disable_all_campaigns":false},"product_brand":[],"product_cat":[206,178],"product_tag":[],"class_list":{"0":"post-1126310","1":"product","2":"type-product","3":"status-publish","4":"has-post-thumbnail","6":"product_cat-les-packs","7":"product_cat-offre-reguliere","8":"sales-flash-overlay","9":"woocommerce-text-align-center","10":"woocommerce-image-align-center","11":"do-quantity-buttons","13":"first","14":"instock","15":"sale","16":"taxable","17":"shipping-taxable","18":"purchasable","19":"product-type-simple"},"acf":[],"yoast_head":"<!-- This site is optimized with the Yoast SEO plugin v27.4 - https:\/\/yoast.com\/product\/yoast-seo-wordpress\/ -->\n<title>Le Pack &quot;Sant\u00e9 Cardiovasculaire&quot; - Foodie<\/title>\n<meta name=\"description\" content=\"Notre Pack &quot;Sant\u00e9 Cardiovasculaire&quot;\u00a0combine trois compl\u00e9ments puissants qui agissent ensemble pour soutenir la fonction cardiaque, maintenir la souplesse des vaisseaux sanguins et favoriser une circulation sanguine saine. 100% Pure Krill Oil est une source de haute qualit\u00e9 d\u2019acides gras om\u00e9ga-3 (EPA &amp; DHA) qui soutiennent le c\u0153ur, aident \u00e0 maintenir l\u2019\u00e9quilibre des lipides sanguins et contribuent \u00e0 une r\u00e9ponse inflammatoire saine. Vitamine K2 Boost aide \u00e0 diriger le calcium vers les os (et non vers les vaisseaux sanguins) et contribue \u00e0 une coagulation sanguine saine ainsi qu\u2019au bon fonctionnement des parois vasculaires. Magn\u00e9sium Boost soutient le muscle cardiaque, aide \u00e0 maintenir une tension art\u00e9rielle normale et favorise la relaxation des vaisseaux sanguins.\" \/>\n<meta name=\"robots\" content=\"index, follow, max-snippet:-1, max-image-preview:large, max-video-preview:-1\" \/>\n<link rel=\"canonical\" href=\"https:\/\/www.foodie.nl\/fr\/produit\/le-pack-sante-cardiovasculaire\/\" \/>\n<meta property=\"og:locale\" content=\"fr_FR\" \/>\n<meta property=\"og:type\" content=\"article\" \/>\n<meta property=\"og:title\" content=\"Le Pack &quot;Sant\u00e9 Cardiovasculaire&quot; - Foodie\" \/>\n<meta property=\"og:description\" content=\"Notre Pack &quot;Sant\u00e9 Cardiovasculaire&quot;\u00a0combine trois compl\u00e9ments puissants qui agissent ensemble pour soutenir la fonction cardiaque, maintenir la souplesse des vaisseaux sanguins et favoriser une circulation sanguine saine. 100% Pure Krill Oil est une source de haute qualit\u00e9 d\u2019acides gras om\u00e9ga-3 (EPA &amp; DHA) qui soutiennent le c\u0153ur, aident \u00e0 maintenir l\u2019\u00e9quilibre des lipides sanguins et contribuent \u00e0 une r\u00e9ponse inflammatoire saine. Vitamine K2 Boost aide \u00e0 diriger le calcium vers les os (et non vers les vaisseaux sanguins) et contribue \u00e0 une coagulation sanguine saine ainsi qu\u2019au bon fonctionnement des parois vasculaires. Magn\u00e9sium Boost soutient le muscle cardiaque, aide \u00e0 maintenir une tension art\u00e9rielle normale et favorise la relaxation des vaisseaux sanguins.\" \/>\n<meta property=\"og:url\" content=\"https:\/\/www.foodie.nl\/fr\/produit\/le-pack-sante-cardiovasculaire\/\" \/>\n<meta property=\"og:site_name\" content=\"Foodie\" \/>\n<meta property=\"article:modified_time\" content=\"2025-08-26T12:09:57+00:00\" \/>\n<meta property=\"og:image\" content=\"https:\/\/www.foodie.nl\/app\/uploads\/2023\/01\/Producten-groepen-66-1024x1024.png\" \/>\n\t<meta property=\"og:image:width\" content=\"1024\" \/>\n\t<meta property=\"og:image:height\" content=\"1024\" \/>\n\t<meta property=\"og:image:type\" content=\"image\/png\" \/>\n<meta name=\"twitter:card\" content=\"summary_large_image\" \/>\n<meta name=\"twitter:label1\" content=\"Dur\u00e9e de lecture estim\u00e9e\" \/>\n\t<meta name=\"twitter:data1\" content=\"4 minutes\" \/>\n<script type=\"application\/ld+json\" class=\"yoast-schema-graph\">{\"@context\":\"https:\\\/\\\/schema.org\",\"@graph\":[{\"@type\":\"WebPage\",\"@id\":\"https:\\\/\\\/www.foodie.nl\\\/fr\\\/produit\\\/le-pack-sante-cardiovasculaire\\\/\",\"url\":\"https:\\\/\\\/www.foodie.nl\\\/fr\\\/produit\\\/le-pack-sante-cardiovasculaire\\\/\",\"name\":\"Le Pack \\\"Sant\u00e9 Cardiovasculaire\\\" - Foodie\",\"isPartOf\":{\"@id\":\"https:\\\/\\\/www.foodie.nl\\\/fr\\\/#website\"},\"primaryImageOfPage\":{\"@id\":\"https:\\\/\\\/www.foodie.nl\\\/fr\\\/produit\\\/le-pack-sante-cardiovasculaire\\\/#primaryimage\"},\"image\":{\"@id\":\"https:\\\/\\\/www.foodie.nl\\\/fr\\\/produit\\\/le-pack-sante-cardiovasculaire\\\/#primaryimage\"},\"thumbnailUrl\":\"https:\\\/\\\/www.foodie.nl\\\/app\\\/uploads\\\/2023\\\/01\\\/Producten-groepen-2026-02-16T131714.085.png\",\"datePublished\":\"2023-01-16T12:36:15+00:00\",\"dateModified\":\"2025-08-26T12:09:57+00:00\",\"description\":\"Notre Pack \\\"Sant\u00e9 Cardiovasculaire\\\"\u00a0combine trois compl\u00e9ments puissants qui agissent ensemble pour soutenir la fonction cardiaque, maintenir la souplesse des vaisseaux sanguins et favoriser une circulation sanguine saine. 100% Pure Krill Oil est une source de haute qualit\u00e9 d\u2019acides gras om\u00e9ga-3 (EPA &amp; DHA) qui soutiennent le c\u0153ur, aident \u00e0 maintenir l\u2019\u00e9quilibre des lipides sanguins et contribuent \u00e0 une r\u00e9ponse inflammatoire saine. Vitamine K2 Boost aide \u00e0 diriger le calcium vers les os (et non vers les vaisseaux sanguins) et contribue \u00e0 une coagulation sanguine saine ainsi qu\u2019au bon fonctionnement des parois vasculaires. Magn\u00e9sium Boost soutient le muscle cardiaque, aide \u00e0 maintenir une tension art\u00e9rielle normale et favorise la relaxation des vaisseaux sanguins.\",\"breadcrumb\":{\"@id\":\"https:\\\/\\\/www.foodie.nl\\\/fr\\\/produit\\\/le-pack-sante-cardiovasculaire\\\/#breadcrumb\"},\"inLanguage\":\"fr-FR\",\"potentialAction\":[{\"@type\":\"ReadAction\",\"target\":[\"https:\\\/\\\/www.foodie.nl\\\/fr\\\/produit\\\/le-pack-sante-cardiovasculaire\\\/\"]}]},{\"@type\":\"ImageObject\",\"inLanguage\":\"fr-FR\",\"@id\":\"https:\\\/\\\/www.foodie.nl\\\/fr\\\/produit\\\/le-pack-sante-cardiovasculaire\\\/#primaryimage\",\"url\":\"https:\\\/\\\/www.foodie.nl\\\/app\\\/uploads\\\/2023\\\/01\\\/Producten-groepen-2026-02-16T131714.085.png\",\"contentUrl\":\"https:\\\/\\\/www.foodie.nl\\\/app\\\/uploads\\\/2023\\\/01\\\/Producten-groepen-2026-02-16T131714.085.png\",\"width\":1600,\"height\":1600},{\"@type\":\"BreadcrumbList\",\"@id\":\"https:\\\/\\\/www.foodie.nl\\\/fr\\\/produit\\\/le-pack-sante-cardiovasculaire\\\/#breadcrumb\",\"itemListElement\":[{\"@type\":\"ListItem\",\"position\":1,\"name\":\"Home\",\"item\":\"https:\\\/\\\/www.foodie.nl\\\/fr\\\/\"},{\"@type\":\"ListItem\",\"position\":2,\"name\":\"Produits\",\"item\":\"https:\\\/\\\/www.foodie.nl\\\/fr\\\/shop\\\/\"},{\"@type\":\"ListItem\",\"position\":3,\"name\":\"Le Pack &#8220;Sant\u00e9 Cardiovasculaire&#8221;\"}]},{\"@type\":\"WebSite\",\"@id\":\"https:\\\/\\\/www.foodie.nl\\\/fr\\\/#website\",\"url\":\"https:\\\/\\\/www.foodie.nl\\\/fr\\\/\",\"name\":\"Foodie\",\"description\":\"Elke Hap Telt\",\"publisher\":{\"@id\":\"https:\\\/\\\/www.foodie.nl\\\/fr\\\/#organization\"},\"potentialAction\":[{\"@type\":\"SearchAction\",\"target\":{\"@type\":\"EntryPoint\",\"urlTemplate\":\"https:\\\/\\\/www.foodie.nl\\\/fr\\\/?s={search_term_string}\"},\"query-input\":{\"@type\":\"PropertyValueSpecification\",\"valueRequired\":true,\"valueName\":\"search_term_string\"}}],\"inLanguage\":\"fr-FR\"},{\"@type\":\"Organization\",\"@id\":\"https:\\\/\\\/www.foodie.nl\\\/fr\\\/#organization\",\"name\":\"Foodie\",\"url\":\"https:\\\/\\\/www.foodie.nl\\\/fr\\\/\",\"logo\":{\"@type\":\"ImageObject\",\"inLanguage\":\"fr-FR\",\"@id\":\"https:\\\/\\\/www.foodie.nl\\\/fr\\\/#\\\/schema\\\/logo\\\/image\\\/\",\"url\":\"https:\\\/\\\/www.foodie.nl\\\/app\\\/uploads\\\/2025\\\/01\\\/logo-foodie-wide@2x.png\",\"contentUrl\":\"https:\\\/\\\/www.foodie.nl\\\/app\\\/uploads\\\/2025\\\/01\\\/logo-foodie-wide@2x.png\",\"width\":236,\"height\":128,\"caption\":\"Foodie\"},\"image\":{\"@id\":\"https:\\\/\\\/www.foodie.nl\\\/fr\\\/#\\\/schema\\\/logo\\\/image\\\/\"}}]}<\/script>\n<!-- \/ Yoast SEO plugin. -->","yoast_head_json":{"title":"Le Pack \"Sant\u00e9 Cardiovasculaire\" - Foodie","description":"Notre Pack \"Sant\u00e9 Cardiovasculaire\"\u00a0combine trois compl\u00e9ments puissants qui agissent ensemble pour soutenir la fonction cardiaque, maintenir la souplesse des vaisseaux sanguins et favoriser une circulation sanguine saine. 100% Pure Krill Oil est une source de haute qualit\u00e9 d\u2019acides gras om\u00e9ga-3 (EPA &amp; DHA) qui soutiennent le c\u0153ur, aident \u00e0 maintenir l\u2019\u00e9quilibre des lipides sanguins et contribuent \u00e0 une r\u00e9ponse inflammatoire saine. Vitamine K2 Boost aide \u00e0 diriger le calcium vers les os (et non vers les vaisseaux sanguins) et contribue \u00e0 une coagulation sanguine saine ainsi qu\u2019au bon fonctionnement des parois vasculaires. Magn\u00e9sium Boost soutient le muscle cardiaque, aide \u00e0 maintenir une tension art\u00e9rielle normale et favorise la relaxation des vaisseaux sanguins.","robots":{"index":"index","follow":"follow","max-snippet":"max-snippet:-1","max-image-preview":"max-image-preview:large","max-video-preview":"max-video-preview:-1"},"canonical":"https:\/\/www.foodie.nl\/fr\/produit\/le-pack-sante-cardiovasculaire\/","og_locale":"fr_FR","og_type":"article","og_title":"Le Pack \"Sant\u00e9 Cardiovasculaire\" - Foodie","og_description":"Notre Pack \"Sant\u00e9 Cardiovasculaire\"\u00a0combine trois compl\u00e9ments puissants qui agissent ensemble pour soutenir la fonction cardiaque, maintenir la souplesse des vaisseaux sanguins et favoriser une circulation sanguine saine. 100% Pure Krill Oil est une source de haute qualit\u00e9 d\u2019acides gras om\u00e9ga-3 (EPA &amp; DHA) qui soutiennent le c\u0153ur, aident \u00e0 maintenir l\u2019\u00e9quilibre des lipides sanguins et contribuent \u00e0 une r\u00e9ponse inflammatoire saine. Vitamine K2 Boost aide \u00e0 diriger le calcium vers les os (et non vers les vaisseaux sanguins) et contribue \u00e0 une coagulation sanguine saine ainsi qu\u2019au bon fonctionnement des parois vasculaires. Magn\u00e9sium Boost soutient le muscle cardiaque, aide \u00e0 maintenir une tension art\u00e9rielle normale et favorise la relaxation des vaisseaux sanguins.","og_url":"https:\/\/www.foodie.nl\/fr\/produit\/le-pack-sante-cardiovasculaire\/","og_site_name":"Foodie","article_modified_time":"2025-08-26T12:09:57+00:00","og_image":[{"width":1024,"height":1024,"url":"https:\/\/www.foodie.nl\/app\/uploads\/2023\/01\/Producten-groepen-66-1024x1024.png","type":"image\/png"}],"twitter_card":"summary_large_image","twitter_misc":{"Dur\u00e9e de lecture estim\u00e9e":"4 minutes"},"schema":{"@context":"https:\/\/schema.org","@graph":[{"@type":"WebPage","@id":"https:\/\/www.foodie.nl\/fr\/produit\/le-pack-sante-cardiovasculaire\/","url":"https:\/\/www.foodie.nl\/fr\/produit\/le-pack-sante-cardiovasculaire\/","name":"Le Pack \"Sant\u00e9 Cardiovasculaire\" - Foodie","isPartOf":{"@id":"https:\/\/www.foodie.nl\/fr\/#website"},"primaryImageOfPage":{"@id":"https:\/\/www.foodie.nl\/fr\/produit\/le-pack-sante-cardiovasculaire\/#primaryimage"},"image":{"@id":"https:\/\/www.foodie.nl\/fr\/produit\/le-pack-sante-cardiovasculaire\/#primaryimage"},"thumbnailUrl":"https:\/\/www.foodie.nl\/app\/uploads\/2023\/01\/Producten-groepen-2026-02-16T131714.085.png","datePublished":"2023-01-16T12:36:15+00:00","dateModified":"2025-08-26T12:09:57+00:00","description":"Notre Pack \"Sant\u00e9 Cardiovasculaire\"\u00a0combine trois compl\u00e9ments puissants qui agissent ensemble pour soutenir la fonction cardiaque, maintenir la souplesse des vaisseaux sanguins et favoriser une circulation sanguine saine. 100% Pure Krill Oil est une source de haute qualit\u00e9 d\u2019acides gras om\u00e9ga-3 (EPA &amp; DHA) qui soutiennent le c\u0153ur, aident \u00e0 maintenir l\u2019\u00e9quilibre des lipides sanguins et contribuent \u00e0 une r\u00e9ponse inflammatoire saine. Vitamine K2 Boost aide \u00e0 diriger le calcium vers les os (et non vers les vaisseaux sanguins) et contribue \u00e0 une coagulation sanguine saine ainsi qu\u2019au bon fonctionnement des parois vasculaires. Magn\u00e9sium Boost soutient le muscle cardiaque, aide \u00e0 maintenir une tension art\u00e9rielle normale et favorise la relaxation des vaisseaux sanguins.","breadcrumb":{"@id":"https:\/\/www.foodie.nl\/fr\/produit\/le-pack-sante-cardiovasculaire\/#breadcrumb"},"inLanguage":"fr-FR","potentialAction":[{"@type":"ReadAction","target":["https:\/\/www.foodie.nl\/fr\/produit\/le-pack-sante-cardiovasculaire\/"]}]},{"@type":"ImageObject","inLanguage":"fr-FR","@id":"https:\/\/www.foodie.nl\/fr\/produit\/le-pack-sante-cardiovasculaire\/#primaryimage","url":"https:\/\/www.foodie.nl\/app\/uploads\/2023\/01\/Producten-groepen-2026-02-16T131714.085.png","contentUrl":"https:\/\/www.foodie.nl\/app\/uploads\/2023\/01\/Producten-groepen-2026-02-16T131714.085.png","width":1600,"height":1600},{"@type":"BreadcrumbList","@id":"https:\/\/www.foodie.nl\/fr\/produit\/le-pack-sante-cardiovasculaire\/#breadcrumb","itemListElement":[{"@type":"ListItem","position":1,"name":"Home","item":"https:\/\/www.foodie.nl\/fr\/"},{"@type":"ListItem","position":2,"name":"Produits","item":"https:\/\/www.foodie.nl\/fr\/shop\/"},{"@type":"ListItem","position":3,"name":"Le Pack &#8220;Sant\u00e9 Cardiovasculaire&#8221;"}]},{"@type":"WebSite","@id":"https:\/\/www.foodie.nl\/fr\/#website","url":"https:\/\/www.foodie.nl\/fr\/","name":"Foodie","description":"Elke Hap Telt","publisher":{"@id":"https:\/\/www.foodie.nl\/fr\/#organization"},"potentialAction":[{"@type":"SearchAction","target":{"@type":"EntryPoint","urlTemplate":"https:\/\/www.foodie.nl\/fr\/?s={search_term_string}"},"query-input":{"@type":"PropertyValueSpecification","valueRequired":true,"valueName":"search_term_string"}}],"inLanguage":"fr-FR"},{"@type":"Organization","@id":"https:\/\/www.foodie.nl\/fr\/#organization","name":"Foodie","url":"https:\/\/www.foodie.nl\/fr\/","logo":{"@type":"ImageObject","inLanguage":"fr-FR","@id":"https:\/\/www.foodie.nl\/fr\/#\/schema\/logo\/image\/","url":"https:\/\/www.foodie.nl\/app\/uploads\/2025\/01\/logo-foodie-wide@2x.png","contentUrl":"https:\/\/www.foodie.nl\/app\/uploads\/2025\/01\/logo-foodie-wide@2x.png","width":236,"height":128,"caption":"Foodie"},"image":{"@id":"https:\/\/www.foodie.nl\/fr\/#\/schema\/logo\/image\/"}}]}},"_links":{"self":[{"href":"https:\/\/www.foodie.nl\/fr\/wp-json\/wp\/v2\/product\/1126310","targetHints":{"allow":["GET"]}}],"collection":[{"href":"https:\/\/www.foodie.nl\/fr\/wp-json\/wp\/v2\/product"}],"about":[{"href":"https:\/\/www.foodie.nl\/fr\/wp-json\/wp\/v2\/types\/product"}],"wp:featuredmedia":[{"embeddable":true,"href":"https:\/\/www.foodie.nl\/fr\/wp-json\/wp\/v2\/media\/1188246"}],"wp:attachment":[{"href":"https:\/\/www.foodie.nl\/fr\/wp-json\/wp\/v2\/media?parent=1126310"}],"wp:term":[{"taxonomy":"product_brand","embeddable":true,"href":"https:\/\/www.foodie.nl\/fr\/wp-json\/wp\/v2\/product_brand?post=1126310"},{"taxonomy":"product_cat","embeddable":true,"href":"https:\/\/www.foodie.nl\/fr\/wp-json\/wp\/v2\/product_cat?post=1126310"},{"taxonomy":"product_tag","embeddable":true,"href":"https:\/\/www.foodie.nl\/fr\/wp-json\/wp\/v2\/product_tag?post=1126310"}],"curies":[{"name":"wp","href":"https:\/\/api.w.org\/{rel}","templated":true}]}}