{"id":1126312,"date":"2023-01-16T13:01:23","date_gmt":"2023-01-16T12:01:23","guid":{"rendered":"https:\/\/www.foodie.nl\/product\/offre-groupee-de-desintoxication\/"},"modified":"2025-08-26T14:12:23","modified_gmt":"2025-08-26T12:12:23","slug":"le-pack-detox","status":"publish","type":"product","link":"https:\/\/www.foodie.nl\/fr\/produit\/le-pack-detox\/","title":{"rendered":"Le Pack \u00ab\u00a0D\u00e9tox\u00a0\u00bb"},"content":{"rendered":"<p>Le pack \u00ab\u00a0D\u00e9tox\u00a0\u00bb contient:<\/p>\n<h3><strong>Ultimate Detox<\/strong><\/h3>\n<p data-start=\"40\" data-end=\"487\"><strong data-start=\"40\" data-end=\"58\">Ultimate Detox<\/strong> a \u00e9t\u00e9 sp\u00e9cialement d\u00e9velopp\u00e9 pour soutenir votre foie dans le processus quotidien de d\u00e9toxification de toutes les substances nocives auxquelles nous sommes expos\u00e9s. Pensez \u00e0 la pollution de l\u2019air, l\u2019alcool, le sucre, le tabac, les substances chimiques pr\u00e9sentes dans les d\u00e9odorants, etc.<br data-start=\"350\" data-end=\"353\" \/>Mais Ultimate Detox est aussi le favori de beaucoup apr\u00e8s les f\u00eates ou une p\u00e9riode d\u2019alimentation et de consommation moins saine !<\/p>\n<p data-start=\"489\" data-end=\"656\" data-is-last-node=\"\" data-is-only-node=\"\">Cette formule puissante contient <strong data-start=\"522\" data-end=\"575\">7 extraits et min\u00e9raux soigneusement s\u00e9lectionn\u00e9s<\/strong> qui soutiennent la capacit\u00e9 naturelle de d\u00e9toxification de votre organisme:<\/p>\n<ul>\n<li data-start=\"562\" data-end=\"1053\">L\u2019extrait de <strong data-start=\"53\" data-end=\"70\">chardon-Marie<\/strong> soutient le foie et la v\u00e9sicule biliaire dans le traitement des toxines.<\/li>\n<li data-start=\"562\" data-end=\"1053\">Les extraits de <strong data-start=\"162\" data-end=\"175\">pissenlit<\/strong> et d\u2019<strong data-start=\"181\" data-end=\"194\">artichaut<\/strong> sont traditionnellement utilis\u00e9s pour soutenir la fonction h\u00e9patique et la production de bile.<\/li>\n<li data-start=\"562\" data-end=\"1053\">La <strong data-start=\"295\" data-end=\"308\">curcumine<\/strong> soutient le foie ainsi que la digestion.<\/li>\n<li data-start=\"562\" data-end=\"1053\">La <strong data-start=\"355\" data-end=\"366\">choline<\/strong> contribue \u00e0 un m\u00e9tabolisme normal des graisses et \u00e0 une fonction h\u00e9patique saine.<\/li>\n<li data-start=\"562\" data-end=\"1053\">Le <strong data-start=\"454\" data-end=\"462\">zinc<\/strong> et le <strong data-start=\"469\" data-end=\"479\">cuivre<\/strong> aident \u00e0 prot\u00e9ger les cellules contre le stress oxydatif et participent aux d\u00e9fenses naturelles de l\u2019organisme<\/li>\n<\/ul>\n<p data-start=\"1055\" data-end=\"1271\"><strong>Ultimate Detox aide votre corps en:<\/strong><\/p>\n<ul>\n<li>Soutient le foie dans l\u2019\u00e9limination des d\u00e9chets et toxines<\/li>\n<li>Contribue \u00e0 une digestion saine et \u00e0 un m\u00e9tabolisme normal des graisses<\/li>\n<li>Prot\u00e8ge les cellules contre le stress oxydatif<\/li>\n<li>Id\u00e9al apr\u00e8s les f\u00eates ou dans le cadre d\u2019une cure d\u00e9tox<\/li>\n<\/ul>\n<p data-start=\"1413\" data-end=\"1516\">Un emballage d\u2019<strong data-start=\"12\" data-end=\"30\">Ultimate Detox<\/strong> contient 60 g\u00e9lules, soit un mois de cure.<\/p>\n<p data-start=\"1413\" data-end=\"1516\"><strong data-start=\"0\" data-end=\"19\" data-is-only-node=\"\">Avertissement:<\/strong><br data-start=\"19\" data-end=\"22\" \/>Ne pas utiliser en cas de grossesse, d\u2019allaitement ou si vous souffrez (ou avez souffert) d\u2019un trouble h\u00e9patique ou de la v\u00e9sicule biliaire.<br data-start=\"162\" data-end=\"165\" \/>Si vous prenez des anticoagulants ou d\u2019autres m\u00e9dicaments (y compris le Tamoxif\u00e8ne), consultez d\u2019abord un professionnel de sant\u00e9 avant d\u2019utiliser du curcuma.<\/p>\n<h3><strong>Curcuma Boost<\/strong><\/h3>\n<p data-start=\"55\" data-end=\"352\">Offrez \u00e0 votre corps un soutien suppl\u00e9mentaire pendant votre d\u00e9tox avec <strong data-start=\"127\" data-end=\"144\">Curcuma Boost<\/strong>. Le curcuma (Curcuma Longa) contient de la <strong data-start=\"190\" data-end=\"203\">curcumine<\/strong>, un puissant antioxydant qui aide \u00e0 prot\u00e9ger votre organisme contre les radicaux libres et le stress oxydatif durant l\u2019\u00e9limination des toxines.*<\/p>\n<p data-start=\"354\" data-end=\"820\">Lors d\u2019une cure d\u00e9tox, votre foie a besoin de soutien pour traiter les toxines et favoriser une digestion saine. La curcumine soutient la fonction h\u00e9patique et contribue \u00e0 une production saine de bile, essentielle pour l\u2019\u00e9limination des d\u00e9chets du corps. Curcuma Boost contient \u00e9galement de l\u2019<strong data-start=\"671\" data-end=\"695\">extrait de gingembre<\/strong>, traditionnellement utilis\u00e9 pour soutenir la digestion et stimuler les processus naturels de d\u00e9toxification de l\u2019organisme.*<\/p>\n<p data-start=\"822\" data-end=\"959\" data-is-last-node=\"\" data-is-only-node=\"\"><strong data-start=\"822\" data-end=\"885\">Pourquoi Kurkuma Boost est id\u00e9al pendant votre cure d\u00e9tox:<\/strong><\/p>\n<ul>\n<li data-start=\"967\" data-end=\"1333\"><strong>500mg de<\/strong> <strong data-start=\"66\" data-end=\"100\">Curcuma Longa de haute qualit\u00e9<\/strong> par g\u00e9lule pour un soutien quotidien puissant<\/li>\n<li data-start=\"967\" data-end=\"1333\"><strong data-start=\"151\" data-end=\"175\">Extrait de gingembre<\/strong> pour soutenir la digestion et le processus de d\u00e9toxification<\/li>\n<li data-start=\"967\" data-end=\"1333\"><strong data-start=\"241\" data-end=\"255\">BioPerine\u00ae<\/strong> <strong>(extrait de poivre noir)<\/strong> pour une meilleure absorption de la curcumine et du gingembre, afin que votre corps profite pleinement de leurs bienfaits<\/li>\n<li data-start=\"967\" data-end=\"1333\"><strong data-start=\"1290\" data-end=\"1333\">100% v\u00e9gan et g\u00e9lules d\u2019origine v\u00e9g\u00e9tale<\/strong><\/li>\n<\/ul>\n<p data-start=\"1499\" data-end=\"1569\"><strong data-start=\"1499\" data-end=\"1569\">1 emballage contient 60 contient 60 g\u00e9lules, soit un mois de cure.<\/strong><\/p>\n<p><strong data-start=\"0\" data-end=\"19\" data-is-only-node=\"\">Avertissement:<\/strong><br data-start=\"19\" data-end=\"22\" \/>Ne pas utiliser en cas de grossesse, d\u2019allaitement ou si vous souffrez (ou avez souffert) d\u2019un trouble h\u00e9patique ou de la v\u00e9sicule biliaire.<br data-start=\"162\" data-end=\"165\" \/>Si vous prenez des anticoagulants ou d\u2019autres m\u00e9dicaments (y compris le Tamoxif\u00e8ne), consultez d\u2019abord un professionnel de sant\u00e9 avant d\u2019utiliser du curcuma.<\/p>\n<h3><strong>Yummie Greens<\/strong><\/h3>\n<p data-start=\"40\" data-end=\"357\">Pendant une cure d\u00e9tox, un intestin sain est essentiel pour \u00e9liminer efficacement les toxines et soutenir votre bien-\u00eatre g\u00e9n\u00e9ral.<br data-start=\"178\" data-end=\"181\" \/><strong data-start=\"181\" data-end=\"198\">Yummie Greens<\/strong> a \u00e9t\u00e9 sp\u00e9cialement formul\u00e9 pour <strong data-start=\"231\" data-end=\"268\">aider votre corps \u00e0 se d\u00e9toxifier<\/strong>, soutenir votre <strong data-start=\"285\" data-end=\"298\">digestion<\/strong> et nettoyer vos intestins en douceur et naturellement.<\/p>\n<p data-start=\"359\" data-end=\"629\" data-is-last-node=\"\" data-is-only-node=\"\">Cette formule puissante contient un <strong data-start=\"395\" data-end=\"433\">m\u00e9lange de 13 super-foods verts<\/strong> et d&rsquo;ingr\u00e9dients compl\u00e9mentaires qui travaillent en synergie pour lier et \u00e9liminer les toxines, tout en nourrissant vos intestins et en apportant \u00e0 votre corps de pr\u00e9cieux nutriments.<\/p>\n<ul>\n<li data-start=\"812\" data-end=\"1544\"><strong data-start=\"37\" data-end=\"53\">La chlorelle<\/strong> est un puissant d\u00e9toxifiant qui aide \u00e0 \u00e9liminer les m\u00e9taux lourds et substances ind\u00e9sirables de l\u2019organisme, tout en favorisant la croissance des bonnes bact\u00e9ries intestinales.<\/li>\n<li data-start=\"812\" data-end=\"1544\"><strong data-start=\"235\" data-end=\"251\">La spiruline<\/strong> est riche en nutriments et aide \u00e0 capter et \u00e9liminer les toxines, soutenant ainsi un environnement intestinal plus sain.<\/li>\n<li data-start=\"812\" data-end=\"1544\"><strong data-start=\"377\" data-end=\"395\">L\u2019herbe de bl\u00e9<\/strong> est riche en chlorophylle et en enzymes naturelles qui aident \u00e0 neutraliser les toxines et \u00e0 favoriser l\u2019absorption des nutriment<\/li>\n<li data-start=\"812\" data-end=\"1544\"><strong data-start=\"532\" data-end=\"559\">La poudre d\u2019eau de coco<\/strong> hydrate et soutient les muqueuses intestinales, essentielles pour une flore intestinale \u00e9quilibr\u00e9e pendant une cure d\u00e9tox.<\/li>\n<li data-start=\"812\" data-end=\"1544\"><strong data-start=\"687\" data-end=\"700\">La menthe<\/strong> soutient une digestion confortable et aide \u00e0 r\u00e9duire les ballonnements.<\/li>\n<\/ul>\n<p data-start=\"1546\" data-end=\"1795\">Les bienfaits de Yummie Greens:<\/p>\n<ul>\n<li data-start=\"812\" data-end=\"1544\">Soutient la d\u00e9toxification naturelle des d\u00e9chets<\/li>\n<li data-start=\"812\" data-end=\"1544\">Favorise une flore intestinale saine pendant la d\u00e9tox<\/li>\n<li data-start=\"812\" data-end=\"1544\">Soutient la digestion et l\u2019absorption des nutriments<\/li>\n<li data-start=\"812\" data-end=\"1544\">Aide \u00e0 capter et \u00e9liminer les toxines<\/li>\n<li data-start=\"812\" data-end=\"1544\">Rafra\u00eechit et nourrit votre corps de l\u2019int\u00e9rieur<\/li>\n<\/ul>\n<p data-start=\"0\" data-end=\"280\">En utilisant <strong data-start=\"13\" data-end=\"30\">Yummie Greens<\/strong> chaque jour pendant votre cure d\u00e9tox, vous ne soutenez pas seulement l\u2019\u00e9limination des toxines, mais vous contribuez \u00e9galement \u00e0 une meilleure sant\u00e9 intestinale, \u00e0 une meilleure absorption des nutrimentset \u00e0 plus d\u2019\u00e9nergie au quotidien.<\/p>\n<p data-start=\"282\" data-end=\"343\" data-is-last-node=\"\" data-is-only-node=\"\"><strong>Un emballage contient 30 portions, soit un mois de cure.<\/strong><\/p>\n","protected":false},"excerpt":{"rendered":"<p data-start=\"61\" data-end=\"233\">Offrez \u00e0 votre corps un nouveau d\u00e9part avec le pack<strong data-start=\"108\" data-end=\"122\"> \u00ab\u00a0D\u00e9tox\u00a0\u00bb<\/strong>, id\u00e9al apr\u00e8s une p\u00e9riode d\u2019exc\u00e8s ou pour un soutien quotidien dans un monde rempli de pollution et de toxines.<\/p>\n<p data-start=\"235\" data-end=\"280\">Ce pack <strong>combine trois compl\u00e9ments puissants:<\/strong><\/p>\n<ul data-start=\"282\" data-end=\"346\">\n<li data-start=\"282\" data-end=\"304\">\n<p data-start=\"284\" data-end=\"304\"><strong data-start=\"284\" data-end=\"302\">Ultimate Detox<\/strong><\/p>\n<\/li>\n<li data-start=\"305\" data-end=\"326\">\n<p data-start=\"307\" data-end=\"326\"><strong data-start=\"307\" data-end=\"324\">Curcuma Boost<\/strong><\/p>\n<\/li>\n<li data-start=\"327\" data-end=\"346\">\n<p data-start=\"329\" data-end=\"346\"><strong data-start=\"329\" data-end=\"346\">Yummie Greens<\/strong><\/p>\n<\/li>\n<\/ul>\n<p data-start=\"348\" data-end=\"606\" data-is-last-node=\"\" data-is-only-node=\"\">Ensemble, ces trois suppl\u00e9ments soutiennent votre <strong data-start=\"398\" data-end=\"437\">foie dans l\u2019\u00e9limination des toxines<\/strong>, offrent une <strong data-start=\"451\" data-end=\"491\">protection contre le stress oxydatif<\/strong>, <strong data-start=\"493\" data-end=\"520\">nettoient les intestins<\/strong>, et favorisent une <strong data-start=\"540\" data-end=\"559\">digestion saine<\/strong> ainsi qu\u2019une <strong data-start=\"573\" data-end=\"605\">flore intestinale \u00e9quilibr\u00e9e<\/strong>.<\/p>\n","protected":false},"featured_media":1188238,"template":"","meta":{"_acf_changed":false,"om_disable_all_campaigns":false},"product_brand":[],"product_cat":[206,178],"product_tag":[],"class_list":{"0":"post-1126312","1":"product","2":"type-product","3":"status-publish","4":"has-post-thumbnail","6":"product_cat-les-packs","7":"product_cat-offre-reguliere","8":"sales-flash-overlay","9":"woocommerce-text-align-center","10":"woocommerce-image-align-center","11":"do-quantity-buttons","13":"first","14":"instock","15":"sale","16":"taxable","17":"shipping-taxable","18":"purchasable","19":"product-type-simple"},"acf":[],"yoast_head":"<!-- This site is optimized with the Yoast SEO plugin v27.4 - https:\/\/yoast.com\/product\/yoast-seo-wordpress\/ -->\n<title>Le Pack &quot;D\u00e9tox&quot; - Foodie<\/title>\n<meta name=\"description\" content=\"Offrez \u00e0 votre corps un nouveau d\u00e9part avec le pack &quot;D\u00e9tox&quot;, id\u00e9al apr\u00e8s une p\u00e9riode d\u2019exc\u00e8s ou pour un soutien quotidien dans un monde rempli de pollution et de toxines. Ce pack combine trois compl\u00e9ments puissants:     Ultimate Detox    Curcuma Boost    Yummie Greens   Ensemble, ces trois suppl\u00e9ments soutiennent votre foie dans l\u2019\u00e9limination des toxines, offrent une protection contre le stress oxydatif, nettoient les intestins, et favorisent une digestion saine ainsi qu\u2019une flore intestinale \u00e9quilibr\u00e9e.\" \/>\n<meta name=\"robots\" content=\"index, follow, max-snippet:-1, max-image-preview:large, max-video-preview:-1\" \/>\n<link rel=\"canonical\" href=\"https:\/\/www.foodie.nl\/fr\/produit\/le-pack-detox\/\" \/>\n<meta property=\"og:locale\" content=\"fr_FR\" \/>\n<meta property=\"og:type\" content=\"article\" \/>\n<meta property=\"og:title\" content=\"Le Pack &quot;D\u00e9tox&quot; - Foodie\" \/>\n<meta property=\"og:description\" content=\"Offrez \u00e0 votre corps un nouveau d\u00e9part avec le pack &quot;D\u00e9tox&quot;, id\u00e9al apr\u00e8s une p\u00e9riode d\u2019exc\u00e8s ou pour un soutien quotidien dans un monde rempli de pollution et de toxines. Ce pack combine trois compl\u00e9ments puissants:     Ultimate Detox    Curcuma Boost    Yummie Greens   Ensemble, ces trois suppl\u00e9ments soutiennent votre foie dans l\u2019\u00e9limination des toxines, offrent une protection contre le stress oxydatif, nettoient les intestins, et favorisent une digestion saine ainsi qu\u2019une flore intestinale \u00e9quilibr\u00e9e.\" \/>\n<meta property=\"og:url\" content=\"https:\/\/www.foodie.nl\/fr\/produit\/le-pack-detox\/\" \/>\n<meta property=\"og:site_name\" content=\"Foodie\" \/>\n<meta property=\"article:modified_time\" content=\"2025-08-26T12:12:23+00:00\" \/>\n<meta property=\"og:image\" content=\"https:\/\/www.foodie.nl\/app\/uploads\/2023\/01\/Producten-groepen-93-1024x1024.png\" \/>\n\t<meta property=\"og:image:width\" content=\"1024\" \/>\n\t<meta property=\"og:image:height\" content=\"1024\" \/>\n\t<meta property=\"og:image:type\" content=\"image\/png\" \/>\n<meta name=\"twitter:card\" content=\"summary_large_image\" \/>\n<meta name=\"twitter:label1\" content=\"Dur\u00e9e de lecture estim\u00e9e\" \/>\n\t<meta name=\"twitter:data1\" content=\"5 minutes\" \/>\n<script type=\"application\/ld+json\" class=\"yoast-schema-graph\">{\"@context\":\"https:\\\/\\\/schema.org\",\"@graph\":[{\"@type\":\"WebPage\",\"@id\":\"https:\\\/\\\/www.foodie.nl\\\/fr\\\/produit\\\/le-pack-detox\\\/\",\"url\":\"https:\\\/\\\/www.foodie.nl\\\/fr\\\/produit\\\/le-pack-detox\\\/\",\"name\":\"Le Pack \\\"D\u00e9tox\\\" - Foodie\",\"isPartOf\":{\"@id\":\"https:\\\/\\\/www.foodie.nl\\\/fr\\\/#website\"},\"primaryImageOfPage\":{\"@id\":\"https:\\\/\\\/www.foodie.nl\\\/fr\\\/produit\\\/le-pack-detox\\\/#primaryimage\"},\"image\":{\"@id\":\"https:\\\/\\\/www.foodie.nl\\\/fr\\\/produit\\\/le-pack-detox\\\/#primaryimage\"},\"thumbnailUrl\":\"https:\\\/\\\/www.foodie.nl\\\/app\\\/uploads\\\/2023\\\/01\\\/Producten-groepen-2026-02-16T131054.596.png\",\"datePublished\":\"2023-01-16T12:01:23+00:00\",\"dateModified\":\"2025-08-26T12:12:23+00:00\",\"description\":\"Offrez \u00e0 votre corps un nouveau d\u00e9part avec le pack \\\"D\u00e9tox\\\", id\u00e9al apr\u00e8s une p\u00e9riode d\u2019exc\u00e8s ou pour un soutien quotidien dans un monde rempli de pollution et de toxines. Ce pack combine trois compl\u00e9ments puissants: Ultimate Detox Curcuma Boost Yummie Greens Ensemble, ces trois suppl\u00e9ments soutiennent votre foie dans l\u2019\u00e9limination des toxines, offrent une protection contre le stress oxydatif, nettoient les intestins, et favorisent une digestion saine ainsi qu\u2019une flore intestinale \u00e9quilibr\u00e9e.\",\"breadcrumb\":{\"@id\":\"https:\\\/\\\/www.foodie.nl\\\/fr\\\/produit\\\/le-pack-detox\\\/#breadcrumb\"},\"inLanguage\":\"fr-FR\",\"potentialAction\":[{\"@type\":\"ReadAction\",\"target\":[\"https:\\\/\\\/www.foodie.nl\\\/fr\\\/produit\\\/le-pack-detox\\\/\"]}]},{\"@type\":\"ImageObject\",\"inLanguage\":\"fr-FR\",\"@id\":\"https:\\\/\\\/www.foodie.nl\\\/fr\\\/produit\\\/le-pack-detox\\\/#primaryimage\",\"url\":\"https:\\\/\\\/www.foodie.nl\\\/app\\\/uploads\\\/2023\\\/01\\\/Producten-groepen-2026-02-16T131054.596.png\",\"contentUrl\":\"https:\\\/\\\/www.foodie.nl\\\/app\\\/uploads\\\/2023\\\/01\\\/Producten-groepen-2026-02-16T131054.596.png\",\"width\":1600,\"height\":1600},{\"@type\":\"BreadcrumbList\",\"@id\":\"https:\\\/\\\/www.foodie.nl\\\/fr\\\/produit\\\/le-pack-detox\\\/#breadcrumb\",\"itemListElement\":[{\"@type\":\"ListItem\",\"position\":1,\"name\":\"Home\",\"item\":\"https:\\\/\\\/www.foodie.nl\\\/fr\\\/\"},{\"@type\":\"ListItem\",\"position\":2,\"name\":\"Produits\",\"item\":\"https:\\\/\\\/www.foodie.nl\\\/fr\\\/shop\\\/\"},{\"@type\":\"ListItem\",\"position\":3,\"name\":\"Le Pack &#8220;D\u00e9tox&#8221;\"}]},{\"@type\":\"WebSite\",\"@id\":\"https:\\\/\\\/www.foodie.nl\\\/fr\\\/#website\",\"url\":\"https:\\\/\\\/www.foodie.nl\\\/fr\\\/\",\"name\":\"Foodie\",\"description\":\"Elke Hap Telt\",\"publisher\":{\"@id\":\"https:\\\/\\\/www.foodie.nl\\\/fr\\\/#organization\"},\"potentialAction\":[{\"@type\":\"SearchAction\",\"target\":{\"@type\":\"EntryPoint\",\"urlTemplate\":\"https:\\\/\\\/www.foodie.nl\\\/fr\\\/?s={search_term_string}\"},\"query-input\":{\"@type\":\"PropertyValueSpecification\",\"valueRequired\":true,\"valueName\":\"search_term_string\"}}],\"inLanguage\":\"fr-FR\"},{\"@type\":\"Organization\",\"@id\":\"https:\\\/\\\/www.foodie.nl\\\/fr\\\/#organization\",\"name\":\"Foodie\",\"url\":\"https:\\\/\\\/www.foodie.nl\\\/fr\\\/\",\"logo\":{\"@type\":\"ImageObject\",\"inLanguage\":\"fr-FR\",\"@id\":\"https:\\\/\\\/www.foodie.nl\\\/fr\\\/#\\\/schema\\\/logo\\\/image\\\/\",\"url\":\"https:\\\/\\\/www.foodie.nl\\\/app\\\/uploads\\\/2025\\\/01\\\/logo-foodie-wide@2x.png\",\"contentUrl\":\"https:\\\/\\\/www.foodie.nl\\\/app\\\/uploads\\\/2025\\\/01\\\/logo-foodie-wide@2x.png\",\"width\":236,\"height\":128,\"caption\":\"Foodie\"},\"image\":{\"@id\":\"https:\\\/\\\/www.foodie.nl\\\/fr\\\/#\\\/schema\\\/logo\\\/image\\\/\"}}]}<\/script>\n<!-- \/ Yoast SEO plugin. -->","yoast_head_json":{"title":"Le Pack \"D\u00e9tox\" - Foodie","description":"Offrez \u00e0 votre corps un nouveau d\u00e9part avec le pack \"D\u00e9tox\", id\u00e9al apr\u00e8s une p\u00e9riode d\u2019exc\u00e8s ou pour un soutien quotidien dans un monde rempli de pollution et de toxines. Ce pack combine trois compl\u00e9ments puissants:     Ultimate Detox    Curcuma Boost    Yummie Greens   Ensemble, ces trois suppl\u00e9ments soutiennent votre foie dans l\u2019\u00e9limination des toxines, offrent une protection contre le stress oxydatif, nettoient les intestins, et favorisent une digestion saine ainsi qu\u2019une flore intestinale \u00e9quilibr\u00e9e.","robots":{"index":"index","follow":"follow","max-snippet":"max-snippet:-1","max-image-preview":"max-image-preview:large","max-video-preview":"max-video-preview:-1"},"canonical":"https:\/\/www.foodie.nl\/fr\/produit\/le-pack-detox\/","og_locale":"fr_FR","og_type":"article","og_title":"Le Pack \"D\u00e9tox\" - Foodie","og_description":"Offrez \u00e0 votre corps un nouveau d\u00e9part avec le pack \"D\u00e9tox\", id\u00e9al apr\u00e8s une p\u00e9riode d\u2019exc\u00e8s ou pour un soutien quotidien dans un monde rempli de pollution et de toxines. Ce pack combine trois compl\u00e9ments puissants:     Ultimate Detox    Curcuma Boost    Yummie Greens   Ensemble, ces trois suppl\u00e9ments soutiennent votre foie dans l\u2019\u00e9limination des toxines, offrent une protection contre le stress oxydatif, nettoient les intestins, et favorisent une digestion saine ainsi qu\u2019une flore intestinale \u00e9quilibr\u00e9e.","og_url":"https:\/\/www.foodie.nl\/fr\/produit\/le-pack-detox\/","og_site_name":"Foodie","article_modified_time":"2025-08-26T12:12:23+00:00","og_image":[{"width":1024,"height":1024,"url":"https:\/\/www.foodie.nl\/app\/uploads\/2023\/01\/Producten-groepen-93-1024x1024.png","type":"image\/png"}],"twitter_card":"summary_large_image","twitter_misc":{"Dur\u00e9e de lecture estim\u00e9e":"5 minutes"},"schema":{"@context":"https:\/\/schema.org","@graph":[{"@type":"WebPage","@id":"https:\/\/www.foodie.nl\/fr\/produit\/le-pack-detox\/","url":"https:\/\/www.foodie.nl\/fr\/produit\/le-pack-detox\/","name":"Le Pack \"D\u00e9tox\" - Foodie","isPartOf":{"@id":"https:\/\/www.foodie.nl\/fr\/#website"},"primaryImageOfPage":{"@id":"https:\/\/www.foodie.nl\/fr\/produit\/le-pack-detox\/#primaryimage"},"image":{"@id":"https:\/\/www.foodie.nl\/fr\/produit\/le-pack-detox\/#primaryimage"},"thumbnailUrl":"https:\/\/www.foodie.nl\/app\/uploads\/2023\/01\/Producten-groepen-2026-02-16T131054.596.png","datePublished":"2023-01-16T12:01:23+00:00","dateModified":"2025-08-26T12:12:23+00:00","description":"Offrez \u00e0 votre corps un nouveau d\u00e9part avec le pack \"D\u00e9tox\", id\u00e9al apr\u00e8s une p\u00e9riode d\u2019exc\u00e8s ou pour un soutien quotidien dans un monde rempli de pollution et de toxines. Ce pack combine trois compl\u00e9ments puissants: Ultimate Detox Curcuma Boost Yummie Greens Ensemble, ces trois suppl\u00e9ments soutiennent votre foie dans l\u2019\u00e9limination des toxines, offrent une protection contre le stress oxydatif, nettoient les intestins, et favorisent une digestion saine ainsi qu\u2019une flore intestinale \u00e9quilibr\u00e9e.","breadcrumb":{"@id":"https:\/\/www.foodie.nl\/fr\/produit\/le-pack-detox\/#breadcrumb"},"inLanguage":"fr-FR","potentialAction":[{"@type":"ReadAction","target":["https:\/\/www.foodie.nl\/fr\/produit\/le-pack-detox\/"]}]},{"@type":"ImageObject","inLanguage":"fr-FR","@id":"https:\/\/www.foodie.nl\/fr\/produit\/le-pack-detox\/#primaryimage","url":"https:\/\/www.foodie.nl\/app\/uploads\/2023\/01\/Producten-groepen-2026-02-16T131054.596.png","contentUrl":"https:\/\/www.foodie.nl\/app\/uploads\/2023\/01\/Producten-groepen-2026-02-16T131054.596.png","width":1600,"height":1600},{"@type":"BreadcrumbList","@id":"https:\/\/www.foodie.nl\/fr\/produit\/le-pack-detox\/#breadcrumb","itemListElement":[{"@type":"ListItem","position":1,"name":"Home","item":"https:\/\/www.foodie.nl\/fr\/"},{"@type":"ListItem","position":2,"name":"Produits","item":"https:\/\/www.foodie.nl\/fr\/shop\/"},{"@type":"ListItem","position":3,"name":"Le Pack &#8220;D\u00e9tox&#8221;"}]},{"@type":"WebSite","@id":"https:\/\/www.foodie.nl\/fr\/#website","url":"https:\/\/www.foodie.nl\/fr\/","name":"Foodie","description":"Elke Hap Telt","publisher":{"@id":"https:\/\/www.foodie.nl\/fr\/#organization"},"potentialAction":[{"@type":"SearchAction","target":{"@type":"EntryPoint","urlTemplate":"https:\/\/www.foodie.nl\/fr\/?s={search_term_string}"},"query-input":{"@type":"PropertyValueSpecification","valueRequired":true,"valueName":"search_term_string"}}],"inLanguage":"fr-FR"},{"@type":"Organization","@id":"https:\/\/www.foodie.nl\/fr\/#organization","name":"Foodie","url":"https:\/\/www.foodie.nl\/fr\/","logo":{"@type":"ImageObject","inLanguage":"fr-FR","@id":"https:\/\/www.foodie.nl\/fr\/#\/schema\/logo\/image\/","url":"https:\/\/www.foodie.nl\/app\/uploads\/2025\/01\/logo-foodie-wide@2x.png","contentUrl":"https:\/\/www.foodie.nl\/app\/uploads\/2025\/01\/logo-foodie-wide@2x.png","width":236,"height":128,"caption":"Foodie"},"image":{"@id":"https:\/\/www.foodie.nl\/fr\/#\/schema\/logo\/image\/"}}]}},"_links":{"self":[{"href":"https:\/\/www.foodie.nl\/fr\/wp-json\/wp\/v2\/product\/1126312","targetHints":{"allow":["GET"]}}],"collection":[{"href":"https:\/\/www.foodie.nl\/fr\/wp-json\/wp\/v2\/product"}],"about":[{"href":"https:\/\/www.foodie.nl\/fr\/wp-json\/wp\/v2\/types\/product"}],"wp:featuredmedia":[{"embeddable":true,"href":"https:\/\/www.foodie.nl\/fr\/wp-json\/wp\/v2\/media\/1188238"}],"wp:attachment":[{"href":"https:\/\/www.foodie.nl\/fr\/wp-json\/wp\/v2\/media?parent=1126312"}],"wp:term":[{"taxonomy":"product_brand","embeddable":true,"href":"https:\/\/www.foodie.nl\/fr\/wp-json\/wp\/v2\/product_brand?post=1126312"},{"taxonomy":"product_cat","embeddable":true,"href":"https:\/\/www.foodie.nl\/fr\/wp-json\/wp\/v2\/product_cat?post=1126312"},{"taxonomy":"product_tag","embeddable":true,"href":"https:\/\/www.foodie.nl\/fr\/wp-json\/wp\/v2\/product_tag?post=1126312"}],"curies":[{"name":"wp","href":"https:\/\/api.w.org\/{rel}","templated":true}]}}