{"id":1126313,"date":"2023-01-16T09:38:29","date_gmt":"2023-01-16T08:38:29","guid":{"rendered":"https:\/\/www.foodie.nl\/product\/offre-groupee-de-perte-de-poids-facile\/"},"modified":"2025-08-26T14:13:42","modified_gmt":"2025-08-26T12:13:42","slug":"le-pack-perte-de-poids","status":"publish","type":"product","link":"https:\/\/www.foodie.nl\/fr\/produit\/le-pack-perte-de-poids\/","title":{"rendered":"Le Pack \u00ab\u00a0Perte de poids\u00a0\u00bb"},"content":{"rendered":"<p>Le pack \u00ab\u00a0Perte de poids\u00a0\u00bb comprend:<\/p>\n<h3><strong>Ultimate MCT Powder<\/strong><\/h3>\n<p>Pour un poids sain, il est important de fournir \u00e0 votre corps une \u00e9nergie saine qui ne provoque pas de pics de glyc\u00e9mie. <strong data-start=\"334\" data-end=\"357\">Ultimate MCT Powder<\/strong> fournit des acides gras MCT de haute qualit\u00e9 issus de l\u2019huile de coco, adapt\u00e9s comme substitut sain au sucre et comme source d\u2019\u00e9nergie. Fabriqu\u00e9 <strong>avec des noix de coco PalmFreeMCT (Veganergy\u00ae) brevet\u00e9es.<\/strong><\/p>\n<p>Les acides gras MCT sont rapidement absorb\u00e9s et utilis\u00e9s comme carburant direct, vous permettant de rester \u00e9nergique tout au long de la journ\u00e9e sans fluctuations de glyc\u00e9mie.<\/p>\n<p>Les grands fabricants alimentaires veulent nous faire croire que le sucre est la meilleure source d\u2019\u00e9nergie. Mais c\u2019est loin d\u2019\u00eatre vrai. Les acides gras MCT sont une excellente source d\u2019\u00e9nergie car ils maintiennent votre glyc\u00e9mie stable.<\/p>\n<p>Ultimate MCT Powder est la poudre MCT ultime, fabriqu\u00e9e \u00e0 partir d\u2019huile de coco, du PalmFreeMCT brevet\u00e9 (Veganergy\u00ae).<\/p>\n<ul>\n<li>1 pot contient 200 grammes, soit 20 portions<\/li>\n<li>Compatible Keto et Paleo, pauvre en glucides, sans lactose, sans gluten et sans OGM<\/li>\n<li>Fournit une \u00e9nergie propre et stable<\/li>\n<li>Soutient une glyc\u00e9mie constante<\/li>\n<li>Fabriqu\u00e9 \u00e0 partir d\u2019huile de coco avec PalmFreeMCT (Veganergy\u00ae)<\/li>\n<li>Id\u00e9al dans le caf\u00e9, les smoothies ou les shakes<\/li>\n<li>100% pur, vegan et facilement soluble<\/li>\n<\/ul>\n<p><strong data-start=\"1102\" data-end=\"1125\">Ultimate MCT Powder<\/strong> vous aide de mani\u00e8re simple \u00e0 rester \u00e9nergique et \u00e0 soutenir la combustion des graisses, chaque jour.<\/p>\n<h3><strong>Ultimate Metabolic Support<\/strong><\/h3>\n<p>Une glyc\u00e9mie stable et une bonne sensibilit\u00e9 \u00e0 l\u2019insuline sont <strong>essentielles pour la gestion du poids, le niveau d\u2019\u00e9nergie et la combustion des graisses.<\/strong> <strong data-start=\"1419\" data-end=\"1449\">Ultimate Metabolic Support<\/strong> combine 5 extraits naturels tels que Reducose\u00ae (extrait de feuille de m\u00fbrier), extrait de melon amer, Gymnema Sylvestre, extrait de th\u00e9 vert et picolinate de chrome pour soutenir de mani\u00e8re optimale votre m\u00e9tabolisme du sucre et des graisses.<\/p>\n<p>L\u2019ingr\u00e9dient le plus unique de la formule est <strong>le Reducose\u00ae brevet\u00e9,<\/strong> un extrait de feuille de m\u00fbrier qui a montr\u00e9 dans des \u00e9tudes scientifiques qu\u2019il <strong>r\u00e9duit<\/strong> <strong>l\u2019absorption des sucres des repas riches en glucides jusqu\u2019\u00e0 40%.<\/strong> Cela aide \u00e0 r\u00e9duire les pics de glyc\u00e9mie apr\u00e8s les repas, ce qui limite le stockage des sucres sous forme de graisses dans votre corps.<\/p>\n<ul>\n<li>1 emballage contient 60 capsules, suffisant pour 1 mois \u00e0 raison de 2 capsules par jour lors du repas principal<\/li>\n<li>Soutient une glyc\u00e9mie stable<\/li>\n<li>Aide \u00e0 r\u00e9duire l\u2019envie de sucre et les fringales<\/li>\n<li>Stimule la combustion des graisses et la d\u00e9pense \u00e9nerg\u00e9tique<\/li>\n<li>Contient Reducose\u00ae pour r\u00e9duire l\u2019absorption des sucres apr\u00e8s les repas<\/li>\n<li>Avec extrait de th\u00e9 vert (50 % EGCG) pour soutenir la combustion des graisses<\/li>\n<li>Pur et sans additifs artificiels<\/li>\n<\/ul>\n<h3><strong>Ultimate Apple Cider Vinegar<\/strong><\/h3>\n<p><strong data-start=\"2542\" data-end=\"2574\">Ultimate Apple Cider Vinegar<\/strong> offre les bienfaits du vinaigre de cidre de pomme dans une formule avanc\u00e9e, <strong>combin\u00e9e avec de la cannelle de Ceylan, du<\/strong> <strong>gingembre, du poivre de Cayenne et du Bioperine\u00ae<\/strong> pour une absorption et une efficacit\u00e9 maximales<\/p>\n<p>La cannelle de Ceylan aide \u00e0 maintenir une glyc\u00e9mie stable, le gingembre soutient la digestion, le poivre de Cayenne stimule la combustion des graisses et le Bioperine\u00ae augmente l\u2019absorption et l\u2019efficacit\u00e9 de tous les ingr\u00e9dients pr\u00e9c\u00e9dents.<\/p>\n<p>Ce m\u00e9lange unique soutient une digestion saine, aide \u00e0 la gestion du poids et contribue \u00e0 une glyc\u00e9mie stable dans le cadre d\u2019un mode de vie sain.<\/p>\n<ul>\n<li>1 emballage contient 60 capsules pour un mois \u00e0 raison de 2 capsules par jour<\/li>\n<li>Soutient une digestion saine<\/li>\n<li>Contribue \u00e0 la gestion du poids<\/li>\n<li>Soutient une glyc\u00e9mie stable<\/li>\n<li>Avec cannelle de Ceylan, gingembre, poivre de Cayenne et Bioperine\u00ae<\/li>\n<li>Pur et sans additifs artificiels<\/li>\n<\/ul>\n<p>&nbsp;<\/p>\n","protected":false},"excerpt":{"rendered":"<p data-start=\"75\" data-end=\"464\">Le pack <strong>Perte de poids<\/strong>\u00a0combine <strong data-start=\"116\" data-end=\"160\">trois puissants compl\u00e9ments alimentaires<\/strong> \u2013 <strong data-start=\"163\" data-end=\"193\">Ultimate Metabolic Support<\/strong>, <strong data-start=\"195\" data-end=\"218\">Ultimate MCT Powder<\/strong> et <strong data-start=\"222\" data-end=\"254\">Ultimate Apple Cider Vinegar<\/strong> \u2013 qui se compl\u00e8tent pour soutenir votre corps dans l<strong>e maintien d\u2019une glyc\u00e9mie stable, la stimulation de la combustion des graisses, la r\u00e9duction de l\u2019absorption du sucre et le maintien d\u2019une \u00e9nergie constante.<\/strong><\/p>\n<p data-start=\"466\" data-end=\"599\">Avec ce pack, vous disposez d\u2019un outil simple et efficace<strong> pour une gestion saine du poids, sans \u00e9tapes strictes et compliqu\u00e9es.<\/strong><\/p>\n<p>&nbsp;<\/p>\n","protected":false},"featured_media":1188256,"template":"","meta":{"_acf_changed":false,"om_disable_all_campaigns":false},"product_brand":[],"product_cat":[206,178],"product_tag":[],"class_list":{"0":"post-1126313","1":"product","2":"type-product","3":"status-publish","4":"has-post-thumbnail","6":"product_cat-les-packs","7":"product_cat-offre-reguliere","8":"sales-flash-overlay","9":"woocommerce-text-align-center","10":"woocommerce-image-align-center","11":"do-quantity-buttons","13":"first","14":"instock","15":"sale","16":"taxable","17":"shipping-taxable","18":"purchasable","19":"product-type-simple"},"acf":[],"yoast_head":"<!-- This site is optimized with the Yoast SEO plugin v27.4 - https:\/\/yoast.com\/product\/yoast-seo-wordpress\/ -->\n<title>Le Pack &quot;Perte de poids&quot; - Foodie<\/title>\n<meta name=\"description\" content=\"Le pack Perte de poids\u00a0combine trois puissants compl\u00e9ments alimentaires \u2013 Ultimate Metabolic Support, Ultimate MCT Powder et Ultimate Apple Cider Vinegar \u2013 qui se compl\u00e8tent pour soutenir votre corps dans le maintien d\u2019une glyc\u00e9mie stable, la stimulation de la combustion des graisses, la r\u00e9duction de l\u2019absorption du sucre et le maintien d\u2019une \u00e9nergie constante. Avec ce pack, vous disposez d\u2019un outil simple et efficace pour une gestion saine du poids, sans \u00e9tapes strictes et compliqu\u00e9es. &nbsp;\" \/>\n<meta name=\"robots\" content=\"index, follow, max-snippet:-1, max-image-preview:large, max-video-preview:-1\" \/>\n<link rel=\"canonical\" href=\"https:\/\/www.foodie.nl\/fr\/produit\/le-pack-perte-de-poids\/\" \/>\n<meta property=\"og:locale\" content=\"fr_FR\" \/>\n<meta property=\"og:type\" content=\"article\" \/>\n<meta property=\"og:title\" content=\"Le Pack &quot;Perte de poids&quot; - Foodie\" \/>\n<meta property=\"og:description\" content=\"Le pack Perte de poids\u00a0combine trois puissants compl\u00e9ments alimentaires \u2013 Ultimate Metabolic Support, Ultimate MCT Powder et Ultimate Apple Cider Vinegar \u2013 qui se compl\u00e8tent pour soutenir votre corps dans le maintien d\u2019une glyc\u00e9mie stable, la stimulation de la combustion des graisses, la r\u00e9duction de l\u2019absorption du sucre et le maintien d\u2019une \u00e9nergie constante. Avec ce pack, vous disposez d\u2019un outil simple et efficace pour une gestion saine du poids, sans \u00e9tapes strictes et compliqu\u00e9es. &nbsp;\" \/>\n<meta property=\"og:url\" content=\"https:\/\/www.foodie.nl\/fr\/produit\/le-pack-perte-de-poids\/\" \/>\n<meta property=\"og:site_name\" content=\"Foodie\" \/>\n<meta property=\"article:modified_time\" content=\"2025-08-26T12:13:42+00:00\" \/>\n<meta property=\"og:image\" content=\"https:\/\/www.foodie.nl\/app\/uploads\/2025\/05\/Producten-groepen-68-1024x1024.png\" \/>\n\t<meta property=\"og:image:width\" content=\"1024\" \/>\n\t<meta property=\"og:image:height\" content=\"1024\" \/>\n\t<meta property=\"og:image:type\" content=\"image\/png\" \/>\n<meta name=\"twitter:card\" content=\"summary_large_image\" \/>\n<meta name=\"twitter:label1\" content=\"Dur\u00e9e de lecture estim\u00e9e\" \/>\n\t<meta name=\"twitter:data1\" content=\"4 minutes\" \/>\n<script type=\"application\/ld+json\" class=\"yoast-schema-graph\">{\"@context\":\"https:\\\/\\\/schema.org\",\"@graph\":[{\"@type\":\"WebPage\",\"@id\":\"https:\\\/\\\/www.foodie.nl\\\/fr\\\/produit\\\/le-pack-perte-de-poids\\\/\",\"url\":\"https:\\\/\\\/www.foodie.nl\\\/fr\\\/produit\\\/le-pack-perte-de-poids\\\/\",\"name\":\"Le Pack \\\"Perte de poids\\\" - Foodie\",\"isPartOf\":{\"@id\":\"https:\\\/\\\/www.foodie.nl\\\/fr\\\/#website\"},\"primaryImageOfPage\":{\"@id\":\"https:\\\/\\\/www.foodie.nl\\\/fr\\\/produit\\\/le-pack-perte-de-poids\\\/#primaryimage\"},\"image\":{\"@id\":\"https:\\\/\\\/www.foodie.nl\\\/fr\\\/produit\\\/le-pack-perte-de-poids\\\/#primaryimage\"},\"thumbnailUrl\":\"https:\\\/\\\/www.foodie.nl\\\/app\\\/uploads\\\/2023\\\/01\\\/Producten-groepen-2026-02-16T132356.779.png\",\"datePublished\":\"2023-01-16T08:38:29+00:00\",\"dateModified\":\"2025-08-26T12:13:42+00:00\",\"description\":\"Le pack Perte de poids\u00a0combine trois puissants compl\u00e9ments alimentaires \u2013 Ultimate Metabolic Support, Ultimate MCT Powder et Ultimate Apple Cider Vinegar \u2013 qui se compl\u00e8tent pour soutenir votre corps dans le maintien d\u2019une glyc\u00e9mie stable, la stimulation de la combustion des graisses, la r\u00e9duction de l\u2019absorption du sucre et le maintien d\u2019une \u00e9nergie constante. Avec ce pack, vous disposez d\u2019un outil simple et efficace pour une gestion saine du poids, sans \u00e9tapes strictes et compliqu\u00e9es. &nbsp;\",\"breadcrumb\":{\"@id\":\"https:\\\/\\\/www.foodie.nl\\\/fr\\\/produit\\\/le-pack-perte-de-poids\\\/#breadcrumb\"},\"inLanguage\":\"fr-FR\",\"potentialAction\":[{\"@type\":\"ReadAction\",\"target\":[\"https:\\\/\\\/www.foodie.nl\\\/fr\\\/produit\\\/le-pack-perte-de-poids\\\/\"]}]},{\"@type\":\"ImageObject\",\"inLanguage\":\"fr-FR\",\"@id\":\"https:\\\/\\\/www.foodie.nl\\\/fr\\\/produit\\\/le-pack-perte-de-poids\\\/#primaryimage\",\"url\":\"https:\\\/\\\/www.foodie.nl\\\/app\\\/uploads\\\/2023\\\/01\\\/Producten-groepen-2026-02-16T132356.779.png\",\"contentUrl\":\"https:\\\/\\\/www.foodie.nl\\\/app\\\/uploads\\\/2023\\\/01\\\/Producten-groepen-2026-02-16T132356.779.png\",\"width\":1600,\"height\":1600},{\"@type\":\"BreadcrumbList\",\"@id\":\"https:\\\/\\\/www.foodie.nl\\\/fr\\\/produit\\\/le-pack-perte-de-poids\\\/#breadcrumb\",\"itemListElement\":[{\"@type\":\"ListItem\",\"position\":1,\"name\":\"Home\",\"item\":\"https:\\\/\\\/www.foodie.nl\\\/fr\\\/\"},{\"@type\":\"ListItem\",\"position\":2,\"name\":\"Produits\",\"item\":\"https:\\\/\\\/www.foodie.nl\\\/fr\\\/shop\\\/\"},{\"@type\":\"ListItem\",\"position\":3,\"name\":\"Le Pack &#8220;Perte de poids&#8221;\"}]},{\"@type\":\"WebSite\",\"@id\":\"https:\\\/\\\/www.foodie.nl\\\/fr\\\/#website\",\"url\":\"https:\\\/\\\/www.foodie.nl\\\/fr\\\/\",\"name\":\"Foodie\",\"description\":\"Elke Hap Telt\",\"publisher\":{\"@id\":\"https:\\\/\\\/www.foodie.nl\\\/fr\\\/#organization\"},\"potentialAction\":[{\"@type\":\"SearchAction\",\"target\":{\"@type\":\"EntryPoint\",\"urlTemplate\":\"https:\\\/\\\/www.foodie.nl\\\/fr\\\/?s={search_term_string}\"},\"query-input\":{\"@type\":\"PropertyValueSpecification\",\"valueRequired\":true,\"valueName\":\"search_term_string\"}}],\"inLanguage\":\"fr-FR\"},{\"@type\":\"Organization\",\"@id\":\"https:\\\/\\\/www.foodie.nl\\\/fr\\\/#organization\",\"name\":\"Foodie\",\"url\":\"https:\\\/\\\/www.foodie.nl\\\/fr\\\/\",\"logo\":{\"@type\":\"ImageObject\",\"inLanguage\":\"fr-FR\",\"@id\":\"https:\\\/\\\/www.foodie.nl\\\/fr\\\/#\\\/schema\\\/logo\\\/image\\\/\",\"url\":\"https:\\\/\\\/www.foodie.nl\\\/app\\\/uploads\\\/2025\\\/01\\\/logo-foodie-wide@2x.png\",\"contentUrl\":\"https:\\\/\\\/www.foodie.nl\\\/app\\\/uploads\\\/2025\\\/01\\\/logo-foodie-wide@2x.png\",\"width\":236,\"height\":128,\"caption\":\"Foodie\"},\"image\":{\"@id\":\"https:\\\/\\\/www.foodie.nl\\\/fr\\\/#\\\/schema\\\/logo\\\/image\\\/\"}}]}<\/script>\n<!-- \/ Yoast SEO plugin. -->","yoast_head_json":{"title":"Le Pack \"Perte de poids\" - Foodie","description":"Le pack Perte de poids\u00a0combine trois puissants compl\u00e9ments alimentaires \u2013 Ultimate Metabolic Support, Ultimate MCT Powder et Ultimate Apple Cider Vinegar \u2013 qui se compl\u00e8tent pour soutenir votre corps dans le maintien d\u2019une glyc\u00e9mie stable, la stimulation de la combustion des graisses, la r\u00e9duction de l\u2019absorption du sucre et le maintien d\u2019une \u00e9nergie constante. Avec ce pack, vous disposez d\u2019un outil simple et efficace pour une gestion saine du poids, sans \u00e9tapes strictes et compliqu\u00e9es. &nbsp;","robots":{"index":"index","follow":"follow","max-snippet":"max-snippet:-1","max-image-preview":"max-image-preview:large","max-video-preview":"max-video-preview:-1"},"canonical":"https:\/\/www.foodie.nl\/fr\/produit\/le-pack-perte-de-poids\/","og_locale":"fr_FR","og_type":"article","og_title":"Le Pack \"Perte de poids\" - Foodie","og_description":"Le pack Perte de poids\u00a0combine trois puissants compl\u00e9ments alimentaires \u2013 Ultimate Metabolic Support, Ultimate MCT Powder et Ultimate Apple Cider Vinegar \u2013 qui se compl\u00e8tent pour soutenir votre corps dans le maintien d\u2019une glyc\u00e9mie stable, la stimulation de la combustion des graisses, la r\u00e9duction de l\u2019absorption du sucre et le maintien d\u2019une \u00e9nergie constante. Avec ce pack, vous disposez d\u2019un outil simple et efficace pour une gestion saine du poids, sans \u00e9tapes strictes et compliqu\u00e9es. &nbsp;","og_url":"https:\/\/www.foodie.nl\/fr\/produit\/le-pack-perte-de-poids\/","og_site_name":"Foodie","article_modified_time":"2025-08-26T12:13:42+00:00","og_image":[{"width":1024,"height":1024,"url":"https:\/\/www.foodie.nl\/app\/uploads\/2025\/05\/Producten-groepen-68-1024x1024.png","type":"image\/png"}],"twitter_card":"summary_large_image","twitter_misc":{"Dur\u00e9e de lecture estim\u00e9e":"4 minutes"},"schema":{"@context":"https:\/\/schema.org","@graph":[{"@type":"WebPage","@id":"https:\/\/www.foodie.nl\/fr\/produit\/le-pack-perte-de-poids\/","url":"https:\/\/www.foodie.nl\/fr\/produit\/le-pack-perte-de-poids\/","name":"Le Pack \"Perte de poids\" - Foodie","isPartOf":{"@id":"https:\/\/www.foodie.nl\/fr\/#website"},"primaryImageOfPage":{"@id":"https:\/\/www.foodie.nl\/fr\/produit\/le-pack-perte-de-poids\/#primaryimage"},"image":{"@id":"https:\/\/www.foodie.nl\/fr\/produit\/le-pack-perte-de-poids\/#primaryimage"},"thumbnailUrl":"https:\/\/www.foodie.nl\/app\/uploads\/2023\/01\/Producten-groepen-2026-02-16T132356.779.png","datePublished":"2023-01-16T08:38:29+00:00","dateModified":"2025-08-26T12:13:42+00:00","description":"Le pack Perte de poids\u00a0combine trois puissants compl\u00e9ments alimentaires \u2013 Ultimate Metabolic Support, Ultimate MCT Powder et Ultimate Apple Cider Vinegar \u2013 qui se compl\u00e8tent pour soutenir votre corps dans le maintien d\u2019une glyc\u00e9mie stable, la stimulation de la combustion des graisses, la r\u00e9duction de l\u2019absorption du sucre et le maintien d\u2019une \u00e9nergie constante. Avec ce pack, vous disposez d\u2019un outil simple et efficace pour une gestion saine du poids, sans \u00e9tapes strictes et compliqu\u00e9es. &nbsp;","breadcrumb":{"@id":"https:\/\/www.foodie.nl\/fr\/produit\/le-pack-perte-de-poids\/#breadcrumb"},"inLanguage":"fr-FR","potentialAction":[{"@type":"ReadAction","target":["https:\/\/www.foodie.nl\/fr\/produit\/le-pack-perte-de-poids\/"]}]},{"@type":"ImageObject","inLanguage":"fr-FR","@id":"https:\/\/www.foodie.nl\/fr\/produit\/le-pack-perte-de-poids\/#primaryimage","url":"https:\/\/www.foodie.nl\/app\/uploads\/2023\/01\/Producten-groepen-2026-02-16T132356.779.png","contentUrl":"https:\/\/www.foodie.nl\/app\/uploads\/2023\/01\/Producten-groepen-2026-02-16T132356.779.png","width":1600,"height":1600},{"@type":"BreadcrumbList","@id":"https:\/\/www.foodie.nl\/fr\/produit\/le-pack-perte-de-poids\/#breadcrumb","itemListElement":[{"@type":"ListItem","position":1,"name":"Home","item":"https:\/\/www.foodie.nl\/fr\/"},{"@type":"ListItem","position":2,"name":"Produits","item":"https:\/\/www.foodie.nl\/fr\/shop\/"},{"@type":"ListItem","position":3,"name":"Le Pack &#8220;Perte de poids&#8221;"}]},{"@type":"WebSite","@id":"https:\/\/www.foodie.nl\/fr\/#website","url":"https:\/\/www.foodie.nl\/fr\/","name":"Foodie","description":"Elke Hap Telt","publisher":{"@id":"https:\/\/www.foodie.nl\/fr\/#organization"},"potentialAction":[{"@type":"SearchAction","target":{"@type":"EntryPoint","urlTemplate":"https:\/\/www.foodie.nl\/fr\/?s={search_term_string}"},"query-input":{"@type":"PropertyValueSpecification","valueRequired":true,"valueName":"search_term_string"}}],"inLanguage":"fr-FR"},{"@type":"Organization","@id":"https:\/\/www.foodie.nl\/fr\/#organization","name":"Foodie","url":"https:\/\/www.foodie.nl\/fr\/","logo":{"@type":"ImageObject","inLanguage":"fr-FR","@id":"https:\/\/www.foodie.nl\/fr\/#\/schema\/logo\/image\/","url":"https:\/\/www.foodie.nl\/app\/uploads\/2025\/01\/logo-foodie-wide@2x.png","contentUrl":"https:\/\/www.foodie.nl\/app\/uploads\/2025\/01\/logo-foodie-wide@2x.png","width":236,"height":128,"caption":"Foodie"},"image":{"@id":"https:\/\/www.foodie.nl\/fr\/#\/schema\/logo\/image\/"}}]}},"_links":{"self":[{"href":"https:\/\/www.foodie.nl\/fr\/wp-json\/wp\/v2\/product\/1126313","targetHints":{"allow":["GET"]}}],"collection":[{"href":"https:\/\/www.foodie.nl\/fr\/wp-json\/wp\/v2\/product"}],"about":[{"href":"https:\/\/www.foodie.nl\/fr\/wp-json\/wp\/v2\/types\/product"}],"wp:featuredmedia":[{"embeddable":true,"href":"https:\/\/www.foodie.nl\/fr\/wp-json\/wp\/v2\/media\/1188256"}],"wp:attachment":[{"href":"https:\/\/www.foodie.nl\/fr\/wp-json\/wp\/v2\/media?parent=1126313"}],"wp:term":[{"taxonomy":"product_brand","embeddable":true,"href":"https:\/\/www.foodie.nl\/fr\/wp-json\/wp\/v2\/product_brand?post=1126313"},{"taxonomy":"product_cat","embeddable":true,"href":"https:\/\/www.foodie.nl\/fr\/wp-json\/wp\/v2\/product_cat?post=1126313"},{"taxonomy":"product_tag","embeddable":true,"href":"https:\/\/www.foodie.nl\/fr\/wp-json\/wp\/v2\/product_tag?post=1126313"}],"curies":[{"name":"wp","href":"https:\/\/api.w.org\/{rel}","templated":true}]}}