{"id":1126314,"date":"2023-01-16T07:27:06","date_gmt":"2023-01-16T06:27:06","guid":{"rendered":"https:\/\/www.foodie.nl\/product\/loffre-groupee-moins-de-stress\/"},"modified":"2025-08-26T14:15:22","modified_gmt":"2025-08-26T12:15:22","slug":"le-pack-moins-de-stress","status":"publish","type":"product","link":"https:\/\/www.foodie.nl\/fr\/produit\/le-pack-moins-de-stress\/","title":{"rendered":"Le Pack \u00ab\u00a0Moins de stress\u00a0\u00bb"},"content":{"rendered":"<p>Le pack <strong data-start=\"98\" data-end=\"122\">Moins de Stress <\/strong>contient:<\/p>\n<h3><strong>Magn\u00e9sium Boost<\/strong><\/h3>\n<p data-start=\"161\" data-end=\"443\">Un corps d\u00e9tendu commence par un bon \u00e9quilibre en <strong data-start=\"211\" data-end=\"224\">magn\u00e9sium<\/strong>. <strong data-start=\"226\" data-end=\"245\">Magn\u00e9sium Boost<\/strong> contient trois formes organiques et de haute qualit\u00e9 de magn\u00e9sium \u2013 <strong data-start=\"314\" data-end=\"379\">Magn\u00e9sium Malate, Magn\u00e9sium Citrate et Magn\u00e9sium Bisglycinate<\/strong> \u2013 reconnues pour leur excellente absorption et leur efficacit\u00e9.<\/p>\n<p data-start=\"445\" data-end=\"791\">Le <strong data-start=\"448\" data-end=\"461\">magn\u00e9sium<\/strong> est connu comme le \u00ab min\u00e9ral calmant \u00bb et aide le corps et l\u2019esprit \u00e0 se d\u00e9tendre. Il contribue \u00e0 r\u00e9duire les tensions et les crampes musculaires et favorise un sommeil plus profond et plus relaxant. De plus, le magn\u00e9sium aide \u00e0 r\u00e9duire la fatigue et les sensations de stress et soutient le bon fonctionnement du syst\u00e8me nerveux.<\/p>\n<p data-start=\"793\" data-end=\"1138\">Ce qui rend <strong data-start=\"805\" data-end=\"824\">Magn\u00e9sium Boost<\/strong> unique, c\u2019est l\u2019<strong data-start=\"841\" data-end=\"859\">Absorb Complex<\/strong>: une combinaison intelligente de <strong data-start=\"894\" data-end=\"997\">vitamine B6, vitamine B9 \u2013 acide folique actif (Quatrefolic\u00ae), vitamine B12, vitamine D3 et taurine<\/strong>. Ce complexe soutient l\u2019absorption et l\u2019efficacit\u00e9 du magn\u00e9sium, permettant \u00e0 votre corps de profiter pleinement de ses bienfaits relaxants.<\/p>\n<ul>\n<li>Aide \u00e0 r\u00e9duire la fatigue et l\u2019\u00e9puisement<\/li>\n<li>Contribue aux fonctions c\u00e9r\u00e9brales.<\/li>\n<li>Aide en cas de crampes musculaires (nocturnes)<\/li>\n<li>Aide \u00e0 r\u00e9duire les tensions et sensations de stress<\/li>\n<li>Contribue \u00e0 des dents solides<\/li>\n<li>Contribue \u00e0 des os solide<\/li>\n<li>Avec Absorb Complex pour une absorption optimal<\/li>\n<li>Trois formes hautement biodisponibles en une seule capsule<\/li>\n<\/ul>\n<p>1 emballage de <strong>Magn\u00e9sium Boost<\/strong> contient 60 capsules, soit un mois de cure.<\/p>\n<h3><strong>Ultimate Ashwagandha<\/strong><\/h3>\n<p data-start=\"106\" data-end=\"337\"><strong data-start=\"106\" data-end=\"130\">Ultimate Ashwagandha<\/strong> est votre soutien naturel en p\u00e9riode de stress. Cette formule puissante combine l\u2019extrait brevet\u00e9 <strong data-start=\"229\" data-end=\"252\">KSM-66\u00ae Ashwagandha<\/strong>, <strong data-start=\"254\" data-end=\"276\">Holy Basil (Tulsi)<\/strong>, <strong data-start=\"278\" data-end=\"289\">biotine<\/strong> et <strong data-start=\"293\" data-end=\"307\">Bioperine\u00ae<\/strong> pour une absorption optimale.<\/p>\n<p data-start=\"339\" data-end=\"622\"><strong data-start=\"339\" data-end=\"375\">Ashwagandha (Withania Somnifera)<\/strong> est connue depuis des si\u00e8cles comme un puissant adaptog\u00e8ne qui vous aide \u00e0 mieux g\u00e9rer le stress, la tension et la fatigue. Elle soutient l\u2019\u00e9quilibre naturel du corps, aide \u00e0 maintenir la r\u00e9silience mentale et favorise la tranquillit\u00e9 int\u00e9rieure.<\/p>\n<p data-start=\"624\" data-end=\"861\">De plus, <strong data-start=\"633\" data-end=\"657\">Ultimate Ashwagandha<\/strong> contient du <strong data-start=\"667\" data-end=\"689\">Holy Basil (Tulsi)<\/strong> une plante traditionnelle qui aide \u00e0 calmer l\u2019esprit et contribue \u00e0 l\u2019\u00e9quilibre \u00e9motionnel. L\u2019ajout de <strong data-start=\"795\" data-end=\"809\">Bioperine\u00ae<\/strong> permet une meilleure absorption de tous les actif<\/p>\n<ul>\n<li>Aide \u00e0 r\u00e9duire le stress et favorise la d\u00e9tente<\/li>\n<li>Soutient l\u2019\u00e9quilibre mental et la clart\u00e9 d\u2019esprit<\/li>\n<li>Contient <strong data-start=\"976\" data-end=\"1027\">KSM-66\u00ae, l\u2019extrait d\u2019Ashwagandha le plus \u00e9tudi\u00e9<\/strong><\/li>\n<li>Enrichi en <strong data-start=\"1041\" data-end=\"1055\">Holy Basil<\/strong> pour une tranquillit\u00e9 int\u00e9rieure suppl\u00e9mentaire<\/li>\n<li>Avec <strong data-start=\"1111\" data-end=\"1125\">Bioperine\u00ae<\/strong> pour une absorption optimale<\/li>\n<\/ul>\n<p data-start=\"1156\" data-end=\"1315\">Avec <strong data-start=\"1161\" data-end=\"1185\">Ultimate Ashwagandha<\/strong>, vous offrez chaque jour \u00e0 votre corps et \u00e0 votre esprit le soutien qu\u2019ils m\u00e9ritent pour rester r\u00e9sistants au stress et d\u00e9tendus.<\/p>\n<p data-start=\"1317\" data-end=\"1576\"><strong data-start=\"1317\" data-end=\"1390\">Une dose th\u00e9rapeutique de KSM-66\u00ae: <\/strong>500 mg de l\u2019extrait unique KSM-66<br data-start=\"1390\" data-end=\"1393\" \/><strong data-start=\"1393\" data-end=\"1448\">Holy Basil: <\/strong>100 mg d\u2019extrait de Holy Basil (Tulsi)<br data-start=\"1448\" data-end=\"1451\" \/><strong data-start=\"1451\" data-end=\"1483\">Biotine: <\/strong>100 mcg de biotine<br data-start=\"1483\" data-end=\"1486\" \/><strong data-start=\"1486\" data-end=\"1576\">Bioperine\u00ae: <\/strong>le catalyseur Bioperine\u00ae qui permet une meilleure absorption des extraits<\/p>\n<p data-start=\"1578\" data-end=\"1660\">1 emballage<strong data-start=\"1578\" data-end=\"1660\"> d\u2019Ultimate Ashwagandha <\/strong>contient 60 capsules, soit un mois de cure.<\/p>\n","protected":false},"excerpt":{"rendered":"<p>Le pack\u00a0 <strong>\u00ab\u00a0Moins de stress\u00a0\u00bb<\/strong>, combine deux de nos produits les plus relaxants: <strong data-start=\"164\" data-end=\"183\">Magnesium Boost<\/strong> et <strong data-start=\"187\" data-end=\"211\">Ultimate Ashwagandha<\/strong>.<\/p>\n<p data-start=\"214\" data-end=\"535\">Le <strong data-start=\"217\" data-end=\"230\">magn\u00e9sium<\/strong> est connu comme le \u00ab min\u00e9ral calmant \u00bb, qui aide les muscles \u00e0 se d\u00e9tendre, \u00e0 rel\u00e2cher les tensions et contribue \u00e0 un sommeil plus profond. <strong data-start=\"371\" data-end=\"386\">Ashwagandha<\/strong> est une plante adaptog\u00e8ne puissante issue de la m\u00e9decine ayurv\u00e9dique, qui vous aide \u00e0 mieux g\u00e9rer le stress et soutient votre \u00e9quilibre \u00e9motionnel.*<\/p>\n<p>*Ces all\u00e9gations de sant\u00e9, bas\u00e9es sur des ingr\u00e9dients d&rsquo;origine v\u00e9g\u00e9tale, sont actuellement en cours d&rsquo;\u00e9valuation par l&rsquo;EFSA.<\/p>\n","protected":false},"featured_media":1188262,"template":"","meta":{"_acf_changed":false,"om_disable_all_campaigns":false},"product_brand":[],"product_cat":[206,178],"product_tag":[],"class_list":{"0":"post-1126314","1":"product","2":"type-product","3":"status-publish","4":"has-post-thumbnail","6":"product_cat-les-packs","7":"product_cat-offre-reguliere","8":"sales-flash-overlay","9":"woocommerce-text-align-center","10":"woocommerce-image-align-center","11":"do-quantity-buttons","13":"first","14":"instock","15":"sale","16":"taxable","17":"shipping-taxable","18":"purchasable","19":"product-type-simple"},"acf":[],"yoast_head":"<!-- This site is optimized with the Yoast SEO plugin v27.4 - https:\/\/yoast.com\/product\/yoast-seo-wordpress\/ -->\n<title>Le Pack &quot;Moins de stress&quot; - Foodie<\/title>\n<meta name=\"description\" content=\"Le pack\u00a0 &quot;Moins de stress&quot;, combine deux de nos produits les plus relaxants: Magnesium Boost et Ultimate Ashwagandha. Le magn\u00e9sium est connu comme le \u00ab min\u00e9ral calmant \u00bb, qui aide les muscles \u00e0 se d\u00e9tendre, \u00e0 rel\u00e2cher les tensions et contribue \u00e0 un sommeil plus profond. Ashwagandha est une plante adaptog\u00e8ne puissante issue de la m\u00e9decine ayurv\u00e9dique, qui vous aide \u00e0 mieux g\u00e9rer le stress et soutient votre \u00e9quilibre \u00e9motionnel.* *Ces all\u00e9gations de sant\u00e9, bas\u00e9es sur des ingr\u00e9dients d&#039;origine v\u00e9g\u00e9tale, sont actuellement en cours d&#039;\u00e9valuation par l&#039;EFSA.\" \/>\n<meta name=\"robots\" content=\"index, follow, max-snippet:-1, max-image-preview:large, max-video-preview:-1\" \/>\n<link rel=\"canonical\" href=\"https:\/\/www.foodie.nl\/fr\/produit\/le-pack-moins-de-stress\/\" \/>\n<meta property=\"og:locale\" content=\"fr_FR\" \/>\n<meta property=\"og:type\" content=\"article\" \/>\n<meta property=\"og:title\" content=\"Le Pack &quot;Moins de stress&quot; - Foodie\" \/>\n<meta property=\"og:description\" content=\"Le pack\u00a0 &quot;Moins de stress&quot;, combine deux de nos produits les plus relaxants: Magnesium Boost et Ultimate Ashwagandha. Le magn\u00e9sium est connu comme le \u00ab min\u00e9ral calmant \u00bb, qui aide les muscles \u00e0 se d\u00e9tendre, \u00e0 rel\u00e2cher les tensions et contribue \u00e0 un sommeil plus profond. Ashwagandha est une plante adaptog\u00e8ne puissante issue de la m\u00e9decine ayurv\u00e9dique, qui vous aide \u00e0 mieux g\u00e9rer le stress et soutient votre \u00e9quilibre \u00e9motionnel.* *Ces all\u00e9gations de sant\u00e9, bas\u00e9es sur des ingr\u00e9dients d&#039;origine v\u00e9g\u00e9tale, sont actuellement en cours d&#039;\u00e9valuation par l&#039;EFSA.\" \/>\n<meta property=\"og:url\" content=\"https:\/\/www.foodie.nl\/fr\/produit\/le-pack-moins-de-stress\/\" \/>\n<meta property=\"og:site_name\" content=\"Foodie\" \/>\n<meta property=\"article:modified_time\" content=\"2025-08-26T12:15:22+00:00\" \/>\n<meta property=\"og:image\" content=\"https:\/\/www.foodie.nl\/app\/uploads\/2023\/01\/Producten-groepen-88.png\" \/>\n\t<meta property=\"og:image:width\" content=\"2500\" \/>\n\t<meta property=\"og:image:height\" content=\"2500\" \/>\n\t<meta property=\"og:image:type\" content=\"image\/png\" \/>\n<meta name=\"twitter:card\" content=\"summary_large_image\" \/>\n<meta name=\"twitter:label1\" content=\"Dur\u00e9e de lecture estim\u00e9e\" \/>\n\t<meta name=\"twitter:data1\" content=\"3 minutes\" \/>\n<script type=\"application\/ld+json\" class=\"yoast-schema-graph\">{\"@context\":\"https:\\\/\\\/schema.org\",\"@graph\":[{\"@type\":\"WebPage\",\"@id\":\"https:\\\/\\\/www.foodie.nl\\\/fr\\\/produit\\\/le-pack-moins-de-stress\\\/\",\"url\":\"https:\\\/\\\/www.foodie.nl\\\/fr\\\/produit\\\/le-pack-moins-de-stress\\\/\",\"name\":\"Le Pack \\\"Moins de stress\\\" - Foodie\",\"isPartOf\":{\"@id\":\"https:\\\/\\\/www.foodie.nl\\\/fr\\\/#website\"},\"primaryImageOfPage\":{\"@id\":\"https:\\\/\\\/www.foodie.nl\\\/fr\\\/produit\\\/le-pack-moins-de-stress\\\/#primaryimage\"},\"image\":{\"@id\":\"https:\\\/\\\/www.foodie.nl\\\/fr\\\/produit\\\/le-pack-moins-de-stress\\\/#primaryimage\"},\"thumbnailUrl\":\"https:\\\/\\\/www.foodie.nl\\\/app\\\/uploads\\\/2023\\\/01\\\/Producten-groepen-2026-02-16T132838.112.png\",\"datePublished\":\"2023-01-16T06:27:06+00:00\",\"dateModified\":\"2025-08-26T12:15:22+00:00\",\"description\":\"Le pack\u00a0 \\\"Moins de stress\\\", combine deux de nos produits les plus relaxants: Magnesium Boost et Ultimate Ashwagandha. Le magn\u00e9sium est connu comme le \u00ab min\u00e9ral calmant \u00bb, qui aide les muscles \u00e0 se d\u00e9tendre, \u00e0 rel\u00e2cher les tensions et contribue \u00e0 un sommeil plus profond. Ashwagandha est une plante adaptog\u00e8ne puissante issue de la m\u00e9decine ayurv\u00e9dique, qui vous aide \u00e0 mieux g\u00e9rer le stress et soutient votre \u00e9quilibre \u00e9motionnel.* *Ces all\u00e9gations de sant\u00e9, bas\u00e9es sur des ingr\u00e9dients d'origine v\u00e9g\u00e9tale, sont actuellement en cours d'\u00e9valuation par l'EFSA.\",\"breadcrumb\":{\"@id\":\"https:\\\/\\\/www.foodie.nl\\\/fr\\\/produit\\\/le-pack-moins-de-stress\\\/#breadcrumb\"},\"inLanguage\":\"fr-FR\",\"potentialAction\":[{\"@type\":\"ReadAction\",\"target\":[\"https:\\\/\\\/www.foodie.nl\\\/fr\\\/produit\\\/le-pack-moins-de-stress\\\/\"]}]},{\"@type\":\"ImageObject\",\"inLanguage\":\"fr-FR\",\"@id\":\"https:\\\/\\\/www.foodie.nl\\\/fr\\\/produit\\\/le-pack-moins-de-stress\\\/#primaryimage\",\"url\":\"https:\\\/\\\/www.foodie.nl\\\/app\\\/uploads\\\/2023\\\/01\\\/Producten-groepen-2026-02-16T132838.112.png\",\"contentUrl\":\"https:\\\/\\\/www.foodie.nl\\\/app\\\/uploads\\\/2023\\\/01\\\/Producten-groepen-2026-02-16T132838.112.png\",\"width\":1600,\"height\":1600},{\"@type\":\"BreadcrumbList\",\"@id\":\"https:\\\/\\\/www.foodie.nl\\\/fr\\\/produit\\\/le-pack-moins-de-stress\\\/#breadcrumb\",\"itemListElement\":[{\"@type\":\"ListItem\",\"position\":1,\"name\":\"Home\",\"item\":\"https:\\\/\\\/www.foodie.nl\\\/fr\\\/\"},{\"@type\":\"ListItem\",\"position\":2,\"name\":\"Produits\",\"item\":\"https:\\\/\\\/www.foodie.nl\\\/fr\\\/shop\\\/\"},{\"@type\":\"ListItem\",\"position\":3,\"name\":\"Le Pack &#8220;Moins de stress&#8221;\"}]},{\"@type\":\"WebSite\",\"@id\":\"https:\\\/\\\/www.foodie.nl\\\/fr\\\/#website\",\"url\":\"https:\\\/\\\/www.foodie.nl\\\/fr\\\/\",\"name\":\"Foodie\",\"description\":\"Elke Hap Telt\",\"publisher\":{\"@id\":\"https:\\\/\\\/www.foodie.nl\\\/fr\\\/#organization\"},\"potentialAction\":[{\"@type\":\"SearchAction\",\"target\":{\"@type\":\"EntryPoint\",\"urlTemplate\":\"https:\\\/\\\/www.foodie.nl\\\/fr\\\/?s={search_term_string}\"},\"query-input\":{\"@type\":\"PropertyValueSpecification\",\"valueRequired\":true,\"valueName\":\"search_term_string\"}}],\"inLanguage\":\"fr-FR\"},{\"@type\":\"Organization\",\"@id\":\"https:\\\/\\\/www.foodie.nl\\\/fr\\\/#organization\",\"name\":\"Foodie\",\"url\":\"https:\\\/\\\/www.foodie.nl\\\/fr\\\/\",\"logo\":{\"@type\":\"ImageObject\",\"inLanguage\":\"fr-FR\",\"@id\":\"https:\\\/\\\/www.foodie.nl\\\/fr\\\/#\\\/schema\\\/logo\\\/image\\\/\",\"url\":\"https:\\\/\\\/www.foodie.nl\\\/app\\\/uploads\\\/2025\\\/01\\\/logo-foodie-wide@2x.png\",\"contentUrl\":\"https:\\\/\\\/www.foodie.nl\\\/app\\\/uploads\\\/2025\\\/01\\\/logo-foodie-wide@2x.png\",\"width\":236,\"height\":128,\"caption\":\"Foodie\"},\"image\":{\"@id\":\"https:\\\/\\\/www.foodie.nl\\\/fr\\\/#\\\/schema\\\/logo\\\/image\\\/\"}}]}<\/script>\n<!-- \/ Yoast SEO plugin. -->","yoast_head_json":{"title":"Le Pack \"Moins de stress\" - Foodie","description":"Le pack\u00a0 \"Moins de stress\", combine deux de nos produits les plus relaxants: Magnesium Boost et Ultimate Ashwagandha. Le magn\u00e9sium est connu comme le \u00ab min\u00e9ral calmant \u00bb, qui aide les muscles \u00e0 se d\u00e9tendre, \u00e0 rel\u00e2cher les tensions et contribue \u00e0 un sommeil plus profond. Ashwagandha est une plante adaptog\u00e8ne puissante issue de la m\u00e9decine ayurv\u00e9dique, qui vous aide \u00e0 mieux g\u00e9rer le stress et soutient votre \u00e9quilibre \u00e9motionnel.* *Ces all\u00e9gations de sant\u00e9, bas\u00e9es sur des ingr\u00e9dients d'origine v\u00e9g\u00e9tale, sont actuellement en cours d'\u00e9valuation par l'EFSA.","robots":{"index":"index","follow":"follow","max-snippet":"max-snippet:-1","max-image-preview":"max-image-preview:large","max-video-preview":"max-video-preview:-1"},"canonical":"https:\/\/www.foodie.nl\/fr\/produit\/le-pack-moins-de-stress\/","og_locale":"fr_FR","og_type":"article","og_title":"Le Pack \"Moins de stress\" - Foodie","og_description":"Le pack\u00a0 \"Moins de stress\", combine deux de nos produits les plus relaxants: Magnesium Boost et Ultimate Ashwagandha. Le magn\u00e9sium est connu comme le \u00ab min\u00e9ral calmant \u00bb, qui aide les muscles \u00e0 se d\u00e9tendre, \u00e0 rel\u00e2cher les tensions et contribue \u00e0 un sommeil plus profond. Ashwagandha est une plante adaptog\u00e8ne puissante issue de la m\u00e9decine ayurv\u00e9dique, qui vous aide \u00e0 mieux g\u00e9rer le stress et soutient votre \u00e9quilibre \u00e9motionnel.* *Ces all\u00e9gations de sant\u00e9, bas\u00e9es sur des ingr\u00e9dients d'origine v\u00e9g\u00e9tale, sont actuellement en cours d'\u00e9valuation par l'EFSA.","og_url":"https:\/\/www.foodie.nl\/fr\/produit\/le-pack-moins-de-stress\/","og_site_name":"Foodie","article_modified_time":"2025-08-26T12:15:22+00:00","og_image":[{"width":2500,"height":2500,"url":"https:\/\/www.foodie.nl\/app\/uploads\/2023\/01\/Producten-groepen-88.png","type":"image\/png"}],"twitter_card":"summary_large_image","twitter_misc":{"Dur\u00e9e de lecture estim\u00e9e":"3 minutes"},"schema":{"@context":"https:\/\/schema.org","@graph":[{"@type":"WebPage","@id":"https:\/\/www.foodie.nl\/fr\/produit\/le-pack-moins-de-stress\/","url":"https:\/\/www.foodie.nl\/fr\/produit\/le-pack-moins-de-stress\/","name":"Le Pack \"Moins de stress\" - Foodie","isPartOf":{"@id":"https:\/\/www.foodie.nl\/fr\/#website"},"primaryImageOfPage":{"@id":"https:\/\/www.foodie.nl\/fr\/produit\/le-pack-moins-de-stress\/#primaryimage"},"image":{"@id":"https:\/\/www.foodie.nl\/fr\/produit\/le-pack-moins-de-stress\/#primaryimage"},"thumbnailUrl":"https:\/\/www.foodie.nl\/app\/uploads\/2023\/01\/Producten-groepen-2026-02-16T132838.112.png","datePublished":"2023-01-16T06:27:06+00:00","dateModified":"2025-08-26T12:15:22+00:00","description":"Le pack\u00a0 \"Moins de stress\", combine deux de nos produits les plus relaxants: Magnesium Boost et Ultimate Ashwagandha. Le magn\u00e9sium est connu comme le \u00ab min\u00e9ral calmant \u00bb, qui aide les muscles \u00e0 se d\u00e9tendre, \u00e0 rel\u00e2cher les tensions et contribue \u00e0 un sommeil plus profond. Ashwagandha est une plante adaptog\u00e8ne puissante issue de la m\u00e9decine ayurv\u00e9dique, qui vous aide \u00e0 mieux g\u00e9rer le stress et soutient votre \u00e9quilibre \u00e9motionnel.* *Ces all\u00e9gations de sant\u00e9, bas\u00e9es sur des ingr\u00e9dients d'origine v\u00e9g\u00e9tale, sont actuellement en cours d'\u00e9valuation par l'EFSA.","breadcrumb":{"@id":"https:\/\/www.foodie.nl\/fr\/produit\/le-pack-moins-de-stress\/#breadcrumb"},"inLanguage":"fr-FR","potentialAction":[{"@type":"ReadAction","target":["https:\/\/www.foodie.nl\/fr\/produit\/le-pack-moins-de-stress\/"]}]},{"@type":"ImageObject","inLanguage":"fr-FR","@id":"https:\/\/www.foodie.nl\/fr\/produit\/le-pack-moins-de-stress\/#primaryimage","url":"https:\/\/www.foodie.nl\/app\/uploads\/2023\/01\/Producten-groepen-2026-02-16T132838.112.png","contentUrl":"https:\/\/www.foodie.nl\/app\/uploads\/2023\/01\/Producten-groepen-2026-02-16T132838.112.png","width":1600,"height":1600},{"@type":"BreadcrumbList","@id":"https:\/\/www.foodie.nl\/fr\/produit\/le-pack-moins-de-stress\/#breadcrumb","itemListElement":[{"@type":"ListItem","position":1,"name":"Home","item":"https:\/\/www.foodie.nl\/fr\/"},{"@type":"ListItem","position":2,"name":"Produits","item":"https:\/\/www.foodie.nl\/fr\/shop\/"},{"@type":"ListItem","position":3,"name":"Le Pack &#8220;Moins de stress&#8221;"}]},{"@type":"WebSite","@id":"https:\/\/www.foodie.nl\/fr\/#website","url":"https:\/\/www.foodie.nl\/fr\/","name":"Foodie","description":"Elke Hap Telt","publisher":{"@id":"https:\/\/www.foodie.nl\/fr\/#organization"},"potentialAction":[{"@type":"SearchAction","target":{"@type":"EntryPoint","urlTemplate":"https:\/\/www.foodie.nl\/fr\/?s={search_term_string}"},"query-input":{"@type":"PropertyValueSpecification","valueRequired":true,"valueName":"search_term_string"}}],"inLanguage":"fr-FR"},{"@type":"Organization","@id":"https:\/\/www.foodie.nl\/fr\/#organization","name":"Foodie","url":"https:\/\/www.foodie.nl\/fr\/","logo":{"@type":"ImageObject","inLanguage":"fr-FR","@id":"https:\/\/www.foodie.nl\/fr\/#\/schema\/logo\/image\/","url":"https:\/\/www.foodie.nl\/app\/uploads\/2025\/01\/logo-foodie-wide@2x.png","contentUrl":"https:\/\/www.foodie.nl\/app\/uploads\/2025\/01\/logo-foodie-wide@2x.png","width":236,"height":128,"caption":"Foodie"},"image":{"@id":"https:\/\/www.foodie.nl\/fr\/#\/schema\/logo\/image\/"}}]}},"_links":{"self":[{"href":"https:\/\/www.foodie.nl\/fr\/wp-json\/wp\/v2\/product\/1126314","targetHints":{"allow":["GET"]}}],"collection":[{"href":"https:\/\/www.foodie.nl\/fr\/wp-json\/wp\/v2\/product"}],"about":[{"href":"https:\/\/www.foodie.nl\/fr\/wp-json\/wp\/v2\/types\/product"}],"wp:featuredmedia":[{"embeddable":true,"href":"https:\/\/www.foodie.nl\/fr\/wp-json\/wp\/v2\/media\/1188262"}],"wp:attachment":[{"href":"https:\/\/www.foodie.nl\/fr\/wp-json\/wp\/v2\/media?parent=1126314"}],"wp:term":[{"taxonomy":"product_brand","embeddable":true,"href":"https:\/\/www.foodie.nl\/fr\/wp-json\/wp\/v2\/product_brand?post=1126314"},{"taxonomy":"product_cat","embeddable":true,"href":"https:\/\/www.foodie.nl\/fr\/wp-json\/wp\/v2\/product_cat?post=1126314"},{"taxonomy":"product_tag","embeddable":true,"href":"https:\/\/www.foodie.nl\/fr\/wp-json\/wp\/v2\/product_tag?post=1126314"}],"curies":[{"name":"wp","href":"https:\/\/api.w.org\/{rel}","templated":true}]}}