{"id":1126315,"date":"2021-07-16T12:37:08","date_gmt":"2021-07-16T10:37:08","guid":{"rendered":"https:\/\/www.foodie.nl\/product\/faisceau-osseux\/"},"modified":"2025-08-26T14:17:36","modified_gmt":"2025-08-26T12:17:36","slug":"le-pack-os","status":"publish","type":"product","link":"https:\/\/www.foodie.nl\/fr\/produit\/le-pack-os\/","title":{"rendered":"Le Pack \u00ab\u00a0Os Solides\u00a0\u00bb"},"content":{"rendered":"<p>Le pack \u00ab\u00a0Os Solides\u00a0\u00bb contient:<\/p>\n<h3><strong>Collagen Bone &amp; Joints<\/strong><\/h3>\n<div class=\"woocommerce-product-details__short-description\">\n<p data-start=\"205\" data-end=\"727\"><strong data-start=\"205\" data-end=\"231\">Collagen Bone &amp; Joints<\/strong> est une formule compl\u00e8te qui soutient votre corps au quotidien dans le maintien d\u2019os solides et d\u2019articulations souples.<br data-start=\"360\" data-end=\"363\" \/>Cette formule unique contient du <strong data-start=\"396\" data-end=\"424\">collag\u00e8ne de type 1 et 3<\/strong> <strong>pour soutenir les os, les tendons et les articulations, et du collag\u00e8ne de type 2<\/strong> <strong>pour<\/strong> <strong>pr\u00e9server un cartilage articulaire sain<\/strong>. Elle est enrichie en <strong data-start=\"582\" data-end=\"603\">calcium (citrate)<\/strong>, <strong data-start=\"605\" data-end=\"620\">vitamine D3<\/strong>, <strong data-start=\"622\" data-end=\"637\">vitamine K2<\/strong> et <strong data-start=\"641\" data-end=\"655\">vitamine C<\/strong>, pour une absorption optimale et un soutien global de la sant\u00e9 osseuse.<\/p>\n<p data-start=\"729\" data-end=\"1106\">Le <strong data-start=\"732\" data-end=\"743\">calcium<\/strong> permet aux os de rester solides et r\u00e9sistants, ce qui est essentiel pour rester actif et mobile, m\u00eame avec l\u2019\u00e2ge. Par exemple, durant la m\u00e9nopause, la production d\u2019\u0153strog\u00e8nes diminue, ce qui peut acc\u00e9l\u00e9rer la perte de calcium osseux. Un apport suffisant en calcium est donc essentiel pour pr\u00e9server la densit\u00e9 osseuse et r\u00e9duire le risque de fractures.<\/p>\n<p data-start=\"1108\" data-end=\"1237\">Pour assurer une absorption et une efficacit\u00e9 optimales du calcium, cette formule contient un <strong data-start=\"1202\" data-end=\"1236\">complexe exclusif OsteoSupport<\/strong>.<\/p>\n<p data-start=\"1108\" data-end=\"1237\"><strong data-start=\"832\" data-end=\"857\">OsteoSupport Complex:<\/strong><\/p>\n<ul>\n<li data-start=\"830\" data-end=\"1264\"><strong data-start=\"1274\" data-end=\"1305\">Vitamine K2 (m\u00e9naquinone-7)<\/strong>: aide \u00e0 diriger le calcium vers les os et \u00e0 l\u2019emp\u00eacher de se d\u00e9poser dans les vaisseaux sanguins.<\/li>\n<li data-start=\"830\" data-end=\"1264\"><strong data-start=\"1417\" data-end=\"1432\">Vitamine D3<\/strong>: soutient la solidit\u00e9 des os, la fonction musculaire normale et favorise l\u2019absorption du calcium alimentaire.<\/li>\n<li data-start=\"830\" data-end=\"1264\"><strong data-start=\"1118\" data-end=\"1155\">Vitamine C (extrait d\u2019ac\u00e9rola): <\/strong>soutient la synth\u00e8se naturelle de collag\u00e8ne, essentielle pour des os solides, un cartilage sain et des articulations souples.<\/li>\n<\/ul>\n<p>Collagen Bone &amp; Joints contribue \u00e0:<\/p>\n<ul>\n<li>Maintenir des os et des dents solides<\/li>\n<li>Pr\u00e9server la souplesse articulaire et un cartilage en bonne sant\u00e9<\/li>\n<li>Soutenir la fonction musculaire et la r\u00e9cup\u00e9ration<\/li>\n<li>Apporter du calcium essentiel, notamment pendant la m\u00e9nopause ou en pr\u00e9vention de l\u2019ost\u00e9oporose<\/li>\n<li>Offrir une absorption optimale gr\u00e2ce \u00e0 l\u2019OsteoSupport Complex<\/li>\n<li>\u00a0Une synergie compl\u00e8te gr\u00e2ce aux collag\u00e8nes de type 1, 2 et 3<\/li>\n<li>Un emballage contient 30 doses, soit un mois de cure<br \/>\n<article class=\"text-token-text-primary w-full\" dir=\"auto\" data-testid=\"conversation-turn-141\" data-scroll-anchor=\"true\">\n<div class=\"text-base my-auto mx-auto pb-10 [--thread-content-margin:--spacing(4)] @[37rem]:[--thread-content-margin:--spacing(6)] @[72rem]:[--thread-content-margin:--spacing(16)] px-(--thread-content-margin)\">\n<div class=\"[--thread-content-max-width:32rem] @[34rem]:[--thread-content-max-width:40rem] @[64rem]:[--thread-content-max-width:48rem] mx-auto flex max-w-(--thread-content-max-width) flex-1 text-base gap-4 md:gap-5 lg:gap-6 group\/turn-messages focus-visible:outline-hidden\" tabindex=\"-1\">\n<div class=\"group\/conversation-turn relative flex w-full min-w-0 flex-col agent-turn\">\n<div class=\"relative flex-col gap-1 md:gap-3\">\n<div class=\"flex max-w-full flex-col grow\">\n<div class=\"min-h-8 text-message relative flex w-full flex-col items-end gap-2 text-start break-words whitespace-normal [.text-message+&amp;]:mt-5\" dir=\"auto\" data-message-author-role=\"assistant\" data-message-id=\"4e1ca32b-8d06-44c6-9d99-52782e81886e\" data-message-model-slug=\"gpt-4o\"><\/div>\n<\/div>\n<\/div>\n<\/div>\n<\/div>\n<\/div>\n<\/article>\n<\/li>\n<\/ul>\n<div class=\"woocommerce-product-details__short-description\">\n<h3><strong>Vitamine D3 Boost<\/strong><\/h3>\n<div class=\"woocommerce-product-details__short-description\">\n<p data-start=\"2352\" data-end=\"2559\">Des os solides sont la base d\u2019un corps en bonne sant\u00e9 et plein de vitalit\u00e9. La <strong data-start=\"2435\" data-end=\"2450\">vitamine D3<\/strong> <strong>joue un r\u00f4le essentiel dans l\u2019absorption du calcium et aide \u00e0 maintenir des os et des dents solides.<\/strong><\/p>\n<p data-start=\"2561\" data-end=\"2780\">De nombreuses personnes pr\u00e9sentent une carence en vitamine D3, en particulier durant l\u2019automne et l\u2019hiver. Cela peut compromettre l\u2019absorption du calcium et nuire \u00e0 la sant\u00e9 osseuse.<\/p>\n<p data-start=\"2782\" data-end=\"3038\">Vitamine D3 Boost vous aide \u00e0 maintenir un bon taux de vitamine D, et ainsi \u00e0 favoriser des os solides, des dents saineset des muscles souples.<br data-start=\"2942\" data-end=\"2945\" \/>Elle soutient \u00e9galement le syst\u00e8me immunitaire et contribue \u00e0 votre vitalit\u00e9 globale.<\/p>\n<p data-start=\"3040\" data-end=\"3186\">Ce qui rend ce produit unique: il est formul\u00e9 avec de l\u2019<strong data-start=\"3097\" data-end=\"3127\">huile d\u2019olive extra vierge<\/strong>, pour une absorption maximale et une qualit\u00e9 pure.<\/p>\n<p data-start=\"3188\" data-end=\"3225\"><strong data-start=\"3188\" data-end=\"3223\">Vitamine D3 Boost contribue \u00e0:<\/strong><\/p>\n<ul>\n<li>Optimiser l\u2019absorption du calcium dans l\u2019organisme<\/li>\n<li>Maintenir des os et des dents solides<\/li>\n<li>Soutenir un syst\u00e8me immunitaire efficace<\/li>\n<li>Pr\u00e9server des muscles forts et souples<\/li>\n<li>Qualit\u00e9 premium avec huile d\u2019olive extra vierge<\/li>\n<li>Sans additifs artificiels<\/li>\n<li>1 g\u00e9lule = 3000 UI de vitamine D3<\/li>\n<\/ul>\n<p data-start=\"1294\" data-end=\"1365\"><strong data-start=\"1294\" data-end=\"1365\">1 emballage contient 120 softgels, soit 4 mois de cure<\/strong><\/p>\n<h3><strong>Magn\u00e9sium Boost<\/strong><\/h3>\n<p data-start=\"67\" data-end=\"542\">Magn\u00e9sium Boost aide votre corps \u00e0 maintenir des os solides, une bonne fonction musculaire et un m\u00e9tabolisme \u00e9nerg\u00e9tique sain. Le magn\u00e9sium joue un r\u00f4le important dans le <strong>maintien de la solidit\u00e9 des os, car il contribue \u00e0 l\u2019absorption du calcium dans l\u2019organisme.<\/strong> De plus, il soutient le bon fonctionnement des muscles et aide \u00e0 r\u00e9duire les tensions musculaires et les crampes nocturnes, ce qui est essentiel pour une mobilit\u00e9 fluide et une bonne r\u00e9cup\u00e9ration apr\u00e8s l\u2019effort.<\/p>\n<p data-start=\"544\" data-end=\"741\">Magnesium Boost contient trois formes de magn\u00e9sium hautement assimilables \u2013 <strong>malate de magn\u00e9sium, citrate de magn\u00e9sium et bisglycinate de magn\u00e9sium<\/strong> \u2013 pour une efficacit\u00e9 et une absorption optimales.<\/p>\n<p data-start=\"743\" data-end=\"1023\">Ce qui rend Magnesium Boost unique, c\u2019est <strong>l\u2019Absorb Complex, <\/strong>une combinaison de<strong> vitamine B6, vitamine B9 ou acide folique actif (Quatrefolic\u00ae), vitamine B12<\/strong>, vitamine D3 et taurine. Ce complexe am\u00e9liore l\u2019absorption du magn\u00e9sium et renforce son action pour une efficacit\u00e9 maximale.<\/p>\n<ul>\n<li>Soutient des os et des dents solides<\/li>\n<li>Contribue \u00e0 une fonction musculaire normale<\/li>\n<li data-start=\"1154\" data-end=\"1411\">Aide \u00e0 r\u00e9duire les tensions musculaires et les crampes<\/li>\n<li data-start=\"1154\" data-end=\"1411\">Soutient le niveau d\u2019\u00e9nergie et le m\u00e9tabolisme<\/li>\n<li>Contribue aux fonctions c\u00e9r\u00e9brales<\/li>\n<li data-start=\"1154\" data-end=\"1411\">Avec l\u2019Absorb Complex pour une absorption et une efficacit\u00e9 optimales<\/li>\n<li data-start=\"1154\" data-end=\"1411\">Trois formes biodisponibles dans une seule capsule<\/li>\n<\/ul>\n<p data-start=\"1413\" data-end=\"1516\">Une emballage de<strong> Magn\u00e9sium Boost<\/strong> contient 60 g\u00e9lules, soit un mois de cure.<\/p>\n<\/div>\n<\/div>\n<\/div>\n","protected":false},"excerpt":{"rendered":"<p data-start=\"48\" data-end=\"350\"><strong data-start=\"48\" data-end=\"70\">Le Pack \u00ab\u00a0Os Solides\u00a0\u00bb<\/strong> combine des compl\u00e9ments soigneusement s\u00e9lectionn\u00e9s, qui agissent en synergie pour offrir un <strong data-start=\"163\" data-end=\"217\">soutien optimal \u00e0 vos os, articulations et muscles<\/strong>. Des os solides sont la base d\u2019une vie active et pleine de vitalit\u00e9. C\u2019est pourquoi il est essentiel de les soutenir au quotidien:<\/p>\n<ul data-start=\"352\" data-end=\"864\">\n<li data-start=\"352\" data-end=\"580\">\n<p data-start=\"354\" data-end=\"580\"><strong data-start=\"354\" data-end=\"380\">Collagen Bone &amp; Joints<\/strong>: pour la formation et le maintien d\u2019os solides et d\u2019articulations souples, avec les collag\u00e8nes de type 1, 2 et 3, du calcium et le complexe OsteoSupport pour une absorption optimale.<\/p>\n<\/li>\n<li data-start=\"582\" data-end=\"714\">\n<p data-start=\"584\" data-end=\"714\"><strong data-start=\"584\" data-end=\"603\">Magn\u00e9sium Boost<\/strong>: pour favoriser l\u2019absorption du calcium, contribuer \u00e0 la solidit\u00e9 des os et d\u00e9tendre les muscles.<\/p>\n<\/li>\n<li data-start=\"716\" data-end=\"864\">\n<p data-start=\"718\" data-end=\"864\"><strong data-start=\"718\" data-end=\"739\">Vitamine D3 Boost<\/strong>: pour am\u00e9liorer l\u2019absorption du calcium et soutenir la sant\u00e9 des os, des muscles et du syst\u00e8me immunitaire.<\/p>\n<\/li>\n<\/ul>\n<p>&nbsp;<\/p>\n","protected":false},"featured_media":1188270,"template":"","meta":{"_acf_changed":false,"om_disable_all_campaigns":false},"product_brand":[],"product_cat":[206,178],"product_tag":[],"class_list":{"0":"post-1126315","1":"product","2":"type-product","3":"status-publish","4":"has-post-thumbnail","6":"product_cat-les-packs","7":"product_cat-offre-reguliere","8":"sales-flash-overlay","9":"woocommerce-text-align-center","10":"woocommerce-image-align-center","11":"do-quantity-buttons","13":"first","14":"instock","15":"sale","16":"taxable","17":"shipping-taxable","18":"purchasable","19":"product-type-simple"},"acf":[],"yoast_head":"<!-- This site is optimized with the Yoast SEO plugin v27.4 - https:\/\/yoast.com\/product\/yoast-seo-wordpress\/ -->\n<title>Le Pack &quot;Os Solides&quot; - Foodie<\/title>\n<meta name=\"description\" content=\"Le Pack &quot;Os Solides&quot; combine des compl\u00e9ments soigneusement s\u00e9lectionn\u00e9s, qui agissent en synergie pour offrir un soutien optimal \u00e0 vos os, articulations et muscles. Des os solides sont la base d\u2019une vie active et pleine de vitalit\u00e9. C\u2019est pourquoi il est essentiel de les soutenir au quotidien:     Collagen Bone &amp; Joints: pour la formation et le maintien d\u2019os solides et d\u2019articulations souples, avec les collag\u00e8nes de type 1, 2 et 3, du calcium et le complexe OsteoSupport pour une absorption optimale.    Magn\u00e9sium Boost: pour favoriser l\u2019absorption du calcium, contribuer \u00e0 la solidit\u00e9 des os et d\u00e9tendre les muscles.    Vitamine D3 Boost: pour am\u00e9liorer l\u2019absorption du calcium et soutenir la sant\u00e9 des os, des muscles et du syst\u00e8me immunitaire.   &nbsp;\" \/>\n<meta name=\"robots\" content=\"index, follow, max-snippet:-1, max-image-preview:large, max-video-preview:-1\" \/>\n<link rel=\"canonical\" href=\"https:\/\/www.foodie.nl\/fr\/produit\/le-pack-os\/\" \/>\n<meta property=\"og:locale\" content=\"fr_FR\" \/>\n<meta property=\"og:type\" content=\"article\" \/>\n<meta property=\"og:title\" content=\"Le Pack &quot;Os Solides&quot; - Foodie\" \/>\n<meta property=\"og:description\" content=\"Le Pack &quot;Os Solides&quot; combine des compl\u00e9ments soigneusement s\u00e9lectionn\u00e9s, qui agissent en synergie pour offrir un soutien optimal \u00e0 vos os, articulations et muscles. Des os solides sont la base d\u2019une vie active et pleine de vitalit\u00e9. C\u2019est pourquoi il est essentiel de les soutenir au quotidien:     Collagen Bone &amp; Joints: pour la formation et le maintien d\u2019os solides et d\u2019articulations souples, avec les collag\u00e8nes de type 1, 2 et 3, du calcium et le complexe OsteoSupport pour une absorption optimale.    Magn\u00e9sium Boost: pour favoriser l\u2019absorption du calcium, contribuer \u00e0 la solidit\u00e9 des os et d\u00e9tendre les muscles.    Vitamine D3 Boost: pour am\u00e9liorer l\u2019absorption du calcium et soutenir la sant\u00e9 des os, des muscles et du syst\u00e8me immunitaire.   &nbsp;\" \/>\n<meta property=\"og:url\" content=\"https:\/\/www.foodie.nl\/fr\/produit\/le-pack-os\/\" \/>\n<meta property=\"og:site_name\" content=\"Foodie\" \/>\n<meta property=\"article:modified_time\" content=\"2025-08-26T12:17:36+00:00\" \/>\n<meta property=\"og:image\" content=\"https:\/\/www.foodie.nl\/app\/uploads\/2021\/07\/Producten-groepen-90.png\" \/>\n\t<meta property=\"og:image:width\" content=\"800\" \/>\n\t<meta property=\"og:image:height\" content=\"800\" \/>\n\t<meta property=\"og:image:type\" content=\"image\/png\" \/>\n<meta name=\"twitter:card\" content=\"summary_large_image\" \/>\n<meta name=\"twitter:label1\" content=\"Dur\u00e9e de lecture estim\u00e9e\" \/>\n\t<meta name=\"twitter:data1\" content=\"4 minutes\" \/>\n<script type=\"application\/ld+json\" class=\"yoast-schema-graph\">{\"@context\":\"https:\\\/\\\/schema.org\",\"@graph\":[{\"@type\":\"WebPage\",\"@id\":\"https:\\\/\\\/www.foodie.nl\\\/fr\\\/produit\\\/le-pack-os\\\/\",\"url\":\"https:\\\/\\\/www.foodie.nl\\\/fr\\\/produit\\\/le-pack-os\\\/\",\"name\":\"Le Pack \\\"Os Solides\\\" - Foodie\",\"isPartOf\":{\"@id\":\"https:\\\/\\\/www.foodie.nl\\\/fr\\\/#website\"},\"primaryImageOfPage\":{\"@id\":\"https:\\\/\\\/www.foodie.nl\\\/fr\\\/produit\\\/le-pack-os\\\/#primaryimage\"},\"image\":{\"@id\":\"https:\\\/\\\/www.foodie.nl\\\/fr\\\/produit\\\/le-pack-os\\\/#primaryimage\"},\"thumbnailUrl\":\"https:\\\/\\\/www.foodie.nl\\\/app\\\/uploads\\\/2021\\\/07\\\/Producten-groepen-2026-02-16T133626.533.png\",\"datePublished\":\"2021-07-16T10:37:08+00:00\",\"dateModified\":\"2025-08-26T12:17:36+00:00\",\"description\":\"Le Pack \\\"Os Solides\\\" combine des compl\u00e9ments soigneusement s\u00e9lectionn\u00e9s, qui agissent en synergie pour offrir un soutien optimal \u00e0 vos os, articulations et muscles. Des os solides sont la base d\u2019une vie active et pleine de vitalit\u00e9. C\u2019est pourquoi il est essentiel de les soutenir au quotidien: Collagen Bone &amp; Joints: pour la formation et le maintien d\u2019os solides et d\u2019articulations souples, avec les collag\u00e8nes de type 1, 2 et 3, du calcium et le complexe OsteoSupport pour une absorption optimale. Magn\u00e9sium Boost: pour favoriser l\u2019absorption du calcium, contribuer \u00e0 la solidit\u00e9 des os et d\u00e9tendre les muscles. Vitamine D3 Boost: pour am\u00e9liorer l\u2019absorption du calcium et soutenir la sant\u00e9 des os, des muscles et du syst\u00e8me immunitaire. &nbsp;\",\"breadcrumb\":{\"@id\":\"https:\\\/\\\/www.foodie.nl\\\/fr\\\/produit\\\/le-pack-os\\\/#breadcrumb\"},\"inLanguage\":\"fr-FR\",\"potentialAction\":[{\"@type\":\"ReadAction\",\"target\":[\"https:\\\/\\\/www.foodie.nl\\\/fr\\\/produit\\\/le-pack-os\\\/\"]}]},{\"@type\":\"ImageObject\",\"inLanguage\":\"fr-FR\",\"@id\":\"https:\\\/\\\/www.foodie.nl\\\/fr\\\/produit\\\/le-pack-os\\\/#primaryimage\",\"url\":\"https:\\\/\\\/www.foodie.nl\\\/app\\\/uploads\\\/2021\\\/07\\\/Producten-groepen-2026-02-16T133626.533.png\",\"contentUrl\":\"https:\\\/\\\/www.foodie.nl\\\/app\\\/uploads\\\/2021\\\/07\\\/Producten-groepen-2026-02-16T133626.533.png\",\"width\":1600,\"height\":1600},{\"@type\":\"BreadcrumbList\",\"@id\":\"https:\\\/\\\/www.foodie.nl\\\/fr\\\/produit\\\/le-pack-os\\\/#breadcrumb\",\"itemListElement\":[{\"@type\":\"ListItem\",\"position\":1,\"name\":\"Home\",\"item\":\"https:\\\/\\\/www.foodie.nl\\\/fr\\\/\"},{\"@type\":\"ListItem\",\"position\":2,\"name\":\"Produits\",\"item\":\"https:\\\/\\\/www.foodie.nl\\\/fr\\\/shop\\\/\"},{\"@type\":\"ListItem\",\"position\":3,\"name\":\"Le Pack &#8220;Os Solides&#8221;\"}]},{\"@type\":\"WebSite\",\"@id\":\"https:\\\/\\\/www.foodie.nl\\\/fr\\\/#website\",\"url\":\"https:\\\/\\\/www.foodie.nl\\\/fr\\\/\",\"name\":\"Foodie\",\"description\":\"Elke Hap Telt\",\"publisher\":{\"@id\":\"https:\\\/\\\/www.foodie.nl\\\/fr\\\/#organization\"},\"potentialAction\":[{\"@type\":\"SearchAction\",\"target\":{\"@type\":\"EntryPoint\",\"urlTemplate\":\"https:\\\/\\\/www.foodie.nl\\\/fr\\\/?s={search_term_string}\"},\"query-input\":{\"@type\":\"PropertyValueSpecification\",\"valueRequired\":true,\"valueName\":\"search_term_string\"}}],\"inLanguage\":\"fr-FR\"},{\"@type\":\"Organization\",\"@id\":\"https:\\\/\\\/www.foodie.nl\\\/fr\\\/#organization\",\"name\":\"Foodie\",\"url\":\"https:\\\/\\\/www.foodie.nl\\\/fr\\\/\",\"logo\":{\"@type\":\"ImageObject\",\"inLanguage\":\"fr-FR\",\"@id\":\"https:\\\/\\\/www.foodie.nl\\\/fr\\\/#\\\/schema\\\/logo\\\/image\\\/\",\"url\":\"https:\\\/\\\/www.foodie.nl\\\/app\\\/uploads\\\/2025\\\/01\\\/logo-foodie-wide@2x.png\",\"contentUrl\":\"https:\\\/\\\/www.foodie.nl\\\/app\\\/uploads\\\/2025\\\/01\\\/logo-foodie-wide@2x.png\",\"width\":236,\"height\":128,\"caption\":\"Foodie\"},\"image\":{\"@id\":\"https:\\\/\\\/www.foodie.nl\\\/fr\\\/#\\\/schema\\\/logo\\\/image\\\/\"}}]}<\/script>\n<!-- \/ Yoast SEO plugin. -->","yoast_head_json":{"title":"Le Pack \"Os Solides\" - Foodie","description":"Le Pack \"Os Solides\" combine des compl\u00e9ments soigneusement s\u00e9lectionn\u00e9s, qui agissent en synergie pour offrir un soutien optimal \u00e0 vos os, articulations et muscles. Des os solides sont la base d\u2019une vie active et pleine de vitalit\u00e9. C\u2019est pourquoi il est essentiel de les soutenir au quotidien:     Collagen Bone &amp; Joints: pour la formation et le maintien d\u2019os solides et d\u2019articulations souples, avec les collag\u00e8nes de type 1, 2 et 3, du calcium et le complexe OsteoSupport pour une absorption optimale.    Magn\u00e9sium Boost: pour favoriser l\u2019absorption du calcium, contribuer \u00e0 la solidit\u00e9 des os et d\u00e9tendre les muscles.    Vitamine D3 Boost: pour am\u00e9liorer l\u2019absorption du calcium et soutenir la sant\u00e9 des os, des muscles et du syst\u00e8me immunitaire.   &nbsp;","robots":{"index":"index","follow":"follow","max-snippet":"max-snippet:-1","max-image-preview":"max-image-preview:large","max-video-preview":"max-video-preview:-1"},"canonical":"https:\/\/www.foodie.nl\/fr\/produit\/le-pack-os\/","og_locale":"fr_FR","og_type":"article","og_title":"Le Pack \"Os Solides\" - Foodie","og_description":"Le Pack \"Os Solides\" combine des compl\u00e9ments soigneusement s\u00e9lectionn\u00e9s, qui agissent en synergie pour offrir un soutien optimal \u00e0 vos os, articulations et muscles. Des os solides sont la base d\u2019une vie active et pleine de vitalit\u00e9. C\u2019est pourquoi il est essentiel de les soutenir au quotidien:     Collagen Bone &amp; Joints: pour la formation et le maintien d\u2019os solides et d\u2019articulations souples, avec les collag\u00e8nes de type 1, 2 et 3, du calcium et le complexe OsteoSupport pour une absorption optimale.    Magn\u00e9sium Boost: pour favoriser l\u2019absorption du calcium, contribuer \u00e0 la solidit\u00e9 des os et d\u00e9tendre les muscles.    Vitamine D3 Boost: pour am\u00e9liorer l\u2019absorption du calcium et soutenir la sant\u00e9 des os, des muscles et du syst\u00e8me immunitaire.   &nbsp;","og_url":"https:\/\/www.foodie.nl\/fr\/produit\/le-pack-os\/","og_site_name":"Foodie","article_modified_time":"2025-08-26T12:17:36+00:00","og_image":[{"width":800,"height":800,"url":"https:\/\/www.foodie.nl\/app\/uploads\/2021\/07\/Producten-groepen-90.png","type":"image\/png"}],"twitter_card":"summary_large_image","twitter_misc":{"Dur\u00e9e de lecture estim\u00e9e":"4 minutes"},"schema":{"@context":"https:\/\/schema.org","@graph":[{"@type":"WebPage","@id":"https:\/\/www.foodie.nl\/fr\/produit\/le-pack-os\/","url":"https:\/\/www.foodie.nl\/fr\/produit\/le-pack-os\/","name":"Le Pack \"Os Solides\" - Foodie","isPartOf":{"@id":"https:\/\/www.foodie.nl\/fr\/#website"},"primaryImageOfPage":{"@id":"https:\/\/www.foodie.nl\/fr\/produit\/le-pack-os\/#primaryimage"},"image":{"@id":"https:\/\/www.foodie.nl\/fr\/produit\/le-pack-os\/#primaryimage"},"thumbnailUrl":"https:\/\/www.foodie.nl\/app\/uploads\/2021\/07\/Producten-groepen-2026-02-16T133626.533.png","datePublished":"2021-07-16T10:37:08+00:00","dateModified":"2025-08-26T12:17:36+00:00","description":"Le Pack \"Os Solides\" combine des compl\u00e9ments soigneusement s\u00e9lectionn\u00e9s, qui agissent en synergie pour offrir un soutien optimal \u00e0 vos os, articulations et muscles. Des os solides sont la base d\u2019une vie active et pleine de vitalit\u00e9. C\u2019est pourquoi il est essentiel de les soutenir au quotidien: Collagen Bone &amp; Joints: pour la formation et le maintien d\u2019os solides et d\u2019articulations souples, avec les collag\u00e8nes de type 1, 2 et 3, du calcium et le complexe OsteoSupport pour une absorption optimale. Magn\u00e9sium Boost: pour favoriser l\u2019absorption du calcium, contribuer \u00e0 la solidit\u00e9 des os et d\u00e9tendre les muscles. Vitamine D3 Boost: pour am\u00e9liorer l\u2019absorption du calcium et soutenir la sant\u00e9 des os, des muscles et du syst\u00e8me immunitaire. &nbsp;","breadcrumb":{"@id":"https:\/\/www.foodie.nl\/fr\/produit\/le-pack-os\/#breadcrumb"},"inLanguage":"fr-FR","potentialAction":[{"@type":"ReadAction","target":["https:\/\/www.foodie.nl\/fr\/produit\/le-pack-os\/"]}]},{"@type":"ImageObject","inLanguage":"fr-FR","@id":"https:\/\/www.foodie.nl\/fr\/produit\/le-pack-os\/#primaryimage","url":"https:\/\/www.foodie.nl\/app\/uploads\/2021\/07\/Producten-groepen-2026-02-16T133626.533.png","contentUrl":"https:\/\/www.foodie.nl\/app\/uploads\/2021\/07\/Producten-groepen-2026-02-16T133626.533.png","width":1600,"height":1600},{"@type":"BreadcrumbList","@id":"https:\/\/www.foodie.nl\/fr\/produit\/le-pack-os\/#breadcrumb","itemListElement":[{"@type":"ListItem","position":1,"name":"Home","item":"https:\/\/www.foodie.nl\/fr\/"},{"@type":"ListItem","position":2,"name":"Produits","item":"https:\/\/www.foodie.nl\/fr\/shop\/"},{"@type":"ListItem","position":3,"name":"Le Pack &#8220;Os Solides&#8221;"}]},{"@type":"WebSite","@id":"https:\/\/www.foodie.nl\/fr\/#website","url":"https:\/\/www.foodie.nl\/fr\/","name":"Foodie","description":"Elke Hap Telt","publisher":{"@id":"https:\/\/www.foodie.nl\/fr\/#organization"},"potentialAction":[{"@type":"SearchAction","target":{"@type":"EntryPoint","urlTemplate":"https:\/\/www.foodie.nl\/fr\/?s={search_term_string}"},"query-input":{"@type":"PropertyValueSpecification","valueRequired":true,"valueName":"search_term_string"}}],"inLanguage":"fr-FR"},{"@type":"Organization","@id":"https:\/\/www.foodie.nl\/fr\/#organization","name":"Foodie","url":"https:\/\/www.foodie.nl\/fr\/","logo":{"@type":"ImageObject","inLanguage":"fr-FR","@id":"https:\/\/www.foodie.nl\/fr\/#\/schema\/logo\/image\/","url":"https:\/\/www.foodie.nl\/app\/uploads\/2025\/01\/logo-foodie-wide@2x.png","contentUrl":"https:\/\/www.foodie.nl\/app\/uploads\/2025\/01\/logo-foodie-wide@2x.png","width":236,"height":128,"caption":"Foodie"},"image":{"@id":"https:\/\/www.foodie.nl\/fr\/#\/schema\/logo\/image\/"}}]}},"_links":{"self":[{"href":"https:\/\/www.foodie.nl\/fr\/wp-json\/wp\/v2\/product\/1126315","targetHints":{"allow":["GET"]}}],"collection":[{"href":"https:\/\/www.foodie.nl\/fr\/wp-json\/wp\/v2\/product"}],"about":[{"href":"https:\/\/www.foodie.nl\/fr\/wp-json\/wp\/v2\/types\/product"}],"wp:featuredmedia":[{"embeddable":true,"href":"https:\/\/www.foodie.nl\/fr\/wp-json\/wp\/v2\/media\/1188270"}],"wp:attachment":[{"href":"https:\/\/www.foodie.nl\/fr\/wp-json\/wp\/v2\/media?parent=1126315"}],"wp:term":[{"taxonomy":"product_brand","embeddable":true,"href":"https:\/\/www.foodie.nl\/fr\/wp-json\/wp\/v2\/product_brand?post=1126315"},{"taxonomy":"product_cat","embeddable":true,"href":"https:\/\/www.foodie.nl\/fr\/wp-json\/wp\/v2\/product_cat?post=1126315"},{"taxonomy":"product_tag","embeddable":true,"href":"https:\/\/www.foodie.nl\/fr\/wp-json\/wp\/v2\/product_tag?post=1126315"}],"curies":[{"name":"wp","href":"https:\/\/api.w.org\/{rel}","templated":true}]}}