{"id":1126317,"date":"2020-12-02T12:36:20","date_gmt":"2020-12-02T11:36:20","guid":{"rendered":"https:\/\/www.foodie.nl\/product\/ensemble-dintestins-sains\/"},"modified":"2025-08-26T14:20:37","modified_gmt":"2025-08-26T12:20:37","slug":"le-pack-tube-digestif","status":"publish","type":"product","link":"https:\/\/www.foodie.nl\/fr\/produit\/le-pack-tube-digestif\/","title":{"rendered":"Le Pack \u00ab\u00a0Tube Digestif\u00a0\u00bb"},"content":{"rendered":"<p>Le pack \u00ab\u00a0Tube Digestif\u00a0\u00bb contient:<\/p>\n<h3><strong>Ultimate Probiotics<\/strong><\/h3>\n<p data-start=\"0\" data-end=\"227\">Une digestion saine commence par une flore intestinale \u00e9quilibr\u00e9e. Les bonnes bact\u00e9ries de vos intestins jouent un r\u00f4le essentiel dans la digestion des aliments, l\u2019absorption des nutriments et un transit intestinal confortable.<\/p>\n<p data-start=\"229\" data-end=\"494\"><strong data-start=\"229\" data-end=\"252\">Ultimate Probiotics<\/strong> soutient votre digestion avec <strong data-start=\"283\" data-end=\"331\">30 milliards d\u2019organismes vivants par g\u00e9lule<\/strong>, issus de <strong data-start=\"342\" data-end=\"397\">10 souches probiotiques soigneusement s\u00e9lectionn\u00e9es<\/strong> qui travaillent ensemble pour maintenir l\u2019\u00e9quilibre de votre flore intestinale, jour apr\u00e8s jour.<\/p>\n<p data-start=\"496\" data-end=\"757\">Cette formule de haute qualit\u00e9 contient notamment <strong data-start=\"546\" data-end=\"575\">DE-111\u00ae Bacillus subtilis<\/strong> et <strong data-start=\"579\" data-end=\"613\">Lactospore\u00ae Bacillus coagulans<\/strong>, deux souches reconnues pour leur capacit\u00e9 de survie dans l\u2019intestin et leur soutien \u00e0 une digestion saine et au bon fonctionnement intestinal.<\/p>\n<p data-start=\"759\" data-end=\"826\" data-is-last-node=\"\" data-is-only-node=\"\">1 g\u00e9lule d<strong>\u2019Ultimate Probiotics<\/strong> contient les souches suivantes:<\/p>\n<ul>\n<li>Bacillus Subtilus (DE-111\u00ae)<\/li>\n<li>Lactobacillus Rhamnosus<\/li>\n<li>Lactobacillus Casei<\/li>\n<li>Lactobacillus Plantarum<\/li>\n<li>Lactobacillus Acidophilus<\/li>\n<li>Bifidobacterium Longum<\/li>\n<li>Bifidobacterium Breve<\/li>\n<li>Bacillus Coagulans Lactospore\u00ae<\/li>\n<li>Bifidobacterium Lactis<\/li>\n<li>Lactobacillus Salivarius<\/li>\n<\/ul>\n<p><strong data-start=\"0\" data-end=\"23\" data-is-only-node=\"\">Ultimate Probiotics<\/strong> contient 30 g\u00e9lules, soit une cure d\u2019un mois. Ces g\u00e9lules sont des <strong data-start=\"91\" data-end=\"112\">DRcaps\u00ae brevet\u00e9es<\/strong>, sp\u00e9cialement con\u00e7ues pour prot\u00e9ger les probiotiques de l\u2019acidit\u00e9 de l\u2019estomac. Ainsi, les bact\u00e9ries atteignent vivantes l\u2019intestin, l\u00e0 o\u00f9 elles sont le plus efficaces.<\/p>\n<h3><strong>Yummie Greens<\/strong><\/h3>\n<p data-start=\"0\" data-end=\"240\">Une flore intestinale saine est la base d\u2019un corps \u00e9nergique et vital. <strong data-start=\"71\" data-end=\"88\">Yummie Greens<\/strong> <strong>a \u00e9t\u00e9 sp\u00e9cialement formul\u00e9 pour soutenir votre digestion au quotidien, \u00e9quilibrer votre microbiote intestinal et optimiser l\u2019absorption des nutriments.<\/strong><\/p>\n<p data-start=\"242\" data-end=\"503\">Cette formule puissante associe <strong data-start=\"274\" data-end=\"300\">13 superaliments verts<\/strong> et des <strong data-start=\"308\" data-end=\"340\">ingr\u00e9dients riches en fibres<\/strong> qui agissent en synergie pour nourrir vos intestins, cr\u00e9er un environnement favorable aux bonnes bact\u00e9ries et fournir \u00e0 votre organisme des nutriments essentiels.<\/p>\n<p data-start=\"505\" data-end=\"1046\">\u2013 <strong data-start=\"507\" data-end=\"539\">La chlorelle et la spiruline<\/strong> soutiennent une flore intestinale \u00e9quilibr\u00e9e et aident \u00e0 \u00e9liminer les substances ind\u00e9sirables, contribuant ainsi \u00e0 un environnement intestinal plus sain.<br data-start=\"693\" data-end=\"696\" \/>\u2013 <strong data-start=\"698\" data-end=\"716\">L\u2019herbe de bl\u00e9<\/strong> est riche en chlorophylle et en enzymes naturelles qui favorisent l\u2019absorption des nutriments et l\u2019\u00e9quilibre intestinal.<br data-start=\"837\" data-end=\"840\" data-is-only-node=\"\" \/>\u2013 <strong data-start=\"842\" data-end=\"869\">La poudre d\u2019eau de coco<\/strong> hydrate et soutient les muqueuses intestinales, essentielles pour une digestion saine.<br data-start=\"956\" data-end=\"959\" \/>\u2013 <strong data-start=\"961\" data-end=\"974\">La menthe<\/strong> aide \u00e0 r\u00e9duire les ballonnements et soutient une digestion confortable.<\/p>\n<p data-start=\"1048\" data-end=\"1241\"><strong data-start=\"1048\" data-end=\"1065\">Yummie Greens<\/strong> est \u00e9galement enrichi en <strong data-start=\"1091\" data-end=\"1112\">fibres naturelles<\/strong> provenant de superaliments verts, indispensables pour un transit r\u00e9gulier et pour nourrir les bonnes bact\u00e9ries de vos intestins.<\/p>\n<p data-start=\"1243\" data-end=\"1530\" data-is-last-node=\"\" data-is-only-node=\"\"><strong data-start=\"1243\" data-end=\"1279\">Les bienfaits de Yummie Greens:<\/strong><\/p>\n<ul>\n<li>Contribue \u00e0 une digestion confortable<\/li>\n<li>Favorise une flore intestinale saine<\/li>\n<li data-start=\"1546\" data-end=\"1795\">Aide \u00e0 l\u2019\u00e9limination des toxines<\/li>\n<li data-start=\"1546\" data-end=\"1795\">Nourrit le microbiote avec des fibres v\u00e9g\u00e9tales<\/li>\n<li data-start=\"1546\" data-end=\"1795\">Soutient l\u2019\u00e9nergie globale gr\u00e2ce \u00e0 une meilleure absorption des nutriments<\/li>\n<\/ul>\n<p data-start=\"1797\" data-end=\"2012\">En utilisant <strong data-start=\"13\" data-end=\"30\">Yummie Greens<\/strong> chaque jour pendant votre cure d\u00e9tox, vous ne soutenez pas seulement l\u2019\u00e9limination des toxines, mais vous favorisez aussi un intestin sain, une meilleure absorption des nutriments et plus d\u2019\u00e9nergie au quotidien.<\/p>\n<p data-start=\"1797\" data-end=\"2012\"><strong data-start=\"1499\" data-end=\"1569\">1 emballage contient 30 portions, soit un mois de soutien\u00a0<\/strong><\/p>\n<h3><strong>Full Spectrum Digestive Enzymes<\/strong><\/h3>\n<p data-start=\"0\" data-end=\"288\">Une digestion saine ne d\u00e9pend pas seulement de ce que vous mangez, mais surtout de ce que votre corps peut absorber et utiliser. Les enzymes digestives jouent un r\u00f4le essentiel dans ce processus, car elles aident \u00e0 d\u00e9composer efficacement les nutriments pour qu\u2019ils soient bien assimil\u00e9s.<\/p>\n<p data-start=\"290\" data-end=\"784\"><strong data-start=\"290\" data-end=\"325\">Full Spectrum Digestive Enzymes<\/strong> contient un puissant m\u00e9lange de <strong data-start=\"358\" data-end=\"384\">18 enzymes diff\u00e9rentes<\/strong> qui soutiennent votre organisme dans la digestion des prot\u00e9ines, des graisses, des glucides et des fibres. Ces enzymes d\u00e9composent les macronutriments (graisses, glucides et prot\u00e9ines) en particules plus petites que le corps peut absorber et utiliser. Cela vous aide \u00e0 mieux dig\u00e9rer vos repas, \u00e0 assimiler les nutriments de fa\u00e7on optimale et \u00e0 r\u00e9duire la sensation de ballonnement apr\u00e8s avoir mang\u00e9.<\/p>\n<p data-start=\"786\" data-end=\"927\">Cette formule compl\u00e8te soutient la digestion du d\u00e9but \u00e0 la fin et contribue \u00e0 une fonction intestinale saine ainsi qu\u2019\u00e0 la vitalit\u00e9 g\u00e9n\u00e9rale.<\/p>\n<p data-start=\"929\" data-end=\"1059\" data-is-last-node=\"\" data-is-only-node=\"\">Une seule g\u00e9lule de <strong data-start=\"949\" data-end=\"970\">Digestive Enzymes<\/strong> contient les enzymes suivantes, essentielles au bon fonctionnement du syst\u00e8me digestif:<\/p>\n<ul>\n<li>Aspergillopepsin<\/li>\n<li>Peptidase<\/li>\n<li>Alpha Galactosidase<\/li>\n<li>Amylase<\/li>\n<li>Beta Glucanase<\/li>\n<li>Bromelain<\/li>\n<li>Cellulase<\/li>\n<li>Glucoamylase<\/li>\n<li>Hemicellulase<\/li>\n<li>Invertase<\/li>\n<li>Lactase<\/li>\n<li>Lipase<\/li>\n<li>Pectinase<\/li>\n<li>Phytase<\/li>\n<li>Protease 1 en 2<\/li>\n<li>Xylanase<\/li>\n<\/ul>\n<p data-start=\"1527\" data-end=\"1644\">Avec <strong data-start=\"5\" data-end=\"40\">Full Spectrum Digestive Enzymes<\/strong>, vous soutenez votre digestion de mani\u00e8re simple, jour apr\u00e8s jour.<br data-start=\"107\" data-end=\"110\" \/>Chaque emballage de <strong data-start=\"126\" data-end=\"147\">Digestive Enzymes<\/strong> contient 30 g\u00e9lules.<\/p>\n","protected":false},"excerpt":{"rendered":"<p data-start=\"0\" data-end=\"283\">Un intestin sain est la base de votre \u00e9nergie, de votre syst\u00e8me immunitaire et de votre bien-\u00eatre g\u00e9n\u00e9ral. Le pack <strong>\u00ab\u00a0Tube Digestif\u00a0\u00bb<\/strong> combine trois suppl\u00e9ments puissants qui agissent en synergie pour \u00e9quilibrer votre flore intestinale, soutenir votre digestion et nourrir vos intestins.<\/p>\n<p data-start=\"285\" data-end=\"720\" data-is-last-node=\"\" data-is-only-node=\"\"><strong data-start=\"285\" data-end=\"302\">Yummie Greens<\/strong> nourrit vos intestins avec des superaliments verts et des fibres pour une flore intestinale saine et un transit confortable.<br data-start=\"427\" data-end=\"430\" data-is-only-node=\"\" \/><strong data-start=\"430\" data-end=\"453\">Ultimate Probiotics<\/strong> apporte 10 souches bact\u00e9riennes soigneusement s\u00e9lectionn\u00e9es pour un microbiome fort et une meilleure immunit\u00e9.<br data-start=\"564\" data-end=\"567\" \/><strong data-start=\"567\" data-end=\"602\">Full Spectrum Digestive Enzymes<\/strong> aide \u00e0 d\u00e9composer les aliments, ce qui am\u00e9liore l&rsquo;absorption des nutriments et r\u00e9duit les sensations de ballonnement.<\/p>\n","protected":false},"featured_media":1188242,"template":"","meta":{"_acf_changed":false,"om_disable_all_campaigns":false},"product_brand":[],"product_cat":[206,178],"product_tag":[],"class_list":{"0":"post-1126317","1":"product","2":"type-product","3":"status-publish","4":"has-post-thumbnail","6":"product_cat-les-packs","7":"product_cat-offre-reguliere","8":"sales-flash-overlay","9":"woocommerce-text-align-center","10":"woocommerce-image-align-center","11":"do-quantity-buttons","13":"first","14":"outofstock","15":"sale","16":"taxable","17":"shipping-taxable","18":"purchasable","19":"product-type-simple"},"acf":[],"yoast_head":"<!-- This site is optimized with the Yoast SEO plugin v27.4 - https:\/\/yoast.com\/product\/yoast-seo-wordpress\/ -->\n<title>Le Pack &quot;Tube Digestif&quot; - Foodie<\/title>\n<meta name=\"description\" content=\"Un intestin sain est la base de votre \u00e9nergie, de votre syst\u00e8me immunitaire et de votre bien-\u00eatre g\u00e9n\u00e9ral. Le pack &quot;Tube Digestif&quot; combine trois suppl\u00e9ments puissants qui agissent en synergie pour \u00e9quilibrer votre flore intestinale, soutenir votre digestion et nourrir vos intestins. Yummie Greens nourrit vos intestins avec des superaliments verts et des fibres pour une flore intestinale saine et un transit confortable.Ultimate Probiotics apporte 10 souches bact\u00e9riennes soigneusement s\u00e9lectionn\u00e9es pour un microbiome fort et une meilleure immunit\u00e9.Full Spectrum Digestive Enzymes aide \u00e0 d\u00e9composer les aliments, ce qui am\u00e9liore l&#039;absorption des nutriments et r\u00e9duit les sensations de ballonnement.\" \/>\n<meta name=\"robots\" content=\"index, follow, max-snippet:-1, max-image-preview:large, max-video-preview:-1\" \/>\n<link rel=\"canonical\" href=\"https:\/\/www.foodie.nl\/fr\/produit\/le-pack-tube-digestif\/\" \/>\n<meta property=\"og:locale\" content=\"fr_FR\" \/>\n<meta property=\"og:type\" content=\"article\" \/>\n<meta property=\"og:title\" content=\"Le Pack &quot;Tube Digestif&quot; - Foodie\" \/>\n<meta property=\"og:description\" content=\"Un intestin sain est la base de votre \u00e9nergie, de votre syst\u00e8me immunitaire et de votre bien-\u00eatre g\u00e9n\u00e9ral. Le pack &quot;Tube Digestif&quot; combine trois suppl\u00e9ments puissants qui agissent en synergie pour \u00e9quilibrer votre flore intestinale, soutenir votre digestion et nourrir vos intestins. Yummie Greens nourrit vos intestins avec des superaliments verts et des fibres pour une flore intestinale saine et un transit confortable.Ultimate Probiotics apporte 10 souches bact\u00e9riennes soigneusement s\u00e9lectionn\u00e9es pour un microbiome fort et une meilleure immunit\u00e9.Full Spectrum Digestive Enzymes aide \u00e0 d\u00e9composer les aliments, ce qui am\u00e9liore l&#039;absorption des nutriments et r\u00e9duit les sensations de ballonnement.\" \/>\n<meta property=\"og:url\" content=\"https:\/\/www.foodie.nl\/fr\/produit\/le-pack-tube-digestif\/\" \/>\n<meta property=\"og:site_name\" content=\"Foodie\" \/>\n<meta property=\"article:modified_time\" content=\"2025-08-26T12:20:37+00:00\" \/>\n<meta property=\"og:image\" content=\"https:\/\/www.foodie.nl\/app\/uploads\/2025\/05\/Producten-groepen-62-1024x1024.png\" \/>\n\t<meta property=\"og:image:width\" content=\"1024\" \/>\n\t<meta property=\"og:image:height\" content=\"1024\" \/>\n\t<meta property=\"og:image:type\" content=\"image\/png\" \/>\n<meta name=\"twitter:card\" content=\"summary_large_image\" \/>\n<meta name=\"twitter:label1\" content=\"Dur\u00e9e de lecture estim\u00e9e\" \/>\n\t<meta name=\"twitter:data1\" content=\"4 minutes\" \/>\n<script type=\"application\/ld+json\" class=\"yoast-schema-graph\">{\"@context\":\"https:\\\/\\\/schema.org\",\"@graph\":[{\"@type\":\"WebPage\",\"@id\":\"https:\\\/\\\/www.foodie.nl\\\/fr\\\/produit\\\/le-pack-tube-digestif\\\/\",\"url\":\"https:\\\/\\\/www.foodie.nl\\\/fr\\\/produit\\\/le-pack-tube-digestif\\\/\",\"name\":\"Le Pack \\\"Tube Digestif\\\" - Foodie\",\"isPartOf\":{\"@id\":\"https:\\\/\\\/www.foodie.nl\\\/fr\\\/#website\"},\"primaryImageOfPage\":{\"@id\":\"https:\\\/\\\/www.foodie.nl\\\/fr\\\/produit\\\/le-pack-tube-digestif\\\/#primaryimage\"},\"image\":{\"@id\":\"https:\\\/\\\/www.foodie.nl\\\/fr\\\/produit\\\/le-pack-tube-digestif\\\/#primaryimage\"},\"thumbnailUrl\":\"https:\\\/\\\/www.foodie.nl\\\/app\\\/uploads\\\/2020\\\/12\\\/Producten-groepen-2026-02-16T131448.025.png\",\"datePublished\":\"2020-12-02T11:36:20+00:00\",\"dateModified\":\"2025-08-26T12:20:37+00:00\",\"description\":\"Un intestin sain est la base de votre \u00e9nergie, de votre syst\u00e8me immunitaire et de votre bien-\u00eatre g\u00e9n\u00e9ral. Le pack \\\"Tube Digestif\\\" combine trois suppl\u00e9ments puissants qui agissent en synergie pour \u00e9quilibrer votre flore intestinale, soutenir votre digestion et nourrir vos intestins. Yummie Greens nourrit vos intestins avec des superaliments verts et des fibres pour une flore intestinale saine et un transit confortable.Ultimate Probiotics apporte 10 souches bact\u00e9riennes soigneusement s\u00e9lectionn\u00e9es pour un microbiome fort et une meilleure immunit\u00e9.Full Spectrum Digestive Enzymes aide \u00e0 d\u00e9composer les aliments, ce qui am\u00e9liore l'absorption des nutriments et r\u00e9duit les sensations de ballonnement.\",\"breadcrumb\":{\"@id\":\"https:\\\/\\\/www.foodie.nl\\\/fr\\\/produit\\\/le-pack-tube-digestif\\\/#breadcrumb\"},\"inLanguage\":\"fr-FR\",\"potentialAction\":[{\"@type\":\"ReadAction\",\"target\":[\"https:\\\/\\\/www.foodie.nl\\\/fr\\\/produit\\\/le-pack-tube-digestif\\\/\"]}]},{\"@type\":\"ImageObject\",\"inLanguage\":\"fr-FR\",\"@id\":\"https:\\\/\\\/www.foodie.nl\\\/fr\\\/produit\\\/le-pack-tube-digestif\\\/#primaryimage\",\"url\":\"https:\\\/\\\/www.foodie.nl\\\/app\\\/uploads\\\/2020\\\/12\\\/Producten-groepen-2026-02-16T131448.025.png\",\"contentUrl\":\"https:\\\/\\\/www.foodie.nl\\\/app\\\/uploads\\\/2020\\\/12\\\/Producten-groepen-2026-02-16T131448.025.png\",\"width\":1600,\"height\":1600},{\"@type\":\"BreadcrumbList\",\"@id\":\"https:\\\/\\\/www.foodie.nl\\\/fr\\\/produit\\\/le-pack-tube-digestif\\\/#breadcrumb\",\"itemListElement\":[{\"@type\":\"ListItem\",\"position\":1,\"name\":\"Home\",\"item\":\"https:\\\/\\\/www.foodie.nl\\\/fr\\\/\"},{\"@type\":\"ListItem\",\"position\":2,\"name\":\"Produits\",\"item\":\"https:\\\/\\\/www.foodie.nl\\\/fr\\\/shop\\\/\"},{\"@type\":\"ListItem\",\"position\":3,\"name\":\"Le Pack &#8220;Tube Digestif&#8221;\"}]},{\"@type\":\"WebSite\",\"@id\":\"https:\\\/\\\/www.foodie.nl\\\/fr\\\/#website\",\"url\":\"https:\\\/\\\/www.foodie.nl\\\/fr\\\/\",\"name\":\"Foodie\",\"description\":\"Elke Hap Telt\",\"publisher\":{\"@id\":\"https:\\\/\\\/www.foodie.nl\\\/fr\\\/#organization\"},\"potentialAction\":[{\"@type\":\"SearchAction\",\"target\":{\"@type\":\"EntryPoint\",\"urlTemplate\":\"https:\\\/\\\/www.foodie.nl\\\/fr\\\/?s={search_term_string}\"},\"query-input\":{\"@type\":\"PropertyValueSpecification\",\"valueRequired\":true,\"valueName\":\"search_term_string\"}}],\"inLanguage\":\"fr-FR\"},{\"@type\":\"Organization\",\"@id\":\"https:\\\/\\\/www.foodie.nl\\\/fr\\\/#organization\",\"name\":\"Foodie\",\"url\":\"https:\\\/\\\/www.foodie.nl\\\/fr\\\/\",\"logo\":{\"@type\":\"ImageObject\",\"inLanguage\":\"fr-FR\",\"@id\":\"https:\\\/\\\/www.foodie.nl\\\/fr\\\/#\\\/schema\\\/logo\\\/image\\\/\",\"url\":\"https:\\\/\\\/www.foodie.nl\\\/app\\\/uploads\\\/2025\\\/01\\\/logo-foodie-wide@2x.png\",\"contentUrl\":\"https:\\\/\\\/www.foodie.nl\\\/app\\\/uploads\\\/2025\\\/01\\\/logo-foodie-wide@2x.png\",\"width\":236,\"height\":128,\"caption\":\"Foodie\"},\"image\":{\"@id\":\"https:\\\/\\\/www.foodie.nl\\\/fr\\\/#\\\/schema\\\/logo\\\/image\\\/\"}}]}<\/script>\n<!-- \/ Yoast SEO plugin. -->","yoast_head_json":{"title":"Le Pack \"Tube Digestif\" - Foodie","description":"Un intestin sain est la base de votre \u00e9nergie, de votre syst\u00e8me immunitaire et de votre bien-\u00eatre g\u00e9n\u00e9ral. Le pack \"Tube Digestif\" combine trois suppl\u00e9ments puissants qui agissent en synergie pour \u00e9quilibrer votre flore intestinale, soutenir votre digestion et nourrir vos intestins. Yummie Greens nourrit vos intestins avec des superaliments verts et des fibres pour une flore intestinale saine et un transit confortable.Ultimate Probiotics apporte 10 souches bact\u00e9riennes soigneusement s\u00e9lectionn\u00e9es pour un microbiome fort et une meilleure immunit\u00e9.Full Spectrum Digestive Enzymes aide \u00e0 d\u00e9composer les aliments, ce qui am\u00e9liore l'absorption des nutriments et r\u00e9duit les sensations de ballonnement.","robots":{"index":"index","follow":"follow","max-snippet":"max-snippet:-1","max-image-preview":"max-image-preview:large","max-video-preview":"max-video-preview:-1"},"canonical":"https:\/\/www.foodie.nl\/fr\/produit\/le-pack-tube-digestif\/","og_locale":"fr_FR","og_type":"article","og_title":"Le Pack \"Tube Digestif\" - Foodie","og_description":"Un intestin sain est la base de votre \u00e9nergie, de votre syst\u00e8me immunitaire et de votre bien-\u00eatre g\u00e9n\u00e9ral. Le pack \"Tube Digestif\" combine trois suppl\u00e9ments puissants qui agissent en synergie pour \u00e9quilibrer votre flore intestinale, soutenir votre digestion et nourrir vos intestins. Yummie Greens nourrit vos intestins avec des superaliments verts et des fibres pour une flore intestinale saine et un transit confortable.Ultimate Probiotics apporte 10 souches bact\u00e9riennes soigneusement s\u00e9lectionn\u00e9es pour un microbiome fort et une meilleure immunit\u00e9.Full Spectrum Digestive Enzymes aide \u00e0 d\u00e9composer les aliments, ce qui am\u00e9liore l'absorption des nutriments et r\u00e9duit les sensations de ballonnement.","og_url":"https:\/\/www.foodie.nl\/fr\/produit\/le-pack-tube-digestif\/","og_site_name":"Foodie","article_modified_time":"2025-08-26T12:20:37+00:00","og_image":[{"width":1024,"height":1024,"url":"https:\/\/www.foodie.nl\/app\/uploads\/2025\/05\/Producten-groepen-62-1024x1024.png","type":"image\/png"}],"twitter_card":"summary_large_image","twitter_misc":{"Dur\u00e9e de lecture estim\u00e9e":"4 minutes"},"schema":{"@context":"https:\/\/schema.org","@graph":[{"@type":"WebPage","@id":"https:\/\/www.foodie.nl\/fr\/produit\/le-pack-tube-digestif\/","url":"https:\/\/www.foodie.nl\/fr\/produit\/le-pack-tube-digestif\/","name":"Le Pack \"Tube Digestif\" - Foodie","isPartOf":{"@id":"https:\/\/www.foodie.nl\/fr\/#website"},"primaryImageOfPage":{"@id":"https:\/\/www.foodie.nl\/fr\/produit\/le-pack-tube-digestif\/#primaryimage"},"image":{"@id":"https:\/\/www.foodie.nl\/fr\/produit\/le-pack-tube-digestif\/#primaryimage"},"thumbnailUrl":"https:\/\/www.foodie.nl\/app\/uploads\/2020\/12\/Producten-groepen-2026-02-16T131448.025.png","datePublished":"2020-12-02T11:36:20+00:00","dateModified":"2025-08-26T12:20:37+00:00","description":"Un intestin sain est la base de votre \u00e9nergie, de votre syst\u00e8me immunitaire et de votre bien-\u00eatre g\u00e9n\u00e9ral. Le pack \"Tube Digestif\" combine trois suppl\u00e9ments puissants qui agissent en synergie pour \u00e9quilibrer votre flore intestinale, soutenir votre digestion et nourrir vos intestins. Yummie Greens nourrit vos intestins avec des superaliments verts et des fibres pour une flore intestinale saine et un transit confortable.Ultimate Probiotics apporte 10 souches bact\u00e9riennes soigneusement s\u00e9lectionn\u00e9es pour un microbiome fort et une meilleure immunit\u00e9.Full Spectrum Digestive Enzymes aide \u00e0 d\u00e9composer les aliments, ce qui am\u00e9liore l'absorption des nutriments et r\u00e9duit les sensations de ballonnement.","breadcrumb":{"@id":"https:\/\/www.foodie.nl\/fr\/produit\/le-pack-tube-digestif\/#breadcrumb"},"inLanguage":"fr-FR","potentialAction":[{"@type":"ReadAction","target":["https:\/\/www.foodie.nl\/fr\/produit\/le-pack-tube-digestif\/"]}]},{"@type":"ImageObject","inLanguage":"fr-FR","@id":"https:\/\/www.foodie.nl\/fr\/produit\/le-pack-tube-digestif\/#primaryimage","url":"https:\/\/www.foodie.nl\/app\/uploads\/2020\/12\/Producten-groepen-2026-02-16T131448.025.png","contentUrl":"https:\/\/www.foodie.nl\/app\/uploads\/2020\/12\/Producten-groepen-2026-02-16T131448.025.png","width":1600,"height":1600},{"@type":"BreadcrumbList","@id":"https:\/\/www.foodie.nl\/fr\/produit\/le-pack-tube-digestif\/#breadcrumb","itemListElement":[{"@type":"ListItem","position":1,"name":"Home","item":"https:\/\/www.foodie.nl\/fr\/"},{"@type":"ListItem","position":2,"name":"Produits","item":"https:\/\/www.foodie.nl\/fr\/shop\/"},{"@type":"ListItem","position":3,"name":"Le Pack &#8220;Tube Digestif&#8221;"}]},{"@type":"WebSite","@id":"https:\/\/www.foodie.nl\/fr\/#website","url":"https:\/\/www.foodie.nl\/fr\/","name":"Foodie","description":"Elke Hap Telt","publisher":{"@id":"https:\/\/www.foodie.nl\/fr\/#organization"},"potentialAction":[{"@type":"SearchAction","target":{"@type":"EntryPoint","urlTemplate":"https:\/\/www.foodie.nl\/fr\/?s={search_term_string}"},"query-input":{"@type":"PropertyValueSpecification","valueRequired":true,"valueName":"search_term_string"}}],"inLanguage":"fr-FR"},{"@type":"Organization","@id":"https:\/\/www.foodie.nl\/fr\/#organization","name":"Foodie","url":"https:\/\/www.foodie.nl\/fr\/","logo":{"@type":"ImageObject","inLanguage":"fr-FR","@id":"https:\/\/www.foodie.nl\/fr\/#\/schema\/logo\/image\/","url":"https:\/\/www.foodie.nl\/app\/uploads\/2025\/01\/logo-foodie-wide@2x.png","contentUrl":"https:\/\/www.foodie.nl\/app\/uploads\/2025\/01\/logo-foodie-wide@2x.png","width":236,"height":128,"caption":"Foodie"},"image":{"@id":"https:\/\/www.foodie.nl\/fr\/#\/schema\/logo\/image\/"}}]}},"_links":{"self":[{"href":"https:\/\/www.foodie.nl\/fr\/wp-json\/wp\/v2\/product\/1126317","targetHints":{"allow":["GET"]}}],"collection":[{"href":"https:\/\/www.foodie.nl\/fr\/wp-json\/wp\/v2\/product"}],"about":[{"href":"https:\/\/www.foodie.nl\/fr\/wp-json\/wp\/v2\/types\/product"}],"wp:featuredmedia":[{"embeddable":true,"href":"https:\/\/www.foodie.nl\/fr\/wp-json\/wp\/v2\/media\/1188242"}],"wp:attachment":[{"href":"https:\/\/www.foodie.nl\/fr\/wp-json\/wp\/v2\/media?parent=1126317"}],"wp:term":[{"taxonomy":"product_brand","embeddable":true,"href":"https:\/\/www.foodie.nl\/fr\/wp-json\/wp\/v2\/product_brand?post=1126317"},{"taxonomy":"product_cat","embeddable":true,"href":"https:\/\/www.foodie.nl\/fr\/wp-json\/wp\/v2\/product_cat?post=1126317"},{"taxonomy":"product_tag","embeddable":true,"href":"https:\/\/www.foodie.nl\/fr\/wp-json\/wp\/v2\/product_tag?post=1126317"}],"curies":[{"name":"wp","href":"https:\/\/api.w.org\/{rel}","templated":true}]}}