{"id":1128259,"date":"2020-09-22T12:32:33","date_gmt":"2020-09-22T10:32:33","guid":{"rendered":"https:\/\/www.foodie.nl\/product\/collagene-os-et-articulations-300-grammes\/"},"modified":"2025-08-26T11:43:17","modified_gmt":"2025-08-26T09:43:17","slug":"collagene-os-et-articulations-300-grammes","status":"publish","type":"product","link":"https:\/\/www.foodie.nl\/fr\/produit\/collagene-os-et-articulations-300-grammes\/","title":{"rendered":"Collagen Bone &#038; Joints"},"content":{"rendered":"<p><strong>Valeur nutritionnelle moyenne par portion (8,7 g):<\/strong><\/p>\n<ul>\n<li>\u00c9nergie: 128,8 KJ \/ 30,8 kcal<\/li>\n<li>Graisses: 0,02 g<\/li>\n<li>Glucides: 0,08 g<\/li>\n<li>Prot\u00e9ines: 7,43 g<\/li>\n<li>Sel: 0,02 g<\/li>\n<li>Citrate de calcium: 1000 mg<\/li>\n<\/ul>\n<p><strong>OsteoSupport :<\/strong><\/p>\n<ul>\n<li>Vitamine K2 MK7 (m\u00e9naquinone-7): 100 mcg<\/li>\n<li>Vitamine C (extrait d&rsquo;ac\u00e9rola): 80 mg<\/li>\n<li>Vitamine D3: 20 mcg (800 UI)<\/li>\n<\/ul>\n<p><strong style=\"font-size: inherit; font-family: -apple-system, system-ui, BlinkMacSystemFont, 'Segoe UI', Helvetica, Arial, sans-serif, 'Apple Color Emoji', 'Segoe UI Emoji', 'Segoe UI Symbol';\">Ingr\u00e9dients:\u00a0 <\/strong>Collag\u00e8ne bovin hydrolys\u00e9 type I &amp; III (Omnicol\u2122), collag\u00e8ne type II, citrate de calcium, vitamine D3 (chol\u00e9calcif\u00e9rol), vitamine K2 MK7 (m\u00e9naquinone-7) et vitamine C (extrait d\u2019ac\u00e9rola).<\/p>\n<p class=\"p1\"><strong>Posologie:<\/strong> M\u00e9langez environ 8,7 grammes de Collag\u00e8ne Bone &amp; Joints chaque jour dans votre boisson froide ou chaude pr\u00e9f\u00e9r\u00e9e.<br \/>\nCeci correspond \u00e0 une cuill\u00e8re doseuse remplie aux 2\/3 par jour.<\/p>\n<p class=\"p1\"><strong>Conservation :<\/strong> Conserver au frais et au sec.<\/p>\n<p class=\"p1\"><strong>Allerg\u00e8nes:<\/strong> Ce produit ne contient aucun allerg\u00e8ne.<\/p>\n<p><b>Avertissement: <\/b>Ce produit n&rsquo;est pas un m\u00e9dicament et n&rsquo;est pas destin\u00e9 \u00e0 diagnostiquer, pr\u00e9venir, traiter ou gu\u00e9rir une maladie ou un \u00e9tat.<br \/>\nUn compl\u00e9ment alimentaire ne doit pas \u00eatre utilis\u00e9 pour remplacer un r\u00e9gime alimentaire vari\u00e9.<br \/>\nNe d\u00e9passez pas la dose journali\u00e8re recommand\u00e9e. Tenir hors de port\u00e9e des enfants.<\/p>\n","protected":false},"excerpt":{"rendered":"<p>Collagen Bone &amp; Joints a \u00e9t\u00e9 sp\u00e9cialement d\u00e9velopp\u00e9 pour soutenir des os solides, des muscles puissants et des articulations flexibles. Il s&rsquo;agit d&rsquo;une combinaison de Collag\u00e8ne de type I &amp; III (Omnicol\u2122), de Collag\u00e8ne de type II, de citrate de calcium et du complexe OsteoSupport.<\/p>\n<p>Le Collag\u00e8ne de type I conf\u00e8re force et stabilit\u00e9 aux os, offrant ainsi une r\u00e9sistance \u00e0 la flexion et \u00e0 la fracture. Il soutient \u00e9galement la structure solide des tendons et des ligaments. Le Collag\u00e8ne de type II constitue la majeure partie du cartilage, permettant un mouvement fluide des articulations et les prot\u00e9geant contre l&rsquo;usure. Le Collag\u00e8ne de type III se trouve dans le liquide articulaire et est essentiel pour la lubrification et la r\u00e9duction des frottements au niveau des articulations.<\/p>\n<p>Le complexe unique OsteoSupport, compos\u00e9 de vitamines K2, D3 et C, provient de l&rsquo;extrait d&rsquo;ac\u00e9rola. La vitamine K2 dans cette formule, sous forme de M\u00e9naquinone-7, assure une absorption optimale du calcium. La vitamine D3 soutient la fonction musculaire et l&rsquo;absorption du calcium, tandis que la vitamine C naturelle issue de l&rsquo;extrait d&rsquo;ac\u00e9rola joue un r\u00f4le crucial dans la production de collag\u00e8ne, essentiel pour des os solides et un cartilage sain.<\/p>\n","protected":false},"featured_media":1165722,"template":"","meta":{"_acf_changed":false,"om_disable_all_campaigns":false},"product_brand":[],"product_cat":[207,183,182,178,180],"product_tag":[],"class_list":{"0":"post-1128259","1":"product","2":"type-product","3":"status-publish","4":"has-post-thumbnail","6":"product_cat-collagene-os-et-articulations","7":"product_cat-complements-alimentaires","8":"product_cat-non-promo-fr","9":"product_cat-offre-reguliere","10":"product_cat-tous-les-produits","11":"sales-flash-overlay","12":"woocommerce-text-align-center","13":"woocommerce-image-align-center","14":"do-quantity-buttons","16":"first","17":"instock","18":"downloadable","19":"taxable","20":"shipping-taxable","21":"purchasable","22":"product-type-simple"},"acf":[],"yoast_head":"<!-- This site is optimized with the Yoast SEO plugin v27.2 - https:\/\/yoast.com\/product\/yoast-seo-wordpress\/ -->\n<title>Collagen Bone &amp; Joints - Foodie<\/title>\n<meta name=\"description\" content=\"Collagen Bone &amp; Joints a \u00e9t\u00e9 sp\u00e9cialement d\u00e9velopp\u00e9 pour soutenir des os solides, des muscles puissants et des articulations flexibles. Il s&#039;agit d&#039;une combinaison de Collag\u00e8ne de type I &amp; III (Omnicol\u2122), de Collag\u00e8ne de type II, de citrate de calcium et du complexe OsteoSupport.  Le Collag\u00e8ne de type I conf\u00e8re force et stabilit\u00e9 aux os, offrant ainsi une r\u00e9sistance \u00e0 la flexion et \u00e0 la fracture. Il soutient \u00e9galement la structure solide des tendons et des ligaments. Le Collag\u00e8ne de type II constitue la majeure partie du cartilage, permettant un mouvement fluide des articulations et les prot\u00e9geant contre l&#039;usure. Le Collag\u00e8ne de type III se trouve dans le liquide articulaire et est essentiel pour la lubrification et la r\u00e9duction des frottements au niveau des articulations.  Le complexe unique OsteoSupport, compos\u00e9 de vitamines K2, D3 et C, provient de l&#039;extrait d&#039;ac\u00e9rola. La vitamine K2 dans cette formule, sous forme de M\u00e9naquinone-7, assure une absorption optimale du calcium. La vitamine D3 soutient la fonction musculaire et l&#039;absorption du calcium, tandis que la vitamine C naturelle issue de l&#039;extrait d&#039;ac\u00e9rola joue un r\u00f4le crucial dans la production de collag\u00e8ne, essentiel pour des os solides et un cartilage sain.\" \/>\n<meta name=\"robots\" content=\"index, follow, max-snippet:-1, max-image-preview:large, max-video-preview:-1\" \/>\n<link rel=\"canonical\" href=\"https:\/\/www.foodie.nl\/fr\/produit\/collagene-os-et-articulations-300-grammes\/\" \/>\n<meta property=\"og:locale\" content=\"fr_FR\" \/>\n<meta property=\"og:type\" content=\"article\" \/>\n<meta property=\"og:title\" content=\"Collagen Bone &amp; Joints - Foodie\" \/>\n<meta property=\"og:description\" content=\"Collagen Bone &amp; Joints a \u00e9t\u00e9 sp\u00e9cialement d\u00e9velopp\u00e9 pour soutenir des os solides, des muscles puissants et des articulations flexibles. Il s&#039;agit d&#039;une combinaison de Collag\u00e8ne de type I &amp; III (Omnicol\u2122), de Collag\u00e8ne de type II, de citrate de calcium et du complexe OsteoSupport.  Le Collag\u00e8ne de type I conf\u00e8re force et stabilit\u00e9 aux os, offrant ainsi une r\u00e9sistance \u00e0 la flexion et \u00e0 la fracture. Il soutient \u00e9galement la structure solide des tendons et des ligaments. Le Collag\u00e8ne de type II constitue la majeure partie du cartilage, permettant un mouvement fluide des articulations et les prot\u00e9geant contre l&#039;usure. Le Collag\u00e8ne de type III se trouve dans le liquide articulaire et est essentiel pour la lubrification et la r\u00e9duction des frottements au niveau des articulations.  Le complexe unique OsteoSupport, compos\u00e9 de vitamines K2, D3 et C, provient de l&#039;extrait d&#039;ac\u00e9rola. La vitamine K2 dans cette formule, sous forme de M\u00e9naquinone-7, assure une absorption optimale du calcium. La vitamine D3 soutient la fonction musculaire et l&#039;absorption du calcium, tandis que la vitamine C naturelle issue de l&#039;extrait d&#039;ac\u00e9rola joue un r\u00f4le crucial dans la production de collag\u00e8ne, essentiel pour des os solides et un cartilage sain.\" \/>\n<meta property=\"og:url\" content=\"https:\/\/www.foodie.nl\/fr\/produit\/collagene-os-et-articulations-300-grammes\/\" \/>\n<meta property=\"og:site_name\" content=\"Foodie\" \/>\n<meta property=\"article:modified_time\" content=\"2025-08-26T09:43:17+00:00\" \/>\n<meta property=\"og:image\" content=\"https:\/\/www.foodie.nl\/app\/uploads\/2025\/07\/Collagen-Bone-Joints-1-pack-1024x1024.png\" \/>\n\t<meta property=\"og:image:width\" content=\"1024\" \/>\n\t<meta property=\"og:image:height\" content=\"1024\" \/>\n\t<meta property=\"og:image:type\" content=\"image\/png\" \/>\n<meta name=\"twitter:card\" content=\"summary_large_image\" \/>\n<meta name=\"twitter:label1\" content=\"Dur\u00e9e de lecture estim\u00e9e\" \/>\n\t<meta name=\"twitter:data1\" content=\"2 minutes\" \/>\n<script type=\"application\/ld+json\" class=\"yoast-schema-graph\">{\"@context\":\"https:\/\/schema.org\",\"@graph\":[{\"@type\":\"WebPage\",\"@id\":\"https:\/\/www.foodie.nl\/fr\/produit\/collagene-os-et-articulations-300-grammes\/\",\"url\":\"https:\/\/www.foodie.nl\/fr\/produit\/collagene-os-et-articulations-300-grammes\/\",\"name\":\"Collagen Bone & Joints - Foodie\",\"isPartOf\":{\"@id\":\"https:\/\/www.foodie.nl\/fr\/#website\"},\"primaryImageOfPage\":{\"@id\":\"https:\/\/www.foodie.nl\/fr\/produit\/collagene-os-et-articulations-300-grammes\/#primaryimage\"},\"image\":{\"@id\":\"https:\/\/www.foodie.nl\/fr\/produit\/collagene-os-et-articulations-300-grammes\/#primaryimage\"},\"thumbnailUrl\":\"https:\/\/www.foodie.nl\/app\/uploads\/2025\/07\/Collagen-Bone-Joints-1-pack.png\",\"datePublished\":\"2020-09-22T10:32:33+00:00\",\"dateModified\":\"2025-08-26T09:43:17+00:00\",\"description\":\"Collagen Bone &amp; Joints a \u00e9t\u00e9 sp\u00e9cialement d\u00e9velopp\u00e9 pour soutenir des os solides, des muscles puissants et des articulations flexibles. Il s'agit d'une combinaison de Collag\u00e8ne de type I &amp; III (Omnicol\u2122), de Collag\u00e8ne de type II, de citrate de calcium et du complexe OsteoSupport. Le Collag\u00e8ne de type I conf\u00e8re force et stabilit\u00e9 aux os, offrant ainsi une r\u00e9sistance \u00e0 la flexion et \u00e0 la fracture. Il soutient \u00e9galement la structure solide des tendons et des ligaments. Le Collag\u00e8ne de type II constitue la majeure partie du cartilage, permettant un mouvement fluide des articulations et les prot\u00e9geant contre l'usure. Le Collag\u00e8ne de type III se trouve dans le liquide articulaire et est essentiel pour la lubrification et la r\u00e9duction des frottements au niveau des articulations. Le complexe unique OsteoSupport, compos\u00e9 de vitamines K2, D3 et C, provient de l'extrait d'ac\u00e9rola. La vitamine K2 dans cette formule, sous forme de M\u00e9naquinone-7, assure une absorption optimale du calcium. La vitamine D3 soutient la fonction musculaire et l'absorption du calcium, tandis que la vitamine C naturelle issue de l'extrait d'ac\u00e9rola joue un r\u00f4le crucial dans la production de collag\u00e8ne, essentiel pour des os solides et un cartilage sain.\",\"breadcrumb\":{\"@id\":\"https:\/\/www.foodie.nl\/fr\/produit\/collagene-os-et-articulations-300-grammes\/#breadcrumb\"},\"inLanguage\":\"fr-FR\",\"potentialAction\":[{\"@type\":\"ReadAction\",\"target\":[\"https:\/\/www.foodie.nl\/fr\/produit\/collagene-os-et-articulations-300-grammes\/\"]}]},{\"@type\":\"ImageObject\",\"inLanguage\":\"fr-FR\",\"@id\":\"https:\/\/www.foodie.nl\/fr\/produit\/collagene-os-et-articulations-300-grammes\/#primaryimage\",\"url\":\"https:\/\/www.foodie.nl\/app\/uploads\/2025\/07\/Collagen-Bone-Joints-1-pack.png\",\"contentUrl\":\"https:\/\/www.foodie.nl\/app\/uploads\/2025\/07\/Collagen-Bone-Joints-1-pack.png\",\"width\":2400,\"height\":2400},{\"@type\":\"BreadcrumbList\",\"@id\":\"https:\/\/www.foodie.nl\/fr\/produit\/collagene-os-et-articulations-300-grammes\/#breadcrumb\",\"itemListElement\":[{\"@type\":\"ListItem\",\"position\":1,\"name\":\"Home\",\"item\":\"https:\/\/www.foodie.nl\/fr\/\"},{\"@type\":\"ListItem\",\"position\":2,\"name\":\"Produits\",\"item\":\"https:\/\/www.foodie.nl\/fr\/shop\/\"},{\"@type\":\"ListItem\",\"position\":3,\"name\":\"Collagen Bone &#038; Joints\"}]},{\"@type\":\"WebSite\",\"@id\":\"https:\/\/www.foodie.nl\/fr\/#website\",\"url\":\"https:\/\/www.foodie.nl\/fr\/\",\"name\":\"Foodie\",\"description\":\"Elke Hap Telt\",\"publisher\":{\"@id\":\"https:\/\/www.foodie.nl\/fr\/#organization\"},\"potentialAction\":[{\"@type\":\"SearchAction\",\"target\":{\"@type\":\"EntryPoint\",\"urlTemplate\":\"https:\/\/www.foodie.nl\/fr\/?s={search_term_string}\"},\"query-input\":{\"@type\":\"PropertyValueSpecification\",\"valueRequired\":true,\"valueName\":\"search_term_string\"}}],\"inLanguage\":\"fr-FR\"},{\"@type\":\"Organization\",\"@id\":\"https:\/\/www.foodie.nl\/fr\/#organization\",\"name\":\"Foodie\",\"url\":\"https:\/\/www.foodie.nl\/fr\/\",\"logo\":{\"@type\":\"ImageObject\",\"inLanguage\":\"fr-FR\",\"@id\":\"https:\/\/www.foodie.nl\/fr\/#\/schema\/logo\/image\/\",\"url\":\"https:\/\/www.foodie.nl\/app\/uploads\/2025\/01\/logo-foodie-wide@2x.png\",\"contentUrl\":\"https:\/\/www.foodie.nl\/app\/uploads\/2025\/01\/logo-foodie-wide@2x.png\",\"width\":236,\"height\":128,\"caption\":\"Foodie\"},\"image\":{\"@id\":\"https:\/\/www.foodie.nl\/fr\/#\/schema\/logo\/image\/\"}}]}<\/script>\n<!-- \/ Yoast SEO plugin. -->","yoast_head_json":{"title":"Collagen Bone & Joints - Foodie","description":"Collagen Bone &amp; Joints a \u00e9t\u00e9 sp\u00e9cialement d\u00e9velopp\u00e9 pour soutenir des os solides, des muscles puissants et des articulations flexibles. Il s'agit d'une combinaison de Collag\u00e8ne de type I &amp; III (Omnicol\u2122), de Collag\u00e8ne de type II, de citrate de calcium et du complexe OsteoSupport.  Le Collag\u00e8ne de type I conf\u00e8re force et stabilit\u00e9 aux os, offrant ainsi une r\u00e9sistance \u00e0 la flexion et \u00e0 la fracture. Il soutient \u00e9galement la structure solide des tendons et des ligaments. Le Collag\u00e8ne de type II constitue la majeure partie du cartilage, permettant un mouvement fluide des articulations et les prot\u00e9geant contre l'usure. Le Collag\u00e8ne de type III se trouve dans le liquide articulaire et est essentiel pour la lubrification et la r\u00e9duction des frottements au niveau des articulations.  Le complexe unique OsteoSupport, compos\u00e9 de vitamines K2, D3 et C, provient de l'extrait d'ac\u00e9rola. La vitamine K2 dans cette formule, sous forme de M\u00e9naquinone-7, assure une absorption optimale du calcium. La vitamine D3 soutient la fonction musculaire et l'absorption du calcium, tandis que la vitamine C naturelle issue de l'extrait d'ac\u00e9rola joue un r\u00f4le crucial dans la production de collag\u00e8ne, essentiel pour des os solides et un cartilage sain.","robots":{"index":"index","follow":"follow","max-snippet":"max-snippet:-1","max-image-preview":"max-image-preview:large","max-video-preview":"max-video-preview:-1"},"canonical":"https:\/\/www.foodie.nl\/fr\/produit\/collagene-os-et-articulations-300-grammes\/","og_locale":"fr_FR","og_type":"article","og_title":"Collagen Bone & Joints - Foodie","og_description":"Collagen Bone &amp; Joints a \u00e9t\u00e9 sp\u00e9cialement d\u00e9velopp\u00e9 pour soutenir des os solides, des muscles puissants et des articulations flexibles. Il s'agit d'une combinaison de Collag\u00e8ne de type I &amp; III (Omnicol\u2122), de Collag\u00e8ne de type II, de citrate de calcium et du complexe OsteoSupport.  Le Collag\u00e8ne de type I conf\u00e8re force et stabilit\u00e9 aux os, offrant ainsi une r\u00e9sistance \u00e0 la flexion et \u00e0 la fracture. Il soutient \u00e9galement la structure solide des tendons et des ligaments. Le Collag\u00e8ne de type II constitue la majeure partie du cartilage, permettant un mouvement fluide des articulations et les prot\u00e9geant contre l'usure. Le Collag\u00e8ne de type III se trouve dans le liquide articulaire et est essentiel pour la lubrification et la r\u00e9duction des frottements au niveau des articulations.  Le complexe unique OsteoSupport, compos\u00e9 de vitamines K2, D3 et C, provient de l'extrait d'ac\u00e9rola. La vitamine K2 dans cette formule, sous forme de M\u00e9naquinone-7, assure une absorption optimale du calcium. La vitamine D3 soutient la fonction musculaire et l'absorption du calcium, tandis que la vitamine C naturelle issue de l'extrait d'ac\u00e9rola joue un r\u00f4le crucial dans la production de collag\u00e8ne, essentiel pour des os solides et un cartilage sain.","og_url":"https:\/\/www.foodie.nl\/fr\/produit\/collagene-os-et-articulations-300-grammes\/","og_site_name":"Foodie","article_modified_time":"2025-08-26T09:43:17+00:00","og_image":[{"width":1024,"height":1024,"url":"https:\/\/www.foodie.nl\/app\/uploads\/2025\/07\/Collagen-Bone-Joints-1-pack-1024x1024.png","type":"image\/png"}],"twitter_card":"summary_large_image","twitter_misc":{"Dur\u00e9e de lecture estim\u00e9e":"2 minutes"},"schema":{"@context":"https:\/\/schema.org","@graph":[{"@type":"WebPage","@id":"https:\/\/www.foodie.nl\/fr\/produit\/collagene-os-et-articulations-300-grammes\/","url":"https:\/\/www.foodie.nl\/fr\/produit\/collagene-os-et-articulations-300-grammes\/","name":"Collagen Bone & Joints - Foodie","isPartOf":{"@id":"https:\/\/www.foodie.nl\/fr\/#website"},"primaryImageOfPage":{"@id":"https:\/\/www.foodie.nl\/fr\/produit\/collagene-os-et-articulations-300-grammes\/#primaryimage"},"image":{"@id":"https:\/\/www.foodie.nl\/fr\/produit\/collagene-os-et-articulations-300-grammes\/#primaryimage"},"thumbnailUrl":"https:\/\/www.foodie.nl\/app\/uploads\/2025\/07\/Collagen-Bone-Joints-1-pack.png","datePublished":"2020-09-22T10:32:33+00:00","dateModified":"2025-08-26T09:43:17+00:00","description":"Collagen Bone &amp; Joints a \u00e9t\u00e9 sp\u00e9cialement d\u00e9velopp\u00e9 pour soutenir des os solides, des muscles puissants et des articulations flexibles. Il s'agit d'une combinaison de Collag\u00e8ne de type I &amp; III (Omnicol\u2122), de Collag\u00e8ne de type II, de citrate de calcium et du complexe OsteoSupport. Le Collag\u00e8ne de type I conf\u00e8re force et stabilit\u00e9 aux os, offrant ainsi une r\u00e9sistance \u00e0 la flexion et \u00e0 la fracture. Il soutient \u00e9galement la structure solide des tendons et des ligaments. Le Collag\u00e8ne de type II constitue la majeure partie du cartilage, permettant un mouvement fluide des articulations et les prot\u00e9geant contre l'usure. Le Collag\u00e8ne de type III se trouve dans le liquide articulaire et est essentiel pour la lubrification et la r\u00e9duction des frottements au niveau des articulations. Le complexe unique OsteoSupport, compos\u00e9 de vitamines K2, D3 et C, provient de l'extrait d'ac\u00e9rola. La vitamine K2 dans cette formule, sous forme de M\u00e9naquinone-7, assure une absorption optimale du calcium. La vitamine D3 soutient la fonction musculaire et l'absorption du calcium, tandis que la vitamine C naturelle issue de l'extrait d'ac\u00e9rola joue un r\u00f4le crucial dans la production de collag\u00e8ne, essentiel pour des os solides et un cartilage sain.","breadcrumb":{"@id":"https:\/\/www.foodie.nl\/fr\/produit\/collagene-os-et-articulations-300-grammes\/#breadcrumb"},"inLanguage":"fr-FR","potentialAction":[{"@type":"ReadAction","target":["https:\/\/www.foodie.nl\/fr\/produit\/collagene-os-et-articulations-300-grammes\/"]}]},{"@type":"ImageObject","inLanguage":"fr-FR","@id":"https:\/\/www.foodie.nl\/fr\/produit\/collagene-os-et-articulations-300-grammes\/#primaryimage","url":"https:\/\/www.foodie.nl\/app\/uploads\/2025\/07\/Collagen-Bone-Joints-1-pack.png","contentUrl":"https:\/\/www.foodie.nl\/app\/uploads\/2025\/07\/Collagen-Bone-Joints-1-pack.png","width":2400,"height":2400},{"@type":"BreadcrumbList","@id":"https:\/\/www.foodie.nl\/fr\/produit\/collagene-os-et-articulations-300-grammes\/#breadcrumb","itemListElement":[{"@type":"ListItem","position":1,"name":"Home","item":"https:\/\/www.foodie.nl\/fr\/"},{"@type":"ListItem","position":2,"name":"Produits","item":"https:\/\/www.foodie.nl\/fr\/shop\/"},{"@type":"ListItem","position":3,"name":"Collagen Bone &#038; Joints"}]},{"@type":"WebSite","@id":"https:\/\/www.foodie.nl\/fr\/#website","url":"https:\/\/www.foodie.nl\/fr\/","name":"Foodie","description":"Elke Hap Telt","publisher":{"@id":"https:\/\/www.foodie.nl\/fr\/#organization"},"potentialAction":[{"@type":"SearchAction","target":{"@type":"EntryPoint","urlTemplate":"https:\/\/www.foodie.nl\/fr\/?s={search_term_string}"},"query-input":{"@type":"PropertyValueSpecification","valueRequired":true,"valueName":"search_term_string"}}],"inLanguage":"fr-FR"},{"@type":"Organization","@id":"https:\/\/www.foodie.nl\/fr\/#organization","name":"Foodie","url":"https:\/\/www.foodie.nl\/fr\/","logo":{"@type":"ImageObject","inLanguage":"fr-FR","@id":"https:\/\/www.foodie.nl\/fr\/#\/schema\/logo\/image\/","url":"https:\/\/www.foodie.nl\/app\/uploads\/2025\/01\/logo-foodie-wide@2x.png","contentUrl":"https:\/\/www.foodie.nl\/app\/uploads\/2025\/01\/logo-foodie-wide@2x.png","width":236,"height":128,"caption":"Foodie"},"image":{"@id":"https:\/\/www.foodie.nl\/fr\/#\/schema\/logo\/image\/"}}]}},"_links":{"self":[{"href":"https:\/\/www.foodie.nl\/fr\/wp-json\/wp\/v2\/product\/1128259","targetHints":{"allow":["GET"]}}],"collection":[{"href":"https:\/\/www.foodie.nl\/fr\/wp-json\/wp\/v2\/product"}],"about":[{"href":"https:\/\/www.foodie.nl\/fr\/wp-json\/wp\/v2\/types\/product"}],"wp:featuredmedia":[{"embeddable":true,"href":"https:\/\/www.foodie.nl\/fr\/wp-json\/wp\/v2\/media\/1165722"}],"wp:attachment":[{"href":"https:\/\/www.foodie.nl\/fr\/wp-json\/wp\/v2\/media?parent=1128259"}],"wp:term":[{"taxonomy":"product_brand","embeddable":true,"href":"https:\/\/www.foodie.nl\/fr\/wp-json\/wp\/v2\/product_brand?post=1128259"},{"taxonomy":"product_cat","embeddable":true,"href":"https:\/\/www.foodie.nl\/fr\/wp-json\/wp\/v2\/product_cat?post=1128259"},{"taxonomy":"product_tag","embeddable":true,"href":"https:\/\/www.foodie.nl\/fr\/wp-json\/wp\/v2\/product_tag?post=1128259"}],"curies":[{"name":"wp","href":"https:\/\/api.w.org\/{rel}","templated":true}]}}