{"id":1135970,"date":"2024-11-22T12:06:45","date_gmt":"2024-11-22T11:06:45","guid":{"rendered":"https:\/\/www.foodie.nl\/?post_type=product&#038;p=1135970"},"modified":"2025-08-26T13:51:46","modified_gmt":"2025-08-26T11:51:46","slug":"le-pack-immunite-kopie","status":"publish","type":"product","link":"https:\/\/www.foodie.nl\/fr\/produit\/le-pack-immunite-kopie\/","title":{"rendered":"Le Pack \u00ab\u00a0C\u00e9to\u00a0\u00bb"},"content":{"rendered":"<p>Le pack \u00ab\u00a0C\u00e9to\u00a0\u00bb contient:<\/p>\n<h3><strong>Ultimate MCT Powder<\/strong><\/h3>\n<p data-start=\"0\" data-end=\"439\">Dans un mode de vie c\u00e9tog\u00e8ne, tout tourne autour de la combustion des graisses, d\u2019une \u00e9nergie stable et de l\u2019\u00e9vitement des pics de glyc\u00e9mie. <strong data-start=\"141\" data-end=\"164\">Ultimate MCT Powder<\/strong> soutient pr\u00e9cis\u00e9ment ces objectifs. Cette formule pure et d\u2019origine v\u00e9g\u00e9tale fournit des acides gras \u00e0 cha\u00eene moyenne (MCT) issus de l\u2019huile de coco, qui sont rapidement et efficacement convertis en c\u00e9tones \u2013 le carburant id\u00e9al pour remplacer le glucose et rester en c\u00e9tose.<\/p>\n<p data-start=\"441\" data-end=\"791\">Les MCT de cette formule apportent une \u00e9nergie imm\u00e9diate et durable, sans augmenter la glyc\u00e9mie, vous permettant de garder un esprit clair tout en aidant votre corps \u00e0 continuer d\u2019utiliser les graisses comme source d\u2019\u00e9nergie. Parfait donc pour bien commencer la journ\u00e9e, pour un regain d\u2019\u00e9nergie avant l\u2019entra\u00eenement ou dans votre bulletproof coffee.<\/p>\n<p data-start=\"793\" data-end=\"1151\" data-is-last-node=\"\" data-is-only-node=\"\">Ce qui rend cette formule particuli\u00e8rement int\u00e9ressante, c\u2019est l\u2019ajout <strong>de fibres d\u2019acacia<\/strong>. Ces fibres pr\u00e9biotiques douces et bien tol\u00e9r\u00e9es soutiennent la sant\u00e9 intestinale sans perturber la c\u00e9tose. Elles contribuent \u00e0 une digestion saine et aident \u00e0 stabiliser la glyc\u00e9mie, ce qui les rend parfaitement adapt\u00e9es \u00e0 une approche pauvre en glucides ou c\u00e9tog\u00e8ne.<\/p>\n<ul>\n<li data-start=\"1830\" data-end=\"2053\">Favorise la production de c\u00e9tones et la combustion des graisses<\/li>\n<li data-start=\"1830\" data-end=\"2053\">Compatible C\u00e9to et Paleo, faible en glucides, sans lactose, sans gluten et sans OGM<\/li>\n<li data-start=\"1830\" data-end=\"2053\">Fournit une \u00e9nergie pure et stable<\/li>\n<li data-start=\"1830\" data-end=\"2053\">Contribue \u00e0 un taux de glyc\u00e9mie constant<\/li>\n<li data-start=\"1830\" data-end=\"2053\">Fabriqu\u00e9 \u00e0 partir d\u2019huile de coco avec PalmFreeMCT (Veganergy\u00ae)<\/li>\n<li data-start=\"1830\" data-end=\"2053\">Id\u00e9al dans le caf\u00e9, les smoothies ou les shakes<\/li>\n<li data-start=\"1830\" data-end=\"2053\">100% pur, v\u00e9gan et facilement soluble<\/li>\n<\/ul>\n<p data-start=\"2055\" data-end=\"2181\">1 emballage de <strong>Ultimate MCT Powder<\/strong> contient 20 doses<\/p>\n<p data-start=\"2055\" data-end=\"2181\">Ultimate MCT Powder vous aide de mani\u00e8re simple \u00e0 rester \u00e9nergique et \u00e0 soutenir la combustion des graisses.<\/p>\n<h3><strong>Ultimate Electrolytes<\/strong><\/h3>\n<p data-start=\"0\" data-end=\"515\">Pendant un mode de vie c\u00e9tog\u00e8ne, votre taux d\u2019insuline diminue et votre corps perd davantage de liquides et d\u2019\u00e9lectrolytes par l\u2019urine, surtout dans la phase initiale de la c\u00e9tose. Cela augmente le risque de d\u00e9shydratation, de fatigue, de maux de t\u00eate ou de crampes musculaires, \u00e9galement connus sous le nom de \u00ab\u202fgrippe c\u00e9to\u202f\u00bb. <strong data-start=\"328\" data-end=\"353\">Ultimate Electrolytes<\/strong> a \u00e9t\u00e9 sp\u00e9cialement d\u00e9velopp\u00e9 pour compenser ces carences et soutenir votre corps de mani\u00e8re optimale afin de maintenir l\u2019\u00e9quilibre, l\u2019\u00e9nergie et la r\u00e9cup\u00e9ration.<\/p>\n<p data-start=\"517\" data-end=\"880\">Ce m\u00e9lange puissant contient des \u00e9lectrolytes essentiels tels que <strong>le sodium, le potassium, le magn\u00e9sium, le calcium et le chlorure<\/strong>, dans le rapport id\u00e9al sodium\/potassium de 3:1. La formule est enrichie en <strong>sel marin celtique, poudre d\u2019eau de coco, zinc, vitamine C et vitamines B<\/strong>, tous essentiels pour une bonne hydratation et un m\u00e9tabolisme \u00e9nerg\u00e9tique efficace.<\/p>\n<p data-start=\"882\" data-end=\"1118\"><strong data-start=\"882\" data-end=\"907\">Ultimate Electrolytes<\/strong> <strong>vous offre une hydratation optimale avec un d\u00e9licieux go\u00fbt citronn\u00e9<\/strong>, issu d\u2019extraits naturels, sans sucres ajout\u00e9s. Il est donc id\u00e9al pour un usage quotidien et s\u2019int\u00e8gre parfaitement \u00e0 un mode de vie c\u00e9tog\u00e8ne.<\/p>\n<p data-start=\"1120\" data-end=\"1188\" data-is-last-node=\"\" data-is-only-node=\"\"><strong data-start=\"1120\" data-end=\"1145\">Ultimate Electrolytes<\/strong> s\u2019int\u00e8gre parfaitement dans ce pack c\u00e9to\u202f:<\/p>\n<ul>\n<li data-start=\"1248\" data-end=\"1554\">Soutient un \u00e9quilibre sain en eau et min\u00e9raux, essentiel pendant la c\u00e9tose\u00b9<\/li>\n<li data-start=\"1248\" data-end=\"1554\">Aide \u00e0 pr\u00e9venir les sympt\u00f4mes de <strong>la grippe c\u00e9to<\/strong> (maux de t\u00eate, crampes musculaires, fatigue)<sup>1,2,3<\/sup><\/li>\n<li data-start=\"1248\" data-end=\"1554\">Aide \u00e0 pr\u00e9venir les crampes musculaires pendant le sport et l\u2019effort\u00b9\u00b2\u00b3<\/li>\n<li data-start=\"1248\" data-end=\"1554\">Soutient la fonction musculaire et la r\u00e9cup\u00e9ration apr\u00e8s le sport\u00b9\u00b2\u00b3<\/li>\n<li data-start=\"1248\" data-end=\"1554\">Contribue \u00e0 une hydratation optimale et r\u00e9duit la fatigue\u00b9\u00b2\u00b3<\/li>\n<li data-start=\"1248\" data-end=\"1554\">Active l\u2019\u00e9nergie naturelle et la vivacit\u00e9 mentale\u00b9\u00b2\u00b3<\/li>\n<li data-start=\"1248\" data-end=\"1554\">Ratio id\u00e9al Sodium \/ Potassium 3:1<\/li>\n<li data-start=\"1248\" data-end=\"1554\">Zinc, Vitamine C et vitamines B<\/li>\n<\/ul>\n<p>1 emballage d&rsquo;<strong>Ultimate Electrolytes<\/strong> contient 45 doses.<\/p>\n<p><sup>1<\/sup>Magn\u00e9sium<br \/>\n<sup>2<\/sup>Calcium<br \/>\n<sup>3Potassium<\/sup><\/p>\n<h3><strong>Collagen Plus<\/strong><\/h3>\n<p data-start=\"0\" data-end=\"371\"><strong>Collagen Plus<\/strong> est le soutien ultime pour un corps actif et s\u2019int\u00e8gre parfaitement dans un mode de vie <strong>c\u00e9tog\u00e8ne<\/strong> ou pauvre en glucides. Cette formule unique combine <strong>du collag\u00e8ne de type I et III, des acides gras MCT issus de l\u2019huile de coco et de la vitamine C naturelle provenant de l\u2019ac\u00e9rola,<\/strong> pour favoriser la r\u00e9cup\u00e9ration, l\u2019\u00e9nergie et des tissus conjonctifs solides.<\/p>\n<p data-start=\"373\" data-end=\"766\">Les prot\u00e9ines de collag\u00e8ne de type I et III sont naturellement pr\u00e9sentes dans <strong>les muscles, les tendons, les articulations et la peau<\/strong>, et contribuent \u00e0 la force, la flexibilit\u00e9 et la structure. Gr\u00e2ce \u00e0 l\u2019ajout de <strong>vitamine C<\/strong> issue de l\u2019ac\u00e9rola, <strong>la production naturelle de collag\u00e8ne est \u00e9galement stimul\u00e9e<\/strong>, ce qui est essentiel pour des tissus conjonctifs sains et une bonne condition physique.<\/p>\n<p data-start=\"768\" data-end=\"884\">De plus, <strong>les MCT<\/strong> issus de l\u2019huile de coco fournissent une \u00e9nergie rapide et stable sans influencer votre glyc\u00e9mie.<\/p>\n<p data-start=\"886\" data-end=\"951\" data-is-last-node=\"\" data-is-only-node=\"\"><strong>Pourquoi Collagen Plus s\u2019int\u00e8gre parfaitement dans le pack c\u00e9to:<\/strong><\/p>\n<ul>\n<li data-start=\"932\" data-end=\"1095\">Le collag\u00e8ne de type I et III soutient la structure et l\u2019\u00e9lasticit\u00e9 des muscles, tendons et articulations<\/li>\n<li data-start=\"932\" data-end=\"1095\">La vitamine C favorise la production naturelle de collag\u00e8ne dans l\u2019organisme<\/li>\n<li data-start=\"932\" data-end=\"1095\">Des acides gras MCT suppl\u00e9mentaires pour une \u00e9nergie pure<\/li>\n<li data-start=\"932\" data-end=\"1095\">Favorise la r\u00e9cup\u00e9ration musculaire et la sant\u00e9 de tous les tissus entourant les muscles<\/li>\n<li data-start=\"932\" data-end=\"1095\">Id\u00e9al dans des smoothies, au petit-d\u00e9jeuner ou dans des shakes (disponible en saveur Vanille et Chocolat)<\/li>\n<li data-start=\"932\" data-end=\"1095\">Sans sucres ajout\u00e9s, sans lactose, sans gluten et sans additifs artificiels<\/li>\n<\/ul>\n<p data-start=\"932\" data-end=\"1095\">1 emballage de Collagen Plus contient 30 doses, bon pour un mois.<\/p>\n<p data-start=\"1690\" data-end=\"1825\">Avec<strong data-start=\"1694\" data-end=\"1711\"> Collagen Plus,<\/strong>vous offrez \u00e0 votre corps ce dont il a besoin pour la force, la mobilit\u00e9 et la r\u00e9cup\u00e9ration \u2013 de mani\u00e8re naturelle et compatible avec le r\u00e9gime c\u00e9tog\u00e8ne.<\/p>\n","protected":false},"excerpt":{"rendered":"<p data-start=\"0\" data-end=\"333\">Le passage \u00e0 un r\u00e9gime c\u00e9tog\u00e8ne n\u00e9cessite un soutien intelligent pour tirer le meilleur parti de votre combustion des graisses. Notre Pack \u00ab\u00a0<strong>C\u00e9to\u00a0\u00bb<\/strong>\u00a0combine trois suppl\u00e9ments puissants qui, ensemble, assurent une \u00e9nergie optimale, une bonne hydratation et le maintien de la masse musculaire, <strong data-start=\"293\" data-end=\"332\" data-is-only-node=\"\">sans vous faire sortir de la c\u00e9tose<\/strong>.<\/p>\n<p data-start=\"335\" data-end=\"420\"><strong data-start=\"335\" data-end=\"360\">Ultimate Electrolytes<\/strong> aide \u00e0 maintenir un \u00e9quilibre sain en fluides et min\u00e9raux<\/p>\n<p data-start=\"422\" data-end=\"504\"><strong data-start=\"422\" data-end=\"445\">Ultimate MCT Powder<\/strong> vous apporte une \u00e9nergie saine et rapidement assimilable<\/p>\n<p data-start=\"506\" data-end=\"598\" data-is-last-node=\"\" data-is-only-node=\"\"><strong data-start=\"506\" data-end=\"524\">Collagen Plus<\/strong> une combinaison unique de collag\u00e8ne de type I et III et d\u2019acides gras MCT<\/p>\n","protected":false},"featured_media":1188254,"template":"","meta":{"_acf_changed":false,"om_disable_all_campaigns":false},"product_brand":[],"product_cat":[206],"product_tag":[],"class_list":{"0":"post-1135970","1":"product","2":"type-product","3":"status-publish","4":"has-post-thumbnail","6":"product_cat-les-packs","7":"sales-flash-overlay","8":"woocommerce-text-align-center","9":"woocommerce-image-align-center","10":"do-quantity-buttons","12":"first","13":"instock","14":"sale","15":"taxable","16":"shipping-taxable","17":"purchasable","18":"product-type-simple"},"acf":[],"yoast_head":"<!-- This site is optimized with the Yoast SEO plugin v27.2 - https:\/\/yoast.com\/product\/yoast-seo-wordpress\/ -->\n<title>Le Pack &quot;C\u00e9to&quot; - Foodie<\/title>\n<meta name=\"description\" content=\"Le passage \u00e0 un r\u00e9gime c\u00e9tog\u00e8ne n\u00e9cessite un soutien intelligent pour tirer le meilleur parti de votre combustion des graisses. Notre Pack &quot;C\u00e9to&quot;\u00a0combine trois suppl\u00e9ments puissants qui, ensemble, assurent une \u00e9nergie optimale, une bonne hydratation et le maintien de la masse musculaire, sans vous faire sortir de la c\u00e9tose. Ultimate Electrolytes aide \u00e0 maintenir un \u00e9quilibre sain en fluides et min\u00e9raux Ultimate MCT Powder vous apporte une \u00e9nergie saine et rapidement assimilable Collagen Plus une combinaison unique de collag\u00e8ne de type I et III et d\u2019acides gras MCT\" \/>\n<meta name=\"robots\" content=\"noindex, nofollow\" \/>\n<meta property=\"og:locale\" content=\"fr_FR\" \/>\n<meta property=\"og:type\" content=\"article\" \/>\n<meta property=\"og:title\" content=\"Le Pack &quot;C\u00e9to&quot; - Foodie\" \/>\n<meta property=\"og:description\" content=\"Le passage \u00e0 un r\u00e9gime c\u00e9tog\u00e8ne n\u00e9cessite un soutien intelligent pour tirer le meilleur parti de votre combustion des graisses. Notre Pack &quot;C\u00e9to&quot;\u00a0combine trois suppl\u00e9ments puissants qui, ensemble, assurent une \u00e9nergie optimale, une bonne hydratation et le maintien de la masse musculaire, sans vous faire sortir de la c\u00e9tose. Ultimate Electrolytes aide \u00e0 maintenir un \u00e9quilibre sain en fluides et min\u00e9raux Ultimate MCT Powder vous apporte une \u00e9nergie saine et rapidement assimilable Collagen Plus une combinaison unique de collag\u00e8ne de type I et III et d\u2019acides gras MCT\" \/>\n<meta property=\"og:url\" content=\"https:\/\/www.foodie.nl\/fr\/produit\/le-pack-immunite-kopie\/\" \/>\n<meta property=\"og:site_name\" content=\"Foodie\" \/>\n<meta property=\"article:modified_time\" content=\"2025-08-26T11:51:46+00:00\" \/>\n<meta property=\"og:image\" content=\"https:\/\/www.foodie.nl\/app\/uploads\/2024\/11\/Producten-groepen-2025-07-16T150109.715-1024x1024.png\" \/>\n\t<meta property=\"og:image:width\" content=\"1024\" \/>\n\t<meta property=\"og:image:height\" content=\"1024\" \/>\n\t<meta property=\"og:image:type\" content=\"image\/png\" \/>\n<meta name=\"twitter:card\" content=\"summary_large_image\" \/>\n<meta name=\"twitter:label1\" content=\"Dur\u00e9e de lecture estim\u00e9e\" \/>\n\t<meta name=\"twitter:data1\" content=\"5 minutes\" \/>\n<script type=\"application\/ld+json\" class=\"yoast-schema-graph\">{\"@context\":\"https:\/\/schema.org\",\"@graph\":[{\"@type\":\"WebPage\",\"@id\":\"https:\/\/www.foodie.nl\/fr\/produit\/le-pack-immunite-kopie\/\",\"url\":\"https:\/\/www.foodie.nl\/fr\/produit\/le-pack-immunite-kopie\/\",\"name\":\"Le Pack \\\"C\u00e9to\\\" - Foodie\",\"isPartOf\":{\"@id\":\"https:\/\/www.foodie.nl\/fr\/#website\"},\"primaryImageOfPage\":{\"@id\":\"https:\/\/www.foodie.nl\/fr\/produit\/le-pack-immunite-kopie\/#primaryimage\"},\"image\":{\"@id\":\"https:\/\/www.foodie.nl\/fr\/produit\/le-pack-immunite-kopie\/#primaryimage\"},\"thumbnailUrl\":\"https:\/\/www.foodie.nl\/app\/uploads\/2024\/11\/Producten-groepen-2026-02-16T132214.994.png\",\"datePublished\":\"2024-11-22T11:06:45+00:00\",\"dateModified\":\"2025-08-26T11:51:46+00:00\",\"description\":\"Le passage \u00e0 un r\u00e9gime c\u00e9tog\u00e8ne n\u00e9cessite un soutien intelligent pour tirer le meilleur parti de votre combustion des graisses. Notre Pack \\\"C\u00e9to\\\"\u00a0combine trois suppl\u00e9ments puissants qui, ensemble, assurent une \u00e9nergie optimale, une bonne hydratation et le maintien de la masse musculaire, sans vous faire sortir de la c\u00e9tose. Ultimate Electrolytes aide \u00e0 maintenir un \u00e9quilibre sain en fluides et min\u00e9raux Ultimate MCT Powder vous apporte une \u00e9nergie saine et rapidement assimilable Collagen Plus une combinaison unique de collag\u00e8ne de type I et III et d\u2019acides gras MCT\",\"breadcrumb\":{\"@id\":\"https:\/\/www.foodie.nl\/fr\/produit\/le-pack-immunite-kopie\/#breadcrumb\"},\"inLanguage\":\"fr-FR\",\"potentialAction\":[{\"@type\":\"ReadAction\",\"target\":[\"https:\/\/www.foodie.nl\/fr\/produit\/le-pack-immunite-kopie\/\"]}]},{\"@type\":\"ImageObject\",\"inLanguage\":\"fr-FR\",\"@id\":\"https:\/\/www.foodie.nl\/fr\/produit\/le-pack-immunite-kopie\/#primaryimage\",\"url\":\"https:\/\/www.foodie.nl\/app\/uploads\/2024\/11\/Producten-groepen-2026-02-16T132214.994.png\",\"contentUrl\":\"https:\/\/www.foodie.nl\/app\/uploads\/2024\/11\/Producten-groepen-2026-02-16T132214.994.png\",\"width\":1600,\"height\":1600},{\"@type\":\"BreadcrumbList\",\"@id\":\"https:\/\/www.foodie.nl\/fr\/produit\/le-pack-immunite-kopie\/#breadcrumb\",\"itemListElement\":[{\"@type\":\"ListItem\",\"position\":1,\"name\":\"Home\",\"item\":\"https:\/\/www.foodie.nl\/fr\/\"},{\"@type\":\"ListItem\",\"position\":2,\"name\":\"Produits\",\"item\":\"https:\/\/www.foodie.nl\/fr\/shop\/\"},{\"@type\":\"ListItem\",\"position\":3,\"name\":\"Le Pack &#8220;C\u00e9to&#8221;\"}]},{\"@type\":\"WebSite\",\"@id\":\"https:\/\/www.foodie.nl\/fr\/#website\",\"url\":\"https:\/\/www.foodie.nl\/fr\/\",\"name\":\"Foodie\",\"description\":\"Elke Hap Telt\",\"publisher\":{\"@id\":\"https:\/\/www.foodie.nl\/fr\/#organization\"},\"potentialAction\":[{\"@type\":\"SearchAction\",\"target\":{\"@type\":\"EntryPoint\",\"urlTemplate\":\"https:\/\/www.foodie.nl\/fr\/?s={search_term_string}\"},\"query-input\":{\"@type\":\"PropertyValueSpecification\",\"valueRequired\":true,\"valueName\":\"search_term_string\"}}],\"inLanguage\":\"fr-FR\"},{\"@type\":\"Organization\",\"@id\":\"https:\/\/www.foodie.nl\/fr\/#organization\",\"name\":\"Foodie\",\"url\":\"https:\/\/www.foodie.nl\/fr\/\",\"logo\":{\"@type\":\"ImageObject\",\"inLanguage\":\"fr-FR\",\"@id\":\"https:\/\/www.foodie.nl\/fr\/#\/schema\/logo\/image\/\",\"url\":\"https:\/\/www.foodie.nl\/app\/uploads\/2025\/01\/logo-foodie-wide@2x.png\",\"contentUrl\":\"https:\/\/www.foodie.nl\/app\/uploads\/2025\/01\/logo-foodie-wide@2x.png\",\"width\":236,\"height\":128,\"caption\":\"Foodie\"},\"image\":{\"@id\":\"https:\/\/www.foodie.nl\/fr\/#\/schema\/logo\/image\/\"}}]}<\/script>\n<!-- \/ Yoast SEO plugin. -->","yoast_head_json":{"title":"Le Pack \"C\u00e9to\" - Foodie","description":"Le passage \u00e0 un r\u00e9gime c\u00e9tog\u00e8ne n\u00e9cessite un soutien intelligent pour tirer le meilleur parti de votre combustion des graisses. Notre Pack \"C\u00e9to\"\u00a0combine trois suppl\u00e9ments puissants qui, ensemble, assurent une \u00e9nergie optimale, une bonne hydratation et le maintien de la masse musculaire, sans vous faire sortir de la c\u00e9tose. Ultimate Electrolytes aide \u00e0 maintenir un \u00e9quilibre sain en fluides et min\u00e9raux Ultimate MCT Powder vous apporte une \u00e9nergie saine et rapidement assimilable Collagen Plus une combinaison unique de collag\u00e8ne de type I et III et d\u2019acides gras MCT","robots":{"index":"noindex","follow":"nofollow"},"og_locale":"fr_FR","og_type":"article","og_title":"Le Pack \"C\u00e9to\" - Foodie","og_description":"Le passage \u00e0 un r\u00e9gime c\u00e9tog\u00e8ne n\u00e9cessite un soutien intelligent pour tirer le meilleur parti de votre combustion des graisses. Notre Pack \"C\u00e9to\"\u00a0combine trois suppl\u00e9ments puissants qui, ensemble, assurent une \u00e9nergie optimale, une bonne hydratation et le maintien de la masse musculaire, sans vous faire sortir de la c\u00e9tose. Ultimate Electrolytes aide \u00e0 maintenir un \u00e9quilibre sain en fluides et min\u00e9raux Ultimate MCT Powder vous apporte une \u00e9nergie saine et rapidement assimilable Collagen Plus une combinaison unique de collag\u00e8ne de type I et III et d\u2019acides gras MCT","og_url":"https:\/\/www.foodie.nl\/fr\/produit\/le-pack-immunite-kopie\/","og_site_name":"Foodie","article_modified_time":"2025-08-26T11:51:46+00:00","og_image":[{"width":1024,"height":1024,"url":"https:\/\/www.foodie.nl\/app\/uploads\/2024\/11\/Producten-groepen-2025-07-16T150109.715-1024x1024.png","type":"image\/png"}],"twitter_card":"summary_large_image","twitter_misc":{"Dur\u00e9e de lecture estim\u00e9e":"5 minutes"},"schema":{"@context":"https:\/\/schema.org","@graph":[{"@type":"WebPage","@id":"https:\/\/www.foodie.nl\/fr\/produit\/le-pack-immunite-kopie\/","url":"https:\/\/www.foodie.nl\/fr\/produit\/le-pack-immunite-kopie\/","name":"Le Pack \"C\u00e9to\" - Foodie","isPartOf":{"@id":"https:\/\/www.foodie.nl\/fr\/#website"},"primaryImageOfPage":{"@id":"https:\/\/www.foodie.nl\/fr\/produit\/le-pack-immunite-kopie\/#primaryimage"},"image":{"@id":"https:\/\/www.foodie.nl\/fr\/produit\/le-pack-immunite-kopie\/#primaryimage"},"thumbnailUrl":"https:\/\/www.foodie.nl\/app\/uploads\/2024\/11\/Producten-groepen-2026-02-16T132214.994.png","datePublished":"2024-11-22T11:06:45+00:00","dateModified":"2025-08-26T11:51:46+00:00","description":"Le passage \u00e0 un r\u00e9gime c\u00e9tog\u00e8ne n\u00e9cessite un soutien intelligent pour tirer le meilleur parti de votre combustion des graisses. Notre Pack \"C\u00e9to\"\u00a0combine trois suppl\u00e9ments puissants qui, ensemble, assurent une \u00e9nergie optimale, une bonne hydratation et le maintien de la masse musculaire, sans vous faire sortir de la c\u00e9tose. Ultimate Electrolytes aide \u00e0 maintenir un \u00e9quilibre sain en fluides et min\u00e9raux Ultimate MCT Powder vous apporte une \u00e9nergie saine et rapidement assimilable Collagen Plus une combinaison unique de collag\u00e8ne de type I et III et d\u2019acides gras MCT","breadcrumb":{"@id":"https:\/\/www.foodie.nl\/fr\/produit\/le-pack-immunite-kopie\/#breadcrumb"},"inLanguage":"fr-FR","potentialAction":[{"@type":"ReadAction","target":["https:\/\/www.foodie.nl\/fr\/produit\/le-pack-immunite-kopie\/"]}]},{"@type":"ImageObject","inLanguage":"fr-FR","@id":"https:\/\/www.foodie.nl\/fr\/produit\/le-pack-immunite-kopie\/#primaryimage","url":"https:\/\/www.foodie.nl\/app\/uploads\/2024\/11\/Producten-groepen-2026-02-16T132214.994.png","contentUrl":"https:\/\/www.foodie.nl\/app\/uploads\/2024\/11\/Producten-groepen-2026-02-16T132214.994.png","width":1600,"height":1600},{"@type":"BreadcrumbList","@id":"https:\/\/www.foodie.nl\/fr\/produit\/le-pack-immunite-kopie\/#breadcrumb","itemListElement":[{"@type":"ListItem","position":1,"name":"Home","item":"https:\/\/www.foodie.nl\/fr\/"},{"@type":"ListItem","position":2,"name":"Produits","item":"https:\/\/www.foodie.nl\/fr\/shop\/"},{"@type":"ListItem","position":3,"name":"Le Pack &#8220;C\u00e9to&#8221;"}]},{"@type":"WebSite","@id":"https:\/\/www.foodie.nl\/fr\/#website","url":"https:\/\/www.foodie.nl\/fr\/","name":"Foodie","description":"Elke Hap Telt","publisher":{"@id":"https:\/\/www.foodie.nl\/fr\/#organization"},"potentialAction":[{"@type":"SearchAction","target":{"@type":"EntryPoint","urlTemplate":"https:\/\/www.foodie.nl\/fr\/?s={search_term_string}"},"query-input":{"@type":"PropertyValueSpecification","valueRequired":true,"valueName":"search_term_string"}}],"inLanguage":"fr-FR"},{"@type":"Organization","@id":"https:\/\/www.foodie.nl\/fr\/#organization","name":"Foodie","url":"https:\/\/www.foodie.nl\/fr\/","logo":{"@type":"ImageObject","inLanguage":"fr-FR","@id":"https:\/\/www.foodie.nl\/fr\/#\/schema\/logo\/image\/","url":"https:\/\/www.foodie.nl\/app\/uploads\/2025\/01\/logo-foodie-wide@2x.png","contentUrl":"https:\/\/www.foodie.nl\/app\/uploads\/2025\/01\/logo-foodie-wide@2x.png","width":236,"height":128,"caption":"Foodie"},"image":{"@id":"https:\/\/www.foodie.nl\/fr\/#\/schema\/logo\/image\/"}}]}},"_links":{"self":[{"href":"https:\/\/www.foodie.nl\/fr\/wp-json\/wp\/v2\/product\/1135970","targetHints":{"allow":["GET"]}}],"collection":[{"href":"https:\/\/www.foodie.nl\/fr\/wp-json\/wp\/v2\/product"}],"about":[{"href":"https:\/\/www.foodie.nl\/fr\/wp-json\/wp\/v2\/types\/product"}],"wp:featuredmedia":[{"embeddable":true,"href":"https:\/\/www.foodie.nl\/fr\/wp-json\/wp\/v2\/media\/1188254"}],"wp:attachment":[{"href":"https:\/\/www.foodie.nl\/fr\/wp-json\/wp\/v2\/media?parent=1135970"}],"wp:term":[{"taxonomy":"product_brand","embeddable":true,"href":"https:\/\/www.foodie.nl\/fr\/wp-json\/wp\/v2\/product_brand?post=1135970"},{"taxonomy":"product_cat","embeddable":true,"href":"https:\/\/www.foodie.nl\/fr\/wp-json\/wp\/v2\/product_cat?post=1135970"},{"taxonomy":"product_tag","embeddable":true,"href":"https:\/\/www.foodie.nl\/fr\/wp-json\/wp\/v2\/product_tag?post=1135970"}],"curies":[{"name":"wp","href":"https:\/\/api.w.org\/{rel}","templated":true}]}}