{"id":1153340,"date":"2019-04-18T15:18:18","date_gmt":"2019-04-18T13:18:18","guid":{"rendered":"https:\/\/www.foodie.nl\/product\/curcuma-boost-60-gelules-offre\/"},"modified":"2025-04-08T22:51:35","modified_gmt":"2025-04-08T20:51:35","slug":"curcuma-boost-60-gelules-offre","status":"publish","type":"product","link":"https:\/\/www.foodie.nl\/fr\/produit\/curcuma-boost-60-gelules-offre\/","title":{"rendered":"Curcuma Boost (Offre)"},"content":{"rendered":"","protected":false},"excerpt":{"rendered":"<p>Combattez les rhumes et les virus en prenant Turmeric Boost.<\/p>\n<p>Avec Turmeric Boost, vous obtenez 500 mg de Curcumia Longa de haute qualit\u00e9 (l&rsquo;ingr\u00e9dient actif de la racine de curcuma) par g\u00e9lule.<\/p>\n<p>Turmeric Boost donne de la force au corps et \u00e0 l&rsquo;esprit pour tirer le meilleur parti de la vie.<\/p>\n<ul>\n<li>Riche en antioxydants<\/li>\n<li>Facile \u00e0 prendre<\/li>\n<li>Aide \u00e0 nettoyer l&rsquo;organisme<\/li>\n<li>Aide \u00e0 lutter contre les inflammations<\/li>\n<\/ul>\n","protected":false},"featured_media":1126202,"template":"","meta":{"_acf_changed":false,"om_disable_all_campaigns":false},"product_brand":[],"product_cat":[184,183,189],"product_tag":[],"class_list":{"0":"post-1153340","1":"product","2":"type-product","3":"status-publish","4":"has-post-thumbnail","6":"product_cat-bestsellers-fr-2","7":"product_cat-complements-alimentaires","8":"product_cat-curcuma-boost","9":"sales-flash-overlay","10":"woocommerce-text-align-center","11":"woocommerce-image-align-center","12":"do-quantity-buttons","14":"first","15":"instock","16":"taxable","17":"shipping-taxable","18":"purchasable","19":"product-type-simple"},"acf":[],"yoast_head":"<!-- This site is optimized with the Yoast SEO plugin v27.4 - https:\/\/yoast.com\/product\/yoast-seo-wordpress\/ -->\n<title>Curcuma Boost (Offre) - Foodie<\/title>\n<meta name=\"description\" content=\"Combattez les rhumes et les virus en prenant Turmeric Boost.  Avec Turmeric Boost, vous obtenez 500 mg de Curcumia Longa de haute qualit\u00e9 (l&#039;ingr\u00e9dient actif de la racine de curcuma) par g\u00e9lule.  Turmeric Boost donne de la force au corps et \u00e0 l&#039;esprit pour tirer le meilleur parti de la vie.   Riche en antioxydants  Facile \u00e0 prendre  Aide \u00e0 nettoyer l&#039;organisme  Aide \u00e0 lutter contre les inflammations\" \/>\n<meta name=\"robots\" content=\"noindex, nofollow\" \/>\n<meta property=\"og:locale\" content=\"fr_FR\" \/>\n<meta property=\"og:type\" content=\"article\" \/>\n<meta property=\"og:title\" content=\"Curcuma Boost (Offre) - Foodie\" \/>\n<meta property=\"og:description\" content=\"Combattez les rhumes et les virus en prenant Turmeric Boost.  Avec Turmeric Boost, vous obtenez 500 mg de Curcumia Longa de haute qualit\u00e9 (l&#039;ingr\u00e9dient actif de la racine de curcuma) par g\u00e9lule.  Turmeric Boost donne de la force au corps et \u00e0 l&#039;esprit pour tirer le meilleur parti de la vie.   Riche en antioxydants  Facile \u00e0 prendre  Aide \u00e0 nettoyer l&#039;organisme  Aide \u00e0 lutter contre les inflammations\" \/>\n<meta property=\"og:url\" content=\"https:\/\/www.foodie.nl\/fr\/produit\/curcuma-boost-60-gelules-offre\/\" \/>\n<meta property=\"og:site_name\" content=\"Foodie\" \/>\n<meta property=\"article:modified_time\" content=\"2025-04-08T20:51:35+00:00\" \/>\n<meta property=\"og:image\" content=\"https:\/\/www.foodie.nl\/app\/uploads\/2024\/09\/Franse-producten-14.png\" \/>\n\t<meta property=\"og:image:width\" content=\"800\" \/>\n\t<meta property=\"og:image:height\" content=\"800\" \/>\n\t<meta property=\"og:image:type\" content=\"image\/png\" \/>\n<meta name=\"twitter:card\" content=\"summary_large_image\" \/>\n<meta name=\"twitter:label1\" content=\"Dur\u00e9e de lecture estim\u00e9e\" \/>\n\t<meta name=\"twitter:data1\" content=\"1 minute\" \/>\n<script type=\"application\/ld+json\" class=\"yoast-schema-graph\">{\"@context\":\"https:\\\/\\\/schema.org\",\"@graph\":[{\"@type\":\"WebPage\",\"@id\":\"https:\\\/\\\/www.foodie.nl\\\/fr\\\/produit\\\/curcuma-boost-60-gelules-offre\\\/\",\"url\":\"https:\\\/\\\/www.foodie.nl\\\/fr\\\/produit\\\/curcuma-boost-60-gelules-offre\\\/\",\"name\":\"Curcuma Boost (Offre) - Foodie\",\"isPartOf\":{\"@id\":\"https:\\\/\\\/www.foodie.nl\\\/fr\\\/#website\"},\"primaryImageOfPage\":{\"@id\":\"https:\\\/\\\/www.foodie.nl\\\/fr\\\/produit\\\/curcuma-boost-60-gelules-offre\\\/#primaryimage\"},\"image\":{\"@id\":\"https:\\\/\\\/www.foodie.nl\\\/fr\\\/produit\\\/curcuma-boost-60-gelules-offre\\\/#primaryimage\"},\"thumbnailUrl\":\"https:\\\/\\\/www.foodie.nl\\\/app\\\/uploads\\\/2024\\\/09\\\/Franse-producten-14.png\",\"datePublished\":\"2019-04-18T13:18:18+00:00\",\"dateModified\":\"2025-04-08T20:51:35+00:00\",\"description\":\"Combattez les rhumes et les virus en prenant Turmeric Boost. Avec Turmeric Boost, vous obtenez 500 mg de Curcumia Longa de haute qualit\u00e9 (l'ingr\u00e9dient actif de la racine de curcuma) par g\u00e9lule. Turmeric Boost donne de la force au corps et \u00e0 l'esprit pour tirer le meilleur parti de la vie. Riche en antioxydants Facile \u00e0 prendre Aide \u00e0 nettoyer l'organisme Aide \u00e0 lutter contre les inflammations\",\"breadcrumb\":{\"@id\":\"https:\\\/\\\/www.foodie.nl\\\/fr\\\/produit\\\/curcuma-boost-60-gelules-offre\\\/#breadcrumb\"},\"inLanguage\":\"fr-FR\",\"potentialAction\":[{\"@type\":\"ReadAction\",\"target\":[\"https:\\\/\\\/www.foodie.nl\\\/fr\\\/produit\\\/curcuma-boost-60-gelules-offre\\\/\"]}]},{\"@type\":\"ImageObject\",\"inLanguage\":\"fr-FR\",\"@id\":\"https:\\\/\\\/www.foodie.nl\\\/fr\\\/produit\\\/curcuma-boost-60-gelules-offre\\\/#primaryimage\",\"url\":\"https:\\\/\\\/www.foodie.nl\\\/app\\\/uploads\\\/2024\\\/09\\\/Franse-producten-14.png\",\"contentUrl\":\"https:\\\/\\\/www.foodie.nl\\\/app\\\/uploads\\\/2024\\\/09\\\/Franse-producten-14.png\",\"width\":800,\"height\":800},{\"@type\":\"BreadcrumbList\",\"@id\":\"https:\\\/\\\/www.foodie.nl\\\/fr\\\/produit\\\/curcuma-boost-60-gelules-offre\\\/#breadcrumb\",\"itemListElement\":[{\"@type\":\"ListItem\",\"position\":1,\"name\":\"Home\",\"item\":\"https:\\\/\\\/www.foodie.nl\\\/fr\\\/\"},{\"@type\":\"ListItem\",\"position\":2,\"name\":\"Produits\",\"item\":\"https:\\\/\\\/www.foodie.nl\\\/fr\\\/shop\\\/\"},{\"@type\":\"ListItem\",\"position\":3,\"name\":\"Curcuma Boost (Offre)\"}]},{\"@type\":\"WebSite\",\"@id\":\"https:\\\/\\\/www.foodie.nl\\\/fr\\\/#website\",\"url\":\"https:\\\/\\\/www.foodie.nl\\\/fr\\\/\",\"name\":\"Foodie\",\"description\":\"Elke Hap Telt\",\"publisher\":{\"@id\":\"https:\\\/\\\/www.foodie.nl\\\/fr\\\/#organization\"},\"potentialAction\":[{\"@type\":\"SearchAction\",\"target\":{\"@type\":\"EntryPoint\",\"urlTemplate\":\"https:\\\/\\\/www.foodie.nl\\\/fr\\\/?s={search_term_string}\"},\"query-input\":{\"@type\":\"PropertyValueSpecification\",\"valueRequired\":true,\"valueName\":\"search_term_string\"}}],\"inLanguage\":\"fr-FR\"},{\"@type\":\"Organization\",\"@id\":\"https:\\\/\\\/www.foodie.nl\\\/fr\\\/#organization\",\"name\":\"Foodie\",\"url\":\"https:\\\/\\\/www.foodie.nl\\\/fr\\\/\",\"logo\":{\"@type\":\"ImageObject\",\"inLanguage\":\"fr-FR\",\"@id\":\"https:\\\/\\\/www.foodie.nl\\\/fr\\\/#\\\/schema\\\/logo\\\/image\\\/\",\"url\":\"https:\\\/\\\/www.foodie.nl\\\/app\\\/uploads\\\/2025\\\/01\\\/logo-foodie-wide@2x.png\",\"contentUrl\":\"https:\\\/\\\/www.foodie.nl\\\/app\\\/uploads\\\/2025\\\/01\\\/logo-foodie-wide@2x.png\",\"width\":236,\"height\":128,\"caption\":\"Foodie\"},\"image\":{\"@id\":\"https:\\\/\\\/www.foodie.nl\\\/fr\\\/#\\\/schema\\\/logo\\\/image\\\/\"}}]}<\/script>\n<!-- \/ Yoast SEO plugin. -->","yoast_head_json":{"title":"Curcuma Boost (Offre) - Foodie","description":"Combattez les rhumes et les virus en prenant Turmeric Boost.  Avec Turmeric Boost, vous obtenez 500 mg de Curcumia Longa de haute qualit\u00e9 (l'ingr\u00e9dient actif de la racine de curcuma) par g\u00e9lule.  Turmeric Boost donne de la force au corps et \u00e0 l'esprit pour tirer le meilleur parti de la vie.   Riche en antioxydants  Facile \u00e0 prendre  Aide \u00e0 nettoyer l'organisme  Aide \u00e0 lutter contre les inflammations","robots":{"index":"noindex","follow":"nofollow"},"og_locale":"fr_FR","og_type":"article","og_title":"Curcuma Boost (Offre) - Foodie","og_description":"Combattez les rhumes et les virus en prenant Turmeric Boost.  Avec Turmeric Boost, vous obtenez 500 mg de Curcumia Longa de haute qualit\u00e9 (l'ingr\u00e9dient actif de la racine de curcuma) par g\u00e9lule.  Turmeric Boost donne de la force au corps et \u00e0 l'esprit pour tirer le meilleur parti de la vie.   Riche en antioxydants  Facile \u00e0 prendre  Aide \u00e0 nettoyer l'organisme  Aide \u00e0 lutter contre les inflammations","og_url":"https:\/\/www.foodie.nl\/fr\/produit\/curcuma-boost-60-gelules-offre\/","og_site_name":"Foodie","article_modified_time":"2025-04-08T20:51:35+00:00","og_image":[{"width":800,"height":800,"url":"https:\/\/www.foodie.nl\/app\/uploads\/2024\/09\/Franse-producten-14.png","type":"image\/png"}],"twitter_card":"summary_large_image","twitter_misc":{"Dur\u00e9e de lecture estim\u00e9e":"1 minute"},"schema":{"@context":"https:\/\/schema.org","@graph":[{"@type":"WebPage","@id":"https:\/\/www.foodie.nl\/fr\/produit\/curcuma-boost-60-gelules-offre\/","url":"https:\/\/www.foodie.nl\/fr\/produit\/curcuma-boost-60-gelules-offre\/","name":"Curcuma Boost (Offre) - Foodie","isPartOf":{"@id":"https:\/\/www.foodie.nl\/fr\/#website"},"primaryImageOfPage":{"@id":"https:\/\/www.foodie.nl\/fr\/produit\/curcuma-boost-60-gelules-offre\/#primaryimage"},"image":{"@id":"https:\/\/www.foodie.nl\/fr\/produit\/curcuma-boost-60-gelules-offre\/#primaryimage"},"thumbnailUrl":"https:\/\/www.foodie.nl\/app\/uploads\/2024\/09\/Franse-producten-14.png","datePublished":"2019-04-18T13:18:18+00:00","dateModified":"2025-04-08T20:51:35+00:00","description":"Combattez les rhumes et les virus en prenant Turmeric Boost. Avec Turmeric Boost, vous obtenez 500 mg de Curcumia Longa de haute qualit\u00e9 (l'ingr\u00e9dient actif de la racine de curcuma) par g\u00e9lule. Turmeric Boost donne de la force au corps et \u00e0 l'esprit pour tirer le meilleur parti de la vie. Riche en antioxydants Facile \u00e0 prendre Aide \u00e0 nettoyer l'organisme Aide \u00e0 lutter contre les inflammations","breadcrumb":{"@id":"https:\/\/www.foodie.nl\/fr\/produit\/curcuma-boost-60-gelules-offre\/#breadcrumb"},"inLanguage":"fr-FR","potentialAction":[{"@type":"ReadAction","target":["https:\/\/www.foodie.nl\/fr\/produit\/curcuma-boost-60-gelules-offre\/"]}]},{"@type":"ImageObject","inLanguage":"fr-FR","@id":"https:\/\/www.foodie.nl\/fr\/produit\/curcuma-boost-60-gelules-offre\/#primaryimage","url":"https:\/\/www.foodie.nl\/app\/uploads\/2024\/09\/Franse-producten-14.png","contentUrl":"https:\/\/www.foodie.nl\/app\/uploads\/2024\/09\/Franse-producten-14.png","width":800,"height":800},{"@type":"BreadcrumbList","@id":"https:\/\/www.foodie.nl\/fr\/produit\/curcuma-boost-60-gelules-offre\/#breadcrumb","itemListElement":[{"@type":"ListItem","position":1,"name":"Home","item":"https:\/\/www.foodie.nl\/fr\/"},{"@type":"ListItem","position":2,"name":"Produits","item":"https:\/\/www.foodie.nl\/fr\/shop\/"},{"@type":"ListItem","position":3,"name":"Curcuma Boost (Offre)"}]},{"@type":"WebSite","@id":"https:\/\/www.foodie.nl\/fr\/#website","url":"https:\/\/www.foodie.nl\/fr\/","name":"Foodie","description":"Elke Hap Telt","publisher":{"@id":"https:\/\/www.foodie.nl\/fr\/#organization"},"potentialAction":[{"@type":"SearchAction","target":{"@type":"EntryPoint","urlTemplate":"https:\/\/www.foodie.nl\/fr\/?s={search_term_string}"},"query-input":{"@type":"PropertyValueSpecification","valueRequired":true,"valueName":"search_term_string"}}],"inLanguage":"fr-FR"},{"@type":"Organization","@id":"https:\/\/www.foodie.nl\/fr\/#organization","name":"Foodie","url":"https:\/\/www.foodie.nl\/fr\/","logo":{"@type":"ImageObject","inLanguage":"fr-FR","@id":"https:\/\/www.foodie.nl\/fr\/#\/schema\/logo\/image\/","url":"https:\/\/www.foodie.nl\/app\/uploads\/2025\/01\/logo-foodie-wide@2x.png","contentUrl":"https:\/\/www.foodie.nl\/app\/uploads\/2025\/01\/logo-foodie-wide@2x.png","width":236,"height":128,"caption":"Foodie"},"image":{"@id":"https:\/\/www.foodie.nl\/fr\/#\/schema\/logo\/image\/"}}]}},"_links":{"self":[{"href":"https:\/\/www.foodie.nl\/fr\/wp-json\/wp\/v2\/product\/1153340","targetHints":{"allow":["GET"]}}],"collection":[{"href":"https:\/\/www.foodie.nl\/fr\/wp-json\/wp\/v2\/product"}],"about":[{"href":"https:\/\/www.foodie.nl\/fr\/wp-json\/wp\/v2\/types\/product"}],"wp:featuredmedia":[{"embeddable":true,"href":"https:\/\/www.foodie.nl\/fr\/wp-json\/wp\/v2\/media\/1126202"}],"wp:attachment":[{"href":"https:\/\/www.foodie.nl\/fr\/wp-json\/wp\/v2\/media?parent=1153340"}],"wp:term":[{"taxonomy":"product_brand","embeddable":true,"href":"https:\/\/www.foodie.nl\/fr\/wp-json\/wp\/v2\/product_brand?post=1153340"},{"taxonomy":"product_cat","embeddable":true,"href":"https:\/\/www.foodie.nl\/fr\/wp-json\/wp\/v2\/product_cat?post=1153340"},{"taxonomy":"product_tag","embeddable":true,"href":"https:\/\/www.foodie.nl\/fr\/wp-json\/wp\/v2\/product_tag?post=1153340"}],"curies":[{"name":"wp","href":"https:\/\/api.w.org\/{rel}","templated":true}]}}