{"id":1153912,"date":"2021-01-23T21:36:33","date_gmt":"2021-01-23T20:36:33","guid":{"rendered":"https:\/\/www.foodie.nl\/product\/collagen-plus-chocolate-extra-discount\/"},"modified":"2021-01-23T21:36:33","modified_gmt":"2021-01-23T20:36:33","slug":"collagen-plus-chocolate-extra-discount","status":"publish","type":"product","link":"https:\/\/www.foodie.nl\/fr\/produit\/collagen-plus-chocolate-extra-discount\/","title":{"rendered":"Collagen Plus Chocolate (Extra discount)"},"content":{"rendered":"","protected":false},"excerpt":{"rendered":"<p>Foodie Collagen Plus combine le meilleur de trois mondes.<\/p>\n<p>Il est sp\u00e9cialement formul\u00e9 pour aider les personnes qui souhaitent compl\u00e9ter leur mode de vie sain avec :<\/p>\n<p>\u2705 Des graisses facilement digestibles pour une \u00e9nergie instantan\u00e9e<br \/>\n\u2705 Des prot\u00e9ines de collag\u00e8ne de haute qualit\u00e9 pour la r\u00e9paration des muscles, de la peau, des cheveux et des ongles<br \/>\n\u2705 Avec la vitamine C 100 % naturelle de l&rsquo;ac\u00e9rola.<\/p>\n","protected":false},"featured_media":1117948,"template":"","meta":{"_acf_changed":false,"om_disable_all_campaigns":false},"product_brand":[],"product_cat":[187,183,180],"product_tag":[],"class_list":{"0":"post-1153912","1":"product","2":"type-product","3":"status-publish","4":"has-post-thumbnail","6":"product_cat-collagene-plus","7":"product_cat-complements-alimentaires","8":"product_cat-tous-les-produits","9":"sales-flash-overlay","10":"woocommerce-text-align-center","11":"woocommerce-image-align-center","12":"do-quantity-buttons","14":"first","15":"instock","16":"taxable","17":"shipping-taxable","18":"purchasable","19":"product-type-simple"},"acf":[],"yoast_head":"<!-- This site is optimized with the Yoast SEO plugin v27.2 - https:\/\/yoast.com\/product\/yoast-seo-wordpress\/ -->\n<title>Collagen Plus Chocolate (Extra discount) - Foodie<\/title>\n<meta name=\"description\" content=\"Foodie Collagen Plus combine le meilleur de trois mondes. Il est sp\u00e9cialement formul\u00e9 pour aider les personnes qui souhaitent compl\u00e9ter leur mode de vie sain avec : \u2705 Des graisses facilement digestibles pour une \u00e9nergie instantan\u00e9e \u2705 Des prot\u00e9ines de collag\u00e8ne de haute qualit\u00e9 pour la r\u00e9paration des muscles, de la peau, des cheveux et des ongles \u2705 Avec la vitamine C 100 % naturelle de l&#039;ac\u00e9rola.\" \/>\n<meta name=\"robots\" content=\"noindex, nofollow\" \/>\n<meta property=\"og:locale\" content=\"fr_FR\" \/>\n<meta property=\"og:type\" content=\"article\" \/>\n<meta property=\"og:title\" content=\"Collagen Plus Chocolate (Extra discount) - Foodie\" \/>\n<meta property=\"og:description\" content=\"Foodie Collagen Plus combine le meilleur de trois mondes. Il est sp\u00e9cialement formul\u00e9 pour aider les personnes qui souhaitent compl\u00e9ter leur mode de vie sain avec : \u2705 Des graisses facilement digestibles pour une \u00e9nergie instantan\u00e9e \u2705 Des prot\u00e9ines de collag\u00e8ne de haute qualit\u00e9 pour la r\u00e9paration des muscles, de la peau, des cheveux et des ongles \u2705 Avec la vitamine C 100 % naturelle de l&#039;ac\u00e9rola.\" \/>\n<meta property=\"og:url\" content=\"https:\/\/www.foodie.nl\/fr\/produit\/collagen-plus-chocolate-extra-discount\/\" \/>\n<meta property=\"og:site_name\" content=\"Foodie\" \/>\n<meta property=\"og:image\" content=\"https:\/\/www.foodie.nl\/app\/uploads\/Collageen-Plus-Chocolade-Boxshot.png\" \/>\n\t<meta property=\"og:image:width\" content=\"800\" \/>\n\t<meta property=\"og:image:height\" content=\"800\" \/>\n\t<meta property=\"og:image:type\" content=\"image\/png\" \/>\n<meta name=\"twitter:card\" content=\"summary_large_image\" \/>\n<script type=\"application\/ld+json\" class=\"yoast-schema-graph\">{\"@context\":\"https:\/\/schema.org\",\"@graph\":[{\"@type\":\"WebPage\",\"@id\":\"https:\/\/www.foodie.nl\/fr\/produit\/collagen-plus-chocolate-extra-discount\/\",\"url\":\"https:\/\/www.foodie.nl\/fr\/produit\/collagen-plus-chocolate-extra-discount\/\",\"name\":\"Collagen Plus Chocolate (Extra discount) - Foodie\",\"isPartOf\":{\"@id\":\"https:\/\/www.foodie.nl\/fr\/#website\"},\"primaryImageOfPage\":{\"@id\":\"https:\/\/www.foodie.nl\/fr\/produit\/collagen-plus-chocolate-extra-discount\/#primaryimage\"},\"image\":{\"@id\":\"https:\/\/www.foodie.nl\/fr\/produit\/collagen-plus-chocolate-extra-discount\/#primaryimage\"},\"thumbnailUrl\":\"https:\/\/www.foodie.nl\/app\/uploads\/2025\/02\/4.png\",\"datePublished\":\"2021-01-23T20:36:33+00:00\",\"description\":\"Foodie Collagen Plus combine le meilleur de trois mondes. Il est sp\u00e9cialement formul\u00e9 pour aider les personnes qui souhaitent compl\u00e9ter leur mode de vie sain avec : \u2705 Des graisses facilement digestibles pour une \u00e9nergie instantan\u00e9e \u2705 Des prot\u00e9ines de collag\u00e8ne de haute qualit\u00e9 pour la r\u00e9paration des muscles, de la peau, des cheveux et des ongles \u2705 Avec la vitamine C 100 % naturelle de l'ac\u00e9rola.\",\"breadcrumb\":{\"@id\":\"https:\/\/www.foodie.nl\/fr\/produit\/collagen-plus-chocolate-extra-discount\/#breadcrumb\"},\"inLanguage\":\"fr-FR\",\"potentialAction\":[{\"@type\":\"ReadAction\",\"target\":[\"https:\/\/www.foodie.nl\/fr\/produit\/collagen-plus-chocolate-extra-discount\/\"]}]},{\"@type\":\"ImageObject\",\"inLanguage\":\"fr-FR\",\"@id\":\"https:\/\/www.foodie.nl\/fr\/produit\/collagen-plus-chocolate-extra-discount\/#primaryimage\",\"url\":\"https:\/\/www.foodie.nl\/app\/uploads\/2025\/02\/4.png\",\"contentUrl\":\"https:\/\/www.foodie.nl\/app\/uploads\/2025\/02\/4.png\",\"width\":800,\"height\":800},{\"@type\":\"BreadcrumbList\",\"@id\":\"https:\/\/www.foodie.nl\/fr\/produit\/collagen-plus-chocolate-extra-discount\/#breadcrumb\",\"itemListElement\":[{\"@type\":\"ListItem\",\"position\":1,\"name\":\"Home\",\"item\":\"https:\/\/www.foodie.nl\/fr\/\"},{\"@type\":\"ListItem\",\"position\":2,\"name\":\"Produits\",\"item\":\"https:\/\/www.foodie.nl\/fr\/shop\/\"},{\"@type\":\"ListItem\",\"position\":3,\"name\":\"Collagen Plus Chocolate (Extra discount)\"}]},{\"@type\":\"WebSite\",\"@id\":\"https:\/\/www.foodie.nl\/fr\/#website\",\"url\":\"https:\/\/www.foodie.nl\/fr\/\",\"name\":\"Foodie\",\"description\":\"Elke Hap Telt\",\"publisher\":{\"@id\":\"https:\/\/www.foodie.nl\/fr\/#organization\"},\"potentialAction\":[{\"@type\":\"SearchAction\",\"target\":{\"@type\":\"EntryPoint\",\"urlTemplate\":\"https:\/\/www.foodie.nl\/fr\/?s={search_term_string}\"},\"query-input\":{\"@type\":\"PropertyValueSpecification\",\"valueRequired\":true,\"valueName\":\"search_term_string\"}}],\"inLanguage\":\"fr-FR\"},{\"@type\":\"Organization\",\"@id\":\"https:\/\/www.foodie.nl\/fr\/#organization\",\"name\":\"Foodie\",\"url\":\"https:\/\/www.foodie.nl\/fr\/\",\"logo\":{\"@type\":\"ImageObject\",\"inLanguage\":\"fr-FR\",\"@id\":\"https:\/\/www.foodie.nl\/fr\/#\/schema\/logo\/image\/\",\"url\":\"https:\/\/www.foodie.nl\/app\/uploads\/2025\/01\/logo-foodie-wide@2x.png\",\"contentUrl\":\"https:\/\/www.foodie.nl\/app\/uploads\/2025\/01\/logo-foodie-wide@2x.png\",\"width\":236,\"height\":128,\"caption\":\"Foodie\"},\"image\":{\"@id\":\"https:\/\/www.foodie.nl\/fr\/#\/schema\/logo\/image\/\"}}]}<\/script>\n<!-- \/ Yoast SEO plugin. -->","yoast_head_json":{"title":"Collagen Plus Chocolate (Extra discount) - Foodie","description":"Foodie Collagen Plus combine le meilleur de trois mondes. Il est sp\u00e9cialement formul\u00e9 pour aider les personnes qui souhaitent compl\u00e9ter leur mode de vie sain avec : \u2705 Des graisses facilement digestibles pour une \u00e9nergie instantan\u00e9e \u2705 Des prot\u00e9ines de collag\u00e8ne de haute qualit\u00e9 pour la r\u00e9paration des muscles, de la peau, des cheveux et des ongles \u2705 Avec la vitamine C 100 % naturelle de l'ac\u00e9rola.","robots":{"index":"noindex","follow":"nofollow"},"og_locale":"fr_FR","og_type":"article","og_title":"Collagen Plus Chocolate (Extra discount) - Foodie","og_description":"Foodie Collagen Plus combine le meilleur de trois mondes. Il est sp\u00e9cialement formul\u00e9 pour aider les personnes qui souhaitent compl\u00e9ter leur mode de vie sain avec : \u2705 Des graisses facilement digestibles pour une \u00e9nergie instantan\u00e9e \u2705 Des prot\u00e9ines de collag\u00e8ne de haute qualit\u00e9 pour la r\u00e9paration des muscles, de la peau, des cheveux et des ongles \u2705 Avec la vitamine C 100 % naturelle de l'ac\u00e9rola.","og_url":"https:\/\/www.foodie.nl\/fr\/produit\/collagen-plus-chocolate-extra-discount\/","og_site_name":"Foodie","og_image":[{"width":800,"height":800,"url":"https:\/\/www.foodie.nl\/app\/uploads\/Collageen-Plus-Chocolade-Boxshot.png","type":"image\/png"}],"twitter_card":"summary_large_image","schema":{"@context":"https:\/\/schema.org","@graph":[{"@type":"WebPage","@id":"https:\/\/www.foodie.nl\/fr\/produit\/collagen-plus-chocolate-extra-discount\/","url":"https:\/\/www.foodie.nl\/fr\/produit\/collagen-plus-chocolate-extra-discount\/","name":"Collagen Plus Chocolate (Extra discount) - Foodie","isPartOf":{"@id":"https:\/\/www.foodie.nl\/fr\/#website"},"primaryImageOfPage":{"@id":"https:\/\/www.foodie.nl\/fr\/produit\/collagen-plus-chocolate-extra-discount\/#primaryimage"},"image":{"@id":"https:\/\/www.foodie.nl\/fr\/produit\/collagen-plus-chocolate-extra-discount\/#primaryimage"},"thumbnailUrl":"https:\/\/www.foodie.nl\/app\/uploads\/2025\/02\/4.png","datePublished":"2021-01-23T20:36:33+00:00","description":"Foodie Collagen Plus combine le meilleur de trois mondes. Il est sp\u00e9cialement formul\u00e9 pour aider les personnes qui souhaitent compl\u00e9ter leur mode de vie sain avec : \u2705 Des graisses facilement digestibles pour une \u00e9nergie instantan\u00e9e \u2705 Des prot\u00e9ines de collag\u00e8ne de haute qualit\u00e9 pour la r\u00e9paration des muscles, de la peau, des cheveux et des ongles \u2705 Avec la vitamine C 100 % naturelle de l'ac\u00e9rola.","breadcrumb":{"@id":"https:\/\/www.foodie.nl\/fr\/produit\/collagen-plus-chocolate-extra-discount\/#breadcrumb"},"inLanguage":"fr-FR","potentialAction":[{"@type":"ReadAction","target":["https:\/\/www.foodie.nl\/fr\/produit\/collagen-plus-chocolate-extra-discount\/"]}]},{"@type":"ImageObject","inLanguage":"fr-FR","@id":"https:\/\/www.foodie.nl\/fr\/produit\/collagen-plus-chocolate-extra-discount\/#primaryimage","url":"https:\/\/www.foodie.nl\/app\/uploads\/2025\/02\/4.png","contentUrl":"https:\/\/www.foodie.nl\/app\/uploads\/2025\/02\/4.png","width":800,"height":800},{"@type":"BreadcrumbList","@id":"https:\/\/www.foodie.nl\/fr\/produit\/collagen-plus-chocolate-extra-discount\/#breadcrumb","itemListElement":[{"@type":"ListItem","position":1,"name":"Home","item":"https:\/\/www.foodie.nl\/fr\/"},{"@type":"ListItem","position":2,"name":"Produits","item":"https:\/\/www.foodie.nl\/fr\/shop\/"},{"@type":"ListItem","position":3,"name":"Collagen Plus Chocolate (Extra discount)"}]},{"@type":"WebSite","@id":"https:\/\/www.foodie.nl\/fr\/#website","url":"https:\/\/www.foodie.nl\/fr\/","name":"Foodie","description":"Elke Hap Telt","publisher":{"@id":"https:\/\/www.foodie.nl\/fr\/#organization"},"potentialAction":[{"@type":"SearchAction","target":{"@type":"EntryPoint","urlTemplate":"https:\/\/www.foodie.nl\/fr\/?s={search_term_string}"},"query-input":{"@type":"PropertyValueSpecification","valueRequired":true,"valueName":"search_term_string"}}],"inLanguage":"fr-FR"},{"@type":"Organization","@id":"https:\/\/www.foodie.nl\/fr\/#organization","name":"Foodie","url":"https:\/\/www.foodie.nl\/fr\/","logo":{"@type":"ImageObject","inLanguage":"fr-FR","@id":"https:\/\/www.foodie.nl\/fr\/#\/schema\/logo\/image\/","url":"https:\/\/www.foodie.nl\/app\/uploads\/2025\/01\/logo-foodie-wide@2x.png","contentUrl":"https:\/\/www.foodie.nl\/app\/uploads\/2025\/01\/logo-foodie-wide@2x.png","width":236,"height":128,"caption":"Foodie"},"image":{"@id":"https:\/\/www.foodie.nl\/fr\/#\/schema\/logo\/image\/"}}]}},"_links":{"self":[{"href":"https:\/\/www.foodie.nl\/fr\/wp-json\/wp\/v2\/product\/1153912","targetHints":{"allow":["GET"]}}],"collection":[{"href":"https:\/\/www.foodie.nl\/fr\/wp-json\/wp\/v2\/product"}],"about":[{"href":"https:\/\/www.foodie.nl\/fr\/wp-json\/wp\/v2\/types\/product"}],"wp:featuredmedia":[{"embeddable":true,"href":"https:\/\/www.foodie.nl\/fr\/wp-json\/wp\/v2\/media\/1117948"}],"wp:attachment":[{"href":"https:\/\/www.foodie.nl\/fr\/wp-json\/wp\/v2\/media?parent=1153912"}],"wp:term":[{"taxonomy":"product_brand","embeddable":true,"href":"https:\/\/www.foodie.nl\/fr\/wp-json\/wp\/v2\/product_brand?post=1153912"},{"taxonomy":"product_cat","embeddable":true,"href":"https:\/\/www.foodie.nl\/fr\/wp-json\/wp\/v2\/product_cat?post=1153912"},{"taxonomy":"product_tag","embeddable":true,"href":"https:\/\/www.foodie.nl\/fr\/wp-json\/wp\/v2\/product_tag?post=1153912"}],"curies":[{"name":"wp","href":"https:\/\/api.w.org\/{rel}","templated":true}]}}