{"id":1167264,"date":"2024-06-13T17:17:09","date_gmt":"2024-06-13T15:17:09","guid":{"rendered":"https:\/\/www.foodie.nl\/product\/hormonen-balans-bundel\/"},"modified":"2025-08-26T13:53:08","modified_gmt":"2025-08-26T11:53:08","slug":"hormonen-balans-bundel","status":"publish","type":"product","link":"https:\/\/www.foodie.nl\/fr\/produit\/hormonen-balans-bundel\/","title":{"rendered":"Le Pack \u00ab\u00a0\u00c9quilibre Hormonal\u00a0\u00bb"},"content":{"rendered":"<p>Le Pack \u00ab\u00a0\u00c9quilibre Hormonal\u00a0\u00bb contient:<\/p>\n<h3><strong>Ultimate Ashwagandha<\/strong><\/h3>\n<p data-start=\"0\" data-end=\"354\">Les hormones jouent un r\u00f4le central dans votre niveau d\u2019\u00e9nergie, votre humeur, votre r\u00e9sistance au stress et votre bien-\u00eatre g\u00e9n\u00e9ral. <strong data-start=\"134\" data-end=\"158\">Ultimate Ashwagandha<\/strong> a \u00e9t\u00e9 sp\u00e9cialement d\u00e9velopp\u00e9 pour aider votre corps \u00e0 mieux g\u00e9rer le stress quotidien et \u00e0 contribuer \u00e0 un \u00e9quilibre hormonal sain, \u00e0 tout \u00e2ge et aussi bien pour les hommes que pour les femmes.<\/p>\n<p data-start=\"356\" data-end=\"700\">La formule contient <strong data-start=\"376\" data-end=\"409\">500 mg de KSM-66\u00ae Ashwagandha<\/strong>, un adaptog\u00e8ne cliniquement \u00e9tudi\u00e9, reconnu pour sa capacit\u00e9 \u00e0 r\u00e9guler l\u2019hormone du stress, le cortisol. En soutenant un \u00e9quilibre sain du cortisol, l\u2019ashwagandha aide \u00e9galement \u00e0 maintenir l\u2019\u00e9quilibre entre d\u2019autres hormones telles que la testost\u00e9rone, les \u0153strog\u00e8nes et la progest\u00e9rone.<\/p>\n<p data-start=\"702\" data-end=\"962\" data-is-last-node=\"\" data-is-only-node=\"\">Elle contient \u00e9galement du <strong data-start=\"729\" data-end=\"751\">Holy Basil (Tulsi)<\/strong> pour favoriser la s\u00e9r\u00e9nit\u00e9 \u00e9motionnelle, de la <strong data-start=\"799\" data-end=\"810\">Biotine<\/strong> pour un soutien suppl\u00e9mentaire de l\u2019\u00e9nergie et de la fonction nerveuse, ainsi que du <strong data-start=\"896\" data-end=\"910\">Bioperine\u00ae<\/strong> pour optimiser l\u2019absorption des ingr\u00e9dients actifs.<\/p>\n<ul>\n<li data-start=\"2341\" data-end=\"2600\">Aide \u00e0 <strong>r\u00e9duire les sentiments de stress et l\u2019irritabilit\u00e9<\/strong> en maintenant un niveau de cortisol \u00e9quilibr\u00e9<\/li>\n<li data-start=\"2341\" data-end=\"2600\">Favorise un \u00e9tat <strong>d\u2019esprit \u00e9quilibr\u00e9<\/strong><\/li>\n<li data-start=\"2341\" data-end=\"2600\">Favorise un sommeil <strong>plus profond et plus r\u00e9parateur\u00a0<\/strong><\/li>\n<li data-start=\"2341\" data-end=\"2600\">Soutient un <strong>\u00e9quilibre sain entre cortisol, \u0153strog\u00e8nes et progest\u00e9rone, essentiel pour l\u2019\u00e9quilibre hormonal<\/strong><\/li>\n<li data-start=\"2341\" data-end=\"2600\">Contient du KSM-66\u00ae, l\u2019extrait d\u2019Ashwagandha le plus \u00e9tudi\u00e9<\/li>\n<li data-start=\"2341\" data-end=\"2600\">Enrichi en Holy Basil pour une s\u00e9r\u00e9nit\u00e9 int\u00e9rieure accrue<\/li>\n<li data-start=\"2341\" data-end=\"2600\">Avec Bioperine\u00ae pour une absorption optimale<\/li>\n<\/ul>\n<p data-start=\"2602\" data-end=\"2743\">Avec <strong data-start=\"5\" data-end=\"29\">Ultimate Ashwagandha<\/strong>, vous offrez chaque jour \u00e0 votre corps et \u00e0 votre esprit le soutien qu\u2019ils m\u00e9ritent pour rester plus r\u00e9sistants au stress et d\u00e9tendus.<\/p>\n<ul>\n<li><strong>Une dose th\u00e9rapeutique de<\/strong> <strong data-start=\"26\" data-end=\"37\">KSM-66\u00ae<\/strong>: 500 mg de l\u2019extrait unique de KSM-66<\/li>\n<li><strong>Holy Basil<\/strong>: 100 mg\u00a0 d\u2019extrait de Holy Basil (tulsi)<\/li>\n<li><strong>Biotine<\/strong>: 100 mcg de Biotine<\/li>\n<li><strong>Bioperine\u00ae:<\/strong> Le catalyseur, Bioperine\u00ae, qui permet une meilleure absorption des extraits.<\/li>\n<\/ul>\n<p>1 emballage de <strong>Ultimate Ashwagandha<\/strong> contient 60 capsules, bon pour un mois de cure.<\/p>\n<h3><strong>Vitamine D3 Boost<\/strong><\/h3>\n<p data-start=\"0\" data-end=\"391\">La vitamine D n\u2019est pas seulement importante pour votre syst\u00e8me immunitaire, vos os et vos muscles, elle joue \u00e9galement un r\u00f4le central dans l\u2019\u00e9quilibre hormonal de votre corps. Elle soutient notamment la production de <strong>s\u00e9rotonine<\/strong>, un neurotransmetteur qui am\u00e9liore non seulement l\u2019humeur, mais constitue aussi le pr\u00e9curseur de la <strong>m\u00e9latonine<\/strong>, l\u2019hormone qui r\u00e9gule votre rythme veille-sommeil.<\/p>\n<p data-start=\"393\" data-end=\"723\">De plus, la vitamine D intervient dans la r\u00e9gulation d\u2019autres hormones, comme <strong>l\u2019insuline<\/strong>, et contribue au bon fonctionnement de la <strong>thyro\u00efde<\/strong> ainsi que du <strong>syst\u00e8me reproducteur<\/strong>. Hommes et femmes b\u00e9n\u00e9ficient d\u2019un statut optimal en vitamine D pour une meilleure stabilit\u00e9 hormonale, davantage d\u2019\u00e9nergie et un \u00e9tat \u00e9motionnel \u00e9quilibr\u00e9.<\/p>\n<p data-start=\"725\" data-end=\"1101\">Aux Pays-Bas et en Belgique, une carence en vitamine D est fr\u00e9quente, surtout en automne et en hiver. Cela peut entra\u00eener fatigue, variations d\u2019humeur et d\u00e9r\u00e8glement du biorhythmie. <strong data-start=\"907\" data-end=\"928\">Vitamine D3 Boost<\/strong> vous aide \u00e0 maintenir un niveau ad\u00e9quat de vitamine D, contribuant ainsi \u00e0 un meilleur sommeil, un \u00e9quilibre hormonal renforc\u00e9 et un soutien optimal du syst\u00e8me immunitaire.<\/p>\n<p data-start=\"1103\" data-end=\"1262\" data-is-last-node=\"\" data-is-only-node=\"\">La particularit\u00e9 de Vitamine D3 Boost est qu\u2019il est formul\u00e9 dans <strong>de l\u2019huile d\u2019olive extra vierge<\/strong>, garantissant une absorption optimale et une qualit\u00e9 pure.<\/p>\n<ul>\n<li data-start=\"242\" data-end=\"468\">Soutient un rythme veille-sommeil sain<\/li>\n<li data-start=\"242\" data-end=\"468\">Contribue \u00e0 la production de l\u2019hormone du sommeil m\u00e9latonine<\/li>\n<li data-start=\"242\" data-end=\"468\">Aide \u00e0 la d\u00e9tente et favorise une sensation de repos<\/li>\n<li data-start=\"242\" data-end=\"468\">Soutient un syst\u00e8me immunitaire fonctionnant correctement<\/li>\n<li data-start=\"242\" data-end=\"468\">Contribue \u00e0 des os et des dents solides<\/li>\n<li data-start=\"242\" data-end=\"468\">Soutient des muscles forts et souples<\/li>\n<li>1 capsule contient 3000UI de vitamine D3<\/li>\n<li data-start=\"242\" data-end=\"468\">Qualit\u00e9 premium avec de l\u2019huile d\u2019olive extra vierge comme base<\/li>\n<li data-start=\"242\" data-end=\"468\">Pur et sans additifs artificiels<\/li>\n<\/ul>\n<p data-start=\"859\" data-end=\"991\">1 emballage de <strong>Vitamine D3 Boost<\/strong> contient 120 capsules, bon pour <strong>4 mois de cure.<\/strong><\/p>\n<h3><strong>Vitamine B Complex<\/strong><\/h3>\n<p data-start=\"0\" data-end=\"257\">Les vitamines B sont indispensables pour un \u00e9quilibre hormonal sain. Elles soutiennent la production et la r\u00e9gulation de diff\u00e9rents hormones, aident \u00e0 r\u00e9duire la fatigue et contribuent \u00e0 la stabilit\u00e9 \u00e9motionnelle, \u00e0 l\u2019\u00e9nergie et \u00e0 la r\u00e9sistance au stress.<\/p>\n<p data-start=\"259\" data-end=\"581\">Le <strong data-start=\"262\" data-end=\"286\">Vitamine B Complex<\/strong> contient les huit vitamines B essentielles sous des formes actives et hautement assimilables, enrichies en choline, inositol, PABA et L-taurine. Cela en fait une formule puissante qui soutient le corps et l\u2019esprit lors de fluctuations hormonales, de p\u00e9riodes de stress ou de baisse d\u2019\u00e9nergie.<\/p>\n<p data-start=\"583\" data-end=\"666\" data-is-last-node=\"\" data-is-only-node=\"\"><strong>Pourquoi le Complexe Vitamines B est indispensable pour votre sant\u00e9 hormonale<\/strong>:<\/p>\n<ul>\n<li data-start=\"523\" data-end=\"802\"><strong data-start=\"930\" data-end=\"945\">La Vitamine B6<\/strong> contribue \u00e0 la r\u00e9gulation de l\u2019activit\u00e9 hormonale<\/li>\n<li data-start=\"523\" data-end=\"802\"><strong data-start=\"1003\" data-end=\"1018\">La Vitamine B5<\/strong> soutient la production d\u2019hormones st\u00e9ro\u00efdes (y compris les hormones sexuelles et le cortisol)<\/li>\n<li data-start=\"523\" data-end=\"802\"><strong data-start=\"1110\" data-end=\"1134\">Les Vitamine B1, B6, B12<\/strong> contribuent au bon fonctionnement du syst\u00e8me nerveux et \u00e0 l\u2019\u00e9quilibre mental<\/li>\n<li data-start=\"523\" data-end=\"802\"><strong data-start=\"1213\" data-end=\"1224\">La Choline<\/strong> soutient la fonction h\u00e9patique, essentielle pour la d\u00e9gradation et l\u2019\u00e9limination des hormones exc\u00e9dentaires<\/li>\n<li data-start=\"523\" data-end=\"802\"><strong data-start=\"1324\" data-end=\"1344\">L&rsquo;inositol en le PABA<\/strong> aident \u00e0 la communication cellulaire et contribuent \u00e0 la stabilit\u00e9 \u00e9motionnelle<\/li>\n<li data-start=\"523\" data-end=\"802\"><strong data-start=\"1431\" data-end=\"1444\">La L-taurine<\/strong> agit en synergie avec les vitamines B et soutient l\u2019\u00e9nergie, l\u2019humeur et la r\u00e9cup\u00e9ration<\/li>\n<\/ul>\n<p data-start=\"1452\" data-end=\"1616\">Cette formule contient <strong>les formes actives des vitamines B (B2, B6, B9 et B12)<\/strong> pour une absorption et une efficacit\u00e9 optimales, sans que l\u2019organisme ait besoin de les transformer au pr\u00e9alable.<\/p>\n<p data-start=\"1858\" data-end=\"1997\">1 emballage de <strong>Vitamine B Complex<\/strong> contient 60 capsules, bon pour <strong>2 mois de cure.<\/strong><\/p>\n","protected":false},"excerpt":{"rendered":"<p data-start=\"0\" data-end=\"306\">Vos hormones r\u00e9gulent presque tout dans votre corps: votre niveau d\u2019\u00e9nergie, votre sommeil, votre humeur, votre m\u00e9tabolisme, la r\u00e9cup\u00e9ration musculaire et la libido. Un d\u00e9s\u00e9quilibre peut entra\u00eener de la fatigue, des sautes d\u2019humeur, du stress, des troubles du sommeil ou une r\u00e9cup\u00e9ration plus difficile.<\/p>\n<p data-start=\"308\" data-end=\"445\">Le <strong data-start=\"311\" data-end=\"338\">Pack \u00ab\u00a0\u00c9quilibre Hormonal\u00a0\u00bb<\/strong> combine trois compl\u00e9ments puissants qui contribuent chacun \u00e0 leur mani\u00e8re \u00e0 un \u00e9quilibre hormonal sain :<\/p>\n<ul>\n<li style=\"list-style-type: none;\">\n<ul data-start=\"447\" data-end=\"531\" data-is-last-node=\"\" data-is-only-node=\"\">\n<li data-start=\"447\" data-end=\"478\">\n<p data-start=\"449\" data-end=\"478\"><strong data-start=\"449\" data-end=\"476\">Vitamine B Complex<\/strong><\/p>\n<\/li>\n<li data-start=\"479\" data-end=\"507\">\n<p data-start=\"481\" data-end=\"507\"><strong data-start=\"481\" data-end=\"505\">Ultimate Ashwagandha<\/strong><\/p>\n<\/li>\n<li data-start=\"508\" data-end=\"531\" data-is-last-node=\"\">\n<p data-start=\"510\" data-end=\"531\" data-is-last-node=\"\"><strong data-start=\"510\" data-end=\"531\" data-is-last-node=\"\">Vitamine D3 Boost<\/strong><\/p>\n<\/li>\n<\/ul>\n<\/li>\n<\/ul>\n","protected":false},"featured_media":1188248,"template":"","meta":{"_acf_changed":false,"om_disable_all_campaigns":false},"product_brand":[],"product_cat":[206],"product_tag":[],"class_list":{"0":"post-1167264","1":"product","2":"type-product","3":"status-publish","4":"has-post-thumbnail","6":"product_cat-les-packs","7":"product_shipping_class-livraison-gratuite","8":"sales-flash-overlay","9":"woocommerce-text-align-center","10":"woocommerce-image-align-center","11":"do-quantity-buttons","13":"first","14":"instock","15":"sale","16":"taxable","17":"shipping-taxable","18":"purchasable","19":"product-type-simple"},"acf":[],"yoast_head":"<!-- This site is optimized with the Yoast SEO plugin v27.4 - https:\/\/yoast.com\/product\/yoast-seo-wordpress\/ -->\n<title>Le Pack &quot;\u00c9quilibre Hormonal&quot; - Foodie<\/title>\n<meta name=\"description\" content=\"Vos hormones r\u00e9gulent presque tout dans votre corps: votre niveau d\u2019\u00e9nergie, votre sommeil, votre humeur, votre m\u00e9tabolisme, la r\u00e9cup\u00e9ration musculaire et la libido. Un d\u00e9s\u00e9quilibre peut entra\u00eener de la fatigue, des sautes d\u2019humeur, du stress, des troubles du sommeil ou une r\u00e9cup\u00e9ration plus difficile. Le Pack &quot;\u00c9quilibre Hormonal&quot; combine trois compl\u00e9ments puissants qui contribuent chacun \u00e0 leur mani\u00e8re \u00e0 un \u00e9quilibre hormonal sain :        Vitamine B Complex    Ultimate Ashwagandha    Vitamine D3 Boost\" \/>\n<meta name=\"robots\" content=\"index, follow, max-snippet:-1, max-image-preview:large, max-video-preview:-1\" \/>\n<link rel=\"canonical\" href=\"https:\/\/www.foodie.nl\/fr\/produit\/hormonen-balans-bundel\/\" \/>\n<meta property=\"og:locale\" content=\"fr_FR\" \/>\n<meta property=\"og:type\" content=\"article\" \/>\n<meta property=\"og:title\" content=\"Le Pack &quot;\u00c9quilibre Hormonal&quot; - Foodie\" \/>\n<meta property=\"og:description\" content=\"Vos hormones r\u00e9gulent presque tout dans votre corps: votre niveau d\u2019\u00e9nergie, votre sommeil, votre humeur, votre m\u00e9tabolisme, la r\u00e9cup\u00e9ration musculaire et la libido. Un d\u00e9s\u00e9quilibre peut entra\u00eener de la fatigue, des sautes d\u2019humeur, du stress, des troubles du sommeil ou une r\u00e9cup\u00e9ration plus difficile. Le Pack &quot;\u00c9quilibre Hormonal&quot; combine trois compl\u00e9ments puissants qui contribuent chacun \u00e0 leur mani\u00e8re \u00e0 un \u00e9quilibre hormonal sain :        Vitamine B Complex    Ultimate Ashwagandha    Vitamine D3 Boost\" \/>\n<meta property=\"og:url\" content=\"https:\/\/www.foodie.nl\/fr\/produit\/hormonen-balans-bundel\/\" \/>\n<meta property=\"og:site_name\" content=\"Foodie\" \/>\n<meta property=\"article:modified_time\" content=\"2025-08-26T11:53:08+00:00\" \/>\n<meta property=\"og:image\" content=\"https:\/\/www.foodie.nl\/app\/uploads\/2024\/06\/Producten-groepen-100-1024x1024.png\" \/>\n\t<meta property=\"og:image:width\" content=\"1024\" \/>\n\t<meta property=\"og:image:height\" content=\"1024\" \/>\n\t<meta property=\"og:image:type\" content=\"image\/png\" \/>\n<meta name=\"twitter:card\" content=\"summary_large_image\" \/>\n<meta name=\"twitter:label1\" content=\"Dur\u00e9e de lecture estim\u00e9e\" \/>\n\t<meta name=\"twitter:data1\" content=\"5 minutes\" \/>\n<script type=\"application\/ld+json\" class=\"yoast-schema-graph\">{\"@context\":\"https:\\\/\\\/schema.org\",\"@graph\":[{\"@type\":\"WebPage\",\"@id\":\"https:\\\/\\\/www.foodie.nl\\\/fr\\\/produit\\\/hormonen-balans-bundel\\\/\",\"url\":\"https:\\\/\\\/www.foodie.nl\\\/fr\\\/produit\\\/hormonen-balans-bundel\\\/\",\"name\":\"Le Pack \\\"\u00c9quilibre Hormonal\\\" - Foodie\",\"isPartOf\":{\"@id\":\"https:\\\/\\\/www.foodie.nl\\\/fr\\\/#website\"},\"primaryImageOfPage\":{\"@id\":\"https:\\\/\\\/www.foodie.nl\\\/fr\\\/produit\\\/hormonen-balans-bundel\\\/#primaryimage\"},\"image\":{\"@id\":\"https:\\\/\\\/www.foodie.nl\\\/fr\\\/produit\\\/hormonen-balans-bundel\\\/#primaryimage\"},\"thumbnailUrl\":\"https:\\\/\\\/www.foodie.nl\\\/app\\\/uploads\\\/2024\\\/06\\\/Producten-groepen-2026-02-16T131836.058.png\",\"datePublished\":\"2024-06-13T15:17:09+00:00\",\"dateModified\":\"2025-08-26T11:53:08+00:00\",\"description\":\"Vos hormones r\u00e9gulent presque tout dans votre corps: votre niveau d\u2019\u00e9nergie, votre sommeil, votre humeur, votre m\u00e9tabolisme, la r\u00e9cup\u00e9ration musculaire et la libido. Un d\u00e9s\u00e9quilibre peut entra\u00eener de la fatigue, des sautes d\u2019humeur, du stress, des troubles du sommeil ou une r\u00e9cup\u00e9ration plus difficile. Le Pack \\\"\u00c9quilibre Hormonal\\\" combine trois compl\u00e9ments puissants qui contribuent chacun \u00e0 leur mani\u00e8re \u00e0 un \u00e9quilibre hormonal sain : Vitamine B Complex Ultimate Ashwagandha Vitamine D3 Boost\",\"breadcrumb\":{\"@id\":\"https:\\\/\\\/www.foodie.nl\\\/fr\\\/produit\\\/hormonen-balans-bundel\\\/#breadcrumb\"},\"inLanguage\":\"fr-FR\",\"potentialAction\":[{\"@type\":\"ReadAction\",\"target\":[\"https:\\\/\\\/www.foodie.nl\\\/fr\\\/produit\\\/hormonen-balans-bundel\\\/\"]}]},{\"@type\":\"ImageObject\",\"inLanguage\":\"fr-FR\",\"@id\":\"https:\\\/\\\/www.foodie.nl\\\/fr\\\/produit\\\/hormonen-balans-bundel\\\/#primaryimage\",\"url\":\"https:\\\/\\\/www.foodie.nl\\\/app\\\/uploads\\\/2024\\\/06\\\/Producten-groepen-2026-02-16T131836.058.png\",\"contentUrl\":\"https:\\\/\\\/www.foodie.nl\\\/app\\\/uploads\\\/2024\\\/06\\\/Producten-groepen-2026-02-16T131836.058.png\",\"width\":1600,\"height\":1600},{\"@type\":\"BreadcrumbList\",\"@id\":\"https:\\\/\\\/www.foodie.nl\\\/fr\\\/produit\\\/hormonen-balans-bundel\\\/#breadcrumb\",\"itemListElement\":[{\"@type\":\"ListItem\",\"position\":1,\"name\":\"Home\",\"item\":\"https:\\\/\\\/www.foodie.nl\\\/fr\\\/\"},{\"@type\":\"ListItem\",\"position\":2,\"name\":\"Produits\",\"item\":\"https:\\\/\\\/www.foodie.nl\\\/fr\\\/shop\\\/\"},{\"@type\":\"ListItem\",\"position\":3,\"name\":\"Le Pack &#8220;\u00c9quilibre Hormonal&#8221;\"}]},{\"@type\":\"WebSite\",\"@id\":\"https:\\\/\\\/www.foodie.nl\\\/fr\\\/#website\",\"url\":\"https:\\\/\\\/www.foodie.nl\\\/fr\\\/\",\"name\":\"Foodie\",\"description\":\"Elke Hap Telt\",\"publisher\":{\"@id\":\"https:\\\/\\\/www.foodie.nl\\\/fr\\\/#organization\"},\"potentialAction\":[{\"@type\":\"SearchAction\",\"target\":{\"@type\":\"EntryPoint\",\"urlTemplate\":\"https:\\\/\\\/www.foodie.nl\\\/fr\\\/?s={search_term_string}\"},\"query-input\":{\"@type\":\"PropertyValueSpecification\",\"valueRequired\":true,\"valueName\":\"search_term_string\"}}],\"inLanguage\":\"fr-FR\"},{\"@type\":\"Organization\",\"@id\":\"https:\\\/\\\/www.foodie.nl\\\/fr\\\/#organization\",\"name\":\"Foodie\",\"url\":\"https:\\\/\\\/www.foodie.nl\\\/fr\\\/\",\"logo\":{\"@type\":\"ImageObject\",\"inLanguage\":\"fr-FR\",\"@id\":\"https:\\\/\\\/www.foodie.nl\\\/fr\\\/#\\\/schema\\\/logo\\\/image\\\/\",\"url\":\"https:\\\/\\\/www.foodie.nl\\\/app\\\/uploads\\\/2025\\\/01\\\/logo-foodie-wide@2x.png\",\"contentUrl\":\"https:\\\/\\\/www.foodie.nl\\\/app\\\/uploads\\\/2025\\\/01\\\/logo-foodie-wide@2x.png\",\"width\":236,\"height\":128,\"caption\":\"Foodie\"},\"image\":{\"@id\":\"https:\\\/\\\/www.foodie.nl\\\/fr\\\/#\\\/schema\\\/logo\\\/image\\\/\"}}]}<\/script>\n<!-- \/ Yoast SEO plugin. -->","yoast_head_json":{"title":"Le Pack \"\u00c9quilibre Hormonal\" - Foodie","description":"Vos hormones r\u00e9gulent presque tout dans votre corps: votre niveau d\u2019\u00e9nergie, votre sommeil, votre humeur, votre m\u00e9tabolisme, la r\u00e9cup\u00e9ration musculaire et la libido. Un d\u00e9s\u00e9quilibre peut entra\u00eener de la fatigue, des sautes d\u2019humeur, du stress, des troubles du sommeil ou une r\u00e9cup\u00e9ration plus difficile. Le Pack \"\u00c9quilibre Hormonal\" combine trois compl\u00e9ments puissants qui contribuent chacun \u00e0 leur mani\u00e8re \u00e0 un \u00e9quilibre hormonal sain :        Vitamine B Complex    Ultimate Ashwagandha    Vitamine D3 Boost","robots":{"index":"index","follow":"follow","max-snippet":"max-snippet:-1","max-image-preview":"max-image-preview:large","max-video-preview":"max-video-preview:-1"},"canonical":"https:\/\/www.foodie.nl\/fr\/produit\/hormonen-balans-bundel\/","og_locale":"fr_FR","og_type":"article","og_title":"Le Pack \"\u00c9quilibre Hormonal\" - Foodie","og_description":"Vos hormones r\u00e9gulent presque tout dans votre corps: votre niveau d\u2019\u00e9nergie, votre sommeil, votre humeur, votre m\u00e9tabolisme, la r\u00e9cup\u00e9ration musculaire et la libido. Un d\u00e9s\u00e9quilibre peut entra\u00eener de la fatigue, des sautes d\u2019humeur, du stress, des troubles du sommeil ou une r\u00e9cup\u00e9ration plus difficile. Le Pack \"\u00c9quilibre Hormonal\" combine trois compl\u00e9ments puissants qui contribuent chacun \u00e0 leur mani\u00e8re \u00e0 un \u00e9quilibre hormonal sain :        Vitamine B Complex    Ultimate Ashwagandha    Vitamine D3 Boost","og_url":"https:\/\/www.foodie.nl\/fr\/produit\/hormonen-balans-bundel\/","og_site_name":"Foodie","article_modified_time":"2025-08-26T11:53:08+00:00","og_image":[{"width":1024,"height":1024,"url":"https:\/\/www.foodie.nl\/app\/uploads\/2024\/06\/Producten-groepen-100-1024x1024.png","type":"image\/png"}],"twitter_card":"summary_large_image","twitter_misc":{"Dur\u00e9e de lecture estim\u00e9e":"5 minutes"},"schema":{"@context":"https:\/\/schema.org","@graph":[{"@type":"WebPage","@id":"https:\/\/www.foodie.nl\/fr\/produit\/hormonen-balans-bundel\/","url":"https:\/\/www.foodie.nl\/fr\/produit\/hormonen-balans-bundel\/","name":"Le Pack \"\u00c9quilibre Hormonal\" - Foodie","isPartOf":{"@id":"https:\/\/www.foodie.nl\/fr\/#website"},"primaryImageOfPage":{"@id":"https:\/\/www.foodie.nl\/fr\/produit\/hormonen-balans-bundel\/#primaryimage"},"image":{"@id":"https:\/\/www.foodie.nl\/fr\/produit\/hormonen-balans-bundel\/#primaryimage"},"thumbnailUrl":"https:\/\/www.foodie.nl\/app\/uploads\/2024\/06\/Producten-groepen-2026-02-16T131836.058.png","datePublished":"2024-06-13T15:17:09+00:00","dateModified":"2025-08-26T11:53:08+00:00","description":"Vos hormones r\u00e9gulent presque tout dans votre corps: votre niveau d\u2019\u00e9nergie, votre sommeil, votre humeur, votre m\u00e9tabolisme, la r\u00e9cup\u00e9ration musculaire et la libido. Un d\u00e9s\u00e9quilibre peut entra\u00eener de la fatigue, des sautes d\u2019humeur, du stress, des troubles du sommeil ou une r\u00e9cup\u00e9ration plus difficile. Le Pack \"\u00c9quilibre Hormonal\" combine trois compl\u00e9ments puissants qui contribuent chacun \u00e0 leur mani\u00e8re \u00e0 un \u00e9quilibre hormonal sain : Vitamine B Complex Ultimate Ashwagandha Vitamine D3 Boost","breadcrumb":{"@id":"https:\/\/www.foodie.nl\/fr\/produit\/hormonen-balans-bundel\/#breadcrumb"},"inLanguage":"fr-FR","potentialAction":[{"@type":"ReadAction","target":["https:\/\/www.foodie.nl\/fr\/produit\/hormonen-balans-bundel\/"]}]},{"@type":"ImageObject","inLanguage":"fr-FR","@id":"https:\/\/www.foodie.nl\/fr\/produit\/hormonen-balans-bundel\/#primaryimage","url":"https:\/\/www.foodie.nl\/app\/uploads\/2024\/06\/Producten-groepen-2026-02-16T131836.058.png","contentUrl":"https:\/\/www.foodie.nl\/app\/uploads\/2024\/06\/Producten-groepen-2026-02-16T131836.058.png","width":1600,"height":1600},{"@type":"BreadcrumbList","@id":"https:\/\/www.foodie.nl\/fr\/produit\/hormonen-balans-bundel\/#breadcrumb","itemListElement":[{"@type":"ListItem","position":1,"name":"Home","item":"https:\/\/www.foodie.nl\/fr\/"},{"@type":"ListItem","position":2,"name":"Produits","item":"https:\/\/www.foodie.nl\/fr\/shop\/"},{"@type":"ListItem","position":3,"name":"Le Pack &#8220;\u00c9quilibre Hormonal&#8221;"}]},{"@type":"WebSite","@id":"https:\/\/www.foodie.nl\/fr\/#website","url":"https:\/\/www.foodie.nl\/fr\/","name":"Foodie","description":"Elke Hap Telt","publisher":{"@id":"https:\/\/www.foodie.nl\/fr\/#organization"},"potentialAction":[{"@type":"SearchAction","target":{"@type":"EntryPoint","urlTemplate":"https:\/\/www.foodie.nl\/fr\/?s={search_term_string}"},"query-input":{"@type":"PropertyValueSpecification","valueRequired":true,"valueName":"search_term_string"}}],"inLanguage":"fr-FR"},{"@type":"Organization","@id":"https:\/\/www.foodie.nl\/fr\/#organization","name":"Foodie","url":"https:\/\/www.foodie.nl\/fr\/","logo":{"@type":"ImageObject","inLanguage":"fr-FR","@id":"https:\/\/www.foodie.nl\/fr\/#\/schema\/logo\/image\/","url":"https:\/\/www.foodie.nl\/app\/uploads\/2025\/01\/logo-foodie-wide@2x.png","contentUrl":"https:\/\/www.foodie.nl\/app\/uploads\/2025\/01\/logo-foodie-wide@2x.png","width":236,"height":128,"caption":"Foodie"},"image":{"@id":"https:\/\/www.foodie.nl\/fr\/#\/schema\/logo\/image\/"}}]}},"_links":{"self":[{"href":"https:\/\/www.foodie.nl\/fr\/wp-json\/wp\/v2\/product\/1167264","targetHints":{"allow":["GET"]}}],"collection":[{"href":"https:\/\/www.foodie.nl\/fr\/wp-json\/wp\/v2\/product"}],"about":[{"href":"https:\/\/www.foodie.nl\/fr\/wp-json\/wp\/v2\/types\/product"}],"wp:featuredmedia":[{"embeddable":true,"href":"https:\/\/www.foodie.nl\/fr\/wp-json\/wp\/v2\/media\/1188248"}],"wp:attachment":[{"href":"https:\/\/www.foodie.nl\/fr\/wp-json\/wp\/v2\/media?parent=1167264"}],"wp:term":[{"taxonomy":"product_brand","embeddable":true,"href":"https:\/\/www.foodie.nl\/fr\/wp-json\/wp\/v2\/product_brand?post=1167264"},{"taxonomy":"product_cat","embeddable":true,"href":"https:\/\/www.foodie.nl\/fr\/wp-json\/wp\/v2\/product_cat?post=1167264"},{"taxonomy":"product_tag","embeddable":true,"href":"https:\/\/www.foodie.nl\/fr\/wp-json\/wp\/v2\/product_tag?post=1167264"}],"curies":[{"name":"wp","href":"https:\/\/api.w.org\/{rel}","templated":true}]}}