{"id":1168274,"date":"2025-08-07T13:35:09","date_gmt":"2025-08-07T11:35:09","guid":{"rendered":"https:\/\/www.foodie.nl\/?post_type=product&#038;p=1168274"},"modified":"2025-09-29T17:04:45","modified_gmt":"2025-09-29T15:04:45","slug":"3x-ultimate-metabolic-support-kopie","status":"publish","type":"product","link":"https:\/\/www.foodie.nl\/fr\/produit\/3x-ultimate-metabolic-support-kopie\/","title":{"rendered":"2+1 gratuit Ultimate Metabolic Support"},"content":{"rendered":"<p class=\"\" data-start=\"1338\" data-end=\"1639\">La base est constitu\u00e9e par<strong> Reducose\u00ae<\/strong>, un extrait brevet\u00e9 de feuilles de m\u00fbrier qui ralentit l\u2019absorption des sucres dans l\u2019intestin et peut r\u00e9duire les pics de glyc\u00e9mie postprandiaux jusqu\u2019\u00e0 40%. \u00c0 cela s\u2019ajoute un <strong>extrait de melon amer (10:1)<\/strong>, reconnu pour son action mim\u00e9tique de l\u2019insuline et sa capacit\u00e9 \u00e0 faire baisser activement la glyc\u00e9mie.<\/p>\n<p class=\"\" data-start=\"453\" data-end=\"781\"><strong>Gymnema Sylvestre<\/strong> est connu comme le \u00ab destructeur de sucre \u00bb: il supprime la perception du go\u00fbt sucr\u00e9 sur la langue et aide ainsi \u00e0 r\u00e9duire les envies de sucre. Pour stimuler la combustion des graisses, la formule contient \u00e9galement <strong>de l\u2019extrait de th\u00e9 vert avec 50% d\u2019EGCG<\/strong>, un antioxydant puissant qui active le m\u00e9tabolisme.<\/p>\n<p class=\"\" data-start=\"783\" data-end=\"1060\">Enfin, <strong>le chrome (sous forme bien assimilable de picolinate)<\/strong> am\u00e9liore la sensibilit\u00e9 \u00e0 l\u2019insuline et aide \u00e0 contr\u00f4ler les envies de grignotage. Ensemble, ces ingr\u00e9dients offrent un soutien large et intelligent de la glyc\u00e9mie, du m\u00e9tabolisme \u00e9nerg\u00e9tique et du contr\u00f4le du poids.<\/p>\n<p class=\"\" data-start=\"1062\" data-end=\"1115\"><strong data-start=\"1062\" data-end=\"1115\">Valeurs nutritionnelles moyennes pour 2 g\u00e9lules:<\/strong><\/p>\n<ul>\n<li>Reducose\u00ae (extrait de m\u00fbrier blanc): 300mg<\/li>\n<li><span style=\"font-size: inherit; font-family: -apple-system, system-ui, BlinkMacSystemFont, 'Segoe UI', Helvetica, Arial, sans-serif, 'Apple Color Emoji', 'Segoe UI Emoji', 'Segoe UI Symbol';\">Extrait de melon amer (10:1): 250mg<\/span><\/li>\n<li><span style=\"font-size: inherit; font-family: -apple-system, system-ui, BlinkMacSystemFont, 'Segoe UI', Helvetica, Arial, sans-serif, 'Apple Color Emoji', 'Segoe UI Emoji', 'Segoe UI Symbol';\">Extrait de th\u00e9 vert (50 % EGCG): 250mg<br \/>\n<\/span><\/li>\n<li><span style=\"font-size: inherit; font-family: -apple-system, system-ui, BlinkMacSystemFont, 'Segoe UI', Helvetica, Arial, sans-serif, 'Apple Color Emoji', 'Segoe UI Emoji', 'Segoe UI Symbol';\">Extrait de feuilles de Gymnema sylvestre: 150mg<br \/>\n<\/span><\/li>\n<li>Chrome (picolinate): 100\u03bcg (250 %*)<\/li>\n<\/ul>\n<p class=\"p1\"><strong style=\"font-size: inherit; font-family: -apple-system, system-ui, BlinkMacSystemFont, 'Segoe UI', Helvetica, Arial, sans-serif, 'Apple Color Emoji', 'Segoe UI Emoji', 'Segoe UI Symbol';\" data-start=\"1348\" data-end=\"1365\">Ingr\u00e9dients:<br \/>\n<\/strong>Extrait de feuilles de m\u00fbrier blanc (Reducose\u00ae), extrait de melon amer (10:1), extrait de th\u00e9 vert (50% EGCG), extrait de feuilles de Gymnema sylvestre, chrome (picolinate de chrome), concentr\u00e9 d\u2019amidon de riz, st\u00e9arate de magn\u00e9sium (antiagglom\u00e9rant), dioxyde de silicium (antiagglom\u00e9rant), HPMC (g\u00e9lule).<\/p>\n<p class=\"p1\"><strong>Conseils d\u2019utilisation:<br \/>\n<\/strong>Prendre 2 g\u00e9lules par jour avant le repas principal.<\/p>\n<p><strong>Conservation:<br \/>\n<\/strong>Conserver au frais et au sec dans un emballage bien ferm\u00e9<\/p>\n<p><b><strong data-start=\"1877\" data-end=\"1892\">Attention:<br \/>\n<\/strong><\/b>Ce produit n\u2019est pas un m\u00e9dicament et n\u2019est pas destin\u00e9 \u00e0 diagnostiquer, pr\u00e9venir, traiter ou gu\u00e9rir une maladie ou un trouble. Un compl\u00e9ment alimentaire ne peut se substituer \u00e0 une alimentation vari\u00e9e et \u00e9quilibr\u00e9e. Ne pas d\u00e9passer la dose journali\u00e8re recommand\u00e9e. Tenir hors de port\u00e9e des enfants.<\/p>\n<p>N\u2019utilisez pas l&rsquo;Ultimate Metabolic Support en cas de grossesse, de diab\u00e8te, d\u2019hypoglyc\u00e9mie ou si vous prenez des m\u00e9dicaments pour le c\u0153ur, la tension art\u00e9rielle ou le cholest\u00e9rol, sans d\u2019abord consulter votre m\u00e9decin.<\/p>\n","protected":false},"excerpt":{"rendered":"<p class=\"\" data-start=\"88\" data-end=\"334\"><strong data-start=\"88\" data-end=\"118\">Ultimate Metabolic Support<\/strong> est une formule r\u00e9volutionnaire con\u00e7ue pour <strong>maintenir une glyc\u00e9mie \u00e9quilibr\u00e9e, r\u00e9duire l\u2019absorption du sucre, stimuler la<\/strong> <strong>combustion des graisses<\/strong> et maintenir <strong>un niveau d\u2019\u00e9nergie stable<\/strong> tout au long de la journ\u00e9e. Gr\u00e2ce \u00e0 une combinaison unique de 5 extraits de plantes et min\u00e9raux naturels, cliniquement \u00e9tudi\u00e9s, cette formule aide non seulement \u00e0 r\u00e9guler l\u2019absorption et le m\u00e9tabolisme des sucres, mais agit \u00e9galement <strong>contre les envies de sucre et les baisses d\u2019\u00e9nergie.<\/strong><\/p>\n<p class=\"\" data-start=\"596\" data-end=\"721\">Elle associe: Reducose\u00ae, extrait de melon amer (10:1), Gymnema Sylvestre, extrait de th\u00e9 vert (50 % EGCG) et chrome.<\/p>\n<p data-start=\"596\" data-end=\"721\"><strong>Reducose\u00ae est une marque d\u00e9pos\u00e9e de Phynova.<\/strong><\/p>\n","protected":false},"featured_media":1188592,"template":"","meta":{"_acf_changed":false,"om_disable_all_campaigns":false},"product_brand":[],"product_cat":[178,214],"product_tag":[],"class_list":{"0":"post-1168274","1":"product","2":"type-product","3":"status-publish","4":"has-post-thumbnail","6":"product_cat-offre-reguliere","7":"product_cat-ultimate-metabolic-support","8":"sales-flash-overlay","9":"woocommerce-text-align-center","10":"woocommerce-image-align-center","11":"do-quantity-buttons","13":"first","14":"instock","15":"sale","16":"taxable","17":"shipping-taxable","18":"purchasable","19":"product-type-simple"},"acf":[],"yoast_head":"<!-- This site is optimized with the Yoast SEO plugin v27.2 - https:\/\/yoast.com\/product\/yoast-seo-wordpress\/ -->\n<title>2+1 gratuit Ultimate Metabolic Support - Foodie<\/title>\n<meta name=\"description\" content=\"Ultimate Metabolic Support est une formule r\u00e9volutionnaire con\u00e7ue pour maintenir une glyc\u00e9mie \u00e9quilibr\u00e9e, r\u00e9duire l\u2019absorption du sucre, stimuler la combustion des graisses et maintenir un niveau d\u2019\u00e9nergie stable tout au long de la journ\u00e9e. Gr\u00e2ce \u00e0 une combinaison unique de 5 extraits de plantes et min\u00e9raux naturels, cliniquement \u00e9tudi\u00e9s, cette formule aide non seulement \u00e0 r\u00e9guler l\u2019absorption et le m\u00e9tabolisme des sucres, mais agit \u00e9galement contre les envies de sucre et les baisses d\u2019\u00e9nergie. Elle associe: Reducose\u00ae, extrait de melon amer (10:1), Gymnema Sylvestre, extrait de th\u00e9 vert (50 % EGCG) et chrome. Reducose\u00ae est une marque d\u00e9pos\u00e9e de Phynova.\" \/>\n<meta name=\"robots\" content=\"noindex, nofollow\" \/>\n<meta property=\"og:locale\" content=\"fr_FR\" \/>\n<meta property=\"og:type\" content=\"article\" \/>\n<meta property=\"og:title\" content=\"2+1 gratuit Ultimate Metabolic Support - Foodie\" \/>\n<meta property=\"og:description\" content=\"Ultimate Metabolic Support est une formule r\u00e9volutionnaire con\u00e7ue pour maintenir une glyc\u00e9mie \u00e9quilibr\u00e9e, r\u00e9duire l\u2019absorption du sucre, stimuler la combustion des graisses et maintenir un niveau d\u2019\u00e9nergie stable tout au long de la journ\u00e9e. Gr\u00e2ce \u00e0 une combinaison unique de 5 extraits de plantes et min\u00e9raux naturels, cliniquement \u00e9tudi\u00e9s, cette formule aide non seulement \u00e0 r\u00e9guler l\u2019absorption et le m\u00e9tabolisme des sucres, mais agit \u00e9galement contre les envies de sucre et les baisses d\u2019\u00e9nergie. Elle associe: Reducose\u00ae, extrait de melon amer (10:1), Gymnema Sylvestre, extrait de th\u00e9 vert (50 % EGCG) et chrome. Reducose\u00ae est une marque d\u00e9pos\u00e9e de Phynova.\" \/>\n<meta property=\"og:url\" content=\"https:\/\/www.foodie.nl\/fr\/produit\/3x-ultimate-metabolic-support-kopie\/\" \/>\n<meta property=\"og:site_name\" content=\"Foodie\" \/>\n<meta property=\"article:modified_time\" content=\"2025-09-29T15:04:45+00:00\" \/>\n<meta property=\"og:image\" content=\"https:\/\/www.foodie.nl\/app\/uploads\/2026\/02\/BOGO-producten-2026-02-20T131558.520.png\" \/>\n\t<meta property=\"og:image:width\" content=\"1600\" \/>\n\t<meta property=\"og:image:height\" content=\"1600\" \/>\n\t<meta property=\"og:image:type\" content=\"image\/png\" \/>\n<meta name=\"twitter:card\" content=\"summary_large_image\" \/>\n<meta name=\"twitter:label1\" content=\"Dur\u00e9e de lecture estim\u00e9e\" \/>\n\t<meta name=\"twitter:data1\" content=\"2 minutes\" \/>\n<script type=\"application\/ld+json\" class=\"yoast-schema-graph\">{\"@context\":\"https:\/\/schema.org\",\"@graph\":[{\"@type\":\"WebPage\",\"@id\":\"https:\/\/www.foodie.nl\/fr\/produit\/3x-ultimate-metabolic-support-kopie\/\",\"url\":\"https:\/\/www.foodie.nl\/fr\/produit\/3x-ultimate-metabolic-support-kopie\/\",\"name\":\"2+1 gratuit Ultimate Metabolic Support - Foodie\",\"isPartOf\":{\"@id\":\"https:\/\/www.foodie.nl\/fr\/#website\"},\"primaryImageOfPage\":{\"@id\":\"https:\/\/www.foodie.nl\/fr\/produit\/3x-ultimate-metabolic-support-kopie\/#primaryimage\"},\"image\":{\"@id\":\"https:\/\/www.foodie.nl\/fr\/produit\/3x-ultimate-metabolic-support-kopie\/#primaryimage\"},\"thumbnailUrl\":\"https:\/\/www.foodie.nl\/app\/uploads\/2026\/02\/BOGO-producten-2026-02-20T131558.520.png\",\"datePublished\":\"2025-08-07T11:35:09+00:00\",\"dateModified\":\"2025-09-29T15:04:45+00:00\",\"description\":\"Ultimate Metabolic Support est une formule r\u00e9volutionnaire con\u00e7ue pour maintenir une glyc\u00e9mie \u00e9quilibr\u00e9e, r\u00e9duire l\u2019absorption du sucre, stimuler la combustion des graisses et maintenir un niveau d\u2019\u00e9nergie stable tout au long de la journ\u00e9e. Gr\u00e2ce \u00e0 une combinaison unique de 5 extraits de plantes et min\u00e9raux naturels, cliniquement \u00e9tudi\u00e9s, cette formule aide non seulement \u00e0 r\u00e9guler l\u2019absorption et le m\u00e9tabolisme des sucres, mais agit \u00e9galement contre les envies de sucre et les baisses d\u2019\u00e9nergie. Elle associe: Reducose\u00ae, extrait de melon amer (10:1), Gymnema Sylvestre, extrait de th\u00e9 vert (50 % EGCG) et chrome. Reducose\u00ae est une marque d\u00e9pos\u00e9e de Phynova.\",\"breadcrumb\":{\"@id\":\"https:\/\/www.foodie.nl\/fr\/produit\/3x-ultimate-metabolic-support-kopie\/#breadcrumb\"},\"inLanguage\":\"fr-FR\",\"potentialAction\":[{\"@type\":\"ReadAction\",\"target\":[\"https:\/\/www.foodie.nl\/fr\/produit\/3x-ultimate-metabolic-support-kopie\/\"]}]},{\"@type\":\"ImageObject\",\"inLanguage\":\"fr-FR\",\"@id\":\"https:\/\/www.foodie.nl\/fr\/produit\/3x-ultimate-metabolic-support-kopie\/#primaryimage\",\"url\":\"https:\/\/www.foodie.nl\/app\/uploads\/2026\/02\/BOGO-producten-2026-02-20T131558.520.png\",\"contentUrl\":\"https:\/\/www.foodie.nl\/app\/uploads\/2026\/02\/BOGO-producten-2026-02-20T131558.520.png\",\"width\":1600,\"height\":1600},{\"@type\":\"BreadcrumbList\",\"@id\":\"https:\/\/www.foodie.nl\/fr\/produit\/3x-ultimate-metabolic-support-kopie\/#breadcrumb\",\"itemListElement\":[{\"@type\":\"ListItem\",\"position\":1,\"name\":\"Home\",\"item\":\"https:\/\/www.foodie.nl\/fr\/\"},{\"@type\":\"ListItem\",\"position\":2,\"name\":\"Produits\",\"item\":\"https:\/\/www.foodie.nl\/fr\/shop\/\"},{\"@type\":\"ListItem\",\"position\":3,\"name\":\"2+1 gratuit Ultimate Metabolic Support\"}]},{\"@type\":\"WebSite\",\"@id\":\"https:\/\/www.foodie.nl\/fr\/#website\",\"url\":\"https:\/\/www.foodie.nl\/fr\/\",\"name\":\"Foodie\",\"description\":\"Elke Hap Telt\",\"publisher\":{\"@id\":\"https:\/\/www.foodie.nl\/fr\/#organization\"},\"potentialAction\":[{\"@type\":\"SearchAction\",\"target\":{\"@type\":\"EntryPoint\",\"urlTemplate\":\"https:\/\/www.foodie.nl\/fr\/?s={search_term_string}\"},\"query-input\":{\"@type\":\"PropertyValueSpecification\",\"valueRequired\":true,\"valueName\":\"search_term_string\"}}],\"inLanguage\":\"fr-FR\"},{\"@type\":\"Organization\",\"@id\":\"https:\/\/www.foodie.nl\/fr\/#organization\",\"name\":\"Foodie\",\"url\":\"https:\/\/www.foodie.nl\/fr\/\",\"logo\":{\"@type\":\"ImageObject\",\"inLanguage\":\"fr-FR\",\"@id\":\"https:\/\/www.foodie.nl\/fr\/#\/schema\/logo\/image\/\",\"url\":\"https:\/\/www.foodie.nl\/app\/uploads\/2025\/01\/logo-foodie-wide@2x.png\",\"contentUrl\":\"https:\/\/www.foodie.nl\/app\/uploads\/2025\/01\/logo-foodie-wide@2x.png\",\"width\":236,\"height\":128,\"caption\":\"Foodie\"},\"image\":{\"@id\":\"https:\/\/www.foodie.nl\/fr\/#\/schema\/logo\/image\/\"}}]}<\/script>\n<!-- \/ Yoast SEO plugin. -->","yoast_head_json":{"title":"2+1 gratuit Ultimate Metabolic Support - Foodie","description":"Ultimate Metabolic Support est une formule r\u00e9volutionnaire con\u00e7ue pour maintenir une glyc\u00e9mie \u00e9quilibr\u00e9e, r\u00e9duire l\u2019absorption du sucre, stimuler la combustion des graisses et maintenir un niveau d\u2019\u00e9nergie stable tout au long de la journ\u00e9e. Gr\u00e2ce \u00e0 une combinaison unique de 5 extraits de plantes et min\u00e9raux naturels, cliniquement \u00e9tudi\u00e9s, cette formule aide non seulement \u00e0 r\u00e9guler l\u2019absorption et le m\u00e9tabolisme des sucres, mais agit \u00e9galement contre les envies de sucre et les baisses d\u2019\u00e9nergie. Elle associe: Reducose\u00ae, extrait de melon amer (10:1), Gymnema Sylvestre, extrait de th\u00e9 vert (50 % EGCG) et chrome. Reducose\u00ae est une marque d\u00e9pos\u00e9e de Phynova.","robots":{"index":"noindex","follow":"nofollow"},"og_locale":"fr_FR","og_type":"article","og_title":"2+1 gratuit Ultimate Metabolic Support - Foodie","og_description":"Ultimate Metabolic Support est une formule r\u00e9volutionnaire con\u00e7ue pour maintenir une glyc\u00e9mie \u00e9quilibr\u00e9e, r\u00e9duire l\u2019absorption du sucre, stimuler la combustion des graisses et maintenir un niveau d\u2019\u00e9nergie stable tout au long de la journ\u00e9e. Gr\u00e2ce \u00e0 une combinaison unique de 5 extraits de plantes et min\u00e9raux naturels, cliniquement \u00e9tudi\u00e9s, cette formule aide non seulement \u00e0 r\u00e9guler l\u2019absorption et le m\u00e9tabolisme des sucres, mais agit \u00e9galement contre les envies de sucre et les baisses d\u2019\u00e9nergie. Elle associe: Reducose\u00ae, extrait de melon amer (10:1), Gymnema Sylvestre, extrait de th\u00e9 vert (50 % EGCG) et chrome. Reducose\u00ae est une marque d\u00e9pos\u00e9e de Phynova.","og_url":"https:\/\/www.foodie.nl\/fr\/produit\/3x-ultimate-metabolic-support-kopie\/","og_site_name":"Foodie","article_modified_time":"2025-09-29T15:04:45+00:00","og_image":[{"width":1600,"height":1600,"url":"https:\/\/www.foodie.nl\/app\/uploads\/2026\/02\/BOGO-producten-2026-02-20T131558.520.png","type":"image\/png"}],"twitter_card":"summary_large_image","twitter_misc":{"Dur\u00e9e de lecture estim\u00e9e":"2 minutes"},"schema":{"@context":"https:\/\/schema.org","@graph":[{"@type":"WebPage","@id":"https:\/\/www.foodie.nl\/fr\/produit\/3x-ultimate-metabolic-support-kopie\/","url":"https:\/\/www.foodie.nl\/fr\/produit\/3x-ultimate-metabolic-support-kopie\/","name":"2+1 gratuit Ultimate Metabolic Support - Foodie","isPartOf":{"@id":"https:\/\/www.foodie.nl\/fr\/#website"},"primaryImageOfPage":{"@id":"https:\/\/www.foodie.nl\/fr\/produit\/3x-ultimate-metabolic-support-kopie\/#primaryimage"},"image":{"@id":"https:\/\/www.foodie.nl\/fr\/produit\/3x-ultimate-metabolic-support-kopie\/#primaryimage"},"thumbnailUrl":"https:\/\/www.foodie.nl\/app\/uploads\/2026\/02\/BOGO-producten-2026-02-20T131558.520.png","datePublished":"2025-08-07T11:35:09+00:00","dateModified":"2025-09-29T15:04:45+00:00","description":"Ultimate Metabolic Support est une formule r\u00e9volutionnaire con\u00e7ue pour maintenir une glyc\u00e9mie \u00e9quilibr\u00e9e, r\u00e9duire l\u2019absorption du sucre, stimuler la combustion des graisses et maintenir un niveau d\u2019\u00e9nergie stable tout au long de la journ\u00e9e. Gr\u00e2ce \u00e0 une combinaison unique de 5 extraits de plantes et min\u00e9raux naturels, cliniquement \u00e9tudi\u00e9s, cette formule aide non seulement \u00e0 r\u00e9guler l\u2019absorption et le m\u00e9tabolisme des sucres, mais agit \u00e9galement contre les envies de sucre et les baisses d\u2019\u00e9nergie. Elle associe: Reducose\u00ae, extrait de melon amer (10:1), Gymnema Sylvestre, extrait de th\u00e9 vert (50 % EGCG) et chrome. Reducose\u00ae est une marque d\u00e9pos\u00e9e de Phynova.","breadcrumb":{"@id":"https:\/\/www.foodie.nl\/fr\/produit\/3x-ultimate-metabolic-support-kopie\/#breadcrumb"},"inLanguage":"fr-FR","potentialAction":[{"@type":"ReadAction","target":["https:\/\/www.foodie.nl\/fr\/produit\/3x-ultimate-metabolic-support-kopie\/"]}]},{"@type":"ImageObject","inLanguage":"fr-FR","@id":"https:\/\/www.foodie.nl\/fr\/produit\/3x-ultimate-metabolic-support-kopie\/#primaryimage","url":"https:\/\/www.foodie.nl\/app\/uploads\/2026\/02\/BOGO-producten-2026-02-20T131558.520.png","contentUrl":"https:\/\/www.foodie.nl\/app\/uploads\/2026\/02\/BOGO-producten-2026-02-20T131558.520.png","width":1600,"height":1600},{"@type":"BreadcrumbList","@id":"https:\/\/www.foodie.nl\/fr\/produit\/3x-ultimate-metabolic-support-kopie\/#breadcrumb","itemListElement":[{"@type":"ListItem","position":1,"name":"Home","item":"https:\/\/www.foodie.nl\/fr\/"},{"@type":"ListItem","position":2,"name":"Produits","item":"https:\/\/www.foodie.nl\/fr\/shop\/"},{"@type":"ListItem","position":3,"name":"2+1 gratuit Ultimate Metabolic Support"}]},{"@type":"WebSite","@id":"https:\/\/www.foodie.nl\/fr\/#website","url":"https:\/\/www.foodie.nl\/fr\/","name":"Foodie","description":"Elke Hap Telt","publisher":{"@id":"https:\/\/www.foodie.nl\/fr\/#organization"},"potentialAction":[{"@type":"SearchAction","target":{"@type":"EntryPoint","urlTemplate":"https:\/\/www.foodie.nl\/fr\/?s={search_term_string}"},"query-input":{"@type":"PropertyValueSpecification","valueRequired":true,"valueName":"search_term_string"}}],"inLanguage":"fr-FR"},{"@type":"Organization","@id":"https:\/\/www.foodie.nl\/fr\/#organization","name":"Foodie","url":"https:\/\/www.foodie.nl\/fr\/","logo":{"@type":"ImageObject","inLanguage":"fr-FR","@id":"https:\/\/www.foodie.nl\/fr\/#\/schema\/logo\/image\/","url":"https:\/\/www.foodie.nl\/app\/uploads\/2025\/01\/logo-foodie-wide@2x.png","contentUrl":"https:\/\/www.foodie.nl\/app\/uploads\/2025\/01\/logo-foodie-wide@2x.png","width":236,"height":128,"caption":"Foodie"},"image":{"@id":"https:\/\/www.foodie.nl\/fr\/#\/schema\/logo\/image\/"}}]}},"_links":{"self":[{"href":"https:\/\/www.foodie.nl\/fr\/wp-json\/wp\/v2\/product\/1168274","targetHints":{"allow":["GET"]}}],"collection":[{"href":"https:\/\/www.foodie.nl\/fr\/wp-json\/wp\/v2\/product"}],"about":[{"href":"https:\/\/www.foodie.nl\/fr\/wp-json\/wp\/v2\/types\/product"}],"wp:featuredmedia":[{"embeddable":true,"href":"https:\/\/www.foodie.nl\/fr\/wp-json\/wp\/v2\/media\/1188592"}],"wp:attachment":[{"href":"https:\/\/www.foodie.nl\/fr\/wp-json\/wp\/v2\/media?parent=1168274"}],"wp:term":[{"taxonomy":"product_brand","embeddable":true,"href":"https:\/\/www.foodie.nl\/fr\/wp-json\/wp\/v2\/product_brand?post=1168274"},{"taxonomy":"product_cat","embeddable":true,"href":"https:\/\/www.foodie.nl\/fr\/wp-json\/wp\/v2\/product_cat?post=1168274"},{"taxonomy":"product_tag","embeddable":true,"href":"https:\/\/www.foodie.nl\/fr\/wp-json\/wp\/v2\/product_tag?post=1168274"}],"curies":[{"name":"wp","href":"https:\/\/api.w.org\/{rel}","templated":true}]}}